{"id":96399,"date":"2026-03-26T11:30:06","date_gmt":"2026-03-26T09:30:06","guid":{"rendered":"https:\/\/kidsplay.lt\/produktas\/woopie-3d-montessori-magnetines-konstravimo-kaladeles\/"},"modified":"2026-04-07T09:31:36","modified_gmt":"2026-04-07T06:31:36","slug":"woopie-3d-montessori-magnetines-konstravimo-kaladeles","status":"publish","type":"product","link":"https:\/\/kidsplay.lt\/lv\/products\/woopie-3d-montessori-magnetines-konstravimo-kaladeles\/","title":{"rendered":"WOOPIE 3D Montessori magn\u0113tiskie celtniec\u012bbas bloki"},"content":{"rendered":"<p>Pakelkite konstravim\u0105 \u012f kit\u0105 lyg\u012f su WOOPIE magnetini\u0173 kalad\u0117li\u0173 rinkiniu! \u0160ie auk\u0161tos kokyb\u0117s, spalvingi produktai suteiks j\u016bs\u0173 vaikui begal\u0119 valand\u0173 smagaus \u017eaidimo. Jaunajam statytojui tereikia sujungti detales ir prad\u0117ti kurti sud\u0117tingas konstrukcijas bei \u012fvairias formas. Vienintel\u0117 riba \u2013 vaizduot\u0117. Statant su kalad\u0117l\u0117mis lavinamas k\u016brybi\u0161kumas, smulkioji motorika, erdvinis suvokimas ir koncentracija.<br \/>\nSTATYBA BE RIB\u0172 \u2013 su \u0161iomis spalvingomis 3D magnetin\u0117mis kalad\u0117l\u0117mis j\u016bs\u0173 vaiko k\u016bryba neturi rib\u0173! Galima semtis id\u0117j\u0173 i\u0161 instrukcij\u0173 arba kurti visi\u0161kai unikalius statinius i\u0161 daugyb\u0117s skirting\u0173 detali\u0173. Kalad\u0117l\u0117s pasi\u017eymi lengvu jungimu \u012fvairiais kampais, o stipr\u016bs magnetai, integruoti kiekvienoje detal\u0117je, leid\u017eia tvirtai sujungti elementus \u012f \u012fvairias formas. Jas galima d\u0117lioti plok\u0161\u010diai (takeliams, \u201egyvat\u0117ms\u201c ir pan.) arba erdvi\u0161kai \u2013 kuriant \u012fvairias 3D konstrukcijas.<br \/>\nRaksturojums:<\/p>\n<p>\u017eaislas skirtas vaikams nuo 3 met\u0173<\/p>\n<p>rinkinyje 28 kalad\u0117l\u0117s, talpus mai\u0161elis su virvele ir instrukcija su pavyzd\u017eiais<\/p>\n<p>neribotos galimyb\u0117s kurti \u012fvairias konstrukcijas<\/p>\n<p>magnetai lengvai traukia vienas kit\u0105 ir leid\u017eia statyti tvirtas konstrukcijas<\/p>\n<p>lengva surinkti ir i\u0161ardyti<\/p>\n<p>patogi ir patvari d\u0117\u017e\u0117<\/p>\n<p>\u017daislas lavina:<\/p>\n<p>rank\u0173 miklum\u0105 \u2013 lavina smulki\u0105j\u0105 motorik\u0105 per tikslius judesius<\/p>\n<p>vaizduot\u0119 ir k\u016brybi\u0161kum\u0105 \u2013 skatina kurti ir eksperimentuoti<\/p>\n<p>sensorinius poj\u016b\u010dius<\/p>\n<p>koncentracij\u0105 \u2013 padeda susikaupti statant konstrukcijas<\/p>\n<p>fizikos pagrindus \u2013 leid\u017eia suprasti magnet\u0173 traukos ir atst\u016bmimo principus<\/p>\n<p>Rinkin\u012f sudaro (28 detal\u0117s):<\/p>\n<p>6 trikampiai<\/p>\n<p>12 piln\u0173 kvadrat\u0173<\/p>\n<p>4 kvadratai be u\u017epildo<\/p>\n<p>2 auk\u0161ti trikampiai<\/p>\n<p>2 plat\u016bs trikampiai<\/p>\n<p>2 sta\u010diakampiai<\/p>\n<p>instrukcija \u2013 su 16 pavyzdini\u0173 konstrukcij\u0173 ir papildomomis id\u0117jomis didesniems rinkiniams<\/p>","protected":false},"excerpt":{"rendered":"<p>Pakelkite konstravim\u0105 \u012f kit\u0105 lyg\u012f su WOOPIE magnetini\u0173 kalad\u0117li\u0173 rinkiniu! \u0160ie auk\u0161tos kokyb\u0117s, spalvingi produktai suteiks j\u016bs\u0173 vaikui begal\u0119 valand\u0173<\/p>","protected":false},"featured_media":96401,"template":"","meta":{"_acf_changed":false,"_glsr_average":0,"_glsr_ranking":0,"_glsr_reviews":0},"product_brand":[],"product_cat":[446,229],"product_tag":[],"class_list":{"0":"post-96399","1":"product","2":"type-product","3":"status-publish","4":"has-post-thumbnail","6":"product_cat-konstruktoriai","7":"product_cat-zaislai-vaikams","8":"\"style=\"background-color: #2ecc711c;\"","10":"first","11":"instock","12":"purchasable","13":"product-type-simple"},"acf":[],"yoast_head":"<!-- This site is optimized with the Yoast SEO plugin v27.3 - https:\/\/yoast.com\/product\/yoast-seo-wordpress\/ -->\n<title>WOOPIE 3D Montessori magnetin\u0117s konstravimo kalad\u0117l\u0117s<\/title>\n<meta name=\"description\" content=\"WOOPIE 3D Montessori magnetin\u0117s konstravimo kalad\u0117l\u0117s - KidsPlay. Did\u017eiausias vaik\u0173 \u017eaisl\u0173 pasirinkimas.\" \/>\n<meta name=\"robots\" content=\"index, follow, max-snippet:-1, max-image-preview:large, max-video-preview:-1\" \/>\n<link rel=\"canonical\" href=\"https:\/\/kidsplay.lt\/lv\/products\/woopie-3d-montessori-magnetines-konstravimo-kaladeles\/\" \/>\n<meta property=\"og:locale\" content=\"lv_LV\" \/>\n<meta property=\"og:type\" content=\"article\" \/>\n<meta property=\"og:title\" content=\"WOOPIE 3D Montessori magnetin\u0117s konstravimo kalad\u0117l\u0117s\" \/>\n<meta property=\"og:description\" content=\"WOOPIE 3D Montessori magnetin\u0117s konstravimo kalad\u0117l\u0117s - KidsPlay. Did\u017eiausias vaik\u0173 \u017eaisl\u0173 pasirinkimas.\" \/>\n<meta property=\"og:url\" content=\"https:\/\/kidsplay.lt\/lv\/products\/woopie-3d-montessori-magnetines-konstravimo-kaladeles\/\" \/>\n<meta property=\"og:site_name\" content=\"KidsPlay\" \/>\n<meta property=\"article:publisher\" content=\"https:\/\/www.facebook.com\/www.kidsplay.lt\" \/>\n<meta property=\"article:modified_time\" content=\"2026-04-07T06:31:36+00:00\" \/>\n<meta property=\"og:image\" content=\"https:\/\/kidsplay.lt\/wp-content\/uploads\/2026\/03\/WOOPIE-3D-Montessori-magnetines-konstravimo-kaladeles.jpg\" \/>\n\t<meta property=\"og:image:width\" content=\"2560\" \/>\n\t<meta property=\"og:image:height\" content=\"2560\" \/>\n\t<meta property=\"og:image:type\" content=\"image\/jpeg\" \/>\n<meta name=\"twitter:card\" content=\"summary_large_image\" \/>\n<meta name=\"twitter:label1\" content=\"Est. reading time\" \/>\n\t<meta name=\"twitter:data1\" content=\"1 min\u016bte\" \/>\n<script type=\"application\/ld+json\" class=\"yoast-schema-graph\">{\"@context\":\"https:\\\/\\\/schema.org\",\"@graph\":[{\"@type\":\"WebPage\",\"@id\":\"https:\\\/\\\/kidsplay.lt\\\/produktas\\\/woopie-3d-montessori-magnetines-konstravimo-kaladeles\\\/\",\"url\":\"https:\\\/\\\/kidsplay.lt\\\/produktas\\\/woopie-3d-montessori-magnetines-konstravimo-kaladeles\\\/\",\"name\":\"WOOPIE 3D Montessori magnetin\u0117s konstravimo kalad\u0117l\u0117s\",\"isPartOf\":{\"@id\":\"https:\\\/\\\/kidsplay.lt\\\/#website\"},\"primaryImageOfPage\":{\"@id\":\"https:\\\/\\\/kidsplay.lt\\\/produktas\\\/woopie-3d-montessori-magnetines-konstravimo-kaladeles\\\/#primaryimage\"},\"image\":{\"@id\":\"https:\\\/\\\/kidsplay.lt\\\/produktas\\\/woopie-3d-montessori-magnetines-konstravimo-kaladeles\\\/#primaryimage\"},\"thumbnailUrl\":\"https:\\\/\\\/kidsplay.lt\\\/wp-content\\\/uploads\\\/2026\\\/03\\\/WOOPIE-3D-Montessori-magnetines-konstravimo-kaladeles.jpg\",\"datePublished\":\"2026-03-26T09:30:06+00:00\",\"dateModified\":\"2026-04-07T06:31:36+00:00\",\"description\":\"WOOPIE 3D Montessori magnetin\u0117s konstravimo kalad\u0117l\u0117s - KidsPlay. Did\u017eiausias vaik\u0173 \u017eaisl\u0173 pasirinkimas.\",\"breadcrumb\":{\"@id\":\"https:\\\/\\\/kidsplay.lt\\\/produktas\\\/woopie-3d-montessori-magnetines-konstravimo-kaladeles\\\/#breadcrumb\"},\"inLanguage\":\"lv-LV\",\"potentialAction\":[{\"@type\":\"ReadAction\",\"target\":[\"https:\\\/\\\/kidsplay.lt\\\/produktas\\\/woopie-3d-montessori-magnetines-konstravimo-kaladeles\\\/\"]}]},{\"@type\":\"ImageObject\",\"inLanguage\":\"lv-LV\",\"@id\":\"https:\\\/\\\/kidsplay.lt\\\/produktas\\\/woopie-3d-montessori-magnetines-konstravimo-kaladeles\\\/#primaryimage\",\"url\":\"https:\\\/\\\/kidsplay.lt\\\/wp-content\\\/uploads\\\/2026\\\/03\\\/WOOPIE-3D-Montessori-magnetines-konstravimo-kaladeles.jpg\",\"contentUrl\":\"https:\\\/\\\/kidsplay.lt\\\/wp-content\\\/uploads\\\/2026\\\/03\\\/WOOPIE-3D-Montessori-magnetines-konstravimo-kaladeles.jpg\",\"width\":2560,\"height\":2560,\"caption\":\"WOOPIE 3D Montessori magnetin\u0117s konstravimo kalad\u0117l\u0117s\"},{\"@type\":\"BreadcrumbList\",\"@id\":\"https:\\\/\\\/kidsplay.lt\\\/produktas\\\/woopie-3d-montessori-magnetines-konstravimo-kaladeles\\\/#breadcrumb\",\"itemListElement\":[{\"@type\":\"ListItem\",\"position\":1,\"name\":\"Pagrindinis\",\"item\":\"https:\\\/\\\/kidsplay.lt\\\/\"},{\"@type\":\"ListItem\",\"position\":2,\"name\":\"Parduotuv\u0117\",\"item\":\"https:\\\/\\\/kidsplay.lt\\\/parduotuve\\\/\"},{\"@type\":\"ListItem\",\"position\":3,\"name\":\"WOOPIE 3D Montessori magnetin\u0117s konstravimo kalad\u0117l\u0117s\"}]},{\"@type\":\"WebSite\",\"@id\":\"https:\\\/\\\/kidsplay.lt\\\/#website\",\"url\":\"https:\\\/\\\/kidsplay.lt\\\/\",\"name\":\"Kidsplay.lt\",\"description\":\"\u012evairios prek\u0117s vaikams\",\"publisher\":{\"@id\":\"https:\\\/\\\/kidsplay.lt\\\/#organization\"},\"alternateName\":\"Kidsplay\",\"potentialAction\":[{\"@type\":\"SearchAction\",\"target\":{\"@type\":\"EntryPoint\",\"urlTemplate\":\"https:\\\/\\\/kidsplay.lt\\\/?s={search_term_string}\"},\"query-input\":{\"@type\":\"PropertyValueSpecification\",\"valueRequired\":true,\"valueName\":\"search_term_string\"}}],\"inLanguage\":\"lv-LV\"},{\"@type\":\"Organization\",\"@id\":\"https:\\\/\\\/kidsplay.lt\\\/#organization\",\"name\":\"KidsPlay\",\"url\":\"https:\\\/\\\/kidsplay.lt\\\/\",\"logo\":{\"@type\":\"ImageObject\",\"inLanguage\":\"lv-LV\",\"@id\":\"https:\\\/\\\/kidsplay.lt\\\/#\\\/schema\\\/logo\\\/image\\\/\",\"url\":\"https:\\\/\\\/kidsplay.lt\\\/wp-content\\\/uploads\\\/2023\\\/07\\\/kidsplay-logo.png\",\"contentUrl\":\"https:\\\/\\\/kidsplay.lt\\\/wp-content\\\/uploads\\\/2023\\\/07\\\/kidsplay-logo.png\",\"width\":451,\"height\":98,\"caption\":\"KidsPlay\"},\"image\":{\"@id\":\"https:\\\/\\\/kidsplay.lt\\\/#\\\/schema\\\/logo\\\/image\\\/\"},\"sameAs\":[\"https:\\\/\\\/www.facebook.com\\\/www.kidsplay.lt\"]}]}<\/script>\n<!-- \/ Yoast SEO plugin. -->","yoast_head_json":{"title":"WOOPIE 3D Montessori magn\u0113tiskie celtniec\u012bbas bloki","description":"WOOPIE 3D Montessori magnetin\u0117s konstravimo kalad\u0117l\u0117s - KidsPlay. Did\u017eiausias vaik\u0173 \u017eaisl\u0173 pasirinkimas.","robots":{"index":"index","follow":"follow","max-snippet":"max-snippet:-1","max-image-preview":"max-image-preview:large","max-video-preview":"max-video-preview:-1"},"canonical":"https:\/\/kidsplay.lt\/lv\/products\/woopie-3d-montessori-magnetines-konstravimo-kaladeles\/","og_locale":"lv_LV","og_type":"article","og_title":"WOOPIE 3D Montessori magnetin\u0117s konstravimo kalad\u0117l\u0117s","og_description":"WOOPIE 3D Montessori magnetin\u0117s konstravimo kalad\u0117l\u0117s - KidsPlay. Did\u017eiausias vaik\u0173 \u017eaisl\u0173 pasirinkimas.","og_url":"https:\/\/kidsplay.lt\/lv\/products\/woopie-3d-montessori-magnetines-konstravimo-kaladeles\/","og_site_name":"KidsPlay","article_publisher":"https:\/\/www.facebook.com\/www.kidsplay.lt","article_modified_time":"2026-04-07T06:31:36+00:00","og_image":[{"width":2560,"height":2560,"url":"https:\/\/kidsplay.lt\/wp-content\/uploads\/2026\/03\/WOOPIE-3D-Montessori-magnetines-konstravimo-kaladeles.jpg","type":"image\/jpeg"}],"twitter_card":"summary_large_image","twitter_misc":{"Est. reading time":"1 min\u016bte"},"schema":{"@context":"https:\/\/schema.org","@graph":[{"@type":"WebPage","@id":"https:\/\/kidsplay.lt\/produktas\/woopie-3d-montessori-magnetines-konstravimo-kaladeles\/","url":"https:\/\/kidsplay.lt\/produktas\/woopie-3d-montessori-magnetines-konstravimo-kaladeles\/","name":"WOOPIE 3D Montessori magn\u0113tiskie celtniec\u012bbas bloki","isPartOf":{"@id":"https:\/\/kidsplay.lt\/#website"},"primaryImageOfPage":{"@id":"https:\/\/kidsplay.lt\/produktas\/woopie-3d-montessori-magnetines-konstravimo-kaladeles\/#primaryimage"},"image":{"@id":"https:\/\/kidsplay.lt\/produktas\/woopie-3d-montessori-magnetines-konstravimo-kaladeles\/#primaryimage"},"thumbnailUrl":"https:\/\/kidsplay.lt\/wp-content\/uploads\/2026\/03\/WOOPIE-3D-Montessori-magnetines-konstravimo-kaladeles.jpg","datePublished":"2026-03-26T09:30:06+00:00","dateModified":"2026-04-07T06:31:36+00:00","description":"WOOPIE 3D Montessori magnetin\u0117s konstravimo kalad\u0117l\u0117s - KidsPlay. Did\u017eiausias vaik\u0173 \u017eaisl\u0173 pasirinkimas.","breadcrumb":{"@id":"https:\/\/kidsplay.lt\/produktas\/woopie-3d-montessori-magnetines-konstravimo-kaladeles\/#breadcrumb"},"inLanguage":"lv-LV","potentialAction":[{"@type":"ReadAction","target":["https:\/\/kidsplay.lt\/produktas\/woopie-3d-montessori-magnetines-konstravimo-kaladeles\/"]}]},{"@type":"ImageObject","inLanguage":"lv-LV","@id":"https:\/\/kidsplay.lt\/produktas\/woopie-3d-montessori-magnetines-konstravimo-kaladeles\/#primaryimage","url":"https:\/\/kidsplay.lt\/wp-content\/uploads\/2026\/03\/WOOPIE-3D-Montessori-magnetines-konstravimo-kaladeles.jpg","contentUrl":"https:\/\/kidsplay.lt\/wp-content\/uploads\/2026\/03\/WOOPIE-3D-Montessori-magnetines-konstravimo-kaladeles.jpg","width":2560,"height":2560,"caption":"WOOPIE 3D Montessori magnetin\u0117s konstravimo kalad\u0117l\u0117s"},{"@type":"BreadcrumbList","@id":"https:\/\/kidsplay.lt\/produktas\/woopie-3d-montessori-magnetines-konstravimo-kaladeles\/#breadcrumb","itemListElement":[{"@type":"ListItem","position":1,"name":"Pagrindinis","item":"https:\/\/kidsplay.lt\/"},{"@type":"ListItem","position":2,"name":"Parduotuv\u0117","item":"https:\/\/kidsplay.lt\/parduotuve\/"},{"@type":"ListItem","position":3,"name":"WOOPIE 3D Montessori magnetin\u0117s konstravimo kalad\u0117l\u0117s"}]},{"@type":"WebSite","@id":"https:\/\/kidsplay.lt\/#website","url":"https:\/\/kidsplay.lt\/","name":"B\u0113rnu sp\u0113les.lv","description":"\u012evairios prek\u0117s vaikams","publisher":{"@id":"https:\/\/kidsplay.lt\/#organization"},"alternateName":"Kidsplay","potentialAction":[{"@type":"SearchAction","target":{"@type":"EntryPoint","urlTemplate":"https:\/\/kidsplay.lt\/?s={search_term_string}"},"query-input":{"@type":"PropertyValueSpecification","valueRequired":true,"valueName":"search_term_string"}}],"inLanguage":"lv-LV"},{"@type":"Organization","@id":"https:\/\/kidsplay.lt\/#organization","name":"B\u0113rnu sp\u0113le","url":"https:\/\/kidsplay.lt\/","logo":{"@type":"ImageObject","inLanguage":"lv-LV","@id":"https:\/\/kidsplay.lt\/#\/schema\/logo\/image\/","url":"https:\/\/kidsplay.lt\/wp-content\/uploads\/2023\/07\/kidsplay-logo.png","contentUrl":"https:\/\/kidsplay.lt\/wp-content\/uploads\/2023\/07\/kidsplay-logo.png","width":451,"height":98,"caption":"KidsPlay"},"image":{"@id":"https:\/\/kidsplay.lt\/#\/schema\/logo\/image\/"},"sameAs":["https:\/\/www.facebook.com\/www.kidsplay.lt"]}]}},"_links":{"self":[{"href":"https:\/\/kidsplay.lt\/lv\/wp-json\/wp\/v2\/product\/96399","targetHints":{"allow":["GET"]}}],"collection":[{"href":"https:\/\/kidsplay.lt\/lv\/wp-json\/wp\/v2\/product"}],"about":[{"href":"https:\/\/kidsplay.lt\/lv\/wp-json\/wp\/v2\/types\/product"}],"version-history":[{"count":1,"href":"https:\/\/kidsplay.lt\/lv\/wp-json\/wp\/v2\/product\/96399\/revisions"}],"predecessor-version":[{"id":96400,"href":"https:\/\/kidsplay.lt\/lv\/wp-json\/wp\/v2\/product\/96399\/revisions\/96400"}],"wp:featuredmedia":[{"embeddable":true,"href":"https:\/\/kidsplay.lt\/lv\/wp-json\/wp\/v2\/media\/96401"}],"wp:attachment":[{"href":"https:\/\/kidsplay.lt\/lv\/wp-json\/wp\/v2\/media?parent=96399"}],"wp:term":[{"taxonomy":"product_brand","embeddable":true,"href":"https:\/\/kidsplay.lt\/lv\/wp-json\/wp\/v2\/product_brand?post=96399"},{"taxonomy":"product_cat","embeddable":true,"href":"https:\/\/kidsplay.lt\/lv\/wp-json\/wp\/v2\/product_cat?post=96399"},{"taxonomy":"product_tag","embeddable":true,"href":"https:\/\/kidsplay.lt\/lv\/wp-json\/wp\/v2\/product_tag?post=96399"}],"curies":[{"name":"wp","href":"https:\/\/api.w.org\/{rel}","templated":true}]}}