{"id":96413,"date":"2026-03-26T11:30:54","date_gmt":"2026-03-26T09:30:54","guid":{"rendered":"https:\/\/kidsplay.lt\/produktas\/woopie-tetris-kubo-delione-su-korteliu-rinkiniu\/"},"modified":"2026-04-13T13:51:04","modified_gmt":"2026-04-13T10:51:04","slug":"woopie-tetris-kubo-delione-su-korteliu-rinkiniu","status":"publish","type":"product","link":"https:\/\/kidsplay.lt\/lv\/products\/woopie-tetris-kubo-delione-su-korteliu-rinkiniu\/","title":{"rendered":"WOOPIE Tetris kubo d\u0117lion\u0117 su korteli\u0173 rinkiniu"},"content":{"rendered":"<p>Atraskite \u0161\u012f unikal\u0173 magnetini\u0173 3D \u201eTetris\u201c kubeli\u0173 rinkin\u012f, kuris puikiai lavina k\u016brybi\u0161kum\u0105, rank\u0173 miklum\u0105 ir login\u012f m\u0105stym\u0105. Rinkinyje yra 7 skirting\u0173 form\u0173 geometriniai magnetiniai kubeliai ir 54 dvipus\u0117s kortel\u0117s su u\u017eduotimis, kurios suteikia puik\u0173 i\u0161\u0161\u016bk\u012f protui. Tai ne tik smagus \u017eaidimas, bet ir apgalvota priemon\u0117, padedanti gerinti koncentracij\u0105, ma\u017einti stres\u0105 ir lavinti vaik\u0173 pa\u017eintinius geb\u0117jimus.<br \/>\nRaksturojums:<\/p>\n<p>\u017eaislas skirtas vaikams nuo 3 met\u0173<\/p>\n<p>7 skaidr\u016bs, spalvoti 3D kubeliai skirting\u0173 form\u0173<\/p>\n<p>puikiai tinka \u012fvairi\u0173 ra\u0161t\u0173 ir erdvini\u0173 form\u0173 d\u0117liojimui<\/p>\n<p>puikus protinis i\u0161\u0161\u016bkis, lavinantis kantryb\u0119 ir susikaupim\u0105<\/p>\n<p>Komplekte:<\/p>\n<p>7 geometriniai magnetiniai kubeliai<\/p>\n<p>54 dvipus\u0117s kortel\u0117s su pavyzd\u017eiais<\/p>\n<p>instrukcija ir id\u0117jos konstravimui<\/p>","protected":false},"excerpt":{"rendered":"<p>Atraskite \u0161\u012f unikal\u0173 magnetini\u0173 3D \u201eTetris\u201c kubeli\u0173 rinkin\u012f, kuris puikiai lavina k\u016brybi\u0161kum\u0105, rank\u0173 miklum\u0105 ir login\u012f m\u0105stym\u0105. Rinkinyje yra 7<\/p>","protected":false},"featured_media":96415,"template":"","meta":{"_acf_changed":false,"_glsr_average":0,"_glsr_ranking":0,"_glsr_reviews":0},"product_brand":[],"product_cat":[445,229],"product_tag":[],"class_list":{"0":"post-96413","1":"product","2":"type-product","3":"status-publish","4":"has-post-thumbnail","6":"product_cat-stalo-zaidimai","7":"product_cat-zaislai-vaikams","8":"\"style=\"background-color: #2ecc711c;\"","10":"first","11":"instock","12":"purchasable","13":"product-type-simple"},"acf":[],"yoast_head":"<!-- This site is optimized with the Yoast SEO plugin v27.4 - https:\/\/yoast.com\/product\/yoast-seo-wordpress\/ -->\n<title>WOOPIE Tetris kubo d\u0117lion\u0117 su korteli\u0173 rinkiniu<\/title>\n<meta name=\"description\" content=\"WOOPIE Tetris kubo d\u0117lion\u0117 su korteli\u0173 rinkiniu - KidsPlay. Did\u017eiausias vaik\u0173 \u017eaisl\u0173 pasirinkimas.\" \/>\n<meta name=\"robots\" content=\"index, follow, max-snippet:-1, max-image-preview:large, max-video-preview:-1\" \/>\n<link rel=\"canonical\" href=\"https:\/\/kidsplay.lt\/lv\/products\/woopie-tetris-kubo-delione-su-korteliu-rinkiniu\/\" \/>\n<meta property=\"og:locale\" content=\"lv_LV\" \/>\n<meta property=\"og:type\" content=\"article\" \/>\n<meta property=\"og:title\" content=\"WOOPIE Tetris kubo d\u0117lion\u0117 su korteli\u0173 rinkiniu\" \/>\n<meta property=\"og:description\" content=\"WOOPIE Tetris kubo d\u0117lion\u0117 su korteli\u0173 rinkiniu - KidsPlay. Did\u017eiausias vaik\u0173 \u017eaisl\u0173 pasirinkimas.\" \/>\n<meta property=\"og:url\" content=\"https:\/\/kidsplay.lt\/lv\/products\/woopie-tetris-kubo-delione-su-korteliu-rinkiniu\/\" \/>\n<meta property=\"og:site_name\" content=\"KidsPlay\" \/>\n<meta property=\"article:publisher\" content=\"https:\/\/www.facebook.com\/www.kidsplay.lt\" \/>\n<meta property=\"article:modified_time\" content=\"2026-04-13T10:51:04+00:00\" \/>\n<meta property=\"og:image\" content=\"https:\/\/kidsplay.lt\/wp-content\/uploads\/2026\/03\/WOOPIE-Tetris-kubo-delione-su-korteliu-rinkiniu.png\" \/>\n\t<meta property=\"og:image:width\" content=\"1100\" \/>\n\t<meta property=\"og:image:height\" content=\"1422\" \/>\n\t<meta property=\"og:image:type\" content=\"image\/png\" \/>\n<meta name=\"twitter:card\" content=\"summary_large_image\" \/>\n<meta name=\"twitter:label1\" content=\"Est. reading time\" \/>\n\t<meta name=\"twitter:data1\" content=\"1 min\u016bte\" \/>\n<script type=\"application\/ld+json\" class=\"yoast-schema-graph\">{\"@context\":\"https:\\\/\\\/schema.org\",\"@graph\":[{\"@type\":\"WebPage\",\"@id\":\"https:\\\/\\\/kidsplay.lt\\\/produktas\\\/woopie-tetris-kubo-delione-su-korteliu-rinkiniu\\\/\",\"url\":\"https:\\\/\\\/kidsplay.lt\\\/produktas\\\/woopie-tetris-kubo-delione-su-korteliu-rinkiniu\\\/\",\"name\":\"WOOPIE Tetris kubo d\u0117lion\u0117 su korteli\u0173 rinkiniu\",\"isPartOf\":{\"@id\":\"https:\\\/\\\/kidsplay.lt\\\/#website\"},\"primaryImageOfPage\":{\"@id\":\"https:\\\/\\\/kidsplay.lt\\\/produktas\\\/woopie-tetris-kubo-delione-su-korteliu-rinkiniu\\\/#primaryimage\"},\"image\":{\"@id\":\"https:\\\/\\\/kidsplay.lt\\\/produktas\\\/woopie-tetris-kubo-delione-su-korteliu-rinkiniu\\\/#primaryimage\"},\"thumbnailUrl\":\"https:\\\/\\\/kidsplay.lt\\\/wp-content\\\/uploads\\\/2026\\\/03\\\/WOOPIE-Tetris-kubo-delione-su-korteliu-rinkiniu.png\",\"datePublished\":\"2026-03-26T09:30:54+00:00\",\"dateModified\":\"2026-04-13T10:51:04+00:00\",\"description\":\"WOOPIE Tetris kubo d\u0117lion\u0117 su korteli\u0173 rinkiniu - KidsPlay. Did\u017eiausias vaik\u0173 \u017eaisl\u0173 pasirinkimas.\",\"breadcrumb\":{\"@id\":\"https:\\\/\\\/kidsplay.lt\\\/produktas\\\/woopie-tetris-kubo-delione-su-korteliu-rinkiniu\\\/#breadcrumb\"},\"inLanguage\":\"lv-LV\",\"potentialAction\":[{\"@type\":\"ReadAction\",\"target\":[\"https:\\\/\\\/kidsplay.lt\\\/produktas\\\/woopie-tetris-kubo-delione-su-korteliu-rinkiniu\\\/\"]}]},{\"@type\":\"ImageObject\",\"inLanguage\":\"lv-LV\",\"@id\":\"https:\\\/\\\/kidsplay.lt\\\/produktas\\\/woopie-tetris-kubo-delione-su-korteliu-rinkiniu\\\/#primaryimage\",\"url\":\"https:\\\/\\\/kidsplay.lt\\\/wp-content\\\/uploads\\\/2026\\\/03\\\/WOOPIE-Tetris-kubo-delione-su-korteliu-rinkiniu.png\",\"contentUrl\":\"https:\\\/\\\/kidsplay.lt\\\/wp-content\\\/uploads\\\/2026\\\/03\\\/WOOPIE-Tetris-kubo-delione-su-korteliu-rinkiniu.png\",\"width\":1100,\"height\":1422,\"caption\":\"WOOPIE Tetris kubo d\u0117lion\u0117 su korteli\u0173 rinkiniu\"},{\"@type\":\"BreadcrumbList\",\"@id\":\"https:\\\/\\\/kidsplay.lt\\\/produktas\\\/woopie-tetris-kubo-delione-su-korteliu-rinkiniu\\\/#breadcrumb\",\"itemListElement\":[{\"@type\":\"ListItem\",\"position\":1,\"name\":\"Pagrindinis\",\"item\":\"https:\\\/\\\/kidsplay.lt\\\/\"},{\"@type\":\"ListItem\",\"position\":2,\"name\":\"Parduotuv\u0117\",\"item\":\"https:\\\/\\\/kidsplay.lt\\\/parduotuve\\\/\"},{\"@type\":\"ListItem\",\"position\":3,\"name\":\"WOOPIE Tetris kubo d\u0117lion\u0117 su korteli\u0173 rinkiniu\"}]},{\"@type\":\"WebSite\",\"@id\":\"https:\\\/\\\/kidsplay.lt\\\/#website\",\"url\":\"https:\\\/\\\/kidsplay.lt\\\/\",\"name\":\"Kidsplay.lt\",\"description\":\"\u012evairios prek\u0117s vaikams\",\"publisher\":{\"@id\":\"https:\\\/\\\/kidsplay.lt\\\/#organization\"},\"alternateName\":\"Kidsplay\",\"potentialAction\":[{\"@type\":\"SearchAction\",\"target\":{\"@type\":\"EntryPoint\",\"urlTemplate\":\"https:\\\/\\\/kidsplay.lt\\\/?s={search_term_string}\"},\"query-input\":{\"@type\":\"PropertyValueSpecification\",\"valueRequired\":true,\"valueName\":\"search_term_string\"}}],\"inLanguage\":\"lv-LV\"},{\"@type\":\"Organization\",\"@id\":\"https:\\\/\\\/kidsplay.lt\\\/#organization\",\"name\":\"KidsPlay\",\"url\":\"https:\\\/\\\/kidsplay.lt\\\/\",\"logo\":{\"@type\":\"ImageObject\",\"inLanguage\":\"lv-LV\",\"@id\":\"https:\\\/\\\/kidsplay.lt\\\/#\\\/schema\\\/logo\\\/image\\\/\",\"url\":\"https:\\\/\\\/kidsplay.lt\\\/wp-content\\\/uploads\\\/2023\\\/07\\\/kidsplay-logo.png\",\"contentUrl\":\"https:\\\/\\\/kidsplay.lt\\\/wp-content\\\/uploads\\\/2023\\\/07\\\/kidsplay-logo.png\",\"width\":451,\"height\":98,\"caption\":\"KidsPlay\"},\"image\":{\"@id\":\"https:\\\/\\\/kidsplay.lt\\\/#\\\/schema\\\/logo\\\/image\\\/\"},\"sameAs\":[\"https:\\\/\\\/www.facebook.com\\\/www.kidsplay.lt\"]}]}<\/script>\n<!-- \/ Yoast SEO plugin. -->","yoast_head_json":{"title":"WOOPIE Tetris kubo d\u0117lion\u0117 su korteli\u0173 rinkiniu","description":"WOOPIE Tetris kubo d\u0117lion\u0117 su korteli\u0173 rinkiniu - KidsPlay. Did\u017eiausias vaik\u0173 \u017eaisl\u0173 pasirinkimas.","robots":{"index":"index","follow":"follow","max-snippet":"max-snippet:-1","max-image-preview":"max-image-preview:large","max-video-preview":"max-video-preview:-1"},"canonical":"https:\/\/kidsplay.lt\/lv\/products\/woopie-tetris-kubo-delione-su-korteliu-rinkiniu\/","og_locale":"lv_LV","og_type":"article","og_title":"WOOPIE Tetris kubo d\u0117lion\u0117 su korteli\u0173 rinkiniu","og_description":"WOOPIE Tetris kubo d\u0117lion\u0117 su korteli\u0173 rinkiniu - KidsPlay. Did\u017eiausias vaik\u0173 \u017eaisl\u0173 pasirinkimas.","og_url":"https:\/\/kidsplay.lt\/lv\/products\/woopie-tetris-kubo-delione-su-korteliu-rinkiniu\/","og_site_name":"KidsPlay","article_publisher":"https:\/\/www.facebook.com\/www.kidsplay.lt","article_modified_time":"2026-04-13T10:51:04+00:00","og_image":[{"width":1100,"height":1422,"url":"https:\/\/kidsplay.lt\/wp-content\/uploads\/2026\/03\/WOOPIE-Tetris-kubo-delione-su-korteliu-rinkiniu.png","type":"image\/png"}],"twitter_card":"summary_large_image","twitter_misc":{"Est. reading time":"1 min\u016bte"},"schema":{"@context":"https:\/\/schema.org","@graph":[{"@type":"WebPage","@id":"https:\/\/kidsplay.lt\/produktas\/woopie-tetris-kubo-delione-su-korteliu-rinkiniu\/","url":"https:\/\/kidsplay.lt\/produktas\/woopie-tetris-kubo-delione-su-korteliu-rinkiniu\/","name":"WOOPIE Tetris kubo d\u0117lion\u0117 su korteli\u0173 rinkiniu","isPartOf":{"@id":"https:\/\/kidsplay.lt\/#website"},"primaryImageOfPage":{"@id":"https:\/\/kidsplay.lt\/produktas\/woopie-tetris-kubo-delione-su-korteliu-rinkiniu\/#primaryimage"},"image":{"@id":"https:\/\/kidsplay.lt\/produktas\/woopie-tetris-kubo-delione-su-korteliu-rinkiniu\/#primaryimage"},"thumbnailUrl":"https:\/\/kidsplay.lt\/wp-content\/uploads\/2026\/03\/WOOPIE-Tetris-kubo-delione-su-korteliu-rinkiniu.png","datePublished":"2026-03-26T09:30:54+00:00","dateModified":"2026-04-13T10:51:04+00:00","description":"WOOPIE Tetris kubo d\u0117lion\u0117 su korteli\u0173 rinkiniu - KidsPlay. Did\u017eiausias vaik\u0173 \u017eaisl\u0173 pasirinkimas.","breadcrumb":{"@id":"https:\/\/kidsplay.lt\/produktas\/woopie-tetris-kubo-delione-su-korteliu-rinkiniu\/#breadcrumb"},"inLanguage":"lv-LV","potentialAction":[{"@type":"ReadAction","target":["https:\/\/kidsplay.lt\/produktas\/woopie-tetris-kubo-delione-su-korteliu-rinkiniu\/"]}]},{"@type":"ImageObject","inLanguage":"lv-LV","@id":"https:\/\/kidsplay.lt\/produktas\/woopie-tetris-kubo-delione-su-korteliu-rinkiniu\/#primaryimage","url":"https:\/\/kidsplay.lt\/wp-content\/uploads\/2026\/03\/WOOPIE-Tetris-kubo-delione-su-korteliu-rinkiniu.png","contentUrl":"https:\/\/kidsplay.lt\/wp-content\/uploads\/2026\/03\/WOOPIE-Tetris-kubo-delione-su-korteliu-rinkiniu.png","width":1100,"height":1422,"caption":"WOOPIE Tetris kubo d\u0117lion\u0117 su korteli\u0173 rinkiniu"},{"@type":"BreadcrumbList","@id":"https:\/\/kidsplay.lt\/produktas\/woopie-tetris-kubo-delione-su-korteliu-rinkiniu\/#breadcrumb","itemListElement":[{"@type":"ListItem","position":1,"name":"Pagrindinis","item":"https:\/\/kidsplay.lt\/"},{"@type":"ListItem","position":2,"name":"Parduotuv\u0117","item":"https:\/\/kidsplay.lt\/parduotuve\/"},{"@type":"ListItem","position":3,"name":"WOOPIE Tetris kubo d\u0117lion\u0117 su korteli\u0173 rinkiniu"}]},{"@type":"WebSite","@id":"https:\/\/kidsplay.lt\/#website","url":"https:\/\/kidsplay.lt\/","name":"B\u0113rnu sp\u0113les.lv","description":"\u012evairios prek\u0117s vaikams","publisher":{"@id":"https:\/\/kidsplay.lt\/#organization"},"alternateName":"Kidsplay","potentialAction":[{"@type":"SearchAction","target":{"@type":"EntryPoint","urlTemplate":"https:\/\/kidsplay.lt\/?s={search_term_string}"},"query-input":{"@type":"PropertyValueSpecification","valueRequired":true,"valueName":"search_term_string"}}],"inLanguage":"lv-LV"},{"@type":"Organization","@id":"https:\/\/kidsplay.lt\/#organization","name":"B\u0113rnu sp\u0113le","url":"https:\/\/kidsplay.lt\/","logo":{"@type":"ImageObject","inLanguage":"lv-LV","@id":"https:\/\/kidsplay.lt\/#\/schema\/logo\/image\/","url":"https:\/\/kidsplay.lt\/wp-content\/uploads\/2023\/07\/kidsplay-logo.png","contentUrl":"https:\/\/kidsplay.lt\/wp-content\/uploads\/2023\/07\/kidsplay-logo.png","width":451,"height":98,"caption":"KidsPlay"},"image":{"@id":"https:\/\/kidsplay.lt\/#\/schema\/logo\/image\/"},"sameAs":["https:\/\/www.facebook.com\/www.kidsplay.lt"]}]}},"_links":{"self":[{"href":"https:\/\/kidsplay.lt\/lv\/wp-json\/wp\/v2\/product\/96413","targetHints":{"allow":["GET"]}}],"collection":[{"href":"https:\/\/kidsplay.lt\/lv\/wp-json\/wp\/v2\/product"}],"about":[{"href":"https:\/\/kidsplay.lt\/lv\/wp-json\/wp\/v2\/types\/product"}],"version-history":[{"count":1,"href":"https:\/\/kidsplay.lt\/lv\/wp-json\/wp\/v2\/product\/96413\/revisions"}],"predecessor-version":[{"id":96414,"href":"https:\/\/kidsplay.lt\/lv\/wp-json\/wp\/v2\/product\/96413\/revisions\/96414"}],"wp:featuredmedia":[{"embeddable":true,"href":"https:\/\/kidsplay.lt\/lv\/wp-json\/wp\/v2\/media\/96415"}],"wp:attachment":[{"href":"https:\/\/kidsplay.lt\/lv\/wp-json\/wp\/v2\/media?parent=96413"}],"wp:term":[{"taxonomy":"product_brand","embeddable":true,"href":"https:\/\/kidsplay.lt\/lv\/wp-json\/wp\/v2\/product_brand?post=96413"},{"taxonomy":"product_cat","embeddable":true,"href":"https:\/\/kidsplay.lt\/lv\/wp-json\/wp\/v2\/product_cat?post=96413"},{"taxonomy":"product_tag","embeddable":true,"href":"https:\/\/kidsplay.lt\/lv\/wp-json\/wp\/v2\/product_tag?post=96413"}],"curies":[{"name":"wp","href":"https:\/\/api.w.org\/{rel}","templated":true}]}}