{"id":96426,"date":"2026-03-26T11:31:50","date_gmt":"2026-03-26T09:31:50","guid":{"rendered":"https:\/\/kidsplay.lt\/produktas\/woopie-arkadinis-zaidimas-sokinejancios-bulvytes\/"},"modified":"2026-04-13T13:51:12","modified_gmt":"2026-04-13T10:51:12","slug":"woopie-arkadinis-zaidimas-sokinejancios-bulvytes","status":"publish","type":"product","link":"https:\/\/kidsplay.lt\/lv\/products\/woopie-arkadinis-zaidimas-sokinejancios-bulvytes\/","title":{"rendered":"WOOPIE ark\u0101des sp\u0113le &quot;L\u0113k\u0101jo\u0161ie fr\u012b kartupe\u013ci&quot;\u201e"},"content":{"rendered":"<p>WOOPIE arkadinis \u017eaidimas \u201e\u0160okin\u0117jan\u010dios bulvyt\u0117s\u201c skirtas vaikams nuo 4 met\u0173. \u017daidimo taisykl\u0117s labai paprastos \u2013 reikia i\u0161traukti tinkamas bulvytes taip, kad kitos nei\u0161\u0161okt\u0173. Be smagaus laiko praleidimo, \u017eaidimas lavina vaiko rank\u0173 miklum\u0105 ir koordinacij\u0105. \u017daislas yra lengvas ir patogus naudoti. \u201e\u0160okin\u0117jan\u010dios bulvyt\u0117s\u201c \u2013 puikus b\u016bdas praleisti vakarus su \u0161eima ar draugais.<br \/>\nRaksturojums:<\/p>\n<p>\u017eaislas vaikams nuo 4 met\u0173<\/p>\n<p>gali \u017eaisti 2\u20134 \u017eaid\u0117jai vienu metu<\/p>\n<p>paprastos taisykl\u0117s, patogu pasiimti \u012f keliones<\/p>\n<p>puikiai tinka kaip \u0161eimos \u017eaidimas<\/p>\n<p>komplekte: bulvy\u010di\u0173 indelis, bulvyt\u0117s (\u012fskaitant dvi \u201eblogas\u201c bulvytes)<\/p>\n<p>Sp\u0113les noteikumi:<\/p>\n<p>Paspauskite bulvy\u010di\u0173 indelio dugn\u0105.<\/p>\n<p>Sud\u0117kite visas bulvytes \u012f indel\u012f.<\/p>\n<p>Traukite bulvytes po vien\u0105, paeiliui su kitais \u017eaid\u0117jais.<\/p>\n<p>Tas, kuris i\u0161traukia netinkam\u0105 bulvyt\u0119 ir d\u0117l to visos i\u0161\u0161oka, pralaimi.<\/p>","protected":false},"excerpt":{"rendered":"<p>WOOPIE arkadinis \u017eaidimas \u201e\u0160okin\u0117jan\u010dios bulvyt\u0117s\u201c skirtas vaikams nuo 4 met\u0173. \u017daidimo taisykl\u0117s labai paprastos \u2013 reikia i\u0161traukti tinkamas bulvytes taip,<\/p>","protected":false},"featured_media":96428,"template":"","meta":{"_acf_changed":false,"_glsr_average":0,"_glsr_ranking":0,"_glsr_reviews":0},"product_brand":[],"product_cat":[445,229],"product_tag":[],"class_list":{"0":"post-96426","1":"product","2":"type-product","3":"status-publish","4":"has-post-thumbnail","6":"product_cat-stalo-zaidimai","7":"product_cat-zaislai-vaikams","8":"\"style=\"background-color: #2ecc711c;\"","10":"first","11":"instock","12":"purchasable","13":"product-type-simple"},"acf":[],"yoast_head":"<!-- This site is optimized with the Yoast SEO plugin v27.4 - https:\/\/yoast.com\/product\/yoast-seo-wordpress\/ -->\n<title>WOOPIE Arkadinis \u017eaidimas \u201e\u0160okin\u0117jan\u010dios bulvyt\u0117s\u201c<\/title>\n<meta name=\"description\" content=\"WOOPIE Arkadinis \u017eaidimas \u201e\u0160okin\u0117jan\u010dios bulvyt\u0117s\u201c - KidsPlay. Did\u017eiausias vaik\u0173 \u017eaisl\u0173 pasirinkimas.\" \/>\n<meta name=\"robots\" content=\"index, follow, max-snippet:-1, max-image-preview:large, max-video-preview:-1\" \/>\n<link rel=\"canonical\" href=\"https:\/\/kidsplay.lt\/lv\/products\/woopie-arkadinis-zaidimas-sokinejancios-bulvytes\/\" \/>\n<meta property=\"og:locale\" content=\"lv_LV\" \/>\n<meta property=\"og:type\" content=\"article\" \/>\n<meta property=\"og:title\" content=\"WOOPIE Arkadinis \u017eaidimas \u201e\u0160okin\u0117jan\u010dios bulvyt\u0117s\u201c\" \/>\n<meta property=\"og:description\" content=\"WOOPIE Arkadinis \u017eaidimas \u201e\u0160okin\u0117jan\u010dios bulvyt\u0117s\u201c - KidsPlay. Did\u017eiausias vaik\u0173 \u017eaisl\u0173 pasirinkimas.\" \/>\n<meta property=\"og:url\" content=\"https:\/\/kidsplay.lt\/lv\/products\/woopie-arkadinis-zaidimas-sokinejancios-bulvytes\/\" \/>\n<meta property=\"og:site_name\" content=\"KidsPlay\" \/>\n<meta property=\"article:publisher\" content=\"https:\/\/www.facebook.com\/www.kidsplay.lt\" \/>\n<meta property=\"article:modified_time\" content=\"2026-04-13T10:51:12+00:00\" \/>\n<meta property=\"og:image\" content=\"https:\/\/kidsplay.lt\/wp-content\/uploads\/2026\/03\/WOOPIE-Arkadinis-zaidimas-\u201eSokinejancios-bulvytes-800x800.png\" \/>\n\t<meta property=\"og:image:width\" content=\"800\" \/>\n\t<meta property=\"og:image:height\" content=\"800\" \/>\n\t<meta property=\"og:image:type\" content=\"image\/png\" \/>\n<meta name=\"twitter:card\" content=\"summary_large_image\" \/>\n<meta name=\"twitter:label1\" content=\"Est. reading time\" \/>\n\t<meta name=\"twitter:data1\" content=\"1 min\u016bte\" \/>\n<script type=\"application\/ld+json\" class=\"yoast-schema-graph\">{\"@context\":\"https:\\\/\\\/schema.org\",\"@graph\":[{\"@type\":\"WebPage\",\"@id\":\"https:\\\/\\\/kidsplay.lt\\\/produktas\\\/woopie-arkadinis-zaidimas-sokinejancios-bulvytes\\\/\",\"url\":\"https:\\\/\\\/kidsplay.lt\\\/produktas\\\/woopie-arkadinis-zaidimas-sokinejancios-bulvytes\\\/\",\"name\":\"WOOPIE Arkadinis \u017eaidimas \u201e\u0160okin\u0117jan\u010dios bulvyt\u0117s\u201c\",\"isPartOf\":{\"@id\":\"https:\\\/\\\/kidsplay.lt\\\/#website\"},\"primaryImageOfPage\":{\"@id\":\"https:\\\/\\\/kidsplay.lt\\\/produktas\\\/woopie-arkadinis-zaidimas-sokinejancios-bulvytes\\\/#primaryimage\"},\"image\":{\"@id\":\"https:\\\/\\\/kidsplay.lt\\\/produktas\\\/woopie-arkadinis-zaidimas-sokinejancios-bulvytes\\\/#primaryimage\"},\"thumbnailUrl\":\"https:\\\/\\\/kidsplay.lt\\\/wp-content\\\/uploads\\\/2026\\\/03\\\/WOOPIE-Arkadinis-zaidimas-\u201eSokinejancios-bulvytes.png\",\"datePublished\":\"2026-03-26T09:31:50+00:00\",\"dateModified\":\"2026-04-13T10:51:12+00:00\",\"description\":\"WOOPIE Arkadinis \u017eaidimas \u201e\u0160okin\u0117jan\u010dios bulvyt\u0117s\u201c - KidsPlay. Did\u017eiausias vaik\u0173 \u017eaisl\u0173 pasirinkimas.\",\"breadcrumb\":{\"@id\":\"https:\\\/\\\/kidsplay.lt\\\/produktas\\\/woopie-arkadinis-zaidimas-sokinejancios-bulvytes\\\/#breadcrumb\"},\"inLanguage\":\"lv-LV\",\"potentialAction\":[{\"@type\":\"ReadAction\",\"target\":[\"https:\\\/\\\/kidsplay.lt\\\/produktas\\\/woopie-arkadinis-zaidimas-sokinejancios-bulvytes\\\/\"]}]},{\"@type\":\"ImageObject\",\"inLanguage\":\"lv-LV\",\"@id\":\"https:\\\/\\\/kidsplay.lt\\\/produktas\\\/woopie-arkadinis-zaidimas-sokinejancios-bulvytes\\\/#primaryimage\",\"url\":\"https:\\\/\\\/kidsplay.lt\\\/wp-content\\\/uploads\\\/2026\\\/03\\\/WOOPIE-Arkadinis-zaidimas-\u201eSokinejancios-bulvytes.png\",\"contentUrl\":\"https:\\\/\\\/kidsplay.lt\\\/wp-content\\\/uploads\\\/2026\\\/03\\\/WOOPIE-Arkadinis-zaidimas-\u201eSokinejancios-bulvytes.png\",\"width\":2560,\"height\":2560,\"caption\":\"WOOPIE Arkadinis \u017eaidimas \u201e\u0160okin\u0117jan\u010dios bulvyt\u0117s\u201c\"},{\"@type\":\"BreadcrumbList\",\"@id\":\"https:\\\/\\\/kidsplay.lt\\\/produktas\\\/woopie-arkadinis-zaidimas-sokinejancios-bulvytes\\\/#breadcrumb\",\"itemListElement\":[{\"@type\":\"ListItem\",\"position\":1,\"name\":\"Pagrindinis\",\"item\":\"https:\\\/\\\/kidsplay.lt\\\/\"},{\"@type\":\"ListItem\",\"position\":2,\"name\":\"Parduotuv\u0117\",\"item\":\"https:\\\/\\\/kidsplay.lt\\\/parduotuve\\\/\"},{\"@type\":\"ListItem\",\"position\":3,\"name\":\"WOOPIE Arkadinis \u017eaidimas \u201e\u0160okin\u0117jan\u010dios bulvyt\u0117s\u201c\"}]},{\"@type\":\"WebSite\",\"@id\":\"https:\\\/\\\/kidsplay.lt\\\/#website\",\"url\":\"https:\\\/\\\/kidsplay.lt\\\/\",\"name\":\"Kidsplay.lt\",\"description\":\"\u012evairios prek\u0117s vaikams\",\"publisher\":{\"@id\":\"https:\\\/\\\/kidsplay.lt\\\/#organization\"},\"alternateName\":\"Kidsplay\",\"potentialAction\":[{\"@type\":\"SearchAction\",\"target\":{\"@type\":\"EntryPoint\",\"urlTemplate\":\"https:\\\/\\\/kidsplay.lt\\\/?s={search_term_string}\"},\"query-input\":{\"@type\":\"PropertyValueSpecification\",\"valueRequired\":true,\"valueName\":\"search_term_string\"}}],\"inLanguage\":\"lv-LV\"},{\"@type\":\"Organization\",\"@id\":\"https:\\\/\\\/kidsplay.lt\\\/#organization\",\"name\":\"KidsPlay\",\"url\":\"https:\\\/\\\/kidsplay.lt\\\/\",\"logo\":{\"@type\":\"ImageObject\",\"inLanguage\":\"lv-LV\",\"@id\":\"https:\\\/\\\/kidsplay.lt\\\/#\\\/schema\\\/logo\\\/image\\\/\",\"url\":\"https:\\\/\\\/kidsplay.lt\\\/wp-content\\\/uploads\\\/2023\\\/07\\\/kidsplay-logo.png\",\"contentUrl\":\"https:\\\/\\\/kidsplay.lt\\\/wp-content\\\/uploads\\\/2023\\\/07\\\/kidsplay-logo.png\",\"width\":451,\"height\":98,\"caption\":\"KidsPlay\"},\"image\":{\"@id\":\"https:\\\/\\\/kidsplay.lt\\\/#\\\/schema\\\/logo\\\/image\\\/\"},\"sameAs\":[\"https:\\\/\\\/www.facebook.com\\\/www.kidsplay.lt\"]}]}<\/script>\n<!-- \/ Yoast SEO plugin. -->","yoast_head_json":{"title":"WOOPIE ark\u0101des sp\u0113le &quot;L\u0113k\u0101jo\u0161ie fr\u012b kartupe\u013ci&quot;\u201e","description":"WOOPIE Arkadinis \u017eaidimas \u201e\u0160okin\u0117jan\u010dios bulvyt\u0117s\u201c - KidsPlay. Did\u017eiausias vaik\u0173 \u017eaisl\u0173 pasirinkimas.","robots":{"index":"index","follow":"follow","max-snippet":"max-snippet:-1","max-image-preview":"max-image-preview:large","max-video-preview":"max-video-preview:-1"},"canonical":"https:\/\/kidsplay.lt\/lv\/products\/woopie-arkadinis-zaidimas-sokinejancios-bulvytes\/","og_locale":"lv_LV","og_type":"article","og_title":"WOOPIE Arkadinis \u017eaidimas \u201e\u0160okin\u0117jan\u010dios bulvyt\u0117s\u201c","og_description":"WOOPIE Arkadinis \u017eaidimas \u201e\u0160okin\u0117jan\u010dios bulvyt\u0117s\u201c - KidsPlay. Did\u017eiausias vaik\u0173 \u017eaisl\u0173 pasirinkimas.","og_url":"https:\/\/kidsplay.lt\/lv\/products\/woopie-arkadinis-zaidimas-sokinejancios-bulvytes\/","og_site_name":"KidsPlay","article_publisher":"https:\/\/www.facebook.com\/www.kidsplay.lt","article_modified_time":"2026-04-13T10:51:12+00:00","og_image":[{"width":800,"height":800,"url":"https:\/\/kidsplay.lt\/wp-content\/uploads\/2026\/03\/WOOPIE-Arkadinis-zaidimas-\u201eSokinejancios-bulvytes-800x800.png","type":"image\/png"}],"twitter_card":"summary_large_image","twitter_misc":{"Est. reading time":"1 min\u016bte"},"schema":{"@context":"https:\/\/schema.org","@graph":[{"@type":"WebPage","@id":"https:\/\/kidsplay.lt\/produktas\/woopie-arkadinis-zaidimas-sokinejancios-bulvytes\/","url":"https:\/\/kidsplay.lt\/produktas\/woopie-arkadinis-zaidimas-sokinejancios-bulvytes\/","name":"WOOPIE ark\u0101des sp\u0113le &quot;L\u0113k\u0101jo\u0161ie fr\u012b kartupe\u013ci&quot;\u201e","isPartOf":{"@id":"https:\/\/kidsplay.lt\/#website"},"primaryImageOfPage":{"@id":"https:\/\/kidsplay.lt\/produktas\/woopie-arkadinis-zaidimas-sokinejancios-bulvytes\/#primaryimage"},"image":{"@id":"https:\/\/kidsplay.lt\/produktas\/woopie-arkadinis-zaidimas-sokinejancios-bulvytes\/#primaryimage"},"thumbnailUrl":"https:\/\/kidsplay.lt\/wp-content\/uploads\/2026\/03\/WOOPIE-Arkadinis-zaidimas-\u201eSokinejancios-bulvytes.png","datePublished":"2026-03-26T09:31:50+00:00","dateModified":"2026-04-13T10:51:12+00:00","description":"WOOPIE Arkadinis \u017eaidimas \u201e\u0160okin\u0117jan\u010dios bulvyt\u0117s\u201c - KidsPlay. Did\u017eiausias vaik\u0173 \u017eaisl\u0173 pasirinkimas.","breadcrumb":{"@id":"https:\/\/kidsplay.lt\/produktas\/woopie-arkadinis-zaidimas-sokinejancios-bulvytes\/#breadcrumb"},"inLanguage":"lv-LV","potentialAction":[{"@type":"ReadAction","target":["https:\/\/kidsplay.lt\/produktas\/woopie-arkadinis-zaidimas-sokinejancios-bulvytes\/"]}]},{"@type":"ImageObject","inLanguage":"lv-LV","@id":"https:\/\/kidsplay.lt\/produktas\/woopie-arkadinis-zaidimas-sokinejancios-bulvytes\/#primaryimage","url":"https:\/\/kidsplay.lt\/wp-content\/uploads\/2026\/03\/WOOPIE-Arkadinis-zaidimas-\u201eSokinejancios-bulvytes.png","contentUrl":"https:\/\/kidsplay.lt\/wp-content\/uploads\/2026\/03\/WOOPIE-Arkadinis-zaidimas-\u201eSokinejancios-bulvytes.png","width":2560,"height":2560,"caption":"WOOPIE Arkadinis \u017eaidimas \u201e\u0160okin\u0117jan\u010dios bulvyt\u0117s\u201c"},{"@type":"BreadcrumbList","@id":"https:\/\/kidsplay.lt\/produktas\/woopie-arkadinis-zaidimas-sokinejancios-bulvytes\/#breadcrumb","itemListElement":[{"@type":"ListItem","position":1,"name":"Pagrindinis","item":"https:\/\/kidsplay.lt\/"},{"@type":"ListItem","position":2,"name":"Parduotuv\u0117","item":"https:\/\/kidsplay.lt\/parduotuve\/"},{"@type":"ListItem","position":3,"name":"WOOPIE Arkadinis \u017eaidimas \u201e\u0160okin\u0117jan\u010dios bulvyt\u0117s\u201c"}]},{"@type":"WebSite","@id":"https:\/\/kidsplay.lt\/#website","url":"https:\/\/kidsplay.lt\/","name":"B\u0113rnu sp\u0113les.lv","description":"\u012evairios prek\u0117s vaikams","publisher":{"@id":"https:\/\/kidsplay.lt\/#organization"},"alternateName":"Kidsplay","potentialAction":[{"@type":"SearchAction","target":{"@type":"EntryPoint","urlTemplate":"https:\/\/kidsplay.lt\/?s={search_term_string}"},"query-input":{"@type":"PropertyValueSpecification","valueRequired":true,"valueName":"search_term_string"}}],"inLanguage":"lv-LV"},{"@type":"Organization","@id":"https:\/\/kidsplay.lt\/#organization","name":"B\u0113rnu sp\u0113le","url":"https:\/\/kidsplay.lt\/","logo":{"@type":"ImageObject","inLanguage":"lv-LV","@id":"https:\/\/kidsplay.lt\/#\/schema\/logo\/image\/","url":"https:\/\/kidsplay.lt\/wp-content\/uploads\/2023\/07\/kidsplay-logo.png","contentUrl":"https:\/\/kidsplay.lt\/wp-content\/uploads\/2023\/07\/kidsplay-logo.png","width":451,"height":98,"caption":"KidsPlay"},"image":{"@id":"https:\/\/kidsplay.lt\/#\/schema\/logo\/image\/"},"sameAs":["https:\/\/www.facebook.com\/www.kidsplay.lt"]}]}},"_links":{"self":[{"href":"https:\/\/kidsplay.lt\/lv\/wp-json\/wp\/v2\/product\/96426","targetHints":{"allow":["GET"]}}],"collection":[{"href":"https:\/\/kidsplay.lt\/lv\/wp-json\/wp\/v2\/product"}],"about":[{"href":"https:\/\/kidsplay.lt\/lv\/wp-json\/wp\/v2\/types\/product"}],"version-history":[{"count":1,"href":"https:\/\/kidsplay.lt\/lv\/wp-json\/wp\/v2\/product\/96426\/revisions"}],"predecessor-version":[{"id":96427,"href":"https:\/\/kidsplay.lt\/lv\/wp-json\/wp\/v2\/product\/96426\/revisions\/96427"}],"wp:featuredmedia":[{"embeddable":true,"href":"https:\/\/kidsplay.lt\/lv\/wp-json\/wp\/v2\/media\/96428"}],"wp:attachment":[{"href":"https:\/\/kidsplay.lt\/lv\/wp-json\/wp\/v2\/media?parent=96426"}],"wp:term":[{"taxonomy":"product_brand","embeddable":true,"href":"https:\/\/kidsplay.lt\/lv\/wp-json\/wp\/v2\/product_brand?post=96426"},{"taxonomy":"product_cat","embeddable":true,"href":"https:\/\/kidsplay.lt\/lv\/wp-json\/wp\/v2\/product_cat?post=96426"},{"taxonomy":"product_tag","embeddable":true,"href":"https:\/\/kidsplay.lt\/lv\/wp-json\/wp\/v2\/product_tag?post=96426"}],"curies":[{"name":"wp","href":"https:\/\/api.w.org\/{rel}","templated":true}]}}