{"id":96447,"date":"2026-03-26T11:34:37","date_gmt":"2026-03-26T09:34:37","guid":{"rendered":"https:\/\/kidsplay.lt\/produktas\/classic-world-edu-lauko-metalofonas-is-tvarios-medienos\/"},"modified":"2026-04-07T09:32:01","modified_gmt":"2026-04-07T06:32:01","slug":"classic-world-edu-lauko-metalofonas-is-tvarios-medienos","status":"publish","type":"product","link":"https:\/\/kidsplay.lt\/lv\/products\/classic-world-edu-lauko-metalofonas-is-tvarios-medienos\/","title":{"rendered":"CLASSIC WORLD EDU lauko metalofonas i\u0161 tvarios medienos"},"content":{"rendered":"<p>CLASSIC WORLD EDU serijos metalofonas pripildys bet kuri\u0105 lauko erdv\u0119 \u2013 sod\u0105, kiem\u0105 ar \u017eaidim\u0173 aik\u0161tel\u0119 \u2013 muzikos gars\u0173! Tai \u017eavus, vaik\u0173 k\u016brybi\u0161kum\u0105 skatinantis instrumentas, leid\u017eiantis kurti melodijas, ritmus ir atrasti savirai\u0161k\u0105 per muzik\u0105.<\/p>\n<p>\u0160is instrumentas tinka \u012fvairaus am\u017eiaus vaikams ir suteikia galimyb\u0119 improvizuoti, kurti harmonijas bei lavinti pasitik\u0117jim\u0105 savimi. Komplekte yra du plaktukai, kurie patogiai laikomi \u0161one. Metalofonas pagamintas i\u0161 auk\u0161tos kokyb\u0117s, oro s\u0105lygoms atsparios, tvariai i\u0161gautos medienos, tod\u0117l puikiai tinka naudojimui lauke.<\/p>\n<p>\u2b50 Charakteristikos:<\/p>\n<p> \ttinka vaikams nuo 3 met\u0173<br \/>\n \tpriklauso specialiajai EDU serijai<br \/>\n \tpadeda lavinti muzikin\u012f k\u016brybi\u0161kum\u0105 ir ritmikos poj\u016bt\u012f<br \/>\n \tpagamintas i\u0161 auk\u0161\u010diausios kokyb\u0117s, oro s\u0105lygoms atspari\u0173 med\u017eiag\u0173<br \/>\n \ttvarus pasirinkimas \u2013 mediena i\u0161 atsakingai tvarkom\u0173 \u0161altini\u0173<br \/>\n \tkomplekte yra 2 plaktukai, kuriuos galima patogiai pritvirtinti \u0161one<\/p>\n<p>\ud83c\udfa8 \u017daislas lavina:<\/p>\n<p> \tpoj\u016b\u010dius<br \/>\n \tdr\u0105s\u0105 ir pasitik\u0117jim\u0105 savimi<br \/>\n \tmuzikin\u012f suvokim\u0105 ir ritm\u0105<br \/>\n \tk\u016brybi\u0161k\u0105 savirai\u0161k\u0105<\/p>\n<p>\ud83c\udf31 Ekologi\u0161kas \u017eaislas<br \/>\nEkologi\u0161ki \u017eaislai skirti net patiems ma\u017eiausiems. Jie gaminami i\u0161 nat\u016brali\u0173, biologi\u0161kai suyran\u010di\u0173 ir hipoalergini\u0173 med\u017eiag\u0173, tod\u0117l yra visi\u0161kai saug\u016bs vaikui ir draugi\u0161ki aplinkai.<\/p>","protected":false},"excerpt":{"rendered":"<p>CLASSIC WORLD EDU serijos metalofonas pripildys bet kuri\u0105 lauko erdv\u0119 \u2013 sod\u0105, kiem\u0105 ar \u017eaidim\u0173 aik\u0161tel\u0119 \u2013 muzikos gars\u0173! Tai<\/p>","protected":false},"featured_media":96449,"template":"","meta":{"_acf_changed":false,"_glsr_average":0,"_glsr_ranking":0,"_glsr_reviews":0},"product_brand":[],"product_cat":[673,229],"product_tag":[],"class_list":{"0":"post-96447","1":"product","2":"type-product","3":"status-publish","4":"has-post-thumbnail","6":"product_cat-ugdomosios-priemones","7":"product_cat-zaislai-vaikams","8":"\"style=\"background-color: #2ecc711c;\"","10":"first","11":"instock","12":"purchasable","13":"product-type-simple"},"acf":[],"yoast_head":"<!-- This site is optimized with the Yoast SEO plugin v27.3 - https:\/\/yoast.com\/product\/yoast-seo-wordpress\/ -->\n<title>CLASSIC WORLD EDU lauko metalofonas i\u0161 tvarios medienos<\/title>\n<meta name=\"description\" content=\"CLASSIC WORLD EDU lauko metalofonas i\u0161 tvarios medienos - KidsPlay. Did\u017eiausias vaik\u0173 \u017eaisl\u0173 pasirinkimas.\" \/>\n<meta name=\"robots\" content=\"index, follow, max-snippet:-1, max-image-preview:large, max-video-preview:-1\" \/>\n<link rel=\"canonical\" href=\"https:\/\/kidsplay.lt\/lv\/products\/classic-world-edu-lauko-metalofonas-is-tvarios-medienos\/\" \/>\n<meta property=\"og:locale\" content=\"lv_LV\" \/>\n<meta property=\"og:type\" content=\"article\" \/>\n<meta property=\"og:title\" content=\"CLASSIC WORLD EDU lauko metalofonas i\u0161 tvarios medienos\" \/>\n<meta property=\"og:description\" content=\"CLASSIC WORLD EDU lauko metalofonas i\u0161 tvarios medienos - KidsPlay. Did\u017eiausias vaik\u0173 \u017eaisl\u0173 pasirinkimas.\" \/>\n<meta property=\"og:url\" content=\"https:\/\/kidsplay.lt\/lv\/products\/classic-world-edu-lauko-metalofonas-is-tvarios-medienos\/\" \/>\n<meta property=\"og:site_name\" content=\"KidsPlay\" \/>\n<meta property=\"article:publisher\" content=\"https:\/\/www.facebook.com\/www.kidsplay.lt\" \/>\n<meta property=\"article:modified_time\" content=\"2026-04-07T06:32:01+00:00\" \/>\n<meta property=\"og:image\" content=\"https:\/\/kidsplay.lt\/wp-content\/uploads\/2026\/03\/CLASSIC-WORLD-EDU-lauko-metalofonas-is-tvarios-medienos.jpg\" \/>\n\t<meta property=\"og:image:width\" content=\"2560\" \/>\n\t<meta property=\"og:image:height\" content=\"2560\" \/>\n\t<meta property=\"og:image:type\" content=\"image\/jpeg\" \/>\n<meta name=\"twitter:card\" content=\"summary_large_image\" \/>\n<meta name=\"twitter:label1\" content=\"Est. reading time\" \/>\n\t<meta name=\"twitter:data1\" content=\"1 min\u016bte\" \/>\n<script type=\"application\/ld+json\" class=\"yoast-schema-graph\">{\"@context\":\"https:\\\/\\\/schema.org\",\"@graph\":[{\"@type\":\"WebPage\",\"@id\":\"https:\\\/\\\/kidsplay.lt\\\/produktas\\\/classic-world-edu-lauko-metalofonas-is-tvarios-medienos\\\/\",\"url\":\"https:\\\/\\\/kidsplay.lt\\\/produktas\\\/classic-world-edu-lauko-metalofonas-is-tvarios-medienos\\\/\",\"name\":\"CLASSIC WORLD EDU lauko metalofonas i\u0161 tvarios medienos\",\"isPartOf\":{\"@id\":\"https:\\\/\\\/kidsplay.lt\\\/#website\"},\"primaryImageOfPage\":{\"@id\":\"https:\\\/\\\/kidsplay.lt\\\/produktas\\\/classic-world-edu-lauko-metalofonas-is-tvarios-medienos\\\/#primaryimage\"},\"image\":{\"@id\":\"https:\\\/\\\/kidsplay.lt\\\/produktas\\\/classic-world-edu-lauko-metalofonas-is-tvarios-medienos\\\/#primaryimage\"},\"thumbnailUrl\":\"https:\\\/\\\/kidsplay.lt\\\/wp-content\\\/uploads\\\/2026\\\/03\\\/CLASSIC-WORLD-EDU-lauko-metalofonas-is-tvarios-medienos.jpg\",\"datePublished\":\"2026-03-26T09:34:37+00:00\",\"dateModified\":\"2026-04-07T06:32:01+00:00\",\"description\":\"CLASSIC WORLD EDU lauko metalofonas i\u0161 tvarios medienos - KidsPlay. Did\u017eiausias vaik\u0173 \u017eaisl\u0173 pasirinkimas.\",\"breadcrumb\":{\"@id\":\"https:\\\/\\\/kidsplay.lt\\\/produktas\\\/classic-world-edu-lauko-metalofonas-is-tvarios-medienos\\\/#breadcrumb\"},\"inLanguage\":\"lv-LV\",\"potentialAction\":[{\"@type\":\"ReadAction\",\"target\":[\"https:\\\/\\\/kidsplay.lt\\\/produktas\\\/classic-world-edu-lauko-metalofonas-is-tvarios-medienos\\\/\"]}]},{\"@type\":\"ImageObject\",\"inLanguage\":\"lv-LV\",\"@id\":\"https:\\\/\\\/kidsplay.lt\\\/produktas\\\/classic-world-edu-lauko-metalofonas-is-tvarios-medienos\\\/#primaryimage\",\"url\":\"https:\\\/\\\/kidsplay.lt\\\/wp-content\\\/uploads\\\/2026\\\/03\\\/CLASSIC-WORLD-EDU-lauko-metalofonas-is-tvarios-medienos.jpg\",\"contentUrl\":\"https:\\\/\\\/kidsplay.lt\\\/wp-content\\\/uploads\\\/2026\\\/03\\\/CLASSIC-WORLD-EDU-lauko-metalofonas-is-tvarios-medienos.jpg\",\"width\":2560,\"height\":2560,\"caption\":\"CLASSIC WORLD EDU lauko metalofonas i\u0161 tvarios medienos\"},{\"@type\":\"BreadcrumbList\",\"@id\":\"https:\\\/\\\/kidsplay.lt\\\/produktas\\\/classic-world-edu-lauko-metalofonas-is-tvarios-medienos\\\/#breadcrumb\",\"itemListElement\":[{\"@type\":\"ListItem\",\"position\":1,\"name\":\"Pagrindinis\",\"item\":\"https:\\\/\\\/kidsplay.lt\\\/\"},{\"@type\":\"ListItem\",\"position\":2,\"name\":\"Parduotuv\u0117\",\"item\":\"https:\\\/\\\/kidsplay.lt\\\/parduotuve\\\/\"},{\"@type\":\"ListItem\",\"position\":3,\"name\":\"CLASSIC WORLD EDU lauko metalofonas i\u0161 tvarios medienos\"}]},{\"@type\":\"WebSite\",\"@id\":\"https:\\\/\\\/kidsplay.lt\\\/#website\",\"url\":\"https:\\\/\\\/kidsplay.lt\\\/\",\"name\":\"Kidsplay.lt\",\"description\":\"\u012evairios prek\u0117s vaikams\",\"publisher\":{\"@id\":\"https:\\\/\\\/kidsplay.lt\\\/#organization\"},\"alternateName\":\"Kidsplay\",\"potentialAction\":[{\"@type\":\"SearchAction\",\"target\":{\"@type\":\"EntryPoint\",\"urlTemplate\":\"https:\\\/\\\/kidsplay.lt\\\/?s={search_term_string}\"},\"query-input\":{\"@type\":\"PropertyValueSpecification\",\"valueRequired\":true,\"valueName\":\"search_term_string\"}}],\"inLanguage\":\"lv-LV\"},{\"@type\":\"Organization\",\"@id\":\"https:\\\/\\\/kidsplay.lt\\\/#organization\",\"name\":\"KidsPlay\",\"url\":\"https:\\\/\\\/kidsplay.lt\\\/\",\"logo\":{\"@type\":\"ImageObject\",\"inLanguage\":\"lv-LV\",\"@id\":\"https:\\\/\\\/kidsplay.lt\\\/#\\\/schema\\\/logo\\\/image\\\/\",\"url\":\"https:\\\/\\\/kidsplay.lt\\\/wp-content\\\/uploads\\\/2023\\\/07\\\/kidsplay-logo.png\",\"contentUrl\":\"https:\\\/\\\/kidsplay.lt\\\/wp-content\\\/uploads\\\/2023\\\/07\\\/kidsplay-logo.png\",\"width\":451,\"height\":98,\"caption\":\"KidsPlay\"},\"image\":{\"@id\":\"https:\\\/\\\/kidsplay.lt\\\/#\\\/schema\\\/logo\\\/image\\\/\"},\"sameAs\":[\"https:\\\/\\\/www.facebook.com\\\/www.kidsplay.lt\"]}]}<\/script>\n<!-- \/ Yoast SEO plugin. -->","yoast_head_json":{"title":"CLASSIC WORLD EDU lauko metalofonas i\u0161 tvarios medienos","description":"CLASSIC WORLD EDU lauko metalofonas i\u0161 tvarios medienos - KidsPlay. Did\u017eiausias vaik\u0173 \u017eaisl\u0173 pasirinkimas.","robots":{"index":"index","follow":"follow","max-snippet":"max-snippet:-1","max-image-preview":"max-image-preview:large","max-video-preview":"max-video-preview:-1"},"canonical":"https:\/\/kidsplay.lt\/lv\/products\/classic-world-edu-lauko-metalofonas-is-tvarios-medienos\/","og_locale":"lv_LV","og_type":"article","og_title":"CLASSIC WORLD EDU lauko metalofonas i\u0161 tvarios medienos","og_description":"CLASSIC WORLD EDU lauko metalofonas i\u0161 tvarios medienos - KidsPlay. Did\u017eiausias vaik\u0173 \u017eaisl\u0173 pasirinkimas.","og_url":"https:\/\/kidsplay.lt\/lv\/products\/classic-world-edu-lauko-metalofonas-is-tvarios-medienos\/","og_site_name":"KidsPlay","article_publisher":"https:\/\/www.facebook.com\/www.kidsplay.lt","article_modified_time":"2026-04-07T06:32:01+00:00","og_image":[{"width":2560,"height":2560,"url":"https:\/\/kidsplay.lt\/wp-content\/uploads\/2026\/03\/CLASSIC-WORLD-EDU-lauko-metalofonas-is-tvarios-medienos.jpg","type":"image\/jpeg"}],"twitter_card":"summary_large_image","twitter_misc":{"Est. reading time":"1 min\u016bte"},"schema":{"@context":"https:\/\/schema.org","@graph":[{"@type":"WebPage","@id":"https:\/\/kidsplay.lt\/produktas\/classic-world-edu-lauko-metalofonas-is-tvarios-medienos\/","url":"https:\/\/kidsplay.lt\/produktas\/classic-world-edu-lauko-metalofonas-is-tvarios-medienos\/","name":"CLASSIC WORLD EDU lauko metalofonas i\u0161 tvarios medienos","isPartOf":{"@id":"https:\/\/kidsplay.lt\/#website"},"primaryImageOfPage":{"@id":"https:\/\/kidsplay.lt\/produktas\/classic-world-edu-lauko-metalofonas-is-tvarios-medienos\/#primaryimage"},"image":{"@id":"https:\/\/kidsplay.lt\/produktas\/classic-world-edu-lauko-metalofonas-is-tvarios-medienos\/#primaryimage"},"thumbnailUrl":"https:\/\/kidsplay.lt\/wp-content\/uploads\/2026\/03\/CLASSIC-WORLD-EDU-lauko-metalofonas-is-tvarios-medienos.jpg","datePublished":"2026-03-26T09:34:37+00:00","dateModified":"2026-04-07T06:32:01+00:00","description":"CLASSIC WORLD EDU lauko metalofonas i\u0161 tvarios medienos - KidsPlay. Did\u017eiausias vaik\u0173 \u017eaisl\u0173 pasirinkimas.","breadcrumb":{"@id":"https:\/\/kidsplay.lt\/produktas\/classic-world-edu-lauko-metalofonas-is-tvarios-medienos\/#breadcrumb"},"inLanguage":"lv-LV","potentialAction":[{"@type":"ReadAction","target":["https:\/\/kidsplay.lt\/produktas\/classic-world-edu-lauko-metalofonas-is-tvarios-medienos\/"]}]},{"@type":"ImageObject","inLanguage":"lv-LV","@id":"https:\/\/kidsplay.lt\/produktas\/classic-world-edu-lauko-metalofonas-is-tvarios-medienos\/#primaryimage","url":"https:\/\/kidsplay.lt\/wp-content\/uploads\/2026\/03\/CLASSIC-WORLD-EDU-lauko-metalofonas-is-tvarios-medienos.jpg","contentUrl":"https:\/\/kidsplay.lt\/wp-content\/uploads\/2026\/03\/CLASSIC-WORLD-EDU-lauko-metalofonas-is-tvarios-medienos.jpg","width":2560,"height":2560,"caption":"CLASSIC WORLD EDU lauko metalofonas i\u0161 tvarios medienos"},{"@type":"BreadcrumbList","@id":"https:\/\/kidsplay.lt\/produktas\/classic-world-edu-lauko-metalofonas-is-tvarios-medienos\/#breadcrumb","itemListElement":[{"@type":"ListItem","position":1,"name":"Pagrindinis","item":"https:\/\/kidsplay.lt\/"},{"@type":"ListItem","position":2,"name":"Parduotuv\u0117","item":"https:\/\/kidsplay.lt\/parduotuve\/"},{"@type":"ListItem","position":3,"name":"CLASSIC WORLD EDU lauko metalofonas i\u0161 tvarios medienos"}]},{"@type":"WebSite","@id":"https:\/\/kidsplay.lt\/#website","url":"https:\/\/kidsplay.lt\/","name":"B\u0113rnu sp\u0113les.lv","description":"\u012evairios prek\u0117s vaikams","publisher":{"@id":"https:\/\/kidsplay.lt\/#organization"},"alternateName":"Kidsplay","potentialAction":[{"@type":"SearchAction","target":{"@type":"EntryPoint","urlTemplate":"https:\/\/kidsplay.lt\/?s={search_term_string}"},"query-input":{"@type":"PropertyValueSpecification","valueRequired":true,"valueName":"search_term_string"}}],"inLanguage":"lv-LV"},{"@type":"Organization","@id":"https:\/\/kidsplay.lt\/#organization","name":"B\u0113rnu sp\u0113le","url":"https:\/\/kidsplay.lt\/","logo":{"@type":"ImageObject","inLanguage":"lv-LV","@id":"https:\/\/kidsplay.lt\/#\/schema\/logo\/image\/","url":"https:\/\/kidsplay.lt\/wp-content\/uploads\/2023\/07\/kidsplay-logo.png","contentUrl":"https:\/\/kidsplay.lt\/wp-content\/uploads\/2023\/07\/kidsplay-logo.png","width":451,"height":98,"caption":"KidsPlay"},"image":{"@id":"https:\/\/kidsplay.lt\/#\/schema\/logo\/image\/"},"sameAs":["https:\/\/www.facebook.com\/www.kidsplay.lt"]}]}},"_links":{"self":[{"href":"https:\/\/kidsplay.lt\/lv\/wp-json\/wp\/v2\/product\/96447","targetHints":{"allow":["GET"]}}],"collection":[{"href":"https:\/\/kidsplay.lt\/lv\/wp-json\/wp\/v2\/product"}],"about":[{"href":"https:\/\/kidsplay.lt\/lv\/wp-json\/wp\/v2\/types\/product"}],"version-history":[{"count":1,"href":"https:\/\/kidsplay.lt\/lv\/wp-json\/wp\/v2\/product\/96447\/revisions"}],"predecessor-version":[{"id":96448,"href":"https:\/\/kidsplay.lt\/lv\/wp-json\/wp\/v2\/product\/96447\/revisions\/96448"}],"wp:featuredmedia":[{"embeddable":true,"href":"https:\/\/kidsplay.lt\/lv\/wp-json\/wp\/v2\/media\/96449"}],"wp:attachment":[{"href":"https:\/\/kidsplay.lt\/lv\/wp-json\/wp\/v2\/media?parent=96447"}],"wp:term":[{"taxonomy":"product_brand","embeddable":true,"href":"https:\/\/kidsplay.lt\/lv\/wp-json\/wp\/v2\/product_brand?post=96447"},{"taxonomy":"product_cat","embeddable":true,"href":"https:\/\/kidsplay.lt\/lv\/wp-json\/wp\/v2\/product_cat?post=96447"},{"taxonomy":"product_tag","embeddable":true,"href":"https:\/\/kidsplay.lt\/lv\/wp-json\/wp\/v2\/product_tag?post=96447"}],"curies":[{"name":"wp","href":"https:\/\/api.w.org\/{rel}","templated":true}]}}