{"id":96512,"date":"2026-03-26T11:45:47","date_gmt":"2026-03-26T09:45:47","guid":{"rendered":"https:\/\/kidsplay.lt\/produktas\/3d-piestukas-woopie-su-led-ekranu-ir-pla-siulais-kurybai-be-ribu\/"},"modified":"2026-04-07T09:33:37","modified_gmt":"2026-04-07T06:33:37","slug":"3d-piestukas-woopie-su-led-ekranu-ir-pla-siulais-kurybai-be-ribu","status":"publish","type":"product","link":"https:\/\/kidsplay.lt\/lv\/products\/3d-piestukas-woopie-su-led-ekranu-ir-pla-siulais-kurybai-be-ribu\/","title":{"rendered":"3D pie\u0161tukas WOOPIE su LED ekranu ir PLA si\u016blais \u2013 k\u016brybai be rib\u0173"},"content":{"rendered":"<p>Atrask nuostab\u0173 3D k\u016brybos pasaul\u012f! \u0160is WOOPIE 3D pie\u0161tukas \u2013 tai puikus \u012frankis tiek vaikams, tiek suaugusiems, skatinantis k\u016brybi\u0161kum\u0105, mokantis kantryb\u0117s ir suteikiantis begal\u0119 \u017eaidimo bei k\u016brybos galimybi\u0173.<\/p>\n<p>Reguliuojama temperat\u016bra ir si\u016blo i\u0161st\u016bmimo greitis leid\u017eia pritaikyti pie\u0161tuk\u0105 pagal vartotojo patirt\u012f \u2013 nuo pradedan\u010di\u0173j\u0173 iki pa\u017eengusi\u0173j\u0173. Prietaisas greitai \u012fkaista, yra saugus ir patogus naudoti. Tai puiki dovana, kurioje vienintel\u0117 riba \u2013 tavo vaizduot\u0117.<\/p>\n<p>\u2b50 Charakteristikos:<\/p>\n<p> \tleid\u017eia kurti trimates formas<br \/>\n \tlengvas ir intuityvus naudojimas \u2013 tinka vaikams ir suaugusiems<br \/>\n \treguliuojama temperat\u016bra ir i\u0161st\u016bmimo greitis<br \/>\n \tgreitai \u012fkaista ir paruo\u0161tas naudojimui per kelias akimirkas<br \/>\n \ttvirtas, patvarus, turi saugos sertifikatus<br \/>\n \tsu LED ekranu patogiam valdymui<\/p>\n<p>\ud83c\udf81 Rinkinyje yra:<\/p>\n<p> \t3D pie\u0161tukas su LED ekranu \u2013 1 vnt.<br \/>\n \tPLA si\u016blai: 12 spalv\u0173 \u00d7 3 m (skersmuo 1,75 mm)<br \/>\n \tUSB laidas \u2013 1 vnt.<br \/>\n \tNaudojimo instrukcija (angl\u0173 k.)<\/p>\n<p>\ud83c\udfa8 \u017daislas lavina:<\/p>\n<p> \tk\u016brybi\u0161kum\u0105 ir erdvin\u0119 vaizduot\u0119<br \/>\n \trank\u0173 miklum\u0105 ir rankos\u2013akies koordinacij\u0105<br \/>\n \tlogin\u012f m\u0105stym\u0105 ir planavimo \u012fg\u016bd\u017eius<br \/>\n \tpaciet\u012bba un koncentr\u0113\u0161an\u0101s<br \/>\n \tbendradarbiavim\u0105 ir k\u016bryb\u0105 kartu<\/p>","protected":false},"excerpt":{"rendered":"<p>Atrask nuostab\u0173 3D k\u016brybos pasaul\u012f! \u0160is WOOPIE 3D pie\u0161tukas \u2013 tai puikus \u012frankis tiek vaikams, tiek suaugusiems, skatinantis k\u016brybi\u0161kum\u0105, mokantis<\/p>","protected":false},"featured_media":96514,"template":"","meta":{"_acf_changed":false,"_glsr_average":0,"_glsr_ranking":0,"_glsr_reviews":0},"product_brand":[],"product_cat":[810],"product_tag":[],"class_list":{"0":"post-96512","1":"product","2":"type-product","3":"status-publish","4":"has-post-thumbnail","6":"product_cat-kurybiniai-rinkiniai","7":"\"style=\"background-color: #2ecc711c;\"","9":"first","10":"instock","11":"purchasable","12":"product-type-simple"},"acf":[],"yoast_head":"<!-- This site is optimized with the Yoast SEO plugin v27.3 - https:\/\/yoast.com\/product\/yoast-seo-wordpress\/ -->\n<title>3D pie\u0161tukas WOOPIE su LED ekranu ir PLA si\u016blais \u2013 k\u016brybai be rib\u0173<\/title>\n<meta name=\"description\" content=\"3D pie\u0161tukas WOOPIE su LED ekranu ir PLA si\u016blais \u2013 k\u016brybai be rib\u0173 - KidsPlay. Did\u017eiausias vaik\u0173 \u017eaisl\u0173 pasirinkimas.\" \/>\n<meta name=\"robots\" content=\"index, follow, max-snippet:-1, max-image-preview:large, max-video-preview:-1\" \/>\n<link rel=\"canonical\" href=\"https:\/\/kidsplay.lt\/lv\/products\/3d-piestukas-woopie-su-led-ekranu-ir-pla-siulais-kurybai-be-ribu\/\" \/>\n<meta property=\"og:locale\" content=\"lv_LV\" \/>\n<meta property=\"og:type\" content=\"article\" \/>\n<meta property=\"og:title\" content=\"3D pie\u0161tukas WOOPIE su LED ekranu ir PLA si\u016blais \u2013 k\u016brybai be rib\u0173\" \/>\n<meta property=\"og:description\" content=\"3D pie\u0161tukas WOOPIE su LED ekranu ir PLA si\u016blais \u2013 k\u016brybai be rib\u0173 - KidsPlay. Did\u017eiausias vaik\u0173 \u017eaisl\u0173 pasirinkimas.\" \/>\n<meta property=\"og:url\" content=\"https:\/\/kidsplay.lt\/lv\/products\/3d-piestukas-woopie-su-led-ekranu-ir-pla-siulais-kurybai-be-ribu\/\" \/>\n<meta property=\"og:site_name\" content=\"KidsPlay\" \/>\n<meta property=\"article:publisher\" content=\"https:\/\/www.facebook.com\/www.kidsplay.lt\" \/>\n<meta property=\"article:modified_time\" content=\"2026-04-07T06:33:37+00:00\" \/>\n<meta property=\"og:image\" content=\"https:\/\/kidsplay.lt\/wp-content\/uploads\/2026\/03\/3D-piestukas-WOOPIE-su-LED-ekranu-ir-PLA-siulais-\u2013-kurybai-be-ribu.jpg\" \/>\n\t<meta property=\"og:image:width\" content=\"1000\" \/>\n\t<meta property=\"og:image:height\" content=\"1000\" \/>\n\t<meta property=\"og:image:type\" content=\"image\/jpeg\" \/>\n<meta name=\"twitter:card\" content=\"summary_large_image\" \/>\n<meta name=\"twitter:label1\" content=\"Est. reading time\" \/>\n\t<meta name=\"twitter:data1\" content=\"1 min\u016bte\" \/>\n<script type=\"application\/ld+json\" class=\"yoast-schema-graph\">{\"@context\":\"https:\\\/\\\/schema.org\",\"@graph\":[{\"@type\":\"WebPage\",\"@id\":\"https:\\\/\\\/kidsplay.lt\\\/produktas\\\/3d-piestukas-woopie-su-led-ekranu-ir-pla-siulais-kurybai-be-ribu\\\/\",\"url\":\"https:\\\/\\\/kidsplay.lt\\\/produktas\\\/3d-piestukas-woopie-su-led-ekranu-ir-pla-siulais-kurybai-be-ribu\\\/\",\"name\":\"3D pie\u0161tukas WOOPIE su LED ekranu ir PLA si\u016blais \u2013 k\u016brybai be rib\u0173\",\"isPartOf\":{\"@id\":\"https:\\\/\\\/kidsplay.lt\\\/#website\"},\"primaryImageOfPage\":{\"@id\":\"https:\\\/\\\/kidsplay.lt\\\/produktas\\\/3d-piestukas-woopie-su-led-ekranu-ir-pla-siulais-kurybai-be-ribu\\\/#primaryimage\"},\"image\":{\"@id\":\"https:\\\/\\\/kidsplay.lt\\\/produktas\\\/3d-piestukas-woopie-su-led-ekranu-ir-pla-siulais-kurybai-be-ribu\\\/#primaryimage\"},\"thumbnailUrl\":\"https:\\\/\\\/kidsplay.lt\\\/wp-content\\\/uploads\\\/2026\\\/03\\\/3D-piestukas-WOOPIE-su-LED-ekranu-ir-PLA-siulais-\u2013-kurybai-be-ribu.jpg\",\"datePublished\":\"2026-03-26T09:45:47+00:00\",\"dateModified\":\"2026-04-07T06:33:37+00:00\",\"description\":\"3D pie\u0161tukas WOOPIE su LED ekranu ir PLA si\u016blais \u2013 k\u016brybai be rib\u0173 - KidsPlay. Did\u017eiausias vaik\u0173 \u017eaisl\u0173 pasirinkimas.\",\"breadcrumb\":{\"@id\":\"https:\\\/\\\/kidsplay.lt\\\/produktas\\\/3d-piestukas-woopie-su-led-ekranu-ir-pla-siulais-kurybai-be-ribu\\\/#breadcrumb\"},\"inLanguage\":\"lv-LV\",\"potentialAction\":[{\"@type\":\"ReadAction\",\"target\":[\"https:\\\/\\\/kidsplay.lt\\\/produktas\\\/3d-piestukas-woopie-su-led-ekranu-ir-pla-siulais-kurybai-be-ribu\\\/\"]}]},{\"@type\":\"ImageObject\",\"inLanguage\":\"lv-LV\",\"@id\":\"https:\\\/\\\/kidsplay.lt\\\/produktas\\\/3d-piestukas-woopie-su-led-ekranu-ir-pla-siulais-kurybai-be-ribu\\\/#primaryimage\",\"url\":\"https:\\\/\\\/kidsplay.lt\\\/wp-content\\\/uploads\\\/2026\\\/03\\\/3D-piestukas-WOOPIE-su-LED-ekranu-ir-PLA-siulais-\u2013-kurybai-be-ribu.jpg\",\"contentUrl\":\"https:\\\/\\\/kidsplay.lt\\\/wp-content\\\/uploads\\\/2026\\\/03\\\/3D-piestukas-WOOPIE-su-LED-ekranu-ir-PLA-siulais-\u2013-kurybai-be-ribu.jpg\",\"width\":1000,\"height\":1000,\"caption\":\"3D pie\u0161tukas WOOPIE su LED ekranu ir PLA si\u016blais \u2013 k\u016brybai be rib\u0173\"},{\"@type\":\"BreadcrumbList\",\"@id\":\"https:\\\/\\\/kidsplay.lt\\\/produktas\\\/3d-piestukas-woopie-su-led-ekranu-ir-pla-siulais-kurybai-be-ribu\\\/#breadcrumb\",\"itemListElement\":[{\"@type\":\"ListItem\",\"position\":1,\"name\":\"Pagrindinis\",\"item\":\"https:\\\/\\\/kidsplay.lt\\\/\"},{\"@type\":\"ListItem\",\"position\":2,\"name\":\"Parduotuv\u0117\",\"item\":\"https:\\\/\\\/kidsplay.lt\\\/parduotuve\\\/\"},{\"@type\":\"ListItem\",\"position\":3,\"name\":\"3D pie\u0161tukas WOOPIE su LED ekranu ir PLA si\u016blais \u2013 k\u016brybai be rib\u0173\"}]},{\"@type\":\"WebSite\",\"@id\":\"https:\\\/\\\/kidsplay.lt\\\/#website\",\"url\":\"https:\\\/\\\/kidsplay.lt\\\/\",\"name\":\"Kidsplay.lt\",\"description\":\"\u012evairios prek\u0117s vaikams\",\"publisher\":{\"@id\":\"https:\\\/\\\/kidsplay.lt\\\/#organization\"},\"alternateName\":\"Kidsplay\",\"potentialAction\":[{\"@type\":\"SearchAction\",\"target\":{\"@type\":\"EntryPoint\",\"urlTemplate\":\"https:\\\/\\\/kidsplay.lt\\\/?s={search_term_string}\"},\"query-input\":{\"@type\":\"PropertyValueSpecification\",\"valueRequired\":true,\"valueName\":\"search_term_string\"}}],\"inLanguage\":\"lv-LV\"},{\"@type\":\"Organization\",\"@id\":\"https:\\\/\\\/kidsplay.lt\\\/#organization\",\"name\":\"KidsPlay\",\"url\":\"https:\\\/\\\/kidsplay.lt\\\/\",\"logo\":{\"@type\":\"ImageObject\",\"inLanguage\":\"lv-LV\",\"@id\":\"https:\\\/\\\/kidsplay.lt\\\/#\\\/schema\\\/logo\\\/image\\\/\",\"url\":\"https:\\\/\\\/kidsplay.lt\\\/wp-content\\\/uploads\\\/2023\\\/07\\\/kidsplay-logo.png\",\"contentUrl\":\"https:\\\/\\\/kidsplay.lt\\\/wp-content\\\/uploads\\\/2023\\\/07\\\/kidsplay-logo.png\",\"width\":451,\"height\":98,\"caption\":\"KidsPlay\"},\"image\":{\"@id\":\"https:\\\/\\\/kidsplay.lt\\\/#\\\/schema\\\/logo\\\/image\\\/\"},\"sameAs\":[\"https:\\\/\\\/www.facebook.com\\\/www.kidsplay.lt\"]}]}<\/script>\n<!-- \/ Yoast SEO plugin. -->","yoast_head_json":{"title":"3D pie\u0161tukas WOOPIE su LED ekranu ir PLA si\u016blais \u2013 k\u016brybai be rib\u0173","description":"3D pie\u0161tukas WOOPIE su LED ekranu ir PLA si\u016blais \u2013 k\u016brybai be rib\u0173 - KidsPlay. Did\u017eiausias vaik\u0173 \u017eaisl\u0173 pasirinkimas.","robots":{"index":"index","follow":"follow","max-snippet":"max-snippet:-1","max-image-preview":"max-image-preview:large","max-video-preview":"max-video-preview:-1"},"canonical":"https:\/\/kidsplay.lt\/lv\/products\/3d-piestukas-woopie-su-led-ekranu-ir-pla-siulais-kurybai-be-ribu\/","og_locale":"lv_LV","og_type":"article","og_title":"3D pie\u0161tukas WOOPIE su LED ekranu ir PLA si\u016blais \u2013 k\u016brybai be rib\u0173","og_description":"3D pie\u0161tukas WOOPIE su LED ekranu ir PLA si\u016blais \u2013 k\u016brybai be rib\u0173 - KidsPlay. Did\u017eiausias vaik\u0173 \u017eaisl\u0173 pasirinkimas.","og_url":"https:\/\/kidsplay.lt\/lv\/products\/3d-piestukas-woopie-su-led-ekranu-ir-pla-siulais-kurybai-be-ribu\/","og_site_name":"KidsPlay","article_publisher":"https:\/\/www.facebook.com\/www.kidsplay.lt","article_modified_time":"2026-04-07T06:33:37+00:00","og_image":[{"width":1000,"height":1000,"url":"https:\/\/kidsplay.lt\/wp-content\/uploads\/2026\/03\/3D-piestukas-WOOPIE-su-LED-ekranu-ir-PLA-siulais-\u2013-kurybai-be-ribu.jpg","type":"image\/jpeg"}],"twitter_card":"summary_large_image","twitter_misc":{"Est. reading time":"1 min\u016bte"},"schema":{"@context":"https:\/\/schema.org","@graph":[{"@type":"WebPage","@id":"https:\/\/kidsplay.lt\/produktas\/3d-piestukas-woopie-su-led-ekranu-ir-pla-siulais-kurybai-be-ribu\/","url":"https:\/\/kidsplay.lt\/produktas\/3d-piestukas-woopie-su-led-ekranu-ir-pla-siulais-kurybai-be-ribu\/","name":"3D pie\u0161tukas WOOPIE su LED ekranu ir PLA si\u016blais \u2013 k\u016brybai be rib\u0173","isPartOf":{"@id":"https:\/\/kidsplay.lt\/#website"},"primaryImageOfPage":{"@id":"https:\/\/kidsplay.lt\/produktas\/3d-piestukas-woopie-su-led-ekranu-ir-pla-siulais-kurybai-be-ribu\/#primaryimage"},"image":{"@id":"https:\/\/kidsplay.lt\/produktas\/3d-piestukas-woopie-su-led-ekranu-ir-pla-siulais-kurybai-be-ribu\/#primaryimage"},"thumbnailUrl":"https:\/\/kidsplay.lt\/wp-content\/uploads\/2026\/03\/3D-piestukas-WOOPIE-su-LED-ekranu-ir-PLA-siulais-\u2013-kurybai-be-ribu.jpg","datePublished":"2026-03-26T09:45:47+00:00","dateModified":"2026-04-07T06:33:37+00:00","description":"3D pie\u0161tukas WOOPIE su LED ekranu ir PLA si\u016blais \u2013 k\u016brybai be rib\u0173 - KidsPlay. Did\u017eiausias vaik\u0173 \u017eaisl\u0173 pasirinkimas.","breadcrumb":{"@id":"https:\/\/kidsplay.lt\/produktas\/3d-piestukas-woopie-su-led-ekranu-ir-pla-siulais-kurybai-be-ribu\/#breadcrumb"},"inLanguage":"lv-LV","potentialAction":[{"@type":"ReadAction","target":["https:\/\/kidsplay.lt\/produktas\/3d-piestukas-woopie-su-led-ekranu-ir-pla-siulais-kurybai-be-ribu\/"]}]},{"@type":"ImageObject","inLanguage":"lv-LV","@id":"https:\/\/kidsplay.lt\/produktas\/3d-piestukas-woopie-su-led-ekranu-ir-pla-siulais-kurybai-be-ribu\/#primaryimage","url":"https:\/\/kidsplay.lt\/wp-content\/uploads\/2026\/03\/3D-piestukas-WOOPIE-su-LED-ekranu-ir-PLA-siulais-\u2013-kurybai-be-ribu.jpg","contentUrl":"https:\/\/kidsplay.lt\/wp-content\/uploads\/2026\/03\/3D-piestukas-WOOPIE-su-LED-ekranu-ir-PLA-siulais-\u2013-kurybai-be-ribu.jpg","width":1000,"height":1000,"caption":"3D pie\u0161tukas WOOPIE su LED ekranu ir PLA si\u016blais \u2013 k\u016brybai be rib\u0173"},{"@type":"BreadcrumbList","@id":"https:\/\/kidsplay.lt\/produktas\/3d-piestukas-woopie-su-led-ekranu-ir-pla-siulais-kurybai-be-ribu\/#breadcrumb","itemListElement":[{"@type":"ListItem","position":1,"name":"Pagrindinis","item":"https:\/\/kidsplay.lt\/"},{"@type":"ListItem","position":2,"name":"Parduotuv\u0117","item":"https:\/\/kidsplay.lt\/parduotuve\/"},{"@type":"ListItem","position":3,"name":"3D pie\u0161tukas WOOPIE su LED ekranu ir PLA si\u016blais \u2013 k\u016brybai be rib\u0173"}]},{"@type":"WebSite","@id":"https:\/\/kidsplay.lt\/#website","url":"https:\/\/kidsplay.lt\/","name":"B\u0113rnu sp\u0113les.lv","description":"\u012evairios prek\u0117s vaikams","publisher":{"@id":"https:\/\/kidsplay.lt\/#organization"},"alternateName":"Kidsplay","potentialAction":[{"@type":"SearchAction","target":{"@type":"EntryPoint","urlTemplate":"https:\/\/kidsplay.lt\/?s={search_term_string}"},"query-input":{"@type":"PropertyValueSpecification","valueRequired":true,"valueName":"search_term_string"}}],"inLanguage":"lv-LV"},{"@type":"Organization","@id":"https:\/\/kidsplay.lt\/#organization","name":"B\u0113rnu sp\u0113le","url":"https:\/\/kidsplay.lt\/","logo":{"@type":"ImageObject","inLanguage":"lv-LV","@id":"https:\/\/kidsplay.lt\/#\/schema\/logo\/image\/","url":"https:\/\/kidsplay.lt\/wp-content\/uploads\/2023\/07\/kidsplay-logo.png","contentUrl":"https:\/\/kidsplay.lt\/wp-content\/uploads\/2023\/07\/kidsplay-logo.png","width":451,"height":98,"caption":"KidsPlay"},"image":{"@id":"https:\/\/kidsplay.lt\/#\/schema\/logo\/image\/"},"sameAs":["https:\/\/www.facebook.com\/www.kidsplay.lt"]}]}},"_links":{"self":[{"href":"https:\/\/kidsplay.lt\/lv\/wp-json\/wp\/v2\/product\/96512","targetHints":{"allow":["GET"]}}],"collection":[{"href":"https:\/\/kidsplay.lt\/lv\/wp-json\/wp\/v2\/product"}],"about":[{"href":"https:\/\/kidsplay.lt\/lv\/wp-json\/wp\/v2\/types\/product"}],"version-history":[{"count":1,"href":"https:\/\/kidsplay.lt\/lv\/wp-json\/wp\/v2\/product\/96512\/revisions"}],"predecessor-version":[{"id":96513,"href":"https:\/\/kidsplay.lt\/lv\/wp-json\/wp\/v2\/product\/96512\/revisions\/96513"}],"wp:featuredmedia":[{"embeddable":true,"href":"https:\/\/kidsplay.lt\/lv\/wp-json\/wp\/v2\/media\/96514"}],"wp:attachment":[{"href":"https:\/\/kidsplay.lt\/lv\/wp-json\/wp\/v2\/media?parent=96512"}],"wp:term":[{"taxonomy":"product_brand","embeddable":true,"href":"https:\/\/kidsplay.lt\/lv\/wp-json\/wp\/v2\/product_brand?post=96512"},{"taxonomy":"product_cat","embeddable":true,"href":"https:\/\/kidsplay.lt\/lv\/wp-json\/wp\/v2\/product_cat?post=96512"},{"taxonomy":"product_tag","embeddable":true,"href":"https:\/\/kidsplay.lt\/lv\/wp-json\/wp\/v2\/product_tag?post=96512"}],"curies":[{"name":"wp","href":"https:\/\/api.w.org\/{rel}","templated":true}]}}