{"id":96519,"date":"2026-03-26T11:47:10","date_gmt":"2026-03-26T09:47:10","guid":{"rendered":"https:\/\/kidsplay.lt\/produktas\/woopie-laisvai-stovintis-krepsinio-stovas-su-reguliuojamu-auksciu-90-170-cm-kamuolys\/"},"modified":"2026-04-07T09:34:33","modified_gmt":"2026-04-07T06:34:33","slug":"woopie-laisvai-stovintis-krepsinio-stovas-su-reguliuojamu-auksciu-90-170-cm-kamuolys","status":"publish","type":"product","link":"https:\/\/kidsplay.lt\/lv\/products\/woopie-laisvai-stovintis-krepsinio-stovas-su-reguliuojamu-auksciu-90-170-cm-kamuolys\/","title":{"rendered":"WOOPIE laisvai stovintis krep\u0161inio stovas su reguliuojamu auk\u0161\u010diu 90\u2013170\u202fcm + kamuolys"},"content":{"rendered":"<p>WOOPIE laisvai stovintis krep\u0161inio stovas su reguliuojamu auk\u0161\u010diu 90\u2013170\u202fcm + kamuolys \u2013 puikus b\u016bdas vaikui ugdyti meil\u0119 sportui ir skatinti laisvalaik\u012f gryname ore. \u0160is itin \u012ftraukiantis \u017eaidimas leid\u017eia sukurti tikr\u0105 krep\u0161inio aik\u0161tel\u0119 j\u016bs\u0173 sodo kieme, terasoje ar net didesniame kambaryje. Rinkinys turi tris reguliuojamus auk\u0161\u010dius: 90, 145 ir 170\u202fcm. Kiekvienas s\u0117kmingas metimas suteikia daug d\u017eiaugsmo ir stiprina pasitik\u0117jim\u0105 savimi. Tai puikus pasirinkimas energingiems vaikams, garantuojantis valand\u0173 valandas sveiko ir smagaus \u017eaidimo su \u0161eima ir draugais.<br \/>\nRaksturojums:<\/p>\n<p>Skirta vaikams nuo 3 met\u0173.<\/p>\n<p>Rinkinys pagamintas i\u0161 auk\u0161tos kokyb\u0117s med\u017eiag\u0173.<\/p>\n<p>Auk\u0161\u010dio reguliavimo sistema \u2013 3 nustatymai: 90, 145 ir 170\u202fcm.<\/p>\n<p>Plati ir tvirta baz\u0117 u\u017etikrina visi\u0161k\u0105 stabilum\u0105 ir saugum\u0105 net itin dinami\u0161ko \u017eaidimo metu.<\/p>\n<p>Vis\u0105 rinkin\u012f surinkti itin paprasta ir intuityvu, o tvirti ranken\u0117liai leid\u017eia greitai pakeisti auk\u0161t\u012f be sud\u0117ting\u0173 \u012franki\u0173.<\/p>\n<p>Rinkinyje yra:<\/p>\n<p>Lenta.<\/p>\n<p>Krep\u0161ys su tinklu.<\/p>\n<p>Guminis kamuolys.<\/p>\n<p>Pompa.<\/p>\n<p>Reguliuojamas stovas.<\/p>\n<p>Pagrindinis stovas.<\/p>","protected":false},"excerpt":{"rendered":"<p>WOOPIE laisvai stovintis krep\u0161inio stovas su reguliuojamu auk\u0161\u010diu 90\u2013170\u202fcm + kamuolys \u2013 puikus b\u016bdas vaikui ugdyti meil\u0119 sportui ir skatinti<\/p>","protected":false},"featured_media":96521,"template":"","meta":{"_acf_changed":false,"_glsr_average":0,"_glsr_ranking":0,"_glsr_reviews":0},"product_brand":[],"product_cat":[233,430],"product_tag":[],"class_list":{"0":"post-96519","1":"product","2":"type-product","3":"status-publish","4":"has-post-thumbnail","6":"product_cat-lauko-pramogos","7":"product_cat-zaidimai-ir-linksmybes","8":"\"style=\"background-color: #2ecc711c;\"","10":"first","11":"instock","12":"purchasable","13":"product-type-simple"},"acf":[],"yoast_head":"<!-- This site is optimized with the Yoast SEO plugin v27.3 - https:\/\/yoast.com\/product\/yoast-seo-wordpress\/ -->\n<title>WOOPIE laisvai stovintis krep\u0161inio stovas su reguliuojamu auk\u0161\u010diu 90\u2013170\u202fcm + kamuolys<\/title>\n<meta name=\"description\" content=\"WOOPIE laisvai stovintis krep\u0161inio stovas su reguliuojamu auk\u0161\u010diu 90\u2013170\u202fcm + kamuolys - KidsPlay. Did\u017eiausias vaik\u0173 \u017eaisl\u0173 pasirinkimas.\" \/>\n<meta name=\"robots\" content=\"index, follow, max-snippet:-1, max-image-preview:large, max-video-preview:-1\" \/>\n<link rel=\"canonical\" href=\"https:\/\/kidsplay.lt\/lv\/products\/woopie-laisvai-stovintis-krepsinio-stovas-su-reguliuojamu-auksciu-90-170-cm-kamuolys\/\" \/>\n<meta property=\"og:locale\" content=\"lv_LV\" \/>\n<meta property=\"og:type\" content=\"article\" \/>\n<meta property=\"og:title\" content=\"WOOPIE laisvai stovintis krep\u0161inio stovas su reguliuojamu auk\u0161\u010diu 90\u2013170\u202fcm + kamuolys\" \/>\n<meta property=\"og:description\" content=\"WOOPIE laisvai stovintis krep\u0161inio stovas su reguliuojamu auk\u0161\u010diu 90\u2013170\u202fcm + kamuolys - KidsPlay. Did\u017eiausias vaik\u0173 \u017eaisl\u0173 pasirinkimas.\" \/>\n<meta property=\"og:url\" content=\"https:\/\/kidsplay.lt\/lv\/products\/woopie-laisvai-stovintis-krepsinio-stovas-su-reguliuojamu-auksciu-90-170-cm-kamuolys\/\" \/>\n<meta property=\"og:site_name\" content=\"KidsPlay\" \/>\n<meta property=\"article:publisher\" content=\"https:\/\/www.facebook.com\/www.kidsplay.lt\" \/>\n<meta property=\"article:modified_time\" content=\"2026-04-07T06:34:33+00:00\" \/>\n<meta property=\"og:image\" content=\"https:\/\/kidsplay.lt\/wp-content\/uploads\/2026\/03\/WOOPIE-laisvai-stovintis-krepsinio-stovas-su-reguliuojamu-auksciu-90\u2013170-cm-kamuolys-1.jpg\" \/>\n\t<meta property=\"og:image:width\" content=\"2560\" \/>\n\t<meta property=\"og:image:height\" content=\"2560\" \/>\n\t<meta property=\"og:image:type\" content=\"image\/jpeg\" \/>\n<meta name=\"twitter:card\" content=\"summary_large_image\" \/>\n<meta name=\"twitter:label1\" content=\"Est. reading time\" \/>\n\t<meta name=\"twitter:data1\" content=\"1 min\u016bte\" \/>\n<script type=\"application\/ld+json\" class=\"yoast-schema-graph\">{\"@context\":\"https:\\\/\\\/schema.org\",\"@graph\":[{\"@type\":\"WebPage\",\"@id\":\"https:\\\/\\\/kidsplay.lt\\\/produktas\\\/woopie-laisvai-stovintis-krepsinio-stovas-su-reguliuojamu-auksciu-90-170-cm-kamuolys\\\/\",\"url\":\"https:\\\/\\\/kidsplay.lt\\\/produktas\\\/woopie-laisvai-stovintis-krepsinio-stovas-su-reguliuojamu-auksciu-90-170-cm-kamuolys\\\/\",\"name\":\"WOOPIE laisvai stovintis krep\u0161inio stovas su reguliuojamu auk\u0161\u010diu 90\u2013170\u202fcm + kamuolys\",\"isPartOf\":{\"@id\":\"https:\\\/\\\/kidsplay.lt\\\/#website\"},\"primaryImageOfPage\":{\"@id\":\"https:\\\/\\\/kidsplay.lt\\\/produktas\\\/woopie-laisvai-stovintis-krepsinio-stovas-su-reguliuojamu-auksciu-90-170-cm-kamuolys\\\/#primaryimage\"},\"image\":{\"@id\":\"https:\\\/\\\/kidsplay.lt\\\/produktas\\\/woopie-laisvai-stovintis-krepsinio-stovas-su-reguliuojamu-auksciu-90-170-cm-kamuolys\\\/#primaryimage\"},\"thumbnailUrl\":\"https:\\\/\\\/kidsplay.lt\\\/wp-content\\\/uploads\\\/2026\\\/03\\\/WOOPIE-laisvai-stovintis-krepsinio-stovas-su-reguliuojamu-auksciu-90\u2013170-cm-kamuolys-1.jpg\",\"datePublished\":\"2026-03-26T09:47:10+00:00\",\"dateModified\":\"2026-04-07T06:34:33+00:00\",\"description\":\"WOOPIE laisvai stovintis krep\u0161inio stovas su reguliuojamu auk\u0161\u010diu 90\u2013170\u202fcm + kamuolys - KidsPlay. Did\u017eiausias vaik\u0173 \u017eaisl\u0173 pasirinkimas.\",\"breadcrumb\":{\"@id\":\"https:\\\/\\\/kidsplay.lt\\\/produktas\\\/woopie-laisvai-stovintis-krepsinio-stovas-su-reguliuojamu-auksciu-90-170-cm-kamuolys\\\/#breadcrumb\"},\"inLanguage\":\"lv-LV\",\"potentialAction\":[{\"@type\":\"ReadAction\",\"target\":[\"https:\\\/\\\/kidsplay.lt\\\/produktas\\\/woopie-laisvai-stovintis-krepsinio-stovas-su-reguliuojamu-auksciu-90-170-cm-kamuolys\\\/\"]}]},{\"@type\":\"ImageObject\",\"inLanguage\":\"lv-LV\",\"@id\":\"https:\\\/\\\/kidsplay.lt\\\/produktas\\\/woopie-laisvai-stovintis-krepsinio-stovas-su-reguliuojamu-auksciu-90-170-cm-kamuolys\\\/#primaryimage\",\"url\":\"https:\\\/\\\/kidsplay.lt\\\/wp-content\\\/uploads\\\/2026\\\/03\\\/WOOPIE-laisvai-stovintis-krepsinio-stovas-su-reguliuojamu-auksciu-90\u2013170-cm-kamuolys-1.jpg\",\"contentUrl\":\"https:\\\/\\\/kidsplay.lt\\\/wp-content\\\/uploads\\\/2026\\\/03\\\/WOOPIE-laisvai-stovintis-krepsinio-stovas-su-reguliuojamu-auksciu-90\u2013170-cm-kamuolys-1.jpg\",\"width\":2560,\"height\":2560,\"caption\":\"WOOPIE laisvai stovintis krep\u0161inio stovas su reguliuojamu auk\u0161\u010diu 90\u2013170\u202fcm + kamuolys\"},{\"@type\":\"BreadcrumbList\",\"@id\":\"https:\\\/\\\/kidsplay.lt\\\/produktas\\\/woopie-laisvai-stovintis-krepsinio-stovas-su-reguliuojamu-auksciu-90-170-cm-kamuolys\\\/#breadcrumb\",\"itemListElement\":[{\"@type\":\"ListItem\",\"position\":1,\"name\":\"Pagrindinis\",\"item\":\"https:\\\/\\\/kidsplay.lt\\\/\"},{\"@type\":\"ListItem\",\"position\":2,\"name\":\"Parduotuv\u0117\",\"item\":\"https:\\\/\\\/kidsplay.lt\\\/parduotuve\\\/\"},{\"@type\":\"ListItem\",\"position\":3,\"name\":\"WOOPIE laisvai stovintis krep\u0161inio stovas su reguliuojamu auk\u0161\u010diu 90\u2013170\u202fcm + kamuolys\"}]},{\"@type\":\"WebSite\",\"@id\":\"https:\\\/\\\/kidsplay.lt\\\/#website\",\"url\":\"https:\\\/\\\/kidsplay.lt\\\/\",\"name\":\"Kidsplay.lt\",\"description\":\"\u012evairios prek\u0117s vaikams\",\"publisher\":{\"@id\":\"https:\\\/\\\/kidsplay.lt\\\/#organization\"},\"alternateName\":\"Kidsplay\",\"potentialAction\":[{\"@type\":\"SearchAction\",\"target\":{\"@type\":\"EntryPoint\",\"urlTemplate\":\"https:\\\/\\\/kidsplay.lt\\\/?s={search_term_string}\"},\"query-input\":{\"@type\":\"PropertyValueSpecification\",\"valueRequired\":true,\"valueName\":\"search_term_string\"}}],\"inLanguage\":\"lv-LV\"},{\"@type\":\"Organization\",\"@id\":\"https:\\\/\\\/kidsplay.lt\\\/#organization\",\"name\":\"KidsPlay\",\"url\":\"https:\\\/\\\/kidsplay.lt\\\/\",\"logo\":{\"@type\":\"ImageObject\",\"inLanguage\":\"lv-LV\",\"@id\":\"https:\\\/\\\/kidsplay.lt\\\/#\\\/schema\\\/logo\\\/image\\\/\",\"url\":\"https:\\\/\\\/kidsplay.lt\\\/wp-content\\\/uploads\\\/2023\\\/07\\\/kidsplay-logo.png\",\"contentUrl\":\"https:\\\/\\\/kidsplay.lt\\\/wp-content\\\/uploads\\\/2023\\\/07\\\/kidsplay-logo.png\",\"width\":451,\"height\":98,\"caption\":\"KidsPlay\"},\"image\":{\"@id\":\"https:\\\/\\\/kidsplay.lt\\\/#\\\/schema\\\/logo\\\/image\\\/\"},\"sameAs\":[\"https:\\\/\\\/www.facebook.com\\\/www.kidsplay.lt\"]}]}<\/script>\n<!-- \/ Yoast SEO plugin. -->","yoast_head_json":{"title":"WOOPIE laisvai stovintis krep\u0161inio stovas su reguliuojamu auk\u0161\u010diu 90\u2013170\u202fcm + kamuolys","description":"WOOPIE laisvai stovintis krep\u0161inio stovas su reguliuojamu auk\u0161\u010diu 90\u2013170\u202fcm + kamuolys - KidsPlay. Did\u017eiausias vaik\u0173 \u017eaisl\u0173 pasirinkimas.","robots":{"index":"index","follow":"follow","max-snippet":"max-snippet:-1","max-image-preview":"max-image-preview:large","max-video-preview":"max-video-preview:-1"},"canonical":"https:\/\/kidsplay.lt\/lv\/products\/woopie-laisvai-stovintis-krepsinio-stovas-su-reguliuojamu-auksciu-90-170-cm-kamuolys\/","og_locale":"lv_LV","og_type":"article","og_title":"WOOPIE laisvai stovintis krep\u0161inio stovas su reguliuojamu auk\u0161\u010diu 90\u2013170\u202fcm + kamuolys","og_description":"WOOPIE laisvai stovintis krep\u0161inio stovas su reguliuojamu auk\u0161\u010diu 90\u2013170\u202fcm + kamuolys - KidsPlay. Did\u017eiausias vaik\u0173 \u017eaisl\u0173 pasirinkimas.","og_url":"https:\/\/kidsplay.lt\/lv\/products\/woopie-laisvai-stovintis-krepsinio-stovas-su-reguliuojamu-auksciu-90-170-cm-kamuolys\/","og_site_name":"KidsPlay","article_publisher":"https:\/\/www.facebook.com\/www.kidsplay.lt","article_modified_time":"2026-04-07T06:34:33+00:00","og_image":[{"width":2560,"height":2560,"url":"https:\/\/kidsplay.lt\/wp-content\/uploads\/2026\/03\/WOOPIE-laisvai-stovintis-krepsinio-stovas-su-reguliuojamu-auksciu-90\u2013170-cm-kamuolys-1.jpg","type":"image\/jpeg"}],"twitter_card":"summary_large_image","twitter_misc":{"Est. reading time":"1 min\u016bte"},"schema":{"@context":"https:\/\/schema.org","@graph":[{"@type":"WebPage","@id":"https:\/\/kidsplay.lt\/produktas\/woopie-laisvai-stovintis-krepsinio-stovas-su-reguliuojamu-auksciu-90-170-cm-kamuolys\/","url":"https:\/\/kidsplay.lt\/produktas\/woopie-laisvai-stovintis-krepsinio-stovas-su-reguliuojamu-auksciu-90-170-cm-kamuolys\/","name":"WOOPIE laisvai stovintis krep\u0161inio stovas su reguliuojamu auk\u0161\u010diu 90\u2013170\u202fcm + kamuolys","isPartOf":{"@id":"https:\/\/kidsplay.lt\/#website"},"primaryImageOfPage":{"@id":"https:\/\/kidsplay.lt\/produktas\/woopie-laisvai-stovintis-krepsinio-stovas-su-reguliuojamu-auksciu-90-170-cm-kamuolys\/#primaryimage"},"image":{"@id":"https:\/\/kidsplay.lt\/produktas\/woopie-laisvai-stovintis-krepsinio-stovas-su-reguliuojamu-auksciu-90-170-cm-kamuolys\/#primaryimage"},"thumbnailUrl":"https:\/\/kidsplay.lt\/wp-content\/uploads\/2026\/03\/WOOPIE-laisvai-stovintis-krepsinio-stovas-su-reguliuojamu-auksciu-90\u2013170-cm-kamuolys-1.jpg","datePublished":"2026-03-26T09:47:10+00:00","dateModified":"2026-04-07T06:34:33+00:00","description":"WOOPIE laisvai stovintis krep\u0161inio stovas su reguliuojamu auk\u0161\u010diu 90\u2013170\u202fcm + kamuolys - KidsPlay. Did\u017eiausias vaik\u0173 \u017eaisl\u0173 pasirinkimas.","breadcrumb":{"@id":"https:\/\/kidsplay.lt\/produktas\/woopie-laisvai-stovintis-krepsinio-stovas-su-reguliuojamu-auksciu-90-170-cm-kamuolys\/#breadcrumb"},"inLanguage":"lv-LV","potentialAction":[{"@type":"ReadAction","target":["https:\/\/kidsplay.lt\/produktas\/woopie-laisvai-stovintis-krepsinio-stovas-su-reguliuojamu-auksciu-90-170-cm-kamuolys\/"]}]},{"@type":"ImageObject","inLanguage":"lv-LV","@id":"https:\/\/kidsplay.lt\/produktas\/woopie-laisvai-stovintis-krepsinio-stovas-su-reguliuojamu-auksciu-90-170-cm-kamuolys\/#primaryimage","url":"https:\/\/kidsplay.lt\/wp-content\/uploads\/2026\/03\/WOOPIE-laisvai-stovintis-krepsinio-stovas-su-reguliuojamu-auksciu-90\u2013170-cm-kamuolys-1.jpg","contentUrl":"https:\/\/kidsplay.lt\/wp-content\/uploads\/2026\/03\/WOOPIE-laisvai-stovintis-krepsinio-stovas-su-reguliuojamu-auksciu-90\u2013170-cm-kamuolys-1.jpg","width":2560,"height":2560,"caption":"WOOPIE laisvai stovintis krep\u0161inio stovas su reguliuojamu auk\u0161\u010diu 90\u2013170\u202fcm + kamuolys"},{"@type":"BreadcrumbList","@id":"https:\/\/kidsplay.lt\/produktas\/woopie-laisvai-stovintis-krepsinio-stovas-su-reguliuojamu-auksciu-90-170-cm-kamuolys\/#breadcrumb","itemListElement":[{"@type":"ListItem","position":1,"name":"Pagrindinis","item":"https:\/\/kidsplay.lt\/"},{"@type":"ListItem","position":2,"name":"Parduotuv\u0117","item":"https:\/\/kidsplay.lt\/parduotuve\/"},{"@type":"ListItem","position":3,"name":"WOOPIE laisvai stovintis krep\u0161inio stovas su reguliuojamu auk\u0161\u010diu 90\u2013170\u202fcm + kamuolys"}]},{"@type":"WebSite","@id":"https:\/\/kidsplay.lt\/#website","url":"https:\/\/kidsplay.lt\/","name":"B\u0113rnu sp\u0113les.lv","description":"\u012evairios prek\u0117s vaikams","publisher":{"@id":"https:\/\/kidsplay.lt\/#organization"},"alternateName":"Kidsplay","potentialAction":[{"@type":"SearchAction","target":{"@type":"EntryPoint","urlTemplate":"https:\/\/kidsplay.lt\/?s={search_term_string}"},"query-input":{"@type":"PropertyValueSpecification","valueRequired":true,"valueName":"search_term_string"}}],"inLanguage":"lv-LV"},{"@type":"Organization","@id":"https:\/\/kidsplay.lt\/#organization","name":"B\u0113rnu sp\u0113le","url":"https:\/\/kidsplay.lt\/","logo":{"@type":"ImageObject","inLanguage":"lv-LV","@id":"https:\/\/kidsplay.lt\/#\/schema\/logo\/image\/","url":"https:\/\/kidsplay.lt\/wp-content\/uploads\/2023\/07\/kidsplay-logo.png","contentUrl":"https:\/\/kidsplay.lt\/wp-content\/uploads\/2023\/07\/kidsplay-logo.png","width":451,"height":98,"caption":"KidsPlay"},"image":{"@id":"https:\/\/kidsplay.lt\/#\/schema\/logo\/image\/"},"sameAs":["https:\/\/www.facebook.com\/www.kidsplay.lt"]}]}},"_links":{"self":[{"href":"https:\/\/kidsplay.lt\/lv\/wp-json\/wp\/v2\/product\/96519","targetHints":{"allow":["GET"]}}],"collection":[{"href":"https:\/\/kidsplay.lt\/lv\/wp-json\/wp\/v2\/product"}],"about":[{"href":"https:\/\/kidsplay.lt\/lv\/wp-json\/wp\/v2\/types\/product"}],"version-history":[{"count":1,"href":"https:\/\/kidsplay.lt\/lv\/wp-json\/wp\/v2\/product\/96519\/revisions"}],"predecessor-version":[{"id":96520,"href":"https:\/\/kidsplay.lt\/lv\/wp-json\/wp\/v2\/product\/96519\/revisions\/96520"}],"wp:featuredmedia":[{"embeddable":true,"href":"https:\/\/kidsplay.lt\/lv\/wp-json\/wp\/v2\/media\/96521"}],"wp:attachment":[{"href":"https:\/\/kidsplay.lt\/lv\/wp-json\/wp\/v2\/media?parent=96519"}],"wp:term":[{"taxonomy":"product_brand","embeddable":true,"href":"https:\/\/kidsplay.lt\/lv\/wp-json\/wp\/v2\/product_brand?post=96519"},{"taxonomy":"product_cat","embeddable":true,"href":"https:\/\/kidsplay.lt\/lv\/wp-json\/wp\/v2\/product_cat?post=96519"},{"taxonomy":"product_tag","embeddable":true,"href":"https:\/\/kidsplay.lt\/lv\/wp-json\/wp\/v2\/product_tag?post=96519"}],"curies":[{"name":"wp","href":"https:\/\/api.w.org\/{rel}","templated":true}]}}