{"id":96532,"date":"2026-03-26T11:48:44","date_gmt":"2026-03-26T09:48:44","guid":{"rendered":"https:\/\/kidsplay.lt\/produktas\/dvipuse-magnetine-piesimo-ir-mokymosi-lenta-woopie-su-56-priedais\/"},"modified":"2026-04-07T09:35:20","modified_gmt":"2026-04-07T06:35:20","slug":"dvipuse-magnetine-piesimo-ir-mokymosi-lenta-woopie-su-56-priedais","status":"publish","type":"product","link":"https:\/\/kidsplay.lt\/lv\/products\/dvipuse-magnetine-piesimo-ir-mokymosi-lenta-woopie-su-56-priedais\/","title":{"rendered":"Dvipus\u0117 magnetin\u0117 pie\u0161imo ir mokymosi lenta WOOPIE su 56 priedais"},"content":{"rendered":"<p>Dvipus\u0117 magnetin\u0117 pie\u0161imo lenta i\u0161 WOOPIE \u2013 tai universali mokymosi ir k\u016brybini\u0173 \u012fg\u016bd\u017ei\u0173 lavinimo priemon\u0117. Rinkinyje yra visas reikaling\u0173 pried\u0173 komplektas, leid\u017eiantis vaikui naudoti lent\u0105 \u012fvairiais b\u016bdais. Lenta lengvai surenkama, turi reguliuojam\u0105 auk\u0161t\u012f, tod\u0117l puikiai prisitaiko prie bet kurio vaiko. Tai \u017eaislas, kuris kasdien prisideda prie vaiko vystymosi.<\/p>\n<p>\u2b50 Charakteristikos:<\/p>\n<p> \trekomenduojama nuo 3 met\u0173<br \/>\n \trinkinyje 56 detal\u0117s<br \/>\n \tdvipus\u0117 lenta \u2013 viena skirta kreidei, kita \u2013 markeriam<br \/>\n \treguliuojamas lentos auk\u0161tis<br \/>\n \tprodukto i\u0161matavimai: 67 x 37 x 25 cm<\/p>\n<p>\ud83c\udf81 Rinkinyje rasite:<\/p>\n<p> \tDvipus\u0119 lent\u0105 \u2013 viena pus\u0117 skirta ra\u0161yti markeriu, kita \u2013 kreidele (abi pus\u0117s magnetin\u0117s)<br \/>\n \t12 spalvot\u0173 kreideli\u0173 + 1 kreidel\u0117s laikiklis<br \/>\n \t5 markeriai, kuriuos galima pritvirtinti magnetu<br \/>\n \t26 raid\u017ei\u0173 magnetai: A\u2013Z<br \/>\n \t17 magnet\u0173 su skai\u010diais ir matematiniais simboliais: 0\u20139, +, -, x, \u00f7, =, ?, %<br \/>\n \t6 magnetai popieriaus lapui pritvirtinti<br \/>\n \tkempin\u0117l\u0117 kreidei nuvalyti<br \/>\n \t2 stalo \u017eaidimai \u2013 \u201eGyvat\u0117s ir kop\u0117\u010dios\u201c ir \u201eS\u0117km\u0117s\u201c<br \/>\n \t16 \u017eaidimo fig\u016br\u0117li\u0173 (4 spalvos po 4 vnt.) ir kauliukas<br \/>\n \t4 trafaretai pie\u0161imui ar aplikacijoms kurti<br \/>\n \tlentyn\u0117l\u0117 ir puodelis priemon\u0117ms susid\u0117ti<\/p>\n<p>\ud83c\udfa8 \u0160is edukacinis \u017eaislas padeda:<\/p>\n<p> \tlavinti smulki\u0105j\u0105 motorik\u0105<br \/>\n \tugdyti k\u016brybi\u0161kum\u0105 ir vaizduot\u0119<br \/>\n \ttobulinti meninius geb\u0117jimus<br \/>\n \tmokytis raid\u017ei\u0173 ir skai\u010di\u0173<br \/>\n \tgerinti rankos\u2013akies koordinacij\u0105<\/p>","protected":false},"excerpt":{"rendered":"<p>Dvipus\u0117 magnetin\u0117 pie\u0161imo lenta i\u0161 WOOPIE \u2013 tai universali mokymosi ir k\u016brybini\u0173 \u012fg\u016bd\u017ei\u0173 lavinimo priemon\u0117. Rinkinyje yra visas reikaling\u0173 pried\u0173<\/p>","protected":false},"featured_media":96534,"template":"","meta":{"_acf_changed":false,"_glsr_average":0,"_glsr_ranking":0,"_glsr_reviews":0},"product_brand":[],"product_cat":[388,229],"product_tag":[],"class_list":{"0":"post-96532","1":"product","2":"type-product","3":"status-publish","4":"has-post-thumbnail","6":"product_cat-edukaciniai-lavinamieji-zaislai","7":"product_cat-zaislai-vaikams","8":"\"style=\"background-color: #2ecc711c;\"","10":"first","11":"instock","12":"purchasable","13":"product-type-simple"},"acf":[],"yoast_head":"<!-- This site is optimized with the Yoast SEO plugin v27.3 - https:\/\/yoast.com\/product\/yoast-seo-wordpress\/ -->\n<title>Dvipus\u0117 magnetin\u0117 pie\u0161imo ir mokymosi lenta WOOPIE su 56 priedais<\/title>\n<meta name=\"description\" content=\"Dvipus\u0117 magnetin\u0117 pie\u0161imo ir mokymosi lenta WOOPIE su 56 priedais - KidsPlay. Did\u017eiausias vaik\u0173 \u017eaisl\u0173 pasirinkimas.\" \/>\n<meta name=\"robots\" content=\"index, follow, max-snippet:-1, max-image-preview:large, max-video-preview:-1\" \/>\n<link rel=\"canonical\" href=\"https:\/\/kidsplay.lt\/lv\/products\/dvipuse-magnetine-piesimo-ir-mokymosi-lenta-woopie-su-56-priedais\/\" \/>\n<meta property=\"og:locale\" content=\"lv_LV\" \/>\n<meta property=\"og:type\" content=\"article\" \/>\n<meta property=\"og:title\" content=\"Dvipus\u0117 magnetin\u0117 pie\u0161imo ir mokymosi lenta WOOPIE su 56 priedais\" \/>\n<meta property=\"og:description\" content=\"Dvipus\u0117 magnetin\u0117 pie\u0161imo ir mokymosi lenta WOOPIE su 56 priedais - KidsPlay. Did\u017eiausias vaik\u0173 \u017eaisl\u0173 pasirinkimas.\" \/>\n<meta property=\"og:url\" content=\"https:\/\/kidsplay.lt\/lv\/products\/dvipuse-magnetine-piesimo-ir-mokymosi-lenta-woopie-su-56-priedais\/\" \/>\n<meta property=\"og:site_name\" content=\"KidsPlay\" \/>\n<meta property=\"article:publisher\" content=\"https:\/\/www.facebook.com\/www.kidsplay.lt\" \/>\n<meta property=\"article:modified_time\" content=\"2026-04-07T06:35:20+00:00\" \/>\n<meta property=\"og:image\" content=\"https:\/\/kidsplay.lt\/wp-content\/uploads\/2026\/03\/Dvipuse-magnetine-piesimo-ir-mokymosi-lenta-WOOPIE-su-56-priedais-800x800.png\" \/>\n\t<meta property=\"og:image:width\" content=\"800\" \/>\n\t<meta property=\"og:image:height\" content=\"800\" \/>\n\t<meta property=\"og:image:type\" content=\"image\/png\" \/>\n<meta name=\"twitter:card\" content=\"summary_large_image\" \/>\n<meta name=\"twitter:label1\" content=\"Est. reading time\" \/>\n\t<meta name=\"twitter:data1\" content=\"1 min\u016bte\" \/>\n<script type=\"application\/ld+json\" class=\"yoast-schema-graph\">{\"@context\":\"https:\\\/\\\/schema.org\",\"@graph\":[{\"@type\":\"WebPage\",\"@id\":\"https:\\\/\\\/kidsplay.lt\\\/produktas\\\/dvipuse-magnetine-piesimo-ir-mokymosi-lenta-woopie-su-56-priedais\\\/\",\"url\":\"https:\\\/\\\/kidsplay.lt\\\/produktas\\\/dvipuse-magnetine-piesimo-ir-mokymosi-lenta-woopie-su-56-priedais\\\/\",\"name\":\"Dvipus\u0117 magnetin\u0117 pie\u0161imo ir mokymosi lenta WOOPIE su 56 priedais\",\"isPartOf\":{\"@id\":\"https:\\\/\\\/kidsplay.lt\\\/#website\"},\"primaryImageOfPage\":{\"@id\":\"https:\\\/\\\/kidsplay.lt\\\/produktas\\\/dvipuse-magnetine-piesimo-ir-mokymosi-lenta-woopie-su-56-priedais\\\/#primaryimage\"},\"image\":{\"@id\":\"https:\\\/\\\/kidsplay.lt\\\/produktas\\\/dvipuse-magnetine-piesimo-ir-mokymosi-lenta-woopie-su-56-priedais\\\/#primaryimage\"},\"thumbnailUrl\":\"https:\\\/\\\/kidsplay.lt\\\/wp-content\\\/uploads\\\/2026\\\/03\\\/Dvipuse-magnetine-piesimo-ir-mokymosi-lenta-WOOPIE-su-56-priedais.png\",\"datePublished\":\"2026-03-26T09:48:44+00:00\",\"dateModified\":\"2026-04-07T06:35:20+00:00\",\"description\":\"Dvipus\u0117 magnetin\u0117 pie\u0161imo ir mokymosi lenta WOOPIE su 56 priedais - KidsPlay. Did\u017eiausias vaik\u0173 \u017eaisl\u0173 pasirinkimas.\",\"breadcrumb\":{\"@id\":\"https:\\\/\\\/kidsplay.lt\\\/produktas\\\/dvipuse-magnetine-piesimo-ir-mokymosi-lenta-woopie-su-56-priedais\\\/#breadcrumb\"},\"inLanguage\":\"lv-LV\",\"potentialAction\":[{\"@type\":\"ReadAction\",\"target\":[\"https:\\\/\\\/kidsplay.lt\\\/produktas\\\/dvipuse-magnetine-piesimo-ir-mokymosi-lenta-woopie-su-56-priedais\\\/\"]}]},{\"@type\":\"ImageObject\",\"inLanguage\":\"lv-LV\",\"@id\":\"https:\\\/\\\/kidsplay.lt\\\/produktas\\\/dvipuse-magnetine-piesimo-ir-mokymosi-lenta-woopie-su-56-priedais\\\/#primaryimage\",\"url\":\"https:\\\/\\\/kidsplay.lt\\\/wp-content\\\/uploads\\\/2026\\\/03\\\/Dvipuse-magnetine-piesimo-ir-mokymosi-lenta-WOOPIE-su-56-priedais.png\",\"contentUrl\":\"https:\\\/\\\/kidsplay.lt\\\/wp-content\\\/uploads\\\/2026\\\/03\\\/Dvipuse-magnetine-piesimo-ir-mokymosi-lenta-WOOPIE-su-56-priedais.png\",\"width\":2560,\"height\":2560,\"caption\":\"Dvipus\u0117 magnetin\u0117 pie\u0161imo ir mokymosi lenta WOOPIE su 56 priedais\"},{\"@type\":\"BreadcrumbList\",\"@id\":\"https:\\\/\\\/kidsplay.lt\\\/produktas\\\/dvipuse-magnetine-piesimo-ir-mokymosi-lenta-woopie-su-56-priedais\\\/#breadcrumb\",\"itemListElement\":[{\"@type\":\"ListItem\",\"position\":1,\"name\":\"Pagrindinis\",\"item\":\"https:\\\/\\\/kidsplay.lt\\\/\"},{\"@type\":\"ListItem\",\"position\":2,\"name\":\"Parduotuv\u0117\",\"item\":\"https:\\\/\\\/kidsplay.lt\\\/parduotuve\\\/\"},{\"@type\":\"ListItem\",\"position\":3,\"name\":\"Dvipus\u0117 magnetin\u0117 pie\u0161imo ir mokymosi lenta WOOPIE su 56 priedais\"}]},{\"@type\":\"WebSite\",\"@id\":\"https:\\\/\\\/kidsplay.lt\\\/#website\",\"url\":\"https:\\\/\\\/kidsplay.lt\\\/\",\"name\":\"Kidsplay.lt\",\"description\":\"\u012evairios prek\u0117s vaikams\",\"publisher\":{\"@id\":\"https:\\\/\\\/kidsplay.lt\\\/#organization\"},\"alternateName\":\"Kidsplay\",\"potentialAction\":[{\"@type\":\"SearchAction\",\"target\":{\"@type\":\"EntryPoint\",\"urlTemplate\":\"https:\\\/\\\/kidsplay.lt\\\/?s={search_term_string}\"},\"query-input\":{\"@type\":\"PropertyValueSpecification\",\"valueRequired\":true,\"valueName\":\"search_term_string\"}}],\"inLanguage\":\"lv-LV\"},{\"@type\":\"Organization\",\"@id\":\"https:\\\/\\\/kidsplay.lt\\\/#organization\",\"name\":\"KidsPlay\",\"url\":\"https:\\\/\\\/kidsplay.lt\\\/\",\"logo\":{\"@type\":\"ImageObject\",\"inLanguage\":\"lv-LV\",\"@id\":\"https:\\\/\\\/kidsplay.lt\\\/#\\\/schema\\\/logo\\\/image\\\/\",\"url\":\"https:\\\/\\\/kidsplay.lt\\\/wp-content\\\/uploads\\\/2023\\\/07\\\/kidsplay-logo.png\",\"contentUrl\":\"https:\\\/\\\/kidsplay.lt\\\/wp-content\\\/uploads\\\/2023\\\/07\\\/kidsplay-logo.png\",\"width\":451,\"height\":98,\"caption\":\"KidsPlay\"},\"image\":{\"@id\":\"https:\\\/\\\/kidsplay.lt\\\/#\\\/schema\\\/logo\\\/image\\\/\"},\"sameAs\":[\"https:\\\/\\\/www.facebook.com\\\/www.kidsplay.lt\"]}]}<\/script>\n<!-- \/ Yoast SEO plugin. -->","yoast_head_json":{"title":"Dvipus\u0117 magnetin\u0117 pie\u0161imo ir mokymosi lenta WOOPIE su 56 priedais","description":"Dvipus\u0117 magnetin\u0117 pie\u0161imo ir mokymosi lenta WOOPIE su 56 priedais - KidsPlay. Did\u017eiausias vaik\u0173 \u017eaisl\u0173 pasirinkimas.","robots":{"index":"index","follow":"follow","max-snippet":"max-snippet:-1","max-image-preview":"max-image-preview:large","max-video-preview":"max-video-preview:-1"},"canonical":"https:\/\/kidsplay.lt\/lv\/products\/dvipuse-magnetine-piesimo-ir-mokymosi-lenta-woopie-su-56-priedais\/","og_locale":"lv_LV","og_type":"article","og_title":"Dvipus\u0117 magnetin\u0117 pie\u0161imo ir mokymosi lenta WOOPIE su 56 priedais","og_description":"Dvipus\u0117 magnetin\u0117 pie\u0161imo ir mokymosi lenta WOOPIE su 56 priedais - KidsPlay. Did\u017eiausias vaik\u0173 \u017eaisl\u0173 pasirinkimas.","og_url":"https:\/\/kidsplay.lt\/lv\/products\/dvipuse-magnetine-piesimo-ir-mokymosi-lenta-woopie-su-56-priedais\/","og_site_name":"KidsPlay","article_publisher":"https:\/\/www.facebook.com\/www.kidsplay.lt","article_modified_time":"2026-04-07T06:35:20+00:00","og_image":[{"width":800,"height":800,"url":"https:\/\/kidsplay.lt\/wp-content\/uploads\/2026\/03\/Dvipuse-magnetine-piesimo-ir-mokymosi-lenta-WOOPIE-su-56-priedais-800x800.png","type":"image\/png"}],"twitter_card":"summary_large_image","twitter_misc":{"Est. reading time":"1 min\u016bte"},"schema":{"@context":"https:\/\/schema.org","@graph":[{"@type":"WebPage","@id":"https:\/\/kidsplay.lt\/produktas\/dvipuse-magnetine-piesimo-ir-mokymosi-lenta-woopie-su-56-priedais\/","url":"https:\/\/kidsplay.lt\/produktas\/dvipuse-magnetine-piesimo-ir-mokymosi-lenta-woopie-su-56-priedais\/","name":"Dvipus\u0117 magnetin\u0117 pie\u0161imo ir mokymosi lenta WOOPIE su 56 priedais","isPartOf":{"@id":"https:\/\/kidsplay.lt\/#website"},"primaryImageOfPage":{"@id":"https:\/\/kidsplay.lt\/produktas\/dvipuse-magnetine-piesimo-ir-mokymosi-lenta-woopie-su-56-priedais\/#primaryimage"},"image":{"@id":"https:\/\/kidsplay.lt\/produktas\/dvipuse-magnetine-piesimo-ir-mokymosi-lenta-woopie-su-56-priedais\/#primaryimage"},"thumbnailUrl":"https:\/\/kidsplay.lt\/wp-content\/uploads\/2026\/03\/Dvipuse-magnetine-piesimo-ir-mokymosi-lenta-WOOPIE-su-56-priedais.png","datePublished":"2026-03-26T09:48:44+00:00","dateModified":"2026-04-07T06:35:20+00:00","description":"Dvipus\u0117 magnetin\u0117 pie\u0161imo ir mokymosi lenta WOOPIE su 56 priedais - KidsPlay. Did\u017eiausias vaik\u0173 \u017eaisl\u0173 pasirinkimas.","breadcrumb":{"@id":"https:\/\/kidsplay.lt\/produktas\/dvipuse-magnetine-piesimo-ir-mokymosi-lenta-woopie-su-56-priedais\/#breadcrumb"},"inLanguage":"lv-LV","potentialAction":[{"@type":"ReadAction","target":["https:\/\/kidsplay.lt\/produktas\/dvipuse-magnetine-piesimo-ir-mokymosi-lenta-woopie-su-56-priedais\/"]}]},{"@type":"ImageObject","inLanguage":"lv-LV","@id":"https:\/\/kidsplay.lt\/produktas\/dvipuse-magnetine-piesimo-ir-mokymosi-lenta-woopie-su-56-priedais\/#primaryimage","url":"https:\/\/kidsplay.lt\/wp-content\/uploads\/2026\/03\/Dvipuse-magnetine-piesimo-ir-mokymosi-lenta-WOOPIE-su-56-priedais.png","contentUrl":"https:\/\/kidsplay.lt\/wp-content\/uploads\/2026\/03\/Dvipuse-magnetine-piesimo-ir-mokymosi-lenta-WOOPIE-su-56-priedais.png","width":2560,"height":2560,"caption":"Dvipus\u0117 magnetin\u0117 pie\u0161imo ir mokymosi lenta WOOPIE su 56 priedais"},{"@type":"BreadcrumbList","@id":"https:\/\/kidsplay.lt\/produktas\/dvipuse-magnetine-piesimo-ir-mokymosi-lenta-woopie-su-56-priedais\/#breadcrumb","itemListElement":[{"@type":"ListItem","position":1,"name":"Pagrindinis","item":"https:\/\/kidsplay.lt\/"},{"@type":"ListItem","position":2,"name":"Parduotuv\u0117","item":"https:\/\/kidsplay.lt\/parduotuve\/"},{"@type":"ListItem","position":3,"name":"Dvipus\u0117 magnetin\u0117 pie\u0161imo ir mokymosi lenta WOOPIE su 56 priedais"}]},{"@type":"WebSite","@id":"https:\/\/kidsplay.lt\/#website","url":"https:\/\/kidsplay.lt\/","name":"B\u0113rnu sp\u0113les.lv","description":"\u012evairios prek\u0117s vaikams","publisher":{"@id":"https:\/\/kidsplay.lt\/#organization"},"alternateName":"Kidsplay","potentialAction":[{"@type":"SearchAction","target":{"@type":"EntryPoint","urlTemplate":"https:\/\/kidsplay.lt\/?s={search_term_string}"},"query-input":{"@type":"PropertyValueSpecification","valueRequired":true,"valueName":"search_term_string"}}],"inLanguage":"lv-LV"},{"@type":"Organization","@id":"https:\/\/kidsplay.lt\/#organization","name":"B\u0113rnu sp\u0113le","url":"https:\/\/kidsplay.lt\/","logo":{"@type":"ImageObject","inLanguage":"lv-LV","@id":"https:\/\/kidsplay.lt\/#\/schema\/logo\/image\/","url":"https:\/\/kidsplay.lt\/wp-content\/uploads\/2023\/07\/kidsplay-logo.png","contentUrl":"https:\/\/kidsplay.lt\/wp-content\/uploads\/2023\/07\/kidsplay-logo.png","width":451,"height":98,"caption":"KidsPlay"},"image":{"@id":"https:\/\/kidsplay.lt\/#\/schema\/logo\/image\/"},"sameAs":["https:\/\/www.facebook.com\/www.kidsplay.lt"]}]}},"_links":{"self":[{"href":"https:\/\/kidsplay.lt\/lv\/wp-json\/wp\/v2\/product\/96532","targetHints":{"allow":["GET"]}}],"collection":[{"href":"https:\/\/kidsplay.lt\/lv\/wp-json\/wp\/v2\/product"}],"about":[{"href":"https:\/\/kidsplay.lt\/lv\/wp-json\/wp\/v2\/types\/product"}],"version-history":[{"count":1,"href":"https:\/\/kidsplay.lt\/lv\/wp-json\/wp\/v2\/product\/96532\/revisions"}],"predecessor-version":[{"id":96533,"href":"https:\/\/kidsplay.lt\/lv\/wp-json\/wp\/v2\/product\/96532\/revisions\/96533"}],"wp:featuredmedia":[{"embeddable":true,"href":"https:\/\/kidsplay.lt\/lv\/wp-json\/wp\/v2\/media\/96534"}],"wp:attachment":[{"href":"https:\/\/kidsplay.lt\/lv\/wp-json\/wp\/v2\/media?parent=96532"}],"wp:term":[{"taxonomy":"product_brand","embeddable":true,"href":"https:\/\/kidsplay.lt\/lv\/wp-json\/wp\/v2\/product_brand?post=96532"},{"taxonomy":"product_cat","embeddable":true,"href":"https:\/\/kidsplay.lt\/lv\/wp-json\/wp\/v2\/product_cat?post=96532"},{"taxonomy":"product_tag","embeddable":true,"href":"https:\/\/kidsplay.lt\/lv\/wp-json\/wp\/v2\/product_tag?post=96532"}],"curies":[{"name":"wp","href":"https:\/\/api.w.org\/{rel}","templated":true}]}}