{"id":96582,"date":"2026-03-29T23:09:56","date_gmt":"2026-03-29T20:09:56","guid":{"rendered":"https:\/\/kidsplay.lt\/?post_type=product&#038;p=96582"},"modified":"2026-03-29T23:09:56","modified_gmt":"2026-03-29T20:09:56","slug":"vaikiska-kede-su-atlosais-fotelis-meskiukas","status":"publish","type":"product","link":"https:\/\/kidsplay.lt\/lv\/products\/vaikiska-kede-su-atlosais-fotelis-meskiukas\/","title":{"rendered":"VAIKI\u0160KA K\u0116D\u0116 SU ATLO\u0160AIS FOTELIS ME\u0160KIUKAS"},"content":{"rendered":"<p>&#8222;Bobo Brown Bear&#8221; \u010diu\u017einys yra \u017eaislo, s\u0117dyn\u0117s, k\u0117d\u0117s ir gulto derinys. Pagaminta i\u0161 subtilaus, auk\u0161tos kokyb\u0117s pliu\u0161o, maloni liesti ir lengvai valoma. Modelis puikiai tinka dovanoms, krik\u0161tynoms, gimtadieniams ir bet kokiai kitai progai.<\/p>\n<p>Privalumai:<\/p>\n<p>Mink\u0161tas\u00a0\u010diu\u017einys<\/p>\n<p>Produktas skirtas vaikams vystymosi faz\u0117je (iki 8 met\u0173 am\u017eiaus))<\/p>\n<p>J\u016bs\u0173 vaikas nes\u0117d\u0117s ant \u017eem\u0117s, k\u0117dut\u0117 apsaugo nuo s\u0105ly\u010dio su \u0161altomis grindimis ir per\u0161alimo<\/p>\n<p>Idealus baldas kambariui, terasai, balkonui, svetainei, taip pat pasiimti su savimi atostogauti.<\/p>\n<p>Visi \u017eaislai yra nauji ir be defekt\u0173, su gamintojo etiket\u0117mis<\/p>\n<p>D\u0117l lengvumo j\u012f lengva perkelti<\/p>\n<p>Pasak\u0173 modeliai, kuriuos suk\u016br\u0117 pedagogin\u012f i\u0161silavinim\u0105 turintys \u017emon\u0117s<\/p>\n<p>Vaikas gali jame s\u0117d\u0117ti, \u017eaisti, miegoti, i\u0161mokti i\u0161laikyti s\u0117d\u0117jimo poz\u0105.<\/p>\n<p>&nbsp;<\/p>","protected":false},"excerpt":{"rendered":"<p>VAIKI\u0160KA K\u0116D\u0116 SU ATLO\u0160AIS FOTELIS ME\u0160KIUKAS<\/p>","protected":false},"featured_media":96583,"template":"","meta":{"_acf_changed":false,"_glsr_average":0,"_glsr_ranking":0,"_glsr_reviews":0},"product_brand":[],"product_cat":[265,255,254],"product_tag":[],"class_list":{"0":"post-96582","1":"product","2":"type-product","3":"status-publish","4":"has-post-thumbnail","6":"product_cat-dovanu-idejos","7":"product_cat-lovytes","8":"product_cat-vaiko-kambarys","9":"\"style=\"background-color: #2ecc711c;\"","11":"first","12":"instock","13":"shipping-taxable","14":"purchasable","15":"product-type-simple"},"acf":[],"yoast_head":"<!-- This site is optimized with the Yoast SEO plugin v27.3 - https:\/\/yoast.com\/product\/yoast-seo-wordpress\/ -->\n<title>VAIKI\u0160KA K\u0116D\u0116 SU ATLO\u0160AIS FOTELIS ME\u0160KIUKAS - KidsPlay<\/title>\n<meta name=\"description\" content=\"VAIKI\u0160KA K\u0116D\u0116 SU ATLO\u0160AIS FOTELIS ME\u0160KIUKAS - KidsPlay. Did\u017eiausias vaik\u0173 \u017eaisl\u0173 pasirinkimas.\" \/>\n<meta name=\"robots\" content=\"index, follow, max-snippet:-1, max-image-preview:large, max-video-preview:-1\" \/>\n<link rel=\"canonical\" href=\"https:\/\/kidsplay.lt\/lv\/products\/vaikiska-kede-su-atlosais-fotelis-meskiukas\/\" \/>\n<meta property=\"og:locale\" content=\"lv_LV\" \/>\n<meta property=\"og:type\" content=\"article\" \/>\n<meta property=\"og:title\" content=\"VAIKI\u0160KA K\u0116D\u0116 SU ATLO\u0160AIS FOTELIS ME\u0160KIUKAS - KidsPlay\" \/>\n<meta property=\"og:description\" content=\"VAIKI\u0160KA K\u0116D\u0116 SU ATLO\u0160AIS FOTELIS ME\u0160KIUKAS - KidsPlay. Did\u017eiausias vaik\u0173 \u017eaisl\u0173 pasirinkimas.\" \/>\n<meta property=\"og:url\" content=\"https:\/\/kidsplay.lt\/lv\/products\/vaikiska-kede-su-atlosais-fotelis-meskiukas\/\" \/>\n<meta property=\"og:site_name\" content=\"KidsPlay\" \/>\n<meta property=\"article:publisher\" content=\"https:\/\/www.facebook.com\/www.kidsplay.lt\" \/>\n<meta property=\"og:image\" content=\"https:\/\/kidsplay.lt\/wp-content\/uploads\/2026\/03\/Screenshot-2026-03-29-230427.png\" \/>\n\t<meta property=\"og:image:width\" content=\"830\" \/>\n\t<meta property=\"og:image:height\" content=\"690\" \/>\n\t<meta property=\"og:image:type\" content=\"image\/png\" \/>\n<meta name=\"twitter:card\" content=\"summary_large_image\" \/>\n<meta name=\"twitter:label1\" content=\"Est. reading time\" \/>\n\t<meta name=\"twitter:data1\" content=\"1 min\u016bte\" \/>\n<script type=\"application\/ld+json\" class=\"yoast-schema-graph\">{\"@context\":\"https:\\\/\\\/schema.org\",\"@graph\":[{\"@type\":\"WebPage\",\"@id\":\"https:\\\/\\\/kidsplay.lt\\\/produktas\\\/vaikiska-kede-su-atlosais-fotelis-meskiukas\\\/\",\"url\":\"https:\\\/\\\/kidsplay.lt\\\/produktas\\\/vaikiska-kede-su-atlosais-fotelis-meskiukas\\\/\",\"name\":\"VAIKI\u0160KA K\u0116D\u0116 SU ATLO\u0160AIS FOTELIS ME\u0160KIUKAS - KidsPlay\",\"isPartOf\":{\"@id\":\"https:\\\/\\\/kidsplay.lt\\\/#website\"},\"primaryImageOfPage\":{\"@id\":\"https:\\\/\\\/kidsplay.lt\\\/produktas\\\/vaikiska-kede-su-atlosais-fotelis-meskiukas\\\/#primaryimage\"},\"image\":{\"@id\":\"https:\\\/\\\/kidsplay.lt\\\/produktas\\\/vaikiska-kede-su-atlosais-fotelis-meskiukas\\\/#primaryimage\"},\"thumbnailUrl\":\"https:\\\/\\\/kidsplay.lt\\\/wp-content\\\/uploads\\\/2026\\\/03\\\/Screenshot-2026-03-29-230427.png\",\"datePublished\":\"2026-03-29T20:09:56+00:00\",\"description\":\"VAIKI\u0160KA K\u0116D\u0116 SU ATLO\u0160AIS FOTELIS ME\u0160KIUKAS - KidsPlay. Did\u017eiausias vaik\u0173 \u017eaisl\u0173 pasirinkimas.\",\"breadcrumb\":{\"@id\":\"https:\\\/\\\/kidsplay.lt\\\/produktas\\\/vaikiska-kede-su-atlosais-fotelis-meskiukas\\\/#breadcrumb\"},\"inLanguage\":\"lv-LV\",\"potentialAction\":[{\"@type\":\"ReadAction\",\"target\":[\"https:\\\/\\\/kidsplay.lt\\\/produktas\\\/vaikiska-kede-su-atlosais-fotelis-meskiukas\\\/\"]}]},{\"@type\":\"ImageObject\",\"inLanguage\":\"lv-LV\",\"@id\":\"https:\\\/\\\/kidsplay.lt\\\/produktas\\\/vaikiska-kede-su-atlosais-fotelis-meskiukas\\\/#primaryimage\",\"url\":\"https:\\\/\\\/kidsplay.lt\\\/wp-content\\\/uploads\\\/2026\\\/03\\\/Screenshot-2026-03-29-230427.png\",\"contentUrl\":\"https:\\\/\\\/kidsplay.lt\\\/wp-content\\\/uploads\\\/2026\\\/03\\\/Screenshot-2026-03-29-230427.png\",\"width\":830,\"height\":690},{\"@type\":\"BreadcrumbList\",\"@id\":\"https:\\\/\\\/kidsplay.lt\\\/produktas\\\/vaikiska-kede-su-atlosais-fotelis-meskiukas\\\/#breadcrumb\",\"itemListElement\":[{\"@type\":\"ListItem\",\"position\":1,\"name\":\"Pagrindinis\",\"item\":\"https:\\\/\\\/kidsplay.lt\\\/\"},{\"@type\":\"ListItem\",\"position\":2,\"name\":\"Parduotuv\u0117\",\"item\":\"https:\\\/\\\/kidsplay.lt\\\/parduotuve\\\/\"},{\"@type\":\"ListItem\",\"position\":3,\"name\":\"VAIKI\u0160KA K\u0116D\u0116 SU ATLO\u0160AIS FOTELIS ME\u0160KIUKAS\"}]},{\"@type\":\"WebSite\",\"@id\":\"https:\\\/\\\/kidsplay.lt\\\/#website\",\"url\":\"https:\\\/\\\/kidsplay.lt\\\/\",\"name\":\"Kidsplay.lt\",\"description\":\"\u012evairios prek\u0117s vaikams\",\"publisher\":{\"@id\":\"https:\\\/\\\/kidsplay.lt\\\/#organization\"},\"alternateName\":\"Kidsplay\",\"potentialAction\":[{\"@type\":\"SearchAction\",\"target\":{\"@type\":\"EntryPoint\",\"urlTemplate\":\"https:\\\/\\\/kidsplay.lt\\\/?s={search_term_string}\"},\"query-input\":{\"@type\":\"PropertyValueSpecification\",\"valueRequired\":true,\"valueName\":\"search_term_string\"}}],\"inLanguage\":\"lv-LV\"},{\"@type\":\"Organization\",\"@id\":\"https:\\\/\\\/kidsplay.lt\\\/#organization\",\"name\":\"KidsPlay\",\"url\":\"https:\\\/\\\/kidsplay.lt\\\/\",\"logo\":{\"@type\":\"ImageObject\",\"inLanguage\":\"lv-LV\",\"@id\":\"https:\\\/\\\/kidsplay.lt\\\/#\\\/schema\\\/logo\\\/image\\\/\",\"url\":\"https:\\\/\\\/kidsplay.lt\\\/wp-content\\\/uploads\\\/2023\\\/07\\\/kidsplay-logo.png\",\"contentUrl\":\"https:\\\/\\\/kidsplay.lt\\\/wp-content\\\/uploads\\\/2023\\\/07\\\/kidsplay-logo.png\",\"width\":451,\"height\":98,\"caption\":\"KidsPlay\"},\"image\":{\"@id\":\"https:\\\/\\\/kidsplay.lt\\\/#\\\/schema\\\/logo\\\/image\\\/\"},\"sameAs\":[\"https:\\\/\\\/www.facebook.com\\\/www.kidsplay.lt\"]}]}<\/script>\n<!-- \/ Yoast SEO plugin. -->","yoast_head_json":{"title":"VAIKI\u0160KA K\u0116D\u0116 SU ATLO\u0160AIS FOTELIS ME\u0160KIUKAS - KidsPlay","description":"VAIKI\u0160KA K\u0116D\u0116 SU ATLO\u0160AIS FOTELIS ME\u0160KIUKAS - KidsPlay. Did\u017eiausias vaik\u0173 \u017eaisl\u0173 pasirinkimas.","robots":{"index":"index","follow":"follow","max-snippet":"max-snippet:-1","max-image-preview":"max-image-preview:large","max-video-preview":"max-video-preview:-1"},"canonical":"https:\/\/kidsplay.lt\/lv\/products\/vaikiska-kede-su-atlosais-fotelis-meskiukas\/","og_locale":"lv_LV","og_type":"article","og_title":"VAIKI\u0160KA K\u0116D\u0116 SU ATLO\u0160AIS FOTELIS ME\u0160KIUKAS - KidsPlay","og_description":"VAIKI\u0160KA K\u0116D\u0116 SU ATLO\u0160AIS FOTELIS ME\u0160KIUKAS - KidsPlay. Did\u017eiausias vaik\u0173 \u017eaisl\u0173 pasirinkimas.","og_url":"https:\/\/kidsplay.lt\/lv\/products\/vaikiska-kede-su-atlosais-fotelis-meskiukas\/","og_site_name":"KidsPlay","article_publisher":"https:\/\/www.facebook.com\/www.kidsplay.lt","og_image":[{"width":830,"height":690,"url":"https:\/\/kidsplay.lt\/wp-content\/uploads\/2026\/03\/Screenshot-2026-03-29-230427.png","type":"image\/png"}],"twitter_card":"summary_large_image","twitter_misc":{"Est. reading time":"1 min\u016bte"},"schema":{"@context":"https:\/\/schema.org","@graph":[{"@type":"WebPage","@id":"https:\/\/kidsplay.lt\/produktas\/vaikiska-kede-su-atlosais-fotelis-meskiukas\/","url":"https:\/\/kidsplay.lt\/produktas\/vaikiska-kede-su-atlosais-fotelis-meskiukas\/","name":"VAIKI\u0160KA K\u0116D\u0116 SU ATLO\u0160AIS FOTELIS ME\u0160KIUKAS - KidsPlay","isPartOf":{"@id":"https:\/\/kidsplay.lt\/#website"},"primaryImageOfPage":{"@id":"https:\/\/kidsplay.lt\/produktas\/vaikiska-kede-su-atlosais-fotelis-meskiukas\/#primaryimage"},"image":{"@id":"https:\/\/kidsplay.lt\/produktas\/vaikiska-kede-su-atlosais-fotelis-meskiukas\/#primaryimage"},"thumbnailUrl":"https:\/\/kidsplay.lt\/wp-content\/uploads\/2026\/03\/Screenshot-2026-03-29-230427.png","datePublished":"2026-03-29T20:09:56+00:00","description":"VAIKI\u0160KA K\u0116D\u0116 SU ATLO\u0160AIS FOTELIS ME\u0160KIUKAS - KidsPlay. Did\u017eiausias vaik\u0173 \u017eaisl\u0173 pasirinkimas.","breadcrumb":{"@id":"https:\/\/kidsplay.lt\/produktas\/vaikiska-kede-su-atlosais-fotelis-meskiukas\/#breadcrumb"},"inLanguage":"lv-LV","potentialAction":[{"@type":"ReadAction","target":["https:\/\/kidsplay.lt\/produktas\/vaikiska-kede-su-atlosais-fotelis-meskiukas\/"]}]},{"@type":"ImageObject","inLanguage":"lv-LV","@id":"https:\/\/kidsplay.lt\/produktas\/vaikiska-kede-su-atlosais-fotelis-meskiukas\/#primaryimage","url":"https:\/\/kidsplay.lt\/wp-content\/uploads\/2026\/03\/Screenshot-2026-03-29-230427.png","contentUrl":"https:\/\/kidsplay.lt\/wp-content\/uploads\/2026\/03\/Screenshot-2026-03-29-230427.png","width":830,"height":690},{"@type":"BreadcrumbList","@id":"https:\/\/kidsplay.lt\/produktas\/vaikiska-kede-su-atlosais-fotelis-meskiukas\/#breadcrumb","itemListElement":[{"@type":"ListItem","position":1,"name":"Pagrindinis","item":"https:\/\/kidsplay.lt\/"},{"@type":"ListItem","position":2,"name":"Parduotuv\u0117","item":"https:\/\/kidsplay.lt\/parduotuve\/"},{"@type":"ListItem","position":3,"name":"VAIKI\u0160KA K\u0116D\u0116 SU ATLO\u0160AIS FOTELIS ME\u0160KIUKAS"}]},{"@type":"WebSite","@id":"https:\/\/kidsplay.lt\/#website","url":"https:\/\/kidsplay.lt\/","name":"B\u0113rnu sp\u0113les.lv","description":"\u012evairios prek\u0117s vaikams","publisher":{"@id":"https:\/\/kidsplay.lt\/#organization"},"alternateName":"Kidsplay","potentialAction":[{"@type":"SearchAction","target":{"@type":"EntryPoint","urlTemplate":"https:\/\/kidsplay.lt\/?s={search_term_string}"},"query-input":{"@type":"PropertyValueSpecification","valueRequired":true,"valueName":"search_term_string"}}],"inLanguage":"lv-LV"},{"@type":"Organization","@id":"https:\/\/kidsplay.lt\/#organization","name":"B\u0113rnu sp\u0113le","url":"https:\/\/kidsplay.lt\/","logo":{"@type":"ImageObject","inLanguage":"lv-LV","@id":"https:\/\/kidsplay.lt\/#\/schema\/logo\/image\/","url":"https:\/\/kidsplay.lt\/wp-content\/uploads\/2023\/07\/kidsplay-logo.png","contentUrl":"https:\/\/kidsplay.lt\/wp-content\/uploads\/2023\/07\/kidsplay-logo.png","width":451,"height":98,"caption":"KidsPlay"},"image":{"@id":"https:\/\/kidsplay.lt\/#\/schema\/logo\/image\/"},"sameAs":["https:\/\/www.facebook.com\/www.kidsplay.lt"]}]}},"_links":{"self":[{"href":"https:\/\/kidsplay.lt\/lv\/wp-json\/wp\/v2\/product\/96582","targetHints":{"allow":["GET"]}}],"collection":[{"href":"https:\/\/kidsplay.lt\/lv\/wp-json\/wp\/v2\/product"}],"about":[{"href":"https:\/\/kidsplay.lt\/lv\/wp-json\/wp\/v2\/types\/product"}],"version-history":[{"count":1,"href":"https:\/\/kidsplay.lt\/lv\/wp-json\/wp\/v2\/product\/96582\/revisions"}],"predecessor-version":[{"id":96588,"href":"https:\/\/kidsplay.lt\/lv\/wp-json\/wp\/v2\/product\/96582\/revisions\/96588"}],"wp:featuredmedia":[{"embeddable":true,"href":"https:\/\/kidsplay.lt\/lv\/wp-json\/wp\/v2\/media\/96583"}],"wp:attachment":[{"href":"https:\/\/kidsplay.lt\/lv\/wp-json\/wp\/v2\/media?parent=96582"}],"wp:term":[{"taxonomy":"product_brand","embeddable":true,"href":"https:\/\/kidsplay.lt\/lv\/wp-json\/wp\/v2\/product_brand?post=96582"},{"taxonomy":"product_cat","embeddable":true,"href":"https:\/\/kidsplay.lt\/lv\/wp-json\/wp\/v2\/product_cat?post=96582"},{"taxonomy":"product_tag","embeddable":true,"href":"https:\/\/kidsplay.lt\/lv\/wp-json\/wp\/v2\/product_tag?post=96582"}],"curies":[{"name":"wp","href":"https:\/\/api.w.org\/{rel}","templated":true}]}}