{"id":96771,"date":"2026-03-30T18:04:34","date_gmt":"2026-03-30T15:04:34","guid":{"rendered":"https:\/\/kidsplay.lt\/produktas\/mediniu-pasteliniu-kaladeliu-rinkinys-pilaite-28-daliu-konstruktorius-su-pagrindu\/"},"modified":"2026-04-15T15:19:48","modified_gmt":"2026-04-15T12:19:48","slug":"mediniu-pasteliniu-kaladeliu-rinkinys-pilaite-28-daliu-konstruktorius-su-pagrindu","status":"publish","type":"product","link":"https:\/\/kidsplay.lt\/lv\/products\/mediniu-pasteliniu-kaladeliu-rinkinys-pilaite-28-daliu-konstruktorius-su-pagrindu\/","title":{"rendered":"Koka paste\u013cu kluc\u012b\u0161u komplekts &quot;Pilait\u0117&quot; - 28 deta\u013cu konstruktors ar pamatni"},"content":{"rendered":"<p>Koka kluc\u012b\u0161i ir m\u016b\u017e\u012bga rota\u013clieta, ar kuru tagad sp\u0113l\u0113jas m\u016bsu vecvec\u0101ki, vec\u0101ki, m\u0113s un m\u016bsu b\u0113rni. \u0160is paste\u013cto\u0146u komplekts pal\u012bdz att\u012bst\u012bt galven\u0101s pirmsskolas izgl\u012bt\u012bbas prasmes: telpisko dom\u0101\u0161anu, rado\u0161umu, precizit\u0101ti un smalko motoriku. B\u016bv\u0113jot, b\u0113rni rada savas unik\u0101las \u0113kas, pilis, tor\u0146us vai cietok\u0161\u0146us - katra strukt\u016bra atspogu\u013co vi\u0146u individu\u0101lo stilu.<\/p>\n<p>Komplekts sast\u0101v no koka pamatnes un 28 da\u017e\u0101du formu un izm\u0113ru kluc\u012b\u0161iem. Kr\u0101sas - dab\u012bgs koks, violeta, roz\u0101, piparm\u0113tru, sarkana un za\u013ca - pie\u0161\u0137ir sp\u0113lei rota\u013c\u012bgu un est\u0113tisku saj\u016btu. Kluc\u012b\u0161i ir lieliski piem\u0113roti gan br\u012bvai sp\u0113lei, gan formu, kr\u0101su un l\u012bdzsvara apguvei.<\/p>\n<p>Visas deta\u013cas ir izgatavotas no augstas kvalit\u0101tes koka, r\u016bp\u012bgi sl\u012bp\u0113tas un kr\u0101sotas ar dro\u0161\u0101m, ko\u0161\u0101m kr\u0101s\u0101m. Koka rota\u013clietas ir \u0101rk\u0101rt\u012bgi iztur\u012bgas, t\u0101p\u0113c t\u0101s kalpos daudzus gadus.<\/p>\n<p>\ud83c\udf08 Iestatiet funkcijas<\/p>\n<p> \t28 koka kluc\u012b\u0161i da\u017e\u0101d\u0101s form\u0101s un kr\u0101s\u0101s<br \/>\n \tPaste\u013cto\u0146u kombin\u0101cija<br \/>\n \tKoka pamatne \u0113rtai konstrukcijai<br \/>\n \tAtt\u012bsta rado\u0161umu, motorisk\u0101s prasmes un telpisko izpratni<br \/>\n \tIztur\u012bgas, dro\u0161as un gludas deta\u013cas<br \/>\n \tLieliski piem\u0113rots d\u0101vanai<\/p>\n<p>\ud83d\udce6 Kas ir iek\u013cauts komplekt\u0101<\/p>\n<p> \t28 koka kluc\u012b\u0161i<br \/>\n \tKoka pamatne<\/p>\n<p>\ud83d\udccf Izm\u0113ri<\/p>\n<p> \tPamatne: 21 \u00d7 15 \u00d7 4 cm<br \/>\n \tIepakojums: 21 \u00d7 16 \u00d7 4 cm<\/p>\n<p>\ud83d\udce6 Papildinform\u0101cija<\/p>\n<p> \tB\u0113rniem no 3 gadu vecuma<br \/>\n \tIzgatavots no sertific\u0113tiem, dro\u0161iem materi\u0101liem<br \/>\n \tAtbilst EN71 dro\u0161\u012bbas standartam<br \/>\n \tIr CE sertifik\u0101ts<br \/>\n \tIepakota kr\u0101sain\u0101 kast\u012bt\u0113 \u2013 ide\u0101li piem\u0113rota d\u0101vanai<\/p>","protected":false},"excerpt":{"rendered":"<p>Medin\u0117s kalad\u0117l\u0117s \u2013 tai nesenstantis \u017eaislas, kuriuo \u017eaid\u0117 m\u016bs\u0173 seneliai, t\u0117vai, mes ir dabar \u017eaid\u017eia m\u016bs\u0173 vaikai. \u0160is pastelini\u0173 spalv\u0173<\/p>","protected":false},"featured_media":96773,"template":"","meta":{"_acf_changed":false,"_glsr_average":0,"_glsr_ranking":0,"_glsr_reviews":0},"product_brand":[],"product_cat":[409,883],"product_tag":[],"class_list":{"0":"post-96771","1":"product","2":"type-product","3":"status-publish","4":"has-post-thumbnail","6":"product_cat-mediniai-konstruktoriai-mediniai-zaislai","7":"product_cat-mediniai-zaislai-2","8":"\"style=\"background-color: #2ecc711c;\"","10":"first","11":"instock","12":"purchasable","13":"product-type-simple"},"acf":[],"yoast_head":"<!-- This site is optimized with the Yoast SEO plugin v27.4 - https:\/\/yoast.com\/product\/yoast-seo-wordpress\/ -->\n<title>Medini\u0173 pastelini\u0173 kalad\u0117li\u0173 rinkinys \u201ePilait\u0117\u201c \u2013 28 dali\u0173 konstruktorius su pagrindu<\/title>\n<meta name=\"description\" content=\"Medini\u0173 pastelini\u0173 kalad\u0117li\u0173 rinkinys \u201ePilait\u0117\u201c \u2013 28 dali\u0173 konstruktorius su pagrindu - KidsPlay. Did\u017eiausias vaik\u0173 \u017eaisl\u0173 pasirinkimas.\" \/>\n<meta name=\"robots\" content=\"index, follow, max-snippet:-1, max-image-preview:large, max-video-preview:-1\" \/>\n<link rel=\"canonical\" href=\"https:\/\/kidsplay.lt\/lv\/products\/mediniu-pasteliniu-kaladeliu-rinkinys-pilaite-28-daliu-konstruktorius-su-pagrindu\/\" \/>\n<meta property=\"og:locale\" content=\"lv_LV\" \/>\n<meta property=\"og:type\" content=\"article\" \/>\n<meta property=\"og:title\" content=\"Medini\u0173 pastelini\u0173 kalad\u0117li\u0173 rinkinys \u201ePilait\u0117\u201c \u2013 28 dali\u0173 konstruktorius su pagrindu\" \/>\n<meta property=\"og:description\" content=\"Medini\u0173 pastelini\u0173 kalad\u0117li\u0173 rinkinys \u201ePilait\u0117\u201c \u2013 28 dali\u0173 konstruktorius su pagrindu - KidsPlay. Did\u017eiausias vaik\u0173 \u017eaisl\u0173 pasirinkimas.\" \/>\n<meta property=\"og:url\" content=\"https:\/\/kidsplay.lt\/lv\/products\/mediniu-pasteliniu-kaladeliu-rinkinys-pilaite-28-daliu-konstruktorius-su-pagrindu\/\" \/>\n<meta property=\"og:site_name\" content=\"KidsPlay\" \/>\n<meta property=\"article:publisher\" content=\"https:\/\/www.facebook.com\/www.kidsplay.lt\" \/>\n<meta property=\"article:modified_time\" content=\"2026-04-15T12:19:48+00:00\" \/>\n<meta property=\"og:image\" content=\"https:\/\/kidsplay.lt\/wp-content\/uploads\/2026\/03\/Mediniu-pasteliniu-kaladeliu-rinkinys-\u201ePilaite-\u2013-28-daliu-konstruktorius-su-pagrindu.jpg\" \/>\n\t<meta property=\"og:image:width\" content=\"1000\" \/>\n\t<meta property=\"og:image:height\" content=\"750\" \/>\n\t<meta property=\"og:image:type\" content=\"image\/jpeg\" \/>\n<meta name=\"twitter:card\" content=\"summary_large_image\" \/>\n<meta name=\"twitter:label1\" content=\"Est. reading time\" \/>\n\t<meta name=\"twitter:data1\" content=\"1 min\u016bte\" \/>\n<script type=\"application\/ld+json\" class=\"yoast-schema-graph\">{\"@context\":\"https:\\\/\\\/schema.org\",\"@graph\":[{\"@type\":\"WebPage\",\"@id\":\"https:\\\/\\\/kidsplay.lt\\\/produktas\\\/mediniu-pasteliniu-kaladeliu-rinkinys-pilaite-28-daliu-konstruktorius-su-pagrindu\\\/\",\"url\":\"https:\\\/\\\/kidsplay.lt\\\/produktas\\\/mediniu-pasteliniu-kaladeliu-rinkinys-pilaite-28-daliu-konstruktorius-su-pagrindu\\\/\",\"name\":\"Medini\u0173 pastelini\u0173 kalad\u0117li\u0173 rinkinys \u201ePilait\u0117\u201c \u2013 28 dali\u0173 konstruktorius su pagrindu\",\"isPartOf\":{\"@id\":\"https:\\\/\\\/kidsplay.lt\\\/#website\"},\"primaryImageOfPage\":{\"@id\":\"https:\\\/\\\/kidsplay.lt\\\/produktas\\\/mediniu-pasteliniu-kaladeliu-rinkinys-pilaite-28-daliu-konstruktorius-su-pagrindu\\\/#primaryimage\"},\"image\":{\"@id\":\"https:\\\/\\\/kidsplay.lt\\\/produktas\\\/mediniu-pasteliniu-kaladeliu-rinkinys-pilaite-28-daliu-konstruktorius-su-pagrindu\\\/#primaryimage\"},\"thumbnailUrl\":\"https:\\\/\\\/kidsplay.lt\\\/wp-content\\\/uploads\\\/2026\\\/03\\\/Mediniu-pasteliniu-kaladeliu-rinkinys-\u201ePilaite-\u2013-28-daliu-konstruktorius-su-pagrindu.jpg\",\"datePublished\":\"2026-03-30T15:04:34+00:00\",\"dateModified\":\"2026-04-15T12:19:48+00:00\",\"description\":\"Medini\u0173 pastelini\u0173 kalad\u0117li\u0173 rinkinys \u201ePilait\u0117\u201c \u2013 28 dali\u0173 konstruktorius su pagrindu - KidsPlay. Did\u017eiausias vaik\u0173 \u017eaisl\u0173 pasirinkimas.\",\"breadcrumb\":{\"@id\":\"https:\\\/\\\/kidsplay.lt\\\/produktas\\\/mediniu-pasteliniu-kaladeliu-rinkinys-pilaite-28-daliu-konstruktorius-su-pagrindu\\\/#breadcrumb\"},\"inLanguage\":\"lv-LV\",\"potentialAction\":[{\"@type\":\"ReadAction\",\"target\":[\"https:\\\/\\\/kidsplay.lt\\\/produktas\\\/mediniu-pasteliniu-kaladeliu-rinkinys-pilaite-28-daliu-konstruktorius-su-pagrindu\\\/\"]}]},{\"@type\":\"ImageObject\",\"inLanguage\":\"lv-LV\",\"@id\":\"https:\\\/\\\/kidsplay.lt\\\/produktas\\\/mediniu-pasteliniu-kaladeliu-rinkinys-pilaite-28-daliu-konstruktorius-su-pagrindu\\\/#primaryimage\",\"url\":\"https:\\\/\\\/kidsplay.lt\\\/wp-content\\\/uploads\\\/2026\\\/03\\\/Mediniu-pasteliniu-kaladeliu-rinkinys-\u201ePilaite-\u2013-28-daliu-konstruktorius-su-pagrindu.jpg\",\"contentUrl\":\"https:\\\/\\\/kidsplay.lt\\\/wp-content\\\/uploads\\\/2026\\\/03\\\/Mediniu-pasteliniu-kaladeliu-rinkinys-\u201ePilaite-\u2013-28-daliu-konstruktorius-su-pagrindu.jpg\",\"width\":1000,\"height\":750,\"caption\":\"Medini\u0173 pastelini\u0173 kalad\u0117li\u0173 rinkinys \u201ePilait\u0117\u201c \u2013 28 dali\u0173 konstruktorius su pagrindu\"},{\"@type\":\"BreadcrumbList\",\"@id\":\"https:\\\/\\\/kidsplay.lt\\\/produktas\\\/mediniu-pasteliniu-kaladeliu-rinkinys-pilaite-28-daliu-konstruktorius-su-pagrindu\\\/#breadcrumb\",\"itemListElement\":[{\"@type\":\"ListItem\",\"position\":1,\"name\":\"Pagrindinis\",\"item\":\"https:\\\/\\\/kidsplay.lt\\\/\"},{\"@type\":\"ListItem\",\"position\":2,\"name\":\"Parduotuv\u0117\",\"item\":\"https:\\\/\\\/kidsplay.lt\\\/parduotuve\\\/\"},{\"@type\":\"ListItem\",\"position\":3,\"name\":\"Medini\u0173 pastelini\u0173 kalad\u0117li\u0173 rinkinys \u201ePilait\u0117\u201c \u2013 28 dali\u0173 konstruktorius su pagrindu\"}]},{\"@type\":\"WebSite\",\"@id\":\"https:\\\/\\\/kidsplay.lt\\\/#website\",\"url\":\"https:\\\/\\\/kidsplay.lt\\\/\",\"name\":\"Kidsplay.lt\",\"description\":\"\u012evairios prek\u0117s vaikams\",\"publisher\":{\"@id\":\"https:\\\/\\\/kidsplay.lt\\\/#organization\"},\"alternateName\":\"Kidsplay\",\"potentialAction\":[{\"@type\":\"SearchAction\",\"target\":{\"@type\":\"EntryPoint\",\"urlTemplate\":\"https:\\\/\\\/kidsplay.lt\\\/?s={search_term_string}\"},\"query-input\":{\"@type\":\"PropertyValueSpecification\",\"valueRequired\":true,\"valueName\":\"search_term_string\"}}],\"inLanguage\":\"lv-LV\"},{\"@type\":\"Organization\",\"@id\":\"https:\\\/\\\/kidsplay.lt\\\/#organization\",\"name\":\"KidsPlay\",\"url\":\"https:\\\/\\\/kidsplay.lt\\\/\",\"logo\":{\"@type\":\"ImageObject\",\"inLanguage\":\"lv-LV\",\"@id\":\"https:\\\/\\\/kidsplay.lt\\\/#\\\/schema\\\/logo\\\/image\\\/\",\"url\":\"https:\\\/\\\/kidsplay.lt\\\/wp-content\\\/uploads\\\/2023\\\/07\\\/kidsplay-logo.png\",\"contentUrl\":\"https:\\\/\\\/kidsplay.lt\\\/wp-content\\\/uploads\\\/2023\\\/07\\\/kidsplay-logo.png\",\"width\":451,\"height\":98,\"caption\":\"KidsPlay\"},\"image\":{\"@id\":\"https:\\\/\\\/kidsplay.lt\\\/#\\\/schema\\\/logo\\\/image\\\/\"},\"sameAs\":[\"https:\\\/\\\/www.facebook.com\\\/www.kidsplay.lt\"]}]}<\/script>\n<!-- \/ Yoast SEO plugin. -->","yoast_head_json":{"title":"Koka paste\u013cu kluc\u012b\u0161u komplekts &quot;Pilait\u0117&quot; - 28 deta\u013cu konstruktors ar pamatni","description":"Medini\u0173 pastelini\u0173 kalad\u0117li\u0173 rinkinys \u201ePilait\u0117\u201c \u2013 28 dali\u0173 konstruktorius su pagrindu - KidsPlay. Did\u017eiausias vaik\u0173 \u017eaisl\u0173 pasirinkimas.","robots":{"index":"index","follow":"follow","max-snippet":"max-snippet:-1","max-image-preview":"max-image-preview:large","max-video-preview":"max-video-preview:-1"},"canonical":"https:\/\/kidsplay.lt\/lv\/products\/mediniu-pasteliniu-kaladeliu-rinkinys-pilaite-28-daliu-konstruktorius-su-pagrindu\/","og_locale":"lv_LV","og_type":"article","og_title":"Medini\u0173 pastelini\u0173 kalad\u0117li\u0173 rinkinys \u201ePilait\u0117\u201c \u2013 28 dali\u0173 konstruktorius su pagrindu","og_description":"Medini\u0173 pastelini\u0173 kalad\u0117li\u0173 rinkinys \u201ePilait\u0117\u201c \u2013 28 dali\u0173 konstruktorius su pagrindu - KidsPlay. Did\u017eiausias vaik\u0173 \u017eaisl\u0173 pasirinkimas.","og_url":"https:\/\/kidsplay.lt\/lv\/products\/mediniu-pasteliniu-kaladeliu-rinkinys-pilaite-28-daliu-konstruktorius-su-pagrindu\/","og_site_name":"KidsPlay","article_publisher":"https:\/\/www.facebook.com\/www.kidsplay.lt","article_modified_time":"2026-04-15T12:19:48+00:00","og_image":[{"width":1000,"height":750,"url":"https:\/\/kidsplay.lt\/wp-content\/uploads\/2026\/03\/Mediniu-pasteliniu-kaladeliu-rinkinys-\u201ePilaite-\u2013-28-daliu-konstruktorius-su-pagrindu.jpg","type":"image\/jpeg"}],"twitter_card":"summary_large_image","twitter_misc":{"Est. reading time":"1 min\u016bte"},"schema":{"@context":"https:\/\/schema.org","@graph":[{"@type":"WebPage","@id":"https:\/\/kidsplay.lt\/produktas\/mediniu-pasteliniu-kaladeliu-rinkinys-pilaite-28-daliu-konstruktorius-su-pagrindu\/","url":"https:\/\/kidsplay.lt\/produktas\/mediniu-pasteliniu-kaladeliu-rinkinys-pilaite-28-daliu-konstruktorius-su-pagrindu\/","name":"Koka paste\u013cu kluc\u012b\u0161u komplekts &quot;Pilait\u0117&quot; - 28 deta\u013cu konstruktors ar pamatni","isPartOf":{"@id":"https:\/\/kidsplay.lt\/#website"},"primaryImageOfPage":{"@id":"https:\/\/kidsplay.lt\/produktas\/mediniu-pasteliniu-kaladeliu-rinkinys-pilaite-28-daliu-konstruktorius-su-pagrindu\/#primaryimage"},"image":{"@id":"https:\/\/kidsplay.lt\/produktas\/mediniu-pasteliniu-kaladeliu-rinkinys-pilaite-28-daliu-konstruktorius-su-pagrindu\/#primaryimage"},"thumbnailUrl":"https:\/\/kidsplay.lt\/wp-content\/uploads\/2026\/03\/Mediniu-pasteliniu-kaladeliu-rinkinys-\u201ePilaite-\u2013-28-daliu-konstruktorius-su-pagrindu.jpg","datePublished":"2026-03-30T15:04:34+00:00","dateModified":"2026-04-15T12:19:48+00:00","description":"Medini\u0173 pastelini\u0173 kalad\u0117li\u0173 rinkinys \u201ePilait\u0117\u201c \u2013 28 dali\u0173 konstruktorius su pagrindu - KidsPlay. Did\u017eiausias vaik\u0173 \u017eaisl\u0173 pasirinkimas.","breadcrumb":{"@id":"https:\/\/kidsplay.lt\/produktas\/mediniu-pasteliniu-kaladeliu-rinkinys-pilaite-28-daliu-konstruktorius-su-pagrindu\/#breadcrumb"},"inLanguage":"lv-LV","potentialAction":[{"@type":"ReadAction","target":["https:\/\/kidsplay.lt\/produktas\/mediniu-pasteliniu-kaladeliu-rinkinys-pilaite-28-daliu-konstruktorius-su-pagrindu\/"]}]},{"@type":"ImageObject","inLanguage":"lv-LV","@id":"https:\/\/kidsplay.lt\/produktas\/mediniu-pasteliniu-kaladeliu-rinkinys-pilaite-28-daliu-konstruktorius-su-pagrindu\/#primaryimage","url":"https:\/\/kidsplay.lt\/wp-content\/uploads\/2026\/03\/Mediniu-pasteliniu-kaladeliu-rinkinys-\u201ePilaite-\u2013-28-daliu-konstruktorius-su-pagrindu.jpg","contentUrl":"https:\/\/kidsplay.lt\/wp-content\/uploads\/2026\/03\/Mediniu-pasteliniu-kaladeliu-rinkinys-\u201ePilaite-\u2013-28-daliu-konstruktorius-su-pagrindu.jpg","width":1000,"height":750,"caption":"Medini\u0173 pastelini\u0173 kalad\u0117li\u0173 rinkinys \u201ePilait\u0117\u201c \u2013 28 dali\u0173 konstruktorius su pagrindu"},{"@type":"BreadcrumbList","@id":"https:\/\/kidsplay.lt\/produktas\/mediniu-pasteliniu-kaladeliu-rinkinys-pilaite-28-daliu-konstruktorius-su-pagrindu\/#breadcrumb","itemListElement":[{"@type":"ListItem","position":1,"name":"Pagrindinis","item":"https:\/\/kidsplay.lt\/"},{"@type":"ListItem","position":2,"name":"Parduotuv\u0117","item":"https:\/\/kidsplay.lt\/parduotuve\/"},{"@type":"ListItem","position":3,"name":"Medini\u0173 pastelini\u0173 kalad\u0117li\u0173 rinkinys \u201ePilait\u0117\u201c \u2013 28 dali\u0173 konstruktorius su pagrindu"}]},{"@type":"WebSite","@id":"https:\/\/kidsplay.lt\/#website","url":"https:\/\/kidsplay.lt\/","name":"B\u0113rnu sp\u0113les.lv","description":"\u012evairios prek\u0117s vaikams","publisher":{"@id":"https:\/\/kidsplay.lt\/#organization"},"alternateName":"Kidsplay","potentialAction":[{"@type":"SearchAction","target":{"@type":"EntryPoint","urlTemplate":"https:\/\/kidsplay.lt\/?s={search_term_string}"},"query-input":{"@type":"PropertyValueSpecification","valueRequired":true,"valueName":"search_term_string"}}],"inLanguage":"lv-LV"},{"@type":"Organization","@id":"https:\/\/kidsplay.lt\/#organization","name":"B\u0113rnu sp\u0113le","url":"https:\/\/kidsplay.lt\/","logo":{"@type":"ImageObject","inLanguage":"lv-LV","@id":"https:\/\/kidsplay.lt\/#\/schema\/logo\/image\/","url":"https:\/\/kidsplay.lt\/wp-content\/uploads\/2023\/07\/kidsplay-logo.png","contentUrl":"https:\/\/kidsplay.lt\/wp-content\/uploads\/2023\/07\/kidsplay-logo.png","width":451,"height":98,"caption":"KidsPlay"},"image":{"@id":"https:\/\/kidsplay.lt\/#\/schema\/logo\/image\/"},"sameAs":["https:\/\/www.facebook.com\/www.kidsplay.lt"]}]}},"_links":{"self":[{"href":"https:\/\/kidsplay.lt\/lv\/wp-json\/wp\/v2\/product\/96771","targetHints":{"allow":["GET"]}}],"collection":[{"href":"https:\/\/kidsplay.lt\/lv\/wp-json\/wp\/v2\/product"}],"about":[{"href":"https:\/\/kidsplay.lt\/lv\/wp-json\/wp\/v2\/types\/product"}],"version-history":[{"count":1,"href":"https:\/\/kidsplay.lt\/lv\/wp-json\/wp\/v2\/product\/96771\/revisions"}],"predecessor-version":[{"id":96772,"href":"https:\/\/kidsplay.lt\/lv\/wp-json\/wp\/v2\/product\/96771\/revisions\/96772"}],"wp:featuredmedia":[{"embeddable":true,"href":"https:\/\/kidsplay.lt\/lv\/wp-json\/wp\/v2\/media\/96773"}],"wp:attachment":[{"href":"https:\/\/kidsplay.lt\/lv\/wp-json\/wp\/v2\/media?parent=96771"}],"wp:term":[{"taxonomy":"product_brand","embeddable":true,"href":"https:\/\/kidsplay.lt\/lv\/wp-json\/wp\/v2\/product_brand?post=96771"},{"taxonomy":"product_cat","embeddable":true,"href":"https:\/\/kidsplay.lt\/lv\/wp-json\/wp\/v2\/product_cat?post=96771"},{"taxonomy":"product_tag","embeddable":true,"href":"https:\/\/kidsplay.lt\/lv\/wp-json\/wp\/v2\/product_tag?post=96771"}],"curies":[{"name":"wp","href":"https:\/\/api.w.org\/{rel}","templated":true}]}}