{"id":96884,"date":"2026-03-30T18:06:37","date_gmt":"2026-03-30T15:06:37","guid":{"rendered":"https:\/\/kidsplay.lt\/produktas\/ukio-pauksciu-figureliu-rinkinys-su-ukininku-ir-priedais\/"},"modified":"2026-04-15T15:20:42","modified_gmt":"2026-04-15T12:20:42","slug":"ukio-pauksciu-figureliu-rinkinys-su-ukininku-ir-priedais","status":"publish","type":"product","link":"https:\/\/kidsplay.lt\/lv\/products\/ukio-pauksciu-figureliu-rinkinys-su-ukininku-ir-priedais\/","title":{"rendered":"Fermas putnu fig\u016bri\u0146u komplekts ar fermeru un aksesu\u0101riem"},"content":{"rendered":"<p>\u0160is \u016bkio gyv\u016bn\u0173 fig\u016br\u0117li\u0173 rinkinys tikrai patiks kiekvienam ma\u017eajam \u016bkininkui. Vaikas gali susikurti savo mini \u016bk\u012f namuose, rinkti \u012fvairius gyv\u016bnus ir kurti \u017eaidim\u0173 scenarijus. Fig\u016br\u0117l\u0117s pagamintos itin kruop\u0161\u010diai, tod\u0117l primena tikrus \u016bkio pauk\u0161\u010dius ir suteikia \u017eaidimui daugiau realisti\u0161kumo.<\/p>\n<p>Rinkinyje esantys pauk\u0161\u010diai \u2013 stru\u010diai, vi\u0161tos, antys, \u017e\u0105sys \u2013 yra vieni pagrindini\u0173 \u016bkio gyv\u016bn\u0173, o \u016bkininko fig\u016br\u0117l\u0117 su karu\u010diu leid\u017eia kurti dar daugiau \u017eaidimo situacij\u0173. Fig\u016br\u0117li\u0173 dyd\u017eiai puikiai pritaikyti ma\u017eoms rankyt\u0117ms, tod\u0117l \u017eaid\u017eiant lav\u0117ja smulkioji motorika, tikslumas ir rank\u0173\u2013aki\u0173 koordinacija.<\/p>\n<p>Tai \u017eaislas, kuris skatina vaizduot\u0119, k\u016brybi\u0161kum\u0105 ir pa\u017einim\u0105.<\/p>\n<p>\ud83d\udc25 Rinkinio fig\u016br\u0117li\u0173 matmenys<\/p>\n<p> \tStrutis: 10 \u00d7 4 \u00d7 10 cm<br \/>\n \tVi\u0161ta: 5 \u00d7 2,5 \u00d7 6 cm<br \/>\n \tAntis: 6 \u00d7 3 \u00d7 6 cm<br \/>\n \t\u017d\u0105sis: 5 \u00d7 10 \u00d7 7 cm<br \/>\n \t\u016akininkas: 11 \u00d7 3 \u00d7 9 cm<\/p>\n<p>\ud83d\udccf Pakuot\u0117<\/p>\n<p> \tD\u0117\u017eut\u0117: 31 \u00d7 14 \u00d7 11 cm<\/p>\n<p>\ud83d\udce6 Papildinform\u0101cija<\/p>\n<p> \tB\u0113rniem no 3 gadu vecuma<br \/>\n \tAtbilst EN71 dro\u0161\u012bbas standartam<br \/>\n \tIr CE sertifik\u0101ts<br \/>\n \tSupakuota \u012f kartonin\u0119 d\u0117\u017eut\u0119 \u2013 puikiai tinka dovanai<\/p>","protected":false},"excerpt":{"rendered":"<p>\u0160is \u016bkio gyv\u016bn\u0173 fig\u016br\u0117li\u0173 rinkinys tikrai patiks kiekvienam ma\u017eajam \u016bkininkui. Vaikas gali susikurti savo mini \u016bk\u012f namuose, rinkti \u012fvairius gyv\u016bnus<\/p>","protected":false},"featured_media":96886,"template":"","meta":{"_acf_changed":false,"_glsr_average":0,"_glsr_ranking":0,"_glsr_reviews":0},"product_brand":[],"product_cat":[436,229],"product_tag":[],"class_list":{"0":"post-96884","1":"product","2":"type-product","3":"status-publish","4":"has-post-thumbnail","6":"product_cat-kolekcionuojamos-figureles","7":"product_cat-zaislai-vaikams","8":"\"style=\"background-color: #2ecc711c;\"","10":"first","11":"instock","12":"purchasable","13":"product-type-simple"},"acf":[],"yoast_head":"<!-- This site is optimized with the Yoast SEO plugin v27.4 - https:\/\/yoast.com\/product\/yoast-seo-wordpress\/ -->\n<title>\u016akio pauk\u0161\u010di\u0173 fig\u016br\u0117li\u0173 rinkinys su \u016bkininku ir priedais<\/title>\n<meta name=\"description\" content=\"\u016akio pauk\u0161\u010di\u0173 fig\u016br\u0117li\u0173 rinkinys su \u016bkininku ir priedais - KidsPlay. Did\u017eiausias vaik\u0173 \u017eaisl\u0173 pasirinkimas.\" \/>\n<meta name=\"robots\" content=\"index, follow, max-snippet:-1, max-image-preview:large, max-video-preview:-1\" \/>\n<link rel=\"canonical\" href=\"https:\/\/kidsplay.lt\/lv\/products\/ukio-pauksciu-figureliu-rinkinys-su-ukininku-ir-priedais\/\" \/>\n<meta property=\"og:locale\" content=\"lv_LV\" \/>\n<meta property=\"og:type\" content=\"article\" \/>\n<meta property=\"og:title\" content=\"\u016akio pauk\u0161\u010di\u0173 fig\u016br\u0117li\u0173 rinkinys su \u016bkininku ir priedais\" \/>\n<meta property=\"og:description\" content=\"\u016akio pauk\u0161\u010di\u0173 fig\u016br\u0117li\u0173 rinkinys su \u016bkininku ir priedais - KidsPlay. Did\u017eiausias vaik\u0173 \u017eaisl\u0173 pasirinkimas.\" \/>\n<meta property=\"og:url\" content=\"https:\/\/kidsplay.lt\/lv\/products\/ukio-pauksciu-figureliu-rinkinys-su-ukininku-ir-priedais\/\" \/>\n<meta property=\"og:site_name\" content=\"KidsPlay\" \/>\n<meta property=\"article:publisher\" content=\"https:\/\/www.facebook.com\/www.kidsplay.lt\" \/>\n<meta property=\"article:modified_time\" content=\"2026-04-15T12:20:42+00:00\" \/>\n<meta property=\"og:image\" content=\"https:\/\/kidsplay.lt\/wp-content\/uploads\/2026\/03\/Ukio-pauksciu-figureliu-rinkinys-su-ukininku-ir-priedais.png\" \/>\n\t<meta property=\"og:image:width\" content=\"1000\" \/>\n\t<meta property=\"og:image:height\" content=\"707\" \/>\n\t<meta property=\"og:image:type\" content=\"image\/png\" \/>\n<meta name=\"twitter:card\" content=\"summary_large_image\" \/>\n<meta name=\"twitter:label1\" content=\"Est. reading time\" \/>\n\t<meta name=\"twitter:data1\" content=\"1 min\u016bte\" \/>\n<script type=\"application\/ld+json\" class=\"yoast-schema-graph\">{\"@context\":\"https:\\\/\\\/schema.org\",\"@graph\":[{\"@type\":\"WebPage\",\"@id\":\"https:\\\/\\\/kidsplay.lt\\\/produktas\\\/ukio-pauksciu-figureliu-rinkinys-su-ukininku-ir-priedais\\\/\",\"url\":\"https:\\\/\\\/kidsplay.lt\\\/produktas\\\/ukio-pauksciu-figureliu-rinkinys-su-ukininku-ir-priedais\\\/\",\"name\":\"\u016akio pauk\u0161\u010di\u0173 fig\u016br\u0117li\u0173 rinkinys su \u016bkininku ir priedais\",\"isPartOf\":{\"@id\":\"https:\\\/\\\/kidsplay.lt\\\/#website\"},\"primaryImageOfPage\":{\"@id\":\"https:\\\/\\\/kidsplay.lt\\\/produktas\\\/ukio-pauksciu-figureliu-rinkinys-su-ukininku-ir-priedais\\\/#primaryimage\"},\"image\":{\"@id\":\"https:\\\/\\\/kidsplay.lt\\\/produktas\\\/ukio-pauksciu-figureliu-rinkinys-su-ukininku-ir-priedais\\\/#primaryimage\"},\"thumbnailUrl\":\"https:\\\/\\\/kidsplay.lt\\\/wp-content\\\/uploads\\\/2026\\\/03\\\/Ukio-pauksciu-figureliu-rinkinys-su-ukininku-ir-priedais.png\",\"datePublished\":\"2026-03-30T15:06:37+00:00\",\"dateModified\":\"2026-04-15T12:20:42+00:00\",\"description\":\"\u016akio pauk\u0161\u010di\u0173 fig\u016br\u0117li\u0173 rinkinys su \u016bkininku ir priedais - KidsPlay. Did\u017eiausias vaik\u0173 \u017eaisl\u0173 pasirinkimas.\",\"breadcrumb\":{\"@id\":\"https:\\\/\\\/kidsplay.lt\\\/produktas\\\/ukio-pauksciu-figureliu-rinkinys-su-ukininku-ir-priedais\\\/#breadcrumb\"},\"inLanguage\":\"lv-LV\",\"potentialAction\":[{\"@type\":\"ReadAction\",\"target\":[\"https:\\\/\\\/kidsplay.lt\\\/produktas\\\/ukio-pauksciu-figureliu-rinkinys-su-ukininku-ir-priedais\\\/\"]}]},{\"@type\":\"ImageObject\",\"inLanguage\":\"lv-LV\",\"@id\":\"https:\\\/\\\/kidsplay.lt\\\/produktas\\\/ukio-pauksciu-figureliu-rinkinys-su-ukininku-ir-priedais\\\/#primaryimage\",\"url\":\"https:\\\/\\\/kidsplay.lt\\\/wp-content\\\/uploads\\\/2026\\\/03\\\/Ukio-pauksciu-figureliu-rinkinys-su-ukininku-ir-priedais.png\",\"contentUrl\":\"https:\\\/\\\/kidsplay.lt\\\/wp-content\\\/uploads\\\/2026\\\/03\\\/Ukio-pauksciu-figureliu-rinkinys-su-ukininku-ir-priedais.png\",\"width\":1000,\"height\":707,\"caption\":\"\u016akio pauk\u0161\u010di\u0173 fig\u016br\u0117li\u0173 rinkinys su \u016bkininku ir priedais\"},{\"@type\":\"BreadcrumbList\",\"@id\":\"https:\\\/\\\/kidsplay.lt\\\/produktas\\\/ukio-pauksciu-figureliu-rinkinys-su-ukininku-ir-priedais\\\/#breadcrumb\",\"itemListElement\":[{\"@type\":\"ListItem\",\"position\":1,\"name\":\"Pagrindinis\",\"item\":\"https:\\\/\\\/kidsplay.lt\\\/\"},{\"@type\":\"ListItem\",\"position\":2,\"name\":\"Parduotuv\u0117\",\"item\":\"https:\\\/\\\/kidsplay.lt\\\/parduotuve\\\/\"},{\"@type\":\"ListItem\",\"position\":3,\"name\":\"\u016akio pauk\u0161\u010di\u0173 fig\u016br\u0117li\u0173 rinkinys su \u016bkininku ir priedais\"}]},{\"@type\":\"WebSite\",\"@id\":\"https:\\\/\\\/kidsplay.lt\\\/#website\",\"url\":\"https:\\\/\\\/kidsplay.lt\\\/\",\"name\":\"Kidsplay.lt\",\"description\":\"\u012evairios prek\u0117s vaikams\",\"publisher\":{\"@id\":\"https:\\\/\\\/kidsplay.lt\\\/#organization\"},\"alternateName\":\"Kidsplay\",\"potentialAction\":[{\"@type\":\"SearchAction\",\"target\":{\"@type\":\"EntryPoint\",\"urlTemplate\":\"https:\\\/\\\/kidsplay.lt\\\/?s={search_term_string}\"},\"query-input\":{\"@type\":\"PropertyValueSpecification\",\"valueRequired\":true,\"valueName\":\"search_term_string\"}}],\"inLanguage\":\"lv-LV\"},{\"@type\":\"Organization\",\"@id\":\"https:\\\/\\\/kidsplay.lt\\\/#organization\",\"name\":\"KidsPlay\",\"url\":\"https:\\\/\\\/kidsplay.lt\\\/\",\"logo\":{\"@type\":\"ImageObject\",\"inLanguage\":\"lv-LV\",\"@id\":\"https:\\\/\\\/kidsplay.lt\\\/#\\\/schema\\\/logo\\\/image\\\/\",\"url\":\"https:\\\/\\\/kidsplay.lt\\\/wp-content\\\/uploads\\\/2023\\\/07\\\/kidsplay-logo.png\",\"contentUrl\":\"https:\\\/\\\/kidsplay.lt\\\/wp-content\\\/uploads\\\/2023\\\/07\\\/kidsplay-logo.png\",\"width\":451,\"height\":98,\"caption\":\"KidsPlay\"},\"image\":{\"@id\":\"https:\\\/\\\/kidsplay.lt\\\/#\\\/schema\\\/logo\\\/image\\\/\"},\"sameAs\":[\"https:\\\/\\\/www.facebook.com\\\/www.kidsplay.lt\"]}]}<\/script>\n<!-- \/ Yoast SEO plugin. -->","yoast_head_json":{"title":"Fermas putnu fig\u016bri\u0146u komplekts ar fermeru un aksesu\u0101riem","description":"\u016akio pauk\u0161\u010di\u0173 fig\u016br\u0117li\u0173 rinkinys su \u016bkininku ir priedais - KidsPlay. Did\u017eiausias vaik\u0173 \u017eaisl\u0173 pasirinkimas.","robots":{"index":"index","follow":"follow","max-snippet":"max-snippet:-1","max-image-preview":"max-image-preview:large","max-video-preview":"max-video-preview:-1"},"canonical":"https:\/\/kidsplay.lt\/lv\/products\/ukio-pauksciu-figureliu-rinkinys-su-ukininku-ir-priedais\/","og_locale":"lv_LV","og_type":"article","og_title":"\u016akio pauk\u0161\u010di\u0173 fig\u016br\u0117li\u0173 rinkinys su \u016bkininku ir priedais","og_description":"\u016akio pauk\u0161\u010di\u0173 fig\u016br\u0117li\u0173 rinkinys su \u016bkininku ir priedais - KidsPlay. Did\u017eiausias vaik\u0173 \u017eaisl\u0173 pasirinkimas.","og_url":"https:\/\/kidsplay.lt\/lv\/products\/ukio-pauksciu-figureliu-rinkinys-su-ukininku-ir-priedais\/","og_site_name":"KidsPlay","article_publisher":"https:\/\/www.facebook.com\/www.kidsplay.lt","article_modified_time":"2026-04-15T12:20:42+00:00","og_image":[{"width":1000,"height":707,"url":"https:\/\/kidsplay.lt\/wp-content\/uploads\/2026\/03\/Ukio-pauksciu-figureliu-rinkinys-su-ukininku-ir-priedais.png","type":"image\/png"}],"twitter_card":"summary_large_image","twitter_misc":{"Est. reading time":"1 min\u016bte"},"schema":{"@context":"https:\/\/schema.org","@graph":[{"@type":"WebPage","@id":"https:\/\/kidsplay.lt\/produktas\/ukio-pauksciu-figureliu-rinkinys-su-ukininku-ir-priedais\/","url":"https:\/\/kidsplay.lt\/produktas\/ukio-pauksciu-figureliu-rinkinys-su-ukininku-ir-priedais\/","name":"Fermas putnu fig\u016bri\u0146u komplekts ar fermeru un aksesu\u0101riem","isPartOf":{"@id":"https:\/\/kidsplay.lt\/#website"},"primaryImageOfPage":{"@id":"https:\/\/kidsplay.lt\/produktas\/ukio-pauksciu-figureliu-rinkinys-su-ukininku-ir-priedais\/#primaryimage"},"image":{"@id":"https:\/\/kidsplay.lt\/produktas\/ukio-pauksciu-figureliu-rinkinys-su-ukininku-ir-priedais\/#primaryimage"},"thumbnailUrl":"https:\/\/kidsplay.lt\/wp-content\/uploads\/2026\/03\/Ukio-pauksciu-figureliu-rinkinys-su-ukininku-ir-priedais.png","datePublished":"2026-03-30T15:06:37+00:00","dateModified":"2026-04-15T12:20:42+00:00","description":"\u016akio pauk\u0161\u010di\u0173 fig\u016br\u0117li\u0173 rinkinys su \u016bkininku ir priedais - KidsPlay. Did\u017eiausias vaik\u0173 \u017eaisl\u0173 pasirinkimas.","breadcrumb":{"@id":"https:\/\/kidsplay.lt\/produktas\/ukio-pauksciu-figureliu-rinkinys-su-ukininku-ir-priedais\/#breadcrumb"},"inLanguage":"lv-LV","potentialAction":[{"@type":"ReadAction","target":["https:\/\/kidsplay.lt\/produktas\/ukio-pauksciu-figureliu-rinkinys-su-ukininku-ir-priedais\/"]}]},{"@type":"ImageObject","inLanguage":"lv-LV","@id":"https:\/\/kidsplay.lt\/produktas\/ukio-pauksciu-figureliu-rinkinys-su-ukininku-ir-priedais\/#primaryimage","url":"https:\/\/kidsplay.lt\/wp-content\/uploads\/2026\/03\/Ukio-pauksciu-figureliu-rinkinys-su-ukininku-ir-priedais.png","contentUrl":"https:\/\/kidsplay.lt\/wp-content\/uploads\/2026\/03\/Ukio-pauksciu-figureliu-rinkinys-su-ukininku-ir-priedais.png","width":1000,"height":707,"caption":"\u016akio pauk\u0161\u010di\u0173 fig\u016br\u0117li\u0173 rinkinys su \u016bkininku ir priedais"},{"@type":"BreadcrumbList","@id":"https:\/\/kidsplay.lt\/produktas\/ukio-pauksciu-figureliu-rinkinys-su-ukininku-ir-priedais\/#breadcrumb","itemListElement":[{"@type":"ListItem","position":1,"name":"Pagrindinis","item":"https:\/\/kidsplay.lt\/"},{"@type":"ListItem","position":2,"name":"Parduotuv\u0117","item":"https:\/\/kidsplay.lt\/parduotuve\/"},{"@type":"ListItem","position":3,"name":"\u016akio pauk\u0161\u010di\u0173 fig\u016br\u0117li\u0173 rinkinys su \u016bkininku ir priedais"}]},{"@type":"WebSite","@id":"https:\/\/kidsplay.lt\/#website","url":"https:\/\/kidsplay.lt\/","name":"B\u0113rnu sp\u0113les.lv","description":"\u012evairios prek\u0117s vaikams","publisher":{"@id":"https:\/\/kidsplay.lt\/#organization"},"alternateName":"Kidsplay","potentialAction":[{"@type":"SearchAction","target":{"@type":"EntryPoint","urlTemplate":"https:\/\/kidsplay.lt\/?s={search_term_string}"},"query-input":{"@type":"PropertyValueSpecification","valueRequired":true,"valueName":"search_term_string"}}],"inLanguage":"lv-LV"},{"@type":"Organization","@id":"https:\/\/kidsplay.lt\/#organization","name":"B\u0113rnu sp\u0113le","url":"https:\/\/kidsplay.lt\/","logo":{"@type":"ImageObject","inLanguage":"lv-LV","@id":"https:\/\/kidsplay.lt\/#\/schema\/logo\/image\/","url":"https:\/\/kidsplay.lt\/wp-content\/uploads\/2023\/07\/kidsplay-logo.png","contentUrl":"https:\/\/kidsplay.lt\/wp-content\/uploads\/2023\/07\/kidsplay-logo.png","width":451,"height":98,"caption":"KidsPlay"},"image":{"@id":"https:\/\/kidsplay.lt\/#\/schema\/logo\/image\/"},"sameAs":["https:\/\/www.facebook.com\/www.kidsplay.lt"]}]}},"_links":{"self":[{"href":"https:\/\/kidsplay.lt\/lv\/wp-json\/wp\/v2\/product\/96884","targetHints":{"allow":["GET"]}}],"collection":[{"href":"https:\/\/kidsplay.lt\/lv\/wp-json\/wp\/v2\/product"}],"about":[{"href":"https:\/\/kidsplay.lt\/lv\/wp-json\/wp\/v2\/types\/product"}],"version-history":[{"count":1,"href":"https:\/\/kidsplay.lt\/lv\/wp-json\/wp\/v2\/product\/96884\/revisions"}],"predecessor-version":[{"id":96885,"href":"https:\/\/kidsplay.lt\/lv\/wp-json\/wp\/v2\/product\/96884\/revisions\/96885"}],"wp:featuredmedia":[{"embeddable":true,"href":"https:\/\/kidsplay.lt\/lv\/wp-json\/wp\/v2\/media\/96886"}],"wp:attachment":[{"href":"https:\/\/kidsplay.lt\/lv\/wp-json\/wp\/v2\/media?parent=96884"}],"wp:term":[{"taxonomy":"product_brand","embeddable":true,"href":"https:\/\/kidsplay.lt\/lv\/wp-json\/wp\/v2\/product_brand?post=96884"},{"taxonomy":"product_cat","embeddable":true,"href":"https:\/\/kidsplay.lt\/lv\/wp-json\/wp\/v2\/product_cat?post=96884"},{"taxonomy":"product_tag","embeddable":true,"href":"https:\/\/kidsplay.lt\/lv\/wp-json\/wp\/v2\/product_tag?post=96884"}],"curies":[{"name":"wp","href":"https:\/\/api.w.org\/{rel}","templated":true}]}}