{"id":96890,"date":"2026-03-30T18:06:58","date_gmt":"2026-03-30T15:06:58","guid":{"rendered":"https:\/\/kidsplay.lt\/produktas\/technines-pagalbos-tralas-110-su-kranu-ir-vilkimo-virve-zalias\/"},"modified":"2026-04-13T10:57:27","modified_gmt":"2026-04-13T07:57:27","slug":"technines-pagalbos-tralas-110-su-kranu-ir-vilkimo-virve-zalias","status":"publish","type":"product","link":"https:\/\/kidsplay.lt\/lv\/products\/technines-pagalbos-tralas-110-su-kranu-ir-vilkimo-virve-zalias\/","title":{"rendered":"Technin\u0117s pagalbos tralas 1:10 su kranu ir vilkimo virve \u2013 \u017ealias"},"content":{"rendered":"<p>Plastikinis technin\u0117s pagalbos tralas taps nepakei\u010diamu \u017eaislu vaiko statyb\u0173 aik\u0161tel\u0117je ar \u201ekelyje\u201c \u012fvykus avarijai. \u0160is modelis skatina aktyv\u0173 \u017eaidim\u0105, lavina vaizduot\u0119 ir suteikia galimyb\u0119 kurti \u012fvairius gelb\u0117jimo scenarijus.<\/p>\n<p>Automobilis nuda\u017eytas ry\u0161kia \u017ealia spalva ir dekoruotas oran\u017eini\u0173 liepsn\u0173 lipdukais, kurie suteikia \u017eaislui i\u0161skirtin\u012f charakter\u012f. Gale \u012fmontuotas k\u0117limo kranas su vilkimo virve, o virv\u0117s gale pritvirtintas kabliukas leid\u017eia \u201eprikabinti\u201c kit\u0105 \u017eaislin\u012f automobil\u012f ir nugabenti j\u012f \u012f reikiam\u0105 viet\u0105.<\/p>\n<p>Papildomas privalumas \u2013 i\u0161traukiama \u0161onin\u0117 vilkimo virv\u0117, kuri\u0105 galima nustatyti tinkamu kampu. Modelis turi frikcin\u0119 pavar\u0105: patraukus atgal ir paleidus, automobilis \u012fgauna didel\u012f greit\u012f. Tai puikus papildymas bet kuriai transporto priemoni\u0173 kolekcijai.<\/p>\n<p>\ud83d\udccf Izm\u0113ri<\/p>\n<p> \tTransporto priemon\u0117: 44 \u00d7 17 \u00d7 24 cm<br \/>\n \tPakuot\u0117: 48 \u00d7 18 \u00d7 23 cm<\/p>\n<p>\ud83d\udce6 Papildinform\u0101cija<\/p>\n<p> \tB\u0113rniem no 3 gadu vecuma<br \/>\n \tAtbilst EN71 dro\u0161\u012bbas standartam<br \/>\n \tIr CE sertifik\u0101ts<br \/>\n \tPagaminta i\u0161 saugi\u0173, netoksi\u0161k\u0173 med\u017eiag\u0173<\/p>","protected":false},"excerpt":{"rendered":"<p>Plastikinis technin\u0117s pagalbos tralas taps nepakei\u010diamu \u017eaislu vaiko statyb\u0173 aik\u0161tel\u0117je ar \u201ekelyje\u201c \u012fvykus avarijai. \u0160is modelis skatina aktyv\u0173 \u017eaidim\u0105, lavina<\/p>","protected":false},"featured_media":96892,"template":"","meta":{"_acf_changed":false,"_glsr_average":0,"_glsr_ranking":0,"_glsr_reviews":0},"product_brand":[],"product_cat":[448,229],"product_tag":[],"class_list":{"0":"post-96890","1":"product","2":"type-product","3":"status-publish","4":"has-post-thumbnail","6":"product_cat-automobiliai-ir-transportas","7":"product_cat-zaislai-vaikams","8":"\"style=\"background-color: #2ecc711c;\"","10":"first","11":"instock","12":"purchasable","13":"product-type-simple"},"acf":[],"yoast_head":"<!-- This site is optimized with the Yoast SEO plugin v27.3 - https:\/\/yoast.com\/product\/yoast-seo-wordpress\/ -->\n<title>Technin\u0117s pagalbos tralas 1:10 su kranu ir vilkimo virve \u2013 \u017ealias<\/title>\n<meta name=\"description\" content=\"Technin\u0117s pagalbos tralas 1:10 su kranu ir vilkimo virve \u2013 \u017ealias - KidsPlay. Did\u017eiausias vaik\u0173 \u017eaisl\u0173 pasirinkimas.\" \/>\n<meta name=\"robots\" content=\"index, follow, max-snippet:-1, max-image-preview:large, max-video-preview:-1\" \/>\n<link rel=\"canonical\" href=\"https:\/\/kidsplay.lt\/lv\/products\/technines-pagalbos-tralas-110-su-kranu-ir-vilkimo-virve-zalias\/\" \/>\n<meta property=\"og:locale\" content=\"lv_LV\" \/>\n<meta property=\"og:type\" content=\"article\" \/>\n<meta property=\"og:title\" content=\"Technin\u0117s pagalbos tralas 1:10 su kranu ir vilkimo virve \u2013 \u017ealias\" \/>\n<meta property=\"og:description\" content=\"Technin\u0117s pagalbos tralas 1:10 su kranu ir vilkimo virve \u2013 \u017ealias - KidsPlay. Did\u017eiausias vaik\u0173 \u017eaisl\u0173 pasirinkimas.\" \/>\n<meta property=\"og:url\" content=\"https:\/\/kidsplay.lt\/lv\/products\/technines-pagalbos-tralas-110-su-kranu-ir-vilkimo-virve-zalias\/\" \/>\n<meta property=\"og:site_name\" content=\"KidsPlay\" \/>\n<meta property=\"article:publisher\" content=\"https:\/\/www.facebook.com\/www.kidsplay.lt\" \/>\n<meta property=\"article:modified_time\" content=\"2026-04-13T07:57:27+00:00\" \/>\n<meta property=\"og:image\" content=\"https:\/\/kidsplay.lt\/wp-content\/uploads\/2026\/03\/Technines-pagalbos-tralas-110-su-kranu-ir-vilkimo-virve-\u2013-zalias.jpg\" \/>\n\t<meta property=\"og:image:width\" content=\"1000\" \/>\n\t<meta property=\"og:image:height\" content=\"750\" \/>\n\t<meta property=\"og:image:type\" content=\"image\/jpeg\" \/>\n<meta name=\"twitter:card\" content=\"summary_large_image\" \/>\n<meta name=\"twitter:label1\" content=\"Est. reading time\" \/>\n\t<meta name=\"twitter:data1\" content=\"1 min\u016bte\" \/>\n<script type=\"application\/ld+json\" class=\"yoast-schema-graph\">{\"@context\":\"https:\\\/\\\/schema.org\",\"@graph\":[{\"@type\":\"WebPage\",\"@id\":\"https:\\\/\\\/kidsplay.lt\\\/produktas\\\/technines-pagalbos-tralas-110-su-kranu-ir-vilkimo-virve-zalias\\\/\",\"url\":\"https:\\\/\\\/kidsplay.lt\\\/produktas\\\/technines-pagalbos-tralas-110-su-kranu-ir-vilkimo-virve-zalias\\\/\",\"name\":\"Technin\u0117s pagalbos tralas 1:10 su kranu ir vilkimo virve \u2013 \u017ealias\",\"isPartOf\":{\"@id\":\"https:\\\/\\\/kidsplay.lt\\\/#website\"},\"primaryImageOfPage\":{\"@id\":\"https:\\\/\\\/kidsplay.lt\\\/produktas\\\/technines-pagalbos-tralas-110-su-kranu-ir-vilkimo-virve-zalias\\\/#primaryimage\"},\"image\":{\"@id\":\"https:\\\/\\\/kidsplay.lt\\\/produktas\\\/technines-pagalbos-tralas-110-su-kranu-ir-vilkimo-virve-zalias\\\/#primaryimage\"},\"thumbnailUrl\":\"https:\\\/\\\/kidsplay.lt\\\/wp-content\\\/uploads\\\/2026\\\/03\\\/Technines-pagalbos-tralas-110-su-kranu-ir-vilkimo-virve-\u2013-zalias.jpg\",\"datePublished\":\"2026-03-30T15:06:58+00:00\",\"dateModified\":\"2026-04-13T07:57:27+00:00\",\"description\":\"Technin\u0117s pagalbos tralas 1:10 su kranu ir vilkimo virve \u2013 \u017ealias - KidsPlay. Did\u017eiausias vaik\u0173 \u017eaisl\u0173 pasirinkimas.\",\"breadcrumb\":{\"@id\":\"https:\\\/\\\/kidsplay.lt\\\/produktas\\\/technines-pagalbos-tralas-110-su-kranu-ir-vilkimo-virve-zalias\\\/#breadcrumb\"},\"inLanguage\":\"lv-LV\",\"potentialAction\":[{\"@type\":\"ReadAction\",\"target\":[\"https:\\\/\\\/kidsplay.lt\\\/produktas\\\/technines-pagalbos-tralas-110-su-kranu-ir-vilkimo-virve-zalias\\\/\"]}]},{\"@type\":\"ImageObject\",\"inLanguage\":\"lv-LV\",\"@id\":\"https:\\\/\\\/kidsplay.lt\\\/produktas\\\/technines-pagalbos-tralas-110-su-kranu-ir-vilkimo-virve-zalias\\\/#primaryimage\",\"url\":\"https:\\\/\\\/kidsplay.lt\\\/wp-content\\\/uploads\\\/2026\\\/03\\\/Technines-pagalbos-tralas-110-su-kranu-ir-vilkimo-virve-\u2013-zalias.jpg\",\"contentUrl\":\"https:\\\/\\\/kidsplay.lt\\\/wp-content\\\/uploads\\\/2026\\\/03\\\/Technines-pagalbos-tralas-110-su-kranu-ir-vilkimo-virve-\u2013-zalias.jpg\",\"width\":1000,\"height\":750,\"caption\":\"Technin\u0117s pagalbos tralas 1:10 su kranu ir vilkimo virve \u2013 \u017ealias\"},{\"@type\":\"BreadcrumbList\",\"@id\":\"https:\\\/\\\/kidsplay.lt\\\/produktas\\\/technines-pagalbos-tralas-110-su-kranu-ir-vilkimo-virve-zalias\\\/#breadcrumb\",\"itemListElement\":[{\"@type\":\"ListItem\",\"position\":1,\"name\":\"Pagrindinis\",\"item\":\"https:\\\/\\\/kidsplay.lt\\\/\"},{\"@type\":\"ListItem\",\"position\":2,\"name\":\"Parduotuv\u0117\",\"item\":\"https:\\\/\\\/kidsplay.lt\\\/parduotuve\\\/\"},{\"@type\":\"ListItem\",\"position\":3,\"name\":\"Technin\u0117s pagalbos tralas 1:10 su kranu ir vilkimo virve \u2013 \u017ealias\"}]},{\"@type\":\"WebSite\",\"@id\":\"https:\\\/\\\/kidsplay.lt\\\/#website\",\"url\":\"https:\\\/\\\/kidsplay.lt\\\/\",\"name\":\"Kidsplay.lt\",\"description\":\"\u012evairios prek\u0117s vaikams\",\"publisher\":{\"@id\":\"https:\\\/\\\/kidsplay.lt\\\/#organization\"},\"alternateName\":\"Kidsplay\",\"potentialAction\":[{\"@type\":\"SearchAction\",\"target\":{\"@type\":\"EntryPoint\",\"urlTemplate\":\"https:\\\/\\\/kidsplay.lt\\\/?s={search_term_string}\"},\"query-input\":{\"@type\":\"PropertyValueSpecification\",\"valueRequired\":true,\"valueName\":\"search_term_string\"}}],\"inLanguage\":\"lv-LV\"},{\"@type\":\"Organization\",\"@id\":\"https:\\\/\\\/kidsplay.lt\\\/#organization\",\"name\":\"KidsPlay\",\"url\":\"https:\\\/\\\/kidsplay.lt\\\/\",\"logo\":{\"@type\":\"ImageObject\",\"inLanguage\":\"lv-LV\",\"@id\":\"https:\\\/\\\/kidsplay.lt\\\/#\\\/schema\\\/logo\\\/image\\\/\",\"url\":\"https:\\\/\\\/kidsplay.lt\\\/wp-content\\\/uploads\\\/2023\\\/07\\\/kidsplay-logo.png\",\"contentUrl\":\"https:\\\/\\\/kidsplay.lt\\\/wp-content\\\/uploads\\\/2023\\\/07\\\/kidsplay-logo.png\",\"width\":451,\"height\":98,\"caption\":\"KidsPlay\"},\"image\":{\"@id\":\"https:\\\/\\\/kidsplay.lt\\\/#\\\/schema\\\/logo\\\/image\\\/\"},\"sameAs\":[\"https:\\\/\\\/www.facebook.com\\\/www.kidsplay.lt\"]}]}<\/script>\n<!-- \/ Yoast SEO plugin. -->","yoast_head_json":{"title":"Technin\u0117s pagalbos tralas 1:10 su kranu ir vilkimo virve \u2013 \u017ealias","description":"Technin\u0117s pagalbos tralas 1:10 su kranu ir vilkimo virve \u2013 \u017ealias - KidsPlay. Did\u017eiausias vaik\u0173 \u017eaisl\u0173 pasirinkimas.","robots":{"index":"index","follow":"follow","max-snippet":"max-snippet:-1","max-image-preview":"max-image-preview:large","max-video-preview":"max-video-preview:-1"},"canonical":"https:\/\/kidsplay.lt\/lv\/products\/technines-pagalbos-tralas-110-su-kranu-ir-vilkimo-virve-zalias\/","og_locale":"lv_LV","og_type":"article","og_title":"Technin\u0117s pagalbos tralas 1:10 su kranu ir vilkimo virve \u2013 \u017ealias","og_description":"Technin\u0117s pagalbos tralas 1:10 su kranu ir vilkimo virve \u2013 \u017ealias - KidsPlay. Did\u017eiausias vaik\u0173 \u017eaisl\u0173 pasirinkimas.","og_url":"https:\/\/kidsplay.lt\/lv\/products\/technines-pagalbos-tralas-110-su-kranu-ir-vilkimo-virve-zalias\/","og_site_name":"KidsPlay","article_publisher":"https:\/\/www.facebook.com\/www.kidsplay.lt","article_modified_time":"2026-04-13T07:57:27+00:00","og_image":[{"width":1000,"height":750,"url":"https:\/\/kidsplay.lt\/wp-content\/uploads\/2026\/03\/Technines-pagalbos-tralas-110-su-kranu-ir-vilkimo-virve-\u2013-zalias.jpg","type":"image\/jpeg"}],"twitter_card":"summary_large_image","twitter_misc":{"Est. reading time":"1 min\u016bte"},"schema":{"@context":"https:\/\/schema.org","@graph":[{"@type":"WebPage","@id":"https:\/\/kidsplay.lt\/produktas\/technines-pagalbos-tralas-110-su-kranu-ir-vilkimo-virve-zalias\/","url":"https:\/\/kidsplay.lt\/produktas\/technines-pagalbos-tralas-110-su-kranu-ir-vilkimo-virve-zalias\/","name":"Technin\u0117s pagalbos tralas 1:10 su kranu ir vilkimo virve \u2013 \u017ealias","isPartOf":{"@id":"https:\/\/kidsplay.lt\/#website"},"primaryImageOfPage":{"@id":"https:\/\/kidsplay.lt\/produktas\/technines-pagalbos-tralas-110-su-kranu-ir-vilkimo-virve-zalias\/#primaryimage"},"image":{"@id":"https:\/\/kidsplay.lt\/produktas\/technines-pagalbos-tralas-110-su-kranu-ir-vilkimo-virve-zalias\/#primaryimage"},"thumbnailUrl":"https:\/\/kidsplay.lt\/wp-content\/uploads\/2026\/03\/Technines-pagalbos-tralas-110-su-kranu-ir-vilkimo-virve-\u2013-zalias.jpg","datePublished":"2026-03-30T15:06:58+00:00","dateModified":"2026-04-13T07:57:27+00:00","description":"Technin\u0117s pagalbos tralas 1:10 su kranu ir vilkimo virve \u2013 \u017ealias - KidsPlay. Did\u017eiausias vaik\u0173 \u017eaisl\u0173 pasirinkimas.","breadcrumb":{"@id":"https:\/\/kidsplay.lt\/produktas\/technines-pagalbos-tralas-110-su-kranu-ir-vilkimo-virve-zalias\/#breadcrumb"},"inLanguage":"lv-LV","potentialAction":[{"@type":"ReadAction","target":["https:\/\/kidsplay.lt\/produktas\/technines-pagalbos-tralas-110-su-kranu-ir-vilkimo-virve-zalias\/"]}]},{"@type":"ImageObject","inLanguage":"lv-LV","@id":"https:\/\/kidsplay.lt\/produktas\/technines-pagalbos-tralas-110-su-kranu-ir-vilkimo-virve-zalias\/#primaryimage","url":"https:\/\/kidsplay.lt\/wp-content\/uploads\/2026\/03\/Technines-pagalbos-tralas-110-su-kranu-ir-vilkimo-virve-\u2013-zalias.jpg","contentUrl":"https:\/\/kidsplay.lt\/wp-content\/uploads\/2026\/03\/Technines-pagalbos-tralas-110-su-kranu-ir-vilkimo-virve-\u2013-zalias.jpg","width":1000,"height":750,"caption":"Technin\u0117s pagalbos tralas 1:10 su kranu ir vilkimo virve \u2013 \u017ealias"},{"@type":"BreadcrumbList","@id":"https:\/\/kidsplay.lt\/produktas\/technines-pagalbos-tralas-110-su-kranu-ir-vilkimo-virve-zalias\/#breadcrumb","itemListElement":[{"@type":"ListItem","position":1,"name":"Pagrindinis","item":"https:\/\/kidsplay.lt\/"},{"@type":"ListItem","position":2,"name":"Parduotuv\u0117","item":"https:\/\/kidsplay.lt\/parduotuve\/"},{"@type":"ListItem","position":3,"name":"Technin\u0117s pagalbos tralas 1:10 su kranu ir vilkimo virve \u2013 \u017ealias"}]},{"@type":"WebSite","@id":"https:\/\/kidsplay.lt\/#website","url":"https:\/\/kidsplay.lt\/","name":"B\u0113rnu sp\u0113les.lv","description":"\u012evairios prek\u0117s vaikams","publisher":{"@id":"https:\/\/kidsplay.lt\/#organization"},"alternateName":"Kidsplay","potentialAction":[{"@type":"SearchAction","target":{"@type":"EntryPoint","urlTemplate":"https:\/\/kidsplay.lt\/?s={search_term_string}"},"query-input":{"@type":"PropertyValueSpecification","valueRequired":true,"valueName":"search_term_string"}}],"inLanguage":"lv-LV"},{"@type":"Organization","@id":"https:\/\/kidsplay.lt\/#organization","name":"B\u0113rnu sp\u0113le","url":"https:\/\/kidsplay.lt\/","logo":{"@type":"ImageObject","inLanguage":"lv-LV","@id":"https:\/\/kidsplay.lt\/#\/schema\/logo\/image\/","url":"https:\/\/kidsplay.lt\/wp-content\/uploads\/2023\/07\/kidsplay-logo.png","contentUrl":"https:\/\/kidsplay.lt\/wp-content\/uploads\/2023\/07\/kidsplay-logo.png","width":451,"height":98,"caption":"KidsPlay"},"image":{"@id":"https:\/\/kidsplay.lt\/#\/schema\/logo\/image\/"},"sameAs":["https:\/\/www.facebook.com\/www.kidsplay.lt"]}]}},"_links":{"self":[{"href":"https:\/\/kidsplay.lt\/lv\/wp-json\/wp\/v2\/product\/96890","targetHints":{"allow":["GET"]}}],"collection":[{"href":"https:\/\/kidsplay.lt\/lv\/wp-json\/wp\/v2\/product"}],"about":[{"href":"https:\/\/kidsplay.lt\/lv\/wp-json\/wp\/v2\/types\/product"}],"version-history":[{"count":1,"href":"https:\/\/kidsplay.lt\/lv\/wp-json\/wp\/v2\/product\/96890\/revisions"}],"predecessor-version":[{"id":96891,"href":"https:\/\/kidsplay.lt\/lv\/wp-json\/wp\/v2\/product\/96890\/revisions\/96891"}],"wp:featuredmedia":[{"embeddable":true,"href":"https:\/\/kidsplay.lt\/lv\/wp-json\/wp\/v2\/media\/96892"}],"wp:attachment":[{"href":"https:\/\/kidsplay.lt\/lv\/wp-json\/wp\/v2\/media?parent=96890"}],"wp:term":[{"taxonomy":"product_brand","embeddable":true,"href":"https:\/\/kidsplay.lt\/lv\/wp-json\/wp\/v2\/product_brand?post=96890"},{"taxonomy":"product_cat","embeddable":true,"href":"https:\/\/kidsplay.lt\/lv\/wp-json\/wp\/v2\/product_cat?post=96890"},{"taxonomy":"product_tag","embeddable":true,"href":"https:\/\/kidsplay.lt\/lv\/wp-json\/wp\/v2\/product_tag?post=96890"}],"curies":[{"name":"wp","href":"https:\/\/api.w.org\/{rel}","templated":true}]}}