{"id":96925,"date":"2026-03-30T18:07:38","date_gmt":"2026-03-30T15:07:38","guid":{"rendered":"https:\/\/kidsplay.lt\/produktas\/saugus-smiginio-zaidimo-rinkinys-vaikams-36-cm-taikinys-su-lipniais-kamuoliukais\/"},"modified":"2026-04-15T15:21:07","modified_gmt":"2026-04-15T12:21:07","slug":"saugus-smiginio-zaidimo-rinkinys-vaikams-36-cm-taikinys-su-lipniais-kamuoliukais","status":"publish","type":"product","link":"https:\/\/kidsplay.lt\/lv\/products\/saugus-smiginio-zaidimo-rinkinys-vaikams-36-cm-taikinys-su-lipniais-kamuoliukais\/","title":{"rendered":"Dro\u0161s \u0161autri\u0146u sp\u0113les komplekts b\u0113rniem - 36 cm m\u0113r\u0137is ar lip\u012bg\u0101m bumbi\u0146\u0101m"},"content":{"rendered":"<p>Klasikinis smiginis \u2013 tik saugesnis, mink\u0161tesnis ir pritaikytas ma\u017eiesiems \u017eaid\u0117jams. \u0160is rinkinys suteikia daug smagios ir visi\u0161kai saugios veiklos, lavina vaiko taiklum\u0105, rank\u0173\u2013aki\u0173 koordinacij\u0105 ir motorik\u0105. Tai puikus \u017eaidimas visai \u0161eimai.<\/p>\n<p>Taikiniai atrodo kaip tikri smiginio skydai, ta\u010diau pagaminti i\u0161 malonios, mink\u0161tos med\u017eiagos, prie kurios lengvai kimba Velcro kamuoliukai. Rinkinyje yra 12 spalvot\u0173 kamuoliuk\u0173, tod\u0117l galima \u017eaisti komandomis ir rengti var\u017eybas.<\/p>\n<p>D\u0117l stipraus lipnumo kamuoliukai puikiai laikosi ant taikinio. Didelis 36 cm skersmens skydas suteikia ma\u017eiesiems daugiau \u0161ans\u0173 pataikyti, o taikin\u012f galima pakabinti ant sienos, dur\u0173 ar net lauke ant med\u017eio. Rinkinyje esantys 4 skirtingi taikiniai leid\u017eia \u017eaisti \u012fvairiais b\u016bdais ir ilgai nepabosti.<\/p>\n<p>\ud83d\udce6 Komplekta saturs<\/p>\n<p> \t4 skirtingi taikiniai<br \/>\n \t12 lipni\u0173 kamuoliuk\u0173 (Velcro)<\/p>\n<p>\ud83d\udccf Izm\u0113ri<\/p>\n<p> \tTaikinys: 36 cm skersmens<br \/>\n \tKamuoliukas: 4 cm skersmens<br \/>\n \tPakuot\u0117: 37 \u00d7 40 \u00d7 5 cm<\/p>\n<p>\ud83d\udce6 Papildinform\u0101cija<\/p>\n<p> \tB\u0113rniem no 3 gadu vecuma<br \/>\n \tAtbilst EN71 dro\u0161\u012bbas standartam<br \/>\n \tIr CE sertifik\u0101ts<\/p>","protected":false},"excerpt":{"rendered":"<p>Klasikinis smiginis \u2013 tik saugesnis, mink\u0161tesnis ir pritaikytas ma\u017eiesiems \u017eaid\u0117jams. \u0160is rinkinys suteikia daug smagios ir visi\u0161kai saugios veiklos, lavina<\/p>","protected":false},"featured_media":96927,"template":"","meta":{"_acf_changed":false,"_glsr_average":0,"_glsr_ranking":0,"_glsr_reviews":0},"product_brand":[],"product_cat":[388,229],"product_tag":[],"class_list":{"0":"post-96925","1":"product","2":"type-product","3":"status-publish","4":"has-post-thumbnail","6":"product_cat-edukaciniai-lavinamieji-zaislai","7":"product_cat-zaislai-vaikams","8":"\"style=\"background-color: #2ecc711c;\"","10":"first","11":"instock","12":"purchasable","13":"product-type-simple"},"acf":[],"yoast_head":"<!-- This site is optimized with the Yoast SEO plugin v27.4 - https:\/\/yoast.com\/product\/yoast-seo-wordpress\/ -->\n<title>Saugus smiginio \u017eaidimo rinkinys vaikams \u2013 36 cm taikinys su lipniais kamuoliukais<\/title>\n<meta name=\"description\" content=\"Saugus smiginio \u017eaidimo rinkinys vaikams \u2013 36 cm taikinys su lipniais kamuoliukais - KidsPlay. Did\u017eiausias vaik\u0173 \u017eaisl\u0173 pasirinkimas.\" \/>\n<meta name=\"robots\" content=\"index, follow, max-snippet:-1, max-image-preview:large, max-video-preview:-1\" \/>\n<link rel=\"canonical\" href=\"https:\/\/kidsplay.lt\/lv\/products\/saugus-smiginio-zaidimo-rinkinys-vaikams-36-cm-taikinys-su-lipniais-kamuoliukais\/\" \/>\n<meta property=\"og:locale\" content=\"lv_LV\" \/>\n<meta property=\"og:type\" content=\"article\" \/>\n<meta property=\"og:title\" content=\"Saugus smiginio \u017eaidimo rinkinys vaikams \u2013 36 cm taikinys su lipniais kamuoliukais\" \/>\n<meta property=\"og:description\" content=\"Saugus smiginio \u017eaidimo rinkinys vaikams \u2013 36 cm taikinys su lipniais kamuoliukais - KidsPlay. Did\u017eiausias vaik\u0173 \u017eaisl\u0173 pasirinkimas.\" \/>\n<meta property=\"og:url\" content=\"https:\/\/kidsplay.lt\/lv\/products\/saugus-smiginio-zaidimo-rinkinys-vaikams-36-cm-taikinys-su-lipniais-kamuoliukais\/\" \/>\n<meta property=\"og:site_name\" content=\"KidsPlay\" \/>\n<meta property=\"article:publisher\" content=\"https:\/\/www.facebook.com\/www.kidsplay.lt\" \/>\n<meta property=\"article:modified_time\" content=\"2026-04-15T12:21:07+00:00\" \/>\n<meta property=\"og:image\" content=\"https:\/\/kidsplay.lt\/wp-content\/uploads\/2026\/03\/Saugus-smiginio-zaidimo-rinkinys-vaikams-\u2013-36-cm-taikinys-su-lipniais-kamuoliukais.jpg\" \/>\n\t<meta property=\"og:image:width\" content=\"1000\" \/>\n\t<meta property=\"og:image:height\" content=\"750\" \/>\n\t<meta property=\"og:image:type\" content=\"image\/jpeg\" \/>\n<meta name=\"twitter:card\" content=\"summary_large_image\" \/>\n<meta name=\"twitter:label1\" content=\"Est. reading time\" \/>\n\t<meta name=\"twitter:data1\" content=\"1 min\u016bte\" \/>\n<script type=\"application\/ld+json\" class=\"yoast-schema-graph\">{\"@context\":\"https:\\\/\\\/schema.org\",\"@graph\":[{\"@type\":\"WebPage\",\"@id\":\"https:\\\/\\\/kidsplay.lt\\\/produktas\\\/saugus-smiginio-zaidimo-rinkinys-vaikams-36-cm-taikinys-su-lipniais-kamuoliukais\\\/\",\"url\":\"https:\\\/\\\/kidsplay.lt\\\/produktas\\\/saugus-smiginio-zaidimo-rinkinys-vaikams-36-cm-taikinys-su-lipniais-kamuoliukais\\\/\",\"name\":\"Saugus smiginio \u017eaidimo rinkinys vaikams \u2013 36 cm taikinys su lipniais kamuoliukais\",\"isPartOf\":{\"@id\":\"https:\\\/\\\/kidsplay.lt\\\/#website\"},\"primaryImageOfPage\":{\"@id\":\"https:\\\/\\\/kidsplay.lt\\\/produktas\\\/saugus-smiginio-zaidimo-rinkinys-vaikams-36-cm-taikinys-su-lipniais-kamuoliukais\\\/#primaryimage\"},\"image\":{\"@id\":\"https:\\\/\\\/kidsplay.lt\\\/produktas\\\/saugus-smiginio-zaidimo-rinkinys-vaikams-36-cm-taikinys-su-lipniais-kamuoliukais\\\/#primaryimage\"},\"thumbnailUrl\":\"https:\\\/\\\/kidsplay.lt\\\/wp-content\\\/uploads\\\/2026\\\/03\\\/Saugus-smiginio-zaidimo-rinkinys-vaikams-\u2013-36-cm-taikinys-su-lipniais-kamuoliukais.jpg\",\"datePublished\":\"2026-03-30T15:07:38+00:00\",\"dateModified\":\"2026-04-15T12:21:07+00:00\",\"description\":\"Saugus smiginio \u017eaidimo rinkinys vaikams \u2013 36 cm taikinys su lipniais kamuoliukais - KidsPlay. Did\u017eiausias vaik\u0173 \u017eaisl\u0173 pasirinkimas.\",\"breadcrumb\":{\"@id\":\"https:\\\/\\\/kidsplay.lt\\\/produktas\\\/saugus-smiginio-zaidimo-rinkinys-vaikams-36-cm-taikinys-su-lipniais-kamuoliukais\\\/#breadcrumb\"},\"inLanguage\":\"lv-LV\",\"potentialAction\":[{\"@type\":\"ReadAction\",\"target\":[\"https:\\\/\\\/kidsplay.lt\\\/produktas\\\/saugus-smiginio-zaidimo-rinkinys-vaikams-36-cm-taikinys-su-lipniais-kamuoliukais\\\/\"]}]},{\"@type\":\"ImageObject\",\"inLanguage\":\"lv-LV\",\"@id\":\"https:\\\/\\\/kidsplay.lt\\\/produktas\\\/saugus-smiginio-zaidimo-rinkinys-vaikams-36-cm-taikinys-su-lipniais-kamuoliukais\\\/#primaryimage\",\"url\":\"https:\\\/\\\/kidsplay.lt\\\/wp-content\\\/uploads\\\/2026\\\/03\\\/Saugus-smiginio-zaidimo-rinkinys-vaikams-\u2013-36-cm-taikinys-su-lipniais-kamuoliukais.jpg\",\"contentUrl\":\"https:\\\/\\\/kidsplay.lt\\\/wp-content\\\/uploads\\\/2026\\\/03\\\/Saugus-smiginio-zaidimo-rinkinys-vaikams-\u2013-36-cm-taikinys-su-lipniais-kamuoliukais.jpg\",\"width\":1000,\"height\":750,\"caption\":\"Saugus smiginio \u017eaidimo rinkinys vaikams \u2013 36 cm taikinys su lipniais kamuoliukais\"},{\"@type\":\"BreadcrumbList\",\"@id\":\"https:\\\/\\\/kidsplay.lt\\\/produktas\\\/saugus-smiginio-zaidimo-rinkinys-vaikams-36-cm-taikinys-su-lipniais-kamuoliukais\\\/#breadcrumb\",\"itemListElement\":[{\"@type\":\"ListItem\",\"position\":1,\"name\":\"Pagrindinis\",\"item\":\"https:\\\/\\\/kidsplay.lt\\\/\"},{\"@type\":\"ListItem\",\"position\":2,\"name\":\"Parduotuv\u0117\",\"item\":\"https:\\\/\\\/kidsplay.lt\\\/parduotuve\\\/\"},{\"@type\":\"ListItem\",\"position\":3,\"name\":\"Saugus smiginio \u017eaidimo rinkinys vaikams \u2013 36 cm taikinys su lipniais kamuoliukais\"}]},{\"@type\":\"WebSite\",\"@id\":\"https:\\\/\\\/kidsplay.lt\\\/#website\",\"url\":\"https:\\\/\\\/kidsplay.lt\\\/\",\"name\":\"Kidsplay.lt\",\"description\":\"\u012evairios prek\u0117s vaikams\",\"publisher\":{\"@id\":\"https:\\\/\\\/kidsplay.lt\\\/#organization\"},\"alternateName\":\"Kidsplay\",\"potentialAction\":[{\"@type\":\"SearchAction\",\"target\":{\"@type\":\"EntryPoint\",\"urlTemplate\":\"https:\\\/\\\/kidsplay.lt\\\/?s={search_term_string}\"},\"query-input\":{\"@type\":\"PropertyValueSpecification\",\"valueRequired\":true,\"valueName\":\"search_term_string\"}}],\"inLanguage\":\"lv-LV\"},{\"@type\":\"Organization\",\"@id\":\"https:\\\/\\\/kidsplay.lt\\\/#organization\",\"name\":\"KidsPlay\",\"url\":\"https:\\\/\\\/kidsplay.lt\\\/\",\"logo\":{\"@type\":\"ImageObject\",\"inLanguage\":\"lv-LV\",\"@id\":\"https:\\\/\\\/kidsplay.lt\\\/#\\\/schema\\\/logo\\\/image\\\/\",\"url\":\"https:\\\/\\\/kidsplay.lt\\\/wp-content\\\/uploads\\\/2023\\\/07\\\/kidsplay-logo.png\",\"contentUrl\":\"https:\\\/\\\/kidsplay.lt\\\/wp-content\\\/uploads\\\/2023\\\/07\\\/kidsplay-logo.png\",\"width\":451,\"height\":98,\"caption\":\"KidsPlay\"},\"image\":{\"@id\":\"https:\\\/\\\/kidsplay.lt\\\/#\\\/schema\\\/logo\\\/image\\\/\"},\"sameAs\":[\"https:\\\/\\\/www.facebook.com\\\/www.kidsplay.lt\"]}]}<\/script>\n<!-- \/ Yoast SEO plugin. -->","yoast_head_json":{"title":"Dro\u0161s \u0161autri\u0146u sp\u0113les komplekts b\u0113rniem - 36 cm m\u0113r\u0137is ar lip\u012bg\u0101m bumbi\u0146\u0101m","description":"Saugus smiginio \u017eaidimo rinkinys vaikams \u2013 36 cm taikinys su lipniais kamuoliukais - KidsPlay. Did\u017eiausias vaik\u0173 \u017eaisl\u0173 pasirinkimas.","robots":{"index":"index","follow":"follow","max-snippet":"max-snippet:-1","max-image-preview":"max-image-preview:large","max-video-preview":"max-video-preview:-1"},"canonical":"https:\/\/kidsplay.lt\/lv\/products\/saugus-smiginio-zaidimo-rinkinys-vaikams-36-cm-taikinys-su-lipniais-kamuoliukais\/","og_locale":"lv_LV","og_type":"article","og_title":"Saugus smiginio \u017eaidimo rinkinys vaikams \u2013 36 cm taikinys su lipniais kamuoliukais","og_description":"Saugus smiginio \u017eaidimo rinkinys vaikams \u2013 36 cm taikinys su lipniais kamuoliukais - KidsPlay. Did\u017eiausias vaik\u0173 \u017eaisl\u0173 pasirinkimas.","og_url":"https:\/\/kidsplay.lt\/lv\/products\/saugus-smiginio-zaidimo-rinkinys-vaikams-36-cm-taikinys-su-lipniais-kamuoliukais\/","og_site_name":"KidsPlay","article_publisher":"https:\/\/www.facebook.com\/www.kidsplay.lt","article_modified_time":"2026-04-15T12:21:07+00:00","og_image":[{"width":1000,"height":750,"url":"https:\/\/kidsplay.lt\/wp-content\/uploads\/2026\/03\/Saugus-smiginio-zaidimo-rinkinys-vaikams-\u2013-36-cm-taikinys-su-lipniais-kamuoliukais.jpg","type":"image\/jpeg"}],"twitter_card":"summary_large_image","twitter_misc":{"Est. reading time":"1 min\u016bte"},"schema":{"@context":"https:\/\/schema.org","@graph":[{"@type":"WebPage","@id":"https:\/\/kidsplay.lt\/produktas\/saugus-smiginio-zaidimo-rinkinys-vaikams-36-cm-taikinys-su-lipniais-kamuoliukais\/","url":"https:\/\/kidsplay.lt\/produktas\/saugus-smiginio-zaidimo-rinkinys-vaikams-36-cm-taikinys-su-lipniais-kamuoliukais\/","name":"Dro\u0161s \u0161autri\u0146u sp\u0113les komplekts b\u0113rniem - 36 cm m\u0113r\u0137is ar lip\u012bg\u0101m bumbi\u0146\u0101m","isPartOf":{"@id":"https:\/\/kidsplay.lt\/#website"},"primaryImageOfPage":{"@id":"https:\/\/kidsplay.lt\/produktas\/saugus-smiginio-zaidimo-rinkinys-vaikams-36-cm-taikinys-su-lipniais-kamuoliukais\/#primaryimage"},"image":{"@id":"https:\/\/kidsplay.lt\/produktas\/saugus-smiginio-zaidimo-rinkinys-vaikams-36-cm-taikinys-su-lipniais-kamuoliukais\/#primaryimage"},"thumbnailUrl":"https:\/\/kidsplay.lt\/wp-content\/uploads\/2026\/03\/Saugus-smiginio-zaidimo-rinkinys-vaikams-\u2013-36-cm-taikinys-su-lipniais-kamuoliukais.jpg","datePublished":"2026-03-30T15:07:38+00:00","dateModified":"2026-04-15T12:21:07+00:00","description":"Saugus smiginio \u017eaidimo rinkinys vaikams \u2013 36 cm taikinys su lipniais kamuoliukais - KidsPlay. Did\u017eiausias vaik\u0173 \u017eaisl\u0173 pasirinkimas.","breadcrumb":{"@id":"https:\/\/kidsplay.lt\/produktas\/saugus-smiginio-zaidimo-rinkinys-vaikams-36-cm-taikinys-su-lipniais-kamuoliukais\/#breadcrumb"},"inLanguage":"lv-LV","potentialAction":[{"@type":"ReadAction","target":["https:\/\/kidsplay.lt\/produktas\/saugus-smiginio-zaidimo-rinkinys-vaikams-36-cm-taikinys-su-lipniais-kamuoliukais\/"]}]},{"@type":"ImageObject","inLanguage":"lv-LV","@id":"https:\/\/kidsplay.lt\/produktas\/saugus-smiginio-zaidimo-rinkinys-vaikams-36-cm-taikinys-su-lipniais-kamuoliukais\/#primaryimage","url":"https:\/\/kidsplay.lt\/wp-content\/uploads\/2026\/03\/Saugus-smiginio-zaidimo-rinkinys-vaikams-\u2013-36-cm-taikinys-su-lipniais-kamuoliukais.jpg","contentUrl":"https:\/\/kidsplay.lt\/wp-content\/uploads\/2026\/03\/Saugus-smiginio-zaidimo-rinkinys-vaikams-\u2013-36-cm-taikinys-su-lipniais-kamuoliukais.jpg","width":1000,"height":750,"caption":"Saugus smiginio \u017eaidimo rinkinys vaikams \u2013 36 cm taikinys su lipniais kamuoliukais"},{"@type":"BreadcrumbList","@id":"https:\/\/kidsplay.lt\/produktas\/saugus-smiginio-zaidimo-rinkinys-vaikams-36-cm-taikinys-su-lipniais-kamuoliukais\/#breadcrumb","itemListElement":[{"@type":"ListItem","position":1,"name":"Pagrindinis","item":"https:\/\/kidsplay.lt\/"},{"@type":"ListItem","position":2,"name":"Parduotuv\u0117","item":"https:\/\/kidsplay.lt\/parduotuve\/"},{"@type":"ListItem","position":3,"name":"Saugus smiginio \u017eaidimo rinkinys vaikams \u2013 36 cm taikinys su lipniais kamuoliukais"}]},{"@type":"WebSite","@id":"https:\/\/kidsplay.lt\/#website","url":"https:\/\/kidsplay.lt\/","name":"B\u0113rnu sp\u0113les.lv","description":"\u012evairios prek\u0117s vaikams","publisher":{"@id":"https:\/\/kidsplay.lt\/#organization"},"alternateName":"Kidsplay","potentialAction":[{"@type":"SearchAction","target":{"@type":"EntryPoint","urlTemplate":"https:\/\/kidsplay.lt\/?s={search_term_string}"},"query-input":{"@type":"PropertyValueSpecification","valueRequired":true,"valueName":"search_term_string"}}],"inLanguage":"lv-LV"},{"@type":"Organization","@id":"https:\/\/kidsplay.lt\/#organization","name":"B\u0113rnu sp\u0113le","url":"https:\/\/kidsplay.lt\/","logo":{"@type":"ImageObject","inLanguage":"lv-LV","@id":"https:\/\/kidsplay.lt\/#\/schema\/logo\/image\/","url":"https:\/\/kidsplay.lt\/wp-content\/uploads\/2023\/07\/kidsplay-logo.png","contentUrl":"https:\/\/kidsplay.lt\/wp-content\/uploads\/2023\/07\/kidsplay-logo.png","width":451,"height":98,"caption":"KidsPlay"},"image":{"@id":"https:\/\/kidsplay.lt\/#\/schema\/logo\/image\/"},"sameAs":["https:\/\/www.facebook.com\/www.kidsplay.lt"]}]}},"_links":{"self":[{"href":"https:\/\/kidsplay.lt\/lv\/wp-json\/wp\/v2\/product\/96925","targetHints":{"allow":["GET"]}}],"collection":[{"href":"https:\/\/kidsplay.lt\/lv\/wp-json\/wp\/v2\/product"}],"about":[{"href":"https:\/\/kidsplay.lt\/lv\/wp-json\/wp\/v2\/types\/product"}],"version-history":[{"count":1,"href":"https:\/\/kidsplay.lt\/lv\/wp-json\/wp\/v2\/product\/96925\/revisions"}],"predecessor-version":[{"id":96926,"href":"https:\/\/kidsplay.lt\/lv\/wp-json\/wp\/v2\/product\/96925\/revisions\/96926"}],"wp:featuredmedia":[{"embeddable":true,"href":"https:\/\/kidsplay.lt\/lv\/wp-json\/wp\/v2\/media\/96927"}],"wp:attachment":[{"href":"https:\/\/kidsplay.lt\/lv\/wp-json\/wp\/v2\/media?parent=96925"}],"wp:term":[{"taxonomy":"product_brand","embeddable":true,"href":"https:\/\/kidsplay.lt\/lv\/wp-json\/wp\/v2\/product_brand?post=96925"},{"taxonomy":"product_cat","embeddable":true,"href":"https:\/\/kidsplay.lt\/lv\/wp-json\/wp\/v2\/product_cat?post=96925"},{"taxonomy":"product_tag","embeddable":true,"href":"https:\/\/kidsplay.lt\/lv\/wp-json\/wp\/v2\/product_tag?post=96925"}],"curies":[{"name":"wp","href":"https:\/\/api.w.org\/{rel}","templated":true}]}}