{"id":96933,"date":"2026-03-30T18:07:44","date_gmt":"2026-03-30T15:07:44","guid":{"rendered":"https:\/\/kidsplay.lt\/produktas\/edukacine-trikampe-mokymosi-lentyna-skaiciukai-raides-objektai-gyvunai\/"},"modified":"2026-04-13T10:57:54","modified_gmt":"2026-04-13T07:57:54","slug":"edukacine-trikampe-mokymosi-lentyna-skaiciukai-raides-objektai-gyvunai","status":"publish","type":"product","link":"https:\/\/kidsplay.lt\/lv\/products\/edukacine-trikampe-mokymosi-lentyna-skaiciukai-raides-objektai-gyvunai\/","title":{"rendered":"Izgl\u012btojo\u0161s tr\u012bsst\u016brveida m\u0101c\u012bbu plaukts: cipari, burti, priek\u0161meti, dz\u012bvnieki"},"content":{"rendered":"<p>Edukacin\u0117 lentyna padeda vaikui pa\u017einti pasaul\u012f per \u012fvairius \u017eaidimus ir veiklas. Ji lavina smulki\u0105j\u0105 motorik\u0105, k\u016brybi\u0161kum\u0105, login\u012f m\u0105stym\u0105 ir skatina pirmuosius mokymosi \u017eingsnius. Tai puikus pagalbininkas ruo\u0161iantis mokyklai \u2013 mokymasis tampa \u017eaidimu, o \u017eaidimas tampa smagia patirtimi.<\/p>\n<p>\u0160\u012f \u017eaisl\u0105 galima naudoti net 5 skirtingais b\u016bdais, tod\u0117l veiklos tikrai nepritr\u016bks:<br \/>\n\u2b50 Funkcijos:<\/p>\n<p> \tLaikrodis \u2013 mokymuisi pa\u017einti valandas<br \/>\n \tPie\u0161imo lenta \u2013 k\u016brybai ir pie\u0161imui su markeriu<br \/>\n \tKaroliukai \/ abacus \u2013 skai\u010diavimui ir spalv\u0173 pa\u017einimui<br \/>\n \t\u017duvy\u010di\u0173 labirintas \u2013 motorikai ir koordinacijai<br \/>\n \tSukami kvadrat\u0117liai su raid\u0117mis, daiktais ir gyv\u016bnais \u2013 \u017eodynui ir pa\u017einimui pl\u0117sti<\/p>\n<p>Ry\u0161kios spalvos ir tvirta konstrukcija traukia vaiko d\u0117mes\u012f ir skatina savaranki\u0161k\u0105, k\u016brybi\u0161k\u0105 \u017eaidim\u0105.<\/p>\n<p>\ud83d\udce6 Komplekta saturs<\/p>\n<p> \tLipdukai<br \/>\n \tLenta<br \/>\n \t2 \u017euvyt\u0117s<br \/>\n \tNuvaloma kempin\u0117l\u0117<br \/>\n \tMarkerio ra\u0161iklis<br \/>\n \t5 eil\u0117s su sukami blokeliais<br \/>\n \t5 eil\u0117s su karoliukais<br \/>\n \tSurinkimo elementai<\/p>\n<p>\ud83d\udccf Izm\u0113ri<\/p>\n<p> \t\u017daislas: 25 \u00d7 25 \u00d7 25 cm<br \/>\n \tPakuot\u0117: 29 \u00d7 29 \u00d7 8 cm<\/p>\n<p>\ud83d\udce6 Papildinform\u0101cija<\/p>\n<p> \tB\u0113rniem no 3 gadu vecuma<br \/>\n \tAtbilst EN71 dro\u0161\u012bbas standartam<br \/>\n \tIr CE sertifik\u0101ts<\/p>","protected":false},"excerpt":{"rendered":"<p>Edukacin\u0117 lentyna padeda vaikui pa\u017einti pasaul\u012f per \u012fvairius \u017eaidimus ir veiklas. Ji lavina smulki\u0105j\u0105 motorik\u0105, k\u016brybi\u0161kum\u0105, login\u012f m\u0105stym\u0105 ir skatina<\/p>","protected":false},"featured_media":96935,"template":"","meta":{"_acf_changed":false,"_glsr_average":0,"_glsr_ranking":0,"_glsr_reviews":0},"product_brand":[],"product_cat":[388,229],"product_tag":[],"class_list":{"0":"post-96933","1":"product","2":"type-product","3":"status-publish","4":"has-post-thumbnail","6":"product_cat-edukaciniai-lavinamieji-zaislai","7":"product_cat-zaislai-vaikams","8":"\"style=\"background-color: #2ecc711c;\"","10":"first","11":"instock","12":"purchasable","13":"product-type-simple"},"acf":[],"yoast_head":"<!-- This site is optimized with the Yoast SEO plugin v27.3 - https:\/\/yoast.com\/product\/yoast-seo-wordpress\/ -->\n<title>Edukacin\u0117 trikamp\u0117 mokymosi lentyna: skai\u010diukai, raid\u0117s, objektai, gyv\u016bnai<\/title>\n<meta name=\"description\" content=\"Edukacin\u0117 trikamp\u0117 mokymosi lentyna: skai\u010diukai, raid\u0117s, objektai, gyv\u016bnai - KidsPlay. Did\u017eiausias vaik\u0173 \u017eaisl\u0173 pasirinkimas.\" \/>\n<meta name=\"robots\" content=\"index, follow, max-snippet:-1, max-image-preview:large, max-video-preview:-1\" \/>\n<link rel=\"canonical\" href=\"https:\/\/kidsplay.lt\/lv\/products\/edukacine-trikampe-mokymosi-lentyna-skaiciukai-raides-objektai-gyvunai\/\" \/>\n<meta property=\"og:locale\" content=\"lv_LV\" \/>\n<meta property=\"og:type\" content=\"article\" \/>\n<meta property=\"og:title\" content=\"Edukacin\u0117 trikamp\u0117 mokymosi lentyna: skai\u010diukai, raid\u0117s, objektai, gyv\u016bnai\" \/>\n<meta property=\"og:description\" content=\"Edukacin\u0117 trikamp\u0117 mokymosi lentyna: skai\u010diukai, raid\u0117s, objektai, gyv\u016bnai - KidsPlay. Did\u017eiausias vaik\u0173 \u017eaisl\u0173 pasirinkimas.\" \/>\n<meta property=\"og:url\" content=\"https:\/\/kidsplay.lt\/lv\/products\/edukacine-trikampe-mokymosi-lentyna-skaiciukai-raides-objektai-gyvunai\/\" \/>\n<meta property=\"og:site_name\" content=\"KidsPlay\" \/>\n<meta property=\"article:publisher\" content=\"https:\/\/www.facebook.com\/www.kidsplay.lt\" \/>\n<meta property=\"article:modified_time\" content=\"2026-04-13T07:57:54+00:00\" \/>\n<meta property=\"og:image\" content=\"https:\/\/kidsplay.lt\/wp-content\/uploads\/2026\/03\/Edukacine-trikampe-mokymosi-lentyna-skaiciukai-raides-objektai-gyvunai.jpg\" \/>\n\t<meta property=\"og:image:width\" content=\"1000\" \/>\n\t<meta property=\"og:image:height\" content=\"750\" \/>\n\t<meta property=\"og:image:type\" content=\"image\/jpeg\" \/>\n<meta name=\"twitter:card\" content=\"summary_large_image\" \/>\n<meta name=\"twitter:label1\" content=\"Est. reading time\" \/>\n\t<meta name=\"twitter:data1\" content=\"1 min\u016bte\" \/>\n<script type=\"application\/ld+json\" class=\"yoast-schema-graph\">{\"@context\":\"https:\\\/\\\/schema.org\",\"@graph\":[{\"@type\":\"WebPage\",\"@id\":\"https:\\\/\\\/kidsplay.lt\\\/produktas\\\/edukacine-trikampe-mokymosi-lentyna-skaiciukai-raides-objektai-gyvunai\\\/\",\"url\":\"https:\\\/\\\/kidsplay.lt\\\/produktas\\\/edukacine-trikampe-mokymosi-lentyna-skaiciukai-raides-objektai-gyvunai\\\/\",\"name\":\"Edukacin\u0117 trikamp\u0117 mokymosi lentyna: skai\u010diukai, raid\u0117s, objektai, gyv\u016bnai\",\"isPartOf\":{\"@id\":\"https:\\\/\\\/kidsplay.lt\\\/#website\"},\"primaryImageOfPage\":{\"@id\":\"https:\\\/\\\/kidsplay.lt\\\/produktas\\\/edukacine-trikampe-mokymosi-lentyna-skaiciukai-raides-objektai-gyvunai\\\/#primaryimage\"},\"image\":{\"@id\":\"https:\\\/\\\/kidsplay.lt\\\/produktas\\\/edukacine-trikampe-mokymosi-lentyna-skaiciukai-raides-objektai-gyvunai\\\/#primaryimage\"},\"thumbnailUrl\":\"https:\\\/\\\/kidsplay.lt\\\/wp-content\\\/uploads\\\/2026\\\/03\\\/Edukacine-trikampe-mokymosi-lentyna-skaiciukai-raides-objektai-gyvunai.jpg\",\"datePublished\":\"2026-03-30T15:07:44+00:00\",\"dateModified\":\"2026-04-13T07:57:54+00:00\",\"description\":\"Edukacin\u0117 trikamp\u0117 mokymosi lentyna: skai\u010diukai, raid\u0117s, objektai, gyv\u016bnai - KidsPlay. Did\u017eiausias vaik\u0173 \u017eaisl\u0173 pasirinkimas.\",\"breadcrumb\":{\"@id\":\"https:\\\/\\\/kidsplay.lt\\\/produktas\\\/edukacine-trikampe-mokymosi-lentyna-skaiciukai-raides-objektai-gyvunai\\\/#breadcrumb\"},\"inLanguage\":\"lv-LV\",\"potentialAction\":[{\"@type\":\"ReadAction\",\"target\":[\"https:\\\/\\\/kidsplay.lt\\\/produktas\\\/edukacine-trikampe-mokymosi-lentyna-skaiciukai-raides-objektai-gyvunai\\\/\"]}]},{\"@type\":\"ImageObject\",\"inLanguage\":\"lv-LV\",\"@id\":\"https:\\\/\\\/kidsplay.lt\\\/produktas\\\/edukacine-trikampe-mokymosi-lentyna-skaiciukai-raides-objektai-gyvunai\\\/#primaryimage\",\"url\":\"https:\\\/\\\/kidsplay.lt\\\/wp-content\\\/uploads\\\/2026\\\/03\\\/Edukacine-trikampe-mokymosi-lentyna-skaiciukai-raides-objektai-gyvunai.jpg\",\"contentUrl\":\"https:\\\/\\\/kidsplay.lt\\\/wp-content\\\/uploads\\\/2026\\\/03\\\/Edukacine-trikampe-mokymosi-lentyna-skaiciukai-raides-objektai-gyvunai.jpg\",\"width\":1000,\"height\":750,\"caption\":\"Edukacin\u0117 trikamp\u0117 mokymosi lentyna: skai\u010diukai\"},{\"@type\":\"BreadcrumbList\",\"@id\":\"https:\\\/\\\/kidsplay.lt\\\/produktas\\\/edukacine-trikampe-mokymosi-lentyna-skaiciukai-raides-objektai-gyvunai\\\/#breadcrumb\",\"itemListElement\":[{\"@type\":\"ListItem\",\"position\":1,\"name\":\"Pagrindinis\",\"item\":\"https:\\\/\\\/kidsplay.lt\\\/\"},{\"@type\":\"ListItem\",\"position\":2,\"name\":\"Parduotuv\u0117\",\"item\":\"https:\\\/\\\/kidsplay.lt\\\/parduotuve\\\/\"},{\"@type\":\"ListItem\",\"position\":3,\"name\":\"Edukacin\u0117 trikamp\u0117 mokymosi lentyna: skai\u010diukai, raid\u0117s, objektai, gyv\u016bnai\"}]},{\"@type\":\"WebSite\",\"@id\":\"https:\\\/\\\/kidsplay.lt\\\/#website\",\"url\":\"https:\\\/\\\/kidsplay.lt\\\/\",\"name\":\"Kidsplay.lt\",\"description\":\"\u012evairios prek\u0117s vaikams\",\"publisher\":{\"@id\":\"https:\\\/\\\/kidsplay.lt\\\/#organization\"},\"alternateName\":\"Kidsplay\",\"potentialAction\":[{\"@type\":\"SearchAction\",\"target\":{\"@type\":\"EntryPoint\",\"urlTemplate\":\"https:\\\/\\\/kidsplay.lt\\\/?s={search_term_string}\"},\"query-input\":{\"@type\":\"PropertyValueSpecification\",\"valueRequired\":true,\"valueName\":\"search_term_string\"}}],\"inLanguage\":\"lv-LV\"},{\"@type\":\"Organization\",\"@id\":\"https:\\\/\\\/kidsplay.lt\\\/#organization\",\"name\":\"KidsPlay\",\"url\":\"https:\\\/\\\/kidsplay.lt\\\/\",\"logo\":{\"@type\":\"ImageObject\",\"inLanguage\":\"lv-LV\",\"@id\":\"https:\\\/\\\/kidsplay.lt\\\/#\\\/schema\\\/logo\\\/image\\\/\",\"url\":\"https:\\\/\\\/kidsplay.lt\\\/wp-content\\\/uploads\\\/2023\\\/07\\\/kidsplay-logo.png\",\"contentUrl\":\"https:\\\/\\\/kidsplay.lt\\\/wp-content\\\/uploads\\\/2023\\\/07\\\/kidsplay-logo.png\",\"width\":451,\"height\":98,\"caption\":\"KidsPlay\"},\"image\":{\"@id\":\"https:\\\/\\\/kidsplay.lt\\\/#\\\/schema\\\/logo\\\/image\\\/\"},\"sameAs\":[\"https:\\\/\\\/www.facebook.com\\\/www.kidsplay.lt\"]}]}<\/script>\n<!-- \/ Yoast SEO plugin. -->","yoast_head_json":{"title":"Izgl\u012btojo\u0161s tr\u012bsst\u016brveida m\u0101c\u012bbu plaukts: cipari, burti, priek\u0161meti, dz\u012bvnieki","description":"Edukacin\u0117 trikamp\u0117 mokymosi lentyna: skai\u010diukai, raid\u0117s, objektai, gyv\u016bnai - KidsPlay. Did\u017eiausias vaik\u0173 \u017eaisl\u0173 pasirinkimas.","robots":{"index":"index","follow":"follow","max-snippet":"max-snippet:-1","max-image-preview":"max-image-preview:large","max-video-preview":"max-video-preview:-1"},"canonical":"https:\/\/kidsplay.lt\/lv\/products\/edukacine-trikampe-mokymosi-lentyna-skaiciukai-raides-objektai-gyvunai\/","og_locale":"lv_LV","og_type":"article","og_title":"Edukacin\u0117 trikamp\u0117 mokymosi lentyna: skai\u010diukai, raid\u0117s, objektai, gyv\u016bnai","og_description":"Edukacin\u0117 trikamp\u0117 mokymosi lentyna: skai\u010diukai, raid\u0117s, objektai, gyv\u016bnai - KidsPlay. Did\u017eiausias vaik\u0173 \u017eaisl\u0173 pasirinkimas.","og_url":"https:\/\/kidsplay.lt\/lv\/products\/edukacine-trikampe-mokymosi-lentyna-skaiciukai-raides-objektai-gyvunai\/","og_site_name":"KidsPlay","article_publisher":"https:\/\/www.facebook.com\/www.kidsplay.lt","article_modified_time":"2026-04-13T07:57:54+00:00","og_image":[{"width":1000,"height":750,"url":"https:\/\/kidsplay.lt\/wp-content\/uploads\/2026\/03\/Edukacine-trikampe-mokymosi-lentyna-skaiciukai-raides-objektai-gyvunai.jpg","type":"image\/jpeg"}],"twitter_card":"summary_large_image","twitter_misc":{"Est. reading time":"1 min\u016bte"},"schema":{"@context":"https:\/\/schema.org","@graph":[{"@type":"WebPage","@id":"https:\/\/kidsplay.lt\/produktas\/edukacine-trikampe-mokymosi-lentyna-skaiciukai-raides-objektai-gyvunai\/","url":"https:\/\/kidsplay.lt\/produktas\/edukacine-trikampe-mokymosi-lentyna-skaiciukai-raides-objektai-gyvunai\/","name":"Izgl\u012btojo\u0161s tr\u012bsst\u016brveida m\u0101c\u012bbu plaukts: cipari, burti, priek\u0161meti, dz\u012bvnieki","isPartOf":{"@id":"https:\/\/kidsplay.lt\/#website"},"primaryImageOfPage":{"@id":"https:\/\/kidsplay.lt\/produktas\/edukacine-trikampe-mokymosi-lentyna-skaiciukai-raides-objektai-gyvunai\/#primaryimage"},"image":{"@id":"https:\/\/kidsplay.lt\/produktas\/edukacine-trikampe-mokymosi-lentyna-skaiciukai-raides-objektai-gyvunai\/#primaryimage"},"thumbnailUrl":"https:\/\/kidsplay.lt\/wp-content\/uploads\/2026\/03\/Edukacine-trikampe-mokymosi-lentyna-skaiciukai-raides-objektai-gyvunai.jpg","datePublished":"2026-03-30T15:07:44+00:00","dateModified":"2026-04-13T07:57:54+00:00","description":"Edukacin\u0117 trikamp\u0117 mokymosi lentyna: skai\u010diukai, raid\u0117s, objektai, gyv\u016bnai - KidsPlay. Did\u017eiausias vaik\u0173 \u017eaisl\u0173 pasirinkimas.","breadcrumb":{"@id":"https:\/\/kidsplay.lt\/produktas\/edukacine-trikampe-mokymosi-lentyna-skaiciukai-raides-objektai-gyvunai\/#breadcrumb"},"inLanguage":"lv-LV","potentialAction":[{"@type":"ReadAction","target":["https:\/\/kidsplay.lt\/produktas\/edukacine-trikampe-mokymosi-lentyna-skaiciukai-raides-objektai-gyvunai\/"]}]},{"@type":"ImageObject","inLanguage":"lv-LV","@id":"https:\/\/kidsplay.lt\/produktas\/edukacine-trikampe-mokymosi-lentyna-skaiciukai-raides-objektai-gyvunai\/#primaryimage","url":"https:\/\/kidsplay.lt\/wp-content\/uploads\/2026\/03\/Edukacine-trikampe-mokymosi-lentyna-skaiciukai-raides-objektai-gyvunai.jpg","contentUrl":"https:\/\/kidsplay.lt\/wp-content\/uploads\/2026\/03\/Edukacine-trikampe-mokymosi-lentyna-skaiciukai-raides-objektai-gyvunai.jpg","width":1000,"height":750,"caption":"Edukacin\u0117 trikamp\u0117 mokymosi lentyna: skai\u010diukai"},{"@type":"BreadcrumbList","@id":"https:\/\/kidsplay.lt\/produktas\/edukacine-trikampe-mokymosi-lentyna-skaiciukai-raides-objektai-gyvunai\/#breadcrumb","itemListElement":[{"@type":"ListItem","position":1,"name":"Pagrindinis","item":"https:\/\/kidsplay.lt\/"},{"@type":"ListItem","position":2,"name":"Parduotuv\u0117","item":"https:\/\/kidsplay.lt\/parduotuve\/"},{"@type":"ListItem","position":3,"name":"Edukacin\u0117 trikamp\u0117 mokymosi lentyna: skai\u010diukai, raid\u0117s, objektai, gyv\u016bnai"}]},{"@type":"WebSite","@id":"https:\/\/kidsplay.lt\/#website","url":"https:\/\/kidsplay.lt\/","name":"B\u0113rnu sp\u0113les.lv","description":"\u012evairios prek\u0117s vaikams","publisher":{"@id":"https:\/\/kidsplay.lt\/#organization"},"alternateName":"Kidsplay","potentialAction":[{"@type":"SearchAction","target":{"@type":"EntryPoint","urlTemplate":"https:\/\/kidsplay.lt\/?s={search_term_string}"},"query-input":{"@type":"PropertyValueSpecification","valueRequired":true,"valueName":"search_term_string"}}],"inLanguage":"lv-LV"},{"@type":"Organization","@id":"https:\/\/kidsplay.lt\/#organization","name":"B\u0113rnu sp\u0113le","url":"https:\/\/kidsplay.lt\/","logo":{"@type":"ImageObject","inLanguage":"lv-LV","@id":"https:\/\/kidsplay.lt\/#\/schema\/logo\/image\/","url":"https:\/\/kidsplay.lt\/wp-content\/uploads\/2023\/07\/kidsplay-logo.png","contentUrl":"https:\/\/kidsplay.lt\/wp-content\/uploads\/2023\/07\/kidsplay-logo.png","width":451,"height":98,"caption":"KidsPlay"},"image":{"@id":"https:\/\/kidsplay.lt\/#\/schema\/logo\/image\/"},"sameAs":["https:\/\/www.facebook.com\/www.kidsplay.lt"]}]}},"_links":{"self":[{"href":"https:\/\/kidsplay.lt\/lv\/wp-json\/wp\/v2\/product\/96933","targetHints":{"allow":["GET"]}}],"collection":[{"href":"https:\/\/kidsplay.lt\/lv\/wp-json\/wp\/v2\/product"}],"about":[{"href":"https:\/\/kidsplay.lt\/lv\/wp-json\/wp\/v2\/types\/product"}],"version-history":[{"count":1,"href":"https:\/\/kidsplay.lt\/lv\/wp-json\/wp\/v2\/product\/96933\/revisions"}],"predecessor-version":[{"id":96934,"href":"https:\/\/kidsplay.lt\/lv\/wp-json\/wp\/v2\/product\/96933\/revisions\/96934"}],"wp:featuredmedia":[{"embeddable":true,"href":"https:\/\/kidsplay.lt\/lv\/wp-json\/wp\/v2\/media\/96935"}],"wp:attachment":[{"href":"https:\/\/kidsplay.lt\/lv\/wp-json\/wp\/v2\/media?parent=96933"}],"wp:term":[{"taxonomy":"product_brand","embeddable":true,"href":"https:\/\/kidsplay.lt\/lv\/wp-json\/wp\/v2\/product_brand?post=96933"},{"taxonomy":"product_cat","embeddable":true,"href":"https:\/\/kidsplay.lt\/lv\/wp-json\/wp\/v2\/product_cat?post=96933"},{"taxonomy":"product_tag","embeddable":true,"href":"https:\/\/kidsplay.lt\/lv\/wp-json\/wp\/v2\/product_tag?post=96933"}],"curies":[{"name":"wp","href":"https:\/\/api.w.org\/{rel}","templated":true}]}}