{"id":97016,"date":"2026-03-30T18:09:28","date_gmt":"2026-03-30T15:09:28","guid":{"rendered":"https:\/\/kidsplay.lt\/produktas\/4%e2%80%91in%e2%80%911-arkadiniu-stalo-zaidimu-rinkinys-krepsinis-futbolas-boulingas-taikinys\/"},"modified":"2026-04-15T15:22:10","modified_gmt":"2026-04-15T12:22:10","slug":"4-in-1-arkadiniu-stalo-zaidimu-rinkinys-krepsinis-futbolas-boulingas-taikinys","status":"publish","type":"product","link":"https:\/\/kidsplay.lt\/lv\/products\/4-in-1-arkadiniu-stalo-zaidimu-rinkinys-krepsinis-futbolas-boulingas-taikinys\/","title":{"rendered":"4-vien\u0101 ark\u0101des galda sp\u0113\u013cu komplekts: basketbols, futbols, boulings, m\u0113r\u0137is"},"content":{"rendered":"<p>Arkadini\u0173 \u017eaidim\u0173 rinkinys \u2013 puikus b\u016bdas vaikams smagiai ir \u012fdomiai praleisti laisvalaik\u012f. O kas, jei vienas \u017eaidimas si\u016blo net 4 skirtingas versijas? Krep\u0161inis, boulingas, futbolas ir taikinys \u2013 pasirink, k\u0105 nori \u017eaisti \u0161iandien!<\/p>\n<p>Stalo versija \u012ftrauks tiek vaikus, tiek suaugusiuosius. Var\u017eydamiesi \u017eaid\u0117jai lavins taiklum\u0105, tikslum\u0105, rank\u0173\u2013aki\u0173 koordinacij\u0105 ir mokysis s\u0105\u017einingos konkurencijos. Tiesiog pastatyk \u017eaidim\u0105 ant stalo, pritvirtink norim\u0105 modul\u012f ir pramogos prasideda.<\/p>\n<p>\u017daidimo lenta turi kei\u010diamus elementus: futbolo vartus, boulingo k\u0117glius ir taikinio diskus. U\u017e kiekvien\u0105 tiksl\u0173 metim\u0105 \u017eaid\u0117jas gauna ta\u0161k\u0173 kortel\u0119. Surink kuo daugiau ta\u0161k\u0173 ir laim\u0117k! Var\u017eybos tikrai sukels daug emocij\u0173.<\/p>\n<p>\ud83c\udfaf Rinkinio sud\u0117tis<\/p>\n<p> \t6 plastikiniai kamuoliukai<br \/>\n \tTa\u0161k\u0173 kortel\u0117s<br \/>\n \tStalo futbolo tipo \u017eaidimas<br \/>\n \tKamuoliuko paleidimo mechanizmas<br \/>\n \tBoulingo k\u0117gliai<br \/>\n \tKrep\u0161inio krep\u0161ys<br \/>\n \tFutbolo vartai<\/p>\n<p>\ud83d\udccf Izm\u0113ri<\/p>\n<p> \t\u017daidimas: 38 \u00d7 21 \u00d7 10 cm<br \/>\n \tPakuot\u0117: 49 \u00d7 28 \u00d7 6,5 cm<\/p>\n<p>\ud83d\udc65 \u017daid\u0117j\u0173 skai\u010dius<\/p>\n<p> \t1\u20132 \u017eaid\u0117jai<\/p>\n<p>\ud83d\udce6 Papildinform\u0101cija<\/p>\n<p> \tSkirta vaikams nuo 5 met\u0173<br \/>\n \tAtbilst EN71 dro\u0161\u012bbas standartam<br \/>\n \tIr CE sertifik\u0101ts<\/p>","protected":false},"excerpt":{"rendered":"<p>Arkadini\u0173 \u017eaidim\u0173 rinkinys \u2013 puikus b\u016bdas vaikams smagiai ir \u012fdomiai praleisti laisvalaik\u012f. O kas, jei vienas \u017eaidimas si\u016blo net 4<\/p>","protected":false},"featured_media":97018,"template":"","meta":{"_acf_changed":false,"_glsr_average":0,"_glsr_ranking":0,"_glsr_reviews":0},"product_brand":[],"product_cat":[445,229],"product_tag":[],"class_list":{"0":"post-97016","1":"product","2":"type-product","3":"status-publish","4":"has-post-thumbnail","6":"product_cat-stalo-zaidimai","7":"product_cat-zaislai-vaikams","8":"\"style=\"background-color: #2ecc711c;\"","10":"first","11":"instock","12":"purchasable","13":"product-type-simple"},"acf":[],"yoast_head":"<!-- This site is optimized with the Yoast SEO plugin v27.4 - https:\/\/yoast.com\/product\/yoast-seo-wordpress\/ -->\n<title>4\u2011in\u20111 arkadini\u0173 stalo \u017eaidim\u0173 rinkinys: krep\u0161inis, futbolas, boulingas, taikinys<\/title>\n<meta name=\"description\" content=\"4\u2011in\u20111 arkadini\u0173 stalo \u017eaidim\u0173 rinkinys: krep\u0161inis, futbolas, boulingas, taikinys - KidsPlay. Did\u017eiausias vaik\u0173 \u017eaisl\u0173 pasirinkimas.\" \/>\n<meta name=\"robots\" content=\"index, follow, max-snippet:-1, max-image-preview:large, max-video-preview:-1\" \/>\n<link rel=\"canonical\" href=\"https:\/\/kidsplay.lt\/lv\/products\/4-in-1-arkadiniu-stalo-zaidimu-rinkinys-krepsinis-futbolas-boulingas-taikinys\/\" \/>\n<meta property=\"og:locale\" content=\"lv_LV\" \/>\n<meta property=\"og:type\" content=\"article\" \/>\n<meta property=\"og:title\" content=\"4\u2011in\u20111 arkadini\u0173 stalo \u017eaidim\u0173 rinkinys: krep\u0161inis, futbolas, boulingas, taikinys\" \/>\n<meta property=\"og:description\" content=\"4\u2011in\u20111 arkadini\u0173 stalo \u017eaidim\u0173 rinkinys: krep\u0161inis, futbolas, boulingas, taikinys - KidsPlay. Did\u017eiausias vaik\u0173 \u017eaisl\u0173 pasirinkimas.\" \/>\n<meta property=\"og:url\" content=\"https:\/\/kidsplay.lt\/lv\/products\/4-in-1-arkadiniu-stalo-zaidimu-rinkinys-krepsinis-futbolas-boulingas-taikinys\/\" \/>\n<meta property=\"og:site_name\" content=\"KidsPlay\" \/>\n<meta property=\"article:publisher\" content=\"https:\/\/www.facebook.com\/www.kidsplay.lt\" \/>\n<meta property=\"article:modified_time\" content=\"2026-04-15T12:22:10+00:00\" \/>\n<meta property=\"og:image\" content=\"https:\/\/kidsplay.lt\/wp-content\/uploads\/2026\/03\/4\u2011in\u20111-arkadiniu-stalo-zaidimu-rinkinys-krepsinis-futbolas-boulingas-taikinys.jpg\" \/>\n\t<meta property=\"og:image:width\" content=\"1000\" \/>\n\t<meta property=\"og:image:height\" content=\"750\" \/>\n\t<meta property=\"og:image:type\" content=\"image\/jpeg\" \/>\n<meta name=\"twitter:card\" content=\"summary_large_image\" \/>\n<meta name=\"twitter:label1\" content=\"Est. reading time\" \/>\n\t<meta name=\"twitter:data1\" content=\"1 min\u016bte\" \/>\n<script type=\"application\/ld+json\" class=\"yoast-schema-graph\">{\"@context\":\"https:\\\/\\\/schema.org\",\"@graph\":[{\"@type\":\"WebPage\",\"@id\":\"https:\\\/\\\/kidsplay.lt\\\/produktas\\\/4-in-1-arkadiniu-stalo-zaidimu-rinkinys-krepsinis-futbolas-boulingas-taikinys\\\/\",\"url\":\"https:\\\/\\\/kidsplay.lt\\\/produktas\\\/4-in-1-arkadiniu-stalo-zaidimu-rinkinys-krepsinis-futbolas-boulingas-taikinys\\\/\",\"name\":\"4\u2011in\u20111 arkadini\u0173 stalo \u017eaidim\u0173 rinkinys: krep\u0161inis, futbolas, boulingas, taikinys\",\"isPartOf\":{\"@id\":\"https:\\\/\\\/kidsplay.lt\\\/#website\"},\"primaryImageOfPage\":{\"@id\":\"https:\\\/\\\/kidsplay.lt\\\/produktas\\\/4-in-1-arkadiniu-stalo-zaidimu-rinkinys-krepsinis-futbolas-boulingas-taikinys\\\/#primaryimage\"},\"image\":{\"@id\":\"https:\\\/\\\/kidsplay.lt\\\/produktas\\\/4-in-1-arkadiniu-stalo-zaidimu-rinkinys-krepsinis-futbolas-boulingas-taikinys\\\/#primaryimage\"},\"thumbnailUrl\":\"https:\\\/\\\/kidsplay.lt\\\/wp-content\\\/uploads\\\/2026\\\/03\\\/4\u2011in\u20111-arkadiniu-stalo-zaidimu-rinkinys-krepsinis-futbolas-boulingas-taikinys.jpg\",\"datePublished\":\"2026-03-30T15:09:28+00:00\",\"dateModified\":\"2026-04-15T12:22:10+00:00\",\"description\":\"4\u2011in\u20111 arkadini\u0173 stalo \u017eaidim\u0173 rinkinys: krep\u0161inis, futbolas, boulingas, taikinys - KidsPlay. Did\u017eiausias vaik\u0173 \u017eaisl\u0173 pasirinkimas.\",\"breadcrumb\":{\"@id\":\"https:\\\/\\\/kidsplay.lt\\\/produktas\\\/4-in-1-arkadiniu-stalo-zaidimu-rinkinys-krepsinis-futbolas-boulingas-taikinys\\\/#breadcrumb\"},\"inLanguage\":\"lv-LV\",\"potentialAction\":[{\"@type\":\"ReadAction\",\"target\":[\"https:\\\/\\\/kidsplay.lt\\\/produktas\\\/4-in-1-arkadiniu-stalo-zaidimu-rinkinys-krepsinis-futbolas-boulingas-taikinys\\\/\"]}]},{\"@type\":\"ImageObject\",\"inLanguage\":\"lv-LV\",\"@id\":\"https:\\\/\\\/kidsplay.lt\\\/produktas\\\/4-in-1-arkadiniu-stalo-zaidimu-rinkinys-krepsinis-futbolas-boulingas-taikinys\\\/#primaryimage\",\"url\":\"https:\\\/\\\/kidsplay.lt\\\/wp-content\\\/uploads\\\/2026\\\/03\\\/4\u2011in\u20111-arkadiniu-stalo-zaidimu-rinkinys-krepsinis-futbolas-boulingas-taikinys.jpg\",\"contentUrl\":\"https:\\\/\\\/kidsplay.lt\\\/wp-content\\\/uploads\\\/2026\\\/03\\\/4\u2011in\u20111-arkadiniu-stalo-zaidimu-rinkinys-krepsinis-futbolas-boulingas-taikinys.jpg\",\"width\":1000,\"height\":750,\"caption\":\"4\u2011in\u20111 arkadini\u0173 stalo \u017eaidim\u0173 rinkinys: krep\u0161inis\"},{\"@type\":\"BreadcrumbList\",\"@id\":\"https:\\\/\\\/kidsplay.lt\\\/produktas\\\/4-in-1-arkadiniu-stalo-zaidimu-rinkinys-krepsinis-futbolas-boulingas-taikinys\\\/#breadcrumb\",\"itemListElement\":[{\"@type\":\"ListItem\",\"position\":1,\"name\":\"Pagrindinis\",\"item\":\"https:\\\/\\\/kidsplay.lt\\\/\"},{\"@type\":\"ListItem\",\"position\":2,\"name\":\"Parduotuv\u0117\",\"item\":\"https:\\\/\\\/kidsplay.lt\\\/parduotuve\\\/\"},{\"@type\":\"ListItem\",\"position\":3,\"name\":\"4\u2011in\u20111 arkadini\u0173 stalo \u017eaidim\u0173 rinkinys: krep\u0161inis, futbolas, boulingas, taikinys\"}]},{\"@type\":\"WebSite\",\"@id\":\"https:\\\/\\\/kidsplay.lt\\\/#website\",\"url\":\"https:\\\/\\\/kidsplay.lt\\\/\",\"name\":\"Kidsplay.lt\",\"description\":\"\u012evairios prek\u0117s vaikams\",\"publisher\":{\"@id\":\"https:\\\/\\\/kidsplay.lt\\\/#organization\"},\"alternateName\":\"Kidsplay\",\"potentialAction\":[{\"@type\":\"SearchAction\",\"target\":{\"@type\":\"EntryPoint\",\"urlTemplate\":\"https:\\\/\\\/kidsplay.lt\\\/?s={search_term_string}\"},\"query-input\":{\"@type\":\"PropertyValueSpecification\",\"valueRequired\":true,\"valueName\":\"search_term_string\"}}],\"inLanguage\":\"lv-LV\"},{\"@type\":\"Organization\",\"@id\":\"https:\\\/\\\/kidsplay.lt\\\/#organization\",\"name\":\"KidsPlay\",\"url\":\"https:\\\/\\\/kidsplay.lt\\\/\",\"logo\":{\"@type\":\"ImageObject\",\"inLanguage\":\"lv-LV\",\"@id\":\"https:\\\/\\\/kidsplay.lt\\\/#\\\/schema\\\/logo\\\/image\\\/\",\"url\":\"https:\\\/\\\/kidsplay.lt\\\/wp-content\\\/uploads\\\/2023\\\/07\\\/kidsplay-logo.png\",\"contentUrl\":\"https:\\\/\\\/kidsplay.lt\\\/wp-content\\\/uploads\\\/2023\\\/07\\\/kidsplay-logo.png\",\"width\":451,\"height\":98,\"caption\":\"KidsPlay\"},\"image\":{\"@id\":\"https:\\\/\\\/kidsplay.lt\\\/#\\\/schema\\\/logo\\\/image\\\/\"},\"sameAs\":[\"https:\\\/\\\/www.facebook.com\\\/www.kidsplay.lt\"]}]}<\/script>\n<!-- \/ Yoast SEO plugin. -->","yoast_head_json":{"title":"4-vien\u0101 ark\u0101des galda sp\u0113\u013cu komplekts: basketbols, futbols, boulings, m\u0113r\u0137is","description":"4\u2011in\u20111 arkadini\u0173 stalo \u017eaidim\u0173 rinkinys: krep\u0161inis, futbolas, boulingas, taikinys - KidsPlay. Did\u017eiausias vaik\u0173 \u017eaisl\u0173 pasirinkimas.","robots":{"index":"index","follow":"follow","max-snippet":"max-snippet:-1","max-image-preview":"max-image-preview:large","max-video-preview":"max-video-preview:-1"},"canonical":"https:\/\/kidsplay.lt\/lv\/products\/4-in-1-arkadiniu-stalo-zaidimu-rinkinys-krepsinis-futbolas-boulingas-taikinys\/","og_locale":"lv_LV","og_type":"article","og_title":"4\u2011in\u20111 arkadini\u0173 stalo \u017eaidim\u0173 rinkinys: krep\u0161inis, futbolas, boulingas, taikinys","og_description":"4\u2011in\u20111 arkadini\u0173 stalo \u017eaidim\u0173 rinkinys: krep\u0161inis, futbolas, boulingas, taikinys - KidsPlay. Did\u017eiausias vaik\u0173 \u017eaisl\u0173 pasirinkimas.","og_url":"https:\/\/kidsplay.lt\/lv\/products\/4-in-1-arkadiniu-stalo-zaidimu-rinkinys-krepsinis-futbolas-boulingas-taikinys\/","og_site_name":"KidsPlay","article_publisher":"https:\/\/www.facebook.com\/www.kidsplay.lt","article_modified_time":"2026-04-15T12:22:10+00:00","og_image":[{"width":1000,"height":750,"url":"https:\/\/kidsplay.lt\/wp-content\/uploads\/2026\/03\/4\u2011in\u20111-arkadiniu-stalo-zaidimu-rinkinys-krepsinis-futbolas-boulingas-taikinys.jpg","type":"image\/jpeg"}],"twitter_card":"summary_large_image","twitter_misc":{"Est. reading time":"1 min\u016bte"},"schema":{"@context":"https:\/\/schema.org","@graph":[{"@type":"WebPage","@id":"https:\/\/kidsplay.lt\/produktas\/4-in-1-arkadiniu-stalo-zaidimu-rinkinys-krepsinis-futbolas-boulingas-taikinys\/","url":"https:\/\/kidsplay.lt\/produktas\/4-in-1-arkadiniu-stalo-zaidimu-rinkinys-krepsinis-futbolas-boulingas-taikinys\/","name":"4-vien\u0101 ark\u0101des galda sp\u0113\u013cu komplekts: basketbols, futbols, boulings, m\u0113r\u0137is","isPartOf":{"@id":"https:\/\/kidsplay.lt\/#website"},"primaryImageOfPage":{"@id":"https:\/\/kidsplay.lt\/produktas\/4-in-1-arkadiniu-stalo-zaidimu-rinkinys-krepsinis-futbolas-boulingas-taikinys\/#primaryimage"},"image":{"@id":"https:\/\/kidsplay.lt\/produktas\/4-in-1-arkadiniu-stalo-zaidimu-rinkinys-krepsinis-futbolas-boulingas-taikinys\/#primaryimage"},"thumbnailUrl":"https:\/\/kidsplay.lt\/wp-content\/uploads\/2026\/03\/4\u2011in\u20111-arkadiniu-stalo-zaidimu-rinkinys-krepsinis-futbolas-boulingas-taikinys.jpg","datePublished":"2026-03-30T15:09:28+00:00","dateModified":"2026-04-15T12:22:10+00:00","description":"4\u2011in\u20111 arkadini\u0173 stalo \u017eaidim\u0173 rinkinys: krep\u0161inis, futbolas, boulingas, taikinys - KidsPlay. Did\u017eiausias vaik\u0173 \u017eaisl\u0173 pasirinkimas.","breadcrumb":{"@id":"https:\/\/kidsplay.lt\/produktas\/4-in-1-arkadiniu-stalo-zaidimu-rinkinys-krepsinis-futbolas-boulingas-taikinys\/#breadcrumb"},"inLanguage":"lv-LV","potentialAction":[{"@type":"ReadAction","target":["https:\/\/kidsplay.lt\/produktas\/4-in-1-arkadiniu-stalo-zaidimu-rinkinys-krepsinis-futbolas-boulingas-taikinys\/"]}]},{"@type":"ImageObject","inLanguage":"lv-LV","@id":"https:\/\/kidsplay.lt\/produktas\/4-in-1-arkadiniu-stalo-zaidimu-rinkinys-krepsinis-futbolas-boulingas-taikinys\/#primaryimage","url":"https:\/\/kidsplay.lt\/wp-content\/uploads\/2026\/03\/4\u2011in\u20111-arkadiniu-stalo-zaidimu-rinkinys-krepsinis-futbolas-boulingas-taikinys.jpg","contentUrl":"https:\/\/kidsplay.lt\/wp-content\/uploads\/2026\/03\/4\u2011in\u20111-arkadiniu-stalo-zaidimu-rinkinys-krepsinis-futbolas-boulingas-taikinys.jpg","width":1000,"height":750,"caption":"4\u2011in\u20111 arkadini\u0173 stalo \u017eaidim\u0173 rinkinys: krep\u0161inis"},{"@type":"BreadcrumbList","@id":"https:\/\/kidsplay.lt\/produktas\/4-in-1-arkadiniu-stalo-zaidimu-rinkinys-krepsinis-futbolas-boulingas-taikinys\/#breadcrumb","itemListElement":[{"@type":"ListItem","position":1,"name":"Pagrindinis","item":"https:\/\/kidsplay.lt\/"},{"@type":"ListItem","position":2,"name":"Parduotuv\u0117","item":"https:\/\/kidsplay.lt\/parduotuve\/"},{"@type":"ListItem","position":3,"name":"4\u2011in\u20111 arkadini\u0173 stalo \u017eaidim\u0173 rinkinys: krep\u0161inis, futbolas, boulingas, taikinys"}]},{"@type":"WebSite","@id":"https:\/\/kidsplay.lt\/#website","url":"https:\/\/kidsplay.lt\/","name":"B\u0113rnu sp\u0113les.lv","description":"\u012evairios prek\u0117s vaikams","publisher":{"@id":"https:\/\/kidsplay.lt\/#organization"},"alternateName":"Kidsplay","potentialAction":[{"@type":"SearchAction","target":{"@type":"EntryPoint","urlTemplate":"https:\/\/kidsplay.lt\/?s={search_term_string}"},"query-input":{"@type":"PropertyValueSpecification","valueRequired":true,"valueName":"search_term_string"}}],"inLanguage":"lv-LV"},{"@type":"Organization","@id":"https:\/\/kidsplay.lt\/#organization","name":"B\u0113rnu sp\u0113le","url":"https:\/\/kidsplay.lt\/","logo":{"@type":"ImageObject","inLanguage":"lv-LV","@id":"https:\/\/kidsplay.lt\/#\/schema\/logo\/image\/","url":"https:\/\/kidsplay.lt\/wp-content\/uploads\/2023\/07\/kidsplay-logo.png","contentUrl":"https:\/\/kidsplay.lt\/wp-content\/uploads\/2023\/07\/kidsplay-logo.png","width":451,"height":98,"caption":"KidsPlay"},"image":{"@id":"https:\/\/kidsplay.lt\/#\/schema\/logo\/image\/"},"sameAs":["https:\/\/www.facebook.com\/www.kidsplay.lt"]}]}},"_links":{"self":[{"href":"https:\/\/kidsplay.lt\/lv\/wp-json\/wp\/v2\/product\/97016","targetHints":{"allow":["GET"]}}],"collection":[{"href":"https:\/\/kidsplay.lt\/lv\/wp-json\/wp\/v2\/product"}],"about":[{"href":"https:\/\/kidsplay.lt\/lv\/wp-json\/wp\/v2\/types\/product"}],"version-history":[{"count":1,"href":"https:\/\/kidsplay.lt\/lv\/wp-json\/wp\/v2\/product\/97016\/revisions"}],"predecessor-version":[{"id":97017,"href":"https:\/\/kidsplay.lt\/lv\/wp-json\/wp\/v2\/product\/97016\/revisions\/97017"}],"wp:featuredmedia":[{"embeddable":true,"href":"https:\/\/kidsplay.lt\/lv\/wp-json\/wp\/v2\/media\/97018"}],"wp:attachment":[{"href":"https:\/\/kidsplay.lt\/lv\/wp-json\/wp\/v2\/media?parent=97016"}],"wp:term":[{"taxonomy":"product_brand","embeddable":true,"href":"https:\/\/kidsplay.lt\/lv\/wp-json\/wp\/v2\/product_brand?post=97016"},{"taxonomy":"product_cat","embeddable":true,"href":"https:\/\/kidsplay.lt\/lv\/wp-json\/wp\/v2\/product_cat?post=97016"},{"taxonomy":"product_tag","embeddable":true,"href":"https:\/\/kidsplay.lt\/lv\/wp-json\/wp\/v2\/product_tag?post=97016"}],"curies":[{"name":"wp","href":"https:\/\/api.w.org\/{rel}","templated":true}]}}