{"id":97023,"date":"2026-03-30T18:09:34","date_gmt":"2026-03-30T15:09:34","guid":{"rendered":"https:\/\/kidsplay.lt\/produktas\/stalo-zaidimas-kamuoliuko-paleidimas-su-taskais-ir-kortelemis\/"},"modified":"2026-04-15T15:22:16","modified_gmt":"2026-04-15T12:22:16","slug":"stalo-zaidimas-kamuoliuko-paleidimas-su-taskais-ir-kortelemis","status":"publish","type":"product","link":"https:\/\/kidsplay.lt\/lv\/products\/stalo-zaidimas-kamuoliuko-paleidimas-su-taskais-ir-kortelemis\/","title":{"rendered":"Galda sp\u0113le &quot;Bumbas palai\u0161ana&quot; ar punktiem un k\u0101rt\u012bm"},"content":{"rendered":"<p>Arkadiniai \u017eaidimai \u2013 puikus b\u016bdas vaikams smagiai ir \u012fdomiai praleisti laisvalaik\u012f. \u0160i stalo versija \u012ftrauks ne tik ma\u017euosius, bet ir vis\u0105 \u0161eim\u0105. Var\u017eydamiesi \u017eaid\u0117jai lavins taiklum\u0105, tikslum\u0105, rank\u0173\u2013aki\u0173 koordinacij\u0105 ir mokysis s\u0105\u017einingos konkurencijos. Tiesiog pastatykite \u017eaidim\u0105 ant stalo ir prad\u0117kite rungtynes.<\/p>\n<p>\u017daidimo taisykl\u0117s labai paprastos: naudodamasis paleidimo mechanizmu \u017eaid\u0117jas \u0161auna kamuoliuk\u0105 \u012f taikin\u012f. Gale yra 5 stal\u010diukai su skylut\u0117mis, pa\u017eym\u0117tomis skirtingais ta\u0161kais. \u017daid\u0117jai \u0161audo pakaitomis, o laimi tas, kuris surenka daugiausia ta\u0161k\u0173. Var\u017eybos tikrai sukels daug emocij\u0173.<\/p>\n<p>\ud83c\udfaf Rinkinio sud\u0117tis<\/p>\n<p> \t6 plastikiniai kamuoliukai<br \/>\n \tTa\u0161k\u0173 kortel\u0117s<br \/>\n \tStalo futbolo tipo \u017eaidimas<br \/>\n \tKamuoliuko paleidimo mechanizmas<\/p>\n<p>\ud83d\udccf Izm\u0113ri<\/p>\n<p> \tMini futbolo \u017eaidimas: 42 \u00d7 21 \u00d7 12 cm<br \/>\n \tPakuot\u0117: 43 \u00d7 26 \u00d7 8 cm<\/p>\n<p>\ud83d\udc65 \u017daid\u0117j\u0173 skai\u010dius<\/p>\n<p> \t1\u20132 \u017eaid\u0117jai<\/p>\n<p>\ud83d\udce6 Papildinform\u0101cija<\/p>\n<p> \tSkirta vaikams nuo 5 met\u0173<br \/>\n \tAtbilst EN71 dro\u0161\u012bbas standartam<br \/>\n \tIr CE sertifik\u0101ts<\/p>","protected":false},"excerpt":{"rendered":"<p>Arkadiniai \u017eaidimai \u2013 puikus b\u016bdas vaikams smagiai ir \u012fdomiai praleisti laisvalaik\u012f. \u0160i stalo versija \u012ftrauks ne tik ma\u017euosius, bet ir<\/p>","protected":false},"featured_media":97025,"template":"","meta":{"_acf_changed":false,"_glsr_average":0,"_glsr_ranking":0,"_glsr_reviews":0},"product_brand":[],"product_cat":[445,229],"product_tag":[],"class_list":{"0":"post-97023","1":"product","2":"type-product","3":"status-publish","4":"has-post-thumbnail","6":"product_cat-stalo-zaidimai","7":"product_cat-zaislai-vaikams","8":"\"style=\"background-color: #2ecc711c;\"","10":"first","11":"instock","12":"purchasable","13":"product-type-simple"},"acf":[],"yoast_head":"<!-- This site is optimized with the Yoast SEO plugin v27.4 - https:\/\/yoast.com\/product\/yoast-seo-wordpress\/ -->\n<title>Stalo \u017eaidimas \u201eKamuoliuko paleidimas\u201c su ta\u0161kais ir kortel\u0117mis<\/title>\n<meta name=\"description\" content=\"Stalo \u017eaidimas \u201eKamuoliuko paleidimas\u201c su ta\u0161kais ir kortel\u0117mis - KidsPlay. Did\u017eiausias vaik\u0173 \u017eaisl\u0173 pasirinkimas.\" \/>\n<meta name=\"robots\" content=\"index, follow, max-snippet:-1, max-image-preview:large, max-video-preview:-1\" \/>\n<link rel=\"canonical\" href=\"https:\/\/kidsplay.lt\/lv\/products\/stalo-zaidimas-kamuoliuko-paleidimas-su-taskais-ir-kortelemis\/\" \/>\n<meta property=\"og:locale\" content=\"lv_LV\" \/>\n<meta property=\"og:type\" content=\"article\" \/>\n<meta property=\"og:title\" content=\"Stalo \u017eaidimas \u201eKamuoliuko paleidimas\u201c su ta\u0161kais ir kortel\u0117mis\" \/>\n<meta property=\"og:description\" content=\"Stalo \u017eaidimas \u201eKamuoliuko paleidimas\u201c su ta\u0161kais ir kortel\u0117mis - KidsPlay. Did\u017eiausias vaik\u0173 \u017eaisl\u0173 pasirinkimas.\" \/>\n<meta property=\"og:url\" content=\"https:\/\/kidsplay.lt\/lv\/products\/stalo-zaidimas-kamuoliuko-paleidimas-su-taskais-ir-kortelemis\/\" \/>\n<meta property=\"og:site_name\" content=\"KidsPlay\" \/>\n<meta property=\"article:publisher\" content=\"https:\/\/www.facebook.com\/www.kidsplay.lt\" \/>\n<meta property=\"article:modified_time\" content=\"2026-04-15T12:22:16+00:00\" \/>\n<meta property=\"og:image\" content=\"https:\/\/kidsplay.lt\/wp-content\/uploads\/2026\/03\/Stalo-zaidimas-\u201eKamuoliuko-paleidimas-su-taskais-ir-kortelemis.jpg\" \/>\n\t<meta property=\"og:image:width\" content=\"1000\" \/>\n\t<meta property=\"og:image:height\" content=\"750\" \/>\n\t<meta property=\"og:image:type\" content=\"image\/jpeg\" \/>\n<meta name=\"twitter:card\" content=\"summary_large_image\" \/>\n<meta name=\"twitter:label1\" content=\"Est. reading time\" \/>\n\t<meta name=\"twitter:data1\" content=\"1 min\u016bte\" \/>\n<script type=\"application\/ld+json\" class=\"yoast-schema-graph\">{\"@context\":\"https:\\\/\\\/schema.org\",\"@graph\":[{\"@type\":\"WebPage\",\"@id\":\"https:\\\/\\\/kidsplay.lt\\\/produktas\\\/stalo-zaidimas-kamuoliuko-paleidimas-su-taskais-ir-kortelemis\\\/\",\"url\":\"https:\\\/\\\/kidsplay.lt\\\/produktas\\\/stalo-zaidimas-kamuoliuko-paleidimas-su-taskais-ir-kortelemis\\\/\",\"name\":\"Stalo \u017eaidimas \u201eKamuoliuko paleidimas\u201c su ta\u0161kais ir kortel\u0117mis\",\"isPartOf\":{\"@id\":\"https:\\\/\\\/kidsplay.lt\\\/#website\"},\"primaryImageOfPage\":{\"@id\":\"https:\\\/\\\/kidsplay.lt\\\/produktas\\\/stalo-zaidimas-kamuoliuko-paleidimas-su-taskais-ir-kortelemis\\\/#primaryimage\"},\"image\":{\"@id\":\"https:\\\/\\\/kidsplay.lt\\\/produktas\\\/stalo-zaidimas-kamuoliuko-paleidimas-su-taskais-ir-kortelemis\\\/#primaryimage\"},\"thumbnailUrl\":\"https:\\\/\\\/kidsplay.lt\\\/wp-content\\\/uploads\\\/2026\\\/03\\\/Stalo-zaidimas-\u201eKamuoliuko-paleidimas-su-taskais-ir-kortelemis.jpg\",\"datePublished\":\"2026-03-30T15:09:34+00:00\",\"dateModified\":\"2026-04-15T12:22:16+00:00\",\"description\":\"Stalo \u017eaidimas \u201eKamuoliuko paleidimas\u201c su ta\u0161kais ir kortel\u0117mis - KidsPlay. Did\u017eiausias vaik\u0173 \u017eaisl\u0173 pasirinkimas.\",\"breadcrumb\":{\"@id\":\"https:\\\/\\\/kidsplay.lt\\\/produktas\\\/stalo-zaidimas-kamuoliuko-paleidimas-su-taskais-ir-kortelemis\\\/#breadcrumb\"},\"inLanguage\":\"lv-LV\",\"potentialAction\":[{\"@type\":\"ReadAction\",\"target\":[\"https:\\\/\\\/kidsplay.lt\\\/produktas\\\/stalo-zaidimas-kamuoliuko-paleidimas-su-taskais-ir-kortelemis\\\/\"]}]},{\"@type\":\"ImageObject\",\"inLanguage\":\"lv-LV\",\"@id\":\"https:\\\/\\\/kidsplay.lt\\\/produktas\\\/stalo-zaidimas-kamuoliuko-paleidimas-su-taskais-ir-kortelemis\\\/#primaryimage\",\"url\":\"https:\\\/\\\/kidsplay.lt\\\/wp-content\\\/uploads\\\/2026\\\/03\\\/Stalo-zaidimas-\u201eKamuoliuko-paleidimas-su-taskais-ir-kortelemis.jpg\",\"contentUrl\":\"https:\\\/\\\/kidsplay.lt\\\/wp-content\\\/uploads\\\/2026\\\/03\\\/Stalo-zaidimas-\u201eKamuoliuko-paleidimas-su-taskais-ir-kortelemis.jpg\",\"width\":1000,\"height\":750,\"caption\":\"Stalo \u017eaidimas \u201eKamuoliuko paleidimas\u201c su ta\u0161kais ir kortel\u0117mis\"},{\"@type\":\"BreadcrumbList\",\"@id\":\"https:\\\/\\\/kidsplay.lt\\\/produktas\\\/stalo-zaidimas-kamuoliuko-paleidimas-su-taskais-ir-kortelemis\\\/#breadcrumb\",\"itemListElement\":[{\"@type\":\"ListItem\",\"position\":1,\"name\":\"Pagrindinis\",\"item\":\"https:\\\/\\\/kidsplay.lt\\\/\"},{\"@type\":\"ListItem\",\"position\":2,\"name\":\"Parduotuv\u0117\",\"item\":\"https:\\\/\\\/kidsplay.lt\\\/parduotuve\\\/\"},{\"@type\":\"ListItem\",\"position\":3,\"name\":\"Stalo \u017eaidimas \u201eKamuoliuko paleidimas\u201c su ta\u0161kais ir kortel\u0117mis\"}]},{\"@type\":\"WebSite\",\"@id\":\"https:\\\/\\\/kidsplay.lt\\\/#website\",\"url\":\"https:\\\/\\\/kidsplay.lt\\\/\",\"name\":\"Kidsplay.lt\",\"description\":\"\u012evairios prek\u0117s vaikams\",\"publisher\":{\"@id\":\"https:\\\/\\\/kidsplay.lt\\\/#organization\"},\"alternateName\":\"Kidsplay\",\"potentialAction\":[{\"@type\":\"SearchAction\",\"target\":{\"@type\":\"EntryPoint\",\"urlTemplate\":\"https:\\\/\\\/kidsplay.lt\\\/?s={search_term_string}\"},\"query-input\":{\"@type\":\"PropertyValueSpecification\",\"valueRequired\":true,\"valueName\":\"search_term_string\"}}],\"inLanguage\":\"lv-LV\"},{\"@type\":\"Organization\",\"@id\":\"https:\\\/\\\/kidsplay.lt\\\/#organization\",\"name\":\"KidsPlay\",\"url\":\"https:\\\/\\\/kidsplay.lt\\\/\",\"logo\":{\"@type\":\"ImageObject\",\"inLanguage\":\"lv-LV\",\"@id\":\"https:\\\/\\\/kidsplay.lt\\\/#\\\/schema\\\/logo\\\/image\\\/\",\"url\":\"https:\\\/\\\/kidsplay.lt\\\/wp-content\\\/uploads\\\/2023\\\/07\\\/kidsplay-logo.png\",\"contentUrl\":\"https:\\\/\\\/kidsplay.lt\\\/wp-content\\\/uploads\\\/2023\\\/07\\\/kidsplay-logo.png\",\"width\":451,\"height\":98,\"caption\":\"KidsPlay\"},\"image\":{\"@id\":\"https:\\\/\\\/kidsplay.lt\\\/#\\\/schema\\\/logo\\\/image\\\/\"},\"sameAs\":[\"https:\\\/\\\/www.facebook.com\\\/www.kidsplay.lt\"]}]}<\/script>\n<!-- \/ Yoast SEO plugin. -->","yoast_head_json":{"title":"Galda sp\u0113le &quot;Bumbas palai\u0161ana&quot; ar punktiem un k\u0101rt\u012bm","description":"Stalo \u017eaidimas \u201eKamuoliuko paleidimas\u201c su ta\u0161kais ir kortel\u0117mis - KidsPlay. Did\u017eiausias vaik\u0173 \u017eaisl\u0173 pasirinkimas.","robots":{"index":"index","follow":"follow","max-snippet":"max-snippet:-1","max-image-preview":"max-image-preview:large","max-video-preview":"max-video-preview:-1"},"canonical":"https:\/\/kidsplay.lt\/lv\/products\/stalo-zaidimas-kamuoliuko-paleidimas-su-taskais-ir-kortelemis\/","og_locale":"lv_LV","og_type":"article","og_title":"Stalo \u017eaidimas \u201eKamuoliuko paleidimas\u201c su ta\u0161kais ir kortel\u0117mis","og_description":"Stalo \u017eaidimas \u201eKamuoliuko paleidimas\u201c su ta\u0161kais ir kortel\u0117mis - KidsPlay. Did\u017eiausias vaik\u0173 \u017eaisl\u0173 pasirinkimas.","og_url":"https:\/\/kidsplay.lt\/lv\/products\/stalo-zaidimas-kamuoliuko-paleidimas-su-taskais-ir-kortelemis\/","og_site_name":"KidsPlay","article_publisher":"https:\/\/www.facebook.com\/www.kidsplay.lt","article_modified_time":"2026-04-15T12:22:16+00:00","og_image":[{"width":1000,"height":750,"url":"https:\/\/kidsplay.lt\/wp-content\/uploads\/2026\/03\/Stalo-zaidimas-\u201eKamuoliuko-paleidimas-su-taskais-ir-kortelemis.jpg","type":"image\/jpeg"}],"twitter_card":"summary_large_image","twitter_misc":{"Est. reading time":"1 min\u016bte"},"schema":{"@context":"https:\/\/schema.org","@graph":[{"@type":"WebPage","@id":"https:\/\/kidsplay.lt\/produktas\/stalo-zaidimas-kamuoliuko-paleidimas-su-taskais-ir-kortelemis\/","url":"https:\/\/kidsplay.lt\/produktas\/stalo-zaidimas-kamuoliuko-paleidimas-su-taskais-ir-kortelemis\/","name":"Galda sp\u0113le &quot;Bumbas palai\u0161ana&quot; ar punktiem un k\u0101rt\u012bm","isPartOf":{"@id":"https:\/\/kidsplay.lt\/#website"},"primaryImageOfPage":{"@id":"https:\/\/kidsplay.lt\/produktas\/stalo-zaidimas-kamuoliuko-paleidimas-su-taskais-ir-kortelemis\/#primaryimage"},"image":{"@id":"https:\/\/kidsplay.lt\/produktas\/stalo-zaidimas-kamuoliuko-paleidimas-su-taskais-ir-kortelemis\/#primaryimage"},"thumbnailUrl":"https:\/\/kidsplay.lt\/wp-content\/uploads\/2026\/03\/Stalo-zaidimas-\u201eKamuoliuko-paleidimas-su-taskais-ir-kortelemis.jpg","datePublished":"2026-03-30T15:09:34+00:00","dateModified":"2026-04-15T12:22:16+00:00","description":"Stalo \u017eaidimas \u201eKamuoliuko paleidimas\u201c su ta\u0161kais ir kortel\u0117mis - KidsPlay. Did\u017eiausias vaik\u0173 \u017eaisl\u0173 pasirinkimas.","breadcrumb":{"@id":"https:\/\/kidsplay.lt\/produktas\/stalo-zaidimas-kamuoliuko-paleidimas-su-taskais-ir-kortelemis\/#breadcrumb"},"inLanguage":"lv-LV","potentialAction":[{"@type":"ReadAction","target":["https:\/\/kidsplay.lt\/produktas\/stalo-zaidimas-kamuoliuko-paleidimas-su-taskais-ir-kortelemis\/"]}]},{"@type":"ImageObject","inLanguage":"lv-LV","@id":"https:\/\/kidsplay.lt\/produktas\/stalo-zaidimas-kamuoliuko-paleidimas-su-taskais-ir-kortelemis\/#primaryimage","url":"https:\/\/kidsplay.lt\/wp-content\/uploads\/2026\/03\/Stalo-zaidimas-\u201eKamuoliuko-paleidimas-su-taskais-ir-kortelemis.jpg","contentUrl":"https:\/\/kidsplay.lt\/wp-content\/uploads\/2026\/03\/Stalo-zaidimas-\u201eKamuoliuko-paleidimas-su-taskais-ir-kortelemis.jpg","width":1000,"height":750,"caption":"Stalo \u017eaidimas \u201eKamuoliuko paleidimas\u201c su ta\u0161kais ir kortel\u0117mis"},{"@type":"BreadcrumbList","@id":"https:\/\/kidsplay.lt\/produktas\/stalo-zaidimas-kamuoliuko-paleidimas-su-taskais-ir-kortelemis\/#breadcrumb","itemListElement":[{"@type":"ListItem","position":1,"name":"Pagrindinis","item":"https:\/\/kidsplay.lt\/"},{"@type":"ListItem","position":2,"name":"Parduotuv\u0117","item":"https:\/\/kidsplay.lt\/parduotuve\/"},{"@type":"ListItem","position":3,"name":"Stalo \u017eaidimas \u201eKamuoliuko paleidimas\u201c su ta\u0161kais ir kortel\u0117mis"}]},{"@type":"WebSite","@id":"https:\/\/kidsplay.lt\/#website","url":"https:\/\/kidsplay.lt\/","name":"B\u0113rnu sp\u0113les.lv","description":"\u012evairios prek\u0117s vaikams","publisher":{"@id":"https:\/\/kidsplay.lt\/#organization"},"alternateName":"Kidsplay","potentialAction":[{"@type":"SearchAction","target":{"@type":"EntryPoint","urlTemplate":"https:\/\/kidsplay.lt\/?s={search_term_string}"},"query-input":{"@type":"PropertyValueSpecification","valueRequired":true,"valueName":"search_term_string"}}],"inLanguage":"lv-LV"},{"@type":"Organization","@id":"https:\/\/kidsplay.lt\/#organization","name":"B\u0113rnu sp\u0113le","url":"https:\/\/kidsplay.lt\/","logo":{"@type":"ImageObject","inLanguage":"lv-LV","@id":"https:\/\/kidsplay.lt\/#\/schema\/logo\/image\/","url":"https:\/\/kidsplay.lt\/wp-content\/uploads\/2023\/07\/kidsplay-logo.png","contentUrl":"https:\/\/kidsplay.lt\/wp-content\/uploads\/2023\/07\/kidsplay-logo.png","width":451,"height":98,"caption":"KidsPlay"},"image":{"@id":"https:\/\/kidsplay.lt\/#\/schema\/logo\/image\/"},"sameAs":["https:\/\/www.facebook.com\/www.kidsplay.lt"]}]}},"_links":{"self":[{"href":"https:\/\/kidsplay.lt\/lv\/wp-json\/wp\/v2\/product\/97023","targetHints":{"allow":["GET"]}}],"collection":[{"href":"https:\/\/kidsplay.lt\/lv\/wp-json\/wp\/v2\/product"}],"about":[{"href":"https:\/\/kidsplay.lt\/lv\/wp-json\/wp\/v2\/types\/product"}],"version-history":[{"count":1,"href":"https:\/\/kidsplay.lt\/lv\/wp-json\/wp\/v2\/product\/97023\/revisions"}],"predecessor-version":[{"id":97024,"href":"https:\/\/kidsplay.lt\/lv\/wp-json\/wp\/v2\/product\/97023\/revisions\/97024"}],"wp:featuredmedia":[{"embeddable":true,"href":"https:\/\/kidsplay.lt\/lv\/wp-json\/wp\/v2\/media\/97025"}],"wp:attachment":[{"href":"https:\/\/kidsplay.lt\/lv\/wp-json\/wp\/v2\/media?parent=97023"}],"wp:term":[{"taxonomy":"product_brand","embeddable":true,"href":"https:\/\/kidsplay.lt\/lv\/wp-json\/wp\/v2\/product_brand?post=97023"},{"taxonomy":"product_cat","embeddable":true,"href":"https:\/\/kidsplay.lt\/lv\/wp-json\/wp\/v2\/product_cat?post=97023"},{"taxonomy":"product_tag","embeddable":true,"href":"https:\/\/kidsplay.lt\/lv\/wp-json\/wp\/v2\/product_tag?post=97023"}],"curies":[{"name":"wp","href":"https:\/\/api.w.org\/{rel}","templated":true}]}}