{"id":97046,"date":"2026-03-30T18:09:58","date_gmt":"2026-03-30T15:09:58","guid":{"rendered":"https:\/\/kidsplay.lt\/produktas\/didelis-edukaciniu-kelio-zenklu-rinkinys-82-cm\/"},"modified":"2026-04-13T10:59:25","modified_gmt":"2026-04-13T07:59:25","slug":"didelis-edukaciniu-kelio-zenklu-rinkinys-82-cm","status":"publish","type":"product","link":"https:\/\/kidsplay.lt\/lv\/products\/didelis-edukaciniu-kelio-zenklu-rinkinys-82-cm\/","title":{"rendered":"Liels izgl\u012btojo\u0161u ce\u013ca z\u012bmju komplekts, 82 cm"},"content":{"rendered":"<p>Edukacini\u0173 kelio \u017eenkl\u0173 rinkinys \u2013 puikus pasirinkimas mokantis va\u017eiuoti dvira\u010diu ir susipa\u017e\u012fstant su pagrindin\u0117mis keli\u0173 eismo taisykl\u0117mis. \u0160ios serijos \u017eaislai padeda vaikams nuo ma\u017eens pa\u017einti aplinkin\u012f pasaul\u012f ir ugdyti teising\u0105 elges\u012f kelyje.<\/p>\n<p>Rinkinyje yra 5 kelio \u017eenklai, vaizduojantys svarbiausias eismo taisykles. Pridedami lipdukai, kuriuos vaikas gali u\u017eklijuoti pats \u2013 tai dar labiau \u012ftraukia \u012f mokymosi proces\u0105. Kelio \u017eenklai puikiai tinka ne tik namams, bet ir dar\u017eeliams bei mokykloms, kur jie gali b\u016bti naudojami edukacin\u0117se veiklose.<\/p>\n<p>\ud83d\udea6 Rinkinyje esantys \u017eenklai<\/p>\n<p> \tVa\u017eiavimo krypties nurodymas<br \/>\n \tDuoti keli\u0105<br \/>\n \tP\u0117s\u010di\u0173j\u0173 per\u0117ja<br \/>\n \tSTOP<br \/>\n \tKelio i\u0161si\u0161akojimas<\/p>\n<p>\ud83d\udccf Izm\u0113ri<\/p>\n<p> \tVieno \u017eenklo dydis: 25 cm \u00d7 25 cm \u00d7 82 cm<br \/>\n \tPakuot\u0117: 44 cm \u00d7 27 cm \u00d7 20 cm<\/p>\n<p>\u017daislas skirtas vaikams nuo 3 met\u0173.<\/p>\n<p>Puikus edukacinis rinkinys, padedantis vaikams suprasti keli\u0173 eismo taisykles ir ugdyti saugaus elgesio \u012fg\u016bd\u017eius.<\/p>","protected":false},"excerpt":{"rendered":"<p>Edukacini\u0173 kelio \u017eenkl\u0173 rinkinys \u2013 puikus pasirinkimas mokantis va\u017eiuoti dvira\u010diu ir susipa\u017e\u012fstant su pagrindin\u0117mis keli\u0173 eismo taisykl\u0117mis. \u0160ios serijos \u017eaislai<\/p>","protected":false},"featured_media":97048,"template":"","meta":{"_acf_changed":false,"_glsr_average":0,"_glsr_ranking":0,"_glsr_reviews":0},"product_brand":[],"product_cat":[673,229],"product_tag":[],"class_list":{"0":"post-97046","1":"product","2":"type-product","3":"status-publish","4":"has-post-thumbnail","6":"product_cat-ugdomosios-priemones","7":"product_cat-zaislai-vaikams","8":"\"style=\"background-color: #2ecc711c;\"","10":"first","11":"instock","12":"purchasable","13":"product-type-simple"},"acf":[],"yoast_head":"<!-- This site is optimized with the Yoast SEO plugin v27.4 - https:\/\/yoast.com\/product\/yoast-seo-wordpress\/ -->\n<title>Didelis edukacini\u0173 kelio \u017eenkl\u0173 rinkinys, 82 cm<\/title>\n<meta name=\"description\" content=\"Didelis edukacini\u0173 kelio \u017eenkl\u0173 rinkinys, 82 cm - KidsPlay. Did\u017eiausias vaik\u0173 \u017eaisl\u0173 pasirinkimas.\" \/>\n<meta name=\"robots\" content=\"index, follow, max-snippet:-1, max-image-preview:large, max-video-preview:-1\" \/>\n<link rel=\"canonical\" href=\"https:\/\/kidsplay.lt\/lv\/products\/didelis-edukaciniu-kelio-zenklu-rinkinys-82-cm\/\" \/>\n<meta property=\"og:locale\" content=\"lv_LV\" \/>\n<meta property=\"og:type\" content=\"article\" \/>\n<meta property=\"og:title\" content=\"Didelis edukacini\u0173 kelio \u017eenkl\u0173 rinkinys, 82 cm\" \/>\n<meta property=\"og:description\" content=\"Didelis edukacini\u0173 kelio \u017eenkl\u0173 rinkinys, 82 cm - KidsPlay. Did\u017eiausias vaik\u0173 \u017eaisl\u0173 pasirinkimas.\" \/>\n<meta property=\"og:url\" content=\"https:\/\/kidsplay.lt\/lv\/products\/didelis-edukaciniu-kelio-zenklu-rinkinys-82-cm\/\" \/>\n<meta property=\"og:site_name\" content=\"KidsPlay\" \/>\n<meta property=\"article:publisher\" content=\"https:\/\/www.facebook.com\/www.kidsplay.lt\" \/>\n<meta property=\"article:modified_time\" content=\"2026-04-13T07:59:25+00:00\" \/>\n<meta property=\"og:image\" content=\"https:\/\/kidsplay.lt\/wp-content\/uploads\/2026\/03\/Didelis-edukaciniu-kelio-zenklu-rinkinys-82-cm.jpg\" \/>\n\t<meta property=\"og:image:width\" content=\"1000\" \/>\n\t<meta property=\"og:image:height\" content=\"750\" \/>\n\t<meta property=\"og:image:type\" content=\"image\/jpeg\" \/>\n<meta name=\"twitter:card\" content=\"summary_large_image\" \/>\n<meta name=\"twitter:label1\" content=\"Est. reading time\" \/>\n\t<meta name=\"twitter:data1\" content=\"1 min\u016bte\" \/>\n<script type=\"application\/ld+json\" class=\"yoast-schema-graph\">{\"@context\":\"https:\\\/\\\/schema.org\",\"@graph\":[{\"@type\":\"WebPage\",\"@id\":\"https:\\\/\\\/kidsplay.lt\\\/produktas\\\/didelis-edukaciniu-kelio-zenklu-rinkinys-82-cm\\\/\",\"url\":\"https:\\\/\\\/kidsplay.lt\\\/produktas\\\/didelis-edukaciniu-kelio-zenklu-rinkinys-82-cm\\\/\",\"name\":\"Didelis edukacini\u0173 kelio \u017eenkl\u0173 rinkinys, 82 cm\",\"isPartOf\":{\"@id\":\"https:\\\/\\\/kidsplay.lt\\\/#website\"},\"primaryImageOfPage\":{\"@id\":\"https:\\\/\\\/kidsplay.lt\\\/produktas\\\/didelis-edukaciniu-kelio-zenklu-rinkinys-82-cm\\\/#primaryimage\"},\"image\":{\"@id\":\"https:\\\/\\\/kidsplay.lt\\\/produktas\\\/didelis-edukaciniu-kelio-zenklu-rinkinys-82-cm\\\/#primaryimage\"},\"thumbnailUrl\":\"https:\\\/\\\/kidsplay.lt\\\/wp-content\\\/uploads\\\/2026\\\/03\\\/Didelis-edukaciniu-kelio-zenklu-rinkinys-82-cm.jpg\",\"datePublished\":\"2026-03-30T15:09:58+00:00\",\"dateModified\":\"2026-04-13T07:59:25+00:00\",\"description\":\"Didelis edukacini\u0173 kelio \u017eenkl\u0173 rinkinys, 82 cm - KidsPlay. Did\u017eiausias vaik\u0173 \u017eaisl\u0173 pasirinkimas.\",\"breadcrumb\":{\"@id\":\"https:\\\/\\\/kidsplay.lt\\\/produktas\\\/didelis-edukaciniu-kelio-zenklu-rinkinys-82-cm\\\/#breadcrumb\"},\"inLanguage\":\"lv-LV\",\"potentialAction\":[{\"@type\":\"ReadAction\",\"target\":[\"https:\\\/\\\/kidsplay.lt\\\/produktas\\\/didelis-edukaciniu-kelio-zenklu-rinkinys-82-cm\\\/\"]}]},{\"@type\":\"ImageObject\",\"inLanguage\":\"lv-LV\",\"@id\":\"https:\\\/\\\/kidsplay.lt\\\/produktas\\\/didelis-edukaciniu-kelio-zenklu-rinkinys-82-cm\\\/#primaryimage\",\"url\":\"https:\\\/\\\/kidsplay.lt\\\/wp-content\\\/uploads\\\/2026\\\/03\\\/Didelis-edukaciniu-kelio-zenklu-rinkinys-82-cm.jpg\",\"contentUrl\":\"https:\\\/\\\/kidsplay.lt\\\/wp-content\\\/uploads\\\/2026\\\/03\\\/Didelis-edukaciniu-kelio-zenklu-rinkinys-82-cm.jpg\",\"width\":1000,\"height\":750,\"caption\":\"Didelis edukacini\u0173 kelio \u017eenkl\u0173 rinkinys\"},{\"@type\":\"BreadcrumbList\",\"@id\":\"https:\\\/\\\/kidsplay.lt\\\/produktas\\\/didelis-edukaciniu-kelio-zenklu-rinkinys-82-cm\\\/#breadcrumb\",\"itemListElement\":[{\"@type\":\"ListItem\",\"position\":1,\"name\":\"Pagrindinis\",\"item\":\"https:\\\/\\\/kidsplay.lt\\\/\"},{\"@type\":\"ListItem\",\"position\":2,\"name\":\"Parduotuv\u0117\",\"item\":\"https:\\\/\\\/kidsplay.lt\\\/parduotuve\\\/\"},{\"@type\":\"ListItem\",\"position\":3,\"name\":\"Didelis edukacini\u0173 kelio \u017eenkl\u0173 rinkinys, 82 cm\"}]},{\"@type\":\"WebSite\",\"@id\":\"https:\\\/\\\/kidsplay.lt\\\/#website\",\"url\":\"https:\\\/\\\/kidsplay.lt\\\/\",\"name\":\"Kidsplay.lt\",\"description\":\"\u012evairios prek\u0117s vaikams\",\"publisher\":{\"@id\":\"https:\\\/\\\/kidsplay.lt\\\/#organization\"},\"alternateName\":\"Kidsplay\",\"potentialAction\":[{\"@type\":\"SearchAction\",\"target\":{\"@type\":\"EntryPoint\",\"urlTemplate\":\"https:\\\/\\\/kidsplay.lt\\\/?s={search_term_string}\"},\"query-input\":{\"@type\":\"PropertyValueSpecification\",\"valueRequired\":true,\"valueName\":\"search_term_string\"}}],\"inLanguage\":\"lv-LV\"},{\"@type\":\"Organization\",\"@id\":\"https:\\\/\\\/kidsplay.lt\\\/#organization\",\"name\":\"KidsPlay\",\"url\":\"https:\\\/\\\/kidsplay.lt\\\/\",\"logo\":{\"@type\":\"ImageObject\",\"inLanguage\":\"lv-LV\",\"@id\":\"https:\\\/\\\/kidsplay.lt\\\/#\\\/schema\\\/logo\\\/image\\\/\",\"url\":\"https:\\\/\\\/kidsplay.lt\\\/wp-content\\\/uploads\\\/2023\\\/07\\\/kidsplay-logo.png\",\"contentUrl\":\"https:\\\/\\\/kidsplay.lt\\\/wp-content\\\/uploads\\\/2023\\\/07\\\/kidsplay-logo.png\",\"width\":451,\"height\":98,\"caption\":\"KidsPlay\"},\"image\":{\"@id\":\"https:\\\/\\\/kidsplay.lt\\\/#\\\/schema\\\/logo\\\/image\\\/\"},\"sameAs\":[\"https:\\\/\\\/www.facebook.com\\\/www.kidsplay.lt\"]}]}<\/script>\n<!-- \/ Yoast SEO plugin. -->","yoast_head_json":{"title":"Liels izgl\u012btojo\u0161u ce\u013ca z\u012bmju komplekts, 82 cm","description":"Didelis edukacini\u0173 kelio \u017eenkl\u0173 rinkinys, 82 cm - KidsPlay. Did\u017eiausias vaik\u0173 \u017eaisl\u0173 pasirinkimas.","robots":{"index":"index","follow":"follow","max-snippet":"max-snippet:-1","max-image-preview":"max-image-preview:large","max-video-preview":"max-video-preview:-1"},"canonical":"https:\/\/kidsplay.lt\/lv\/products\/didelis-edukaciniu-kelio-zenklu-rinkinys-82-cm\/","og_locale":"lv_LV","og_type":"article","og_title":"Didelis edukacini\u0173 kelio \u017eenkl\u0173 rinkinys, 82 cm","og_description":"Didelis edukacini\u0173 kelio \u017eenkl\u0173 rinkinys, 82 cm - KidsPlay. Did\u017eiausias vaik\u0173 \u017eaisl\u0173 pasirinkimas.","og_url":"https:\/\/kidsplay.lt\/lv\/products\/didelis-edukaciniu-kelio-zenklu-rinkinys-82-cm\/","og_site_name":"KidsPlay","article_publisher":"https:\/\/www.facebook.com\/www.kidsplay.lt","article_modified_time":"2026-04-13T07:59:25+00:00","og_image":[{"width":1000,"height":750,"url":"https:\/\/kidsplay.lt\/wp-content\/uploads\/2026\/03\/Didelis-edukaciniu-kelio-zenklu-rinkinys-82-cm.jpg","type":"image\/jpeg"}],"twitter_card":"summary_large_image","twitter_misc":{"Est. reading time":"1 min\u016bte"},"schema":{"@context":"https:\/\/schema.org","@graph":[{"@type":"WebPage","@id":"https:\/\/kidsplay.lt\/produktas\/didelis-edukaciniu-kelio-zenklu-rinkinys-82-cm\/","url":"https:\/\/kidsplay.lt\/produktas\/didelis-edukaciniu-kelio-zenklu-rinkinys-82-cm\/","name":"Liels izgl\u012btojo\u0161u ce\u013ca z\u012bmju komplekts, 82 cm","isPartOf":{"@id":"https:\/\/kidsplay.lt\/#website"},"primaryImageOfPage":{"@id":"https:\/\/kidsplay.lt\/produktas\/didelis-edukaciniu-kelio-zenklu-rinkinys-82-cm\/#primaryimage"},"image":{"@id":"https:\/\/kidsplay.lt\/produktas\/didelis-edukaciniu-kelio-zenklu-rinkinys-82-cm\/#primaryimage"},"thumbnailUrl":"https:\/\/kidsplay.lt\/wp-content\/uploads\/2026\/03\/Didelis-edukaciniu-kelio-zenklu-rinkinys-82-cm.jpg","datePublished":"2026-03-30T15:09:58+00:00","dateModified":"2026-04-13T07:59:25+00:00","description":"Didelis edukacini\u0173 kelio \u017eenkl\u0173 rinkinys, 82 cm - KidsPlay. Did\u017eiausias vaik\u0173 \u017eaisl\u0173 pasirinkimas.","breadcrumb":{"@id":"https:\/\/kidsplay.lt\/produktas\/didelis-edukaciniu-kelio-zenklu-rinkinys-82-cm\/#breadcrumb"},"inLanguage":"lv-LV","potentialAction":[{"@type":"ReadAction","target":["https:\/\/kidsplay.lt\/produktas\/didelis-edukaciniu-kelio-zenklu-rinkinys-82-cm\/"]}]},{"@type":"ImageObject","inLanguage":"lv-LV","@id":"https:\/\/kidsplay.lt\/produktas\/didelis-edukaciniu-kelio-zenklu-rinkinys-82-cm\/#primaryimage","url":"https:\/\/kidsplay.lt\/wp-content\/uploads\/2026\/03\/Didelis-edukaciniu-kelio-zenklu-rinkinys-82-cm.jpg","contentUrl":"https:\/\/kidsplay.lt\/wp-content\/uploads\/2026\/03\/Didelis-edukaciniu-kelio-zenklu-rinkinys-82-cm.jpg","width":1000,"height":750,"caption":"Didelis edukacini\u0173 kelio \u017eenkl\u0173 rinkinys"},{"@type":"BreadcrumbList","@id":"https:\/\/kidsplay.lt\/produktas\/didelis-edukaciniu-kelio-zenklu-rinkinys-82-cm\/#breadcrumb","itemListElement":[{"@type":"ListItem","position":1,"name":"Pagrindinis","item":"https:\/\/kidsplay.lt\/"},{"@type":"ListItem","position":2,"name":"Parduotuv\u0117","item":"https:\/\/kidsplay.lt\/parduotuve\/"},{"@type":"ListItem","position":3,"name":"Didelis edukacini\u0173 kelio \u017eenkl\u0173 rinkinys, 82 cm"}]},{"@type":"WebSite","@id":"https:\/\/kidsplay.lt\/#website","url":"https:\/\/kidsplay.lt\/","name":"B\u0113rnu sp\u0113les.lv","description":"\u012evairios prek\u0117s vaikams","publisher":{"@id":"https:\/\/kidsplay.lt\/#organization"},"alternateName":"Kidsplay","potentialAction":[{"@type":"SearchAction","target":{"@type":"EntryPoint","urlTemplate":"https:\/\/kidsplay.lt\/?s={search_term_string}"},"query-input":{"@type":"PropertyValueSpecification","valueRequired":true,"valueName":"search_term_string"}}],"inLanguage":"lv-LV"},{"@type":"Organization","@id":"https:\/\/kidsplay.lt\/#organization","name":"B\u0113rnu sp\u0113le","url":"https:\/\/kidsplay.lt\/","logo":{"@type":"ImageObject","inLanguage":"lv-LV","@id":"https:\/\/kidsplay.lt\/#\/schema\/logo\/image\/","url":"https:\/\/kidsplay.lt\/wp-content\/uploads\/2023\/07\/kidsplay-logo.png","contentUrl":"https:\/\/kidsplay.lt\/wp-content\/uploads\/2023\/07\/kidsplay-logo.png","width":451,"height":98,"caption":"KidsPlay"},"image":{"@id":"https:\/\/kidsplay.lt\/#\/schema\/logo\/image\/"},"sameAs":["https:\/\/www.facebook.com\/www.kidsplay.lt"]}]}},"_links":{"self":[{"href":"https:\/\/kidsplay.lt\/lv\/wp-json\/wp\/v2\/product\/97046","targetHints":{"allow":["GET"]}}],"collection":[{"href":"https:\/\/kidsplay.lt\/lv\/wp-json\/wp\/v2\/product"}],"about":[{"href":"https:\/\/kidsplay.lt\/lv\/wp-json\/wp\/v2\/types\/product"}],"version-history":[{"count":1,"href":"https:\/\/kidsplay.lt\/lv\/wp-json\/wp\/v2\/product\/97046\/revisions"}],"predecessor-version":[{"id":97047,"href":"https:\/\/kidsplay.lt\/lv\/wp-json\/wp\/v2\/product\/97046\/revisions\/97047"}],"wp:featuredmedia":[{"embeddable":true,"href":"https:\/\/kidsplay.lt\/lv\/wp-json\/wp\/v2\/media\/97048"}],"wp:attachment":[{"href":"https:\/\/kidsplay.lt\/lv\/wp-json\/wp\/v2\/media?parent=97046"}],"wp:term":[{"taxonomy":"product_brand","embeddable":true,"href":"https:\/\/kidsplay.lt\/lv\/wp-json\/wp\/v2\/product_brand?post=97046"},{"taxonomy":"product_cat","embeddable":true,"href":"https:\/\/kidsplay.lt\/lv\/wp-json\/wp\/v2\/product_cat?post=97046"},{"taxonomy":"product_tag","embeddable":true,"href":"https:\/\/kidsplay.lt\/lv\/wp-json\/wp\/v2\/product_tag?post=97046"}],"curies":[{"name":"wp","href":"https:\/\/api.w.org\/{rel}","templated":true}]}}