{"id":97153,"date":"2026-03-30T18:13:03","date_gmt":"2026-03-30T15:13:03","guid":{"rendered":"https:\/\/kidsplay.lt\/produktas\/gaisrininko-rinkinys-vaikams-su-kuprine-megafonu-zibintuveliu-ir-gesintuvu\/"},"modified":"2026-04-15T15:24:19","modified_gmt":"2026-04-15T12:24:19","slug":"gaisrininko-rinkinys-vaikams-su-kuprine-megafonu-zibintuveliu-ir-gesintuvu","status":"publish","type":"product","link":"https:\/\/kidsplay.lt\/lv\/products\/gaisrininko-rinkinys-vaikams-su-kuprine-megafonu-zibintuveliu-ir-gesintuvu\/","title":{"rendered":"Gaisrininko rinkinys vaikams su kuprine, megafonu, \u017eibintuv\u0117liu ir gesintuvu"},"content":{"rendered":"<p>M\u016bs\u0173 gaisrininko rinkinys \u2013 puiki dovana kiekvienam berniukui. Jis idealiai tinka \u017eaidimams ir teminiams kostium\u0173 vakar\u0117liams. Daugelis vaik\u0173 svajoja tapti gaisrininkais, gelb\u0117ti \u017emones ir gyv\u016bnus, o \u0161is rinkinys leis pasijusti tikru herojumi ir taps puikiu kostiumo akcentu.<\/p>\n<p>Gaisrininko kuprin\u0117 yra ry\u0161kiai raudona su geltonais at\u0161vaitais ir u\u017era\u0161u, primenan\u010diu ugn\u012f. Aplinkui yra ma\u017eos ki\u0161en\u0117l\u0117s, \u012f kurias galima susid\u0117ti reikalingus \u012frankius. Rankinis gesintuvas veikia kaip purk\u0161tuvas \u2013 tereikia \u012fpilti vandens ir galima \u201egesinti gaisrus\u201c. Megafonu galima prane\u0161ti svarbias \u017einias, o \u017eibintuv\u0117lis pad\u0117s ap\u0161viesti tamsius kampus. Ma\u017easis gaisrininkas tikrai d\u017eiaugsis dovana, o \u017eaidimai t\u0119sis ilgai.<\/p>\n<p>Komplekt\u0101 ietilpst:<\/p>\n<p> \tkirvis<br \/>\n \t\u017eenklelis<br \/>\n \trankinis gesintuvas<br \/>\n \t\u017eibintuv\u0117lis<br \/>\n \tlau\u017etuvas<br \/>\n \tkuprin\u0117<br \/>\n \tmegafonas<\/p>\n<p>Rinkinio element\u0173 matmenys:<\/p>\n<p> \tKuprin\u0117: 31 cm \u00d7 30 cm \u00d7 6 cm<br \/>\n \tGesintuvas: 27 cm \u00d7 12 cm \u00d7 6 cm<br \/>\n \tMegafonas: 14 cm \u00d7 16 cm \u00d7 9 cm<br \/>\n \t\u017dibintuv\u0117lis: 15,5 cm \u00d7 5 cm \u00d7 4,5 cm<\/p>\n<p>Rinkinys pagamintas i\u0161 sertifikuot\u0173, auk\u0161tos kokyb\u0117s med\u017eiag\u0173, tod\u0117l vaikas gal\u0117s \u017eaisti ilgai ir saugiai. Visi elementai pagaminti kruop\u0161\u010diai, siekiant kuo tiksliau atkartoti tikr\u0105 gaisrininko \u012frang\u0105, kas tik dar labiau sustiprins ma\u017eojo herojaus \u012fsitraukim\u0105.<\/p>\n<p>Iepakojuma izm\u0113rs:<br \/>\n39,5 cm \u00d7 40 cm \u00d7 7 cm<\/p>\n<p>Megafonas veikia su trimis AG13 baterijomis (pridedamos). \u017dibintuv\u0117liui reikalingos dvi 1.5V AA baterijos. \u017daislas skirtas vaikams nuo 3 met\u0173. Rinkinys puikiai tinka \u017eaidimams namuose ir kaip originalus kostiumo aksesuaras dar\u017eelyje ar mokykloje. Produktas turi CE sertifikat\u0105.<\/p>","protected":false},"excerpt":{"rendered":"<p>M\u016bs\u0173 gaisrininko rinkinys \u2013 puiki dovana kiekvienam berniukui. Jis idealiai tinka \u017eaidimams ir teminiams kostium\u0173 vakar\u0117liams. Daugelis vaik\u0173 svajoja tapti<\/p>","protected":false},"featured_media":97155,"template":"","meta":{"_acf_changed":false,"_glsr_average":0,"_glsr_ranking":0,"_glsr_reviews":0},"product_brand":[],"product_cat":[399,229],"product_tag":[],"class_list":{"0":"post-97153","1":"product","2":"type-product","3":"status-publish","4":"has-post-thumbnail","6":"product_cat-vaidmenu-zaidimai-2","7":"product_cat-zaislai-vaikams","8":"\"style=\"background-color: #2ecc711c;\"","10":"first","11":"instock","12":"purchasable","13":"product-type-simple"},"acf":[],"yoast_head":"<!-- This site is optimized with the Yoast SEO plugin v27.4 - https:\/\/yoast.com\/product\/yoast-seo-wordpress\/ -->\n<title>Gaisrininko rinkinys vaikams su kuprine, megafonu, \u017eibintuv\u0117liu ir gesintuvu<\/title>\n<meta name=\"description\" content=\"Gaisrininko rinkinys vaikams su kuprine, megafonu, \u017eibintuv\u0117liu ir gesintuvu - KidsPlay. Did\u017eiausias vaik\u0173 \u017eaisl\u0173 pasirinkimas.\" \/>\n<meta name=\"robots\" content=\"index, follow, max-snippet:-1, max-image-preview:large, max-video-preview:-1\" \/>\n<link rel=\"canonical\" href=\"https:\/\/kidsplay.lt\/lv\/products\/gaisrininko-rinkinys-vaikams-su-kuprine-megafonu-zibintuveliu-ir-gesintuvu\/\" \/>\n<meta property=\"og:locale\" content=\"lv_LV\" \/>\n<meta property=\"og:type\" content=\"article\" \/>\n<meta property=\"og:title\" content=\"Gaisrininko rinkinys vaikams su kuprine, megafonu, \u017eibintuv\u0117liu ir gesintuvu\" \/>\n<meta property=\"og:description\" content=\"Gaisrininko rinkinys vaikams su kuprine, megafonu, \u017eibintuv\u0117liu ir gesintuvu - KidsPlay. Did\u017eiausias vaik\u0173 \u017eaisl\u0173 pasirinkimas.\" \/>\n<meta property=\"og:url\" content=\"https:\/\/kidsplay.lt\/lv\/products\/gaisrininko-rinkinys-vaikams-su-kuprine-megafonu-zibintuveliu-ir-gesintuvu\/\" \/>\n<meta property=\"og:site_name\" content=\"KidsPlay\" \/>\n<meta property=\"article:publisher\" content=\"https:\/\/www.facebook.com\/www.kidsplay.lt\" \/>\n<meta property=\"article:modified_time\" content=\"2026-04-15T12:24:19+00:00\" \/>\n<meta property=\"og:image\" content=\"https:\/\/kidsplay.lt\/wp-content\/uploads\/2026\/03\/Gaisrininko-rinkinys-vaikams-su-kuprine-megafonu-zibintuveliu-ir-gesintuvu.jpg\" \/>\n\t<meta property=\"og:image:width\" content=\"826\" \/>\n\t<meta property=\"og:image:height\" content=\"578\" \/>\n\t<meta property=\"og:image:type\" content=\"image\/jpeg\" \/>\n<meta name=\"twitter:card\" content=\"summary_large_image\" \/>\n<meta name=\"twitter:label1\" content=\"Est. reading time\" \/>\n\t<meta name=\"twitter:data1\" content=\"1 min\u016bte\" \/>\n<script type=\"application\/ld+json\" class=\"yoast-schema-graph\">{\"@context\":\"https:\\\/\\\/schema.org\",\"@graph\":[{\"@type\":\"WebPage\",\"@id\":\"https:\\\/\\\/kidsplay.lt\\\/produktas\\\/gaisrininko-rinkinys-vaikams-su-kuprine-megafonu-zibintuveliu-ir-gesintuvu\\\/\",\"url\":\"https:\\\/\\\/kidsplay.lt\\\/produktas\\\/gaisrininko-rinkinys-vaikams-su-kuprine-megafonu-zibintuveliu-ir-gesintuvu\\\/\",\"name\":\"Gaisrininko rinkinys vaikams su kuprine, megafonu, \u017eibintuv\u0117liu ir gesintuvu\",\"isPartOf\":{\"@id\":\"https:\\\/\\\/kidsplay.lt\\\/#website\"},\"primaryImageOfPage\":{\"@id\":\"https:\\\/\\\/kidsplay.lt\\\/produktas\\\/gaisrininko-rinkinys-vaikams-su-kuprine-megafonu-zibintuveliu-ir-gesintuvu\\\/#primaryimage\"},\"image\":{\"@id\":\"https:\\\/\\\/kidsplay.lt\\\/produktas\\\/gaisrininko-rinkinys-vaikams-su-kuprine-megafonu-zibintuveliu-ir-gesintuvu\\\/#primaryimage\"},\"thumbnailUrl\":\"https:\\\/\\\/kidsplay.lt\\\/wp-content\\\/uploads\\\/2026\\\/03\\\/Gaisrininko-rinkinys-vaikams-su-kuprine-megafonu-zibintuveliu-ir-gesintuvu.jpg\",\"datePublished\":\"2026-03-30T15:13:03+00:00\",\"dateModified\":\"2026-04-15T12:24:19+00:00\",\"description\":\"Gaisrininko rinkinys vaikams su kuprine, megafonu, \u017eibintuv\u0117liu ir gesintuvu - KidsPlay. Did\u017eiausias vaik\u0173 \u017eaisl\u0173 pasirinkimas.\",\"breadcrumb\":{\"@id\":\"https:\\\/\\\/kidsplay.lt\\\/produktas\\\/gaisrininko-rinkinys-vaikams-su-kuprine-megafonu-zibintuveliu-ir-gesintuvu\\\/#breadcrumb\"},\"inLanguage\":\"lv-LV\",\"potentialAction\":[{\"@type\":\"ReadAction\",\"target\":[\"https:\\\/\\\/kidsplay.lt\\\/produktas\\\/gaisrininko-rinkinys-vaikams-su-kuprine-megafonu-zibintuveliu-ir-gesintuvu\\\/\"]}]},{\"@type\":\"ImageObject\",\"inLanguage\":\"lv-LV\",\"@id\":\"https:\\\/\\\/kidsplay.lt\\\/produktas\\\/gaisrininko-rinkinys-vaikams-su-kuprine-megafonu-zibintuveliu-ir-gesintuvu\\\/#primaryimage\",\"url\":\"https:\\\/\\\/kidsplay.lt\\\/wp-content\\\/uploads\\\/2026\\\/03\\\/Gaisrininko-rinkinys-vaikams-su-kuprine-megafonu-zibintuveliu-ir-gesintuvu.jpg\",\"contentUrl\":\"https:\\\/\\\/kidsplay.lt\\\/wp-content\\\/uploads\\\/2026\\\/03\\\/Gaisrininko-rinkinys-vaikams-su-kuprine-megafonu-zibintuveliu-ir-gesintuvu.jpg\",\"width\":826,\"height\":578,\"caption\":\"Gaisrininko rinkinys vaikams su kuprine\"},{\"@type\":\"BreadcrumbList\",\"@id\":\"https:\\\/\\\/kidsplay.lt\\\/produktas\\\/gaisrininko-rinkinys-vaikams-su-kuprine-megafonu-zibintuveliu-ir-gesintuvu\\\/#breadcrumb\",\"itemListElement\":[{\"@type\":\"ListItem\",\"position\":1,\"name\":\"Pagrindinis\",\"item\":\"https:\\\/\\\/kidsplay.lt\\\/\"},{\"@type\":\"ListItem\",\"position\":2,\"name\":\"Parduotuv\u0117\",\"item\":\"https:\\\/\\\/kidsplay.lt\\\/parduotuve\\\/\"},{\"@type\":\"ListItem\",\"position\":3,\"name\":\"Gaisrininko rinkinys vaikams su kuprine, megafonu, \u017eibintuv\u0117liu ir gesintuvu\"}]},{\"@type\":\"WebSite\",\"@id\":\"https:\\\/\\\/kidsplay.lt\\\/#website\",\"url\":\"https:\\\/\\\/kidsplay.lt\\\/\",\"name\":\"Kidsplay.lt\",\"description\":\"\u012evairios prek\u0117s vaikams\",\"publisher\":{\"@id\":\"https:\\\/\\\/kidsplay.lt\\\/#organization\"},\"alternateName\":\"Kidsplay\",\"potentialAction\":[{\"@type\":\"SearchAction\",\"target\":{\"@type\":\"EntryPoint\",\"urlTemplate\":\"https:\\\/\\\/kidsplay.lt\\\/?s={search_term_string}\"},\"query-input\":{\"@type\":\"PropertyValueSpecification\",\"valueRequired\":true,\"valueName\":\"search_term_string\"}}],\"inLanguage\":\"lv-LV\"},{\"@type\":\"Organization\",\"@id\":\"https:\\\/\\\/kidsplay.lt\\\/#organization\",\"name\":\"KidsPlay\",\"url\":\"https:\\\/\\\/kidsplay.lt\\\/\",\"logo\":{\"@type\":\"ImageObject\",\"inLanguage\":\"lv-LV\",\"@id\":\"https:\\\/\\\/kidsplay.lt\\\/#\\\/schema\\\/logo\\\/image\\\/\",\"url\":\"https:\\\/\\\/kidsplay.lt\\\/wp-content\\\/uploads\\\/2023\\\/07\\\/kidsplay-logo.png\",\"contentUrl\":\"https:\\\/\\\/kidsplay.lt\\\/wp-content\\\/uploads\\\/2023\\\/07\\\/kidsplay-logo.png\",\"width\":451,\"height\":98,\"caption\":\"KidsPlay\"},\"image\":{\"@id\":\"https:\\\/\\\/kidsplay.lt\\\/#\\\/schema\\\/logo\\\/image\\\/\"},\"sameAs\":[\"https:\\\/\\\/www.facebook.com\\\/www.kidsplay.lt\"]}]}<\/script>\n<!-- \/ Yoast SEO plugin. -->","yoast_head_json":{"title":"Gaisrininko rinkinys vaikams su kuprine, megafonu, \u017eibintuv\u0117liu ir gesintuvu","description":"Gaisrininko rinkinys vaikams su kuprine, megafonu, \u017eibintuv\u0117liu ir gesintuvu - KidsPlay. Did\u017eiausias vaik\u0173 \u017eaisl\u0173 pasirinkimas.","robots":{"index":"index","follow":"follow","max-snippet":"max-snippet:-1","max-image-preview":"max-image-preview:large","max-video-preview":"max-video-preview:-1"},"canonical":"https:\/\/kidsplay.lt\/lv\/products\/gaisrininko-rinkinys-vaikams-su-kuprine-megafonu-zibintuveliu-ir-gesintuvu\/","og_locale":"lv_LV","og_type":"article","og_title":"Gaisrininko rinkinys vaikams su kuprine, megafonu, \u017eibintuv\u0117liu ir gesintuvu","og_description":"Gaisrininko rinkinys vaikams su kuprine, megafonu, \u017eibintuv\u0117liu ir gesintuvu - KidsPlay. Did\u017eiausias vaik\u0173 \u017eaisl\u0173 pasirinkimas.","og_url":"https:\/\/kidsplay.lt\/lv\/products\/gaisrininko-rinkinys-vaikams-su-kuprine-megafonu-zibintuveliu-ir-gesintuvu\/","og_site_name":"KidsPlay","article_publisher":"https:\/\/www.facebook.com\/www.kidsplay.lt","article_modified_time":"2026-04-15T12:24:19+00:00","og_image":[{"width":826,"height":578,"url":"https:\/\/kidsplay.lt\/wp-content\/uploads\/2026\/03\/Gaisrininko-rinkinys-vaikams-su-kuprine-megafonu-zibintuveliu-ir-gesintuvu.jpg","type":"image\/jpeg"}],"twitter_card":"summary_large_image","twitter_misc":{"Est. reading time":"1 min\u016bte"},"schema":{"@context":"https:\/\/schema.org","@graph":[{"@type":"WebPage","@id":"https:\/\/kidsplay.lt\/produktas\/gaisrininko-rinkinys-vaikams-su-kuprine-megafonu-zibintuveliu-ir-gesintuvu\/","url":"https:\/\/kidsplay.lt\/produktas\/gaisrininko-rinkinys-vaikams-su-kuprine-megafonu-zibintuveliu-ir-gesintuvu\/","name":"Gaisrininko rinkinys vaikams su kuprine, megafonu, \u017eibintuv\u0117liu ir gesintuvu","isPartOf":{"@id":"https:\/\/kidsplay.lt\/#website"},"primaryImageOfPage":{"@id":"https:\/\/kidsplay.lt\/produktas\/gaisrininko-rinkinys-vaikams-su-kuprine-megafonu-zibintuveliu-ir-gesintuvu\/#primaryimage"},"image":{"@id":"https:\/\/kidsplay.lt\/produktas\/gaisrininko-rinkinys-vaikams-su-kuprine-megafonu-zibintuveliu-ir-gesintuvu\/#primaryimage"},"thumbnailUrl":"https:\/\/kidsplay.lt\/wp-content\/uploads\/2026\/03\/Gaisrininko-rinkinys-vaikams-su-kuprine-megafonu-zibintuveliu-ir-gesintuvu.jpg","datePublished":"2026-03-30T15:13:03+00:00","dateModified":"2026-04-15T12:24:19+00:00","description":"Gaisrininko rinkinys vaikams su kuprine, megafonu, \u017eibintuv\u0117liu ir gesintuvu - KidsPlay. Did\u017eiausias vaik\u0173 \u017eaisl\u0173 pasirinkimas.","breadcrumb":{"@id":"https:\/\/kidsplay.lt\/produktas\/gaisrininko-rinkinys-vaikams-su-kuprine-megafonu-zibintuveliu-ir-gesintuvu\/#breadcrumb"},"inLanguage":"lv-LV","potentialAction":[{"@type":"ReadAction","target":["https:\/\/kidsplay.lt\/produktas\/gaisrininko-rinkinys-vaikams-su-kuprine-megafonu-zibintuveliu-ir-gesintuvu\/"]}]},{"@type":"ImageObject","inLanguage":"lv-LV","@id":"https:\/\/kidsplay.lt\/produktas\/gaisrininko-rinkinys-vaikams-su-kuprine-megafonu-zibintuveliu-ir-gesintuvu\/#primaryimage","url":"https:\/\/kidsplay.lt\/wp-content\/uploads\/2026\/03\/Gaisrininko-rinkinys-vaikams-su-kuprine-megafonu-zibintuveliu-ir-gesintuvu.jpg","contentUrl":"https:\/\/kidsplay.lt\/wp-content\/uploads\/2026\/03\/Gaisrininko-rinkinys-vaikams-su-kuprine-megafonu-zibintuveliu-ir-gesintuvu.jpg","width":826,"height":578,"caption":"Gaisrininko rinkinys vaikams su kuprine"},{"@type":"BreadcrumbList","@id":"https:\/\/kidsplay.lt\/produktas\/gaisrininko-rinkinys-vaikams-su-kuprine-megafonu-zibintuveliu-ir-gesintuvu\/#breadcrumb","itemListElement":[{"@type":"ListItem","position":1,"name":"Pagrindinis","item":"https:\/\/kidsplay.lt\/"},{"@type":"ListItem","position":2,"name":"Parduotuv\u0117","item":"https:\/\/kidsplay.lt\/parduotuve\/"},{"@type":"ListItem","position":3,"name":"Gaisrininko rinkinys vaikams su kuprine, megafonu, \u017eibintuv\u0117liu ir gesintuvu"}]},{"@type":"WebSite","@id":"https:\/\/kidsplay.lt\/#website","url":"https:\/\/kidsplay.lt\/","name":"B\u0113rnu sp\u0113les.lv","description":"\u012evairios prek\u0117s vaikams","publisher":{"@id":"https:\/\/kidsplay.lt\/#organization"},"alternateName":"Kidsplay","potentialAction":[{"@type":"SearchAction","target":{"@type":"EntryPoint","urlTemplate":"https:\/\/kidsplay.lt\/?s={search_term_string}"},"query-input":{"@type":"PropertyValueSpecification","valueRequired":true,"valueName":"search_term_string"}}],"inLanguage":"lv-LV"},{"@type":"Organization","@id":"https:\/\/kidsplay.lt\/#organization","name":"B\u0113rnu sp\u0113le","url":"https:\/\/kidsplay.lt\/","logo":{"@type":"ImageObject","inLanguage":"lv-LV","@id":"https:\/\/kidsplay.lt\/#\/schema\/logo\/image\/","url":"https:\/\/kidsplay.lt\/wp-content\/uploads\/2023\/07\/kidsplay-logo.png","contentUrl":"https:\/\/kidsplay.lt\/wp-content\/uploads\/2023\/07\/kidsplay-logo.png","width":451,"height":98,"caption":"KidsPlay"},"image":{"@id":"https:\/\/kidsplay.lt\/#\/schema\/logo\/image\/"},"sameAs":["https:\/\/www.facebook.com\/www.kidsplay.lt"]}]}},"_links":{"self":[{"href":"https:\/\/kidsplay.lt\/lv\/wp-json\/wp\/v2\/product\/97153","targetHints":{"allow":["GET"]}}],"collection":[{"href":"https:\/\/kidsplay.lt\/lv\/wp-json\/wp\/v2\/product"}],"about":[{"href":"https:\/\/kidsplay.lt\/lv\/wp-json\/wp\/v2\/types\/product"}],"version-history":[{"count":1,"href":"https:\/\/kidsplay.lt\/lv\/wp-json\/wp\/v2\/product\/97153\/revisions"}],"predecessor-version":[{"id":97154,"href":"https:\/\/kidsplay.lt\/lv\/wp-json\/wp\/v2\/product\/97153\/revisions\/97154"}],"wp:featuredmedia":[{"embeddable":true,"href":"https:\/\/kidsplay.lt\/lv\/wp-json\/wp\/v2\/media\/97155"}],"wp:attachment":[{"href":"https:\/\/kidsplay.lt\/lv\/wp-json\/wp\/v2\/media?parent=97153"}],"wp:term":[{"taxonomy":"product_brand","embeddable":true,"href":"https:\/\/kidsplay.lt\/lv\/wp-json\/wp\/v2\/product_brand?post=97153"},{"taxonomy":"product_cat","embeddable":true,"href":"https:\/\/kidsplay.lt\/lv\/wp-json\/wp\/v2\/product_cat?post=97153"},{"taxonomy":"product_tag","embeddable":true,"href":"https:\/\/kidsplay.lt\/lv\/wp-json\/wp\/v2\/product_tag?post=97153"}],"curies":[{"name":"wp","href":"https:\/\/api.w.org\/{rel}","templated":true}]}}