{"id":97159,"date":"2026-03-30T18:22:15","date_gmt":"2026-03-30T15:22:15","guid":{"rendered":"https:\/\/kidsplay.lt\/produktas\/mini-stalo-teniso-rinkinys-vaikams-raketes-tinklas-ir-kamuoliukai\/"},"modified":"2026-04-15T15:33:06","modified_gmt":"2026-04-15T12:33:06","slug":"mini-stalo-teniso-rinkinys-vaikams-raketes-tinklas-ir-kamuoliukai","status":"publish","type":"product","link":"https:\/\/kidsplay.lt\/lv\/products\/mini-stalo-teniso-rinkinys-vaikams-raketes-tinklas-ir-kamuoliukai\/","title":{"rendered":"Mini galda tenisa komplekts b\u0113rniem: raketes, t\u012bkls un bumbi\u0146as"},"content":{"rendered":"<p>Mini stalo teniso rinkinys \u2013 puikus sprendimas patiems ma\u017eiausiems. J\u012f labai paprasta sumontuoti: i\u0161skleid\u017eiamas tinklas su siurbtukais tvirtinamas prie bet kokio lygaus pavir\u0161iaus.<\/p>\n<p>Stalo tenisas \u2013 tai dinami\u0161kas \u017eaidimas 2 arba 4 \u017eaid\u0117jams, kurio tikslas greitai atmu\u0161ti kamuoliuk\u0105 taip, kad jis nusileist\u0173 kitoje stalo pus\u0117je. Viskas, ko reikia \u2013 pritvirtinti tinklel\u012f, suburti du \u017eaid\u0117jus ir ma\u017eomis raket\u0117mis prad\u0117ti vien\u0105 i\u0161 daugyb\u0117s \u012fdomi\u0173 dvikov\u0173.<\/p>\n<p>Kompakti\u0161ki rinkinio matmenys leid\u017eia j\u012f lengvai laikyti ir transportuoti.<\/p>\n<p>Komplekta saturs:<\/p>\n<p> \t2 raket\u0117s<br \/>\n \t3 kamuoliukai<br \/>\n \ttinklas<br \/>\n \t2 stulpeliai su siurbtukais<\/p>\n<p>Rinkinio element\u0173 matmenys:<\/p>\n<p> \traket\u0117: 15,5 cm \u00d7 9,5 cm \u00d7 0,5 cm<br \/>\n \tkamuoliukas: skersmuo \u2013 4 cm<br \/>\n \ttinklas: 60 cm \u00d7 9 cm<br \/>\n \tstulpelis su siurbtuku: auk\u0161tis \u2013 10 cm<\/p>\n<p>Pakuot\u0117s dydis:<br \/>\n24 cm \u00d7 27 cm \u00d7 4,5 cm<\/p>","protected":false},"excerpt":{"rendered":"<p>Mini stalo teniso rinkinys \u2013 puikus sprendimas patiems ma\u017eiausiems. J\u012f labai paprasta sumontuoti: i\u0161skleid\u017eiamas tinklas su siurbtukais tvirtinamas prie bet<\/p>","protected":false},"featured_media":97161,"template":"","meta":{"_acf_changed":false,"_glsr_average":0,"_glsr_ranking":0,"_glsr_reviews":0},"product_brand":[],"product_cat":[233,430],"product_tag":[],"class_list":{"0":"post-97159","1":"product","2":"type-product","3":"status-publish","4":"has-post-thumbnail","6":"product_cat-lauko-pramogos","7":"product_cat-zaidimai-ir-linksmybes","8":"\"style=\"background-color: #2ecc711c;\"","10":"first","11":"instock","12":"purchasable","13":"product-type-simple"},"acf":[],"yoast_head":"<!-- This site is optimized with the Yoast SEO plugin v27.4 - https:\/\/yoast.com\/product\/yoast-seo-wordpress\/ -->\n<title>Mini stalo teniso rinkinys vaikams: raket\u0117s, tinklas ir kamuoliukai<\/title>\n<meta name=\"description\" content=\"Mini stalo teniso rinkinys vaikams: raket\u0117s, tinklas ir kamuoliukai - KidsPlay. Did\u017eiausias vaik\u0173 \u017eaisl\u0173 pasirinkimas.\" \/>\n<meta name=\"robots\" content=\"index, follow, max-snippet:-1, max-image-preview:large, max-video-preview:-1\" \/>\n<link rel=\"canonical\" href=\"https:\/\/kidsplay.lt\/lv\/products\/mini-stalo-teniso-rinkinys-vaikams-raketes-tinklas-ir-kamuoliukai\/\" \/>\n<meta property=\"og:locale\" content=\"lv_LV\" \/>\n<meta property=\"og:type\" content=\"article\" \/>\n<meta property=\"og:title\" content=\"Mini stalo teniso rinkinys vaikams: raket\u0117s, tinklas ir kamuoliukai\" \/>\n<meta property=\"og:description\" content=\"Mini stalo teniso rinkinys vaikams: raket\u0117s, tinklas ir kamuoliukai - KidsPlay. Did\u017eiausias vaik\u0173 \u017eaisl\u0173 pasirinkimas.\" \/>\n<meta property=\"og:url\" content=\"https:\/\/kidsplay.lt\/lv\/products\/mini-stalo-teniso-rinkinys-vaikams-raketes-tinklas-ir-kamuoliukai\/\" \/>\n<meta property=\"og:site_name\" content=\"KidsPlay\" \/>\n<meta property=\"article:publisher\" content=\"https:\/\/www.facebook.com\/www.kidsplay.lt\" \/>\n<meta property=\"article:modified_time\" content=\"2026-04-15T12:33:06+00:00\" \/>\n<meta property=\"og:image\" content=\"https:\/\/kidsplay.lt\/wp-content\/uploads\/2026\/03\/Mini-stalo-teniso-rinkinys-vaikams-raketes-tinklas-ir-kamuoliukai.jpg\" \/>\n\t<meta property=\"og:image:width\" content=\"826\" \/>\n\t<meta property=\"og:image:height\" content=\"578\" \/>\n\t<meta property=\"og:image:type\" content=\"image\/jpeg\" \/>\n<meta name=\"twitter:card\" content=\"summary_large_image\" \/>\n<meta name=\"twitter:label1\" content=\"Est. reading time\" \/>\n\t<meta name=\"twitter:data1\" content=\"1 min\u016bte\" \/>\n<script type=\"application\/ld+json\" class=\"yoast-schema-graph\">{\"@context\":\"https:\\\/\\\/schema.org\",\"@graph\":[{\"@type\":\"WebPage\",\"@id\":\"https:\\\/\\\/kidsplay.lt\\\/produktas\\\/mini-stalo-teniso-rinkinys-vaikams-raketes-tinklas-ir-kamuoliukai\\\/\",\"url\":\"https:\\\/\\\/kidsplay.lt\\\/produktas\\\/mini-stalo-teniso-rinkinys-vaikams-raketes-tinklas-ir-kamuoliukai\\\/\",\"name\":\"Mini stalo teniso rinkinys vaikams: raket\u0117s, tinklas ir kamuoliukai\",\"isPartOf\":{\"@id\":\"https:\\\/\\\/kidsplay.lt\\\/#website\"},\"primaryImageOfPage\":{\"@id\":\"https:\\\/\\\/kidsplay.lt\\\/produktas\\\/mini-stalo-teniso-rinkinys-vaikams-raketes-tinklas-ir-kamuoliukai\\\/#primaryimage\"},\"image\":{\"@id\":\"https:\\\/\\\/kidsplay.lt\\\/produktas\\\/mini-stalo-teniso-rinkinys-vaikams-raketes-tinklas-ir-kamuoliukai\\\/#primaryimage\"},\"thumbnailUrl\":\"https:\\\/\\\/kidsplay.lt\\\/wp-content\\\/uploads\\\/2026\\\/03\\\/Mini-stalo-teniso-rinkinys-vaikams-raketes-tinklas-ir-kamuoliukai.jpg\",\"datePublished\":\"2026-03-30T15:22:15+00:00\",\"dateModified\":\"2026-04-15T12:33:06+00:00\",\"description\":\"Mini stalo teniso rinkinys vaikams: raket\u0117s, tinklas ir kamuoliukai - KidsPlay. Did\u017eiausias vaik\u0173 \u017eaisl\u0173 pasirinkimas.\",\"breadcrumb\":{\"@id\":\"https:\\\/\\\/kidsplay.lt\\\/produktas\\\/mini-stalo-teniso-rinkinys-vaikams-raketes-tinklas-ir-kamuoliukai\\\/#breadcrumb\"},\"inLanguage\":\"lv-LV\",\"potentialAction\":[{\"@type\":\"ReadAction\",\"target\":[\"https:\\\/\\\/kidsplay.lt\\\/produktas\\\/mini-stalo-teniso-rinkinys-vaikams-raketes-tinklas-ir-kamuoliukai\\\/\"]}]},{\"@type\":\"ImageObject\",\"inLanguage\":\"lv-LV\",\"@id\":\"https:\\\/\\\/kidsplay.lt\\\/produktas\\\/mini-stalo-teniso-rinkinys-vaikams-raketes-tinklas-ir-kamuoliukai\\\/#primaryimage\",\"url\":\"https:\\\/\\\/kidsplay.lt\\\/wp-content\\\/uploads\\\/2026\\\/03\\\/Mini-stalo-teniso-rinkinys-vaikams-raketes-tinklas-ir-kamuoliukai.jpg\",\"contentUrl\":\"https:\\\/\\\/kidsplay.lt\\\/wp-content\\\/uploads\\\/2026\\\/03\\\/Mini-stalo-teniso-rinkinys-vaikams-raketes-tinklas-ir-kamuoliukai.jpg\",\"width\":826,\"height\":578,\"caption\":\"Mini stalo teniso rinkinys vaikams: raket\u0117s\"},{\"@type\":\"BreadcrumbList\",\"@id\":\"https:\\\/\\\/kidsplay.lt\\\/produktas\\\/mini-stalo-teniso-rinkinys-vaikams-raketes-tinklas-ir-kamuoliukai\\\/#breadcrumb\",\"itemListElement\":[{\"@type\":\"ListItem\",\"position\":1,\"name\":\"Pagrindinis\",\"item\":\"https:\\\/\\\/kidsplay.lt\\\/\"},{\"@type\":\"ListItem\",\"position\":2,\"name\":\"Parduotuv\u0117\",\"item\":\"https:\\\/\\\/kidsplay.lt\\\/parduotuve\\\/\"},{\"@type\":\"ListItem\",\"position\":3,\"name\":\"Mini stalo teniso rinkinys vaikams: raket\u0117s, tinklas ir kamuoliukai\"}]},{\"@type\":\"WebSite\",\"@id\":\"https:\\\/\\\/kidsplay.lt\\\/#website\",\"url\":\"https:\\\/\\\/kidsplay.lt\\\/\",\"name\":\"Kidsplay.lt\",\"description\":\"\u012evairios prek\u0117s vaikams\",\"publisher\":{\"@id\":\"https:\\\/\\\/kidsplay.lt\\\/#organization\"},\"alternateName\":\"Kidsplay\",\"potentialAction\":[{\"@type\":\"SearchAction\",\"target\":{\"@type\":\"EntryPoint\",\"urlTemplate\":\"https:\\\/\\\/kidsplay.lt\\\/?s={search_term_string}\"},\"query-input\":{\"@type\":\"PropertyValueSpecification\",\"valueRequired\":true,\"valueName\":\"search_term_string\"}}],\"inLanguage\":\"lv-LV\"},{\"@type\":\"Organization\",\"@id\":\"https:\\\/\\\/kidsplay.lt\\\/#organization\",\"name\":\"KidsPlay\",\"url\":\"https:\\\/\\\/kidsplay.lt\\\/\",\"logo\":{\"@type\":\"ImageObject\",\"inLanguage\":\"lv-LV\",\"@id\":\"https:\\\/\\\/kidsplay.lt\\\/#\\\/schema\\\/logo\\\/image\\\/\",\"url\":\"https:\\\/\\\/kidsplay.lt\\\/wp-content\\\/uploads\\\/2023\\\/07\\\/kidsplay-logo.png\",\"contentUrl\":\"https:\\\/\\\/kidsplay.lt\\\/wp-content\\\/uploads\\\/2023\\\/07\\\/kidsplay-logo.png\",\"width\":451,\"height\":98,\"caption\":\"KidsPlay\"},\"image\":{\"@id\":\"https:\\\/\\\/kidsplay.lt\\\/#\\\/schema\\\/logo\\\/image\\\/\"},\"sameAs\":[\"https:\\\/\\\/www.facebook.com\\\/www.kidsplay.lt\"]}]}<\/script>\n<!-- \/ Yoast SEO plugin. -->","yoast_head_json":{"title":"Mini galda tenisa komplekts b\u0113rniem: raketes, t\u012bkls un bumbi\u0146as","description":"Mini stalo teniso rinkinys vaikams: raket\u0117s, tinklas ir kamuoliukai - KidsPlay. Did\u017eiausias vaik\u0173 \u017eaisl\u0173 pasirinkimas.","robots":{"index":"index","follow":"follow","max-snippet":"max-snippet:-1","max-image-preview":"max-image-preview:large","max-video-preview":"max-video-preview:-1"},"canonical":"https:\/\/kidsplay.lt\/lv\/products\/mini-stalo-teniso-rinkinys-vaikams-raketes-tinklas-ir-kamuoliukai\/","og_locale":"lv_LV","og_type":"article","og_title":"Mini stalo teniso rinkinys vaikams: raket\u0117s, tinklas ir kamuoliukai","og_description":"Mini stalo teniso rinkinys vaikams: raket\u0117s, tinklas ir kamuoliukai - KidsPlay. Did\u017eiausias vaik\u0173 \u017eaisl\u0173 pasirinkimas.","og_url":"https:\/\/kidsplay.lt\/lv\/products\/mini-stalo-teniso-rinkinys-vaikams-raketes-tinklas-ir-kamuoliukai\/","og_site_name":"KidsPlay","article_publisher":"https:\/\/www.facebook.com\/www.kidsplay.lt","article_modified_time":"2026-04-15T12:33:06+00:00","og_image":[{"width":826,"height":578,"url":"https:\/\/kidsplay.lt\/wp-content\/uploads\/2026\/03\/Mini-stalo-teniso-rinkinys-vaikams-raketes-tinklas-ir-kamuoliukai.jpg","type":"image\/jpeg"}],"twitter_card":"summary_large_image","twitter_misc":{"Est. reading time":"1 min\u016bte"},"schema":{"@context":"https:\/\/schema.org","@graph":[{"@type":"WebPage","@id":"https:\/\/kidsplay.lt\/produktas\/mini-stalo-teniso-rinkinys-vaikams-raketes-tinklas-ir-kamuoliukai\/","url":"https:\/\/kidsplay.lt\/produktas\/mini-stalo-teniso-rinkinys-vaikams-raketes-tinklas-ir-kamuoliukai\/","name":"Mini galda tenisa komplekts b\u0113rniem: raketes, t\u012bkls un bumbi\u0146as","isPartOf":{"@id":"https:\/\/kidsplay.lt\/#website"},"primaryImageOfPage":{"@id":"https:\/\/kidsplay.lt\/produktas\/mini-stalo-teniso-rinkinys-vaikams-raketes-tinklas-ir-kamuoliukai\/#primaryimage"},"image":{"@id":"https:\/\/kidsplay.lt\/produktas\/mini-stalo-teniso-rinkinys-vaikams-raketes-tinklas-ir-kamuoliukai\/#primaryimage"},"thumbnailUrl":"https:\/\/kidsplay.lt\/wp-content\/uploads\/2026\/03\/Mini-stalo-teniso-rinkinys-vaikams-raketes-tinklas-ir-kamuoliukai.jpg","datePublished":"2026-03-30T15:22:15+00:00","dateModified":"2026-04-15T12:33:06+00:00","description":"Mini stalo teniso rinkinys vaikams: raket\u0117s, tinklas ir kamuoliukai - KidsPlay. Did\u017eiausias vaik\u0173 \u017eaisl\u0173 pasirinkimas.","breadcrumb":{"@id":"https:\/\/kidsplay.lt\/produktas\/mini-stalo-teniso-rinkinys-vaikams-raketes-tinklas-ir-kamuoliukai\/#breadcrumb"},"inLanguage":"lv-LV","potentialAction":[{"@type":"ReadAction","target":["https:\/\/kidsplay.lt\/produktas\/mini-stalo-teniso-rinkinys-vaikams-raketes-tinklas-ir-kamuoliukai\/"]}]},{"@type":"ImageObject","inLanguage":"lv-LV","@id":"https:\/\/kidsplay.lt\/produktas\/mini-stalo-teniso-rinkinys-vaikams-raketes-tinklas-ir-kamuoliukai\/#primaryimage","url":"https:\/\/kidsplay.lt\/wp-content\/uploads\/2026\/03\/Mini-stalo-teniso-rinkinys-vaikams-raketes-tinklas-ir-kamuoliukai.jpg","contentUrl":"https:\/\/kidsplay.lt\/wp-content\/uploads\/2026\/03\/Mini-stalo-teniso-rinkinys-vaikams-raketes-tinklas-ir-kamuoliukai.jpg","width":826,"height":578,"caption":"Mini stalo teniso rinkinys vaikams: raket\u0117s"},{"@type":"BreadcrumbList","@id":"https:\/\/kidsplay.lt\/produktas\/mini-stalo-teniso-rinkinys-vaikams-raketes-tinklas-ir-kamuoliukai\/#breadcrumb","itemListElement":[{"@type":"ListItem","position":1,"name":"Pagrindinis","item":"https:\/\/kidsplay.lt\/"},{"@type":"ListItem","position":2,"name":"Parduotuv\u0117","item":"https:\/\/kidsplay.lt\/parduotuve\/"},{"@type":"ListItem","position":3,"name":"Mini stalo teniso rinkinys vaikams: raket\u0117s, tinklas ir kamuoliukai"}]},{"@type":"WebSite","@id":"https:\/\/kidsplay.lt\/#website","url":"https:\/\/kidsplay.lt\/","name":"B\u0113rnu sp\u0113les.lv","description":"\u012evairios prek\u0117s vaikams","publisher":{"@id":"https:\/\/kidsplay.lt\/#organization"},"alternateName":"Kidsplay","potentialAction":[{"@type":"SearchAction","target":{"@type":"EntryPoint","urlTemplate":"https:\/\/kidsplay.lt\/?s={search_term_string}"},"query-input":{"@type":"PropertyValueSpecification","valueRequired":true,"valueName":"search_term_string"}}],"inLanguage":"lv-LV"},{"@type":"Organization","@id":"https:\/\/kidsplay.lt\/#organization","name":"B\u0113rnu sp\u0113le","url":"https:\/\/kidsplay.lt\/","logo":{"@type":"ImageObject","inLanguage":"lv-LV","@id":"https:\/\/kidsplay.lt\/#\/schema\/logo\/image\/","url":"https:\/\/kidsplay.lt\/wp-content\/uploads\/2023\/07\/kidsplay-logo.png","contentUrl":"https:\/\/kidsplay.lt\/wp-content\/uploads\/2023\/07\/kidsplay-logo.png","width":451,"height":98,"caption":"KidsPlay"},"image":{"@id":"https:\/\/kidsplay.lt\/#\/schema\/logo\/image\/"},"sameAs":["https:\/\/www.facebook.com\/www.kidsplay.lt"]}]}},"_links":{"self":[{"href":"https:\/\/kidsplay.lt\/lv\/wp-json\/wp\/v2\/product\/97159","targetHints":{"allow":["GET"]}}],"collection":[{"href":"https:\/\/kidsplay.lt\/lv\/wp-json\/wp\/v2\/product"}],"about":[{"href":"https:\/\/kidsplay.lt\/lv\/wp-json\/wp\/v2\/types\/product"}],"version-history":[{"count":1,"href":"https:\/\/kidsplay.lt\/lv\/wp-json\/wp\/v2\/product\/97159\/revisions"}],"predecessor-version":[{"id":97160,"href":"https:\/\/kidsplay.lt\/lv\/wp-json\/wp\/v2\/product\/97159\/revisions\/97160"}],"wp:featuredmedia":[{"embeddable":true,"href":"https:\/\/kidsplay.lt\/lv\/wp-json\/wp\/v2\/media\/97161"}],"wp:attachment":[{"href":"https:\/\/kidsplay.lt\/lv\/wp-json\/wp\/v2\/media?parent=97159"}],"wp:term":[{"taxonomy":"product_brand","embeddable":true,"href":"https:\/\/kidsplay.lt\/lv\/wp-json\/wp\/v2\/product_brand?post=97159"},{"taxonomy":"product_cat","embeddable":true,"href":"https:\/\/kidsplay.lt\/lv\/wp-json\/wp\/v2\/product_cat?post=97159"},{"taxonomy":"product_tag","embeddable":true,"href":"https:\/\/kidsplay.lt\/lv\/wp-json\/wp\/v2\/product_tag?post=97159"}],"curies":[{"name":"wp","href":"https:\/\/api.w.org\/{rel}","templated":true}]}}