{"id":97208,"date":"2026-03-30T18:37:28","date_gmt":"2026-03-30T15:37:28","guid":{"rendered":"https:\/\/kidsplay.lt\/produktas\/woopie-baby-sensory-puzzles-squeeze-puzzle-sound-learning-to-count-20-pcs\/"},"modified":"2026-04-07T09:30:20","modified_gmt":"2026-04-07T06:30:20","slug":"woopie-baby-jutimines-deliones-spaudziama-delione-su-garsais-skaiciavimo-mokymuisi-20-vnt","status":"publish","type":"product","link":"https:\/\/kidsplay.lt\/lv\/products\/woopie-baby-jutimines-deliones-spaudziama-delione-su-garsais-skaiciavimo-mokymuisi-20-vnt\/","title":{"rendered":"WOOPIE BABY jutimin\u0117s d\u0117lion\u0117s \u2013 spaud\u017eiama d\u0117lion\u0117 su garsais, skai\u010diavimo mokymuisi, 20 vnt."},"content":{"rendered":"<p>\u0160is WOOPIE BABY prek\u0117s \u017eenklo jutimini\u0173 kalad\u0117li\u0173 rinkinys yra puikus pasirinkimas ma\u017eyliams, derinantis \u017eaidim\u0105 su ankstyvuoju ugdymu. Komplekte yra 20 \u012fvairi\u0173, i\u0161gaubt\u0173 form\u0173 kalad\u0117li\u0173, ant kuri\u0173 pavaizduoti skai\u010diai, matematiniai simboliai, tekst\u016bros, gyv\u016bn\u0173 bei vaisi\u0173 paveiksl\u0117liai ir geometrin\u0117s fig\u016bros. Kalad\u0117les galima laisvai derinti tarpusavyje, skatinant k\u016brybi\u0161kum\u0105. Pagamintos i\u0161 mink\u0161tos, malonios liesti med\u017eiagos ir skleisdamos garsus, kai spaud\u017eiamos, jos taip pat puikiai tinka dygimo dantukams. \u0160is \u017eaislas turi didel\u0119 edukacin\u0119 vert\u0119 \u2013 padeda mokytis skai\u010diuoti ir atlikti pirmuosius paprastus matematinius veiksmus, o gyv\u016bn\u0173 paveiksl\u0117liai skatina tyrin\u0117ti \u012fdom\u0173 gamtos pasaul\u012f. Produktas sukurtas gra\u017eiomis, \u0161velniomis spalvomis, tod\u0117l yra idealus dovan\u0173 pasirinkimas.<br \/>\nRaksturojums:<\/p>\n<p>skirtas vaikams nuo 6 m\u0117nesi\u0173<\/p>\n<p>rinkin\u012f sudaro 20 mink\u0161t\u0173 jutimini\u0173 kalad\u0117li\u0173<\/p>\n<p>kalad\u0117l\u0117s turi \u0161velnius girg\u017edan\u010dius elementus ir skleid\u017eia garsus, kai spaud\u017eiamos<\/p>\n<p>i\u0161kilios tekst\u016bros, skai\u010diai, matematiniai \u017eenklai, vaisiai ir gyv\u016bnai<\/p>\n<p>galimyb\u0117 sujungti atskirus elementus tarpusavyje<\/p>\n<p>pagamintos i\u0161 saugios, mink\u0161tos med\u017eiagos, tinkamos kramtymui<\/p>\n<p>supakuotos esteti\u0161koje kartonin\u0117je d\u0117\u017eut\u0117je su langeliu<\/p>\n<p>Rinkinyje yra:<\/p>\n<p>20 mink\u0161t\u0173 jutimini\u0173 kalad\u0117li\u0173<\/p>\n<p>patogi d\u0117\u017eut\u0117 \u017eaidimo laikymui<\/p>\n<p>\u017daislas lavina:<\/p>\n<p>aki\u0173 ir klausos koordinacij\u0105<\/p>\n<p>vaiko motorik\u0105 ir vikrum\u0105<\/p>\n<p>lyt\u0117jimo poj\u016bt\u012f, atpa\u017e\u012fstant \u012fvairias tekst\u016bras<\/p>\n<p>koncentracij\u0105 ir login\u012f m\u0105stym\u0105<\/p>\n<p>bendradarbiavimo ir dalinimosi su bendraam\u017eiais \u012fg\u016bd\u017eius<\/p>","protected":false},"excerpt":{"rendered":"<p>\u0160is WOOPIE BABY prek\u0117s \u017eenklo jutimini\u0173 kalad\u0117li\u0173 rinkinys yra puikus pasirinkimas ma\u017eyliams, derinantis \u017eaidim\u0105 su ankstyvuoju ugdymu. Komplekte yra 20<\/p>","protected":false},"featured_media":97210,"template":"","meta":{"_acf_changed":false,"_glsr_average":0,"_glsr_ranking":0,"_glsr_reviews":0},"product_brand":[],"product_cat":[396,229],"product_tag":[],"class_list":{"0":"post-97208","1":"product","2":"type-product","3":"status-publish","4":"has-post-thumbnail","6":"product_cat-kudikiu-zaislai-vaikams2","7":"product_cat-zaislai-vaikams","8":"\"style=\"background-color: #2ecc711c;\"","10":"first","11":"instock","12":"purchasable","13":"product-type-simple"},"acf":[],"yoast_head":"<!-- This site is optimized with the Yoast SEO plugin v27.3 - https:\/\/yoast.com\/product\/yoast-seo-wordpress\/ -->\n<title>WOOPIE BABY Sensory Puzzles Squeeze Puzzle Sound Learning to Count 20 pcs.<\/title>\n<meta name=\"description\" content=\"WOOPIE BABY Sensory Puzzles Squeeze Puzzle Sound Learning to Count 20 pcs. - KidsPlay. Did\u017eiausias vaik\u0173 \u017eaisl\u0173 pasirinkimas.\" \/>\n<meta name=\"robots\" content=\"index, follow, max-snippet:-1, max-image-preview:large, max-video-preview:-1\" \/>\n<link rel=\"canonical\" href=\"https:\/\/kidsplay.lt\/lv\/products\/woopie-baby-jutimines-deliones-spaudziama-delione-su-garsais-skaiciavimo-mokymuisi-20-vnt\/\" \/>\n<meta property=\"og:locale\" content=\"lv_LV\" \/>\n<meta property=\"og:type\" content=\"article\" \/>\n<meta property=\"og:title\" content=\"WOOPIE BABY Sensory Puzzles Squeeze Puzzle Sound Learning to Count 20 pcs.\" \/>\n<meta property=\"og:description\" content=\"WOOPIE BABY Sensory Puzzles Squeeze Puzzle Sound Learning to Count 20 pcs. - KidsPlay. Did\u017eiausias vaik\u0173 \u017eaisl\u0173 pasirinkimas.\" \/>\n<meta property=\"og:url\" content=\"https:\/\/kidsplay.lt\/lv\/products\/woopie-baby-jutimines-deliones-spaudziama-delione-su-garsais-skaiciavimo-mokymuisi-20-vnt\/\" \/>\n<meta property=\"og:site_name\" content=\"KidsPlay\" \/>\n<meta property=\"article:publisher\" content=\"https:\/\/www.facebook.com\/www.kidsplay.lt\" \/>\n<meta property=\"article:modified_time\" content=\"2026-04-07T06:30:20+00:00\" \/>\n<meta property=\"og:image\" content=\"https:\/\/kidsplay.lt\/wp-content\/uploads\/2026\/03\/WOOPIE-BABY-Sensory-Puzzles-Squeeze-Puzzle-Sound-Learning-to-Count-20-pcs.png\" \/>\n\t<meta property=\"og:image:width\" content=\"1100\" \/>\n\t<meta property=\"og:image:height\" content=\"1422\" \/>\n\t<meta property=\"og:image:type\" content=\"image\/png\" \/>\n<meta name=\"twitter:card\" content=\"summary_large_image\" \/>\n<meta name=\"twitter:label1\" content=\"Est. reading time\" \/>\n\t<meta name=\"twitter:data1\" content=\"2 min\u016btes\" \/>\n<script type=\"application\/ld+json\" class=\"yoast-schema-graph\">{\"@context\":\"https:\\\/\\\/schema.org\",\"@graph\":[{\"@type\":\"WebPage\",\"@id\":\"https:\\\/\\\/kidsplay.lt\\\/produktas\\\/woopie-baby-jutimines-deliones-spaudziama-delione-su-garsais-skaiciavimo-mokymuisi-20-vnt\\\/\",\"url\":\"https:\\\/\\\/kidsplay.lt\\\/produktas\\\/woopie-baby-jutimines-deliones-spaudziama-delione-su-garsais-skaiciavimo-mokymuisi-20-vnt\\\/\",\"name\":\"WOOPIE BABY Sensory Puzzles Squeeze Puzzle Sound Learning to Count 20 pcs.\",\"isPartOf\":{\"@id\":\"https:\\\/\\\/kidsplay.lt\\\/#website\"},\"primaryImageOfPage\":{\"@id\":\"https:\\\/\\\/kidsplay.lt\\\/produktas\\\/woopie-baby-jutimines-deliones-spaudziama-delione-su-garsais-skaiciavimo-mokymuisi-20-vnt\\\/#primaryimage\"},\"image\":{\"@id\":\"https:\\\/\\\/kidsplay.lt\\\/produktas\\\/woopie-baby-jutimines-deliones-spaudziama-delione-su-garsais-skaiciavimo-mokymuisi-20-vnt\\\/#primaryimage\"},\"thumbnailUrl\":\"https:\\\/\\\/kidsplay.lt\\\/wp-content\\\/uploads\\\/2026\\\/03\\\/WOOPIE-BABY-Sensory-Puzzles-Squeeze-Puzzle-Sound-Learning-to-Count-20-pcs.png\",\"datePublished\":\"2026-03-30T15:37:28+00:00\",\"dateModified\":\"2026-04-07T06:30:20+00:00\",\"description\":\"WOOPIE BABY Sensory Puzzles Squeeze Puzzle Sound Learning to Count 20 pcs. - KidsPlay. Did\u017eiausias vaik\u0173 \u017eaisl\u0173 pasirinkimas.\",\"breadcrumb\":{\"@id\":\"https:\\\/\\\/kidsplay.lt\\\/produktas\\\/woopie-baby-jutimines-deliones-spaudziama-delione-su-garsais-skaiciavimo-mokymuisi-20-vnt\\\/#breadcrumb\"},\"inLanguage\":\"lv-LV\",\"potentialAction\":[{\"@type\":\"ReadAction\",\"target\":[\"https:\\\/\\\/kidsplay.lt\\\/produktas\\\/woopie-baby-jutimines-deliones-spaudziama-delione-su-garsais-skaiciavimo-mokymuisi-20-vnt\\\/\"]}]},{\"@type\":\"ImageObject\",\"inLanguage\":\"lv-LV\",\"@id\":\"https:\\\/\\\/kidsplay.lt\\\/produktas\\\/woopie-baby-jutimines-deliones-spaudziama-delione-su-garsais-skaiciavimo-mokymuisi-20-vnt\\\/#primaryimage\",\"url\":\"https:\\\/\\\/kidsplay.lt\\\/wp-content\\\/uploads\\\/2026\\\/03\\\/WOOPIE-BABY-Sensory-Puzzles-Squeeze-Puzzle-Sound-Learning-to-Count-20-pcs.png\",\"contentUrl\":\"https:\\\/\\\/kidsplay.lt\\\/wp-content\\\/uploads\\\/2026\\\/03\\\/WOOPIE-BABY-Sensory-Puzzles-Squeeze-Puzzle-Sound-Learning-to-Count-20-pcs.png\",\"width\":1100,\"height\":1422,\"caption\":\"WOOPIE BABY Sensory Puzzles Squeeze Puzzle Sound Learning to Count 20 pcs.\"},{\"@type\":\"BreadcrumbList\",\"@id\":\"https:\\\/\\\/kidsplay.lt\\\/produktas\\\/woopie-baby-jutimines-deliones-spaudziama-delione-su-garsais-skaiciavimo-mokymuisi-20-vnt\\\/#breadcrumb\",\"itemListElement\":[{\"@type\":\"ListItem\",\"position\":1,\"name\":\"Pagrindinis\",\"item\":\"https:\\\/\\\/kidsplay.lt\\\/\"},{\"@type\":\"ListItem\",\"position\":2,\"name\":\"Parduotuv\u0117\",\"item\":\"https:\\\/\\\/kidsplay.lt\\\/parduotuve\\\/\"},{\"@type\":\"ListItem\",\"position\":3,\"name\":\"WOOPIE BABY jutimin\u0117s d\u0117lion\u0117s \u2013 spaud\u017eiama d\u0117lion\u0117 su garsais, skai\u010diavimo mokymuisi, 20 vnt.\"}]},{\"@type\":\"WebSite\",\"@id\":\"https:\\\/\\\/kidsplay.lt\\\/#website\",\"url\":\"https:\\\/\\\/kidsplay.lt\\\/\",\"name\":\"Kidsplay.lt\",\"description\":\"\u012evairios prek\u0117s vaikams\",\"publisher\":{\"@id\":\"https:\\\/\\\/kidsplay.lt\\\/#organization\"},\"alternateName\":\"Kidsplay\",\"potentialAction\":[{\"@type\":\"SearchAction\",\"target\":{\"@type\":\"EntryPoint\",\"urlTemplate\":\"https:\\\/\\\/kidsplay.lt\\\/?s={search_term_string}\"},\"query-input\":{\"@type\":\"PropertyValueSpecification\",\"valueRequired\":true,\"valueName\":\"search_term_string\"}}],\"inLanguage\":\"lv-LV\"},{\"@type\":\"Organization\",\"@id\":\"https:\\\/\\\/kidsplay.lt\\\/#organization\",\"name\":\"KidsPlay\",\"url\":\"https:\\\/\\\/kidsplay.lt\\\/\",\"logo\":{\"@type\":\"ImageObject\",\"inLanguage\":\"lv-LV\",\"@id\":\"https:\\\/\\\/kidsplay.lt\\\/#\\\/schema\\\/logo\\\/image\\\/\",\"url\":\"https:\\\/\\\/kidsplay.lt\\\/wp-content\\\/uploads\\\/2023\\\/07\\\/kidsplay-logo.png\",\"contentUrl\":\"https:\\\/\\\/kidsplay.lt\\\/wp-content\\\/uploads\\\/2023\\\/07\\\/kidsplay-logo.png\",\"width\":451,\"height\":98,\"caption\":\"KidsPlay\"},\"image\":{\"@id\":\"https:\\\/\\\/kidsplay.lt\\\/#\\\/schema\\\/logo\\\/image\\\/\"},\"sameAs\":[\"https:\\\/\\\/www.facebook.com\\\/www.kidsplay.lt\"]}]}<\/script>\n<!-- \/ Yoast SEO plugin. -->","yoast_head_json":{"title":"WOOPIE BABY Sensory Puzzles Squeeze Puzzle Sound Learning to Count 20 pcs.","description":"WOOPIE BABY Sensory Puzzles Squeeze Puzzle Sound Learning to Count 20 pcs. - KidsPlay. Did\u017eiausias vaik\u0173 \u017eaisl\u0173 pasirinkimas.","robots":{"index":"index","follow":"follow","max-snippet":"max-snippet:-1","max-image-preview":"max-image-preview:large","max-video-preview":"max-video-preview:-1"},"canonical":"https:\/\/kidsplay.lt\/lv\/products\/woopie-baby-jutimines-deliones-spaudziama-delione-su-garsais-skaiciavimo-mokymuisi-20-vnt\/","og_locale":"lv_LV","og_type":"article","og_title":"WOOPIE BABY Sensory Puzzles Squeeze Puzzle Sound Learning to Count 20 pcs.","og_description":"WOOPIE BABY Sensory Puzzles Squeeze Puzzle Sound Learning to Count 20 pcs. - KidsPlay. Did\u017eiausias vaik\u0173 \u017eaisl\u0173 pasirinkimas.","og_url":"https:\/\/kidsplay.lt\/lv\/products\/woopie-baby-jutimines-deliones-spaudziama-delione-su-garsais-skaiciavimo-mokymuisi-20-vnt\/","og_site_name":"KidsPlay","article_publisher":"https:\/\/www.facebook.com\/www.kidsplay.lt","article_modified_time":"2026-04-07T06:30:20+00:00","og_image":[{"width":1100,"height":1422,"url":"https:\/\/kidsplay.lt\/wp-content\/uploads\/2026\/03\/WOOPIE-BABY-Sensory-Puzzles-Squeeze-Puzzle-Sound-Learning-to-Count-20-pcs.png","type":"image\/png"}],"twitter_card":"summary_large_image","twitter_misc":{"Est. reading time":"2 min\u016btes"},"schema":{"@context":"https:\/\/schema.org","@graph":[{"@type":"WebPage","@id":"https:\/\/kidsplay.lt\/produktas\/woopie-baby-jutimines-deliones-spaudziama-delione-su-garsais-skaiciavimo-mokymuisi-20-vnt\/","url":"https:\/\/kidsplay.lt\/produktas\/woopie-baby-jutimines-deliones-spaudziama-delione-su-garsais-skaiciavimo-mokymuisi-20-vnt\/","name":"WOOPIE BABY Sensory Puzzles Squeeze Puzzle Sound Learning to Count 20 pcs.","isPartOf":{"@id":"https:\/\/kidsplay.lt\/#website"},"primaryImageOfPage":{"@id":"https:\/\/kidsplay.lt\/produktas\/woopie-baby-jutimines-deliones-spaudziama-delione-su-garsais-skaiciavimo-mokymuisi-20-vnt\/#primaryimage"},"image":{"@id":"https:\/\/kidsplay.lt\/produktas\/woopie-baby-jutimines-deliones-spaudziama-delione-su-garsais-skaiciavimo-mokymuisi-20-vnt\/#primaryimage"},"thumbnailUrl":"https:\/\/kidsplay.lt\/wp-content\/uploads\/2026\/03\/WOOPIE-BABY-Sensory-Puzzles-Squeeze-Puzzle-Sound-Learning-to-Count-20-pcs.png","datePublished":"2026-03-30T15:37:28+00:00","dateModified":"2026-04-07T06:30:20+00:00","description":"WOOPIE BABY Sensory Puzzles Squeeze Puzzle Sound Learning to Count 20 pcs. - KidsPlay. Did\u017eiausias vaik\u0173 \u017eaisl\u0173 pasirinkimas.","breadcrumb":{"@id":"https:\/\/kidsplay.lt\/produktas\/woopie-baby-jutimines-deliones-spaudziama-delione-su-garsais-skaiciavimo-mokymuisi-20-vnt\/#breadcrumb"},"inLanguage":"lv-LV","potentialAction":[{"@type":"ReadAction","target":["https:\/\/kidsplay.lt\/produktas\/woopie-baby-jutimines-deliones-spaudziama-delione-su-garsais-skaiciavimo-mokymuisi-20-vnt\/"]}]},{"@type":"ImageObject","inLanguage":"lv-LV","@id":"https:\/\/kidsplay.lt\/produktas\/woopie-baby-jutimines-deliones-spaudziama-delione-su-garsais-skaiciavimo-mokymuisi-20-vnt\/#primaryimage","url":"https:\/\/kidsplay.lt\/wp-content\/uploads\/2026\/03\/WOOPIE-BABY-Sensory-Puzzles-Squeeze-Puzzle-Sound-Learning-to-Count-20-pcs.png","contentUrl":"https:\/\/kidsplay.lt\/wp-content\/uploads\/2026\/03\/WOOPIE-BABY-Sensory-Puzzles-Squeeze-Puzzle-Sound-Learning-to-Count-20-pcs.png","width":1100,"height":1422,"caption":"WOOPIE BABY Sensory Puzzles Squeeze Puzzle Sound Learning to Count 20 pcs."},{"@type":"BreadcrumbList","@id":"https:\/\/kidsplay.lt\/produktas\/woopie-baby-jutimines-deliones-spaudziama-delione-su-garsais-skaiciavimo-mokymuisi-20-vnt\/#breadcrumb","itemListElement":[{"@type":"ListItem","position":1,"name":"Pagrindinis","item":"https:\/\/kidsplay.lt\/"},{"@type":"ListItem","position":2,"name":"Parduotuv\u0117","item":"https:\/\/kidsplay.lt\/parduotuve\/"},{"@type":"ListItem","position":3,"name":"WOOPIE BABY jutimin\u0117s d\u0117lion\u0117s \u2013 spaud\u017eiama d\u0117lion\u0117 su garsais, skai\u010diavimo mokymuisi, 20 vnt."}]},{"@type":"WebSite","@id":"https:\/\/kidsplay.lt\/#website","url":"https:\/\/kidsplay.lt\/","name":"B\u0113rnu sp\u0113les.lv","description":"\u012evairios prek\u0117s vaikams","publisher":{"@id":"https:\/\/kidsplay.lt\/#organization"},"alternateName":"Kidsplay","potentialAction":[{"@type":"SearchAction","target":{"@type":"EntryPoint","urlTemplate":"https:\/\/kidsplay.lt\/?s={search_term_string}"},"query-input":{"@type":"PropertyValueSpecification","valueRequired":true,"valueName":"search_term_string"}}],"inLanguage":"lv-LV"},{"@type":"Organization","@id":"https:\/\/kidsplay.lt\/#organization","name":"B\u0113rnu sp\u0113le","url":"https:\/\/kidsplay.lt\/","logo":{"@type":"ImageObject","inLanguage":"lv-LV","@id":"https:\/\/kidsplay.lt\/#\/schema\/logo\/image\/","url":"https:\/\/kidsplay.lt\/wp-content\/uploads\/2023\/07\/kidsplay-logo.png","contentUrl":"https:\/\/kidsplay.lt\/wp-content\/uploads\/2023\/07\/kidsplay-logo.png","width":451,"height":98,"caption":"KidsPlay"},"image":{"@id":"https:\/\/kidsplay.lt\/#\/schema\/logo\/image\/"},"sameAs":["https:\/\/www.facebook.com\/www.kidsplay.lt"]}]}},"_links":{"self":[{"href":"https:\/\/kidsplay.lt\/lv\/wp-json\/wp\/v2\/product\/97208","targetHints":{"allow":["GET"]}}],"collection":[{"href":"https:\/\/kidsplay.lt\/lv\/wp-json\/wp\/v2\/product"}],"about":[{"href":"https:\/\/kidsplay.lt\/lv\/wp-json\/wp\/v2\/types\/product"}],"version-history":[{"count":3,"href":"https:\/\/kidsplay.lt\/lv\/wp-json\/wp\/v2\/product\/97208\/revisions"}],"predecessor-version":[{"id":97290,"href":"https:\/\/kidsplay.lt\/lv\/wp-json\/wp\/v2\/product\/97208\/revisions\/97290"}],"wp:featuredmedia":[{"embeddable":true,"href":"https:\/\/kidsplay.lt\/lv\/wp-json\/wp\/v2\/media\/97210"}],"wp:attachment":[{"href":"https:\/\/kidsplay.lt\/lv\/wp-json\/wp\/v2\/media?parent=97208"}],"wp:term":[{"taxonomy":"product_brand","embeddable":true,"href":"https:\/\/kidsplay.lt\/lv\/wp-json\/wp\/v2\/product_brand?post=97208"},{"taxonomy":"product_cat","embeddable":true,"href":"https:\/\/kidsplay.lt\/lv\/wp-json\/wp\/v2\/product_cat?post=97208"},{"taxonomy":"product_tag","embeddable":true,"href":"https:\/\/kidsplay.lt\/lv\/wp-json\/wp\/v2\/product_tag?post=97208"}],"curies":[{"name":"wp","href":"https:\/\/api.w.org\/{rel}","templated":true}]}}