{"id":97234,"date":"2026-03-30T18:41:25","date_gmt":"2026-03-30T15:41:25","guid":{"rendered":"https:\/\/kidsplay.lt\/produktas\/woopie-baby-interaktyvus-edukacinis-pilotas-vaikams\/"},"modified":"2026-04-13T13:49:39","modified_gmt":"2026-04-13T10:49:39","slug":"woopie-baby-interaktyvus-edukacinis-pilotas-vaikams","status":"publish","type":"product","link":"https:\/\/kidsplay.lt\/lv\/products\/woopie-baby-interaktyvus-edukacinis-pilotas-vaikams\/","title":{"rendered":"WOOPIE BABY Interaktyvus edukacinis pilotas vaikams"},"content":{"rendered":"<p>Interaktyvus pultelis i\u0161 WOOPIE yra puikus pasirinkimas kiekvienam ma\u017eyliui, kuris domisi buitiniais prietaisais. D\u0117l realisti\u0161kos i\u0161vaizdos ir gausi\u0173 funkcij\u0173 \u0161is \u017eaislas efektyviai atitraukia vaikus nuo tikr\u0173 \u012frengini\u0173, suteikdamas saugi\u0105 ir edukacin\u0119 pramog\u0105. Pultelis turi 10 mygtuk\u0173 su skai\u010diais, garso reguliavim\u0105 ir mygtukus, imituojan\u010dius TV kanal\u0173 keitim\u0105. \u017daislas groja linksmomis melodijomis ir dainel\u0117mis, o \u0161viesos efektai papildomai stimuliuoja regos ir klausos poj\u016b\u010dius. Pagamintas i\u0161 patvari\u0173 ir saugi\u0173 med\u017eiag\u0173, u\u017etikrinan\u010di\u0173 ilgalaik\u012f ir malon\u0173 \u017eaidim\u0105.<br \/>\nRaksturojums:<\/p>\n<p>skirtas vaikams nuo 6 m\u0117nesi\u0173<\/p>\n<p>turi garso ir \u0161viesos efektus<\/p>\n<p>leid\u017eia imituoti suaugusi\u0173j\u0173 veiksmus (kanal\u0173 perjungim\u0105)<\/p>\n<p>turi 10 skai\u010di\u0173 mygtuk\u0173 ir funkcinius mygtukus<\/p>\n<p>\u012fmontuotos melodijos ir garso reguliavimas<\/p>\n<p>\u017eaislas angl\u0173 kalba<\/p>\n<p>pagamintas i\u0161 auk\u0161tos kokyb\u0117s plastiko<\/p>\n<p>reikalingos baterijos: 2 x AAA (nepridedamos)<\/p>","protected":false},"excerpt":{"rendered":"<p>Interaktyvus pultelis i\u0161 WOOPIE yra puikus pasirinkimas kiekvienam ma\u017eyliui, kuris domisi buitiniais prietaisais. D\u0117l realisti\u0161kos i\u0161vaizdos ir gausi\u0173 funkcij\u0173 \u0161is<\/p>","protected":false},"featured_media":97236,"template":"","meta":{"_acf_changed":false,"_glsr_average":0,"_glsr_ranking":0,"_glsr_reviews":0},"product_brand":[],"product_cat":[396,229],"product_tag":[],"class_list":{"0":"post-97234","1":"product","2":"type-product","3":"status-publish","4":"has-post-thumbnail","6":"product_cat-kudikiu-zaislai-vaikams2","7":"product_cat-zaislai-vaikams","8":"\"style=\"background-color: #2ecc711c;\"","10":"first","11":"instock","12":"purchasable","13":"product-type-simple"},"acf":[],"yoast_head":"<!-- This site is optimized with the Yoast SEO plugin v27.3 - https:\/\/yoast.com\/product\/yoast-seo-wordpress\/ -->\n<title>WOOPIE BABY Interaktyvus edukacinis pilotas vaikams<\/title>\n<meta name=\"description\" content=\"WOOPIE BABY Interaktyvus edukacinis pilotas vaikams - KidsPlay. Did\u017eiausias vaik\u0173 \u017eaisl\u0173 pasirinkimas.\" \/>\n<meta name=\"robots\" content=\"index, follow, max-snippet:-1, max-image-preview:large, max-video-preview:-1\" \/>\n<link rel=\"canonical\" href=\"https:\/\/kidsplay.lt\/lv\/products\/woopie-baby-interaktyvus-edukacinis-pilotas-vaikams\/\" \/>\n<meta property=\"og:locale\" content=\"lv_LV\" \/>\n<meta property=\"og:type\" content=\"article\" \/>\n<meta property=\"og:title\" content=\"WOOPIE BABY Interaktyvus edukacinis pilotas vaikams\" \/>\n<meta property=\"og:description\" content=\"WOOPIE BABY Interaktyvus edukacinis pilotas vaikams - KidsPlay. Did\u017eiausias vaik\u0173 \u017eaisl\u0173 pasirinkimas.\" \/>\n<meta property=\"og:url\" content=\"https:\/\/kidsplay.lt\/lv\/products\/woopie-baby-interaktyvus-edukacinis-pilotas-vaikams\/\" \/>\n<meta property=\"og:site_name\" content=\"KidsPlay\" \/>\n<meta property=\"article:publisher\" content=\"https:\/\/www.facebook.com\/www.kidsplay.lt\" \/>\n<meta property=\"article:modified_time\" content=\"2026-04-13T10:49:39+00:00\" \/>\n<meta property=\"og:image\" content=\"https:\/\/kidsplay.lt\/wp-content\/uploads\/2026\/03\/WOOPIE-BABY-Interaktyvus-edukacinis-pilotas-vaikams.jpg\" \/>\n\t<meta property=\"og:image:width\" content=\"2538\" \/>\n\t<meta property=\"og:image:height\" content=\"2538\" \/>\n\t<meta property=\"og:image:type\" content=\"image\/jpeg\" \/>\n<meta name=\"twitter:card\" content=\"summary_large_image\" \/>\n<meta name=\"twitter:label1\" content=\"Est. reading time\" \/>\n\t<meta name=\"twitter:data1\" content=\"1 min\u016bte\" \/>\n<script type=\"application\/ld+json\" class=\"yoast-schema-graph\">{\"@context\":\"https:\\\/\\\/schema.org\",\"@graph\":[{\"@type\":\"WebPage\",\"@id\":\"https:\\\/\\\/kidsplay.lt\\\/produktas\\\/woopie-baby-interaktyvus-edukacinis-pilotas-vaikams\\\/\",\"url\":\"https:\\\/\\\/kidsplay.lt\\\/produktas\\\/woopie-baby-interaktyvus-edukacinis-pilotas-vaikams\\\/\",\"name\":\"WOOPIE BABY Interaktyvus edukacinis pilotas vaikams\",\"isPartOf\":{\"@id\":\"https:\\\/\\\/kidsplay.lt\\\/#website\"},\"primaryImageOfPage\":{\"@id\":\"https:\\\/\\\/kidsplay.lt\\\/produktas\\\/woopie-baby-interaktyvus-edukacinis-pilotas-vaikams\\\/#primaryimage\"},\"image\":{\"@id\":\"https:\\\/\\\/kidsplay.lt\\\/produktas\\\/woopie-baby-interaktyvus-edukacinis-pilotas-vaikams\\\/#primaryimage\"},\"thumbnailUrl\":\"https:\\\/\\\/kidsplay.lt\\\/wp-content\\\/uploads\\\/2026\\\/03\\\/WOOPIE-BABY-Interaktyvus-edukacinis-pilotas-vaikams.jpg\",\"datePublished\":\"2026-03-30T15:41:25+00:00\",\"dateModified\":\"2026-04-13T10:49:39+00:00\",\"description\":\"WOOPIE BABY Interaktyvus edukacinis pilotas vaikams - KidsPlay. Did\u017eiausias vaik\u0173 \u017eaisl\u0173 pasirinkimas.\",\"breadcrumb\":{\"@id\":\"https:\\\/\\\/kidsplay.lt\\\/produktas\\\/woopie-baby-interaktyvus-edukacinis-pilotas-vaikams\\\/#breadcrumb\"},\"inLanguage\":\"lv-LV\",\"potentialAction\":[{\"@type\":\"ReadAction\",\"target\":[\"https:\\\/\\\/kidsplay.lt\\\/produktas\\\/woopie-baby-interaktyvus-edukacinis-pilotas-vaikams\\\/\"]}]},{\"@type\":\"ImageObject\",\"inLanguage\":\"lv-LV\",\"@id\":\"https:\\\/\\\/kidsplay.lt\\\/produktas\\\/woopie-baby-interaktyvus-edukacinis-pilotas-vaikams\\\/#primaryimage\",\"url\":\"https:\\\/\\\/kidsplay.lt\\\/wp-content\\\/uploads\\\/2026\\\/03\\\/WOOPIE-BABY-Interaktyvus-edukacinis-pilotas-vaikams.jpg\",\"contentUrl\":\"https:\\\/\\\/kidsplay.lt\\\/wp-content\\\/uploads\\\/2026\\\/03\\\/WOOPIE-BABY-Interaktyvus-edukacinis-pilotas-vaikams.jpg\",\"width\":2538,\"height\":2538,\"caption\":\"WOOPIE BABY Interaktyvus edukacinis pilotas vaikams\"},{\"@type\":\"BreadcrumbList\",\"@id\":\"https:\\\/\\\/kidsplay.lt\\\/produktas\\\/woopie-baby-interaktyvus-edukacinis-pilotas-vaikams\\\/#breadcrumb\",\"itemListElement\":[{\"@type\":\"ListItem\",\"position\":1,\"name\":\"Pagrindinis\",\"item\":\"https:\\\/\\\/kidsplay.lt\\\/\"},{\"@type\":\"ListItem\",\"position\":2,\"name\":\"Parduotuv\u0117\",\"item\":\"https:\\\/\\\/kidsplay.lt\\\/parduotuve\\\/\"},{\"@type\":\"ListItem\",\"position\":3,\"name\":\"WOOPIE BABY Interaktyvus edukacinis pilotas vaikams\"}]},{\"@type\":\"WebSite\",\"@id\":\"https:\\\/\\\/kidsplay.lt\\\/#website\",\"url\":\"https:\\\/\\\/kidsplay.lt\\\/\",\"name\":\"Kidsplay.lt\",\"description\":\"\u012evairios prek\u0117s vaikams\",\"publisher\":{\"@id\":\"https:\\\/\\\/kidsplay.lt\\\/#organization\"},\"alternateName\":\"Kidsplay\",\"potentialAction\":[{\"@type\":\"SearchAction\",\"target\":{\"@type\":\"EntryPoint\",\"urlTemplate\":\"https:\\\/\\\/kidsplay.lt\\\/?s={search_term_string}\"},\"query-input\":{\"@type\":\"PropertyValueSpecification\",\"valueRequired\":true,\"valueName\":\"search_term_string\"}}],\"inLanguage\":\"lv-LV\"},{\"@type\":\"Organization\",\"@id\":\"https:\\\/\\\/kidsplay.lt\\\/#organization\",\"name\":\"KidsPlay\",\"url\":\"https:\\\/\\\/kidsplay.lt\\\/\",\"logo\":{\"@type\":\"ImageObject\",\"inLanguage\":\"lv-LV\",\"@id\":\"https:\\\/\\\/kidsplay.lt\\\/#\\\/schema\\\/logo\\\/image\\\/\",\"url\":\"https:\\\/\\\/kidsplay.lt\\\/wp-content\\\/uploads\\\/2023\\\/07\\\/kidsplay-logo.png\",\"contentUrl\":\"https:\\\/\\\/kidsplay.lt\\\/wp-content\\\/uploads\\\/2023\\\/07\\\/kidsplay-logo.png\",\"width\":451,\"height\":98,\"caption\":\"KidsPlay\"},\"image\":{\"@id\":\"https:\\\/\\\/kidsplay.lt\\\/#\\\/schema\\\/logo\\\/image\\\/\"},\"sameAs\":[\"https:\\\/\\\/www.facebook.com\\\/www.kidsplay.lt\"]}]}<\/script>\n<!-- \/ Yoast SEO plugin. -->","yoast_head_json":{"title":"WOOPIE BABY Interaktyvus edukacinis pilotas vaikams","description":"WOOPIE BABY Interaktyvus edukacinis pilotas vaikams - KidsPlay. Did\u017eiausias vaik\u0173 \u017eaisl\u0173 pasirinkimas.","robots":{"index":"index","follow":"follow","max-snippet":"max-snippet:-1","max-image-preview":"max-image-preview:large","max-video-preview":"max-video-preview:-1"},"canonical":"https:\/\/kidsplay.lt\/lv\/products\/woopie-baby-interaktyvus-edukacinis-pilotas-vaikams\/","og_locale":"lv_LV","og_type":"article","og_title":"WOOPIE BABY Interaktyvus edukacinis pilotas vaikams","og_description":"WOOPIE BABY Interaktyvus edukacinis pilotas vaikams - KidsPlay. Did\u017eiausias vaik\u0173 \u017eaisl\u0173 pasirinkimas.","og_url":"https:\/\/kidsplay.lt\/lv\/products\/woopie-baby-interaktyvus-edukacinis-pilotas-vaikams\/","og_site_name":"KidsPlay","article_publisher":"https:\/\/www.facebook.com\/www.kidsplay.lt","article_modified_time":"2026-04-13T10:49:39+00:00","og_image":[{"width":2538,"height":2538,"url":"https:\/\/kidsplay.lt\/wp-content\/uploads\/2026\/03\/WOOPIE-BABY-Interaktyvus-edukacinis-pilotas-vaikams.jpg","type":"image\/jpeg"}],"twitter_card":"summary_large_image","twitter_misc":{"Est. reading time":"1 min\u016bte"},"schema":{"@context":"https:\/\/schema.org","@graph":[{"@type":"WebPage","@id":"https:\/\/kidsplay.lt\/produktas\/woopie-baby-interaktyvus-edukacinis-pilotas-vaikams\/","url":"https:\/\/kidsplay.lt\/produktas\/woopie-baby-interaktyvus-edukacinis-pilotas-vaikams\/","name":"WOOPIE BABY Interaktyvus edukacinis pilotas vaikams","isPartOf":{"@id":"https:\/\/kidsplay.lt\/#website"},"primaryImageOfPage":{"@id":"https:\/\/kidsplay.lt\/produktas\/woopie-baby-interaktyvus-edukacinis-pilotas-vaikams\/#primaryimage"},"image":{"@id":"https:\/\/kidsplay.lt\/produktas\/woopie-baby-interaktyvus-edukacinis-pilotas-vaikams\/#primaryimage"},"thumbnailUrl":"https:\/\/kidsplay.lt\/wp-content\/uploads\/2026\/03\/WOOPIE-BABY-Interaktyvus-edukacinis-pilotas-vaikams.jpg","datePublished":"2026-03-30T15:41:25+00:00","dateModified":"2026-04-13T10:49:39+00:00","description":"WOOPIE BABY Interaktyvus edukacinis pilotas vaikams - KidsPlay. Did\u017eiausias vaik\u0173 \u017eaisl\u0173 pasirinkimas.","breadcrumb":{"@id":"https:\/\/kidsplay.lt\/produktas\/woopie-baby-interaktyvus-edukacinis-pilotas-vaikams\/#breadcrumb"},"inLanguage":"lv-LV","potentialAction":[{"@type":"ReadAction","target":["https:\/\/kidsplay.lt\/produktas\/woopie-baby-interaktyvus-edukacinis-pilotas-vaikams\/"]}]},{"@type":"ImageObject","inLanguage":"lv-LV","@id":"https:\/\/kidsplay.lt\/produktas\/woopie-baby-interaktyvus-edukacinis-pilotas-vaikams\/#primaryimage","url":"https:\/\/kidsplay.lt\/wp-content\/uploads\/2026\/03\/WOOPIE-BABY-Interaktyvus-edukacinis-pilotas-vaikams.jpg","contentUrl":"https:\/\/kidsplay.lt\/wp-content\/uploads\/2026\/03\/WOOPIE-BABY-Interaktyvus-edukacinis-pilotas-vaikams.jpg","width":2538,"height":2538,"caption":"WOOPIE BABY Interaktyvus edukacinis pilotas vaikams"},{"@type":"BreadcrumbList","@id":"https:\/\/kidsplay.lt\/produktas\/woopie-baby-interaktyvus-edukacinis-pilotas-vaikams\/#breadcrumb","itemListElement":[{"@type":"ListItem","position":1,"name":"Pagrindinis","item":"https:\/\/kidsplay.lt\/"},{"@type":"ListItem","position":2,"name":"Parduotuv\u0117","item":"https:\/\/kidsplay.lt\/parduotuve\/"},{"@type":"ListItem","position":3,"name":"WOOPIE BABY Interaktyvus edukacinis pilotas vaikams"}]},{"@type":"WebSite","@id":"https:\/\/kidsplay.lt\/#website","url":"https:\/\/kidsplay.lt\/","name":"B\u0113rnu sp\u0113les.lv","description":"\u012evairios prek\u0117s vaikams","publisher":{"@id":"https:\/\/kidsplay.lt\/#organization"},"alternateName":"Kidsplay","potentialAction":[{"@type":"SearchAction","target":{"@type":"EntryPoint","urlTemplate":"https:\/\/kidsplay.lt\/?s={search_term_string}"},"query-input":{"@type":"PropertyValueSpecification","valueRequired":true,"valueName":"search_term_string"}}],"inLanguage":"lv-LV"},{"@type":"Organization","@id":"https:\/\/kidsplay.lt\/#organization","name":"B\u0113rnu sp\u0113le","url":"https:\/\/kidsplay.lt\/","logo":{"@type":"ImageObject","inLanguage":"lv-LV","@id":"https:\/\/kidsplay.lt\/#\/schema\/logo\/image\/","url":"https:\/\/kidsplay.lt\/wp-content\/uploads\/2023\/07\/kidsplay-logo.png","contentUrl":"https:\/\/kidsplay.lt\/wp-content\/uploads\/2023\/07\/kidsplay-logo.png","width":451,"height":98,"caption":"KidsPlay"},"image":{"@id":"https:\/\/kidsplay.lt\/#\/schema\/logo\/image\/"},"sameAs":["https:\/\/www.facebook.com\/www.kidsplay.lt"]}]}},"_links":{"self":[{"href":"https:\/\/kidsplay.lt\/lv\/wp-json\/wp\/v2\/product\/97234","targetHints":{"allow":["GET"]}}],"collection":[{"href":"https:\/\/kidsplay.lt\/lv\/wp-json\/wp\/v2\/product"}],"about":[{"href":"https:\/\/kidsplay.lt\/lv\/wp-json\/wp\/v2\/types\/product"}],"version-history":[{"count":1,"href":"https:\/\/kidsplay.lt\/lv\/wp-json\/wp\/v2\/product\/97234\/revisions"}],"predecessor-version":[{"id":97235,"href":"https:\/\/kidsplay.lt\/lv\/wp-json\/wp\/v2\/product\/97234\/revisions\/97235"}],"wp:featuredmedia":[{"embeddable":true,"href":"https:\/\/kidsplay.lt\/lv\/wp-json\/wp\/v2\/media\/97236"}],"wp:attachment":[{"href":"https:\/\/kidsplay.lt\/lv\/wp-json\/wp\/v2\/media?parent=97234"}],"wp:term":[{"taxonomy":"product_brand","embeddable":true,"href":"https:\/\/kidsplay.lt\/lv\/wp-json\/wp\/v2\/product_brand?post=97234"},{"taxonomy":"product_cat","embeddable":true,"href":"https:\/\/kidsplay.lt\/lv\/wp-json\/wp\/v2\/product_cat?post=97234"},{"taxonomy":"product_tag","embeddable":true,"href":"https:\/\/kidsplay.lt\/lv\/wp-json\/wp\/v2\/product_tag?post=97234"}],"curies":[{"name":"wp","href":"https:\/\/api.w.org\/{rel}","templated":true}]}}