{"id":97461,"date":"2026-04-02T07:09:44","date_gmt":"2026-04-02T04:09:44","guid":{"rendered":"https:\/\/kidsplay.lt\/produktas\/bmw-i5-rastar-124-raudonas-nuotoliniu-budu-valdomas-elektromobilis\/"},"modified":"2026-04-15T18:29:59","modified_gmt":"2026-04-15T15:29:59","slug":"bmw-i5-rastar-124-raudonas-nuotoliniu-budu-valdomas-elektromobilis","status":"publish","type":"product","link":"https:\/\/kidsplay.lt\/lv\/products\/bmw-i5-rastar-124-raudonas-nuotoliniu-budu-valdomas-elektromobilis\/","title":{"rendered":"BMW i5 RASTAR 1:24 \u2013 Sarkana t\u0101lvad\u012bbas elektromobilis"},"content":{"rendered":"<p>BMW i5 R\/C 1:24 \u2013 RASTAR nuotoliniu b\u016bdu valdomas elektromobilis<br \/>\n1:24 mastelio BMW i5 modelis i\u0161 \u017einomo Rastar gamintojo \u2013 puikus pasirinkimas moderni\u0173 elektromobili\u0173 ir eleganti\u0161ko dizaino gerb\u0117jams. Modelis atkartoja tikrojo BMW i5 siluet\u0105: aptakios linijos, dinami\u0161kas k\u0117bulas ir i\u0161skirtin\u0117s detal\u0117s suteikia jam prabang\u0173, \u0161iuolaiki\u0161k\u0105 charakter\u012f.<\/p>\n<p>Ry\u0161kiai raudona spalva suteikia sporti\u0161kumo, o kruop\u0161tus dizaino atk\u016brimas leid\u017eia modeliui atrodyti itin realisti\u0161kai. Tai puikus pasirinkimas tiek \u017eaidimams, tiek kolekcijai.<\/p>\n<p>Nuotolinio valdymo pultas leid\u017eia lengvai ir tiksliai valdyti automobil\u012f visomis kryptimis. Modelis puikiai tinka naudoti namuose \u2013 jis va\u017eiuoja skland\u017eiai, tyliai ir patogiai, tod\u0117l patiks tiek vaikams, tiek suaugusiems.<\/p>\n<p>\u2699\ufe0f Specifik\u0101cijas<\/p>\n<p> \tM\u0113rogs: 1:24<br \/>\n \tSpalva: raudona \u2013 moderni ir eleganti\u0161ka<br \/>\n \tMed\u017eiaga: auk\u0161tos kokyb\u0117s plastikas \u2013 atsparus pa\u017eeidimams<br \/>\n \tValdymas: nuotolinio valdymo pultas<br \/>\n \tValdymo funkcijos: pirmyn, atgal, pos\u016bkiai \u012f kair\u0119\/de\u0161in\u0119<br \/>\n \tAutoma\u0161\u012bnas baro\u0161ana: 3 \u00d7 AA baterijas (nav iek\u013cautas komplekt\u0101)<br \/>\n \tPulto maitinimas: 2 \u00d7 AA baterijos (nepridedamos)<br \/>\n \tAutomobilio matmenys: ~20.4 \u00d7 8.7 \u00d7 6.2 cm<br \/>\n \tPakuot\u0117s matmenys: ~39 \u00d7 12 \u00d7 10 cm<\/p>\n<p>\ud83d\udce6 Komplekta saturs<\/p>\n<p> \tBMW i5 R\/C 1:24 modelis<br \/>\n \tT\u0101lvad\u012bbas pults<br \/>\n \tOriginali gamintojo pakuot\u0117<\/p>","protected":false},"excerpt":{"rendered":"<p>BMW i5 R\/C 1:24 \u2013 RASTAR nuotoliniu b\u016bdu valdomas elektromobilis 1:24 mastelio BMW i5 modelis i\u0161 \u017einomo Rastar gamintojo \u2013<\/p>","protected":false},"featured_media":97463,"template":"","meta":{"_acf_changed":false,"_glsr_average":0,"_glsr_ranking":0,"_glsr_reviews":0},"product_brand":[],"product_cat":[447,229],"product_tag":[],"class_list":{"0":"post-97461","1":"product","2":"type-product","3":"status-publish","4":"has-post-thumbnail","6":"product_cat-rc-zaislai","7":"product_cat-zaislai-vaikams","8":"\"style=\"background-color: #2ecc711c;\"","10":"first","11":"instock","12":"purchasable","13":"product-type-simple"},"acf":[],"yoast_head":"<!-- This site is optimized with the Yoast SEO plugin v27.4 - https:\/\/yoast.com\/product\/yoast-seo-wordpress\/ -->\n<title>BMW i5 RASTAR 1:24 \u2013 Raudonas nuotoliniu b\u016bdu valdomas elektromobilis<\/title>\n<meta name=\"description\" content=\"BMW i5 RASTAR 1:24 \u2013 Raudonas nuotoliniu b\u016bdu valdomas elektromobilis - KidsPlay. Did\u017eiausias vaik\u0173 \u017eaisl\u0173 pasirinkimas.\" \/>\n<meta name=\"robots\" content=\"index, follow, max-snippet:-1, max-image-preview:large, max-video-preview:-1\" \/>\n<link rel=\"canonical\" href=\"https:\/\/kidsplay.lt\/lv\/products\/bmw-i5-rastar-124-raudonas-nuotoliniu-budu-valdomas-elektromobilis\/\" \/>\n<meta property=\"og:locale\" content=\"lv_LV\" \/>\n<meta property=\"og:type\" content=\"article\" \/>\n<meta property=\"og:title\" content=\"BMW i5 RASTAR 1:24 \u2013 Raudonas nuotoliniu b\u016bdu valdomas elektromobilis\" \/>\n<meta property=\"og:description\" content=\"BMW i5 RASTAR 1:24 \u2013 Raudonas nuotoliniu b\u016bdu valdomas elektromobilis - KidsPlay. Did\u017eiausias vaik\u0173 \u017eaisl\u0173 pasirinkimas.\" \/>\n<meta property=\"og:url\" content=\"https:\/\/kidsplay.lt\/lv\/products\/bmw-i5-rastar-124-raudonas-nuotoliniu-budu-valdomas-elektromobilis\/\" \/>\n<meta property=\"og:site_name\" content=\"KidsPlay\" \/>\n<meta property=\"article:publisher\" content=\"https:\/\/www.facebook.com\/www.kidsplay.lt\" \/>\n<meta property=\"article:modified_time\" content=\"2026-04-15T15:29:59+00:00\" \/>\n<meta property=\"og:image\" content=\"https:\/\/kidsplay.lt\/wp-content\/uploads\/2026\/04\/BMW-i5-RASTAR-124-\u2013-Raudonas-nuotoliniu-budu-valdomas-elektromobilis.jpg\" \/>\n\t<meta property=\"og:image:width\" content=\"1000\" \/>\n\t<meta property=\"og:image:height\" content=\"1000\" \/>\n\t<meta property=\"og:image:type\" content=\"image\/jpeg\" \/>\n<meta name=\"twitter:card\" content=\"summary_large_image\" \/>\n<meta name=\"twitter:label1\" content=\"Est. reading time\" \/>\n\t<meta name=\"twitter:data1\" content=\"1 min\u016bte\" \/>\n<script type=\"application\/ld+json\" class=\"yoast-schema-graph\">{\"@context\":\"https:\\\/\\\/schema.org\",\"@graph\":[{\"@type\":\"WebPage\",\"@id\":\"https:\\\/\\\/kidsplay.lt\\\/produktas\\\/bmw-i5-rastar-124-raudonas-nuotoliniu-budu-valdomas-elektromobilis\\\/\",\"url\":\"https:\\\/\\\/kidsplay.lt\\\/produktas\\\/bmw-i5-rastar-124-raudonas-nuotoliniu-budu-valdomas-elektromobilis\\\/\",\"name\":\"BMW i5 RASTAR 1:24 \u2013 Raudonas nuotoliniu b\u016bdu valdomas elektromobilis\",\"isPartOf\":{\"@id\":\"https:\\\/\\\/kidsplay.lt\\\/#website\"},\"primaryImageOfPage\":{\"@id\":\"https:\\\/\\\/kidsplay.lt\\\/produktas\\\/bmw-i5-rastar-124-raudonas-nuotoliniu-budu-valdomas-elektromobilis\\\/#primaryimage\"},\"image\":{\"@id\":\"https:\\\/\\\/kidsplay.lt\\\/produktas\\\/bmw-i5-rastar-124-raudonas-nuotoliniu-budu-valdomas-elektromobilis\\\/#primaryimage\"},\"thumbnailUrl\":\"https:\\\/\\\/kidsplay.lt\\\/wp-content\\\/uploads\\\/2026\\\/04\\\/BMW-i5-RASTAR-124-\u2013-Raudonas-nuotoliniu-budu-valdomas-elektromobilis.jpg\",\"datePublished\":\"2026-04-02T04:09:44+00:00\",\"dateModified\":\"2026-04-15T15:29:59+00:00\",\"description\":\"BMW i5 RASTAR 1:24 \u2013 Raudonas nuotoliniu b\u016bdu valdomas elektromobilis - KidsPlay. Did\u017eiausias vaik\u0173 \u017eaisl\u0173 pasirinkimas.\",\"breadcrumb\":{\"@id\":\"https:\\\/\\\/kidsplay.lt\\\/produktas\\\/bmw-i5-rastar-124-raudonas-nuotoliniu-budu-valdomas-elektromobilis\\\/#breadcrumb\"},\"inLanguage\":\"lv-LV\",\"potentialAction\":[{\"@type\":\"ReadAction\",\"target\":[\"https:\\\/\\\/kidsplay.lt\\\/produktas\\\/bmw-i5-rastar-124-raudonas-nuotoliniu-budu-valdomas-elektromobilis\\\/\"]}]},{\"@type\":\"ImageObject\",\"inLanguage\":\"lv-LV\",\"@id\":\"https:\\\/\\\/kidsplay.lt\\\/produktas\\\/bmw-i5-rastar-124-raudonas-nuotoliniu-budu-valdomas-elektromobilis\\\/#primaryimage\",\"url\":\"https:\\\/\\\/kidsplay.lt\\\/wp-content\\\/uploads\\\/2026\\\/04\\\/BMW-i5-RASTAR-124-\u2013-Raudonas-nuotoliniu-budu-valdomas-elektromobilis.jpg\",\"contentUrl\":\"https:\\\/\\\/kidsplay.lt\\\/wp-content\\\/uploads\\\/2026\\\/04\\\/BMW-i5-RASTAR-124-\u2013-Raudonas-nuotoliniu-budu-valdomas-elektromobilis.jpg\",\"width\":1000,\"height\":1000,\"caption\":\"BMW i5 RASTAR 1:24 \u2013 Raudonas nuotoliniu b\u016bdu valdomas elektromobilis\"},{\"@type\":\"BreadcrumbList\",\"@id\":\"https:\\\/\\\/kidsplay.lt\\\/produktas\\\/bmw-i5-rastar-124-raudonas-nuotoliniu-budu-valdomas-elektromobilis\\\/#breadcrumb\",\"itemListElement\":[{\"@type\":\"ListItem\",\"position\":1,\"name\":\"Pagrindinis\",\"item\":\"https:\\\/\\\/kidsplay.lt\\\/\"},{\"@type\":\"ListItem\",\"position\":2,\"name\":\"Parduotuv\u0117\",\"item\":\"https:\\\/\\\/kidsplay.lt\\\/parduotuve\\\/\"},{\"@type\":\"ListItem\",\"position\":3,\"name\":\"BMW i5 RASTAR 1:24 \u2013 Raudonas nuotoliniu b\u016bdu valdomas elektromobilis\"}]},{\"@type\":\"WebSite\",\"@id\":\"https:\\\/\\\/kidsplay.lt\\\/#website\",\"url\":\"https:\\\/\\\/kidsplay.lt\\\/\",\"name\":\"Kidsplay.lt\",\"description\":\"\u012evairios prek\u0117s vaikams\",\"publisher\":{\"@id\":\"https:\\\/\\\/kidsplay.lt\\\/#organization\"},\"alternateName\":\"Kidsplay\",\"potentialAction\":[{\"@type\":\"SearchAction\",\"target\":{\"@type\":\"EntryPoint\",\"urlTemplate\":\"https:\\\/\\\/kidsplay.lt\\\/?s={search_term_string}\"},\"query-input\":{\"@type\":\"PropertyValueSpecification\",\"valueRequired\":true,\"valueName\":\"search_term_string\"}}],\"inLanguage\":\"lv-LV\"},{\"@type\":\"Organization\",\"@id\":\"https:\\\/\\\/kidsplay.lt\\\/#organization\",\"name\":\"KidsPlay\",\"url\":\"https:\\\/\\\/kidsplay.lt\\\/\",\"logo\":{\"@type\":\"ImageObject\",\"inLanguage\":\"lv-LV\",\"@id\":\"https:\\\/\\\/kidsplay.lt\\\/#\\\/schema\\\/logo\\\/image\\\/\",\"url\":\"https:\\\/\\\/kidsplay.lt\\\/wp-content\\\/uploads\\\/2023\\\/07\\\/kidsplay-logo.png\",\"contentUrl\":\"https:\\\/\\\/kidsplay.lt\\\/wp-content\\\/uploads\\\/2023\\\/07\\\/kidsplay-logo.png\",\"width\":451,\"height\":98,\"caption\":\"KidsPlay\"},\"image\":{\"@id\":\"https:\\\/\\\/kidsplay.lt\\\/#\\\/schema\\\/logo\\\/image\\\/\"},\"sameAs\":[\"https:\\\/\\\/www.facebook.com\\\/www.kidsplay.lt\"]}]}<\/script>\n<!-- \/ Yoast SEO plugin. -->","yoast_head_json":{"title":"BMW i5 RASTAR 1:24 \u2013 Sarkana t\u0101lvad\u012bbas elektromobilis","description":"BMW i5 RASTAR 1:24 \u2013 Raudonas nuotoliniu b\u016bdu valdomas elektromobilis - KidsPlay. Did\u017eiausias vaik\u0173 \u017eaisl\u0173 pasirinkimas.","robots":{"index":"index","follow":"follow","max-snippet":"max-snippet:-1","max-image-preview":"max-image-preview:large","max-video-preview":"max-video-preview:-1"},"canonical":"https:\/\/kidsplay.lt\/lv\/products\/bmw-i5-rastar-124-raudonas-nuotoliniu-budu-valdomas-elektromobilis\/","og_locale":"lv_LV","og_type":"article","og_title":"BMW i5 RASTAR 1:24 \u2013 Raudonas nuotoliniu b\u016bdu valdomas elektromobilis","og_description":"BMW i5 RASTAR 1:24 \u2013 Raudonas nuotoliniu b\u016bdu valdomas elektromobilis - KidsPlay. Did\u017eiausias vaik\u0173 \u017eaisl\u0173 pasirinkimas.","og_url":"https:\/\/kidsplay.lt\/lv\/products\/bmw-i5-rastar-124-raudonas-nuotoliniu-budu-valdomas-elektromobilis\/","og_site_name":"KidsPlay","article_publisher":"https:\/\/www.facebook.com\/www.kidsplay.lt","article_modified_time":"2026-04-15T15:29:59+00:00","og_image":[{"width":1000,"height":1000,"url":"https:\/\/kidsplay.lt\/wp-content\/uploads\/2026\/04\/BMW-i5-RASTAR-124-\u2013-Raudonas-nuotoliniu-budu-valdomas-elektromobilis.jpg","type":"image\/jpeg"}],"twitter_card":"summary_large_image","twitter_misc":{"Est. reading time":"1 min\u016bte"},"schema":{"@context":"https:\/\/schema.org","@graph":[{"@type":"WebPage","@id":"https:\/\/kidsplay.lt\/produktas\/bmw-i5-rastar-124-raudonas-nuotoliniu-budu-valdomas-elektromobilis\/","url":"https:\/\/kidsplay.lt\/produktas\/bmw-i5-rastar-124-raudonas-nuotoliniu-budu-valdomas-elektromobilis\/","name":"BMW i5 RASTAR 1:24 \u2013 Sarkana t\u0101lvad\u012bbas elektromobilis","isPartOf":{"@id":"https:\/\/kidsplay.lt\/#website"},"primaryImageOfPage":{"@id":"https:\/\/kidsplay.lt\/produktas\/bmw-i5-rastar-124-raudonas-nuotoliniu-budu-valdomas-elektromobilis\/#primaryimage"},"image":{"@id":"https:\/\/kidsplay.lt\/produktas\/bmw-i5-rastar-124-raudonas-nuotoliniu-budu-valdomas-elektromobilis\/#primaryimage"},"thumbnailUrl":"https:\/\/kidsplay.lt\/wp-content\/uploads\/2026\/04\/BMW-i5-RASTAR-124-\u2013-Raudonas-nuotoliniu-budu-valdomas-elektromobilis.jpg","datePublished":"2026-04-02T04:09:44+00:00","dateModified":"2026-04-15T15:29:59+00:00","description":"BMW i5 RASTAR 1:24 \u2013 Raudonas nuotoliniu b\u016bdu valdomas elektromobilis - KidsPlay. Did\u017eiausias vaik\u0173 \u017eaisl\u0173 pasirinkimas.","breadcrumb":{"@id":"https:\/\/kidsplay.lt\/produktas\/bmw-i5-rastar-124-raudonas-nuotoliniu-budu-valdomas-elektromobilis\/#breadcrumb"},"inLanguage":"lv-LV","potentialAction":[{"@type":"ReadAction","target":["https:\/\/kidsplay.lt\/produktas\/bmw-i5-rastar-124-raudonas-nuotoliniu-budu-valdomas-elektromobilis\/"]}]},{"@type":"ImageObject","inLanguage":"lv-LV","@id":"https:\/\/kidsplay.lt\/produktas\/bmw-i5-rastar-124-raudonas-nuotoliniu-budu-valdomas-elektromobilis\/#primaryimage","url":"https:\/\/kidsplay.lt\/wp-content\/uploads\/2026\/04\/BMW-i5-RASTAR-124-\u2013-Raudonas-nuotoliniu-budu-valdomas-elektromobilis.jpg","contentUrl":"https:\/\/kidsplay.lt\/wp-content\/uploads\/2026\/04\/BMW-i5-RASTAR-124-\u2013-Raudonas-nuotoliniu-budu-valdomas-elektromobilis.jpg","width":1000,"height":1000,"caption":"BMW i5 RASTAR 1:24 \u2013 Raudonas nuotoliniu b\u016bdu valdomas elektromobilis"},{"@type":"BreadcrumbList","@id":"https:\/\/kidsplay.lt\/produktas\/bmw-i5-rastar-124-raudonas-nuotoliniu-budu-valdomas-elektromobilis\/#breadcrumb","itemListElement":[{"@type":"ListItem","position":1,"name":"Pagrindinis","item":"https:\/\/kidsplay.lt\/"},{"@type":"ListItem","position":2,"name":"Parduotuv\u0117","item":"https:\/\/kidsplay.lt\/parduotuve\/"},{"@type":"ListItem","position":3,"name":"BMW i5 RASTAR 1:24 \u2013 Raudonas nuotoliniu b\u016bdu valdomas elektromobilis"}]},{"@type":"WebSite","@id":"https:\/\/kidsplay.lt\/#website","url":"https:\/\/kidsplay.lt\/","name":"B\u0113rnu sp\u0113les.lv","description":"\u012evairios prek\u0117s vaikams","publisher":{"@id":"https:\/\/kidsplay.lt\/#organization"},"alternateName":"Kidsplay","potentialAction":[{"@type":"SearchAction","target":{"@type":"EntryPoint","urlTemplate":"https:\/\/kidsplay.lt\/?s={search_term_string}"},"query-input":{"@type":"PropertyValueSpecification","valueRequired":true,"valueName":"search_term_string"}}],"inLanguage":"lv-LV"},{"@type":"Organization","@id":"https:\/\/kidsplay.lt\/#organization","name":"B\u0113rnu sp\u0113le","url":"https:\/\/kidsplay.lt\/","logo":{"@type":"ImageObject","inLanguage":"lv-LV","@id":"https:\/\/kidsplay.lt\/#\/schema\/logo\/image\/","url":"https:\/\/kidsplay.lt\/wp-content\/uploads\/2023\/07\/kidsplay-logo.png","contentUrl":"https:\/\/kidsplay.lt\/wp-content\/uploads\/2023\/07\/kidsplay-logo.png","width":451,"height":98,"caption":"KidsPlay"},"image":{"@id":"https:\/\/kidsplay.lt\/#\/schema\/logo\/image\/"},"sameAs":["https:\/\/www.facebook.com\/www.kidsplay.lt"]}]}},"_links":{"self":[{"href":"https:\/\/kidsplay.lt\/lv\/wp-json\/wp\/v2\/product\/97461","targetHints":{"allow":["GET"]}}],"collection":[{"href":"https:\/\/kidsplay.lt\/lv\/wp-json\/wp\/v2\/product"}],"about":[{"href":"https:\/\/kidsplay.lt\/lv\/wp-json\/wp\/v2\/types\/product"}],"version-history":[{"count":1,"href":"https:\/\/kidsplay.lt\/lv\/wp-json\/wp\/v2\/product\/97461\/revisions"}],"predecessor-version":[{"id":97462,"href":"https:\/\/kidsplay.lt\/lv\/wp-json\/wp\/v2\/product\/97461\/revisions\/97462"}],"wp:featuredmedia":[{"embeddable":true,"href":"https:\/\/kidsplay.lt\/lv\/wp-json\/wp\/v2\/media\/97463"}],"wp:attachment":[{"href":"https:\/\/kidsplay.lt\/lv\/wp-json\/wp\/v2\/media?parent=97461"}],"wp:term":[{"taxonomy":"product_brand","embeddable":true,"href":"https:\/\/kidsplay.lt\/lv\/wp-json\/wp\/v2\/product_brand?post=97461"},{"taxonomy":"product_cat","embeddable":true,"href":"https:\/\/kidsplay.lt\/lv\/wp-json\/wp\/v2\/product_cat?post=97461"},{"taxonomy":"product_tag","embeddable":true,"href":"https:\/\/kidsplay.lt\/lv\/wp-json\/wp\/v2\/product_tag?post=97461"}],"curies":[{"name":"wp","href":"https:\/\/api.w.org\/{rel}","templated":true}]}}