{"id":97867,"date":"2026-04-02T07:18:17","date_gmt":"2026-04-02T04:18:17","guid":{"rendered":"https:\/\/kidsplay.lt\/produktas\/kriaukles-formos-smelio-deze-baseinas-vaikams-geltona\/"},"modified":"2026-04-10T08:40:47","modified_gmt":"2026-04-10T05:40:47","slug":"kriaukles-formos-smelio-deze-baseinas-vaikams-geltona","status":"publish","type":"product","link":"https:\/\/kidsplay.lt\/lv\/products\/kriaukles-formos-smelio-deze-baseinas-vaikams-geltona\/","title":{"rendered":"Kriaukl\u0117s formos sm\u0117lio d\u0117\u017e\u0117 \/ baseinas vaikams \u2013 geltona"},"content":{"rendered":"<p>\u0160i geltona kriaukl\u0117s formos sm\u0117lio d\u0117\u017e\u0117 \u2013 puikus pasirinkimas ma\u017eyliams, kurie m\u0117gsta kurti, statyti ir tyrin\u0117ti. Tai viena patraukliausi\u0173 \u017eaidim\u0173 erdvi\u0173 vaikams, suteikianti galimyb\u0119 \u017eaisti savaranki\u0161kai ir lavinti k\u016brybi\u0161kum\u0105. Lengva konstrukcija leid\u017eia sm\u0117lio d\u0117\u017e\u0119 pastatyti bet kur: sode, terasoje, prie pav\u0117sin\u0117s ar net balkone.<\/p>\n<p>U\u017epild\u017eius j\u0105 sm\u0117liu ir prid\u0117jus \u017eaisl\u0173, ma\u017eylis tur\u0117s savo ma\u017e\u0105 karalyst\u0119, kurioje gal\u0117s statyti pilis, tunelius ir \u012fvairias sm\u0117lio konstrukcijas. Kita puiki alternatyva \u2013 naudoti j\u0105 kaip vandens basein\u0105 arba kamuoliuk\u0173 basein\u0105. Tai suteikia daug \u017eaidimo galimybi\u0173 ir garantuoja smagias akimirkas kar\u0161tomis vasaros dienomis.<\/p>\n<p>Pagaminta i\u0161 auk\u0161tos kokyb\u0117s, UV spinduliams ir oro s\u0105lygoms atsparaus plastiko, tod\u0117l sm\u0117lio d\u0117\u017e\u0119 galima laikyti lauke. Vis d\u0117lto esant labai nepalankioms oro s\u0105lygoms rekomenduojama j\u0105 pasl\u0117pti.<\/p>\n<p>\ud83e\udde9 Priek\u0161roc\u012bbas<\/p>\n<p> \t3-in-1: sm\u0117lio d\u0117\u017e\u0117, vandens baseinas arba kamuoliuk\u0173 baseinas<br \/>\n \tRy\u0161ki, vaikams patraukli spalva<br \/>\n \tLengva, bet tvirta konstrukcija<br \/>\n \tAtspari UV spinduliams ir oro s\u0105lygoms<br \/>\n \tPaprasta perkelti ir pastatyti bet kur<br \/>\n \tSkatina k\u016brybi\u0161kum\u0105, smulki\u0105j\u0105 motorik\u0105 ir savaranki\u0161k\u0105 \u017eaidim\u0105<\/p>\n<p>\u2699\ufe0f Specifik\u0101cijas<\/p>\n<p> \tMatmenys: 110 \u00d7 75 \u00d7 18 cm<br \/>\n \tMateri\u0101ls: augstas kvalit\u0101tes plastmasa<br \/>\n \tAtsparumas: UV spinduliams ir oro s\u0105lygoms<br \/>\n \tSpalva: geltona<br \/>\n \tAm\u017eius: rekomenduojama vaikams nuo 1+ met\u0173 (pri\u017ei\u016brint suaugusiesiems)<\/p>\n<p>\ud83d\udce6 Komplekta saturs<\/p>\n<p> \tKriaukl\u0117s formos sm\u0117lio d\u0117\u017e\u0117 \/ baseinas<\/p>","protected":false},"excerpt":{"rendered":"<p>\u0160i geltona kriaukl\u0117s formos sm\u0117lio d\u0117\u017e\u0117 \u2013 puikus pasirinkimas ma\u017eyliams, kurie m\u0117gsta kurti, statyti ir tyrin\u0117ti. Tai viena patraukliausi\u0173 \u017eaidim\u0173<\/p>","protected":false},"featured_media":97869,"template":"","meta":{"_acf_changed":false,"_glsr_average":0,"_glsr_ranking":0,"_glsr_reviews":0},"product_brand":[],"product_cat":[233,327],"product_tag":[],"class_list":{"0":"post-97867","1":"product","2":"type-product","3":"status-publish","4":"has-post-thumbnail","6":"product_cat-lauko-pramogos","7":"product_cat-smelio-dezes-ir-priedai","8":"\"style=\"background-color: #2ecc711c;\"","10":"first","11":"instock","12":"purchasable","13":"product-type-simple"},"acf":[],"yoast_head":"<!-- This site is optimized with the Yoast SEO plugin v27.3 - https:\/\/yoast.com\/product\/yoast-seo-wordpress\/ -->\n<title>Kriaukl\u0117s formos sm\u0117lio d\u0117\u017e\u0117 \/ baseinas vaikams \u2013 geltona<\/title>\n<meta name=\"description\" content=\"Kriaukl\u0117s formos sm\u0117lio d\u0117\u017e\u0117 \/ baseinas vaikams \u2013 geltona - KidsPlay. Did\u017eiausias vaik\u0173 \u017eaisl\u0173 pasirinkimas.\" \/>\n<meta name=\"robots\" content=\"index, follow, max-snippet:-1, max-image-preview:large, max-video-preview:-1\" \/>\n<link rel=\"canonical\" href=\"https:\/\/kidsplay.lt\/lv\/products\/kriaukles-formos-smelio-deze-baseinas-vaikams-geltona\/\" \/>\n<meta property=\"og:locale\" content=\"lv_LV\" \/>\n<meta property=\"og:type\" content=\"article\" \/>\n<meta property=\"og:title\" content=\"Kriaukl\u0117s formos sm\u0117lio d\u0117\u017e\u0117 \/ baseinas vaikams \u2013 geltona\" \/>\n<meta property=\"og:description\" content=\"Kriaukl\u0117s formos sm\u0117lio d\u0117\u017e\u0117 \/ baseinas vaikams \u2013 geltona - KidsPlay. Did\u017eiausias vaik\u0173 \u017eaisl\u0173 pasirinkimas.\" \/>\n<meta property=\"og:url\" content=\"https:\/\/kidsplay.lt\/lv\/products\/kriaukles-formos-smelio-deze-baseinas-vaikams-geltona\/\" \/>\n<meta property=\"og:site_name\" content=\"KidsPlay\" \/>\n<meta property=\"article:publisher\" content=\"https:\/\/www.facebook.com\/www.kidsplay.lt\" \/>\n<meta property=\"article:modified_time\" content=\"2026-04-10T05:40:47+00:00\" \/>\n<meta property=\"og:image\" content=\"https:\/\/kidsplay.lt\/wp-content\/uploads\/2026\/04\/Kriaukles-formos-smelio-deze-baseinas-vaikams-\u2013-geltona.jpg\" \/>\n\t<meta property=\"og:image:width\" content=\"826\" \/>\n\t<meta property=\"og:image:height\" content=\"578\" \/>\n\t<meta property=\"og:image:type\" content=\"image\/jpeg\" \/>\n<meta name=\"twitter:card\" content=\"summary_large_image\" \/>\n<meta name=\"twitter:label1\" content=\"Est. reading time\" \/>\n\t<meta name=\"twitter:data1\" content=\"1 min\u016bte\" \/>\n<script type=\"application\/ld+json\" class=\"yoast-schema-graph\">{\"@context\":\"https:\\\/\\\/schema.org\",\"@graph\":[{\"@type\":\"WebPage\",\"@id\":\"https:\\\/\\\/kidsplay.lt\\\/produktas\\\/kriaukles-formos-smelio-deze-baseinas-vaikams-geltona\\\/\",\"url\":\"https:\\\/\\\/kidsplay.lt\\\/produktas\\\/kriaukles-formos-smelio-deze-baseinas-vaikams-geltona\\\/\",\"name\":\"Kriaukl\u0117s formos sm\u0117lio d\u0117\u017e\u0117 \\\/ baseinas vaikams \u2013 geltona\",\"isPartOf\":{\"@id\":\"https:\\\/\\\/kidsplay.lt\\\/#website\"},\"primaryImageOfPage\":{\"@id\":\"https:\\\/\\\/kidsplay.lt\\\/produktas\\\/kriaukles-formos-smelio-deze-baseinas-vaikams-geltona\\\/#primaryimage\"},\"image\":{\"@id\":\"https:\\\/\\\/kidsplay.lt\\\/produktas\\\/kriaukles-formos-smelio-deze-baseinas-vaikams-geltona\\\/#primaryimage\"},\"thumbnailUrl\":\"https:\\\/\\\/kidsplay.lt\\\/wp-content\\\/uploads\\\/2026\\\/04\\\/Kriaukles-formos-smelio-deze-baseinas-vaikams-\u2013-geltona.jpg\",\"datePublished\":\"2026-04-02T04:18:17+00:00\",\"dateModified\":\"2026-04-10T05:40:47+00:00\",\"description\":\"Kriaukl\u0117s formos sm\u0117lio d\u0117\u017e\u0117 \\\/ baseinas vaikams \u2013 geltona - KidsPlay. Did\u017eiausias vaik\u0173 \u017eaisl\u0173 pasirinkimas.\",\"breadcrumb\":{\"@id\":\"https:\\\/\\\/kidsplay.lt\\\/produktas\\\/kriaukles-formos-smelio-deze-baseinas-vaikams-geltona\\\/#breadcrumb\"},\"inLanguage\":\"lv-LV\",\"potentialAction\":[{\"@type\":\"ReadAction\",\"target\":[\"https:\\\/\\\/kidsplay.lt\\\/produktas\\\/kriaukles-formos-smelio-deze-baseinas-vaikams-geltona\\\/\"]}]},{\"@type\":\"ImageObject\",\"inLanguage\":\"lv-LV\",\"@id\":\"https:\\\/\\\/kidsplay.lt\\\/produktas\\\/kriaukles-formos-smelio-deze-baseinas-vaikams-geltona\\\/#primaryimage\",\"url\":\"https:\\\/\\\/kidsplay.lt\\\/wp-content\\\/uploads\\\/2026\\\/04\\\/Kriaukles-formos-smelio-deze-baseinas-vaikams-\u2013-geltona.jpg\",\"contentUrl\":\"https:\\\/\\\/kidsplay.lt\\\/wp-content\\\/uploads\\\/2026\\\/04\\\/Kriaukles-formos-smelio-deze-baseinas-vaikams-\u2013-geltona.jpg\",\"width\":826,\"height\":578,\"caption\":\"Kriaukl\u0117s formos sm\u0117lio d\u0117\u017e\u0117 \\\/ baseinas vaikams \u2013 geltona\"},{\"@type\":\"BreadcrumbList\",\"@id\":\"https:\\\/\\\/kidsplay.lt\\\/produktas\\\/kriaukles-formos-smelio-deze-baseinas-vaikams-geltona\\\/#breadcrumb\",\"itemListElement\":[{\"@type\":\"ListItem\",\"position\":1,\"name\":\"Pagrindinis\",\"item\":\"https:\\\/\\\/kidsplay.lt\\\/\"},{\"@type\":\"ListItem\",\"position\":2,\"name\":\"Parduotuv\u0117\",\"item\":\"https:\\\/\\\/kidsplay.lt\\\/parduotuve\\\/\"},{\"@type\":\"ListItem\",\"position\":3,\"name\":\"Kriaukl\u0117s formos sm\u0117lio d\u0117\u017e\u0117 \\\/ baseinas vaikams \u2013 geltona\"}]},{\"@type\":\"WebSite\",\"@id\":\"https:\\\/\\\/kidsplay.lt\\\/#website\",\"url\":\"https:\\\/\\\/kidsplay.lt\\\/\",\"name\":\"Kidsplay.lt\",\"description\":\"\u012evairios prek\u0117s vaikams\",\"publisher\":{\"@id\":\"https:\\\/\\\/kidsplay.lt\\\/#organization\"},\"alternateName\":\"Kidsplay\",\"potentialAction\":[{\"@type\":\"SearchAction\",\"target\":{\"@type\":\"EntryPoint\",\"urlTemplate\":\"https:\\\/\\\/kidsplay.lt\\\/?s={search_term_string}\"},\"query-input\":{\"@type\":\"PropertyValueSpecification\",\"valueRequired\":true,\"valueName\":\"search_term_string\"}}],\"inLanguage\":\"lv-LV\"},{\"@type\":\"Organization\",\"@id\":\"https:\\\/\\\/kidsplay.lt\\\/#organization\",\"name\":\"KidsPlay\",\"url\":\"https:\\\/\\\/kidsplay.lt\\\/\",\"logo\":{\"@type\":\"ImageObject\",\"inLanguage\":\"lv-LV\",\"@id\":\"https:\\\/\\\/kidsplay.lt\\\/#\\\/schema\\\/logo\\\/image\\\/\",\"url\":\"https:\\\/\\\/kidsplay.lt\\\/wp-content\\\/uploads\\\/2023\\\/07\\\/kidsplay-logo.png\",\"contentUrl\":\"https:\\\/\\\/kidsplay.lt\\\/wp-content\\\/uploads\\\/2023\\\/07\\\/kidsplay-logo.png\",\"width\":451,\"height\":98,\"caption\":\"KidsPlay\"},\"image\":{\"@id\":\"https:\\\/\\\/kidsplay.lt\\\/#\\\/schema\\\/logo\\\/image\\\/\"},\"sameAs\":[\"https:\\\/\\\/www.facebook.com\\\/www.kidsplay.lt\"]}]}<\/script>\n<!-- \/ Yoast SEO plugin. -->","yoast_head_json":{"title":"Kriaukl\u0117s formos sm\u0117lio d\u0117\u017e\u0117 \/ baseinas vaikams \u2013 geltona","description":"Kriaukl\u0117s formos sm\u0117lio d\u0117\u017e\u0117 \/ baseinas vaikams \u2013 geltona - KidsPlay. Did\u017eiausias vaik\u0173 \u017eaisl\u0173 pasirinkimas.","robots":{"index":"index","follow":"follow","max-snippet":"max-snippet:-1","max-image-preview":"max-image-preview:large","max-video-preview":"max-video-preview:-1"},"canonical":"https:\/\/kidsplay.lt\/lv\/products\/kriaukles-formos-smelio-deze-baseinas-vaikams-geltona\/","og_locale":"lv_LV","og_type":"article","og_title":"Kriaukl\u0117s formos sm\u0117lio d\u0117\u017e\u0117 \/ baseinas vaikams \u2013 geltona","og_description":"Kriaukl\u0117s formos sm\u0117lio d\u0117\u017e\u0117 \/ baseinas vaikams \u2013 geltona - KidsPlay. Did\u017eiausias vaik\u0173 \u017eaisl\u0173 pasirinkimas.","og_url":"https:\/\/kidsplay.lt\/lv\/products\/kriaukles-formos-smelio-deze-baseinas-vaikams-geltona\/","og_site_name":"KidsPlay","article_publisher":"https:\/\/www.facebook.com\/www.kidsplay.lt","article_modified_time":"2026-04-10T05:40:47+00:00","og_image":[{"width":826,"height":578,"url":"https:\/\/kidsplay.lt\/wp-content\/uploads\/2026\/04\/Kriaukles-formos-smelio-deze-baseinas-vaikams-\u2013-geltona.jpg","type":"image\/jpeg"}],"twitter_card":"summary_large_image","twitter_misc":{"Est. reading time":"1 min\u016bte"},"schema":{"@context":"https:\/\/schema.org","@graph":[{"@type":"WebPage","@id":"https:\/\/kidsplay.lt\/produktas\/kriaukles-formos-smelio-deze-baseinas-vaikams-geltona\/","url":"https:\/\/kidsplay.lt\/produktas\/kriaukles-formos-smelio-deze-baseinas-vaikams-geltona\/","name":"Kriaukl\u0117s formos sm\u0117lio d\u0117\u017e\u0117 \/ baseinas vaikams \u2013 geltona","isPartOf":{"@id":"https:\/\/kidsplay.lt\/#website"},"primaryImageOfPage":{"@id":"https:\/\/kidsplay.lt\/produktas\/kriaukles-formos-smelio-deze-baseinas-vaikams-geltona\/#primaryimage"},"image":{"@id":"https:\/\/kidsplay.lt\/produktas\/kriaukles-formos-smelio-deze-baseinas-vaikams-geltona\/#primaryimage"},"thumbnailUrl":"https:\/\/kidsplay.lt\/wp-content\/uploads\/2026\/04\/Kriaukles-formos-smelio-deze-baseinas-vaikams-\u2013-geltona.jpg","datePublished":"2026-04-02T04:18:17+00:00","dateModified":"2026-04-10T05:40:47+00:00","description":"Kriaukl\u0117s formos sm\u0117lio d\u0117\u017e\u0117 \/ baseinas vaikams \u2013 geltona - KidsPlay. Did\u017eiausias vaik\u0173 \u017eaisl\u0173 pasirinkimas.","breadcrumb":{"@id":"https:\/\/kidsplay.lt\/produktas\/kriaukles-formos-smelio-deze-baseinas-vaikams-geltona\/#breadcrumb"},"inLanguage":"lv-LV","potentialAction":[{"@type":"ReadAction","target":["https:\/\/kidsplay.lt\/produktas\/kriaukles-formos-smelio-deze-baseinas-vaikams-geltona\/"]}]},{"@type":"ImageObject","inLanguage":"lv-LV","@id":"https:\/\/kidsplay.lt\/produktas\/kriaukles-formos-smelio-deze-baseinas-vaikams-geltona\/#primaryimage","url":"https:\/\/kidsplay.lt\/wp-content\/uploads\/2026\/04\/Kriaukles-formos-smelio-deze-baseinas-vaikams-\u2013-geltona.jpg","contentUrl":"https:\/\/kidsplay.lt\/wp-content\/uploads\/2026\/04\/Kriaukles-formos-smelio-deze-baseinas-vaikams-\u2013-geltona.jpg","width":826,"height":578,"caption":"Kriaukl\u0117s formos sm\u0117lio d\u0117\u017e\u0117 \/ baseinas vaikams \u2013 geltona"},{"@type":"BreadcrumbList","@id":"https:\/\/kidsplay.lt\/produktas\/kriaukles-formos-smelio-deze-baseinas-vaikams-geltona\/#breadcrumb","itemListElement":[{"@type":"ListItem","position":1,"name":"Pagrindinis","item":"https:\/\/kidsplay.lt\/"},{"@type":"ListItem","position":2,"name":"Parduotuv\u0117","item":"https:\/\/kidsplay.lt\/parduotuve\/"},{"@type":"ListItem","position":3,"name":"Kriaukl\u0117s formos sm\u0117lio d\u0117\u017e\u0117 \/ baseinas vaikams \u2013 geltona"}]},{"@type":"WebSite","@id":"https:\/\/kidsplay.lt\/#website","url":"https:\/\/kidsplay.lt\/","name":"B\u0113rnu sp\u0113les.lv","description":"\u012evairios prek\u0117s vaikams","publisher":{"@id":"https:\/\/kidsplay.lt\/#organization"},"alternateName":"Kidsplay","potentialAction":[{"@type":"SearchAction","target":{"@type":"EntryPoint","urlTemplate":"https:\/\/kidsplay.lt\/?s={search_term_string}"},"query-input":{"@type":"PropertyValueSpecification","valueRequired":true,"valueName":"search_term_string"}}],"inLanguage":"lv-LV"},{"@type":"Organization","@id":"https:\/\/kidsplay.lt\/#organization","name":"B\u0113rnu sp\u0113le","url":"https:\/\/kidsplay.lt\/","logo":{"@type":"ImageObject","inLanguage":"lv-LV","@id":"https:\/\/kidsplay.lt\/#\/schema\/logo\/image\/","url":"https:\/\/kidsplay.lt\/wp-content\/uploads\/2023\/07\/kidsplay-logo.png","contentUrl":"https:\/\/kidsplay.lt\/wp-content\/uploads\/2023\/07\/kidsplay-logo.png","width":451,"height":98,"caption":"KidsPlay"},"image":{"@id":"https:\/\/kidsplay.lt\/#\/schema\/logo\/image\/"},"sameAs":["https:\/\/www.facebook.com\/www.kidsplay.lt"]}]}},"_links":{"self":[{"href":"https:\/\/kidsplay.lt\/lv\/wp-json\/wp\/v2\/product\/97867","targetHints":{"allow":["GET"]}}],"collection":[{"href":"https:\/\/kidsplay.lt\/lv\/wp-json\/wp\/v2\/product"}],"about":[{"href":"https:\/\/kidsplay.lt\/lv\/wp-json\/wp\/v2\/types\/product"}],"version-history":[{"count":1,"href":"https:\/\/kidsplay.lt\/lv\/wp-json\/wp\/v2\/product\/97867\/revisions"}],"predecessor-version":[{"id":97868,"href":"https:\/\/kidsplay.lt\/lv\/wp-json\/wp\/v2\/product\/97867\/revisions\/97868"}],"wp:featuredmedia":[{"embeddable":true,"href":"https:\/\/kidsplay.lt\/lv\/wp-json\/wp\/v2\/media\/97869"}],"wp:attachment":[{"href":"https:\/\/kidsplay.lt\/lv\/wp-json\/wp\/v2\/media?parent=97867"}],"wp:term":[{"taxonomy":"product_brand","embeddable":true,"href":"https:\/\/kidsplay.lt\/lv\/wp-json\/wp\/v2\/product_brand?post=97867"},{"taxonomy":"product_cat","embeddable":true,"href":"https:\/\/kidsplay.lt\/lv\/wp-json\/wp\/v2\/product_cat?post=97867"},{"taxonomy":"product_tag","embeddable":true,"href":"https:\/\/kidsplay.lt\/lv\/wp-json\/wp\/v2\/product_tag?post=97867"}],"curies":[{"name":"wp","href":"https:\/\/api.w.org\/{rel}","templated":true}]}}