{"id":98362,"date":"2026-04-02T08:30:46","date_gmt":"2026-04-02T05:30:46","guid":{"rendered":"https:\/\/kidsplay.lt\/produktas\/masterkidz-permatomi-skaiciai\/"},"modified":"2026-04-07T09:27:42","modified_gmt":"2026-04-07T06:27:42","slug":"masterkidz-permatomi-skaiciai","status":"publish","type":"product","link":"https:\/\/kidsplay.lt\/lv\/products\/masterkidz-permatomi-skaiciai\/","title":{"rendered":"MASTERKIDZ Permatomi skai\u010diai"},"content":{"rendered":"<p>Atraskite matematik\u0105 visi\u0161kai naujoje, ap\u0161viestoje dimensijoje su Masterkidz permatom\u0173 skai\u010di\u0173 rinkiniu! \u0160ie dideli \u017eali skai\u010diai sukurti taip, kad \u017eaid\u017eiant su LED plok\u0161t\u0117mis jie tapt\u0173 magi\u0161ka vizualine patirtimi, paver\u010diant skai\u010diavim\u0105 smagiu ir \u012ftraukian\u010diu \u017eaidimu. D\u0117l specialiai suformuot\u0173, i\u0161gaubt\u0173 kra\u0161t\u0173 vaikai ne tik mato, bet ir \u201ejau\u010dia\u201c skai\u010diaus form\u0105 \u2013 tai nepakei\u010diama \u012f\u017eanga mokantis ra\u0161yti ir atpa\u017einti simbolius. Tvirtos med\u017eiagos d\u0117ka skai\u010dius galima naudoti \u012fvairiai \u2013 \u017eaid\u017eiant sm\u0117lyje, pie\u0161iant ant popieriaus ar kuriant pirm\u0105sias matematikos lygtis. \u0160is pilnas edukacinis rinkinys padaro abstrak\u010dias operacijas suprantamas, rankomis ap\u010diuopiamas ir tiesiog smagias kiekvienam ikimokyklinukui.<br \/>\nCharakteristika:<\/p>\n<p> \tB\u0113rniem no 3 gadu vecuma<br \/>\n \tSkai\u010diai pagaminti i\u0161 \u017ealios, permatomos med\u017eiagos, kuri \u201egaudo\u201c \u0161vies\u0105 \u2013 idealu darbui su \u0161viesos plok\u0161t\u0117mis (light tables)<br \/>\n \tKiekvienas skai\u010dius turi ai\u0161ki\u0105, i\u0161orin\u0119 kra\u0161tin\u0119, kuri\u0105 galima ap\u010diuopti pir\u0161tais, tai padeda raumen\u0173 atmin\u010diai ir palengvina ra\u0161ymo mokym\u0105si<br \/>\n \tSkai\u010di\u0173 auk\u0161tis apie 55 mm \u2013 puikiai tinka ma\u017eoms rankoms, lengvai laikomi ir manipuliuojami<br \/>\n \tPagaminti i\u0161 itin tvirto plastiko, atsparaus kritimams ir intensyviam naudojimui dar\u017eelyje ar namuose<\/p>\n<p>Rinkinys apima:<\/p>\n<p> \t2 x pilnas skai\u010di\u0173 rinkinys nuo 0 iki 10 (leid\u017eia kurti dviej\u0173 skaitmen\u0173 skai\u010dius ir lygtis su pasikartojan\u010diais skai\u010diais)<br \/>\n \t2 x sud\u0117jimo \u017eenklas (+)<br \/>\n \t2 x atimties \u017eenklas (-)<br \/>\n \t2 x lygyb\u0117s \u017eenklas (=)<br \/>\n \t1 x patogus indelis su rankena dangtelyje patogiam laikymui<\/p>","protected":false},"excerpt":{"rendered":"<p>Atraskite matematik\u0105 visi\u0161kai naujoje, ap\u0161viestoje dimensijoje su Masterkidz permatom\u0173 skai\u010di\u0173 rinkiniu! \u0160ie dideli \u017eali skai\u010diai sukurti taip, kad \u017eaid\u017eiant su<\/p>","protected":false},"featured_media":98364,"template":"","meta":{"_acf_changed":false,"_glsr_average":0,"_glsr_ranking":0,"_glsr_reviews":0},"product_brand":[],"product_cat":[388,229],"product_tag":[],"class_list":{"0":"post-98362","1":"product","2":"type-product","3":"status-publish","4":"has-post-thumbnail","6":"product_cat-edukaciniai-lavinamieji-zaislai","7":"product_cat-zaislai-vaikams","8":"\"style=\"background-color: #2ecc711c;\"","10":"first","11":"instock","12":"purchasable","13":"product-type-simple"},"acf":[],"yoast_head":"<!-- This site is optimized with the Yoast SEO plugin v27.3 - https:\/\/yoast.com\/product\/yoast-seo-wordpress\/ -->\n<title>MASTERKIDZ Permatomi skai\u010diai<\/title>\n<meta name=\"description\" content=\"MASTERKIDZ Permatomi skai\u010diai - KidsPlay. Did\u017eiausias vaik\u0173 \u017eaisl\u0173 pasirinkimas.\" \/>\n<meta name=\"robots\" content=\"index, follow, max-snippet:-1, max-image-preview:large, max-video-preview:-1\" \/>\n<link rel=\"canonical\" href=\"https:\/\/kidsplay.lt\/lv\/products\/masterkidz-permatomi-skaiciai\/\" \/>\n<meta property=\"og:locale\" content=\"lv_LV\" \/>\n<meta property=\"og:type\" content=\"article\" \/>\n<meta property=\"og:title\" content=\"MASTERKIDZ Permatomi skai\u010diai\" \/>\n<meta property=\"og:description\" content=\"MASTERKIDZ Permatomi skai\u010diai - KidsPlay. Did\u017eiausias vaik\u0173 \u017eaisl\u0173 pasirinkimas.\" \/>\n<meta property=\"og:url\" content=\"https:\/\/kidsplay.lt\/lv\/products\/masterkidz-permatomi-skaiciai\/\" \/>\n<meta property=\"og:site_name\" content=\"KidsPlay\" \/>\n<meta property=\"article:publisher\" content=\"https:\/\/www.facebook.com\/www.kidsplay.lt\" \/>\n<meta property=\"article:modified_time\" content=\"2026-04-07T06:27:42+00:00\" \/>\n<meta property=\"og:image\" content=\"https:\/\/kidsplay.lt\/wp-content\/uploads\/2026\/04\/MASTERKIDZ-Permatomi-skaiciai.jpg\" \/>\n\t<meta property=\"og:image:width\" content=\"1000\" \/>\n\t<meta property=\"og:image:height\" content=\"1000\" \/>\n\t<meta property=\"og:image:type\" content=\"image\/jpeg\" \/>\n<meta name=\"twitter:card\" content=\"summary_large_image\" \/>\n<meta name=\"twitter:label1\" content=\"Est. reading time\" \/>\n\t<meta name=\"twitter:data1\" content=\"1 min\u016bte\" \/>\n<script type=\"application\/ld+json\" class=\"yoast-schema-graph\">{\"@context\":\"https:\\\/\\\/schema.org\",\"@graph\":[{\"@type\":\"WebPage\",\"@id\":\"https:\\\/\\\/kidsplay.lt\\\/produktas\\\/masterkidz-permatomi-skaiciai\\\/\",\"url\":\"https:\\\/\\\/kidsplay.lt\\\/produktas\\\/masterkidz-permatomi-skaiciai\\\/\",\"name\":\"MASTERKIDZ Permatomi skai\u010diai\",\"isPartOf\":{\"@id\":\"https:\\\/\\\/kidsplay.lt\\\/#website\"},\"primaryImageOfPage\":{\"@id\":\"https:\\\/\\\/kidsplay.lt\\\/produktas\\\/masterkidz-permatomi-skaiciai\\\/#primaryimage\"},\"image\":{\"@id\":\"https:\\\/\\\/kidsplay.lt\\\/produktas\\\/masterkidz-permatomi-skaiciai\\\/#primaryimage\"},\"thumbnailUrl\":\"https:\\\/\\\/kidsplay.lt\\\/wp-content\\\/uploads\\\/2026\\\/04\\\/MASTERKIDZ-Permatomi-skaiciai.jpg\",\"datePublished\":\"2026-04-02T05:30:46+00:00\",\"dateModified\":\"2026-04-07T06:27:42+00:00\",\"description\":\"MASTERKIDZ Permatomi skai\u010diai - KidsPlay. Did\u017eiausias vaik\u0173 \u017eaisl\u0173 pasirinkimas.\",\"breadcrumb\":{\"@id\":\"https:\\\/\\\/kidsplay.lt\\\/produktas\\\/masterkidz-permatomi-skaiciai\\\/#breadcrumb\"},\"inLanguage\":\"lv-LV\",\"potentialAction\":[{\"@type\":\"ReadAction\",\"target\":[\"https:\\\/\\\/kidsplay.lt\\\/produktas\\\/masterkidz-permatomi-skaiciai\\\/\"]}]},{\"@type\":\"ImageObject\",\"inLanguage\":\"lv-LV\",\"@id\":\"https:\\\/\\\/kidsplay.lt\\\/produktas\\\/masterkidz-permatomi-skaiciai\\\/#primaryimage\",\"url\":\"https:\\\/\\\/kidsplay.lt\\\/wp-content\\\/uploads\\\/2026\\\/04\\\/MASTERKIDZ-Permatomi-skaiciai.jpg\",\"contentUrl\":\"https:\\\/\\\/kidsplay.lt\\\/wp-content\\\/uploads\\\/2026\\\/04\\\/MASTERKIDZ-Permatomi-skaiciai.jpg\",\"width\":1000,\"height\":1000,\"caption\":\"MASTERKIDZ Permatomi skai\u010diai\"},{\"@type\":\"BreadcrumbList\",\"@id\":\"https:\\\/\\\/kidsplay.lt\\\/produktas\\\/masterkidz-permatomi-skaiciai\\\/#breadcrumb\",\"itemListElement\":[{\"@type\":\"ListItem\",\"position\":1,\"name\":\"Pagrindinis\",\"item\":\"https:\\\/\\\/kidsplay.lt\\\/\"},{\"@type\":\"ListItem\",\"position\":2,\"name\":\"Parduotuv\u0117\",\"item\":\"https:\\\/\\\/kidsplay.lt\\\/parduotuve\\\/\"},{\"@type\":\"ListItem\",\"position\":3,\"name\":\"MASTERKIDZ Permatomi skai\u010diai\"}]},{\"@type\":\"WebSite\",\"@id\":\"https:\\\/\\\/kidsplay.lt\\\/#website\",\"url\":\"https:\\\/\\\/kidsplay.lt\\\/\",\"name\":\"Kidsplay.lt\",\"description\":\"\u012evairios prek\u0117s vaikams\",\"publisher\":{\"@id\":\"https:\\\/\\\/kidsplay.lt\\\/#organization\"},\"alternateName\":\"Kidsplay\",\"potentialAction\":[{\"@type\":\"SearchAction\",\"target\":{\"@type\":\"EntryPoint\",\"urlTemplate\":\"https:\\\/\\\/kidsplay.lt\\\/?s={search_term_string}\"},\"query-input\":{\"@type\":\"PropertyValueSpecification\",\"valueRequired\":true,\"valueName\":\"search_term_string\"}}],\"inLanguage\":\"lv-LV\"},{\"@type\":\"Organization\",\"@id\":\"https:\\\/\\\/kidsplay.lt\\\/#organization\",\"name\":\"KidsPlay\",\"url\":\"https:\\\/\\\/kidsplay.lt\\\/\",\"logo\":{\"@type\":\"ImageObject\",\"inLanguage\":\"lv-LV\",\"@id\":\"https:\\\/\\\/kidsplay.lt\\\/#\\\/schema\\\/logo\\\/image\\\/\",\"url\":\"https:\\\/\\\/kidsplay.lt\\\/wp-content\\\/uploads\\\/2023\\\/07\\\/kidsplay-logo.png\",\"contentUrl\":\"https:\\\/\\\/kidsplay.lt\\\/wp-content\\\/uploads\\\/2023\\\/07\\\/kidsplay-logo.png\",\"width\":451,\"height\":98,\"caption\":\"KidsPlay\"},\"image\":{\"@id\":\"https:\\\/\\\/kidsplay.lt\\\/#\\\/schema\\\/logo\\\/image\\\/\"},\"sameAs\":[\"https:\\\/\\\/www.facebook.com\\\/www.kidsplay.lt\"]}]}<\/script>\n<!-- \/ Yoast SEO plugin. -->","yoast_head_json":{"title":"MASTERKIDZ Permatomi skai\u010diai","description":"MASTERKIDZ Permatomi skai\u010diai - KidsPlay. Did\u017eiausias vaik\u0173 \u017eaisl\u0173 pasirinkimas.","robots":{"index":"index","follow":"follow","max-snippet":"max-snippet:-1","max-image-preview":"max-image-preview:large","max-video-preview":"max-video-preview:-1"},"canonical":"https:\/\/kidsplay.lt\/lv\/products\/masterkidz-permatomi-skaiciai\/","og_locale":"lv_LV","og_type":"article","og_title":"MASTERKIDZ Permatomi skai\u010diai","og_description":"MASTERKIDZ Permatomi skai\u010diai - KidsPlay. Did\u017eiausias vaik\u0173 \u017eaisl\u0173 pasirinkimas.","og_url":"https:\/\/kidsplay.lt\/lv\/products\/masterkidz-permatomi-skaiciai\/","og_site_name":"KidsPlay","article_publisher":"https:\/\/www.facebook.com\/www.kidsplay.lt","article_modified_time":"2026-04-07T06:27:42+00:00","og_image":[{"width":1000,"height":1000,"url":"https:\/\/kidsplay.lt\/wp-content\/uploads\/2026\/04\/MASTERKIDZ-Permatomi-skaiciai.jpg","type":"image\/jpeg"}],"twitter_card":"summary_large_image","twitter_misc":{"Est. reading time":"1 min\u016bte"},"schema":{"@context":"https:\/\/schema.org","@graph":[{"@type":"WebPage","@id":"https:\/\/kidsplay.lt\/produktas\/masterkidz-permatomi-skaiciai\/","url":"https:\/\/kidsplay.lt\/produktas\/masterkidz-permatomi-skaiciai\/","name":"MASTERKIDZ Permatomi skai\u010diai","isPartOf":{"@id":"https:\/\/kidsplay.lt\/#website"},"primaryImageOfPage":{"@id":"https:\/\/kidsplay.lt\/produktas\/masterkidz-permatomi-skaiciai\/#primaryimage"},"image":{"@id":"https:\/\/kidsplay.lt\/produktas\/masterkidz-permatomi-skaiciai\/#primaryimage"},"thumbnailUrl":"https:\/\/kidsplay.lt\/wp-content\/uploads\/2026\/04\/MASTERKIDZ-Permatomi-skaiciai.jpg","datePublished":"2026-04-02T05:30:46+00:00","dateModified":"2026-04-07T06:27:42+00:00","description":"MASTERKIDZ Permatomi skai\u010diai - KidsPlay. Did\u017eiausias vaik\u0173 \u017eaisl\u0173 pasirinkimas.","breadcrumb":{"@id":"https:\/\/kidsplay.lt\/produktas\/masterkidz-permatomi-skaiciai\/#breadcrumb"},"inLanguage":"lv-LV","potentialAction":[{"@type":"ReadAction","target":["https:\/\/kidsplay.lt\/produktas\/masterkidz-permatomi-skaiciai\/"]}]},{"@type":"ImageObject","inLanguage":"lv-LV","@id":"https:\/\/kidsplay.lt\/produktas\/masterkidz-permatomi-skaiciai\/#primaryimage","url":"https:\/\/kidsplay.lt\/wp-content\/uploads\/2026\/04\/MASTERKIDZ-Permatomi-skaiciai.jpg","contentUrl":"https:\/\/kidsplay.lt\/wp-content\/uploads\/2026\/04\/MASTERKIDZ-Permatomi-skaiciai.jpg","width":1000,"height":1000,"caption":"MASTERKIDZ Permatomi skai\u010diai"},{"@type":"BreadcrumbList","@id":"https:\/\/kidsplay.lt\/produktas\/masterkidz-permatomi-skaiciai\/#breadcrumb","itemListElement":[{"@type":"ListItem","position":1,"name":"Pagrindinis","item":"https:\/\/kidsplay.lt\/"},{"@type":"ListItem","position":2,"name":"Parduotuv\u0117","item":"https:\/\/kidsplay.lt\/parduotuve\/"},{"@type":"ListItem","position":3,"name":"MASTERKIDZ Permatomi skai\u010diai"}]},{"@type":"WebSite","@id":"https:\/\/kidsplay.lt\/#website","url":"https:\/\/kidsplay.lt\/","name":"B\u0113rnu sp\u0113les.lv","description":"\u012evairios prek\u0117s vaikams","publisher":{"@id":"https:\/\/kidsplay.lt\/#organization"},"alternateName":"Kidsplay","potentialAction":[{"@type":"SearchAction","target":{"@type":"EntryPoint","urlTemplate":"https:\/\/kidsplay.lt\/?s={search_term_string}"},"query-input":{"@type":"PropertyValueSpecification","valueRequired":true,"valueName":"search_term_string"}}],"inLanguage":"lv-LV"},{"@type":"Organization","@id":"https:\/\/kidsplay.lt\/#organization","name":"B\u0113rnu sp\u0113le","url":"https:\/\/kidsplay.lt\/","logo":{"@type":"ImageObject","inLanguage":"lv-LV","@id":"https:\/\/kidsplay.lt\/#\/schema\/logo\/image\/","url":"https:\/\/kidsplay.lt\/wp-content\/uploads\/2023\/07\/kidsplay-logo.png","contentUrl":"https:\/\/kidsplay.lt\/wp-content\/uploads\/2023\/07\/kidsplay-logo.png","width":451,"height":98,"caption":"KidsPlay"},"image":{"@id":"https:\/\/kidsplay.lt\/#\/schema\/logo\/image\/"},"sameAs":["https:\/\/www.facebook.com\/www.kidsplay.lt"]}]}},"_links":{"self":[{"href":"https:\/\/kidsplay.lt\/lv\/wp-json\/wp\/v2\/product\/98362","targetHints":{"allow":["GET"]}}],"collection":[{"href":"https:\/\/kidsplay.lt\/lv\/wp-json\/wp\/v2\/product"}],"about":[{"href":"https:\/\/kidsplay.lt\/lv\/wp-json\/wp\/v2\/types\/product"}],"version-history":[{"count":1,"href":"https:\/\/kidsplay.lt\/lv\/wp-json\/wp\/v2\/product\/98362\/revisions"}],"predecessor-version":[{"id":98363,"href":"https:\/\/kidsplay.lt\/lv\/wp-json\/wp\/v2\/product\/98362\/revisions\/98363"}],"wp:featuredmedia":[{"embeddable":true,"href":"https:\/\/kidsplay.lt\/lv\/wp-json\/wp\/v2\/media\/98364"}],"wp:attachment":[{"href":"https:\/\/kidsplay.lt\/lv\/wp-json\/wp\/v2\/media?parent=98362"}],"wp:term":[{"taxonomy":"product_brand","embeddable":true,"href":"https:\/\/kidsplay.lt\/lv\/wp-json\/wp\/v2\/product_brand?post=98362"},{"taxonomy":"product_cat","embeddable":true,"href":"https:\/\/kidsplay.lt\/lv\/wp-json\/wp\/v2\/product_cat?post=98362"},{"taxonomy":"product_tag","embeddable":true,"href":"https:\/\/kidsplay.lt\/lv\/wp-json\/wp\/v2\/product_tag?post=98362"}],"curies":[{"name":"wp","href":"https:\/\/api.w.org\/{rel}","templated":true}]}}