{"id":98375,"date":"2026-04-02T08:31:29","date_gmt":"2026-04-02T05:31:29","guid":{"rendered":"https:\/\/kidsplay.lt\/produktas\/axi-mitch-zaidimu-bokstas-didele-medine-zaidimu-aikstele-su-ciuozykla-supynemis-laipiojimo-siena-ir-bokstu\/"},"modified":"2026-04-13T13:46:36","modified_gmt":"2026-04-13T10:46:36","slug":"axi-mitch-zaidimu-bokstas-didele-medine-zaidimu-aikstele-su-ciuozykla-supynemis-laipiojimo-siena-ir-bokstu","status":"publish","type":"product","link":"https:\/\/kidsplay.lt\/lv\/products\/axi-mitch-zaidimu-bokstas-didele-medine-zaidimu-aikstele-su-ciuozykla-supynemis-laipiojimo-siena-ir-bokstu\/","title":{"rendered":"AXI Mitch \u017eaidim\u0173 bok\u0161tas \u2013 didel\u0117 medin\u0117 \u017eaidim\u0173 aik\u0161tel\u0117 su \u010diuo\u017eykla, s\u016bpyn\u0117mis, laipiojimo siena ir bok\u0161tu"},"content":{"rendered":"<p>\u2714 Daugiafunkcis \u017eaidim\u0173 rinkinys, apjungiantis s\u016bpynes, \u010diuo\u017eykl\u0105, steb\u0117jimo bok\u0161t\u0105, trapez\u0105 ir sm\u0117lio d\u0117\u017e\u0119<br \/>\n\u2714 100\u202f% FSC sertifikuota kedro mediena \u2013 atspari oro s\u0105lygoms, nereikalaujanti prie\u017ei\u016bros ir neskaidanti medienos<br \/>\n\u2714 Ekologi\u0161ka vandens pagrindo impregnavimo danga<br \/>\n\u2714 CE sertifikatas, atitinka EN 71 standartus<br \/>\nRaksturojums:<\/p>\n<p> \t220 cm \u010diuo\u017eykla su galimybe prijungti vanden\u012f<br \/>\n \tSm\u0117lio d\u0117\u017e\u0117 po bok\u0161tu \u2013 talpina iki 100 kg sm\u0117lio<br \/>\n \tDvigubos s\u016bpyn\u0117s \u2013 auk\u0161tis reguliuojamas<br \/>\n \tGimnastikos trapezas<br \/>\n \tSteb\u0117jimo bok\u0161tas su teleskopu<br \/>\n \tLaipiojimo siena<br \/>\n \tLaipiojimo kop\u0117\u010dios ir \u201ebe\u017ed\u017eioni\u0173\u201c tur\u0117klai<br \/>\n \tMaksimali apkrova: 200 kg, gali vienu metu talpinti iki 5 vaik\u0173<\/p>\n<p>Tehniskie dati:<\/p>\n<p> \t\u017daidim\u0173 aik\u0161tel\u0117s matmenys (Ilgis x Plotis x Auk\u0161tis): 482 x 500 x 338 cm<br \/>\n \tBok\u0161to matmenys: 89,5 x 80 x 202,5 cm<br \/>\n \tPlatformos auk\u0161tis: 120 cm<br \/>\n \t\u010ciuo\u017eyklos ilgis: 220 cm<br \/>\n \tSm\u0117lio d\u0117\u017e\u0117: 158 x 80 x 8,6 cm<br \/>\n \tS\u016bpyni\u0173 matmenys: 44 x 17,5 cm<\/p>","protected":false},"excerpt":{"rendered":"<p>\u2714 Daugiafunkcis \u017eaidim\u0173 rinkinys, apjungiantis s\u016bpynes, \u010diuo\u017eykl\u0105, steb\u0117jimo bok\u0161t\u0105, trapez\u0105 ir sm\u0117lio d\u0117\u017e\u0119 \u2714 100\u202f% FSC sertifikuota kedro mediena \u2013<\/p>","protected":false},"featured_media":98377,"template":"","meta":{"_acf_changed":false,"_glsr_average":0,"_glsr_ranking":0,"_glsr_reviews":0},"product_brand":[],"product_cat":[233,382],"product_tag":[],"class_list":{"0":"post-98375","1":"product","2":"type-product","3":"status-publish","4":"has-post-thumbnail","6":"product_cat-lauko-pramogos","7":"product_cat-zaidimu-aiksteles","8":"\"style=\"background-color: #2ecc711c;\"","10":"first","11":"instock","12":"purchasable","13":"product-type-simple"},"acf":[],"yoast_head":"<!-- This site is optimized with the Yoast SEO plugin v27.3 - https:\/\/yoast.com\/product\/yoast-seo-wordpress\/ -->\n<title>AXI Mitch \u017eaidim\u0173 bok\u0161tas \u2013 didel\u0117 medin\u0117 \u017eaidim\u0173 aik\u0161tel\u0117 su \u010diuo\u017eykla, s\u016bpyn\u0117mis, laipiojimo siena ir bok\u0161tu<\/title>\n<meta name=\"description\" content=\"AXI Mitch \u017eaidim\u0173 bok\u0161tas \u2013 didel\u0117 medin\u0117 \u017eaidim\u0173 aik\u0161tel\u0117 su \u010diuo\u017eykla, s\u016bpyn\u0117mis, laipiojimo siena ir bok\u0161tu - KidsPlay. Did\u017eiausias vaik\u0173 \u017eaisl\u0173 pasirinkimas.\" \/>\n<meta name=\"robots\" content=\"index, follow, max-snippet:-1, max-image-preview:large, max-video-preview:-1\" \/>\n<link rel=\"canonical\" href=\"https:\/\/kidsplay.lt\/lv\/products\/axi-mitch-zaidimu-bokstas-didele-medine-zaidimu-aikstele-su-ciuozykla-supynemis-laipiojimo-siena-ir-bokstu\/\" \/>\n<meta property=\"og:locale\" content=\"lv_LV\" \/>\n<meta property=\"og:type\" content=\"article\" \/>\n<meta property=\"og:title\" content=\"AXI Mitch \u017eaidim\u0173 bok\u0161tas \u2013 didel\u0117 medin\u0117 \u017eaidim\u0173 aik\u0161tel\u0117 su \u010diuo\u017eykla, s\u016bpyn\u0117mis, laipiojimo siena ir bok\u0161tu\" \/>\n<meta property=\"og:description\" content=\"AXI Mitch \u017eaidim\u0173 bok\u0161tas \u2013 didel\u0117 medin\u0117 \u017eaidim\u0173 aik\u0161tel\u0117 su \u010diuo\u017eykla, s\u016bpyn\u0117mis, laipiojimo siena ir bok\u0161tu - KidsPlay. Did\u017eiausias vaik\u0173 \u017eaisl\u0173 pasirinkimas.\" \/>\n<meta property=\"og:url\" content=\"https:\/\/kidsplay.lt\/lv\/products\/axi-mitch-zaidimu-bokstas-didele-medine-zaidimu-aikstele-su-ciuozykla-supynemis-laipiojimo-siena-ir-bokstu\/\" \/>\n<meta property=\"og:site_name\" content=\"KidsPlay\" \/>\n<meta property=\"article:publisher\" content=\"https:\/\/www.facebook.com\/www.kidsplay.lt\" \/>\n<meta property=\"article:modified_time\" content=\"2026-04-13T10:46:36+00:00\" \/>\n<meta property=\"og:image\" content=\"https:\/\/kidsplay.lt\/wp-content\/uploads\/2026\/04\/AXI-Mitch-zaidimu-bokstas-\u2013-didele-medine-zaidimu-aikstele-su-ciuozykla-supynemis-laipiojimo-siena-ir-bokstu.jpg\" \/>\n\t<meta property=\"og:image:width\" content=\"1000\" \/>\n\t<meta property=\"og:image:height\" content=\"1000\" \/>\n\t<meta property=\"og:image:type\" content=\"image\/jpeg\" \/>\n<meta name=\"twitter:card\" content=\"summary_large_image\" \/>\n<meta name=\"twitter:label1\" content=\"Est. reading time\" \/>\n\t<meta name=\"twitter:data1\" content=\"1 min\u016bte\" \/>\n<script type=\"application\/ld+json\" class=\"yoast-schema-graph\">{\"@context\":\"https:\\\/\\\/schema.org\",\"@graph\":[{\"@type\":\"WebPage\",\"@id\":\"https:\\\/\\\/kidsplay.lt\\\/produktas\\\/axi-mitch-zaidimu-bokstas-didele-medine-zaidimu-aikstele-su-ciuozykla-supynemis-laipiojimo-siena-ir-bokstu\\\/\",\"url\":\"https:\\\/\\\/kidsplay.lt\\\/produktas\\\/axi-mitch-zaidimu-bokstas-didele-medine-zaidimu-aikstele-su-ciuozykla-supynemis-laipiojimo-siena-ir-bokstu\\\/\",\"name\":\"AXI Mitch \u017eaidim\u0173 bok\u0161tas \u2013 didel\u0117 medin\u0117 \u017eaidim\u0173 aik\u0161tel\u0117 su \u010diuo\u017eykla, s\u016bpyn\u0117mis, laipiojimo siena ir bok\u0161tu\",\"isPartOf\":{\"@id\":\"https:\\\/\\\/kidsplay.lt\\\/#website\"},\"primaryImageOfPage\":{\"@id\":\"https:\\\/\\\/kidsplay.lt\\\/produktas\\\/axi-mitch-zaidimu-bokstas-didele-medine-zaidimu-aikstele-su-ciuozykla-supynemis-laipiojimo-siena-ir-bokstu\\\/#primaryimage\"},\"image\":{\"@id\":\"https:\\\/\\\/kidsplay.lt\\\/produktas\\\/axi-mitch-zaidimu-bokstas-didele-medine-zaidimu-aikstele-su-ciuozykla-supynemis-laipiojimo-siena-ir-bokstu\\\/#primaryimage\"},\"thumbnailUrl\":\"https:\\\/\\\/kidsplay.lt\\\/wp-content\\\/uploads\\\/2026\\\/04\\\/AXI-Mitch-zaidimu-bokstas-\u2013-didele-medine-zaidimu-aikstele-su-ciuozykla-supynemis-laipiojimo-siena-ir-bokstu.jpg\",\"datePublished\":\"2026-04-02T05:31:29+00:00\",\"dateModified\":\"2026-04-13T10:46:36+00:00\",\"description\":\"AXI Mitch \u017eaidim\u0173 bok\u0161tas \u2013 didel\u0117 medin\u0117 \u017eaidim\u0173 aik\u0161tel\u0117 su \u010diuo\u017eykla, s\u016bpyn\u0117mis, laipiojimo siena ir bok\u0161tu - KidsPlay. Did\u017eiausias vaik\u0173 \u017eaisl\u0173 pasirinkimas.\",\"breadcrumb\":{\"@id\":\"https:\\\/\\\/kidsplay.lt\\\/produktas\\\/axi-mitch-zaidimu-bokstas-didele-medine-zaidimu-aikstele-su-ciuozykla-supynemis-laipiojimo-siena-ir-bokstu\\\/#breadcrumb\"},\"inLanguage\":\"lv-LV\",\"potentialAction\":[{\"@type\":\"ReadAction\",\"target\":[\"https:\\\/\\\/kidsplay.lt\\\/produktas\\\/axi-mitch-zaidimu-bokstas-didele-medine-zaidimu-aikstele-su-ciuozykla-supynemis-laipiojimo-siena-ir-bokstu\\\/\"]}]},{\"@type\":\"ImageObject\",\"inLanguage\":\"lv-LV\",\"@id\":\"https:\\\/\\\/kidsplay.lt\\\/produktas\\\/axi-mitch-zaidimu-bokstas-didele-medine-zaidimu-aikstele-su-ciuozykla-supynemis-laipiojimo-siena-ir-bokstu\\\/#primaryimage\",\"url\":\"https:\\\/\\\/kidsplay.lt\\\/wp-content\\\/uploads\\\/2026\\\/04\\\/AXI-Mitch-zaidimu-bokstas-\u2013-didele-medine-zaidimu-aikstele-su-ciuozykla-supynemis-laipiojimo-siena-ir-bokstu.jpg\",\"contentUrl\":\"https:\\\/\\\/kidsplay.lt\\\/wp-content\\\/uploads\\\/2026\\\/04\\\/AXI-Mitch-zaidimu-bokstas-\u2013-didele-medine-zaidimu-aikstele-su-ciuozykla-supynemis-laipiojimo-siena-ir-bokstu.jpg\",\"width\":1000,\"height\":1000,\"caption\":\"AXI Mitch \u017eaidim\u0173 bok\u0161tas \u2013 didel\u0117 medin\u0117 \u017eaidim\u0173 aik\u0161tel\u0117 su \u010diuo\u017eykla\"},{\"@type\":\"BreadcrumbList\",\"@id\":\"https:\\\/\\\/kidsplay.lt\\\/produktas\\\/axi-mitch-zaidimu-bokstas-didele-medine-zaidimu-aikstele-su-ciuozykla-supynemis-laipiojimo-siena-ir-bokstu\\\/#breadcrumb\",\"itemListElement\":[{\"@type\":\"ListItem\",\"position\":1,\"name\":\"Pagrindinis\",\"item\":\"https:\\\/\\\/kidsplay.lt\\\/\"},{\"@type\":\"ListItem\",\"position\":2,\"name\":\"Parduotuv\u0117\",\"item\":\"https:\\\/\\\/kidsplay.lt\\\/parduotuve\\\/\"},{\"@type\":\"ListItem\",\"position\":3,\"name\":\"AXI Mitch \u017eaidim\u0173 bok\u0161tas \u2013 didel\u0117 medin\u0117 \u017eaidim\u0173 aik\u0161tel\u0117 su \u010diuo\u017eykla, s\u016bpyn\u0117mis, laipiojimo siena ir bok\u0161tu\"}]},{\"@type\":\"WebSite\",\"@id\":\"https:\\\/\\\/kidsplay.lt\\\/#website\",\"url\":\"https:\\\/\\\/kidsplay.lt\\\/\",\"name\":\"Kidsplay.lt\",\"description\":\"\u012evairios prek\u0117s vaikams\",\"publisher\":{\"@id\":\"https:\\\/\\\/kidsplay.lt\\\/#organization\"},\"alternateName\":\"Kidsplay\",\"potentialAction\":[{\"@type\":\"SearchAction\",\"target\":{\"@type\":\"EntryPoint\",\"urlTemplate\":\"https:\\\/\\\/kidsplay.lt\\\/?s={search_term_string}\"},\"query-input\":{\"@type\":\"PropertyValueSpecification\",\"valueRequired\":true,\"valueName\":\"search_term_string\"}}],\"inLanguage\":\"lv-LV\"},{\"@type\":\"Organization\",\"@id\":\"https:\\\/\\\/kidsplay.lt\\\/#organization\",\"name\":\"KidsPlay\",\"url\":\"https:\\\/\\\/kidsplay.lt\\\/\",\"logo\":{\"@type\":\"ImageObject\",\"inLanguage\":\"lv-LV\",\"@id\":\"https:\\\/\\\/kidsplay.lt\\\/#\\\/schema\\\/logo\\\/image\\\/\",\"url\":\"https:\\\/\\\/kidsplay.lt\\\/wp-content\\\/uploads\\\/2023\\\/07\\\/kidsplay-logo.png\",\"contentUrl\":\"https:\\\/\\\/kidsplay.lt\\\/wp-content\\\/uploads\\\/2023\\\/07\\\/kidsplay-logo.png\",\"width\":451,\"height\":98,\"caption\":\"KidsPlay\"},\"image\":{\"@id\":\"https:\\\/\\\/kidsplay.lt\\\/#\\\/schema\\\/logo\\\/image\\\/\"},\"sameAs\":[\"https:\\\/\\\/www.facebook.com\\\/www.kidsplay.lt\"]}]}<\/script>\n<!-- \/ Yoast SEO plugin. -->","yoast_head_json":{"title":"AXI Mitch \u017eaidim\u0173 bok\u0161tas \u2013 didel\u0117 medin\u0117 \u017eaidim\u0173 aik\u0161tel\u0117 su \u010diuo\u017eykla, s\u016bpyn\u0117mis, laipiojimo siena ir bok\u0161tu","description":"AXI Mitch \u017eaidim\u0173 bok\u0161tas \u2013 didel\u0117 medin\u0117 \u017eaidim\u0173 aik\u0161tel\u0117 su \u010diuo\u017eykla, s\u016bpyn\u0117mis, laipiojimo siena ir bok\u0161tu - KidsPlay. Did\u017eiausias vaik\u0173 \u017eaisl\u0173 pasirinkimas.","robots":{"index":"index","follow":"follow","max-snippet":"max-snippet:-1","max-image-preview":"max-image-preview:large","max-video-preview":"max-video-preview:-1"},"canonical":"https:\/\/kidsplay.lt\/lv\/products\/axi-mitch-zaidimu-bokstas-didele-medine-zaidimu-aikstele-su-ciuozykla-supynemis-laipiojimo-siena-ir-bokstu\/","og_locale":"lv_LV","og_type":"article","og_title":"AXI Mitch \u017eaidim\u0173 bok\u0161tas \u2013 didel\u0117 medin\u0117 \u017eaidim\u0173 aik\u0161tel\u0117 su \u010diuo\u017eykla, s\u016bpyn\u0117mis, laipiojimo siena ir bok\u0161tu","og_description":"AXI Mitch \u017eaidim\u0173 bok\u0161tas \u2013 didel\u0117 medin\u0117 \u017eaidim\u0173 aik\u0161tel\u0117 su \u010diuo\u017eykla, s\u016bpyn\u0117mis, laipiojimo siena ir bok\u0161tu - KidsPlay. Did\u017eiausias vaik\u0173 \u017eaisl\u0173 pasirinkimas.","og_url":"https:\/\/kidsplay.lt\/lv\/products\/axi-mitch-zaidimu-bokstas-didele-medine-zaidimu-aikstele-su-ciuozykla-supynemis-laipiojimo-siena-ir-bokstu\/","og_site_name":"KidsPlay","article_publisher":"https:\/\/www.facebook.com\/www.kidsplay.lt","article_modified_time":"2026-04-13T10:46:36+00:00","og_image":[{"width":1000,"height":1000,"url":"https:\/\/kidsplay.lt\/wp-content\/uploads\/2026\/04\/AXI-Mitch-zaidimu-bokstas-\u2013-didele-medine-zaidimu-aikstele-su-ciuozykla-supynemis-laipiojimo-siena-ir-bokstu.jpg","type":"image\/jpeg"}],"twitter_card":"summary_large_image","twitter_misc":{"Est. reading time":"1 min\u016bte"},"schema":{"@context":"https:\/\/schema.org","@graph":[{"@type":"WebPage","@id":"https:\/\/kidsplay.lt\/produktas\/axi-mitch-zaidimu-bokstas-didele-medine-zaidimu-aikstele-su-ciuozykla-supynemis-laipiojimo-siena-ir-bokstu\/","url":"https:\/\/kidsplay.lt\/produktas\/axi-mitch-zaidimu-bokstas-didele-medine-zaidimu-aikstele-su-ciuozykla-supynemis-laipiojimo-siena-ir-bokstu\/","name":"AXI Mitch \u017eaidim\u0173 bok\u0161tas \u2013 didel\u0117 medin\u0117 \u017eaidim\u0173 aik\u0161tel\u0117 su \u010diuo\u017eykla, s\u016bpyn\u0117mis, laipiojimo siena ir bok\u0161tu","isPartOf":{"@id":"https:\/\/kidsplay.lt\/#website"},"primaryImageOfPage":{"@id":"https:\/\/kidsplay.lt\/produktas\/axi-mitch-zaidimu-bokstas-didele-medine-zaidimu-aikstele-su-ciuozykla-supynemis-laipiojimo-siena-ir-bokstu\/#primaryimage"},"image":{"@id":"https:\/\/kidsplay.lt\/produktas\/axi-mitch-zaidimu-bokstas-didele-medine-zaidimu-aikstele-su-ciuozykla-supynemis-laipiojimo-siena-ir-bokstu\/#primaryimage"},"thumbnailUrl":"https:\/\/kidsplay.lt\/wp-content\/uploads\/2026\/04\/AXI-Mitch-zaidimu-bokstas-\u2013-didele-medine-zaidimu-aikstele-su-ciuozykla-supynemis-laipiojimo-siena-ir-bokstu.jpg","datePublished":"2026-04-02T05:31:29+00:00","dateModified":"2026-04-13T10:46:36+00:00","description":"AXI Mitch \u017eaidim\u0173 bok\u0161tas \u2013 didel\u0117 medin\u0117 \u017eaidim\u0173 aik\u0161tel\u0117 su \u010diuo\u017eykla, s\u016bpyn\u0117mis, laipiojimo siena ir bok\u0161tu - KidsPlay. Did\u017eiausias vaik\u0173 \u017eaisl\u0173 pasirinkimas.","breadcrumb":{"@id":"https:\/\/kidsplay.lt\/produktas\/axi-mitch-zaidimu-bokstas-didele-medine-zaidimu-aikstele-su-ciuozykla-supynemis-laipiojimo-siena-ir-bokstu\/#breadcrumb"},"inLanguage":"lv-LV","potentialAction":[{"@type":"ReadAction","target":["https:\/\/kidsplay.lt\/produktas\/axi-mitch-zaidimu-bokstas-didele-medine-zaidimu-aikstele-su-ciuozykla-supynemis-laipiojimo-siena-ir-bokstu\/"]}]},{"@type":"ImageObject","inLanguage":"lv-LV","@id":"https:\/\/kidsplay.lt\/produktas\/axi-mitch-zaidimu-bokstas-didele-medine-zaidimu-aikstele-su-ciuozykla-supynemis-laipiojimo-siena-ir-bokstu\/#primaryimage","url":"https:\/\/kidsplay.lt\/wp-content\/uploads\/2026\/04\/AXI-Mitch-zaidimu-bokstas-\u2013-didele-medine-zaidimu-aikstele-su-ciuozykla-supynemis-laipiojimo-siena-ir-bokstu.jpg","contentUrl":"https:\/\/kidsplay.lt\/wp-content\/uploads\/2026\/04\/AXI-Mitch-zaidimu-bokstas-\u2013-didele-medine-zaidimu-aikstele-su-ciuozykla-supynemis-laipiojimo-siena-ir-bokstu.jpg","width":1000,"height":1000,"caption":"AXI Mitch \u017eaidim\u0173 bok\u0161tas \u2013 didel\u0117 medin\u0117 \u017eaidim\u0173 aik\u0161tel\u0117 su \u010diuo\u017eykla"},{"@type":"BreadcrumbList","@id":"https:\/\/kidsplay.lt\/produktas\/axi-mitch-zaidimu-bokstas-didele-medine-zaidimu-aikstele-su-ciuozykla-supynemis-laipiojimo-siena-ir-bokstu\/#breadcrumb","itemListElement":[{"@type":"ListItem","position":1,"name":"Pagrindinis","item":"https:\/\/kidsplay.lt\/"},{"@type":"ListItem","position":2,"name":"Parduotuv\u0117","item":"https:\/\/kidsplay.lt\/parduotuve\/"},{"@type":"ListItem","position":3,"name":"AXI Mitch \u017eaidim\u0173 bok\u0161tas \u2013 didel\u0117 medin\u0117 \u017eaidim\u0173 aik\u0161tel\u0117 su \u010diuo\u017eykla, s\u016bpyn\u0117mis, laipiojimo siena ir bok\u0161tu"}]},{"@type":"WebSite","@id":"https:\/\/kidsplay.lt\/#website","url":"https:\/\/kidsplay.lt\/","name":"B\u0113rnu sp\u0113les.lv","description":"\u012evairios prek\u0117s vaikams","publisher":{"@id":"https:\/\/kidsplay.lt\/#organization"},"alternateName":"Kidsplay","potentialAction":[{"@type":"SearchAction","target":{"@type":"EntryPoint","urlTemplate":"https:\/\/kidsplay.lt\/?s={search_term_string}"},"query-input":{"@type":"PropertyValueSpecification","valueRequired":true,"valueName":"search_term_string"}}],"inLanguage":"lv-LV"},{"@type":"Organization","@id":"https:\/\/kidsplay.lt\/#organization","name":"B\u0113rnu sp\u0113le","url":"https:\/\/kidsplay.lt\/","logo":{"@type":"ImageObject","inLanguage":"lv-LV","@id":"https:\/\/kidsplay.lt\/#\/schema\/logo\/image\/","url":"https:\/\/kidsplay.lt\/wp-content\/uploads\/2023\/07\/kidsplay-logo.png","contentUrl":"https:\/\/kidsplay.lt\/wp-content\/uploads\/2023\/07\/kidsplay-logo.png","width":451,"height":98,"caption":"KidsPlay"},"image":{"@id":"https:\/\/kidsplay.lt\/#\/schema\/logo\/image\/"},"sameAs":["https:\/\/www.facebook.com\/www.kidsplay.lt"]}]}},"_links":{"self":[{"href":"https:\/\/kidsplay.lt\/lv\/wp-json\/wp\/v2\/product\/98375","targetHints":{"allow":["GET"]}}],"collection":[{"href":"https:\/\/kidsplay.lt\/lv\/wp-json\/wp\/v2\/product"}],"about":[{"href":"https:\/\/kidsplay.lt\/lv\/wp-json\/wp\/v2\/types\/product"}],"version-history":[{"count":1,"href":"https:\/\/kidsplay.lt\/lv\/wp-json\/wp\/v2\/product\/98375\/revisions"}],"predecessor-version":[{"id":98376,"href":"https:\/\/kidsplay.lt\/lv\/wp-json\/wp\/v2\/product\/98375\/revisions\/98376"}],"wp:featuredmedia":[{"embeddable":true,"href":"https:\/\/kidsplay.lt\/lv\/wp-json\/wp\/v2\/media\/98377"}],"wp:attachment":[{"href":"https:\/\/kidsplay.lt\/lv\/wp-json\/wp\/v2\/media?parent=98375"}],"wp:term":[{"taxonomy":"product_brand","embeddable":true,"href":"https:\/\/kidsplay.lt\/lv\/wp-json\/wp\/v2\/product_brand?post=98375"},{"taxonomy":"product_cat","embeddable":true,"href":"https:\/\/kidsplay.lt\/lv\/wp-json\/wp\/v2\/product_cat?post=98375"},{"taxonomy":"product_tag","embeddable":true,"href":"https:\/\/kidsplay.lt\/lv\/wp-json\/wp\/v2\/product_tag?post=98375"}],"curies":[{"name":"wp","href":"https:\/\/api.w.org\/{rel}","templated":true}]}}