{"id":98382,"date":"2026-04-02T08:31:49","date_gmt":"2026-04-02T05:31:49","guid":{"rendered":"https:\/\/kidsplay.lt\/produktas\/step2-splish-splash-seas-vandens-stalas-su-sala-ir-priedais\/"},"modified":"2026-04-13T13:46:40","modified_gmt":"2026-04-13T10:46:40","slug":"step2-splish-splash-seas-vandens-stalas-su-sala-ir-priedais","status":"publish","type":"product","link":"https:\/\/kidsplay.lt\/lv\/products\/step2-splish-splash-seas-vandens-stalas-su-sala-ir-priedais\/","title":{"rendered":"2.\u00a0solis. Splash Seas \u016bdens galds ar salu un piederumiem."},"content":{"rendered":"<p>Nuostabus \u201eSplish Splash Seas Water Table\u2122\u201c vandens \u017eaidim\u0173 rinkinys yra i\u0161skirtinis Step2 produktas, kuris suteiks daugyb\u0119 valand\u0173 smagaus lauko \u017eaidimo. Jo centre yra sala su palm\u0117s med\u017eiu ir akmen\u0173 basein\u0117liu. Vandens stalas komplektuojamas su 10 skirting\u0173 pried\u0173, u\u017etikrinan\u010di\u0173 smag\u0173 \u017eaidim\u0105 visai \u0161eimai, \u012fskaitant sraigtus ir vandens \u010diuo\u017eyklas, kurios pagerins j\u016bs\u0173 vaiko motorinius \u012fg\u016bd\u017eius ir skatins vaizduot\u0119. Apa\u010dioje esantis nutek\u0117jimo kam\u0161tis leid\u017eia lengvai i\u0161leisti vanden\u012f po \u017eaidimo. Visa rinkinys pagamintas JAV i\u0161 auk\u0161\u010diausios kokyb\u0117s med\u017eiag\u0173.<br \/>\nVandens stalas komplektuojamas su 10 pried\u0173 rinkiniu.Reikalingas suaugusi\u0173j\u0173 surinkimas.<\/p>","protected":false},"excerpt":{"rendered":"<p>Nuostabus \u201eSplish Splash Seas Water Table\u2122\u201c vandens \u017eaidim\u0173 rinkinys yra i\u0161skirtinis Step2 produktas, kuris suteiks daugyb\u0119 valand\u0173 smagaus lauko \u017eaidimo.<\/p>","protected":false},"featured_media":98384,"template":"","meta":{"_acf_changed":false,"_glsr_average":0,"_glsr_ranking":0,"_glsr_reviews":0},"product_brand":[],"product_cat":[395],"product_tag":[],"class_list":{"0":"post-98382","1":"product","2":"type-product","3":"status-publish","4":"has-post-thumbnail","6":"product_cat-vandens-ir-smelio-staliukai","7":"\"style=\"background-color: #2ecc711c;\"","9":"first","10":"instock","11":"purchasable","12":"product-type-simple"},"acf":[],"yoast_head":"<!-- This site is optimized with the Yoast SEO plugin v27.4 - https:\/\/yoast.com\/product\/yoast-seo-wordpress\/ -->\n<title>Step2 \u201eSplish Splash Seas\u201c vandens stalas su sala ir priedais.<\/title>\n<meta name=\"description\" content=\"Step2 \u201eSplish Splash Seas\u201c vandens stalas su sala ir priedais. - KidsPlay. Did\u017eiausias vaik\u0173 \u017eaisl\u0173 pasirinkimas.\" \/>\n<meta name=\"robots\" content=\"index, follow, max-snippet:-1, max-image-preview:large, max-video-preview:-1\" \/>\n<link rel=\"canonical\" href=\"https:\/\/kidsplay.lt\/lv\/products\/step2-splish-splash-seas-vandens-stalas-su-sala-ir-priedais\/\" \/>\n<meta property=\"og:locale\" content=\"lv_LV\" \/>\n<meta property=\"og:type\" content=\"article\" \/>\n<meta property=\"og:title\" content=\"Step2 \u201eSplish Splash Seas\u201c vandens stalas su sala ir priedais.\" \/>\n<meta property=\"og:description\" content=\"Step2 \u201eSplish Splash Seas\u201c vandens stalas su sala ir priedais. - KidsPlay. Did\u017eiausias vaik\u0173 \u017eaisl\u0173 pasirinkimas.\" \/>\n<meta property=\"og:url\" content=\"https:\/\/kidsplay.lt\/lv\/products\/step2-splish-splash-seas-vandens-stalas-su-sala-ir-priedais\/\" \/>\n<meta property=\"og:site_name\" content=\"KidsPlay\" \/>\n<meta property=\"article:publisher\" content=\"https:\/\/www.facebook.com\/www.kidsplay.lt\" \/>\n<meta property=\"article:modified_time\" content=\"2026-04-13T10:46:40+00:00\" \/>\n<meta property=\"og:image\" content=\"https:\/\/kidsplay.lt\/wp-content\/uploads\/2026\/04\/Step2-\u201eSplish-Splash-Seas-vandens-stalas-su-sala-ir-priedais.jpg\" \/>\n\t<meta property=\"og:image:width\" content=\"1000\" \/>\n\t<meta property=\"og:image:height\" content=\"1000\" \/>\n\t<meta property=\"og:image:type\" content=\"image\/jpeg\" \/>\n<meta name=\"twitter:card\" content=\"summary_large_image\" \/>\n<meta name=\"twitter:label1\" content=\"Est. reading time\" \/>\n\t<meta name=\"twitter:data1\" content=\"1 min\u016bte\" \/>\n<script type=\"application\/ld+json\" class=\"yoast-schema-graph\">{\"@context\":\"https:\\\/\\\/schema.org\",\"@graph\":[{\"@type\":\"WebPage\",\"@id\":\"https:\\\/\\\/kidsplay.lt\\\/produktas\\\/step2-splish-splash-seas-vandens-stalas-su-sala-ir-priedais\\\/\",\"url\":\"https:\\\/\\\/kidsplay.lt\\\/produktas\\\/step2-splish-splash-seas-vandens-stalas-su-sala-ir-priedais\\\/\",\"name\":\"Step2 \u201eSplish Splash Seas\u201c vandens stalas su sala ir priedais.\",\"isPartOf\":{\"@id\":\"https:\\\/\\\/kidsplay.lt\\\/#website\"},\"primaryImageOfPage\":{\"@id\":\"https:\\\/\\\/kidsplay.lt\\\/produktas\\\/step2-splish-splash-seas-vandens-stalas-su-sala-ir-priedais\\\/#primaryimage\"},\"image\":{\"@id\":\"https:\\\/\\\/kidsplay.lt\\\/produktas\\\/step2-splish-splash-seas-vandens-stalas-su-sala-ir-priedais\\\/#primaryimage\"},\"thumbnailUrl\":\"https:\\\/\\\/kidsplay.lt\\\/wp-content\\\/uploads\\\/2026\\\/04\\\/Step2-\u201eSplish-Splash-Seas-vandens-stalas-su-sala-ir-priedais.jpg\",\"datePublished\":\"2026-04-02T05:31:49+00:00\",\"dateModified\":\"2026-04-13T10:46:40+00:00\",\"description\":\"Step2 \u201eSplish Splash Seas\u201c vandens stalas su sala ir priedais. - KidsPlay. Did\u017eiausias vaik\u0173 \u017eaisl\u0173 pasirinkimas.\",\"breadcrumb\":{\"@id\":\"https:\\\/\\\/kidsplay.lt\\\/produktas\\\/step2-splish-splash-seas-vandens-stalas-su-sala-ir-priedais\\\/#breadcrumb\"},\"inLanguage\":\"lv-LV\",\"potentialAction\":[{\"@type\":\"ReadAction\",\"target\":[\"https:\\\/\\\/kidsplay.lt\\\/produktas\\\/step2-splish-splash-seas-vandens-stalas-su-sala-ir-priedais\\\/\"]}]},{\"@type\":\"ImageObject\",\"inLanguage\":\"lv-LV\",\"@id\":\"https:\\\/\\\/kidsplay.lt\\\/produktas\\\/step2-splish-splash-seas-vandens-stalas-su-sala-ir-priedais\\\/#primaryimage\",\"url\":\"https:\\\/\\\/kidsplay.lt\\\/wp-content\\\/uploads\\\/2026\\\/04\\\/Step2-\u201eSplish-Splash-Seas-vandens-stalas-su-sala-ir-priedais.jpg\",\"contentUrl\":\"https:\\\/\\\/kidsplay.lt\\\/wp-content\\\/uploads\\\/2026\\\/04\\\/Step2-\u201eSplish-Splash-Seas-vandens-stalas-su-sala-ir-priedais.jpg\",\"width\":1000,\"height\":1000,\"caption\":\"Step2 \u201eSplish Splash Seas\u201c vandens stalas su sala ir priedais.\"},{\"@type\":\"BreadcrumbList\",\"@id\":\"https:\\\/\\\/kidsplay.lt\\\/produktas\\\/step2-splish-splash-seas-vandens-stalas-su-sala-ir-priedais\\\/#breadcrumb\",\"itemListElement\":[{\"@type\":\"ListItem\",\"position\":1,\"name\":\"Pagrindinis\",\"item\":\"https:\\\/\\\/kidsplay.lt\\\/\"},{\"@type\":\"ListItem\",\"position\":2,\"name\":\"Parduotuv\u0117\",\"item\":\"https:\\\/\\\/kidsplay.lt\\\/parduotuve\\\/\"},{\"@type\":\"ListItem\",\"position\":3,\"name\":\"Step2 \u201eSplish Splash Seas\u201c vandens stalas su sala ir priedais.\"}]},{\"@type\":\"WebSite\",\"@id\":\"https:\\\/\\\/kidsplay.lt\\\/#website\",\"url\":\"https:\\\/\\\/kidsplay.lt\\\/\",\"name\":\"Kidsplay.lt\",\"description\":\"\u012evairios prek\u0117s vaikams\",\"publisher\":{\"@id\":\"https:\\\/\\\/kidsplay.lt\\\/#organization\"},\"alternateName\":\"Kidsplay\",\"potentialAction\":[{\"@type\":\"SearchAction\",\"target\":{\"@type\":\"EntryPoint\",\"urlTemplate\":\"https:\\\/\\\/kidsplay.lt\\\/?s={search_term_string}\"},\"query-input\":{\"@type\":\"PropertyValueSpecification\",\"valueRequired\":true,\"valueName\":\"search_term_string\"}}],\"inLanguage\":\"lv-LV\"},{\"@type\":\"Organization\",\"@id\":\"https:\\\/\\\/kidsplay.lt\\\/#organization\",\"name\":\"KidsPlay\",\"url\":\"https:\\\/\\\/kidsplay.lt\\\/\",\"logo\":{\"@type\":\"ImageObject\",\"inLanguage\":\"lv-LV\",\"@id\":\"https:\\\/\\\/kidsplay.lt\\\/#\\\/schema\\\/logo\\\/image\\\/\",\"url\":\"https:\\\/\\\/kidsplay.lt\\\/wp-content\\\/uploads\\\/2023\\\/07\\\/kidsplay-logo.png\",\"contentUrl\":\"https:\\\/\\\/kidsplay.lt\\\/wp-content\\\/uploads\\\/2023\\\/07\\\/kidsplay-logo.png\",\"width\":451,\"height\":98,\"caption\":\"KidsPlay\"},\"image\":{\"@id\":\"https:\\\/\\\/kidsplay.lt\\\/#\\\/schema\\\/logo\\\/image\\\/\"},\"sameAs\":[\"https:\\\/\\\/www.facebook.com\\\/www.kidsplay.lt\"]}]}<\/script>\n<!-- \/ Yoast SEO plugin. -->","yoast_head_json":{"title":"2.\u00a0solis. Splash Seas \u016bdens galds ar salu un piederumiem.","description":"Step2 \u201eSplish Splash Seas\u201c vandens stalas su sala ir priedais. - KidsPlay. Did\u017eiausias vaik\u0173 \u017eaisl\u0173 pasirinkimas.","robots":{"index":"index","follow":"follow","max-snippet":"max-snippet:-1","max-image-preview":"max-image-preview:large","max-video-preview":"max-video-preview:-1"},"canonical":"https:\/\/kidsplay.lt\/lv\/products\/step2-splish-splash-seas-vandens-stalas-su-sala-ir-priedais\/","og_locale":"lv_LV","og_type":"article","og_title":"Step2 \u201eSplish Splash Seas\u201c vandens stalas su sala ir priedais.","og_description":"Step2 \u201eSplish Splash Seas\u201c vandens stalas su sala ir priedais. - KidsPlay. Did\u017eiausias vaik\u0173 \u017eaisl\u0173 pasirinkimas.","og_url":"https:\/\/kidsplay.lt\/lv\/products\/step2-splish-splash-seas-vandens-stalas-su-sala-ir-priedais\/","og_site_name":"KidsPlay","article_publisher":"https:\/\/www.facebook.com\/www.kidsplay.lt","article_modified_time":"2026-04-13T10:46:40+00:00","og_image":[{"width":1000,"height":1000,"url":"https:\/\/kidsplay.lt\/wp-content\/uploads\/2026\/04\/Step2-\u201eSplish-Splash-Seas-vandens-stalas-su-sala-ir-priedais.jpg","type":"image\/jpeg"}],"twitter_card":"summary_large_image","twitter_misc":{"Est. reading time":"1 min\u016bte"},"schema":{"@context":"https:\/\/schema.org","@graph":[{"@type":"WebPage","@id":"https:\/\/kidsplay.lt\/produktas\/step2-splish-splash-seas-vandens-stalas-su-sala-ir-priedais\/","url":"https:\/\/kidsplay.lt\/produktas\/step2-splish-splash-seas-vandens-stalas-su-sala-ir-priedais\/","name":"2.\u00a0solis. Splash Seas \u016bdens galds ar salu un piederumiem.","isPartOf":{"@id":"https:\/\/kidsplay.lt\/#website"},"primaryImageOfPage":{"@id":"https:\/\/kidsplay.lt\/produktas\/step2-splish-splash-seas-vandens-stalas-su-sala-ir-priedais\/#primaryimage"},"image":{"@id":"https:\/\/kidsplay.lt\/produktas\/step2-splish-splash-seas-vandens-stalas-su-sala-ir-priedais\/#primaryimage"},"thumbnailUrl":"https:\/\/kidsplay.lt\/wp-content\/uploads\/2026\/04\/Step2-\u201eSplish-Splash-Seas-vandens-stalas-su-sala-ir-priedais.jpg","datePublished":"2026-04-02T05:31:49+00:00","dateModified":"2026-04-13T10:46:40+00:00","description":"Step2 \u201eSplish Splash Seas\u201c vandens stalas su sala ir priedais. - KidsPlay. Did\u017eiausias vaik\u0173 \u017eaisl\u0173 pasirinkimas.","breadcrumb":{"@id":"https:\/\/kidsplay.lt\/produktas\/step2-splish-splash-seas-vandens-stalas-su-sala-ir-priedais\/#breadcrumb"},"inLanguage":"lv-LV","potentialAction":[{"@type":"ReadAction","target":["https:\/\/kidsplay.lt\/produktas\/step2-splish-splash-seas-vandens-stalas-su-sala-ir-priedais\/"]}]},{"@type":"ImageObject","inLanguage":"lv-LV","@id":"https:\/\/kidsplay.lt\/produktas\/step2-splish-splash-seas-vandens-stalas-su-sala-ir-priedais\/#primaryimage","url":"https:\/\/kidsplay.lt\/wp-content\/uploads\/2026\/04\/Step2-\u201eSplish-Splash-Seas-vandens-stalas-su-sala-ir-priedais.jpg","contentUrl":"https:\/\/kidsplay.lt\/wp-content\/uploads\/2026\/04\/Step2-\u201eSplish-Splash-Seas-vandens-stalas-su-sala-ir-priedais.jpg","width":1000,"height":1000,"caption":"Step2 \u201eSplish Splash Seas\u201c vandens stalas su sala ir priedais."},{"@type":"BreadcrumbList","@id":"https:\/\/kidsplay.lt\/produktas\/step2-splish-splash-seas-vandens-stalas-su-sala-ir-priedais\/#breadcrumb","itemListElement":[{"@type":"ListItem","position":1,"name":"Pagrindinis","item":"https:\/\/kidsplay.lt\/"},{"@type":"ListItem","position":2,"name":"Parduotuv\u0117","item":"https:\/\/kidsplay.lt\/parduotuve\/"},{"@type":"ListItem","position":3,"name":"Step2 \u201eSplish Splash Seas\u201c vandens stalas su sala ir priedais."}]},{"@type":"WebSite","@id":"https:\/\/kidsplay.lt\/#website","url":"https:\/\/kidsplay.lt\/","name":"B\u0113rnu sp\u0113les.lv","description":"\u012evairios prek\u0117s vaikams","publisher":{"@id":"https:\/\/kidsplay.lt\/#organization"},"alternateName":"Kidsplay","potentialAction":[{"@type":"SearchAction","target":{"@type":"EntryPoint","urlTemplate":"https:\/\/kidsplay.lt\/?s={search_term_string}"},"query-input":{"@type":"PropertyValueSpecification","valueRequired":true,"valueName":"search_term_string"}}],"inLanguage":"lv-LV"},{"@type":"Organization","@id":"https:\/\/kidsplay.lt\/#organization","name":"B\u0113rnu sp\u0113le","url":"https:\/\/kidsplay.lt\/","logo":{"@type":"ImageObject","inLanguage":"lv-LV","@id":"https:\/\/kidsplay.lt\/#\/schema\/logo\/image\/","url":"https:\/\/kidsplay.lt\/wp-content\/uploads\/2023\/07\/kidsplay-logo.png","contentUrl":"https:\/\/kidsplay.lt\/wp-content\/uploads\/2023\/07\/kidsplay-logo.png","width":451,"height":98,"caption":"KidsPlay"},"image":{"@id":"https:\/\/kidsplay.lt\/#\/schema\/logo\/image\/"},"sameAs":["https:\/\/www.facebook.com\/www.kidsplay.lt"]}]}},"_links":{"self":[{"href":"https:\/\/kidsplay.lt\/lv\/wp-json\/wp\/v2\/product\/98382","targetHints":{"allow":["GET"]}}],"collection":[{"href":"https:\/\/kidsplay.lt\/lv\/wp-json\/wp\/v2\/product"}],"about":[{"href":"https:\/\/kidsplay.lt\/lv\/wp-json\/wp\/v2\/types\/product"}],"version-history":[{"count":1,"href":"https:\/\/kidsplay.lt\/lv\/wp-json\/wp\/v2\/product\/98382\/revisions"}],"predecessor-version":[{"id":98383,"href":"https:\/\/kidsplay.lt\/lv\/wp-json\/wp\/v2\/product\/98382\/revisions\/98383"}],"wp:featuredmedia":[{"embeddable":true,"href":"https:\/\/kidsplay.lt\/lv\/wp-json\/wp\/v2\/media\/98384"}],"wp:attachment":[{"href":"https:\/\/kidsplay.lt\/lv\/wp-json\/wp\/v2\/media?parent=98382"}],"wp:term":[{"taxonomy":"product_brand","embeddable":true,"href":"https:\/\/kidsplay.lt\/lv\/wp-json\/wp\/v2\/product_brand?post=98382"},{"taxonomy":"product_cat","embeddable":true,"href":"https:\/\/kidsplay.lt\/lv\/wp-json\/wp\/v2\/product_cat?post=98382"},{"taxonomy":"product_tag","embeddable":true,"href":"https:\/\/kidsplay.lt\/lv\/wp-json\/wp\/v2\/product_tag?post=98382"}],"curies":[{"name":"wp","href":"https:\/\/api.w.org\/{rel}","templated":true}]}}