{"id":98400,"date":"2026-04-02T08:32:50","date_gmt":"2026-04-02T05:32:50","guid":{"rendered":"https:\/\/kidsplay.lt\/produktas\/masterkidz-staciakampis-smelio-ir-vandens-zaidimu-stalas-su-reguliuojamu-auksciu\/"},"modified":"2026-04-07T09:28:05","modified_gmt":"2026-04-07T06:28:05","slug":"masterkidz-staciakampis-smelio-ir-vandens-zaidimu-stalas-su-reguliuojamu-auksciu","status":"publish","type":"product","link":"https:\/\/kidsplay.lt\/lv\/products\/masterkidz-staciakampis-smelio-ir-vandens-zaidimu-stalas-su-reguliuojamu-auksciu\/","title":{"rendered":"MASTERKIDZ taisnst\u016bra formas smil\u0161u un \u016bdens sp\u0113\u013cu galds ar regul\u0113jamu augstumu."},"content":{"rendered":"<p>M\u016bs\u0173 didelis jutiminis pad\u0117klas \u2013 puikus sprendimas tyrin\u0117ti sm\u0117l\u012f, vanden\u012f, purv\u0105, da\u017eus ir kitas k\u016brybines med\u017eiagas! Pagamintas i\u0161 tvirto plastiko, jis idealiai tinka naudoti tiek viduje, tiek lauke. Reguliuojamo auk\u0161\u010dio plienin\u0117s kojel\u0117s leid\u017eia pritaikyti stal\u0105 \u012fvairaus am\u017eiaus vaikams \u2013 jis \u201eauga\u201c kartu su jais! Tvirta konstrukcija daro j\u012f puikiu pasirinkimu namams, dar\u017eeliams, lop\u0161eliams ir mokykloms, suteikiant vaikams erdv\u0119 k\u016brybi\u0161kam \u017eaidimui ir jutiminiams potyriams.<br \/>\nRaksturojums:<\/p>\n<p> \tskirtas vaikams nuo 3 met\u0173<br \/>\n \tgali b\u016bti naudojamas atskirai ant grind\u0173 arba su reguliuojamu stovu, kurio kojeli\u0173 auk\u0161tis apie 450 \/ 550 \/ 650 mm<br \/>\n \ttinkamas \u017eaisti didesnei vaik\u0173 grupei<br \/>\n \tnegilus dizainas leid\u017eia lengvai pripildyti, i\u0161tu\u0161tinti ir i\u0161valyti<br \/>\n \tpuikiai tinka naudoti namuose, dar\u017eelyje, vaik\u0173 klubuose ar jutimin\u0117se erdv\u0117se<br \/>\n \tlengvai valomas ir transportuojamas<br \/>\n \tpad\u0117klo gylis \u2013 5 cm<\/p>\n<p>\u017daislas lavina:<\/p>\n<p> \tk\u016brybi\u0161kum\u0105 ir vaizduot\u0119<br \/>\n \tjutimin\u012f vystym\u0105si<br \/>\n \tsmulki\u0105j\u0105 motorik\u0105<br \/>\n \trankos ir aki\u0173 koordinacij\u0105<\/p>","protected":false},"excerpt":{"rendered":"<p>M\u016bs\u0173 didelis jutiminis pad\u0117klas \u2013 puikus sprendimas tyrin\u0117ti sm\u0117l\u012f, vanden\u012f, purv\u0105, da\u017eus ir kitas k\u016brybines med\u017eiagas! Pagamintas i\u0161 tvirto plastiko,<\/p>","protected":false},"featured_media":98402,"template":"","meta":{"_acf_changed":false,"_glsr_average":0,"_glsr_ranking":0,"_glsr_reviews":0},"product_brand":[],"product_cat":[233,327],"product_tag":[],"class_list":{"0":"post-98400","1":"product","2":"type-product","3":"status-publish","4":"has-post-thumbnail","6":"product_cat-lauko-pramogos","7":"product_cat-smelio-dezes-ir-priedai","8":"\"style=\"background-color: #2ecc711c;\"","10":"first","11":"instock","12":"purchasable","13":"product-type-simple"},"acf":[],"yoast_head":"<!-- This site is optimized with the Yoast SEO plugin v27.3 - https:\/\/yoast.com\/product\/yoast-seo-wordpress\/ -->\n<title>MASTERKIDZ sta\u010diakampis sm\u0117lio ir vandens \u017eaidim\u0173 stalas su reguliuojamu auk\u0161\u010diu.<\/title>\n<meta name=\"description\" content=\"MASTERKIDZ sta\u010diakampis sm\u0117lio ir vandens \u017eaidim\u0173 stalas su reguliuojamu auk\u0161\u010diu. - KidsPlay. Did\u017eiausias vaik\u0173 \u017eaisl\u0173 pasirinkimas.\" \/>\n<meta name=\"robots\" content=\"index, follow, max-snippet:-1, max-image-preview:large, max-video-preview:-1\" \/>\n<link rel=\"canonical\" href=\"https:\/\/kidsplay.lt\/lv\/products\/masterkidz-staciakampis-smelio-ir-vandens-zaidimu-stalas-su-reguliuojamu-auksciu\/\" \/>\n<meta property=\"og:locale\" content=\"lv_LV\" \/>\n<meta property=\"og:type\" content=\"article\" \/>\n<meta property=\"og:title\" content=\"MASTERKIDZ sta\u010diakampis sm\u0117lio ir vandens \u017eaidim\u0173 stalas su reguliuojamu auk\u0161\u010diu.\" \/>\n<meta property=\"og:description\" content=\"MASTERKIDZ sta\u010diakampis sm\u0117lio ir vandens \u017eaidim\u0173 stalas su reguliuojamu auk\u0161\u010diu. - KidsPlay. Did\u017eiausias vaik\u0173 \u017eaisl\u0173 pasirinkimas.\" \/>\n<meta property=\"og:url\" content=\"https:\/\/kidsplay.lt\/lv\/products\/masterkidz-staciakampis-smelio-ir-vandens-zaidimu-stalas-su-reguliuojamu-auksciu\/\" \/>\n<meta property=\"og:site_name\" content=\"KidsPlay\" \/>\n<meta property=\"article:publisher\" content=\"https:\/\/www.facebook.com\/www.kidsplay.lt\" \/>\n<meta property=\"article:modified_time\" content=\"2026-04-07T06:28:05+00:00\" \/>\n<meta property=\"og:image\" content=\"https:\/\/kidsplay.lt\/wp-content\/uploads\/2026\/04\/MASTERKIDZ-staciakampis-smelio-ir-vandens-zaidimu-stalas-su-reguliuojamu-auksciu.jpg\" \/>\n\t<meta property=\"og:image:width\" content=\"1000\" \/>\n\t<meta property=\"og:image:height\" content=\"1000\" \/>\n\t<meta property=\"og:image:type\" content=\"image\/jpeg\" \/>\n<meta name=\"twitter:card\" content=\"summary_large_image\" \/>\n<meta name=\"twitter:label1\" content=\"Est. reading time\" \/>\n\t<meta name=\"twitter:data1\" content=\"1 min\u016bte\" \/>\n<script type=\"application\/ld+json\" class=\"yoast-schema-graph\">{\"@context\":\"https:\\\/\\\/schema.org\",\"@graph\":[{\"@type\":\"WebPage\",\"@id\":\"https:\\\/\\\/kidsplay.lt\\\/produktas\\\/masterkidz-staciakampis-smelio-ir-vandens-zaidimu-stalas-su-reguliuojamu-auksciu\\\/\",\"url\":\"https:\\\/\\\/kidsplay.lt\\\/produktas\\\/masterkidz-staciakampis-smelio-ir-vandens-zaidimu-stalas-su-reguliuojamu-auksciu\\\/\",\"name\":\"MASTERKIDZ sta\u010diakampis sm\u0117lio ir vandens \u017eaidim\u0173 stalas su reguliuojamu auk\u0161\u010diu.\",\"isPartOf\":{\"@id\":\"https:\\\/\\\/kidsplay.lt\\\/#website\"},\"primaryImageOfPage\":{\"@id\":\"https:\\\/\\\/kidsplay.lt\\\/produktas\\\/masterkidz-staciakampis-smelio-ir-vandens-zaidimu-stalas-su-reguliuojamu-auksciu\\\/#primaryimage\"},\"image\":{\"@id\":\"https:\\\/\\\/kidsplay.lt\\\/produktas\\\/masterkidz-staciakampis-smelio-ir-vandens-zaidimu-stalas-su-reguliuojamu-auksciu\\\/#primaryimage\"},\"thumbnailUrl\":\"https:\\\/\\\/kidsplay.lt\\\/wp-content\\\/uploads\\\/2026\\\/04\\\/MASTERKIDZ-staciakampis-smelio-ir-vandens-zaidimu-stalas-su-reguliuojamu-auksciu.jpg\",\"datePublished\":\"2026-04-02T05:32:50+00:00\",\"dateModified\":\"2026-04-07T06:28:05+00:00\",\"description\":\"MASTERKIDZ sta\u010diakampis sm\u0117lio ir vandens \u017eaidim\u0173 stalas su reguliuojamu auk\u0161\u010diu. - KidsPlay. Did\u017eiausias vaik\u0173 \u017eaisl\u0173 pasirinkimas.\",\"breadcrumb\":{\"@id\":\"https:\\\/\\\/kidsplay.lt\\\/produktas\\\/masterkidz-staciakampis-smelio-ir-vandens-zaidimu-stalas-su-reguliuojamu-auksciu\\\/#breadcrumb\"},\"inLanguage\":\"lv-LV\",\"potentialAction\":[{\"@type\":\"ReadAction\",\"target\":[\"https:\\\/\\\/kidsplay.lt\\\/produktas\\\/masterkidz-staciakampis-smelio-ir-vandens-zaidimu-stalas-su-reguliuojamu-auksciu\\\/\"]}]},{\"@type\":\"ImageObject\",\"inLanguage\":\"lv-LV\",\"@id\":\"https:\\\/\\\/kidsplay.lt\\\/produktas\\\/masterkidz-staciakampis-smelio-ir-vandens-zaidimu-stalas-su-reguliuojamu-auksciu\\\/#primaryimage\",\"url\":\"https:\\\/\\\/kidsplay.lt\\\/wp-content\\\/uploads\\\/2026\\\/04\\\/MASTERKIDZ-staciakampis-smelio-ir-vandens-zaidimu-stalas-su-reguliuojamu-auksciu.jpg\",\"contentUrl\":\"https:\\\/\\\/kidsplay.lt\\\/wp-content\\\/uploads\\\/2026\\\/04\\\/MASTERKIDZ-staciakampis-smelio-ir-vandens-zaidimu-stalas-su-reguliuojamu-auksciu.jpg\",\"width\":1000,\"height\":1000,\"caption\":\"MASTERKIDZ sta\u010diakampis sm\u0117lio ir vandens \u017eaidim\u0173 stalas su reguliuojamu auk\u0161\u010diu.\"},{\"@type\":\"BreadcrumbList\",\"@id\":\"https:\\\/\\\/kidsplay.lt\\\/produktas\\\/masterkidz-staciakampis-smelio-ir-vandens-zaidimu-stalas-su-reguliuojamu-auksciu\\\/#breadcrumb\",\"itemListElement\":[{\"@type\":\"ListItem\",\"position\":1,\"name\":\"Pagrindinis\",\"item\":\"https:\\\/\\\/kidsplay.lt\\\/\"},{\"@type\":\"ListItem\",\"position\":2,\"name\":\"Parduotuv\u0117\",\"item\":\"https:\\\/\\\/kidsplay.lt\\\/parduotuve\\\/\"},{\"@type\":\"ListItem\",\"position\":3,\"name\":\"MASTERKIDZ sta\u010diakampis sm\u0117lio ir vandens \u017eaidim\u0173 stalas su reguliuojamu auk\u0161\u010diu.\"}]},{\"@type\":\"WebSite\",\"@id\":\"https:\\\/\\\/kidsplay.lt\\\/#website\",\"url\":\"https:\\\/\\\/kidsplay.lt\\\/\",\"name\":\"Kidsplay.lt\",\"description\":\"\u012evairios prek\u0117s vaikams\",\"publisher\":{\"@id\":\"https:\\\/\\\/kidsplay.lt\\\/#organization\"},\"alternateName\":\"Kidsplay\",\"potentialAction\":[{\"@type\":\"SearchAction\",\"target\":{\"@type\":\"EntryPoint\",\"urlTemplate\":\"https:\\\/\\\/kidsplay.lt\\\/?s={search_term_string}\"},\"query-input\":{\"@type\":\"PropertyValueSpecification\",\"valueRequired\":true,\"valueName\":\"search_term_string\"}}],\"inLanguage\":\"lv-LV\"},{\"@type\":\"Organization\",\"@id\":\"https:\\\/\\\/kidsplay.lt\\\/#organization\",\"name\":\"KidsPlay\",\"url\":\"https:\\\/\\\/kidsplay.lt\\\/\",\"logo\":{\"@type\":\"ImageObject\",\"inLanguage\":\"lv-LV\",\"@id\":\"https:\\\/\\\/kidsplay.lt\\\/#\\\/schema\\\/logo\\\/image\\\/\",\"url\":\"https:\\\/\\\/kidsplay.lt\\\/wp-content\\\/uploads\\\/2023\\\/07\\\/kidsplay-logo.png\",\"contentUrl\":\"https:\\\/\\\/kidsplay.lt\\\/wp-content\\\/uploads\\\/2023\\\/07\\\/kidsplay-logo.png\",\"width\":451,\"height\":98,\"caption\":\"KidsPlay\"},\"image\":{\"@id\":\"https:\\\/\\\/kidsplay.lt\\\/#\\\/schema\\\/logo\\\/image\\\/\"},\"sameAs\":[\"https:\\\/\\\/www.facebook.com\\\/www.kidsplay.lt\"]}]}<\/script>\n<!-- \/ Yoast SEO plugin. -->","yoast_head_json":{"title":"MASTERKIDZ taisnst\u016bra formas smil\u0161u un \u016bdens sp\u0113\u013cu galds ar regul\u0113jamu augstumu.","description":"MASTERKIDZ sta\u010diakampis sm\u0117lio ir vandens \u017eaidim\u0173 stalas su reguliuojamu auk\u0161\u010diu. - KidsPlay. Did\u017eiausias vaik\u0173 \u017eaisl\u0173 pasirinkimas.","robots":{"index":"index","follow":"follow","max-snippet":"max-snippet:-1","max-image-preview":"max-image-preview:large","max-video-preview":"max-video-preview:-1"},"canonical":"https:\/\/kidsplay.lt\/lv\/products\/masterkidz-staciakampis-smelio-ir-vandens-zaidimu-stalas-su-reguliuojamu-auksciu\/","og_locale":"lv_LV","og_type":"article","og_title":"MASTERKIDZ sta\u010diakampis sm\u0117lio ir vandens \u017eaidim\u0173 stalas su reguliuojamu auk\u0161\u010diu.","og_description":"MASTERKIDZ sta\u010diakampis sm\u0117lio ir vandens \u017eaidim\u0173 stalas su reguliuojamu auk\u0161\u010diu. - KidsPlay. Did\u017eiausias vaik\u0173 \u017eaisl\u0173 pasirinkimas.","og_url":"https:\/\/kidsplay.lt\/lv\/products\/masterkidz-staciakampis-smelio-ir-vandens-zaidimu-stalas-su-reguliuojamu-auksciu\/","og_site_name":"KidsPlay","article_publisher":"https:\/\/www.facebook.com\/www.kidsplay.lt","article_modified_time":"2026-04-07T06:28:05+00:00","og_image":[{"width":1000,"height":1000,"url":"https:\/\/kidsplay.lt\/wp-content\/uploads\/2026\/04\/MASTERKIDZ-staciakampis-smelio-ir-vandens-zaidimu-stalas-su-reguliuojamu-auksciu.jpg","type":"image\/jpeg"}],"twitter_card":"summary_large_image","twitter_misc":{"Est. reading time":"1 min\u016bte"},"schema":{"@context":"https:\/\/schema.org","@graph":[{"@type":"WebPage","@id":"https:\/\/kidsplay.lt\/produktas\/masterkidz-staciakampis-smelio-ir-vandens-zaidimu-stalas-su-reguliuojamu-auksciu\/","url":"https:\/\/kidsplay.lt\/produktas\/masterkidz-staciakampis-smelio-ir-vandens-zaidimu-stalas-su-reguliuojamu-auksciu\/","name":"MASTERKIDZ taisnst\u016bra formas smil\u0161u un \u016bdens sp\u0113\u013cu galds ar regul\u0113jamu augstumu.","isPartOf":{"@id":"https:\/\/kidsplay.lt\/#website"},"primaryImageOfPage":{"@id":"https:\/\/kidsplay.lt\/produktas\/masterkidz-staciakampis-smelio-ir-vandens-zaidimu-stalas-su-reguliuojamu-auksciu\/#primaryimage"},"image":{"@id":"https:\/\/kidsplay.lt\/produktas\/masterkidz-staciakampis-smelio-ir-vandens-zaidimu-stalas-su-reguliuojamu-auksciu\/#primaryimage"},"thumbnailUrl":"https:\/\/kidsplay.lt\/wp-content\/uploads\/2026\/04\/MASTERKIDZ-staciakampis-smelio-ir-vandens-zaidimu-stalas-su-reguliuojamu-auksciu.jpg","datePublished":"2026-04-02T05:32:50+00:00","dateModified":"2026-04-07T06:28:05+00:00","description":"MASTERKIDZ sta\u010diakampis sm\u0117lio ir vandens \u017eaidim\u0173 stalas su reguliuojamu auk\u0161\u010diu. - KidsPlay. Did\u017eiausias vaik\u0173 \u017eaisl\u0173 pasirinkimas.","breadcrumb":{"@id":"https:\/\/kidsplay.lt\/produktas\/masterkidz-staciakampis-smelio-ir-vandens-zaidimu-stalas-su-reguliuojamu-auksciu\/#breadcrumb"},"inLanguage":"lv-LV","potentialAction":[{"@type":"ReadAction","target":["https:\/\/kidsplay.lt\/produktas\/masterkidz-staciakampis-smelio-ir-vandens-zaidimu-stalas-su-reguliuojamu-auksciu\/"]}]},{"@type":"ImageObject","inLanguage":"lv-LV","@id":"https:\/\/kidsplay.lt\/produktas\/masterkidz-staciakampis-smelio-ir-vandens-zaidimu-stalas-su-reguliuojamu-auksciu\/#primaryimage","url":"https:\/\/kidsplay.lt\/wp-content\/uploads\/2026\/04\/MASTERKIDZ-staciakampis-smelio-ir-vandens-zaidimu-stalas-su-reguliuojamu-auksciu.jpg","contentUrl":"https:\/\/kidsplay.lt\/wp-content\/uploads\/2026\/04\/MASTERKIDZ-staciakampis-smelio-ir-vandens-zaidimu-stalas-su-reguliuojamu-auksciu.jpg","width":1000,"height":1000,"caption":"MASTERKIDZ sta\u010diakampis sm\u0117lio ir vandens \u017eaidim\u0173 stalas su reguliuojamu auk\u0161\u010diu."},{"@type":"BreadcrumbList","@id":"https:\/\/kidsplay.lt\/produktas\/masterkidz-staciakampis-smelio-ir-vandens-zaidimu-stalas-su-reguliuojamu-auksciu\/#breadcrumb","itemListElement":[{"@type":"ListItem","position":1,"name":"Pagrindinis","item":"https:\/\/kidsplay.lt\/"},{"@type":"ListItem","position":2,"name":"Parduotuv\u0117","item":"https:\/\/kidsplay.lt\/parduotuve\/"},{"@type":"ListItem","position":3,"name":"MASTERKIDZ sta\u010diakampis sm\u0117lio ir vandens \u017eaidim\u0173 stalas su reguliuojamu auk\u0161\u010diu."}]},{"@type":"WebSite","@id":"https:\/\/kidsplay.lt\/#website","url":"https:\/\/kidsplay.lt\/","name":"B\u0113rnu sp\u0113les.lv","description":"\u012evairios prek\u0117s vaikams","publisher":{"@id":"https:\/\/kidsplay.lt\/#organization"},"alternateName":"Kidsplay","potentialAction":[{"@type":"SearchAction","target":{"@type":"EntryPoint","urlTemplate":"https:\/\/kidsplay.lt\/?s={search_term_string}"},"query-input":{"@type":"PropertyValueSpecification","valueRequired":true,"valueName":"search_term_string"}}],"inLanguage":"lv-LV"},{"@type":"Organization","@id":"https:\/\/kidsplay.lt\/#organization","name":"B\u0113rnu sp\u0113le","url":"https:\/\/kidsplay.lt\/","logo":{"@type":"ImageObject","inLanguage":"lv-LV","@id":"https:\/\/kidsplay.lt\/#\/schema\/logo\/image\/","url":"https:\/\/kidsplay.lt\/wp-content\/uploads\/2023\/07\/kidsplay-logo.png","contentUrl":"https:\/\/kidsplay.lt\/wp-content\/uploads\/2023\/07\/kidsplay-logo.png","width":451,"height":98,"caption":"KidsPlay"},"image":{"@id":"https:\/\/kidsplay.lt\/#\/schema\/logo\/image\/"},"sameAs":["https:\/\/www.facebook.com\/www.kidsplay.lt"]}]}},"_links":{"self":[{"href":"https:\/\/kidsplay.lt\/lv\/wp-json\/wp\/v2\/product\/98400","targetHints":{"allow":["GET"]}}],"collection":[{"href":"https:\/\/kidsplay.lt\/lv\/wp-json\/wp\/v2\/product"}],"about":[{"href":"https:\/\/kidsplay.lt\/lv\/wp-json\/wp\/v2\/types\/product"}],"version-history":[{"count":1,"href":"https:\/\/kidsplay.lt\/lv\/wp-json\/wp\/v2\/product\/98400\/revisions"}],"predecessor-version":[{"id":98401,"href":"https:\/\/kidsplay.lt\/lv\/wp-json\/wp\/v2\/product\/98400\/revisions\/98401"}],"wp:featuredmedia":[{"embeddable":true,"href":"https:\/\/kidsplay.lt\/lv\/wp-json\/wp\/v2\/media\/98402"}],"wp:attachment":[{"href":"https:\/\/kidsplay.lt\/lv\/wp-json\/wp\/v2\/media?parent=98400"}],"wp:term":[{"taxonomy":"product_brand","embeddable":true,"href":"https:\/\/kidsplay.lt\/lv\/wp-json\/wp\/v2\/product_brand?post=98400"},{"taxonomy":"product_cat","embeddable":true,"href":"https:\/\/kidsplay.lt\/lv\/wp-json\/wp\/v2\/product_cat?post=98400"},{"taxonomy":"product_tag","embeddable":true,"href":"https:\/\/kidsplay.lt\/lv\/wp-json\/wp\/v2\/product_tag?post=98400"}],"curies":[{"name":"wp","href":"https:\/\/api.w.org\/{rel}","templated":true}]}}