{"id":98407,"date":"2026-04-02T08:33:08","date_gmt":"2026-04-02T05:33:08","guid":{"rendered":"https:\/\/kidsplay.lt\/produktas\/step2-vandens-zaidimu-stalas-su-mini-golfo-trasa\/"},"modified":"2026-04-07T09:28:07","modified_gmt":"2026-04-07T06:28:07","slug":"step2-vandens-zaidimu-stalas-su-mini-golfo-trasa","status":"publish","type":"product","link":"https:\/\/kidsplay.lt\/lv\/products\/step2-vandens-zaidimu-stalas-su-mini-golfo-trasa\/","title":{"rendered":"STEP2 vandens \u017eaidim\u0173 stalas su mini golfo trasa."},"content":{"rendered":"<p>Suteikite savo vaikui daug aktyvaus d\u017eiaugsmo su STEP2 vandens \u017eaidim\u0173 stalu su \u012fmontuota mini golfo trasa! \u0160is rinkinys garantuoja valand\u0173 valandas smagaus \u017eaidimo saul\u0117tomis dienomis, skatindamas fizin\u012f aktyvum\u0105 ir tuo pa\u010diu leid\u017eiantis atsiv\u0117sinti. Vaikai gali laisvai jungti trasas prie stalo ir kiekvien\u0105 kart\u0105 keisti j\u0173 i\u0161d\u0117stym\u0105, tod\u0117l \u017eaidimas niekada nepabosta. Ma\u017eesni vaikai lavina taiklum\u0105, o vyresni \u2013 tobulina technik\u0105, didindami sud\u0117tingum\u0105. 360\u00b0 atviras dizainas leid\u017eia \u017eaisti i\u0161 vis\u0173 pusi\u0173, tod\u0117l puikiai tinka didesn\u0117ms vaik\u0173 grup\u0117ms.<br \/>\nRaksturojums:<\/p>\n<p> \tskirtas vaikams nuo 2 met\u0173<br \/>\n \t2 viename: vandens stalas ir mini golfo trasa<br \/>\n \tcentrinis vandens bok\u0161tas su vandens sienele<br \/>\n \ttrys judan\u010dios golfo trasos, leid\u017eian\u010dios kurti vis naujus mar\u0161rutus<br \/>\n \t360\u00b0 atviras dizainas \u2013 patogu \u017eaisti keliems vaikams vienu metu<br \/>\n \tskatina jud\u0117jim\u0105 ir \u017eaidim\u0105 lauke<br \/>\n \tnet 30 pried\u0173: 2 golfo lazdos, 6 kamuoliukai, 5 kamuoliuk\u0173 laikikliai, 14 trasos dali\u0173<br \/>\n \tpagamintas i\u0161 tvirto ir saugaus plastiko<br \/>\n \treikalingas surinkimas (suaugusiojo pagalba)<\/p>\n<p>Matmenys: 197 \u00d7 320 \u00d7 73 cmTalpa: 10 l<\/p>","protected":false},"excerpt":{"rendered":"<p>Suteikite savo vaikui daug aktyvaus d\u017eiaugsmo su STEP2 vandens \u017eaidim\u0173 stalu su \u012fmontuota mini golfo trasa! \u0160is rinkinys garantuoja valand\u0173<\/p>","protected":false},"featured_media":98409,"template":"","meta":{"_acf_changed":false,"_glsr_average":0,"_glsr_ranking":0,"_glsr_reviews":0},"product_brand":[],"product_cat":[395],"product_tag":[],"class_list":{"0":"post-98407","1":"product","2":"type-product","3":"status-publish","4":"has-post-thumbnail","6":"product_cat-vandens-ir-smelio-staliukai","7":"\"style=\"background-color: #2ecc711c;\"","9":"first","10":"instock","11":"purchasable","12":"product-type-simple"},"acf":[],"yoast_head":"<!-- This site is optimized with the Yoast SEO plugin v27.3 - https:\/\/yoast.com\/product\/yoast-seo-wordpress\/ -->\n<title>STEP2 vandens \u017eaidim\u0173 stalas su mini golfo trasa.<\/title>\n<meta name=\"description\" content=\"STEP2 vandens \u017eaidim\u0173 stalas su mini golfo trasa. - KidsPlay. Did\u017eiausias vaik\u0173 \u017eaisl\u0173 pasirinkimas.\" \/>\n<meta name=\"robots\" content=\"index, follow, max-snippet:-1, max-image-preview:large, max-video-preview:-1\" \/>\n<link rel=\"canonical\" href=\"https:\/\/kidsplay.lt\/lv\/products\/step2-vandens-zaidimu-stalas-su-mini-golfo-trasa\/\" \/>\n<meta property=\"og:locale\" content=\"lv_LV\" \/>\n<meta property=\"og:type\" content=\"article\" \/>\n<meta property=\"og:title\" content=\"STEP2 vandens \u017eaidim\u0173 stalas su mini golfo trasa.\" \/>\n<meta property=\"og:description\" content=\"STEP2 vandens \u017eaidim\u0173 stalas su mini golfo trasa. - KidsPlay. Did\u017eiausias vaik\u0173 \u017eaisl\u0173 pasirinkimas.\" \/>\n<meta property=\"og:url\" content=\"https:\/\/kidsplay.lt\/lv\/products\/step2-vandens-zaidimu-stalas-su-mini-golfo-trasa\/\" \/>\n<meta property=\"og:site_name\" content=\"KidsPlay\" \/>\n<meta property=\"article:publisher\" content=\"https:\/\/www.facebook.com\/www.kidsplay.lt\" \/>\n<meta property=\"article:modified_time\" content=\"2026-04-07T06:28:07+00:00\" \/>\n<meta property=\"og:image\" content=\"https:\/\/kidsplay.lt\/wp-content\/uploads\/2026\/04\/STEP2-vandens-zaidimu-stalas-su-mini-golfo-trasa.jpg\" \/>\n\t<meta property=\"og:image:width\" content=\"1920\" \/>\n\t<meta property=\"og:image:height\" content=\"1920\" \/>\n\t<meta property=\"og:image:type\" content=\"image\/jpeg\" \/>\n<meta name=\"twitter:card\" content=\"summary_large_image\" \/>\n<meta name=\"twitter:label1\" content=\"Est. reading time\" \/>\n\t<meta name=\"twitter:data1\" content=\"1 min\u016bte\" \/>\n<script type=\"application\/ld+json\" class=\"yoast-schema-graph\">{\"@context\":\"https:\\\/\\\/schema.org\",\"@graph\":[{\"@type\":\"WebPage\",\"@id\":\"https:\\\/\\\/kidsplay.lt\\\/produktas\\\/step2-vandens-zaidimu-stalas-su-mini-golfo-trasa\\\/\",\"url\":\"https:\\\/\\\/kidsplay.lt\\\/produktas\\\/step2-vandens-zaidimu-stalas-su-mini-golfo-trasa\\\/\",\"name\":\"STEP2 vandens \u017eaidim\u0173 stalas su mini golfo trasa.\",\"isPartOf\":{\"@id\":\"https:\\\/\\\/kidsplay.lt\\\/#website\"},\"primaryImageOfPage\":{\"@id\":\"https:\\\/\\\/kidsplay.lt\\\/produktas\\\/step2-vandens-zaidimu-stalas-su-mini-golfo-trasa\\\/#primaryimage\"},\"image\":{\"@id\":\"https:\\\/\\\/kidsplay.lt\\\/produktas\\\/step2-vandens-zaidimu-stalas-su-mini-golfo-trasa\\\/#primaryimage\"},\"thumbnailUrl\":\"https:\\\/\\\/kidsplay.lt\\\/wp-content\\\/uploads\\\/2026\\\/04\\\/STEP2-vandens-zaidimu-stalas-su-mini-golfo-trasa.jpg\",\"datePublished\":\"2026-04-02T05:33:08+00:00\",\"dateModified\":\"2026-04-07T06:28:07+00:00\",\"description\":\"STEP2 vandens \u017eaidim\u0173 stalas su mini golfo trasa. - KidsPlay. Did\u017eiausias vaik\u0173 \u017eaisl\u0173 pasirinkimas.\",\"breadcrumb\":{\"@id\":\"https:\\\/\\\/kidsplay.lt\\\/produktas\\\/step2-vandens-zaidimu-stalas-su-mini-golfo-trasa\\\/#breadcrumb\"},\"inLanguage\":\"lv-LV\",\"potentialAction\":[{\"@type\":\"ReadAction\",\"target\":[\"https:\\\/\\\/kidsplay.lt\\\/produktas\\\/step2-vandens-zaidimu-stalas-su-mini-golfo-trasa\\\/\"]}]},{\"@type\":\"ImageObject\",\"inLanguage\":\"lv-LV\",\"@id\":\"https:\\\/\\\/kidsplay.lt\\\/produktas\\\/step2-vandens-zaidimu-stalas-su-mini-golfo-trasa\\\/#primaryimage\",\"url\":\"https:\\\/\\\/kidsplay.lt\\\/wp-content\\\/uploads\\\/2026\\\/04\\\/STEP2-vandens-zaidimu-stalas-su-mini-golfo-trasa.jpg\",\"contentUrl\":\"https:\\\/\\\/kidsplay.lt\\\/wp-content\\\/uploads\\\/2026\\\/04\\\/STEP2-vandens-zaidimu-stalas-su-mini-golfo-trasa.jpg\",\"width\":1920,\"height\":1920,\"caption\":\"STEP2 vandens \u017eaidim\u0173 stalas su mini golfo trasa.\"},{\"@type\":\"BreadcrumbList\",\"@id\":\"https:\\\/\\\/kidsplay.lt\\\/produktas\\\/step2-vandens-zaidimu-stalas-su-mini-golfo-trasa\\\/#breadcrumb\",\"itemListElement\":[{\"@type\":\"ListItem\",\"position\":1,\"name\":\"Pagrindinis\",\"item\":\"https:\\\/\\\/kidsplay.lt\\\/\"},{\"@type\":\"ListItem\",\"position\":2,\"name\":\"Parduotuv\u0117\",\"item\":\"https:\\\/\\\/kidsplay.lt\\\/parduotuve\\\/\"},{\"@type\":\"ListItem\",\"position\":3,\"name\":\"STEP2 vandens \u017eaidim\u0173 stalas su mini golfo trasa.\"}]},{\"@type\":\"WebSite\",\"@id\":\"https:\\\/\\\/kidsplay.lt\\\/#website\",\"url\":\"https:\\\/\\\/kidsplay.lt\\\/\",\"name\":\"Kidsplay.lt\",\"description\":\"\u012evairios prek\u0117s vaikams\",\"publisher\":{\"@id\":\"https:\\\/\\\/kidsplay.lt\\\/#organization\"},\"alternateName\":\"Kidsplay\",\"potentialAction\":[{\"@type\":\"SearchAction\",\"target\":{\"@type\":\"EntryPoint\",\"urlTemplate\":\"https:\\\/\\\/kidsplay.lt\\\/?s={search_term_string}\"},\"query-input\":{\"@type\":\"PropertyValueSpecification\",\"valueRequired\":true,\"valueName\":\"search_term_string\"}}],\"inLanguage\":\"lv-LV\"},{\"@type\":\"Organization\",\"@id\":\"https:\\\/\\\/kidsplay.lt\\\/#organization\",\"name\":\"KidsPlay\",\"url\":\"https:\\\/\\\/kidsplay.lt\\\/\",\"logo\":{\"@type\":\"ImageObject\",\"inLanguage\":\"lv-LV\",\"@id\":\"https:\\\/\\\/kidsplay.lt\\\/#\\\/schema\\\/logo\\\/image\\\/\",\"url\":\"https:\\\/\\\/kidsplay.lt\\\/wp-content\\\/uploads\\\/2023\\\/07\\\/kidsplay-logo.png\",\"contentUrl\":\"https:\\\/\\\/kidsplay.lt\\\/wp-content\\\/uploads\\\/2023\\\/07\\\/kidsplay-logo.png\",\"width\":451,\"height\":98,\"caption\":\"KidsPlay\"},\"image\":{\"@id\":\"https:\\\/\\\/kidsplay.lt\\\/#\\\/schema\\\/logo\\\/image\\\/\"},\"sameAs\":[\"https:\\\/\\\/www.facebook.com\\\/www.kidsplay.lt\"]}]}<\/script>\n<!-- \/ Yoast SEO plugin. -->","yoast_head_json":{"title":"STEP2 vandens \u017eaidim\u0173 stalas su mini golfo trasa.","description":"STEP2 vandens \u017eaidim\u0173 stalas su mini golfo trasa. - KidsPlay. Did\u017eiausias vaik\u0173 \u017eaisl\u0173 pasirinkimas.","robots":{"index":"index","follow":"follow","max-snippet":"max-snippet:-1","max-image-preview":"max-image-preview:large","max-video-preview":"max-video-preview:-1"},"canonical":"https:\/\/kidsplay.lt\/lv\/products\/step2-vandens-zaidimu-stalas-su-mini-golfo-trasa\/","og_locale":"lv_LV","og_type":"article","og_title":"STEP2 vandens \u017eaidim\u0173 stalas su mini golfo trasa.","og_description":"STEP2 vandens \u017eaidim\u0173 stalas su mini golfo trasa. - KidsPlay. Did\u017eiausias vaik\u0173 \u017eaisl\u0173 pasirinkimas.","og_url":"https:\/\/kidsplay.lt\/lv\/products\/step2-vandens-zaidimu-stalas-su-mini-golfo-trasa\/","og_site_name":"KidsPlay","article_publisher":"https:\/\/www.facebook.com\/www.kidsplay.lt","article_modified_time":"2026-04-07T06:28:07+00:00","og_image":[{"width":1920,"height":1920,"url":"https:\/\/kidsplay.lt\/wp-content\/uploads\/2026\/04\/STEP2-vandens-zaidimu-stalas-su-mini-golfo-trasa.jpg","type":"image\/jpeg"}],"twitter_card":"summary_large_image","twitter_misc":{"Est. reading time":"1 min\u016bte"},"schema":{"@context":"https:\/\/schema.org","@graph":[{"@type":"WebPage","@id":"https:\/\/kidsplay.lt\/produktas\/step2-vandens-zaidimu-stalas-su-mini-golfo-trasa\/","url":"https:\/\/kidsplay.lt\/produktas\/step2-vandens-zaidimu-stalas-su-mini-golfo-trasa\/","name":"STEP2 vandens \u017eaidim\u0173 stalas su mini golfo trasa.","isPartOf":{"@id":"https:\/\/kidsplay.lt\/#website"},"primaryImageOfPage":{"@id":"https:\/\/kidsplay.lt\/produktas\/step2-vandens-zaidimu-stalas-su-mini-golfo-trasa\/#primaryimage"},"image":{"@id":"https:\/\/kidsplay.lt\/produktas\/step2-vandens-zaidimu-stalas-su-mini-golfo-trasa\/#primaryimage"},"thumbnailUrl":"https:\/\/kidsplay.lt\/wp-content\/uploads\/2026\/04\/STEP2-vandens-zaidimu-stalas-su-mini-golfo-trasa.jpg","datePublished":"2026-04-02T05:33:08+00:00","dateModified":"2026-04-07T06:28:07+00:00","description":"STEP2 vandens \u017eaidim\u0173 stalas su mini golfo trasa. - KidsPlay. Did\u017eiausias vaik\u0173 \u017eaisl\u0173 pasirinkimas.","breadcrumb":{"@id":"https:\/\/kidsplay.lt\/produktas\/step2-vandens-zaidimu-stalas-su-mini-golfo-trasa\/#breadcrumb"},"inLanguage":"lv-LV","potentialAction":[{"@type":"ReadAction","target":["https:\/\/kidsplay.lt\/produktas\/step2-vandens-zaidimu-stalas-su-mini-golfo-trasa\/"]}]},{"@type":"ImageObject","inLanguage":"lv-LV","@id":"https:\/\/kidsplay.lt\/produktas\/step2-vandens-zaidimu-stalas-su-mini-golfo-trasa\/#primaryimage","url":"https:\/\/kidsplay.lt\/wp-content\/uploads\/2026\/04\/STEP2-vandens-zaidimu-stalas-su-mini-golfo-trasa.jpg","contentUrl":"https:\/\/kidsplay.lt\/wp-content\/uploads\/2026\/04\/STEP2-vandens-zaidimu-stalas-su-mini-golfo-trasa.jpg","width":1920,"height":1920,"caption":"STEP2 vandens \u017eaidim\u0173 stalas su mini golfo trasa."},{"@type":"BreadcrumbList","@id":"https:\/\/kidsplay.lt\/produktas\/step2-vandens-zaidimu-stalas-su-mini-golfo-trasa\/#breadcrumb","itemListElement":[{"@type":"ListItem","position":1,"name":"Pagrindinis","item":"https:\/\/kidsplay.lt\/"},{"@type":"ListItem","position":2,"name":"Parduotuv\u0117","item":"https:\/\/kidsplay.lt\/parduotuve\/"},{"@type":"ListItem","position":3,"name":"STEP2 vandens \u017eaidim\u0173 stalas su mini golfo trasa."}]},{"@type":"WebSite","@id":"https:\/\/kidsplay.lt\/#website","url":"https:\/\/kidsplay.lt\/","name":"B\u0113rnu sp\u0113les.lv","description":"\u012evairios prek\u0117s vaikams","publisher":{"@id":"https:\/\/kidsplay.lt\/#organization"},"alternateName":"Kidsplay","potentialAction":[{"@type":"SearchAction","target":{"@type":"EntryPoint","urlTemplate":"https:\/\/kidsplay.lt\/?s={search_term_string}"},"query-input":{"@type":"PropertyValueSpecification","valueRequired":true,"valueName":"search_term_string"}}],"inLanguage":"lv-LV"},{"@type":"Organization","@id":"https:\/\/kidsplay.lt\/#organization","name":"B\u0113rnu sp\u0113le","url":"https:\/\/kidsplay.lt\/","logo":{"@type":"ImageObject","inLanguage":"lv-LV","@id":"https:\/\/kidsplay.lt\/#\/schema\/logo\/image\/","url":"https:\/\/kidsplay.lt\/wp-content\/uploads\/2023\/07\/kidsplay-logo.png","contentUrl":"https:\/\/kidsplay.lt\/wp-content\/uploads\/2023\/07\/kidsplay-logo.png","width":451,"height":98,"caption":"KidsPlay"},"image":{"@id":"https:\/\/kidsplay.lt\/#\/schema\/logo\/image\/"},"sameAs":["https:\/\/www.facebook.com\/www.kidsplay.lt"]}]}},"_links":{"self":[{"href":"https:\/\/kidsplay.lt\/lv\/wp-json\/wp\/v2\/product\/98407","targetHints":{"allow":["GET"]}}],"collection":[{"href":"https:\/\/kidsplay.lt\/lv\/wp-json\/wp\/v2\/product"}],"about":[{"href":"https:\/\/kidsplay.lt\/lv\/wp-json\/wp\/v2\/types\/product"}],"version-history":[{"count":1,"href":"https:\/\/kidsplay.lt\/lv\/wp-json\/wp\/v2\/product\/98407\/revisions"}],"predecessor-version":[{"id":98408,"href":"https:\/\/kidsplay.lt\/lv\/wp-json\/wp\/v2\/product\/98407\/revisions\/98408"}],"wp:featuredmedia":[{"embeddable":true,"href":"https:\/\/kidsplay.lt\/lv\/wp-json\/wp\/v2\/media\/98409"}],"wp:attachment":[{"href":"https:\/\/kidsplay.lt\/lv\/wp-json\/wp\/v2\/media?parent=98407"}],"wp:term":[{"taxonomy":"product_brand","embeddable":true,"href":"https:\/\/kidsplay.lt\/lv\/wp-json\/wp\/v2\/product_brand?post=98407"},{"taxonomy":"product_cat","embeddable":true,"href":"https:\/\/kidsplay.lt\/lv\/wp-json\/wp\/v2\/product_cat?post=98407"},{"taxonomy":"product_tag","embeddable":true,"href":"https:\/\/kidsplay.lt\/lv\/wp-json\/wp\/v2\/product_tag?post=98407"}],"curies":[{"name":"wp","href":"https:\/\/api.w.org\/{rel}","templated":true}]}}