{"id":98420,"date":"2026-04-02T08:33:24","date_gmt":"2026-04-02T05:33:24","guid":{"rendered":"https:\/\/kidsplay.lt\/produktas\/step2-vandens-stalas-su-siurbliu-ir-priedais\/"},"modified":"2026-04-07T09:28:14","modified_gmt":"2026-04-07T06:28:14","slug":"step2-vandens-stalas-su-siurbliu-ir-priedais","status":"publish","type":"product","link":"https:\/\/kidsplay.lt\/lv\/products\/step2-vandens-stalas-su-siurbliu-ir-priedais\/","title":{"rendered":"STEP2 Vandens stalas su siurbliu ir priedais"},"content":{"rendered":"<p>STEP2 Vandens stalas su siurbliu ir priedais<br \/>\nSu STEP2 vandens stalu su siurbliu ir priedais kiekviena saul\u0117ta diena taps tikru vandens nuotykiu! \u0160is \u017eaislas pilnas veiklos ir staigmen\u0173. Ma\u017eyliai gal\u0117s patys pumpuoti vanden\u012f naudodami realisti\u0161k\u0105, besisukant\u012f siurbl\u012f ir steb\u0117ti, kaip vanduo teka per stalo latakus ir kanalus. Stalo dydis leid\u017eia keliems vaikams \u017eaisti tuo pa\u010diu metu, tod\u0117l jis puikiai tinka grupiniam \u017eaidimui. Per \u017eaidim\u0105 vaikai i\u0161moksta prie\u017easties ir pasekm\u0117s, steb\u0117dami, kaip vanduo teka nuo vir\u0161aus iki apa\u010dios, o kartu lavina motorinius \u012fg\u016bd\u017eius, socialinius \u012fg\u016bd\u017eius ir vaizduot\u0119. \u012e komplekt\u0105 \u012feina 8 priedai, tokie kaip kibiras, laistytuvas ir smulkintuvai, kurie dar labiau sustiprins \u017eaidimo d\u017eiaugsm\u0105.<br \/>\nFunkcijas:<\/p>\n<p> \tTinka vaikams nuo 2 met\u0173.<br \/>\n \tVandens stalas su besisukan\u010diu siurbliu \u2013 interaktyvus \u017eaidimas, leid\u017eiantis vaikams patiems pumpuoti vanden\u012f.<br \/>\n \tDidel\u0117, atvira strukt\u016bra, leid\u017eianti keliems vaikams \u017eaisti kartu.<br \/>\n \t8 priedai: laistytuvas, kibiras, smulkintuvai ir kiti \u017eaislai, papildantys \u017eaidim\u0105.<br \/>\n \tSkatina mokym\u0105si apie prie\u017east\u012f ir pasekmes \u2013 vaikams \u012fdomu steb\u0117ti, kaip vanduo teka ir kinta.<br \/>\n \tLengva valyti \u2013 stalas lengvai pri\u017ei\u016brimas.<br \/>\n \tPatvarus ir saugus plastikas \u2013 u\u017etikrina ilgaam\u017ei\u0161kum\u0105 ir saug\u0173 naudojim\u0105.<br \/>\n \tReikalingas suaugusiojo surinkimas.<\/p>\n<p>Produkto matmenys:83 x 58 x 69 (cm)<br \/>\nTalpa:30 l<\/p>","protected":false},"excerpt":{"rendered":"<p>STEP2 Vandens stalas su siurbliu ir priedais Su STEP2 vandens stalu su siurbliu ir priedais kiekviena saul\u0117ta diena taps tikru<\/p>","protected":false},"featured_media":98422,"template":"","meta":{"_acf_changed":false,"_glsr_average":0,"_glsr_ranking":0,"_glsr_reviews":0},"product_brand":[],"product_cat":[395,229],"product_tag":[],"class_list":{"0":"post-98420","1":"product","2":"type-product","3":"status-publish","4":"has-post-thumbnail","6":"product_cat-vandens-ir-smelio-staliukai","7":"product_cat-zaislai-vaikams","8":"\"style=\"background-color: #2ecc711c;\"","10":"first","11":"instock","12":"purchasable","13":"product-type-simple"},"acf":[],"yoast_head":"<!-- This site is optimized with the Yoast SEO plugin v27.3 - https:\/\/yoast.com\/product\/yoast-seo-wordpress\/ -->\n<title>STEP2 Vandens stalas su siurbliu ir priedais<\/title>\n<meta name=\"description\" content=\"STEP2 Vandens stalas su siurbliu ir priedais - KidsPlay. Did\u017eiausias vaik\u0173 \u017eaisl\u0173 pasirinkimas.\" \/>\n<meta name=\"robots\" content=\"index, follow, max-snippet:-1, max-image-preview:large, max-video-preview:-1\" \/>\n<link rel=\"canonical\" href=\"https:\/\/kidsplay.lt\/lv\/products\/step2-vandens-stalas-su-siurbliu-ir-priedais\/\" \/>\n<meta property=\"og:locale\" content=\"lv_LV\" \/>\n<meta property=\"og:type\" content=\"article\" \/>\n<meta property=\"og:title\" content=\"STEP2 Vandens stalas su siurbliu ir priedais\" \/>\n<meta property=\"og:description\" content=\"STEP2 Vandens stalas su siurbliu ir priedais - KidsPlay. Did\u017eiausias vaik\u0173 \u017eaisl\u0173 pasirinkimas.\" \/>\n<meta property=\"og:url\" content=\"https:\/\/kidsplay.lt\/lv\/products\/step2-vandens-stalas-su-siurbliu-ir-priedais\/\" \/>\n<meta property=\"og:site_name\" content=\"KidsPlay\" \/>\n<meta property=\"article:publisher\" content=\"https:\/\/www.facebook.com\/www.kidsplay.lt\" \/>\n<meta property=\"article:modified_time\" content=\"2026-04-07T06:28:14+00:00\" \/>\n<meta property=\"og:image\" content=\"https:\/\/kidsplay.lt\/wp-content\/uploads\/2026\/04\/STEP2-Vandens-stalas-su-siurbliu-ir-priedais.jpg\" \/>\n\t<meta property=\"og:image:width\" content=\"1920\" \/>\n\t<meta property=\"og:image:height\" content=\"1920\" \/>\n\t<meta property=\"og:image:type\" content=\"image\/jpeg\" \/>\n<meta name=\"twitter:card\" content=\"summary_large_image\" \/>\n<meta name=\"twitter:label1\" content=\"Est. reading time\" \/>\n\t<meta name=\"twitter:data1\" content=\"1 min\u016bte\" \/>\n<script type=\"application\/ld+json\" class=\"yoast-schema-graph\">{\"@context\":\"https:\\\/\\\/schema.org\",\"@graph\":[{\"@type\":\"WebPage\",\"@id\":\"https:\\\/\\\/kidsplay.lt\\\/produktas\\\/step2-vandens-stalas-su-siurbliu-ir-priedais\\\/\",\"url\":\"https:\\\/\\\/kidsplay.lt\\\/produktas\\\/step2-vandens-stalas-su-siurbliu-ir-priedais\\\/\",\"name\":\"STEP2 Vandens stalas su siurbliu ir priedais\",\"isPartOf\":{\"@id\":\"https:\\\/\\\/kidsplay.lt\\\/#website\"},\"primaryImageOfPage\":{\"@id\":\"https:\\\/\\\/kidsplay.lt\\\/produktas\\\/step2-vandens-stalas-su-siurbliu-ir-priedais\\\/#primaryimage\"},\"image\":{\"@id\":\"https:\\\/\\\/kidsplay.lt\\\/produktas\\\/step2-vandens-stalas-su-siurbliu-ir-priedais\\\/#primaryimage\"},\"thumbnailUrl\":\"https:\\\/\\\/kidsplay.lt\\\/wp-content\\\/uploads\\\/2026\\\/04\\\/STEP2-Vandens-stalas-su-siurbliu-ir-priedais.jpg\",\"datePublished\":\"2026-04-02T05:33:24+00:00\",\"dateModified\":\"2026-04-07T06:28:14+00:00\",\"description\":\"STEP2 Vandens stalas su siurbliu ir priedais - KidsPlay. Did\u017eiausias vaik\u0173 \u017eaisl\u0173 pasirinkimas.\",\"breadcrumb\":{\"@id\":\"https:\\\/\\\/kidsplay.lt\\\/produktas\\\/step2-vandens-stalas-su-siurbliu-ir-priedais\\\/#breadcrumb\"},\"inLanguage\":\"lv-LV\",\"potentialAction\":[{\"@type\":\"ReadAction\",\"target\":[\"https:\\\/\\\/kidsplay.lt\\\/produktas\\\/step2-vandens-stalas-su-siurbliu-ir-priedais\\\/\"]}]},{\"@type\":\"ImageObject\",\"inLanguage\":\"lv-LV\",\"@id\":\"https:\\\/\\\/kidsplay.lt\\\/produktas\\\/step2-vandens-stalas-su-siurbliu-ir-priedais\\\/#primaryimage\",\"url\":\"https:\\\/\\\/kidsplay.lt\\\/wp-content\\\/uploads\\\/2026\\\/04\\\/STEP2-Vandens-stalas-su-siurbliu-ir-priedais.jpg\",\"contentUrl\":\"https:\\\/\\\/kidsplay.lt\\\/wp-content\\\/uploads\\\/2026\\\/04\\\/STEP2-Vandens-stalas-su-siurbliu-ir-priedais.jpg\",\"width\":1920,\"height\":1920,\"caption\":\"STEP2 Vandens stalas su siurbliu ir priedais\"},{\"@type\":\"BreadcrumbList\",\"@id\":\"https:\\\/\\\/kidsplay.lt\\\/produktas\\\/step2-vandens-stalas-su-siurbliu-ir-priedais\\\/#breadcrumb\",\"itemListElement\":[{\"@type\":\"ListItem\",\"position\":1,\"name\":\"Pagrindinis\",\"item\":\"https:\\\/\\\/kidsplay.lt\\\/\"},{\"@type\":\"ListItem\",\"position\":2,\"name\":\"Parduotuv\u0117\",\"item\":\"https:\\\/\\\/kidsplay.lt\\\/parduotuve\\\/\"},{\"@type\":\"ListItem\",\"position\":3,\"name\":\"STEP2 Vandens stalas su siurbliu ir priedais\"}]},{\"@type\":\"WebSite\",\"@id\":\"https:\\\/\\\/kidsplay.lt\\\/#website\",\"url\":\"https:\\\/\\\/kidsplay.lt\\\/\",\"name\":\"Kidsplay.lt\",\"description\":\"\u012evairios prek\u0117s vaikams\",\"publisher\":{\"@id\":\"https:\\\/\\\/kidsplay.lt\\\/#organization\"},\"alternateName\":\"Kidsplay\",\"potentialAction\":[{\"@type\":\"SearchAction\",\"target\":{\"@type\":\"EntryPoint\",\"urlTemplate\":\"https:\\\/\\\/kidsplay.lt\\\/?s={search_term_string}\"},\"query-input\":{\"@type\":\"PropertyValueSpecification\",\"valueRequired\":true,\"valueName\":\"search_term_string\"}}],\"inLanguage\":\"lv-LV\"},{\"@type\":\"Organization\",\"@id\":\"https:\\\/\\\/kidsplay.lt\\\/#organization\",\"name\":\"KidsPlay\",\"url\":\"https:\\\/\\\/kidsplay.lt\\\/\",\"logo\":{\"@type\":\"ImageObject\",\"inLanguage\":\"lv-LV\",\"@id\":\"https:\\\/\\\/kidsplay.lt\\\/#\\\/schema\\\/logo\\\/image\\\/\",\"url\":\"https:\\\/\\\/kidsplay.lt\\\/wp-content\\\/uploads\\\/2023\\\/07\\\/kidsplay-logo.png\",\"contentUrl\":\"https:\\\/\\\/kidsplay.lt\\\/wp-content\\\/uploads\\\/2023\\\/07\\\/kidsplay-logo.png\",\"width\":451,\"height\":98,\"caption\":\"KidsPlay\"},\"image\":{\"@id\":\"https:\\\/\\\/kidsplay.lt\\\/#\\\/schema\\\/logo\\\/image\\\/\"},\"sameAs\":[\"https:\\\/\\\/www.facebook.com\\\/www.kidsplay.lt\"]}]}<\/script>\n<!-- \/ Yoast SEO plugin. -->","yoast_head_json":{"title":"STEP2 Vandens stalas su siurbliu ir priedais","description":"STEP2 Vandens stalas su siurbliu ir priedais - KidsPlay. Did\u017eiausias vaik\u0173 \u017eaisl\u0173 pasirinkimas.","robots":{"index":"index","follow":"follow","max-snippet":"max-snippet:-1","max-image-preview":"max-image-preview:large","max-video-preview":"max-video-preview:-1"},"canonical":"https:\/\/kidsplay.lt\/lv\/products\/step2-vandens-stalas-su-siurbliu-ir-priedais\/","og_locale":"lv_LV","og_type":"article","og_title":"STEP2 Vandens stalas su siurbliu ir priedais","og_description":"STEP2 Vandens stalas su siurbliu ir priedais - KidsPlay. Did\u017eiausias vaik\u0173 \u017eaisl\u0173 pasirinkimas.","og_url":"https:\/\/kidsplay.lt\/lv\/products\/step2-vandens-stalas-su-siurbliu-ir-priedais\/","og_site_name":"KidsPlay","article_publisher":"https:\/\/www.facebook.com\/www.kidsplay.lt","article_modified_time":"2026-04-07T06:28:14+00:00","og_image":[{"width":1920,"height":1920,"url":"https:\/\/kidsplay.lt\/wp-content\/uploads\/2026\/04\/STEP2-Vandens-stalas-su-siurbliu-ir-priedais.jpg","type":"image\/jpeg"}],"twitter_card":"summary_large_image","twitter_misc":{"Est. reading time":"1 min\u016bte"},"schema":{"@context":"https:\/\/schema.org","@graph":[{"@type":"WebPage","@id":"https:\/\/kidsplay.lt\/produktas\/step2-vandens-stalas-su-siurbliu-ir-priedais\/","url":"https:\/\/kidsplay.lt\/produktas\/step2-vandens-stalas-su-siurbliu-ir-priedais\/","name":"STEP2 Vandens stalas su siurbliu ir priedais","isPartOf":{"@id":"https:\/\/kidsplay.lt\/#website"},"primaryImageOfPage":{"@id":"https:\/\/kidsplay.lt\/produktas\/step2-vandens-stalas-su-siurbliu-ir-priedais\/#primaryimage"},"image":{"@id":"https:\/\/kidsplay.lt\/produktas\/step2-vandens-stalas-su-siurbliu-ir-priedais\/#primaryimage"},"thumbnailUrl":"https:\/\/kidsplay.lt\/wp-content\/uploads\/2026\/04\/STEP2-Vandens-stalas-su-siurbliu-ir-priedais.jpg","datePublished":"2026-04-02T05:33:24+00:00","dateModified":"2026-04-07T06:28:14+00:00","description":"STEP2 Vandens stalas su siurbliu ir priedais - KidsPlay. Did\u017eiausias vaik\u0173 \u017eaisl\u0173 pasirinkimas.","breadcrumb":{"@id":"https:\/\/kidsplay.lt\/produktas\/step2-vandens-stalas-su-siurbliu-ir-priedais\/#breadcrumb"},"inLanguage":"lv-LV","potentialAction":[{"@type":"ReadAction","target":["https:\/\/kidsplay.lt\/produktas\/step2-vandens-stalas-su-siurbliu-ir-priedais\/"]}]},{"@type":"ImageObject","inLanguage":"lv-LV","@id":"https:\/\/kidsplay.lt\/produktas\/step2-vandens-stalas-su-siurbliu-ir-priedais\/#primaryimage","url":"https:\/\/kidsplay.lt\/wp-content\/uploads\/2026\/04\/STEP2-Vandens-stalas-su-siurbliu-ir-priedais.jpg","contentUrl":"https:\/\/kidsplay.lt\/wp-content\/uploads\/2026\/04\/STEP2-Vandens-stalas-su-siurbliu-ir-priedais.jpg","width":1920,"height":1920,"caption":"STEP2 Vandens stalas su siurbliu ir priedais"},{"@type":"BreadcrumbList","@id":"https:\/\/kidsplay.lt\/produktas\/step2-vandens-stalas-su-siurbliu-ir-priedais\/#breadcrumb","itemListElement":[{"@type":"ListItem","position":1,"name":"Pagrindinis","item":"https:\/\/kidsplay.lt\/"},{"@type":"ListItem","position":2,"name":"Parduotuv\u0117","item":"https:\/\/kidsplay.lt\/parduotuve\/"},{"@type":"ListItem","position":3,"name":"STEP2 Vandens stalas su siurbliu ir priedais"}]},{"@type":"WebSite","@id":"https:\/\/kidsplay.lt\/#website","url":"https:\/\/kidsplay.lt\/","name":"B\u0113rnu sp\u0113les.lv","description":"\u012evairios prek\u0117s vaikams","publisher":{"@id":"https:\/\/kidsplay.lt\/#organization"},"alternateName":"Kidsplay","potentialAction":[{"@type":"SearchAction","target":{"@type":"EntryPoint","urlTemplate":"https:\/\/kidsplay.lt\/?s={search_term_string}"},"query-input":{"@type":"PropertyValueSpecification","valueRequired":true,"valueName":"search_term_string"}}],"inLanguage":"lv-LV"},{"@type":"Organization","@id":"https:\/\/kidsplay.lt\/#organization","name":"B\u0113rnu sp\u0113le","url":"https:\/\/kidsplay.lt\/","logo":{"@type":"ImageObject","inLanguage":"lv-LV","@id":"https:\/\/kidsplay.lt\/#\/schema\/logo\/image\/","url":"https:\/\/kidsplay.lt\/wp-content\/uploads\/2023\/07\/kidsplay-logo.png","contentUrl":"https:\/\/kidsplay.lt\/wp-content\/uploads\/2023\/07\/kidsplay-logo.png","width":451,"height":98,"caption":"KidsPlay"},"image":{"@id":"https:\/\/kidsplay.lt\/#\/schema\/logo\/image\/"},"sameAs":["https:\/\/www.facebook.com\/www.kidsplay.lt"]}]}},"_links":{"self":[{"href":"https:\/\/kidsplay.lt\/lv\/wp-json\/wp\/v2\/product\/98420","targetHints":{"allow":["GET"]}}],"collection":[{"href":"https:\/\/kidsplay.lt\/lv\/wp-json\/wp\/v2\/product"}],"about":[{"href":"https:\/\/kidsplay.lt\/lv\/wp-json\/wp\/v2\/types\/product"}],"version-history":[{"count":1,"href":"https:\/\/kidsplay.lt\/lv\/wp-json\/wp\/v2\/product\/98420\/revisions"}],"predecessor-version":[{"id":98421,"href":"https:\/\/kidsplay.lt\/lv\/wp-json\/wp\/v2\/product\/98420\/revisions\/98421"}],"wp:featuredmedia":[{"embeddable":true,"href":"https:\/\/kidsplay.lt\/lv\/wp-json\/wp\/v2\/media\/98422"}],"wp:attachment":[{"href":"https:\/\/kidsplay.lt\/lv\/wp-json\/wp\/v2\/media?parent=98420"}],"wp:term":[{"taxonomy":"product_brand","embeddable":true,"href":"https:\/\/kidsplay.lt\/lv\/wp-json\/wp\/v2\/product_brand?post=98420"},{"taxonomy":"product_cat","embeddable":true,"href":"https:\/\/kidsplay.lt\/lv\/wp-json\/wp\/v2\/product_cat?post=98420"},{"taxonomy":"product_tag","embeddable":true,"href":"https:\/\/kidsplay.lt\/lv\/wp-json\/wp\/v2\/product_tag?post=98420"}],"curies":[{"name":"wp","href":"https:\/\/api.w.org\/{rel}","templated":true}]}}