{"id":98427,"date":"2026-04-02T08:34:03","date_gmt":"2026-04-02T05:34:03","guid":{"rendered":"https:\/\/kidsplay.lt\/produktas\/step2-vandens-stalas-su-siurbliu\/"},"modified":"2026-04-13T13:47:03","modified_gmt":"2026-04-13T10:47:03","slug":"step2-vandens-stalas-su-siurbliu","status":"publish","type":"product","link":"https:\/\/kidsplay.lt\/lv\/products\/step2-vandens-stalas-su-siurbliu\/","title":{"rendered":"2.\u00a0solis. \u016adens galds ar s\u016bkni"},"content":{"rendered":"<p>STEP2 Vandens stalas su siurbliu<br \/>\nSu STEP2 vandens stalu su siurbliu kiekviena saul\u0117ta diena tampa vandens nuotykiu! \u0160is vandens \u017eaislas pilnas veiksm\u0173 ir staigmen\u0173. Ma\u017eyliai gal\u0117s patys pumpuoti vanden\u012f naudodami realisti\u0161k\u0105, besisukant\u012f siurbl\u012f ir steb\u0117ti, kaip vanduo teka per vandens latak\u0105 ir labirint\u0105, arba pilti \u012f kibir\u0105, kuris vandens pertekli\u0173 nukreipia tiesiai \u012f pagrindin\u012f basein\u0105. Stalas pakankamai erdvus, kad keli vaikai gal\u0117t\u0173 \u017eaisti tuo pa\u010diu metu. Per \u017eaidim\u0105 vaikai i\u0161moksta prie\u017easties ir pasekm\u0117s, steb\u0117dami, kaip vanduo teka nuo vir\u0161aus iki apa\u010dios. Taip pat jie lavina motorinius \u012fg\u016bd\u017eius, socialinius \u012fg\u016bd\u017eius ir vaizduot\u0119. Komplekte yra 10 pried\u0173, \u012fskaitant kibir\u0105 ir mink\u0161tus \u017eaislus, kurie papildo smag\u0173 \u017eaidim\u0105.<br \/>\nFunkcijas:<\/p>\n<p> \tTinka vaikams nuo 2 met\u0173.<br \/>\n \tRealisti\u0161kas besisukantis vandens siurblys \u2013 interaktyvus \u017eaidimas.<br \/>\n \tDidel\u0117, atvira strukt\u016bra, skatinanti bendr\u0105 \u017eaidim\u0105.<br \/>\n \tTris lygius turintis vandens srautas, sukuriantis smag\u0173 \u017eaidimo efekt\u0105.<br \/>\n \tSkatina mokym\u0105si apie prie\u017east\u012f ir pasekmes stebint, kaip vanduo teka nuo vir\u0161aus \u017eemyn.<br \/>\n \tKomplekte yra 10 pried\u0173: kibiras, laistytuvas, an\u010diukas ir kiti mink\u0161ti \u017eaislai.<br \/>\n \tPagamintas i\u0161 patvaraus plastiko, u\u017etikrinant ilgaam\u017ei\u0161kum\u0105.<br \/>\n \tReikalingas suaugusiojo surinkimas.<\/p>\n<p>Produkto matmenys:97 x 101,5 x 76 (cm)<br \/>\nTalpa:45 l<\/p>","protected":false},"excerpt":{"rendered":"<p>STEP2 Vandens stalas su siurbliu Su STEP2 vandens stalu su siurbliu kiekviena saul\u0117ta diena tampa vandens nuotykiu! \u0160is vandens \u017eaislas<\/p>","protected":false},"featured_media":98429,"template":"","meta":{"_acf_changed":false,"_glsr_average":0,"_glsr_ranking":0,"_glsr_reviews":0},"product_brand":[],"product_cat":[395,229],"product_tag":[],"class_list":{"0":"post-98427","1":"product","2":"type-product","3":"status-publish","4":"has-post-thumbnail","6":"product_cat-vandens-ir-smelio-staliukai","7":"product_cat-zaislai-vaikams","8":"\"style=\"background-color: #2ecc711c;\"","10":"first","11":"instock","12":"purchasable","13":"product-type-simple"},"acf":[],"yoast_head":"<!-- This site is optimized with the Yoast SEO plugin v27.4 - https:\/\/yoast.com\/product\/yoast-seo-wordpress\/ -->\n<title>Step2 Vandens stalas su siurbliu<\/title>\n<meta name=\"description\" content=\"Step2 Vandens stalas su siurbliu - KidsPlay. Did\u017eiausias vaik\u0173 \u017eaisl\u0173 pasirinkimas.\" \/>\n<meta name=\"robots\" content=\"index, follow, max-snippet:-1, max-image-preview:large, max-video-preview:-1\" \/>\n<link rel=\"canonical\" href=\"https:\/\/kidsplay.lt\/lv\/products\/step2-vandens-stalas-su-siurbliu\/\" \/>\n<meta property=\"og:locale\" content=\"lv_LV\" \/>\n<meta property=\"og:type\" content=\"article\" \/>\n<meta property=\"og:title\" content=\"Step2 Vandens stalas su siurbliu\" \/>\n<meta property=\"og:description\" content=\"Step2 Vandens stalas su siurbliu - KidsPlay. Did\u017eiausias vaik\u0173 \u017eaisl\u0173 pasirinkimas.\" \/>\n<meta property=\"og:url\" content=\"https:\/\/kidsplay.lt\/lv\/products\/step2-vandens-stalas-su-siurbliu\/\" \/>\n<meta property=\"og:site_name\" content=\"KidsPlay\" \/>\n<meta property=\"article:publisher\" content=\"https:\/\/www.facebook.com\/www.kidsplay.lt\" \/>\n<meta property=\"article:modified_time\" content=\"2026-04-13T10:47:03+00:00\" \/>\n<meta property=\"og:image\" content=\"https:\/\/kidsplay.lt\/wp-content\/uploads\/2026\/04\/Step2-Vandens-stalas-su-siurbliu.jpg\" \/>\n\t<meta property=\"og:image:width\" content=\"1920\" \/>\n\t<meta property=\"og:image:height\" content=\"1920\" \/>\n\t<meta property=\"og:image:type\" content=\"image\/jpeg\" \/>\n<meta name=\"twitter:card\" content=\"summary_large_image\" \/>\n<meta name=\"twitter:label1\" content=\"Est. reading time\" \/>\n\t<meta name=\"twitter:data1\" content=\"1 min\u016bte\" \/>\n<script type=\"application\/ld+json\" class=\"yoast-schema-graph\">{\"@context\":\"https:\\\/\\\/schema.org\",\"@graph\":[{\"@type\":\"WebPage\",\"@id\":\"https:\\\/\\\/kidsplay.lt\\\/produktas\\\/step2-vandens-stalas-su-siurbliu\\\/\",\"url\":\"https:\\\/\\\/kidsplay.lt\\\/produktas\\\/step2-vandens-stalas-su-siurbliu\\\/\",\"name\":\"Step2 Vandens stalas su siurbliu\",\"isPartOf\":{\"@id\":\"https:\\\/\\\/kidsplay.lt\\\/#website\"},\"primaryImageOfPage\":{\"@id\":\"https:\\\/\\\/kidsplay.lt\\\/produktas\\\/step2-vandens-stalas-su-siurbliu\\\/#primaryimage\"},\"image\":{\"@id\":\"https:\\\/\\\/kidsplay.lt\\\/produktas\\\/step2-vandens-stalas-su-siurbliu\\\/#primaryimage\"},\"thumbnailUrl\":\"https:\\\/\\\/kidsplay.lt\\\/wp-content\\\/uploads\\\/2026\\\/04\\\/Step2-Vandens-stalas-su-siurbliu.jpg\",\"datePublished\":\"2026-04-02T05:34:03+00:00\",\"dateModified\":\"2026-04-13T10:47:03+00:00\",\"description\":\"Step2 Vandens stalas su siurbliu - KidsPlay. Did\u017eiausias vaik\u0173 \u017eaisl\u0173 pasirinkimas.\",\"breadcrumb\":{\"@id\":\"https:\\\/\\\/kidsplay.lt\\\/produktas\\\/step2-vandens-stalas-su-siurbliu\\\/#breadcrumb\"},\"inLanguage\":\"lv-LV\",\"potentialAction\":[{\"@type\":\"ReadAction\",\"target\":[\"https:\\\/\\\/kidsplay.lt\\\/produktas\\\/step2-vandens-stalas-su-siurbliu\\\/\"]}]},{\"@type\":\"ImageObject\",\"inLanguage\":\"lv-LV\",\"@id\":\"https:\\\/\\\/kidsplay.lt\\\/produktas\\\/step2-vandens-stalas-su-siurbliu\\\/#primaryimage\",\"url\":\"https:\\\/\\\/kidsplay.lt\\\/wp-content\\\/uploads\\\/2026\\\/04\\\/Step2-Vandens-stalas-su-siurbliu.jpg\",\"contentUrl\":\"https:\\\/\\\/kidsplay.lt\\\/wp-content\\\/uploads\\\/2026\\\/04\\\/Step2-Vandens-stalas-su-siurbliu.jpg\",\"width\":1920,\"height\":1920,\"caption\":\"Step2 Vandens stalas su siurbliu\"},{\"@type\":\"BreadcrumbList\",\"@id\":\"https:\\\/\\\/kidsplay.lt\\\/produktas\\\/step2-vandens-stalas-su-siurbliu\\\/#breadcrumb\",\"itemListElement\":[{\"@type\":\"ListItem\",\"position\":1,\"name\":\"Pagrindinis\",\"item\":\"https:\\\/\\\/kidsplay.lt\\\/\"},{\"@type\":\"ListItem\",\"position\":2,\"name\":\"Parduotuv\u0117\",\"item\":\"https:\\\/\\\/kidsplay.lt\\\/parduotuve\\\/\"},{\"@type\":\"ListItem\",\"position\":3,\"name\":\"Step2 Vandens stalas su siurbliu\"}]},{\"@type\":\"WebSite\",\"@id\":\"https:\\\/\\\/kidsplay.lt\\\/#website\",\"url\":\"https:\\\/\\\/kidsplay.lt\\\/\",\"name\":\"Kidsplay.lt\",\"description\":\"\u012evairios prek\u0117s vaikams\",\"publisher\":{\"@id\":\"https:\\\/\\\/kidsplay.lt\\\/#organization\"},\"alternateName\":\"Kidsplay\",\"potentialAction\":[{\"@type\":\"SearchAction\",\"target\":{\"@type\":\"EntryPoint\",\"urlTemplate\":\"https:\\\/\\\/kidsplay.lt\\\/?s={search_term_string}\"},\"query-input\":{\"@type\":\"PropertyValueSpecification\",\"valueRequired\":true,\"valueName\":\"search_term_string\"}}],\"inLanguage\":\"lv-LV\"},{\"@type\":\"Organization\",\"@id\":\"https:\\\/\\\/kidsplay.lt\\\/#organization\",\"name\":\"KidsPlay\",\"url\":\"https:\\\/\\\/kidsplay.lt\\\/\",\"logo\":{\"@type\":\"ImageObject\",\"inLanguage\":\"lv-LV\",\"@id\":\"https:\\\/\\\/kidsplay.lt\\\/#\\\/schema\\\/logo\\\/image\\\/\",\"url\":\"https:\\\/\\\/kidsplay.lt\\\/wp-content\\\/uploads\\\/2023\\\/07\\\/kidsplay-logo.png\",\"contentUrl\":\"https:\\\/\\\/kidsplay.lt\\\/wp-content\\\/uploads\\\/2023\\\/07\\\/kidsplay-logo.png\",\"width\":451,\"height\":98,\"caption\":\"KidsPlay\"},\"image\":{\"@id\":\"https:\\\/\\\/kidsplay.lt\\\/#\\\/schema\\\/logo\\\/image\\\/\"},\"sameAs\":[\"https:\\\/\\\/www.facebook.com\\\/www.kidsplay.lt\"]}]}<\/script>\n<!-- \/ Yoast SEO plugin. -->","yoast_head_json":{"title":"2.\u00a0solis. \u016adens galds ar s\u016bkni","description":"Step2 Vandens stalas su siurbliu - KidsPlay. Did\u017eiausias vaik\u0173 \u017eaisl\u0173 pasirinkimas.","robots":{"index":"index","follow":"follow","max-snippet":"max-snippet:-1","max-image-preview":"max-image-preview:large","max-video-preview":"max-video-preview:-1"},"canonical":"https:\/\/kidsplay.lt\/lv\/products\/step2-vandens-stalas-su-siurbliu\/","og_locale":"lv_LV","og_type":"article","og_title":"Step2 Vandens stalas su siurbliu","og_description":"Step2 Vandens stalas su siurbliu - KidsPlay. Did\u017eiausias vaik\u0173 \u017eaisl\u0173 pasirinkimas.","og_url":"https:\/\/kidsplay.lt\/lv\/products\/step2-vandens-stalas-su-siurbliu\/","og_site_name":"KidsPlay","article_publisher":"https:\/\/www.facebook.com\/www.kidsplay.lt","article_modified_time":"2026-04-13T10:47:03+00:00","og_image":[{"width":1920,"height":1920,"url":"https:\/\/kidsplay.lt\/wp-content\/uploads\/2026\/04\/Step2-Vandens-stalas-su-siurbliu.jpg","type":"image\/jpeg"}],"twitter_card":"summary_large_image","twitter_misc":{"Est. reading time":"1 min\u016bte"},"schema":{"@context":"https:\/\/schema.org","@graph":[{"@type":"WebPage","@id":"https:\/\/kidsplay.lt\/produktas\/step2-vandens-stalas-su-siurbliu\/","url":"https:\/\/kidsplay.lt\/produktas\/step2-vandens-stalas-su-siurbliu\/","name":"2.\u00a0solis. \u016adens galds ar s\u016bkni","isPartOf":{"@id":"https:\/\/kidsplay.lt\/#website"},"primaryImageOfPage":{"@id":"https:\/\/kidsplay.lt\/produktas\/step2-vandens-stalas-su-siurbliu\/#primaryimage"},"image":{"@id":"https:\/\/kidsplay.lt\/produktas\/step2-vandens-stalas-su-siurbliu\/#primaryimage"},"thumbnailUrl":"https:\/\/kidsplay.lt\/wp-content\/uploads\/2026\/04\/Step2-Vandens-stalas-su-siurbliu.jpg","datePublished":"2026-04-02T05:34:03+00:00","dateModified":"2026-04-13T10:47:03+00:00","description":"Step2 Vandens stalas su siurbliu - KidsPlay. Did\u017eiausias vaik\u0173 \u017eaisl\u0173 pasirinkimas.","breadcrumb":{"@id":"https:\/\/kidsplay.lt\/produktas\/step2-vandens-stalas-su-siurbliu\/#breadcrumb"},"inLanguage":"lv-LV","potentialAction":[{"@type":"ReadAction","target":["https:\/\/kidsplay.lt\/produktas\/step2-vandens-stalas-su-siurbliu\/"]}]},{"@type":"ImageObject","inLanguage":"lv-LV","@id":"https:\/\/kidsplay.lt\/produktas\/step2-vandens-stalas-su-siurbliu\/#primaryimage","url":"https:\/\/kidsplay.lt\/wp-content\/uploads\/2026\/04\/Step2-Vandens-stalas-su-siurbliu.jpg","contentUrl":"https:\/\/kidsplay.lt\/wp-content\/uploads\/2026\/04\/Step2-Vandens-stalas-su-siurbliu.jpg","width":1920,"height":1920,"caption":"Step2 Vandens stalas su siurbliu"},{"@type":"BreadcrumbList","@id":"https:\/\/kidsplay.lt\/produktas\/step2-vandens-stalas-su-siurbliu\/#breadcrumb","itemListElement":[{"@type":"ListItem","position":1,"name":"Pagrindinis","item":"https:\/\/kidsplay.lt\/"},{"@type":"ListItem","position":2,"name":"Parduotuv\u0117","item":"https:\/\/kidsplay.lt\/parduotuve\/"},{"@type":"ListItem","position":3,"name":"Step2 Vandens stalas su siurbliu"}]},{"@type":"WebSite","@id":"https:\/\/kidsplay.lt\/#website","url":"https:\/\/kidsplay.lt\/","name":"B\u0113rnu sp\u0113les.lv","description":"\u012evairios prek\u0117s vaikams","publisher":{"@id":"https:\/\/kidsplay.lt\/#organization"},"alternateName":"Kidsplay","potentialAction":[{"@type":"SearchAction","target":{"@type":"EntryPoint","urlTemplate":"https:\/\/kidsplay.lt\/?s={search_term_string}"},"query-input":{"@type":"PropertyValueSpecification","valueRequired":true,"valueName":"search_term_string"}}],"inLanguage":"lv-LV"},{"@type":"Organization","@id":"https:\/\/kidsplay.lt\/#organization","name":"B\u0113rnu sp\u0113le","url":"https:\/\/kidsplay.lt\/","logo":{"@type":"ImageObject","inLanguage":"lv-LV","@id":"https:\/\/kidsplay.lt\/#\/schema\/logo\/image\/","url":"https:\/\/kidsplay.lt\/wp-content\/uploads\/2023\/07\/kidsplay-logo.png","contentUrl":"https:\/\/kidsplay.lt\/wp-content\/uploads\/2023\/07\/kidsplay-logo.png","width":451,"height":98,"caption":"KidsPlay"},"image":{"@id":"https:\/\/kidsplay.lt\/#\/schema\/logo\/image\/"},"sameAs":["https:\/\/www.facebook.com\/www.kidsplay.lt"]}]}},"_links":{"self":[{"href":"https:\/\/kidsplay.lt\/lv\/wp-json\/wp\/v2\/product\/98427","targetHints":{"allow":["GET"]}}],"collection":[{"href":"https:\/\/kidsplay.lt\/lv\/wp-json\/wp\/v2\/product"}],"about":[{"href":"https:\/\/kidsplay.lt\/lv\/wp-json\/wp\/v2\/types\/product"}],"version-history":[{"count":1,"href":"https:\/\/kidsplay.lt\/lv\/wp-json\/wp\/v2\/product\/98427\/revisions"}],"predecessor-version":[{"id":98428,"href":"https:\/\/kidsplay.lt\/lv\/wp-json\/wp\/v2\/product\/98427\/revisions\/98428"}],"wp:featuredmedia":[{"embeddable":true,"href":"https:\/\/kidsplay.lt\/lv\/wp-json\/wp\/v2\/media\/98429"}],"wp:attachment":[{"href":"https:\/\/kidsplay.lt\/lv\/wp-json\/wp\/v2\/media?parent=98427"}],"wp:term":[{"taxonomy":"product_brand","embeddable":true,"href":"https:\/\/kidsplay.lt\/lv\/wp-json\/wp\/v2\/product_brand?post=98427"},{"taxonomy":"product_cat","embeddable":true,"href":"https:\/\/kidsplay.lt\/lv\/wp-json\/wp\/v2\/product_cat?post=98427"},{"taxonomy":"product_tag","embeddable":true,"href":"https:\/\/kidsplay.lt\/lv\/wp-json\/wp\/v2\/product_tag?post=98427"}],"curies":[{"name":"wp","href":"https:\/\/api.w.org\/{rel}","templated":true}]}}