{"id":98434,"date":"2026-04-02T08:34:17","date_gmt":"2026-04-02T05:34:17","guid":{"rendered":"https:\/\/kidsplay.lt\/produktas\/step2-vandens-stalas-su-lietaus-dusu-kibiru-piltuvu-ir-gyvuneliais\/"},"modified":"2026-04-07T09:28:19","modified_gmt":"2026-04-07T06:28:19","slug":"step2-vandens-stalas-su-lietaus-dusu-kibiru-piltuvu-ir-gyvuneliais","status":"publish","type":"product","link":"https:\/\/kidsplay.lt\/lv\/products\/step2-vandens-stalas-su-lietaus-dusu-kibiru-piltuvu-ir-gyvuneliais\/","title":{"rendered":"Step2 Vandens stalas su lietaus du\u0161u, kibiru, piltuvu ir gyv\u016bn\u0117liais"},"content":{"rendered":"<p>Step2 Vandens stalas su lietaus efektu, kibiru, piltuvu ir gyv\u016bn\u0117liais<br \/>\n\u0160is \u017eavingas vaik\u0173 vandens stalas suteikia puiki\u0105 galimyb\u0119 pasim\u0117gauti vandens \u017eaidimais. Dvigubas stalo indas sukuria realisti\u0161k\u0105 lietaus efekt\u0105 \u2013 tiesiog pilkite vanden\u012f ir smag\u016bs nuotykiai prasideda! Vanduo i\u0161 vir\u0161utinio indo sukuria lietaus efekt\u0105. Vienoje pus\u0117je vanduo teka \u012f kibir\u0105, kuris, kai u\u017esipildo, apsisuka ir i\u0161pilama vandens, o kitoje pus\u0117je yra \u010diaupas, kuris nukreipia vanden\u012f tiesiai \u012f besisukant\u012f ventiliatori\u0173. Komplekte taip pat yra \u0161okin\u0117jimo platforma gyv\u016bnams, kibiro laikiklis ir sietelis. Viskas nusileid\u017eia \u012f basein\u0105 apa\u010dioje.<br \/>\nFunkcijas:<\/p>\n<p> \tTinka vaikams nuo 2 met\u0173.<br \/>\n \tTalpa: apie 15 litr\u0173 vandens.<br \/>\n \tReikalingas suaugusiojo surinkimas.<br \/>\n \tLengva valyti.<\/p>\n<p>Jei kokyb\u0117 ir saugumas yra j\u016bs\u0173 prioritetai renkantis \u017eaislus vaikui, vis\u0105 spalving\u0105 \u201eStep2\u201c \u017eaisl\u0173 asortiment\u0105 tikrai patenkins tiek vaik\u0173, tiek t\u0117v\u0173 l\u016bkes\u010dius. Si\u016blomi produktai apima sm\u0117lio d\u0117\u017ees, sodo namelius, \u017eaidim\u0173 aik\u0161teles, dirbtuves, va\u017eiuojamuosius \u017eaislus, virtuv\u0117les ir vaik\u0173 baldus.<\/p>","protected":false},"excerpt":{"rendered":"<p>Step2 Vandens stalas su lietaus efektu, kibiru, piltuvu ir gyv\u016bn\u0117liais \u0160is \u017eavingas vaik\u0173 vandens stalas suteikia puiki\u0105 galimyb\u0119 pasim\u0117gauti vandens<\/p>","protected":false},"featured_media":98436,"template":"","meta":{"_acf_changed":false,"_glsr_average":0,"_glsr_ranking":0,"_glsr_reviews":0},"product_brand":[],"product_cat":[233,395],"product_tag":[],"class_list":{"0":"post-98434","1":"product","2":"type-product","3":"status-publish","4":"has-post-thumbnail","6":"product_cat-lauko-pramogos","7":"product_cat-vandens-ir-smelio-staliukai","8":"\"style=\"background-color: #2ecc711c;\"","10":"first","11":"instock","12":"purchasable","13":"product-type-simple"},"acf":[],"yoast_head":"<!-- This site is optimized with the Yoast SEO plugin v27.3 - https:\/\/yoast.com\/product\/yoast-seo-wordpress\/ -->\n<title>Step2 Vandens stalas su lietaus du\u0161u, kibiru, piltuvu ir gyv\u016bn\u0117liais<\/title>\n<meta name=\"description\" content=\"Step2 Vandens stalas su lietaus du\u0161u, kibiru, piltuvu ir gyv\u016bn\u0117liais - KidsPlay. Did\u017eiausias vaik\u0173 \u017eaisl\u0173 pasirinkimas.\" \/>\n<meta name=\"robots\" content=\"index, follow, max-snippet:-1, max-image-preview:large, max-video-preview:-1\" \/>\n<link rel=\"canonical\" href=\"https:\/\/kidsplay.lt\/lv\/products\/step2-vandens-stalas-su-lietaus-dusu-kibiru-piltuvu-ir-gyvuneliais\/\" \/>\n<meta property=\"og:locale\" content=\"lv_LV\" \/>\n<meta property=\"og:type\" content=\"article\" \/>\n<meta property=\"og:title\" content=\"Step2 Vandens stalas su lietaus du\u0161u, kibiru, piltuvu ir gyv\u016bn\u0117liais\" \/>\n<meta property=\"og:description\" content=\"Step2 Vandens stalas su lietaus du\u0161u, kibiru, piltuvu ir gyv\u016bn\u0117liais - KidsPlay. Did\u017eiausias vaik\u0173 \u017eaisl\u0173 pasirinkimas.\" \/>\n<meta property=\"og:url\" content=\"https:\/\/kidsplay.lt\/lv\/products\/step2-vandens-stalas-su-lietaus-dusu-kibiru-piltuvu-ir-gyvuneliais\/\" \/>\n<meta property=\"og:site_name\" content=\"KidsPlay\" \/>\n<meta property=\"article:publisher\" content=\"https:\/\/www.facebook.com\/www.kidsplay.lt\" \/>\n<meta property=\"article:modified_time\" content=\"2026-04-07T06:28:19+00:00\" \/>\n<meta property=\"og:image\" content=\"https:\/\/kidsplay.lt\/wp-content\/uploads\/2026\/04\/Step2-Vandens-stalas-su-lietaus-dusu-kibiru-piltuvu-ir-gyvuneliais.jpg\" \/>\n\t<meta property=\"og:image:width\" content=\"1500\" \/>\n\t<meta property=\"og:image:height\" content=\"1500\" \/>\n\t<meta property=\"og:image:type\" content=\"image\/jpeg\" \/>\n<meta name=\"twitter:card\" content=\"summary_large_image\" \/>\n<meta name=\"twitter:label1\" content=\"Est. reading time\" \/>\n\t<meta name=\"twitter:data1\" content=\"1 min\u016bte\" \/>\n<script type=\"application\/ld+json\" class=\"yoast-schema-graph\">{\"@context\":\"https:\\\/\\\/schema.org\",\"@graph\":[{\"@type\":\"WebPage\",\"@id\":\"https:\\\/\\\/kidsplay.lt\\\/produktas\\\/step2-vandens-stalas-su-lietaus-dusu-kibiru-piltuvu-ir-gyvuneliais\\\/\",\"url\":\"https:\\\/\\\/kidsplay.lt\\\/produktas\\\/step2-vandens-stalas-su-lietaus-dusu-kibiru-piltuvu-ir-gyvuneliais\\\/\",\"name\":\"Step2 Vandens stalas su lietaus du\u0161u, kibiru, piltuvu ir gyv\u016bn\u0117liais\",\"isPartOf\":{\"@id\":\"https:\\\/\\\/kidsplay.lt\\\/#website\"},\"primaryImageOfPage\":{\"@id\":\"https:\\\/\\\/kidsplay.lt\\\/produktas\\\/step2-vandens-stalas-su-lietaus-dusu-kibiru-piltuvu-ir-gyvuneliais\\\/#primaryimage\"},\"image\":{\"@id\":\"https:\\\/\\\/kidsplay.lt\\\/produktas\\\/step2-vandens-stalas-su-lietaus-dusu-kibiru-piltuvu-ir-gyvuneliais\\\/#primaryimage\"},\"thumbnailUrl\":\"https:\\\/\\\/kidsplay.lt\\\/wp-content\\\/uploads\\\/2026\\\/04\\\/Step2-Vandens-stalas-su-lietaus-dusu-kibiru-piltuvu-ir-gyvuneliais.jpg\",\"datePublished\":\"2026-04-02T05:34:17+00:00\",\"dateModified\":\"2026-04-07T06:28:19+00:00\",\"description\":\"Step2 Vandens stalas su lietaus du\u0161u, kibiru, piltuvu ir gyv\u016bn\u0117liais - KidsPlay. Did\u017eiausias vaik\u0173 \u017eaisl\u0173 pasirinkimas.\",\"breadcrumb\":{\"@id\":\"https:\\\/\\\/kidsplay.lt\\\/produktas\\\/step2-vandens-stalas-su-lietaus-dusu-kibiru-piltuvu-ir-gyvuneliais\\\/#breadcrumb\"},\"inLanguage\":\"lv-LV\",\"potentialAction\":[{\"@type\":\"ReadAction\",\"target\":[\"https:\\\/\\\/kidsplay.lt\\\/produktas\\\/step2-vandens-stalas-su-lietaus-dusu-kibiru-piltuvu-ir-gyvuneliais\\\/\"]}]},{\"@type\":\"ImageObject\",\"inLanguage\":\"lv-LV\",\"@id\":\"https:\\\/\\\/kidsplay.lt\\\/produktas\\\/step2-vandens-stalas-su-lietaus-dusu-kibiru-piltuvu-ir-gyvuneliais\\\/#primaryimage\",\"url\":\"https:\\\/\\\/kidsplay.lt\\\/wp-content\\\/uploads\\\/2026\\\/04\\\/Step2-Vandens-stalas-su-lietaus-dusu-kibiru-piltuvu-ir-gyvuneliais.jpg\",\"contentUrl\":\"https:\\\/\\\/kidsplay.lt\\\/wp-content\\\/uploads\\\/2026\\\/04\\\/Step2-Vandens-stalas-su-lietaus-dusu-kibiru-piltuvu-ir-gyvuneliais.jpg\",\"width\":1500,\"height\":1500,\"caption\":\"Step2 Vandens stalas su lietaus du\u0161u\"},{\"@type\":\"BreadcrumbList\",\"@id\":\"https:\\\/\\\/kidsplay.lt\\\/produktas\\\/step2-vandens-stalas-su-lietaus-dusu-kibiru-piltuvu-ir-gyvuneliais\\\/#breadcrumb\",\"itemListElement\":[{\"@type\":\"ListItem\",\"position\":1,\"name\":\"Pagrindinis\",\"item\":\"https:\\\/\\\/kidsplay.lt\\\/\"},{\"@type\":\"ListItem\",\"position\":2,\"name\":\"Parduotuv\u0117\",\"item\":\"https:\\\/\\\/kidsplay.lt\\\/parduotuve\\\/\"},{\"@type\":\"ListItem\",\"position\":3,\"name\":\"Step2 Vandens stalas su lietaus du\u0161u, kibiru, piltuvu ir gyv\u016bn\u0117liais\"}]},{\"@type\":\"WebSite\",\"@id\":\"https:\\\/\\\/kidsplay.lt\\\/#website\",\"url\":\"https:\\\/\\\/kidsplay.lt\\\/\",\"name\":\"Kidsplay.lt\",\"description\":\"\u012evairios prek\u0117s vaikams\",\"publisher\":{\"@id\":\"https:\\\/\\\/kidsplay.lt\\\/#organization\"},\"alternateName\":\"Kidsplay\",\"potentialAction\":[{\"@type\":\"SearchAction\",\"target\":{\"@type\":\"EntryPoint\",\"urlTemplate\":\"https:\\\/\\\/kidsplay.lt\\\/?s={search_term_string}\"},\"query-input\":{\"@type\":\"PropertyValueSpecification\",\"valueRequired\":true,\"valueName\":\"search_term_string\"}}],\"inLanguage\":\"lv-LV\"},{\"@type\":\"Organization\",\"@id\":\"https:\\\/\\\/kidsplay.lt\\\/#organization\",\"name\":\"KidsPlay\",\"url\":\"https:\\\/\\\/kidsplay.lt\\\/\",\"logo\":{\"@type\":\"ImageObject\",\"inLanguage\":\"lv-LV\",\"@id\":\"https:\\\/\\\/kidsplay.lt\\\/#\\\/schema\\\/logo\\\/image\\\/\",\"url\":\"https:\\\/\\\/kidsplay.lt\\\/wp-content\\\/uploads\\\/2023\\\/07\\\/kidsplay-logo.png\",\"contentUrl\":\"https:\\\/\\\/kidsplay.lt\\\/wp-content\\\/uploads\\\/2023\\\/07\\\/kidsplay-logo.png\",\"width\":451,\"height\":98,\"caption\":\"KidsPlay\"},\"image\":{\"@id\":\"https:\\\/\\\/kidsplay.lt\\\/#\\\/schema\\\/logo\\\/image\\\/\"},\"sameAs\":[\"https:\\\/\\\/www.facebook.com\\\/www.kidsplay.lt\"]}]}<\/script>\n<!-- \/ Yoast SEO plugin. -->","yoast_head_json":{"title":"Step2 Vandens stalas su lietaus du\u0161u, kibiru, piltuvu ir gyv\u016bn\u0117liais","description":"Step2 Vandens stalas su lietaus du\u0161u, kibiru, piltuvu ir gyv\u016bn\u0117liais - KidsPlay. Did\u017eiausias vaik\u0173 \u017eaisl\u0173 pasirinkimas.","robots":{"index":"index","follow":"follow","max-snippet":"max-snippet:-1","max-image-preview":"max-image-preview:large","max-video-preview":"max-video-preview:-1"},"canonical":"https:\/\/kidsplay.lt\/lv\/products\/step2-vandens-stalas-su-lietaus-dusu-kibiru-piltuvu-ir-gyvuneliais\/","og_locale":"lv_LV","og_type":"article","og_title":"Step2 Vandens stalas su lietaus du\u0161u, kibiru, piltuvu ir gyv\u016bn\u0117liais","og_description":"Step2 Vandens stalas su lietaus du\u0161u, kibiru, piltuvu ir gyv\u016bn\u0117liais - KidsPlay. Did\u017eiausias vaik\u0173 \u017eaisl\u0173 pasirinkimas.","og_url":"https:\/\/kidsplay.lt\/lv\/products\/step2-vandens-stalas-su-lietaus-dusu-kibiru-piltuvu-ir-gyvuneliais\/","og_site_name":"KidsPlay","article_publisher":"https:\/\/www.facebook.com\/www.kidsplay.lt","article_modified_time":"2026-04-07T06:28:19+00:00","og_image":[{"width":1500,"height":1500,"url":"https:\/\/kidsplay.lt\/wp-content\/uploads\/2026\/04\/Step2-Vandens-stalas-su-lietaus-dusu-kibiru-piltuvu-ir-gyvuneliais.jpg","type":"image\/jpeg"}],"twitter_card":"summary_large_image","twitter_misc":{"Est. reading time":"1 min\u016bte"},"schema":{"@context":"https:\/\/schema.org","@graph":[{"@type":"WebPage","@id":"https:\/\/kidsplay.lt\/produktas\/step2-vandens-stalas-su-lietaus-dusu-kibiru-piltuvu-ir-gyvuneliais\/","url":"https:\/\/kidsplay.lt\/produktas\/step2-vandens-stalas-su-lietaus-dusu-kibiru-piltuvu-ir-gyvuneliais\/","name":"Step2 Vandens stalas su lietaus du\u0161u, kibiru, piltuvu ir gyv\u016bn\u0117liais","isPartOf":{"@id":"https:\/\/kidsplay.lt\/#website"},"primaryImageOfPage":{"@id":"https:\/\/kidsplay.lt\/produktas\/step2-vandens-stalas-su-lietaus-dusu-kibiru-piltuvu-ir-gyvuneliais\/#primaryimage"},"image":{"@id":"https:\/\/kidsplay.lt\/produktas\/step2-vandens-stalas-su-lietaus-dusu-kibiru-piltuvu-ir-gyvuneliais\/#primaryimage"},"thumbnailUrl":"https:\/\/kidsplay.lt\/wp-content\/uploads\/2026\/04\/Step2-Vandens-stalas-su-lietaus-dusu-kibiru-piltuvu-ir-gyvuneliais.jpg","datePublished":"2026-04-02T05:34:17+00:00","dateModified":"2026-04-07T06:28:19+00:00","description":"Step2 Vandens stalas su lietaus du\u0161u, kibiru, piltuvu ir gyv\u016bn\u0117liais - KidsPlay. Did\u017eiausias vaik\u0173 \u017eaisl\u0173 pasirinkimas.","breadcrumb":{"@id":"https:\/\/kidsplay.lt\/produktas\/step2-vandens-stalas-su-lietaus-dusu-kibiru-piltuvu-ir-gyvuneliais\/#breadcrumb"},"inLanguage":"lv-LV","potentialAction":[{"@type":"ReadAction","target":["https:\/\/kidsplay.lt\/produktas\/step2-vandens-stalas-su-lietaus-dusu-kibiru-piltuvu-ir-gyvuneliais\/"]}]},{"@type":"ImageObject","inLanguage":"lv-LV","@id":"https:\/\/kidsplay.lt\/produktas\/step2-vandens-stalas-su-lietaus-dusu-kibiru-piltuvu-ir-gyvuneliais\/#primaryimage","url":"https:\/\/kidsplay.lt\/wp-content\/uploads\/2026\/04\/Step2-Vandens-stalas-su-lietaus-dusu-kibiru-piltuvu-ir-gyvuneliais.jpg","contentUrl":"https:\/\/kidsplay.lt\/wp-content\/uploads\/2026\/04\/Step2-Vandens-stalas-su-lietaus-dusu-kibiru-piltuvu-ir-gyvuneliais.jpg","width":1500,"height":1500,"caption":"Step2 Vandens stalas su lietaus du\u0161u"},{"@type":"BreadcrumbList","@id":"https:\/\/kidsplay.lt\/produktas\/step2-vandens-stalas-su-lietaus-dusu-kibiru-piltuvu-ir-gyvuneliais\/#breadcrumb","itemListElement":[{"@type":"ListItem","position":1,"name":"Pagrindinis","item":"https:\/\/kidsplay.lt\/"},{"@type":"ListItem","position":2,"name":"Parduotuv\u0117","item":"https:\/\/kidsplay.lt\/parduotuve\/"},{"@type":"ListItem","position":3,"name":"Step2 Vandens stalas su lietaus du\u0161u, kibiru, piltuvu ir gyv\u016bn\u0117liais"}]},{"@type":"WebSite","@id":"https:\/\/kidsplay.lt\/#website","url":"https:\/\/kidsplay.lt\/","name":"B\u0113rnu sp\u0113les.lv","description":"\u012evairios prek\u0117s vaikams","publisher":{"@id":"https:\/\/kidsplay.lt\/#organization"},"alternateName":"Kidsplay","potentialAction":[{"@type":"SearchAction","target":{"@type":"EntryPoint","urlTemplate":"https:\/\/kidsplay.lt\/?s={search_term_string}"},"query-input":{"@type":"PropertyValueSpecification","valueRequired":true,"valueName":"search_term_string"}}],"inLanguage":"lv-LV"},{"@type":"Organization","@id":"https:\/\/kidsplay.lt\/#organization","name":"B\u0113rnu sp\u0113le","url":"https:\/\/kidsplay.lt\/","logo":{"@type":"ImageObject","inLanguage":"lv-LV","@id":"https:\/\/kidsplay.lt\/#\/schema\/logo\/image\/","url":"https:\/\/kidsplay.lt\/wp-content\/uploads\/2023\/07\/kidsplay-logo.png","contentUrl":"https:\/\/kidsplay.lt\/wp-content\/uploads\/2023\/07\/kidsplay-logo.png","width":451,"height":98,"caption":"KidsPlay"},"image":{"@id":"https:\/\/kidsplay.lt\/#\/schema\/logo\/image\/"},"sameAs":["https:\/\/www.facebook.com\/www.kidsplay.lt"]}]}},"_links":{"self":[{"href":"https:\/\/kidsplay.lt\/lv\/wp-json\/wp\/v2\/product\/98434","targetHints":{"allow":["GET"]}}],"collection":[{"href":"https:\/\/kidsplay.lt\/lv\/wp-json\/wp\/v2\/product"}],"about":[{"href":"https:\/\/kidsplay.lt\/lv\/wp-json\/wp\/v2\/types\/product"}],"version-history":[{"count":1,"href":"https:\/\/kidsplay.lt\/lv\/wp-json\/wp\/v2\/product\/98434\/revisions"}],"predecessor-version":[{"id":98435,"href":"https:\/\/kidsplay.lt\/lv\/wp-json\/wp\/v2\/product\/98434\/revisions\/98435"}],"wp:featuredmedia":[{"embeddable":true,"href":"https:\/\/kidsplay.lt\/lv\/wp-json\/wp\/v2\/media\/98436"}],"wp:attachment":[{"href":"https:\/\/kidsplay.lt\/lv\/wp-json\/wp\/v2\/media?parent=98434"}],"wp:term":[{"taxonomy":"product_brand","embeddable":true,"href":"https:\/\/kidsplay.lt\/lv\/wp-json\/wp\/v2\/product_brand?post=98434"},{"taxonomy":"product_cat","embeddable":true,"href":"https:\/\/kidsplay.lt\/lv\/wp-json\/wp\/v2\/product_cat?post=98434"},{"taxonomy":"product_tag","embeddable":true,"href":"https:\/\/kidsplay.lt\/lv\/wp-json\/wp\/v2\/product_tag?post=98434"}],"curies":[{"name":"wp","href":"https:\/\/api.w.org\/{rel}","templated":true}]}}