{"id":98441,"date":"2026-04-02T08:34:29","date_gmt":"2026-04-02T05:34:29","guid":{"rendered":"https:\/\/kidsplay.lt\/produktas\/little-tikes-pikniko-stalas\/"},"modified":"2026-04-07T09:28:25","modified_gmt":"2026-04-07T06:28:25","slug":"little-tikes-pikniko-stalas","status":"publish","type":"product","link":"https:\/\/kidsplay.lt\/lv\/products\/little-tikes-pikniko-stalas\/","title":{"rendered":"\u201eLITTLE TIKES\u201c Pikniko stalas"},"content":{"rendered":"<p>\u201eLittle Tikes\u201c Pikniko stalas (M\u0117lynas, Raudonas, Geltonas)<br \/>\n\u0160is \u201eLittle Tikes\u201c sukurtas pikniko stalas yra puikus pasirinkimas \u017eaidimams tiek viduje, tiek lauke. Stalas yra pagamintas kaip viena vientisa dalis, su patogiais raudonais suolais ir u\u017eapvalintais, lygiais kra\u0161tais, kad u\u017etikrint\u0173 saugum\u0105. Tinka \u012fvairiems k\u016brybiniams darbams, tokiems kaip klijavimas, pie\u0161imas, karpymas ar valgymas. Keturi vaikai gali s\u0117d\u0117ti prie stalo vienu metu. J\u012f lengva pri\u017ei\u016br\u0117ti ir valyti.<br \/>\nFunkcijas:<\/p>\n<p> \tViena vientisa stalo konstrukcija.<br \/>\n \tPatog\u016bs raudoni suolai.<br \/>\n \tU\u017eapvalinti ir lyg\u016bs kra\u0161tai u\u017etikrina saugum\u0105.<br \/>\n \tStalas puikiai tinka k\u016brybinei veiklai, tokiai kaip lipdymas, pie\u0161imas, karpymas ir valgymas.<br \/>\n \tPrie stalo vienu metu gali s\u0117d\u0117ti keturi vaikai.<br \/>\n \tLengva pri\u017ei\u016br\u0117ti ir valyti.<br \/>\n \tTinka \u017eaisti tiek namuose, tiek sode.<\/p>","protected":false},"excerpt":{"rendered":"<p>\u201eLittle Tikes\u201c Pikniko stalas (M\u0117lynas, Raudonas, Geltonas) \u0160is \u201eLittle Tikes\u201c sukurtas pikniko stalas yra puikus pasirinkimas \u017eaidimams tiek viduje, tiek<\/p>","protected":false},"featured_media":98443,"template":"","meta":{"_acf_changed":false,"_glsr_average":0,"_glsr_ranking":0,"_glsr_reviews":0},"product_brand":[],"product_cat":[233,430],"product_tag":[],"class_list":{"0":"post-98441","1":"product","2":"type-product","3":"status-publish","4":"has-post-thumbnail","6":"product_cat-lauko-pramogos","7":"product_cat-zaidimai-ir-linksmybes","8":"\"style=\"background-color: #2ecc711c;\"","10":"first","11":"instock","12":"purchasable","13":"product-type-simple"},"acf":[],"yoast_head":"<!-- This site is optimized with the Yoast SEO plugin v27.3 - https:\/\/yoast.com\/product\/yoast-seo-wordpress\/ -->\n<title>\u201eLITTLE TIKES\u201c Pikniko stalas<\/title>\n<meta name=\"description\" content=\"\u201eLITTLE TIKES\u201c Pikniko stalas - KidsPlay. Did\u017eiausias vaik\u0173 \u017eaisl\u0173 pasirinkimas.\" \/>\n<meta name=\"robots\" content=\"index, follow, max-snippet:-1, max-image-preview:large, max-video-preview:-1\" \/>\n<link rel=\"canonical\" href=\"https:\/\/kidsplay.lt\/lv\/products\/little-tikes-pikniko-stalas\/\" \/>\n<meta property=\"og:locale\" content=\"lv_LV\" \/>\n<meta property=\"og:type\" content=\"article\" \/>\n<meta property=\"og:title\" content=\"\u201eLITTLE TIKES\u201c Pikniko stalas\" \/>\n<meta property=\"og:description\" content=\"\u201eLITTLE TIKES\u201c Pikniko stalas - KidsPlay. Did\u017eiausias vaik\u0173 \u017eaisl\u0173 pasirinkimas.\" \/>\n<meta property=\"og:url\" content=\"https:\/\/kidsplay.lt\/lv\/products\/little-tikes-pikniko-stalas\/\" \/>\n<meta property=\"og:site_name\" content=\"KidsPlay\" \/>\n<meta property=\"article:publisher\" content=\"https:\/\/www.facebook.com\/www.kidsplay.lt\" \/>\n<meta property=\"article:modified_time\" content=\"2026-04-07T06:28:25+00:00\" \/>\n<meta property=\"og:image\" content=\"https:\/\/kidsplay.lt\/wp-content\/uploads\/2026\/04\/\u201eLITTLE-TIKES-Pikniko-stalas.jpg\" \/>\n\t<meta property=\"og:image:width\" content=\"600\" \/>\n\t<meta property=\"og:image:height\" content=\"600\" \/>\n\t<meta property=\"og:image:type\" content=\"image\/jpeg\" \/>\n<meta name=\"twitter:card\" content=\"summary_large_image\" \/>\n<meta name=\"twitter:label1\" content=\"Est. reading time\" \/>\n\t<meta name=\"twitter:data1\" content=\"1 min\u016bte\" \/>\n<script type=\"application\/ld+json\" class=\"yoast-schema-graph\">{\"@context\":\"https:\\\/\\\/schema.org\",\"@graph\":[{\"@type\":\"WebPage\",\"@id\":\"https:\\\/\\\/kidsplay.lt\\\/produktas\\\/little-tikes-pikniko-stalas\\\/\",\"url\":\"https:\\\/\\\/kidsplay.lt\\\/produktas\\\/little-tikes-pikniko-stalas\\\/\",\"name\":\"\u201eLITTLE TIKES\u201c Pikniko stalas\",\"isPartOf\":{\"@id\":\"https:\\\/\\\/kidsplay.lt\\\/#website\"},\"primaryImageOfPage\":{\"@id\":\"https:\\\/\\\/kidsplay.lt\\\/produktas\\\/little-tikes-pikniko-stalas\\\/#primaryimage\"},\"image\":{\"@id\":\"https:\\\/\\\/kidsplay.lt\\\/produktas\\\/little-tikes-pikniko-stalas\\\/#primaryimage\"},\"thumbnailUrl\":\"https:\\\/\\\/kidsplay.lt\\\/wp-content\\\/uploads\\\/2026\\\/04\\\/\u201eLITTLE-TIKES-Pikniko-stalas.jpg\",\"datePublished\":\"2026-04-02T05:34:29+00:00\",\"dateModified\":\"2026-04-07T06:28:25+00:00\",\"description\":\"\u201eLITTLE TIKES\u201c Pikniko stalas - KidsPlay. Did\u017eiausias vaik\u0173 \u017eaisl\u0173 pasirinkimas.\",\"breadcrumb\":{\"@id\":\"https:\\\/\\\/kidsplay.lt\\\/produktas\\\/little-tikes-pikniko-stalas\\\/#breadcrumb\"},\"inLanguage\":\"lv-LV\",\"potentialAction\":[{\"@type\":\"ReadAction\",\"target\":[\"https:\\\/\\\/kidsplay.lt\\\/produktas\\\/little-tikes-pikniko-stalas\\\/\"]}]},{\"@type\":\"ImageObject\",\"inLanguage\":\"lv-LV\",\"@id\":\"https:\\\/\\\/kidsplay.lt\\\/produktas\\\/little-tikes-pikniko-stalas\\\/#primaryimage\",\"url\":\"https:\\\/\\\/kidsplay.lt\\\/wp-content\\\/uploads\\\/2026\\\/04\\\/\u201eLITTLE-TIKES-Pikniko-stalas.jpg\",\"contentUrl\":\"https:\\\/\\\/kidsplay.lt\\\/wp-content\\\/uploads\\\/2026\\\/04\\\/\u201eLITTLE-TIKES-Pikniko-stalas.jpg\",\"width\":600,\"height\":600,\"caption\":\"\u201eLITTLE TIKES\u201c Pikniko stalas\"},{\"@type\":\"BreadcrumbList\",\"@id\":\"https:\\\/\\\/kidsplay.lt\\\/produktas\\\/little-tikes-pikniko-stalas\\\/#breadcrumb\",\"itemListElement\":[{\"@type\":\"ListItem\",\"position\":1,\"name\":\"Pagrindinis\",\"item\":\"https:\\\/\\\/kidsplay.lt\\\/\"},{\"@type\":\"ListItem\",\"position\":2,\"name\":\"Parduotuv\u0117\",\"item\":\"https:\\\/\\\/kidsplay.lt\\\/parduotuve\\\/\"},{\"@type\":\"ListItem\",\"position\":3,\"name\":\"\u201eLITTLE TIKES\u201c Pikniko stalas\"}]},{\"@type\":\"WebSite\",\"@id\":\"https:\\\/\\\/kidsplay.lt\\\/#website\",\"url\":\"https:\\\/\\\/kidsplay.lt\\\/\",\"name\":\"Kidsplay.lt\",\"description\":\"\u012evairios prek\u0117s vaikams\",\"publisher\":{\"@id\":\"https:\\\/\\\/kidsplay.lt\\\/#organization\"},\"alternateName\":\"Kidsplay\",\"potentialAction\":[{\"@type\":\"SearchAction\",\"target\":{\"@type\":\"EntryPoint\",\"urlTemplate\":\"https:\\\/\\\/kidsplay.lt\\\/?s={search_term_string}\"},\"query-input\":{\"@type\":\"PropertyValueSpecification\",\"valueRequired\":true,\"valueName\":\"search_term_string\"}}],\"inLanguage\":\"lv-LV\"},{\"@type\":\"Organization\",\"@id\":\"https:\\\/\\\/kidsplay.lt\\\/#organization\",\"name\":\"KidsPlay\",\"url\":\"https:\\\/\\\/kidsplay.lt\\\/\",\"logo\":{\"@type\":\"ImageObject\",\"inLanguage\":\"lv-LV\",\"@id\":\"https:\\\/\\\/kidsplay.lt\\\/#\\\/schema\\\/logo\\\/image\\\/\",\"url\":\"https:\\\/\\\/kidsplay.lt\\\/wp-content\\\/uploads\\\/2023\\\/07\\\/kidsplay-logo.png\",\"contentUrl\":\"https:\\\/\\\/kidsplay.lt\\\/wp-content\\\/uploads\\\/2023\\\/07\\\/kidsplay-logo.png\",\"width\":451,\"height\":98,\"caption\":\"KidsPlay\"},\"image\":{\"@id\":\"https:\\\/\\\/kidsplay.lt\\\/#\\\/schema\\\/logo\\\/image\\\/\"},\"sameAs\":[\"https:\\\/\\\/www.facebook.com\\\/www.kidsplay.lt\"]}]}<\/script>\n<!-- \/ Yoast SEO plugin. -->","yoast_head_json":{"title":"\u201eLITTLE TIKES\u201c Pikniko stalas","description":"\u201eLITTLE TIKES\u201c Pikniko stalas - KidsPlay. Did\u017eiausias vaik\u0173 \u017eaisl\u0173 pasirinkimas.","robots":{"index":"index","follow":"follow","max-snippet":"max-snippet:-1","max-image-preview":"max-image-preview:large","max-video-preview":"max-video-preview:-1"},"canonical":"https:\/\/kidsplay.lt\/lv\/products\/little-tikes-pikniko-stalas\/","og_locale":"lv_LV","og_type":"article","og_title":"\u201eLITTLE TIKES\u201c Pikniko stalas","og_description":"\u201eLITTLE TIKES\u201c Pikniko stalas - KidsPlay. Did\u017eiausias vaik\u0173 \u017eaisl\u0173 pasirinkimas.","og_url":"https:\/\/kidsplay.lt\/lv\/products\/little-tikes-pikniko-stalas\/","og_site_name":"KidsPlay","article_publisher":"https:\/\/www.facebook.com\/www.kidsplay.lt","article_modified_time":"2026-04-07T06:28:25+00:00","og_image":[{"width":600,"height":600,"url":"https:\/\/kidsplay.lt\/wp-content\/uploads\/2026\/04\/\u201eLITTLE-TIKES-Pikniko-stalas.jpg","type":"image\/jpeg"}],"twitter_card":"summary_large_image","twitter_misc":{"Est. reading time":"1 min\u016bte"},"schema":{"@context":"https:\/\/schema.org","@graph":[{"@type":"WebPage","@id":"https:\/\/kidsplay.lt\/produktas\/little-tikes-pikniko-stalas\/","url":"https:\/\/kidsplay.lt\/produktas\/little-tikes-pikniko-stalas\/","name":"\u201eLITTLE TIKES\u201c Pikniko stalas","isPartOf":{"@id":"https:\/\/kidsplay.lt\/#website"},"primaryImageOfPage":{"@id":"https:\/\/kidsplay.lt\/produktas\/little-tikes-pikniko-stalas\/#primaryimage"},"image":{"@id":"https:\/\/kidsplay.lt\/produktas\/little-tikes-pikniko-stalas\/#primaryimage"},"thumbnailUrl":"https:\/\/kidsplay.lt\/wp-content\/uploads\/2026\/04\/\u201eLITTLE-TIKES-Pikniko-stalas.jpg","datePublished":"2026-04-02T05:34:29+00:00","dateModified":"2026-04-07T06:28:25+00:00","description":"\u201eLITTLE TIKES\u201c Pikniko stalas - KidsPlay. Did\u017eiausias vaik\u0173 \u017eaisl\u0173 pasirinkimas.","breadcrumb":{"@id":"https:\/\/kidsplay.lt\/produktas\/little-tikes-pikniko-stalas\/#breadcrumb"},"inLanguage":"lv-LV","potentialAction":[{"@type":"ReadAction","target":["https:\/\/kidsplay.lt\/produktas\/little-tikes-pikniko-stalas\/"]}]},{"@type":"ImageObject","inLanguage":"lv-LV","@id":"https:\/\/kidsplay.lt\/produktas\/little-tikes-pikniko-stalas\/#primaryimage","url":"https:\/\/kidsplay.lt\/wp-content\/uploads\/2026\/04\/\u201eLITTLE-TIKES-Pikniko-stalas.jpg","contentUrl":"https:\/\/kidsplay.lt\/wp-content\/uploads\/2026\/04\/\u201eLITTLE-TIKES-Pikniko-stalas.jpg","width":600,"height":600,"caption":"\u201eLITTLE TIKES\u201c Pikniko stalas"},{"@type":"BreadcrumbList","@id":"https:\/\/kidsplay.lt\/produktas\/little-tikes-pikniko-stalas\/#breadcrumb","itemListElement":[{"@type":"ListItem","position":1,"name":"Pagrindinis","item":"https:\/\/kidsplay.lt\/"},{"@type":"ListItem","position":2,"name":"Parduotuv\u0117","item":"https:\/\/kidsplay.lt\/parduotuve\/"},{"@type":"ListItem","position":3,"name":"\u201eLITTLE TIKES\u201c Pikniko stalas"}]},{"@type":"WebSite","@id":"https:\/\/kidsplay.lt\/#website","url":"https:\/\/kidsplay.lt\/","name":"B\u0113rnu sp\u0113les.lv","description":"\u012evairios prek\u0117s vaikams","publisher":{"@id":"https:\/\/kidsplay.lt\/#organization"},"alternateName":"Kidsplay","potentialAction":[{"@type":"SearchAction","target":{"@type":"EntryPoint","urlTemplate":"https:\/\/kidsplay.lt\/?s={search_term_string}"},"query-input":{"@type":"PropertyValueSpecification","valueRequired":true,"valueName":"search_term_string"}}],"inLanguage":"lv-LV"},{"@type":"Organization","@id":"https:\/\/kidsplay.lt\/#organization","name":"B\u0113rnu sp\u0113le","url":"https:\/\/kidsplay.lt\/","logo":{"@type":"ImageObject","inLanguage":"lv-LV","@id":"https:\/\/kidsplay.lt\/#\/schema\/logo\/image\/","url":"https:\/\/kidsplay.lt\/wp-content\/uploads\/2023\/07\/kidsplay-logo.png","contentUrl":"https:\/\/kidsplay.lt\/wp-content\/uploads\/2023\/07\/kidsplay-logo.png","width":451,"height":98,"caption":"KidsPlay"},"image":{"@id":"https:\/\/kidsplay.lt\/#\/schema\/logo\/image\/"},"sameAs":["https:\/\/www.facebook.com\/www.kidsplay.lt"]}]}},"_links":{"self":[{"href":"https:\/\/kidsplay.lt\/lv\/wp-json\/wp\/v2\/product\/98441","targetHints":{"allow":["GET"]}}],"collection":[{"href":"https:\/\/kidsplay.lt\/lv\/wp-json\/wp\/v2\/product"}],"about":[{"href":"https:\/\/kidsplay.lt\/lv\/wp-json\/wp\/v2\/types\/product"}],"version-history":[{"count":1,"href":"https:\/\/kidsplay.lt\/lv\/wp-json\/wp\/v2\/product\/98441\/revisions"}],"predecessor-version":[{"id":98442,"href":"https:\/\/kidsplay.lt\/lv\/wp-json\/wp\/v2\/product\/98441\/revisions\/98442"}],"wp:featuredmedia":[{"embeddable":true,"href":"https:\/\/kidsplay.lt\/lv\/wp-json\/wp\/v2\/media\/98443"}],"wp:attachment":[{"href":"https:\/\/kidsplay.lt\/lv\/wp-json\/wp\/v2\/media?parent=98441"}],"wp:term":[{"taxonomy":"product_brand","embeddable":true,"href":"https:\/\/kidsplay.lt\/lv\/wp-json\/wp\/v2\/product_brand?post=98441"},{"taxonomy":"product_cat","embeddable":true,"href":"https:\/\/kidsplay.lt\/lv\/wp-json\/wp\/v2\/product_cat?post=98441"},{"taxonomy":"product_tag","embeddable":true,"href":"https:\/\/kidsplay.lt\/lv\/wp-json\/wp\/v2\/product_tag?post=98441"}],"curies":[{"name":"wp","href":"https:\/\/api.w.org\/{rel}","templated":true}]}}