{"id":98445,"date":"2026-04-02T08:34:36","date_gmt":"2026-04-02T05:34:36","guid":{"rendered":"https:\/\/kidsplay.lt\/produktas\/step2-zaidimu-aikstele-su-ciuozykla-ir-laipiojimo-siena\/"},"modified":"2026-04-07T09:28:31","modified_gmt":"2026-04-07T06:28:31","slug":"step2-zaidimu-aikstele-su-ciuozykla-ir-laipiojimo-siena","status":"publish","type":"product","link":"https:\/\/kidsplay.lt\/lv\/products\/step2-zaidimu-aikstele-su-ciuozykla-ir-laipiojimo-siena\/","title":{"rendered":"\u201eSTEP2\u201c \u017eaidim\u0173 aik\u0161tel\u0117 su \u010diuo\u017eykla ir laipiojimo siena."},"content":{"rendered":"<p>\u0160i moderni ir funkcionali \u017eaidim\u0173 aik\u0161tel\u0117 su \u010diuo\u017eykla ir laipiojimo siena i\u0161 STEP2 yra puikus pasirinkimas aktyviems vaikams, m\u0117gstantiems \u017eaisti lauke. Sukurta atsi\u017evelgiant \u012f saugum\u0105, ilgaam\u017ei\u0161kum\u0105 ir visapusi\u0161k\u0105 vystym\u0105si, \u0161i konstrukcija su stabiliu pagrindu ir ergonomi\u0161ka forma u\u017etikrina ne tik smag\u0173, bet ir patog\u0173 \u017eaidim\u0105. Vaikai gal\u0117s kopti laiptais arba viena i\u0161 dviej\u0173 laipiojimo sien\u0173, kad pasiekt\u0173 pakelt\u0105 \u017eaidim\u0173 namel\u012f, kur gal\u0117s valdyti vair\u0105, \u017ei\u016br\u0117ti pro langus arba nusileisti \u010diuo\u017eykla. Kombinuodami \u010diuo\u017eykl\u0105 ir laipiojimo sien\u0105, vaikai lavina fizin\u012f pasirengim\u0105, motorin\u0119 koordinacij\u0105 ir pasitik\u0117jim\u0105 savimi. \u0160is produktas puikiai tinka tiek sodui, tiek \u017eaidim\u0173 aik\u0161telei. Atvira strukt\u016bra leid\u017eia keliems vaikams \u017eaisti tuo pa\u010diu metu.<br \/>\nFunkcijas:<\/p>\n<p> \t2 viename \u2013 \u010diuo\u017eykla ir laipiojimo siena, kad b\u016bt\u0173 daugiau \u017eaidimo variacij\u0173.<br \/>\n \tStabili ir tvirta konstrukcija u\u017etikrina saugum\u0105.<br \/>\n \tNeslystan\u010dios pakopos lengvam kopimui.<br \/>\n \tLygus nusileidimo pavir\u0161ius u\u017etikrina patog\u0173 nusileidim\u0105.<br \/>\n \tPatvarios med\u017eiagos, atsparios oro s\u0105lygoms.<br \/>\n \tLengvas surinkimas, nereikia speciali\u0173 \u012franki\u0173.<\/p>\n<p>Produkto matmenys:175 x 140 x 185 (cm)<\/p>","protected":false},"excerpt":{"rendered":"<p>\u0160i moderni ir funkcionali \u017eaidim\u0173 aik\u0161tel\u0117 su \u010diuo\u017eykla ir laipiojimo siena i\u0161 STEP2 yra puikus pasirinkimas aktyviems vaikams, m\u0117gstantiems \u017eaisti<\/p>","protected":false},"featured_media":98447,"template":"","meta":{"_acf_changed":false,"_glsr_average":0,"_glsr_ranking":0,"_glsr_reviews":0},"product_brand":[],"product_cat":[233,382],"product_tag":[],"class_list":{"0":"post-98445","1":"product","2":"type-product","3":"status-publish","4":"has-post-thumbnail","6":"product_cat-lauko-pramogos","7":"product_cat-zaidimu-aiksteles","8":"\"style=\"background-color: #2ecc711c;\"","10":"first","11":"instock","12":"purchasable","13":"product-type-simple"},"acf":[],"yoast_head":"<!-- This site is optimized with the Yoast SEO plugin v27.3 - https:\/\/yoast.com\/product\/yoast-seo-wordpress\/ -->\n<title>\u201eSTEP2\u201c \u017eaidim\u0173 aik\u0161tel\u0117 su \u010diuo\u017eykla ir laipiojimo siena.<\/title>\n<meta name=\"description\" content=\"\u201eSTEP2\u201c \u017eaidim\u0173 aik\u0161tel\u0117 su \u010diuo\u017eykla ir laipiojimo siena. - KidsPlay. Did\u017eiausias vaik\u0173 \u017eaisl\u0173 pasirinkimas.\" \/>\n<meta name=\"robots\" content=\"index, follow, max-snippet:-1, max-image-preview:large, max-video-preview:-1\" \/>\n<link rel=\"canonical\" href=\"https:\/\/kidsplay.lt\/lv\/products\/step2-zaidimu-aikstele-su-ciuozykla-ir-laipiojimo-siena\/\" \/>\n<meta property=\"og:locale\" content=\"lv_LV\" \/>\n<meta property=\"og:type\" content=\"article\" \/>\n<meta property=\"og:title\" content=\"\u201eSTEP2\u201c \u017eaidim\u0173 aik\u0161tel\u0117 su \u010diuo\u017eykla ir laipiojimo siena.\" \/>\n<meta property=\"og:description\" content=\"\u201eSTEP2\u201c \u017eaidim\u0173 aik\u0161tel\u0117 su \u010diuo\u017eykla ir laipiojimo siena. - KidsPlay. Did\u017eiausias vaik\u0173 \u017eaisl\u0173 pasirinkimas.\" \/>\n<meta property=\"og:url\" content=\"https:\/\/kidsplay.lt\/lv\/products\/step2-zaidimu-aikstele-su-ciuozykla-ir-laipiojimo-siena\/\" \/>\n<meta property=\"og:site_name\" content=\"KidsPlay\" \/>\n<meta property=\"article:publisher\" content=\"https:\/\/www.facebook.com\/www.kidsplay.lt\" \/>\n<meta property=\"article:modified_time\" content=\"2026-04-07T06:28:31+00:00\" \/>\n<meta property=\"og:image\" content=\"https:\/\/kidsplay.lt\/wp-content\/uploads\/2026\/04\/\u201eSTEP2-zaidimu-aikstele-su-ciuozykla-ir-laipiojimo-siena.jpg\" \/>\n\t<meta property=\"og:image:width\" content=\"1920\" \/>\n\t<meta property=\"og:image:height\" content=\"1920\" \/>\n\t<meta property=\"og:image:type\" content=\"image\/jpeg\" \/>\n<meta name=\"twitter:card\" content=\"summary_large_image\" \/>\n<meta name=\"twitter:label1\" content=\"Est. reading time\" \/>\n\t<meta name=\"twitter:data1\" content=\"1 min\u016bte\" \/>\n<script type=\"application\/ld+json\" class=\"yoast-schema-graph\">{\"@context\":\"https:\\\/\\\/schema.org\",\"@graph\":[{\"@type\":\"WebPage\",\"@id\":\"https:\\\/\\\/kidsplay.lt\\\/produktas\\\/step2-zaidimu-aikstele-su-ciuozykla-ir-laipiojimo-siena\\\/\",\"url\":\"https:\\\/\\\/kidsplay.lt\\\/produktas\\\/step2-zaidimu-aikstele-su-ciuozykla-ir-laipiojimo-siena\\\/\",\"name\":\"\u201eSTEP2\u201c \u017eaidim\u0173 aik\u0161tel\u0117 su \u010diuo\u017eykla ir laipiojimo siena.\",\"isPartOf\":{\"@id\":\"https:\\\/\\\/kidsplay.lt\\\/#website\"},\"primaryImageOfPage\":{\"@id\":\"https:\\\/\\\/kidsplay.lt\\\/produktas\\\/step2-zaidimu-aikstele-su-ciuozykla-ir-laipiojimo-siena\\\/#primaryimage\"},\"image\":{\"@id\":\"https:\\\/\\\/kidsplay.lt\\\/produktas\\\/step2-zaidimu-aikstele-su-ciuozykla-ir-laipiojimo-siena\\\/#primaryimage\"},\"thumbnailUrl\":\"https:\\\/\\\/kidsplay.lt\\\/wp-content\\\/uploads\\\/2026\\\/04\\\/\u201eSTEP2-zaidimu-aikstele-su-ciuozykla-ir-laipiojimo-siena.jpg\",\"datePublished\":\"2026-04-02T05:34:36+00:00\",\"dateModified\":\"2026-04-07T06:28:31+00:00\",\"description\":\"\u201eSTEP2\u201c \u017eaidim\u0173 aik\u0161tel\u0117 su \u010diuo\u017eykla ir laipiojimo siena. - KidsPlay. Did\u017eiausias vaik\u0173 \u017eaisl\u0173 pasirinkimas.\",\"breadcrumb\":{\"@id\":\"https:\\\/\\\/kidsplay.lt\\\/produktas\\\/step2-zaidimu-aikstele-su-ciuozykla-ir-laipiojimo-siena\\\/#breadcrumb\"},\"inLanguage\":\"lv-LV\",\"potentialAction\":[{\"@type\":\"ReadAction\",\"target\":[\"https:\\\/\\\/kidsplay.lt\\\/produktas\\\/step2-zaidimu-aikstele-su-ciuozykla-ir-laipiojimo-siena\\\/\"]}]},{\"@type\":\"ImageObject\",\"inLanguage\":\"lv-LV\",\"@id\":\"https:\\\/\\\/kidsplay.lt\\\/produktas\\\/step2-zaidimu-aikstele-su-ciuozykla-ir-laipiojimo-siena\\\/#primaryimage\",\"url\":\"https:\\\/\\\/kidsplay.lt\\\/wp-content\\\/uploads\\\/2026\\\/04\\\/\u201eSTEP2-zaidimu-aikstele-su-ciuozykla-ir-laipiojimo-siena.jpg\",\"contentUrl\":\"https:\\\/\\\/kidsplay.lt\\\/wp-content\\\/uploads\\\/2026\\\/04\\\/\u201eSTEP2-zaidimu-aikstele-su-ciuozykla-ir-laipiojimo-siena.jpg\",\"width\":1920,\"height\":1920,\"caption\":\"\u201eSTEP2\u201c \u017eaidim\u0173 aik\u0161tel\u0117 su \u010diuo\u017eykla ir laipiojimo siena.\"},{\"@type\":\"BreadcrumbList\",\"@id\":\"https:\\\/\\\/kidsplay.lt\\\/produktas\\\/step2-zaidimu-aikstele-su-ciuozykla-ir-laipiojimo-siena\\\/#breadcrumb\",\"itemListElement\":[{\"@type\":\"ListItem\",\"position\":1,\"name\":\"Pagrindinis\",\"item\":\"https:\\\/\\\/kidsplay.lt\\\/\"},{\"@type\":\"ListItem\",\"position\":2,\"name\":\"Parduotuv\u0117\",\"item\":\"https:\\\/\\\/kidsplay.lt\\\/parduotuve\\\/\"},{\"@type\":\"ListItem\",\"position\":3,\"name\":\"\u201eSTEP2\u201c \u017eaidim\u0173 aik\u0161tel\u0117 su \u010diuo\u017eykla ir laipiojimo siena.\"}]},{\"@type\":\"WebSite\",\"@id\":\"https:\\\/\\\/kidsplay.lt\\\/#website\",\"url\":\"https:\\\/\\\/kidsplay.lt\\\/\",\"name\":\"Kidsplay.lt\",\"description\":\"\u012evairios prek\u0117s vaikams\",\"publisher\":{\"@id\":\"https:\\\/\\\/kidsplay.lt\\\/#organization\"},\"alternateName\":\"Kidsplay\",\"potentialAction\":[{\"@type\":\"SearchAction\",\"target\":{\"@type\":\"EntryPoint\",\"urlTemplate\":\"https:\\\/\\\/kidsplay.lt\\\/?s={search_term_string}\"},\"query-input\":{\"@type\":\"PropertyValueSpecification\",\"valueRequired\":true,\"valueName\":\"search_term_string\"}}],\"inLanguage\":\"lv-LV\"},{\"@type\":\"Organization\",\"@id\":\"https:\\\/\\\/kidsplay.lt\\\/#organization\",\"name\":\"KidsPlay\",\"url\":\"https:\\\/\\\/kidsplay.lt\\\/\",\"logo\":{\"@type\":\"ImageObject\",\"inLanguage\":\"lv-LV\",\"@id\":\"https:\\\/\\\/kidsplay.lt\\\/#\\\/schema\\\/logo\\\/image\\\/\",\"url\":\"https:\\\/\\\/kidsplay.lt\\\/wp-content\\\/uploads\\\/2023\\\/07\\\/kidsplay-logo.png\",\"contentUrl\":\"https:\\\/\\\/kidsplay.lt\\\/wp-content\\\/uploads\\\/2023\\\/07\\\/kidsplay-logo.png\",\"width\":451,\"height\":98,\"caption\":\"KidsPlay\"},\"image\":{\"@id\":\"https:\\\/\\\/kidsplay.lt\\\/#\\\/schema\\\/logo\\\/image\\\/\"},\"sameAs\":[\"https:\\\/\\\/www.facebook.com\\\/www.kidsplay.lt\"]}]}<\/script>\n<!-- \/ Yoast SEO plugin. -->","yoast_head_json":{"title":"\u201eSTEP2\u201c \u017eaidim\u0173 aik\u0161tel\u0117 su \u010diuo\u017eykla ir laipiojimo siena.","description":"\u201eSTEP2\u201c \u017eaidim\u0173 aik\u0161tel\u0117 su \u010diuo\u017eykla ir laipiojimo siena. - KidsPlay. Did\u017eiausias vaik\u0173 \u017eaisl\u0173 pasirinkimas.","robots":{"index":"index","follow":"follow","max-snippet":"max-snippet:-1","max-image-preview":"max-image-preview:large","max-video-preview":"max-video-preview:-1"},"canonical":"https:\/\/kidsplay.lt\/lv\/products\/step2-zaidimu-aikstele-su-ciuozykla-ir-laipiojimo-siena\/","og_locale":"lv_LV","og_type":"article","og_title":"\u201eSTEP2\u201c \u017eaidim\u0173 aik\u0161tel\u0117 su \u010diuo\u017eykla ir laipiojimo siena.","og_description":"\u201eSTEP2\u201c \u017eaidim\u0173 aik\u0161tel\u0117 su \u010diuo\u017eykla ir laipiojimo siena. - KidsPlay. Did\u017eiausias vaik\u0173 \u017eaisl\u0173 pasirinkimas.","og_url":"https:\/\/kidsplay.lt\/lv\/products\/step2-zaidimu-aikstele-su-ciuozykla-ir-laipiojimo-siena\/","og_site_name":"KidsPlay","article_publisher":"https:\/\/www.facebook.com\/www.kidsplay.lt","article_modified_time":"2026-04-07T06:28:31+00:00","og_image":[{"width":1920,"height":1920,"url":"https:\/\/kidsplay.lt\/wp-content\/uploads\/2026\/04\/\u201eSTEP2-zaidimu-aikstele-su-ciuozykla-ir-laipiojimo-siena.jpg","type":"image\/jpeg"}],"twitter_card":"summary_large_image","twitter_misc":{"Est. reading time":"1 min\u016bte"},"schema":{"@context":"https:\/\/schema.org","@graph":[{"@type":"WebPage","@id":"https:\/\/kidsplay.lt\/produktas\/step2-zaidimu-aikstele-su-ciuozykla-ir-laipiojimo-siena\/","url":"https:\/\/kidsplay.lt\/produktas\/step2-zaidimu-aikstele-su-ciuozykla-ir-laipiojimo-siena\/","name":"\u201eSTEP2\u201c \u017eaidim\u0173 aik\u0161tel\u0117 su \u010diuo\u017eykla ir laipiojimo siena.","isPartOf":{"@id":"https:\/\/kidsplay.lt\/#website"},"primaryImageOfPage":{"@id":"https:\/\/kidsplay.lt\/produktas\/step2-zaidimu-aikstele-su-ciuozykla-ir-laipiojimo-siena\/#primaryimage"},"image":{"@id":"https:\/\/kidsplay.lt\/produktas\/step2-zaidimu-aikstele-su-ciuozykla-ir-laipiojimo-siena\/#primaryimage"},"thumbnailUrl":"https:\/\/kidsplay.lt\/wp-content\/uploads\/2026\/04\/\u201eSTEP2-zaidimu-aikstele-su-ciuozykla-ir-laipiojimo-siena.jpg","datePublished":"2026-04-02T05:34:36+00:00","dateModified":"2026-04-07T06:28:31+00:00","description":"\u201eSTEP2\u201c \u017eaidim\u0173 aik\u0161tel\u0117 su \u010diuo\u017eykla ir laipiojimo siena. - KidsPlay. Did\u017eiausias vaik\u0173 \u017eaisl\u0173 pasirinkimas.","breadcrumb":{"@id":"https:\/\/kidsplay.lt\/produktas\/step2-zaidimu-aikstele-su-ciuozykla-ir-laipiojimo-siena\/#breadcrumb"},"inLanguage":"lv-LV","potentialAction":[{"@type":"ReadAction","target":["https:\/\/kidsplay.lt\/produktas\/step2-zaidimu-aikstele-su-ciuozykla-ir-laipiojimo-siena\/"]}]},{"@type":"ImageObject","inLanguage":"lv-LV","@id":"https:\/\/kidsplay.lt\/produktas\/step2-zaidimu-aikstele-su-ciuozykla-ir-laipiojimo-siena\/#primaryimage","url":"https:\/\/kidsplay.lt\/wp-content\/uploads\/2026\/04\/\u201eSTEP2-zaidimu-aikstele-su-ciuozykla-ir-laipiojimo-siena.jpg","contentUrl":"https:\/\/kidsplay.lt\/wp-content\/uploads\/2026\/04\/\u201eSTEP2-zaidimu-aikstele-su-ciuozykla-ir-laipiojimo-siena.jpg","width":1920,"height":1920,"caption":"\u201eSTEP2\u201c \u017eaidim\u0173 aik\u0161tel\u0117 su \u010diuo\u017eykla ir laipiojimo siena."},{"@type":"BreadcrumbList","@id":"https:\/\/kidsplay.lt\/produktas\/step2-zaidimu-aikstele-su-ciuozykla-ir-laipiojimo-siena\/#breadcrumb","itemListElement":[{"@type":"ListItem","position":1,"name":"Pagrindinis","item":"https:\/\/kidsplay.lt\/"},{"@type":"ListItem","position":2,"name":"Parduotuv\u0117","item":"https:\/\/kidsplay.lt\/parduotuve\/"},{"@type":"ListItem","position":3,"name":"\u201eSTEP2\u201c \u017eaidim\u0173 aik\u0161tel\u0117 su \u010diuo\u017eykla ir laipiojimo siena."}]},{"@type":"WebSite","@id":"https:\/\/kidsplay.lt\/#website","url":"https:\/\/kidsplay.lt\/","name":"B\u0113rnu sp\u0113les.lv","description":"\u012evairios prek\u0117s vaikams","publisher":{"@id":"https:\/\/kidsplay.lt\/#organization"},"alternateName":"Kidsplay","potentialAction":[{"@type":"SearchAction","target":{"@type":"EntryPoint","urlTemplate":"https:\/\/kidsplay.lt\/?s={search_term_string}"},"query-input":{"@type":"PropertyValueSpecification","valueRequired":true,"valueName":"search_term_string"}}],"inLanguage":"lv-LV"},{"@type":"Organization","@id":"https:\/\/kidsplay.lt\/#organization","name":"B\u0113rnu sp\u0113le","url":"https:\/\/kidsplay.lt\/","logo":{"@type":"ImageObject","inLanguage":"lv-LV","@id":"https:\/\/kidsplay.lt\/#\/schema\/logo\/image\/","url":"https:\/\/kidsplay.lt\/wp-content\/uploads\/2023\/07\/kidsplay-logo.png","contentUrl":"https:\/\/kidsplay.lt\/wp-content\/uploads\/2023\/07\/kidsplay-logo.png","width":451,"height":98,"caption":"KidsPlay"},"image":{"@id":"https:\/\/kidsplay.lt\/#\/schema\/logo\/image\/"},"sameAs":["https:\/\/www.facebook.com\/www.kidsplay.lt"]}]}},"_links":{"self":[{"href":"https:\/\/kidsplay.lt\/lv\/wp-json\/wp\/v2\/product\/98445","targetHints":{"allow":["GET"]}}],"collection":[{"href":"https:\/\/kidsplay.lt\/lv\/wp-json\/wp\/v2\/product"}],"about":[{"href":"https:\/\/kidsplay.lt\/lv\/wp-json\/wp\/v2\/types\/product"}],"version-history":[{"count":1,"href":"https:\/\/kidsplay.lt\/lv\/wp-json\/wp\/v2\/product\/98445\/revisions"}],"predecessor-version":[{"id":98446,"href":"https:\/\/kidsplay.lt\/lv\/wp-json\/wp\/v2\/product\/98445\/revisions\/98446"}],"wp:featuredmedia":[{"embeddable":true,"href":"https:\/\/kidsplay.lt\/lv\/wp-json\/wp\/v2\/media\/98447"}],"wp:attachment":[{"href":"https:\/\/kidsplay.lt\/lv\/wp-json\/wp\/v2\/media?parent=98445"}],"wp:term":[{"taxonomy":"product_brand","embeddable":true,"href":"https:\/\/kidsplay.lt\/lv\/wp-json\/wp\/v2\/product_brand?post=98445"},{"taxonomy":"product_cat","embeddable":true,"href":"https:\/\/kidsplay.lt\/lv\/wp-json\/wp\/v2\/product_cat?post=98445"},{"taxonomy":"product_tag","embeddable":true,"href":"https:\/\/kidsplay.lt\/lv\/wp-json\/wp\/v2\/product_tag?post=98445"}],"curies":[{"name":"wp","href":"https:\/\/api.w.org\/{rel}","templated":true}]}}