{"id":98459,"date":"2026-04-02T08:34:56","date_gmt":"2026-04-02T05:34:56","guid":{"rendered":"https:\/\/kidsplay.lt\/produktas\/step2-tiltas-su-tuneliu-zaidimu-aikstele-vaikams\/"},"modified":"2026-04-13T13:47:33","modified_gmt":"2026-04-13T10:47:33","slug":"step2-tiltas-su-tuneliu-zaidimu-aikstele-vaikams","status":"publish","type":"product","link":"https:\/\/kidsplay.lt\/lv\/products\/step2-tiltas-su-tuneliu-zaidimu-aikstele-vaikams\/","title":{"rendered":"2.\u00a0pak\u0101pes tilts ar tuneli\u00a0\u2014 b\u0113rnu rota\u013cu laukums"},"content":{"rendered":"<p>\u201eTiltas su tuneliu\u201c yra viena patraukliausi\u0173 \u017eaidim\u0173 aik\u0161teli\u0173, si\u016blom\u0173 amerikie\u010di\u0173 kompanijos Step2. Ji apima bok\u0161t\u0105, sujungt\u0105 tiltu su nedideliu nameliu, taip pat daugyb\u0119 kit\u0173 vaikams skirt\u0173 atrakcion\u0173. Tarp j\u0173 yra tunelis, nedidelis \u010diuo\u017eykla, laipiojimo konstrukcija ir sl\u0117ptuv\u0117.<br \/>\nRaksturojums:<\/p>\n<p> \tNamelis, steb\u0117jimo bok\u0161tas ir tiltas, jungiantis abu elementus<br \/>\n \tName yra kop\u0117\u010dios su dideliais laiptais, tur\u0117klas pagalbai laipiojant, apvalus langas, stogo langas, vairas ir \u0161velni \u010diuo\u017eykla, kurios ilgis 98 cm<br \/>\n \tSl\u0117ptuv\u0117 su tuneliu vaikams prasislinkti<br \/>\n \tVisi elementai pagaminti i\u0161 auk\u0161tos kokyb\u0117s med\u017eiag\u0173, ypatingai gra\u017eiai perteikti<br \/>\n \t\u017daislas sukurtas taip, kad suma\u017eint\u0173 vaiko su\u017eeidimo rizik\u0105<br \/>\n \tPuikus \u017eaidim\u0173 aik\u0161tel\u0117s \u017eaislas sodui, vaik\u0173 tuneliai, s\u0117kminga investicija j\u016bs\u0173 ma\u017eyliams<\/p>\n<p>Step2 \u2013 kokyb\u0117 pirmiausia, nuostab\u016bs \u017eaislai antra! Jei renkat\u0117s \u017eaisl\u0105 savo vaikui ir jums svarbi kokyb\u0117 bei saugumas, visa amerikie\u010di\u0173 kompanijos Step2 \u017eaisl\u0173 linija tikrai patenkins vaik\u0173, t\u0117v\u0173, dar\u017eeli\u0173 ir ikimokyklini\u0173 \u012fstaig\u0173 l\u016bkes\u010dius. Step2 gamina auk\u0161\u010diausios kokyb\u0117s \u017eaislus JAV jau de\u0161imtme\u010dius! J\u0173 asortimente rasite sm\u0117lio d\u0117\u017ei\u0173, sodo nameli\u0173, \u017eaidim\u0173 aik\u0161teli\u0173, dirbtuvi\u0173, paspirtuk\u0173, virtuv\u0117li\u0173 ir vaik\u0173 bald\u0173.<\/p>","protected":false},"excerpt":{"rendered":"<p>\u201eTiltas su tuneliu\u201c yra viena patraukliausi\u0173 \u017eaidim\u0173 aik\u0161teli\u0173, si\u016blom\u0173 amerikie\u010di\u0173 kompanijos Step2. Ji apima bok\u0161t\u0105, sujungt\u0105 tiltu su nedideliu nameliu,<\/p>","protected":false},"featured_media":98461,"template":"","meta":{"_acf_changed":false,"_glsr_average":0,"_glsr_ranking":0,"_glsr_reviews":0},"product_brand":[],"product_cat":[233,382],"product_tag":[],"class_list":{"0":"post-98459","1":"product","2":"type-product","3":"status-publish","4":"has-post-thumbnail","6":"product_cat-lauko-pramogos","7":"product_cat-zaidimu-aiksteles","8":"\"style=\"background-color: #2ecc711c;\"","10":"first","11":"instock","12":"purchasable","13":"product-type-simple"},"acf":[],"yoast_head":"<!-- This site is optimized with the Yoast SEO plugin v27.4 - https:\/\/yoast.com\/product\/yoast-seo-wordpress\/ -->\n<title>Step2 tiltas su tuneliu \u2013 \u017eaidim\u0173 aik\u0161tel\u0117 vaikams<\/title>\n<meta name=\"description\" content=\"Step2 tiltas su tuneliu \u2013 \u017eaidim\u0173 aik\u0161tel\u0117 vaikams - KidsPlay. Did\u017eiausias vaik\u0173 \u017eaisl\u0173 pasirinkimas.\" \/>\n<meta name=\"robots\" content=\"index, follow, max-snippet:-1, max-image-preview:large, max-video-preview:-1\" \/>\n<link rel=\"canonical\" href=\"https:\/\/kidsplay.lt\/lv\/products\/step2-tiltas-su-tuneliu-zaidimu-aikstele-vaikams\/\" \/>\n<meta property=\"og:locale\" content=\"lv_LV\" \/>\n<meta property=\"og:type\" content=\"article\" \/>\n<meta property=\"og:title\" content=\"Step2 tiltas su tuneliu \u2013 \u017eaidim\u0173 aik\u0161tel\u0117 vaikams\" \/>\n<meta property=\"og:description\" content=\"Step2 tiltas su tuneliu \u2013 \u017eaidim\u0173 aik\u0161tel\u0117 vaikams - KidsPlay. Did\u017eiausias vaik\u0173 \u017eaisl\u0173 pasirinkimas.\" \/>\n<meta property=\"og:url\" content=\"https:\/\/kidsplay.lt\/lv\/products\/step2-tiltas-su-tuneliu-zaidimu-aikstele-vaikams\/\" \/>\n<meta property=\"og:site_name\" content=\"KidsPlay\" \/>\n<meta property=\"article:publisher\" content=\"https:\/\/www.facebook.com\/www.kidsplay.lt\" \/>\n<meta property=\"article:modified_time\" content=\"2026-04-13T10:47:33+00:00\" \/>\n<meta property=\"og:image\" content=\"https:\/\/kidsplay.lt\/wp-content\/uploads\/2026\/04\/Step2-tiltas-su-tuneliu-\u2013-zaidimu-aikstele-vaikams.jpg\" \/>\n\t<meta property=\"og:image:width\" content=\"2560\" \/>\n\t<meta property=\"og:image:height\" content=\"2560\" \/>\n\t<meta property=\"og:image:type\" content=\"image\/jpeg\" \/>\n<meta name=\"twitter:card\" content=\"summary_large_image\" \/>\n<meta name=\"twitter:label1\" content=\"Est. reading time\" \/>\n\t<meta name=\"twitter:data1\" content=\"1 min\u016bte\" \/>\n<script type=\"application\/ld+json\" class=\"yoast-schema-graph\">{\"@context\":\"https:\\\/\\\/schema.org\",\"@graph\":[{\"@type\":\"WebPage\",\"@id\":\"https:\\\/\\\/kidsplay.lt\\\/produktas\\\/step2-tiltas-su-tuneliu-zaidimu-aikstele-vaikams\\\/\",\"url\":\"https:\\\/\\\/kidsplay.lt\\\/produktas\\\/step2-tiltas-su-tuneliu-zaidimu-aikstele-vaikams\\\/\",\"name\":\"Step2 tiltas su tuneliu \u2013 \u017eaidim\u0173 aik\u0161tel\u0117 vaikams\",\"isPartOf\":{\"@id\":\"https:\\\/\\\/kidsplay.lt\\\/#website\"},\"primaryImageOfPage\":{\"@id\":\"https:\\\/\\\/kidsplay.lt\\\/produktas\\\/step2-tiltas-su-tuneliu-zaidimu-aikstele-vaikams\\\/#primaryimage\"},\"image\":{\"@id\":\"https:\\\/\\\/kidsplay.lt\\\/produktas\\\/step2-tiltas-su-tuneliu-zaidimu-aikstele-vaikams\\\/#primaryimage\"},\"thumbnailUrl\":\"https:\\\/\\\/kidsplay.lt\\\/wp-content\\\/uploads\\\/2026\\\/04\\\/Step2-tiltas-su-tuneliu-\u2013-zaidimu-aikstele-vaikams.jpg\",\"datePublished\":\"2026-04-02T05:34:56+00:00\",\"dateModified\":\"2026-04-13T10:47:33+00:00\",\"description\":\"Step2 tiltas su tuneliu \u2013 \u017eaidim\u0173 aik\u0161tel\u0117 vaikams - KidsPlay. Did\u017eiausias vaik\u0173 \u017eaisl\u0173 pasirinkimas.\",\"breadcrumb\":{\"@id\":\"https:\\\/\\\/kidsplay.lt\\\/produktas\\\/step2-tiltas-su-tuneliu-zaidimu-aikstele-vaikams\\\/#breadcrumb\"},\"inLanguage\":\"lv-LV\",\"potentialAction\":[{\"@type\":\"ReadAction\",\"target\":[\"https:\\\/\\\/kidsplay.lt\\\/produktas\\\/step2-tiltas-su-tuneliu-zaidimu-aikstele-vaikams\\\/\"]}]},{\"@type\":\"ImageObject\",\"inLanguage\":\"lv-LV\",\"@id\":\"https:\\\/\\\/kidsplay.lt\\\/produktas\\\/step2-tiltas-su-tuneliu-zaidimu-aikstele-vaikams\\\/#primaryimage\",\"url\":\"https:\\\/\\\/kidsplay.lt\\\/wp-content\\\/uploads\\\/2026\\\/04\\\/Step2-tiltas-su-tuneliu-\u2013-zaidimu-aikstele-vaikams.jpg\",\"contentUrl\":\"https:\\\/\\\/kidsplay.lt\\\/wp-content\\\/uploads\\\/2026\\\/04\\\/Step2-tiltas-su-tuneliu-\u2013-zaidimu-aikstele-vaikams.jpg\",\"width\":2560,\"height\":2560,\"caption\":\"Step2 tiltas su tuneliu \u2013 \u017eaidim\u0173 aik\u0161tel\u0117 vaikams\"},{\"@type\":\"BreadcrumbList\",\"@id\":\"https:\\\/\\\/kidsplay.lt\\\/produktas\\\/step2-tiltas-su-tuneliu-zaidimu-aikstele-vaikams\\\/#breadcrumb\",\"itemListElement\":[{\"@type\":\"ListItem\",\"position\":1,\"name\":\"Pagrindinis\",\"item\":\"https:\\\/\\\/kidsplay.lt\\\/\"},{\"@type\":\"ListItem\",\"position\":2,\"name\":\"Parduotuv\u0117\",\"item\":\"https:\\\/\\\/kidsplay.lt\\\/parduotuve\\\/\"},{\"@type\":\"ListItem\",\"position\":3,\"name\":\"Step2 tiltas su tuneliu \u2013 \u017eaidim\u0173 aik\u0161tel\u0117 vaikams\"}]},{\"@type\":\"WebSite\",\"@id\":\"https:\\\/\\\/kidsplay.lt\\\/#website\",\"url\":\"https:\\\/\\\/kidsplay.lt\\\/\",\"name\":\"Kidsplay.lt\",\"description\":\"\u012evairios prek\u0117s vaikams\",\"publisher\":{\"@id\":\"https:\\\/\\\/kidsplay.lt\\\/#organization\"},\"alternateName\":\"Kidsplay\",\"potentialAction\":[{\"@type\":\"SearchAction\",\"target\":{\"@type\":\"EntryPoint\",\"urlTemplate\":\"https:\\\/\\\/kidsplay.lt\\\/?s={search_term_string}\"},\"query-input\":{\"@type\":\"PropertyValueSpecification\",\"valueRequired\":true,\"valueName\":\"search_term_string\"}}],\"inLanguage\":\"lv-LV\"},{\"@type\":\"Organization\",\"@id\":\"https:\\\/\\\/kidsplay.lt\\\/#organization\",\"name\":\"KidsPlay\",\"url\":\"https:\\\/\\\/kidsplay.lt\\\/\",\"logo\":{\"@type\":\"ImageObject\",\"inLanguage\":\"lv-LV\",\"@id\":\"https:\\\/\\\/kidsplay.lt\\\/#\\\/schema\\\/logo\\\/image\\\/\",\"url\":\"https:\\\/\\\/kidsplay.lt\\\/wp-content\\\/uploads\\\/2023\\\/07\\\/kidsplay-logo.png\",\"contentUrl\":\"https:\\\/\\\/kidsplay.lt\\\/wp-content\\\/uploads\\\/2023\\\/07\\\/kidsplay-logo.png\",\"width\":451,\"height\":98,\"caption\":\"KidsPlay\"},\"image\":{\"@id\":\"https:\\\/\\\/kidsplay.lt\\\/#\\\/schema\\\/logo\\\/image\\\/\"},\"sameAs\":[\"https:\\\/\\\/www.facebook.com\\\/www.kidsplay.lt\"]}]}<\/script>\n<!-- \/ Yoast SEO plugin. -->","yoast_head_json":{"title":"2.\u00a0pak\u0101pes tilts ar tuneli\u00a0\u2014 b\u0113rnu rota\u013cu laukums","description":"Step2 tiltas su tuneliu \u2013 \u017eaidim\u0173 aik\u0161tel\u0117 vaikams - KidsPlay. Did\u017eiausias vaik\u0173 \u017eaisl\u0173 pasirinkimas.","robots":{"index":"index","follow":"follow","max-snippet":"max-snippet:-1","max-image-preview":"max-image-preview:large","max-video-preview":"max-video-preview:-1"},"canonical":"https:\/\/kidsplay.lt\/lv\/products\/step2-tiltas-su-tuneliu-zaidimu-aikstele-vaikams\/","og_locale":"lv_LV","og_type":"article","og_title":"Step2 tiltas su tuneliu \u2013 \u017eaidim\u0173 aik\u0161tel\u0117 vaikams","og_description":"Step2 tiltas su tuneliu \u2013 \u017eaidim\u0173 aik\u0161tel\u0117 vaikams - KidsPlay. Did\u017eiausias vaik\u0173 \u017eaisl\u0173 pasirinkimas.","og_url":"https:\/\/kidsplay.lt\/lv\/products\/step2-tiltas-su-tuneliu-zaidimu-aikstele-vaikams\/","og_site_name":"KidsPlay","article_publisher":"https:\/\/www.facebook.com\/www.kidsplay.lt","article_modified_time":"2026-04-13T10:47:33+00:00","og_image":[{"width":2560,"height":2560,"url":"https:\/\/kidsplay.lt\/wp-content\/uploads\/2026\/04\/Step2-tiltas-su-tuneliu-\u2013-zaidimu-aikstele-vaikams.jpg","type":"image\/jpeg"}],"twitter_card":"summary_large_image","twitter_misc":{"Est. reading time":"1 min\u016bte"},"schema":{"@context":"https:\/\/schema.org","@graph":[{"@type":"WebPage","@id":"https:\/\/kidsplay.lt\/produktas\/step2-tiltas-su-tuneliu-zaidimu-aikstele-vaikams\/","url":"https:\/\/kidsplay.lt\/produktas\/step2-tiltas-su-tuneliu-zaidimu-aikstele-vaikams\/","name":"2.\u00a0pak\u0101pes tilts ar tuneli\u00a0\u2014 b\u0113rnu rota\u013cu laukums","isPartOf":{"@id":"https:\/\/kidsplay.lt\/#website"},"primaryImageOfPage":{"@id":"https:\/\/kidsplay.lt\/produktas\/step2-tiltas-su-tuneliu-zaidimu-aikstele-vaikams\/#primaryimage"},"image":{"@id":"https:\/\/kidsplay.lt\/produktas\/step2-tiltas-su-tuneliu-zaidimu-aikstele-vaikams\/#primaryimage"},"thumbnailUrl":"https:\/\/kidsplay.lt\/wp-content\/uploads\/2026\/04\/Step2-tiltas-su-tuneliu-\u2013-zaidimu-aikstele-vaikams.jpg","datePublished":"2026-04-02T05:34:56+00:00","dateModified":"2026-04-13T10:47:33+00:00","description":"Step2 tiltas su tuneliu \u2013 \u017eaidim\u0173 aik\u0161tel\u0117 vaikams - KidsPlay. Did\u017eiausias vaik\u0173 \u017eaisl\u0173 pasirinkimas.","breadcrumb":{"@id":"https:\/\/kidsplay.lt\/produktas\/step2-tiltas-su-tuneliu-zaidimu-aikstele-vaikams\/#breadcrumb"},"inLanguage":"lv-LV","potentialAction":[{"@type":"ReadAction","target":["https:\/\/kidsplay.lt\/produktas\/step2-tiltas-su-tuneliu-zaidimu-aikstele-vaikams\/"]}]},{"@type":"ImageObject","inLanguage":"lv-LV","@id":"https:\/\/kidsplay.lt\/produktas\/step2-tiltas-su-tuneliu-zaidimu-aikstele-vaikams\/#primaryimage","url":"https:\/\/kidsplay.lt\/wp-content\/uploads\/2026\/04\/Step2-tiltas-su-tuneliu-\u2013-zaidimu-aikstele-vaikams.jpg","contentUrl":"https:\/\/kidsplay.lt\/wp-content\/uploads\/2026\/04\/Step2-tiltas-su-tuneliu-\u2013-zaidimu-aikstele-vaikams.jpg","width":2560,"height":2560,"caption":"Step2 tiltas su tuneliu \u2013 \u017eaidim\u0173 aik\u0161tel\u0117 vaikams"},{"@type":"BreadcrumbList","@id":"https:\/\/kidsplay.lt\/produktas\/step2-tiltas-su-tuneliu-zaidimu-aikstele-vaikams\/#breadcrumb","itemListElement":[{"@type":"ListItem","position":1,"name":"Pagrindinis","item":"https:\/\/kidsplay.lt\/"},{"@type":"ListItem","position":2,"name":"Parduotuv\u0117","item":"https:\/\/kidsplay.lt\/parduotuve\/"},{"@type":"ListItem","position":3,"name":"Step2 tiltas su tuneliu \u2013 \u017eaidim\u0173 aik\u0161tel\u0117 vaikams"}]},{"@type":"WebSite","@id":"https:\/\/kidsplay.lt\/#website","url":"https:\/\/kidsplay.lt\/","name":"B\u0113rnu sp\u0113les.lv","description":"\u012evairios prek\u0117s vaikams","publisher":{"@id":"https:\/\/kidsplay.lt\/#organization"},"alternateName":"Kidsplay","potentialAction":[{"@type":"SearchAction","target":{"@type":"EntryPoint","urlTemplate":"https:\/\/kidsplay.lt\/?s={search_term_string}"},"query-input":{"@type":"PropertyValueSpecification","valueRequired":true,"valueName":"search_term_string"}}],"inLanguage":"lv-LV"},{"@type":"Organization","@id":"https:\/\/kidsplay.lt\/#organization","name":"B\u0113rnu sp\u0113le","url":"https:\/\/kidsplay.lt\/","logo":{"@type":"ImageObject","inLanguage":"lv-LV","@id":"https:\/\/kidsplay.lt\/#\/schema\/logo\/image\/","url":"https:\/\/kidsplay.lt\/wp-content\/uploads\/2023\/07\/kidsplay-logo.png","contentUrl":"https:\/\/kidsplay.lt\/wp-content\/uploads\/2023\/07\/kidsplay-logo.png","width":451,"height":98,"caption":"KidsPlay"},"image":{"@id":"https:\/\/kidsplay.lt\/#\/schema\/logo\/image\/"},"sameAs":["https:\/\/www.facebook.com\/www.kidsplay.lt"]}]}},"_links":{"self":[{"href":"https:\/\/kidsplay.lt\/lv\/wp-json\/wp\/v2\/product\/98459","targetHints":{"allow":["GET"]}}],"collection":[{"href":"https:\/\/kidsplay.lt\/lv\/wp-json\/wp\/v2\/product"}],"about":[{"href":"https:\/\/kidsplay.lt\/lv\/wp-json\/wp\/v2\/types\/product"}],"version-history":[{"count":1,"href":"https:\/\/kidsplay.lt\/lv\/wp-json\/wp\/v2\/product\/98459\/revisions"}],"predecessor-version":[{"id":98460,"href":"https:\/\/kidsplay.lt\/lv\/wp-json\/wp\/v2\/product\/98459\/revisions\/98460"}],"wp:featuredmedia":[{"embeddable":true,"href":"https:\/\/kidsplay.lt\/lv\/wp-json\/wp\/v2\/media\/98461"}],"wp:attachment":[{"href":"https:\/\/kidsplay.lt\/lv\/wp-json\/wp\/v2\/media?parent=98459"}],"wp:term":[{"taxonomy":"product_brand","embeddable":true,"href":"https:\/\/kidsplay.lt\/lv\/wp-json\/wp\/v2\/product_brand?post=98459"},{"taxonomy":"product_cat","embeddable":true,"href":"https:\/\/kidsplay.lt\/lv\/wp-json\/wp\/v2\/product_cat?post=98459"},{"taxonomy":"product_tag","embeddable":true,"href":"https:\/\/kidsplay.lt\/lv\/wp-json\/wp\/v2\/product_tag?post=98459"}],"curies":[{"name":"wp","href":"https:\/\/api.w.org\/{rel}","templated":true}]}}