{"id":98466,"date":"2026-04-02T08:35:20","date_gmt":"2026-04-02T05:35:20","guid":{"rendered":"https:\/\/kidsplay.lt\/produktas\/axi-ella-xxl-smelio-deze-antracito-spalvos-150-x-150-cm\/"},"modified":"2026-04-07T09:28:44","modified_gmt":"2026-04-07T06:28:44","slug":"axi-ella-xxl-smelio-deze-antracito-spalvos-150-x-150-cm","status":"publish","type":"product","link":"https:\/\/kidsplay.lt\/lv\/products\/axi-ella-xxl-smelio-deze-antracito-spalvos-150-x-150-cm\/","title":{"rendered":"AXI \u201eElla\u201c XXL sm\u0117lio d\u0117\u017e\u0117 \u2013 antracito spalvos, 150 x 150 cm"},"content":{"rendered":"<p>AXI \u201eElla\u201c XXL sm\u0117lio d\u0117\u017e\u0117 \u2013 antracito spalvos, yra erdvi ir tvirta, ideali vieta vaikams \u017eaisti lauke. Pagaminta i\u0161 tvirtos, atsparios oro s\u0105lygoms FSC Kanados egl\u0117s medienos, u\u017etikrina valand\u0173 valandas saugaus \u017eaidimo. Ergonomi\u0161ka forma ir didelis pavir\u0161ius leid\u017eia vaikams \u017eaisti sm\u0117lyje kartu su broliais, seserimis ar draugais, lavinant k\u016brybi\u0161kum\u0105, vaizduot\u0119 ir smulki\u0105j\u0105 motorik\u0105. \u0160ioje didel\u0117je sm\u0117lio d\u0117\u017e\u0117je gali \u017eaisti iki penki\u0173 vaik\u0173 vienu metu.<br \/>\nKomplekto dalis \u2013 medinis dangtis, kur\u012f galima lengvai atidaryti ir paversti dviem patogiomis suoliukais, kad vaikai gal\u0117t\u0173 patogiai s\u0117d\u0117ti \u017eaidimo metu. Baigus \u017eaisti, dangt\u012f u\u017ed\u0117jus atgal, sm\u0117lis lieka sausas ir \u0161varus.<br \/>\nRaksturojums:<\/p>\n<p> \tDidel\u0117 sm\u0117lio d\u0117\u017e\u0117 su mediniu dang\u010diu, atidarius tampan\u010diu dviem suoliukais<br \/>\n \tAtsparios oro s\u0105lygoms med\u017eiagos \u2013 FSC Kanados egl\u0117s mediena, padengta vandens pagrindo netoksi\u0161ka danga<br \/>\n \tSaug\u016bs, apvalinti kra\u0161tai<br \/>\n \tLengvas surinkimas ir i\u0161ardymas<br \/>\n \tAntracito spalvos dizainas, tinkantis sodui<br \/>\n \tStabili konstrukcija<br \/>\n \tMaksimalus svoris: 150 kg vienam suoliukui<\/p>\n<p>\u017daislas lavina:<\/p>\n<p> \tRado\u0161ums un izt\u0113le<br \/>\n \tSmalk\u0101s motorikas prasmes<br \/>\n \tFizin\u012f aktyvum\u0105<br \/>\n \tBendradarbiavim\u0105 ir \u017eaidim\u0105 grup\u0117je<br \/>\n \tVaiko savaranki\u0161kum\u0105<\/p>\n<p>Matmenys (cm):<\/p>\n<p> \tU\u017edaryta: 150 x 150 x 20<br \/>\n \tVidin\u0117s matmenys: 142 x 142 x 19<br \/>\n \tSuoliuko plotis: 23<\/p>\n<p>Talpa: 475 kg sm\u0117lio<\/p>","protected":false},"excerpt":{"rendered":"<p>AXI \u201eElla\u201c XXL sm\u0117lio d\u0117\u017e\u0117 \u2013 antracito spalvos, yra erdvi ir tvirta, ideali vieta vaikams \u017eaisti lauke. Pagaminta i\u0161 tvirtos,<\/p>","protected":false},"featured_media":98468,"template":"","meta":{"_acf_changed":false,"_glsr_average":0,"_glsr_ranking":0,"_glsr_reviews":0},"product_brand":[],"product_cat":[233,327],"product_tag":[],"class_list":{"0":"post-98466","1":"product","2":"type-product","3":"status-publish","4":"has-post-thumbnail","6":"product_cat-lauko-pramogos","7":"product_cat-smelio-dezes-ir-priedai","8":"\"style=\"background-color: #2ecc711c;\"","10":"first","11":"instock","12":"purchasable","13":"product-type-simple"},"acf":[],"yoast_head":"<!-- This site is optimized with the Yoast SEO plugin v27.3 - https:\/\/yoast.com\/product\/yoast-seo-wordpress\/ -->\n<title>AXI \u201eElla\u201c XXL sm\u0117lio d\u0117\u017e\u0117 \u2013 antracito spalvos, 150 x 150 cm<\/title>\n<meta name=\"description\" content=\"AXI \u201eElla\u201c XXL sm\u0117lio d\u0117\u017e\u0117 \u2013 antracito spalvos, 150 x 150 cm - KidsPlay. Did\u017eiausias vaik\u0173 \u017eaisl\u0173 pasirinkimas.\" \/>\n<meta name=\"robots\" content=\"index, follow, max-snippet:-1, max-image-preview:large, max-video-preview:-1\" \/>\n<link rel=\"canonical\" href=\"https:\/\/kidsplay.lt\/lv\/products\/axi-ella-xxl-smelio-deze-antracito-spalvos-150-x-150-cm\/\" \/>\n<meta property=\"og:locale\" content=\"lv_LV\" \/>\n<meta property=\"og:type\" content=\"article\" \/>\n<meta property=\"og:title\" content=\"AXI \u201eElla\u201c XXL sm\u0117lio d\u0117\u017e\u0117 \u2013 antracito spalvos, 150 x 150 cm\" \/>\n<meta property=\"og:description\" content=\"AXI \u201eElla\u201c XXL sm\u0117lio d\u0117\u017e\u0117 \u2013 antracito spalvos, 150 x 150 cm - KidsPlay. Did\u017eiausias vaik\u0173 \u017eaisl\u0173 pasirinkimas.\" \/>\n<meta property=\"og:url\" content=\"https:\/\/kidsplay.lt\/lv\/products\/axi-ella-xxl-smelio-deze-antracito-spalvos-150-x-150-cm\/\" \/>\n<meta property=\"og:site_name\" content=\"KidsPlay\" \/>\n<meta property=\"article:publisher\" content=\"https:\/\/www.facebook.com\/www.kidsplay.lt\" \/>\n<meta property=\"article:modified_time\" content=\"2026-04-07T06:28:44+00:00\" \/>\n<meta property=\"og:image\" content=\"https:\/\/kidsplay.lt\/wp-content\/uploads\/2026\/04\/AXI-\u201eElla-XXL-smelio-deze-\u2013-antracito-spalvos-150-x-150-cm.jpg\" \/>\n\t<meta property=\"og:image:width\" content=\"1920\" \/>\n\t<meta property=\"og:image:height\" content=\"1920\" \/>\n\t<meta property=\"og:image:type\" content=\"image\/jpeg\" \/>\n<meta name=\"twitter:card\" content=\"summary_large_image\" \/>\n<meta name=\"twitter:label1\" content=\"Est. reading time\" \/>\n\t<meta name=\"twitter:data1\" content=\"1 min\u016bte\" \/>\n<script type=\"application\/ld+json\" class=\"yoast-schema-graph\">{\"@context\":\"https:\\\/\\\/schema.org\",\"@graph\":[{\"@type\":\"WebPage\",\"@id\":\"https:\\\/\\\/kidsplay.lt\\\/produktas\\\/axi-ella-xxl-smelio-deze-antracito-spalvos-150-x-150-cm\\\/\",\"url\":\"https:\\\/\\\/kidsplay.lt\\\/produktas\\\/axi-ella-xxl-smelio-deze-antracito-spalvos-150-x-150-cm\\\/\",\"name\":\"AXI \u201eElla\u201c XXL sm\u0117lio d\u0117\u017e\u0117 \u2013 antracito spalvos, 150 x 150 cm\",\"isPartOf\":{\"@id\":\"https:\\\/\\\/kidsplay.lt\\\/#website\"},\"primaryImageOfPage\":{\"@id\":\"https:\\\/\\\/kidsplay.lt\\\/produktas\\\/axi-ella-xxl-smelio-deze-antracito-spalvos-150-x-150-cm\\\/#primaryimage\"},\"image\":{\"@id\":\"https:\\\/\\\/kidsplay.lt\\\/produktas\\\/axi-ella-xxl-smelio-deze-antracito-spalvos-150-x-150-cm\\\/#primaryimage\"},\"thumbnailUrl\":\"https:\\\/\\\/kidsplay.lt\\\/wp-content\\\/uploads\\\/2026\\\/04\\\/AXI-\u201eElla-XXL-smelio-deze-\u2013-antracito-spalvos-150-x-150-cm.jpg\",\"datePublished\":\"2026-04-02T05:35:20+00:00\",\"dateModified\":\"2026-04-07T06:28:44+00:00\",\"description\":\"AXI \u201eElla\u201c XXL sm\u0117lio d\u0117\u017e\u0117 \u2013 antracito spalvos, 150 x 150 cm - KidsPlay. Did\u017eiausias vaik\u0173 \u017eaisl\u0173 pasirinkimas.\",\"breadcrumb\":{\"@id\":\"https:\\\/\\\/kidsplay.lt\\\/produktas\\\/axi-ella-xxl-smelio-deze-antracito-spalvos-150-x-150-cm\\\/#breadcrumb\"},\"inLanguage\":\"lv-LV\",\"potentialAction\":[{\"@type\":\"ReadAction\",\"target\":[\"https:\\\/\\\/kidsplay.lt\\\/produktas\\\/axi-ella-xxl-smelio-deze-antracito-spalvos-150-x-150-cm\\\/\"]}]},{\"@type\":\"ImageObject\",\"inLanguage\":\"lv-LV\",\"@id\":\"https:\\\/\\\/kidsplay.lt\\\/produktas\\\/axi-ella-xxl-smelio-deze-antracito-spalvos-150-x-150-cm\\\/#primaryimage\",\"url\":\"https:\\\/\\\/kidsplay.lt\\\/wp-content\\\/uploads\\\/2026\\\/04\\\/AXI-\u201eElla-XXL-smelio-deze-\u2013-antracito-spalvos-150-x-150-cm.jpg\",\"contentUrl\":\"https:\\\/\\\/kidsplay.lt\\\/wp-content\\\/uploads\\\/2026\\\/04\\\/AXI-\u201eElla-XXL-smelio-deze-\u2013-antracito-spalvos-150-x-150-cm.jpg\",\"width\":1920,\"height\":1920,\"caption\":\"AXI \u201eElla\u201c XXL sm\u0117lio d\u0117\u017e\u0117 \u2013 antracito spalvos\"},{\"@type\":\"BreadcrumbList\",\"@id\":\"https:\\\/\\\/kidsplay.lt\\\/produktas\\\/axi-ella-xxl-smelio-deze-antracito-spalvos-150-x-150-cm\\\/#breadcrumb\",\"itemListElement\":[{\"@type\":\"ListItem\",\"position\":1,\"name\":\"Pagrindinis\",\"item\":\"https:\\\/\\\/kidsplay.lt\\\/\"},{\"@type\":\"ListItem\",\"position\":2,\"name\":\"Parduotuv\u0117\",\"item\":\"https:\\\/\\\/kidsplay.lt\\\/parduotuve\\\/\"},{\"@type\":\"ListItem\",\"position\":3,\"name\":\"AXI \u201eElla\u201c XXL sm\u0117lio d\u0117\u017e\u0117 \u2013 antracito spalvos, 150 x 150 cm\"}]},{\"@type\":\"WebSite\",\"@id\":\"https:\\\/\\\/kidsplay.lt\\\/#website\",\"url\":\"https:\\\/\\\/kidsplay.lt\\\/\",\"name\":\"Kidsplay.lt\",\"description\":\"\u012evairios prek\u0117s vaikams\",\"publisher\":{\"@id\":\"https:\\\/\\\/kidsplay.lt\\\/#organization\"},\"alternateName\":\"Kidsplay\",\"potentialAction\":[{\"@type\":\"SearchAction\",\"target\":{\"@type\":\"EntryPoint\",\"urlTemplate\":\"https:\\\/\\\/kidsplay.lt\\\/?s={search_term_string}\"},\"query-input\":{\"@type\":\"PropertyValueSpecification\",\"valueRequired\":true,\"valueName\":\"search_term_string\"}}],\"inLanguage\":\"lv-LV\"},{\"@type\":\"Organization\",\"@id\":\"https:\\\/\\\/kidsplay.lt\\\/#organization\",\"name\":\"KidsPlay\",\"url\":\"https:\\\/\\\/kidsplay.lt\\\/\",\"logo\":{\"@type\":\"ImageObject\",\"inLanguage\":\"lv-LV\",\"@id\":\"https:\\\/\\\/kidsplay.lt\\\/#\\\/schema\\\/logo\\\/image\\\/\",\"url\":\"https:\\\/\\\/kidsplay.lt\\\/wp-content\\\/uploads\\\/2023\\\/07\\\/kidsplay-logo.png\",\"contentUrl\":\"https:\\\/\\\/kidsplay.lt\\\/wp-content\\\/uploads\\\/2023\\\/07\\\/kidsplay-logo.png\",\"width\":451,\"height\":98,\"caption\":\"KidsPlay\"},\"image\":{\"@id\":\"https:\\\/\\\/kidsplay.lt\\\/#\\\/schema\\\/logo\\\/image\\\/\"},\"sameAs\":[\"https:\\\/\\\/www.facebook.com\\\/www.kidsplay.lt\"]}]}<\/script>\n<!-- \/ Yoast SEO plugin. -->","yoast_head_json":{"title":"AXI \u201eElla\u201c XXL sm\u0117lio d\u0117\u017e\u0117 \u2013 antracito spalvos, 150 x 150 cm","description":"AXI \u201eElla\u201c XXL sm\u0117lio d\u0117\u017e\u0117 \u2013 antracito spalvos, 150 x 150 cm - KidsPlay. Did\u017eiausias vaik\u0173 \u017eaisl\u0173 pasirinkimas.","robots":{"index":"index","follow":"follow","max-snippet":"max-snippet:-1","max-image-preview":"max-image-preview:large","max-video-preview":"max-video-preview:-1"},"canonical":"https:\/\/kidsplay.lt\/lv\/products\/axi-ella-xxl-smelio-deze-antracito-spalvos-150-x-150-cm\/","og_locale":"lv_LV","og_type":"article","og_title":"AXI \u201eElla\u201c XXL sm\u0117lio d\u0117\u017e\u0117 \u2013 antracito spalvos, 150 x 150 cm","og_description":"AXI \u201eElla\u201c XXL sm\u0117lio d\u0117\u017e\u0117 \u2013 antracito spalvos, 150 x 150 cm - KidsPlay. Did\u017eiausias vaik\u0173 \u017eaisl\u0173 pasirinkimas.","og_url":"https:\/\/kidsplay.lt\/lv\/products\/axi-ella-xxl-smelio-deze-antracito-spalvos-150-x-150-cm\/","og_site_name":"KidsPlay","article_publisher":"https:\/\/www.facebook.com\/www.kidsplay.lt","article_modified_time":"2026-04-07T06:28:44+00:00","og_image":[{"width":1920,"height":1920,"url":"https:\/\/kidsplay.lt\/wp-content\/uploads\/2026\/04\/AXI-\u201eElla-XXL-smelio-deze-\u2013-antracito-spalvos-150-x-150-cm.jpg","type":"image\/jpeg"}],"twitter_card":"summary_large_image","twitter_misc":{"Est. reading time":"1 min\u016bte"},"schema":{"@context":"https:\/\/schema.org","@graph":[{"@type":"WebPage","@id":"https:\/\/kidsplay.lt\/produktas\/axi-ella-xxl-smelio-deze-antracito-spalvos-150-x-150-cm\/","url":"https:\/\/kidsplay.lt\/produktas\/axi-ella-xxl-smelio-deze-antracito-spalvos-150-x-150-cm\/","name":"AXI \u201eElla\u201c XXL sm\u0117lio d\u0117\u017e\u0117 \u2013 antracito spalvos, 150 x 150 cm","isPartOf":{"@id":"https:\/\/kidsplay.lt\/#website"},"primaryImageOfPage":{"@id":"https:\/\/kidsplay.lt\/produktas\/axi-ella-xxl-smelio-deze-antracito-spalvos-150-x-150-cm\/#primaryimage"},"image":{"@id":"https:\/\/kidsplay.lt\/produktas\/axi-ella-xxl-smelio-deze-antracito-spalvos-150-x-150-cm\/#primaryimage"},"thumbnailUrl":"https:\/\/kidsplay.lt\/wp-content\/uploads\/2026\/04\/AXI-\u201eElla-XXL-smelio-deze-\u2013-antracito-spalvos-150-x-150-cm.jpg","datePublished":"2026-04-02T05:35:20+00:00","dateModified":"2026-04-07T06:28:44+00:00","description":"AXI \u201eElla\u201c XXL sm\u0117lio d\u0117\u017e\u0117 \u2013 antracito spalvos, 150 x 150 cm - KidsPlay. Did\u017eiausias vaik\u0173 \u017eaisl\u0173 pasirinkimas.","breadcrumb":{"@id":"https:\/\/kidsplay.lt\/produktas\/axi-ella-xxl-smelio-deze-antracito-spalvos-150-x-150-cm\/#breadcrumb"},"inLanguage":"lv-LV","potentialAction":[{"@type":"ReadAction","target":["https:\/\/kidsplay.lt\/produktas\/axi-ella-xxl-smelio-deze-antracito-spalvos-150-x-150-cm\/"]}]},{"@type":"ImageObject","inLanguage":"lv-LV","@id":"https:\/\/kidsplay.lt\/produktas\/axi-ella-xxl-smelio-deze-antracito-spalvos-150-x-150-cm\/#primaryimage","url":"https:\/\/kidsplay.lt\/wp-content\/uploads\/2026\/04\/AXI-\u201eElla-XXL-smelio-deze-\u2013-antracito-spalvos-150-x-150-cm.jpg","contentUrl":"https:\/\/kidsplay.lt\/wp-content\/uploads\/2026\/04\/AXI-\u201eElla-XXL-smelio-deze-\u2013-antracito-spalvos-150-x-150-cm.jpg","width":1920,"height":1920,"caption":"AXI \u201eElla\u201c XXL sm\u0117lio d\u0117\u017e\u0117 \u2013 antracito spalvos"},{"@type":"BreadcrumbList","@id":"https:\/\/kidsplay.lt\/produktas\/axi-ella-xxl-smelio-deze-antracito-spalvos-150-x-150-cm\/#breadcrumb","itemListElement":[{"@type":"ListItem","position":1,"name":"Pagrindinis","item":"https:\/\/kidsplay.lt\/"},{"@type":"ListItem","position":2,"name":"Parduotuv\u0117","item":"https:\/\/kidsplay.lt\/parduotuve\/"},{"@type":"ListItem","position":3,"name":"AXI \u201eElla\u201c XXL sm\u0117lio d\u0117\u017e\u0117 \u2013 antracito spalvos, 150 x 150 cm"}]},{"@type":"WebSite","@id":"https:\/\/kidsplay.lt\/#website","url":"https:\/\/kidsplay.lt\/","name":"B\u0113rnu sp\u0113les.lv","description":"\u012evairios prek\u0117s vaikams","publisher":{"@id":"https:\/\/kidsplay.lt\/#organization"},"alternateName":"Kidsplay","potentialAction":[{"@type":"SearchAction","target":{"@type":"EntryPoint","urlTemplate":"https:\/\/kidsplay.lt\/?s={search_term_string}"},"query-input":{"@type":"PropertyValueSpecification","valueRequired":true,"valueName":"search_term_string"}}],"inLanguage":"lv-LV"},{"@type":"Organization","@id":"https:\/\/kidsplay.lt\/#organization","name":"B\u0113rnu sp\u0113le","url":"https:\/\/kidsplay.lt\/","logo":{"@type":"ImageObject","inLanguage":"lv-LV","@id":"https:\/\/kidsplay.lt\/#\/schema\/logo\/image\/","url":"https:\/\/kidsplay.lt\/wp-content\/uploads\/2023\/07\/kidsplay-logo.png","contentUrl":"https:\/\/kidsplay.lt\/wp-content\/uploads\/2023\/07\/kidsplay-logo.png","width":451,"height":98,"caption":"KidsPlay"},"image":{"@id":"https:\/\/kidsplay.lt\/#\/schema\/logo\/image\/"},"sameAs":["https:\/\/www.facebook.com\/www.kidsplay.lt"]}]}},"_links":{"self":[{"href":"https:\/\/kidsplay.lt\/lv\/wp-json\/wp\/v2\/product\/98466","targetHints":{"allow":["GET"]}}],"collection":[{"href":"https:\/\/kidsplay.lt\/lv\/wp-json\/wp\/v2\/product"}],"about":[{"href":"https:\/\/kidsplay.lt\/lv\/wp-json\/wp\/v2\/types\/product"}],"version-history":[{"count":1,"href":"https:\/\/kidsplay.lt\/lv\/wp-json\/wp\/v2\/product\/98466\/revisions"}],"predecessor-version":[{"id":98467,"href":"https:\/\/kidsplay.lt\/lv\/wp-json\/wp\/v2\/product\/98466\/revisions\/98467"}],"wp:featuredmedia":[{"embeddable":true,"href":"https:\/\/kidsplay.lt\/lv\/wp-json\/wp\/v2\/media\/98468"}],"wp:attachment":[{"href":"https:\/\/kidsplay.lt\/lv\/wp-json\/wp\/v2\/media?parent=98466"}],"wp:term":[{"taxonomy":"product_brand","embeddable":true,"href":"https:\/\/kidsplay.lt\/lv\/wp-json\/wp\/v2\/product_brand?post=98466"},{"taxonomy":"product_cat","embeddable":true,"href":"https:\/\/kidsplay.lt\/lv\/wp-json\/wp\/v2\/product_cat?post=98466"},{"taxonomy":"product_tag","embeddable":true,"href":"https:\/\/kidsplay.lt\/lv\/wp-json\/wp\/v2\/product_tag?post=98466"}],"curies":[{"name":"wp","href":"https:\/\/api.w.org\/{rel}","templated":true}]}}