{"id":98506,"date":"2026-04-02T08:36:48","date_gmt":"2026-04-02T05:36:48","guid":{"rendered":"https:\/\/kidsplay.lt\/produktas\/axi-justin-smelio-dezes-ekskavatorius\/"},"modified":"2026-04-13T13:47:57","modified_gmt":"2026-04-13T10:47:57","slug":"axi-justin-smelio-dezes-ekskavatorius","status":"publish","type":"product","link":"https:\/\/kidsplay.lt\/lv\/products\/axi-justin-smelio-dezes-ekskavatorius\/","title":{"rendered":"AXI \u201eJustin\u201c sm\u0117lio d\u0117\u017e\u0117s ekskavatorius"},"content":{"rendered":"<p>AXI \u201eJustin\u201c sm\u0117lio d\u0117\u017e\u0117s ekskavatorius \u2013 puikus \u017eaislas ma\u017eam statybininkui. Sukurtas \u017eaidimui sm\u0117lio d\u0117\u017e\u0117je, jis leid\u017eia vaikams kasin\u0117ti ir krauti sm\u0117l\u012f kaip tikra statybin\u0117 ma\u0161ina. Pagamintas i\u0161 patvari\u0173 med\u017eiag\u0173 ir ry\u0161kiai geltonos spalvos, u\u017etikrina saugum\u0105 ir valandas k\u016brybi\u0161ko \u017eaidimo.<br \/>\nRaksturojums:<\/p>\n<p> \tB\u0113rniem no 3 gadu vecuma<br \/>\n \tPagaminta i\u0161 plieno, u\u017etikrinan\u010dio ilgaam\u017ei\u0161kum\u0105 ir atsparum\u0105 \u012fvairioms oro s\u0105lygoms<br \/>\n \tEkskavatorius apsaugotas nuo \u012fbr\u0117\u017eim\u0173, \u012fvairi\u0173 oro s\u0105lyg\u0173 ir r\u016bd\u017ei\u0173, tod\u0117l \u017eaidimas yra saugus<br \/>\n \tK\u0117limo paj\u0117gumas iki 30 kg<br \/>\n \tTuri CE ir EN 71 sertifikatus, patvirtinan\u010dius saugum\u0105 ir standart\u0173 atitikt\u012f<br \/>\n \tEkskavatorius gali suktis 360\u00b0, lengviau randant norim\u0105 darbo pozicij\u0105<br \/>\n \t\u017daislas smagiai moko vaikus loginio m\u0105stymo ir erdvinio suvokimo<br \/>\n \tVaikas gali \u012fsivaizduoti, kad jis tikras ekskavatoriaus operatorius statyb\u0173 aik\u0161tel\u0117je, skatindamas k\u016brybi\u0161kum\u0105 ir vaizduot\u0119<\/p>","protected":false},"excerpt":{"rendered":"<p>AXI \u201eJustin\u201c sm\u0117lio d\u0117\u017e\u0117s ekskavatorius \u2013 puikus \u017eaislas ma\u017eam statybininkui. Sukurtas \u017eaidimui sm\u0117lio d\u0117\u017e\u0117je, jis leid\u017eia vaikams kasin\u0117ti ir krauti<\/p>","protected":false},"featured_media":98508,"template":"","meta":{"_acf_changed":false,"_glsr_average":0,"_glsr_ranking":0,"_glsr_reviews":0},"product_brand":[],"product_cat":[233,327],"product_tag":[],"class_list":{"0":"post-98506","1":"product","2":"type-product","3":"status-publish","4":"has-post-thumbnail","6":"product_cat-lauko-pramogos","7":"product_cat-smelio-dezes-ir-priedai","8":"\"style=\"background-color: #2ecc711c;\"","10":"first","11":"instock","12":"purchasable","13":"product-type-simple"},"acf":[],"yoast_head":"<!-- This site is optimized with the Yoast SEO plugin v27.4 - https:\/\/yoast.com\/product\/yoast-seo-wordpress\/ -->\n<title>AXI \u201eJustin\u201c sm\u0117lio d\u0117\u017e\u0117s ekskavatorius<\/title>\n<meta name=\"description\" content=\"AXI \u201eJustin\u201c sm\u0117lio d\u0117\u017e\u0117s ekskavatorius - KidsPlay. Did\u017eiausias vaik\u0173 \u017eaisl\u0173 pasirinkimas.\" \/>\n<meta name=\"robots\" content=\"index, follow, max-snippet:-1, max-image-preview:large, max-video-preview:-1\" \/>\n<link rel=\"canonical\" href=\"https:\/\/kidsplay.lt\/lv\/products\/axi-justin-smelio-dezes-ekskavatorius\/\" \/>\n<meta property=\"og:locale\" content=\"lv_LV\" \/>\n<meta property=\"og:type\" content=\"article\" \/>\n<meta property=\"og:title\" content=\"AXI \u201eJustin\u201c sm\u0117lio d\u0117\u017e\u0117s ekskavatorius\" \/>\n<meta property=\"og:description\" content=\"AXI \u201eJustin\u201c sm\u0117lio d\u0117\u017e\u0117s ekskavatorius - KidsPlay. Did\u017eiausias vaik\u0173 \u017eaisl\u0173 pasirinkimas.\" \/>\n<meta property=\"og:url\" content=\"https:\/\/kidsplay.lt\/lv\/products\/axi-justin-smelio-dezes-ekskavatorius\/\" \/>\n<meta property=\"og:site_name\" content=\"KidsPlay\" \/>\n<meta property=\"article:publisher\" content=\"https:\/\/www.facebook.com\/www.kidsplay.lt\" \/>\n<meta property=\"article:modified_time\" content=\"2026-04-13T10:47:57+00:00\" \/>\n<meta property=\"og:image\" content=\"https:\/\/kidsplay.lt\/wp-content\/uploads\/2026\/04\/AXI-\u201eJustin-smelio-dezes-ekskavatorius.jpg\" \/>\n\t<meta property=\"og:image:width\" content=\"800\" \/>\n\t<meta property=\"og:image:height\" content=\"800\" \/>\n\t<meta property=\"og:image:type\" content=\"image\/jpeg\" \/>\n<meta name=\"twitter:card\" content=\"summary_large_image\" \/>\n<meta name=\"twitter:label1\" content=\"Est. reading time\" \/>\n\t<meta name=\"twitter:data1\" content=\"1 min\u016bte\" \/>\n<script type=\"application\/ld+json\" class=\"yoast-schema-graph\">{\"@context\":\"https:\\\/\\\/schema.org\",\"@graph\":[{\"@type\":\"WebPage\",\"@id\":\"https:\\\/\\\/kidsplay.lt\\\/produktas\\\/axi-justin-smelio-dezes-ekskavatorius\\\/\",\"url\":\"https:\\\/\\\/kidsplay.lt\\\/produktas\\\/axi-justin-smelio-dezes-ekskavatorius\\\/\",\"name\":\"AXI \u201eJustin\u201c sm\u0117lio d\u0117\u017e\u0117s ekskavatorius\",\"isPartOf\":{\"@id\":\"https:\\\/\\\/kidsplay.lt\\\/#website\"},\"primaryImageOfPage\":{\"@id\":\"https:\\\/\\\/kidsplay.lt\\\/produktas\\\/axi-justin-smelio-dezes-ekskavatorius\\\/#primaryimage\"},\"image\":{\"@id\":\"https:\\\/\\\/kidsplay.lt\\\/produktas\\\/axi-justin-smelio-dezes-ekskavatorius\\\/#primaryimage\"},\"thumbnailUrl\":\"https:\\\/\\\/kidsplay.lt\\\/wp-content\\\/uploads\\\/2026\\\/04\\\/AXI-\u201eJustin-smelio-dezes-ekskavatorius.jpg\",\"datePublished\":\"2026-04-02T05:36:48+00:00\",\"dateModified\":\"2026-04-13T10:47:57+00:00\",\"description\":\"AXI \u201eJustin\u201c sm\u0117lio d\u0117\u017e\u0117s ekskavatorius - KidsPlay. Did\u017eiausias vaik\u0173 \u017eaisl\u0173 pasirinkimas.\",\"breadcrumb\":{\"@id\":\"https:\\\/\\\/kidsplay.lt\\\/produktas\\\/axi-justin-smelio-dezes-ekskavatorius\\\/#breadcrumb\"},\"inLanguage\":\"lv-LV\",\"potentialAction\":[{\"@type\":\"ReadAction\",\"target\":[\"https:\\\/\\\/kidsplay.lt\\\/produktas\\\/axi-justin-smelio-dezes-ekskavatorius\\\/\"]}]},{\"@type\":\"ImageObject\",\"inLanguage\":\"lv-LV\",\"@id\":\"https:\\\/\\\/kidsplay.lt\\\/produktas\\\/axi-justin-smelio-dezes-ekskavatorius\\\/#primaryimage\",\"url\":\"https:\\\/\\\/kidsplay.lt\\\/wp-content\\\/uploads\\\/2026\\\/04\\\/AXI-\u201eJustin-smelio-dezes-ekskavatorius.jpg\",\"contentUrl\":\"https:\\\/\\\/kidsplay.lt\\\/wp-content\\\/uploads\\\/2026\\\/04\\\/AXI-\u201eJustin-smelio-dezes-ekskavatorius.jpg\",\"width\":800,\"height\":800,\"caption\":\"AXI \u201eJustin\u201c sm\u0117lio d\u0117\u017e\u0117s ekskavatorius\"},{\"@type\":\"BreadcrumbList\",\"@id\":\"https:\\\/\\\/kidsplay.lt\\\/produktas\\\/axi-justin-smelio-dezes-ekskavatorius\\\/#breadcrumb\",\"itemListElement\":[{\"@type\":\"ListItem\",\"position\":1,\"name\":\"Pagrindinis\",\"item\":\"https:\\\/\\\/kidsplay.lt\\\/\"},{\"@type\":\"ListItem\",\"position\":2,\"name\":\"Parduotuv\u0117\",\"item\":\"https:\\\/\\\/kidsplay.lt\\\/parduotuve\\\/\"},{\"@type\":\"ListItem\",\"position\":3,\"name\":\"AXI \u201eJustin\u201c sm\u0117lio d\u0117\u017e\u0117s ekskavatorius\"}]},{\"@type\":\"WebSite\",\"@id\":\"https:\\\/\\\/kidsplay.lt\\\/#website\",\"url\":\"https:\\\/\\\/kidsplay.lt\\\/\",\"name\":\"Kidsplay.lt\",\"description\":\"\u012evairios prek\u0117s vaikams\",\"publisher\":{\"@id\":\"https:\\\/\\\/kidsplay.lt\\\/#organization\"},\"alternateName\":\"Kidsplay\",\"potentialAction\":[{\"@type\":\"SearchAction\",\"target\":{\"@type\":\"EntryPoint\",\"urlTemplate\":\"https:\\\/\\\/kidsplay.lt\\\/?s={search_term_string}\"},\"query-input\":{\"@type\":\"PropertyValueSpecification\",\"valueRequired\":true,\"valueName\":\"search_term_string\"}}],\"inLanguage\":\"lv-LV\"},{\"@type\":\"Organization\",\"@id\":\"https:\\\/\\\/kidsplay.lt\\\/#organization\",\"name\":\"KidsPlay\",\"url\":\"https:\\\/\\\/kidsplay.lt\\\/\",\"logo\":{\"@type\":\"ImageObject\",\"inLanguage\":\"lv-LV\",\"@id\":\"https:\\\/\\\/kidsplay.lt\\\/#\\\/schema\\\/logo\\\/image\\\/\",\"url\":\"https:\\\/\\\/kidsplay.lt\\\/wp-content\\\/uploads\\\/2023\\\/07\\\/kidsplay-logo.png\",\"contentUrl\":\"https:\\\/\\\/kidsplay.lt\\\/wp-content\\\/uploads\\\/2023\\\/07\\\/kidsplay-logo.png\",\"width\":451,\"height\":98,\"caption\":\"KidsPlay\"},\"image\":{\"@id\":\"https:\\\/\\\/kidsplay.lt\\\/#\\\/schema\\\/logo\\\/image\\\/\"},\"sameAs\":[\"https:\\\/\\\/www.facebook.com\\\/www.kidsplay.lt\"]}]}<\/script>\n<!-- \/ Yoast SEO plugin. -->","yoast_head_json":{"title":"AXI \u201eJustin\u201c sm\u0117lio d\u0117\u017e\u0117s ekskavatorius","description":"AXI \u201eJustin\u201c sm\u0117lio d\u0117\u017e\u0117s ekskavatorius - KidsPlay. Did\u017eiausias vaik\u0173 \u017eaisl\u0173 pasirinkimas.","robots":{"index":"index","follow":"follow","max-snippet":"max-snippet:-1","max-image-preview":"max-image-preview:large","max-video-preview":"max-video-preview:-1"},"canonical":"https:\/\/kidsplay.lt\/lv\/products\/axi-justin-smelio-dezes-ekskavatorius\/","og_locale":"lv_LV","og_type":"article","og_title":"AXI \u201eJustin\u201c sm\u0117lio d\u0117\u017e\u0117s ekskavatorius","og_description":"AXI \u201eJustin\u201c sm\u0117lio d\u0117\u017e\u0117s ekskavatorius - KidsPlay. Did\u017eiausias vaik\u0173 \u017eaisl\u0173 pasirinkimas.","og_url":"https:\/\/kidsplay.lt\/lv\/products\/axi-justin-smelio-dezes-ekskavatorius\/","og_site_name":"KidsPlay","article_publisher":"https:\/\/www.facebook.com\/www.kidsplay.lt","article_modified_time":"2026-04-13T10:47:57+00:00","og_image":[{"width":800,"height":800,"url":"https:\/\/kidsplay.lt\/wp-content\/uploads\/2026\/04\/AXI-\u201eJustin-smelio-dezes-ekskavatorius.jpg","type":"image\/jpeg"}],"twitter_card":"summary_large_image","twitter_misc":{"Est. reading time":"1 min\u016bte"},"schema":{"@context":"https:\/\/schema.org","@graph":[{"@type":"WebPage","@id":"https:\/\/kidsplay.lt\/produktas\/axi-justin-smelio-dezes-ekskavatorius\/","url":"https:\/\/kidsplay.lt\/produktas\/axi-justin-smelio-dezes-ekskavatorius\/","name":"AXI \u201eJustin\u201c sm\u0117lio d\u0117\u017e\u0117s ekskavatorius","isPartOf":{"@id":"https:\/\/kidsplay.lt\/#website"},"primaryImageOfPage":{"@id":"https:\/\/kidsplay.lt\/produktas\/axi-justin-smelio-dezes-ekskavatorius\/#primaryimage"},"image":{"@id":"https:\/\/kidsplay.lt\/produktas\/axi-justin-smelio-dezes-ekskavatorius\/#primaryimage"},"thumbnailUrl":"https:\/\/kidsplay.lt\/wp-content\/uploads\/2026\/04\/AXI-\u201eJustin-smelio-dezes-ekskavatorius.jpg","datePublished":"2026-04-02T05:36:48+00:00","dateModified":"2026-04-13T10:47:57+00:00","description":"AXI \u201eJustin\u201c sm\u0117lio d\u0117\u017e\u0117s ekskavatorius - KidsPlay. Did\u017eiausias vaik\u0173 \u017eaisl\u0173 pasirinkimas.","breadcrumb":{"@id":"https:\/\/kidsplay.lt\/produktas\/axi-justin-smelio-dezes-ekskavatorius\/#breadcrumb"},"inLanguage":"lv-LV","potentialAction":[{"@type":"ReadAction","target":["https:\/\/kidsplay.lt\/produktas\/axi-justin-smelio-dezes-ekskavatorius\/"]}]},{"@type":"ImageObject","inLanguage":"lv-LV","@id":"https:\/\/kidsplay.lt\/produktas\/axi-justin-smelio-dezes-ekskavatorius\/#primaryimage","url":"https:\/\/kidsplay.lt\/wp-content\/uploads\/2026\/04\/AXI-\u201eJustin-smelio-dezes-ekskavatorius.jpg","contentUrl":"https:\/\/kidsplay.lt\/wp-content\/uploads\/2026\/04\/AXI-\u201eJustin-smelio-dezes-ekskavatorius.jpg","width":800,"height":800,"caption":"AXI \u201eJustin\u201c sm\u0117lio d\u0117\u017e\u0117s ekskavatorius"},{"@type":"BreadcrumbList","@id":"https:\/\/kidsplay.lt\/produktas\/axi-justin-smelio-dezes-ekskavatorius\/#breadcrumb","itemListElement":[{"@type":"ListItem","position":1,"name":"Pagrindinis","item":"https:\/\/kidsplay.lt\/"},{"@type":"ListItem","position":2,"name":"Parduotuv\u0117","item":"https:\/\/kidsplay.lt\/parduotuve\/"},{"@type":"ListItem","position":3,"name":"AXI \u201eJustin\u201c sm\u0117lio d\u0117\u017e\u0117s ekskavatorius"}]},{"@type":"WebSite","@id":"https:\/\/kidsplay.lt\/#website","url":"https:\/\/kidsplay.lt\/","name":"B\u0113rnu sp\u0113les.lv","description":"\u012evairios prek\u0117s vaikams","publisher":{"@id":"https:\/\/kidsplay.lt\/#organization"},"alternateName":"Kidsplay","potentialAction":[{"@type":"SearchAction","target":{"@type":"EntryPoint","urlTemplate":"https:\/\/kidsplay.lt\/?s={search_term_string}"},"query-input":{"@type":"PropertyValueSpecification","valueRequired":true,"valueName":"search_term_string"}}],"inLanguage":"lv-LV"},{"@type":"Organization","@id":"https:\/\/kidsplay.lt\/#organization","name":"B\u0113rnu sp\u0113le","url":"https:\/\/kidsplay.lt\/","logo":{"@type":"ImageObject","inLanguage":"lv-LV","@id":"https:\/\/kidsplay.lt\/#\/schema\/logo\/image\/","url":"https:\/\/kidsplay.lt\/wp-content\/uploads\/2023\/07\/kidsplay-logo.png","contentUrl":"https:\/\/kidsplay.lt\/wp-content\/uploads\/2023\/07\/kidsplay-logo.png","width":451,"height":98,"caption":"KidsPlay"},"image":{"@id":"https:\/\/kidsplay.lt\/#\/schema\/logo\/image\/"},"sameAs":["https:\/\/www.facebook.com\/www.kidsplay.lt"]}]}},"_links":{"self":[{"href":"https:\/\/kidsplay.lt\/lv\/wp-json\/wp\/v2\/product\/98506","targetHints":{"allow":["GET"]}}],"collection":[{"href":"https:\/\/kidsplay.lt\/lv\/wp-json\/wp\/v2\/product"}],"about":[{"href":"https:\/\/kidsplay.lt\/lv\/wp-json\/wp\/v2\/types\/product"}],"version-history":[{"count":1,"href":"https:\/\/kidsplay.lt\/lv\/wp-json\/wp\/v2\/product\/98506\/revisions"}],"predecessor-version":[{"id":98507,"href":"https:\/\/kidsplay.lt\/lv\/wp-json\/wp\/v2\/product\/98506\/revisions\/98507"}],"wp:featuredmedia":[{"embeddable":true,"href":"https:\/\/kidsplay.lt\/lv\/wp-json\/wp\/v2\/media\/98508"}],"wp:attachment":[{"href":"https:\/\/kidsplay.lt\/lv\/wp-json\/wp\/v2\/media?parent=98506"}],"wp:term":[{"taxonomy":"product_brand","embeddable":true,"href":"https:\/\/kidsplay.lt\/lv\/wp-json\/wp\/v2\/product_brand?post=98506"},{"taxonomy":"product_cat","embeddable":true,"href":"https:\/\/kidsplay.lt\/lv\/wp-json\/wp\/v2\/product_cat?post=98506"},{"taxonomy":"product_tag","embeddable":true,"href":"https:\/\/kidsplay.lt\/lv\/wp-json\/wp\/v2\/product_tag?post=98506"}],"curies":[{"name":"wp","href":"https:\/\/api.w.org\/{rel}","templated":true}]}}