{"id":98520,"date":"2026-04-02T08:37:09","date_gmt":"2026-04-02T05:37:09","guid":{"rendered":"https:\/\/kidsplay.lt\/produktas\/woopie-discovery-little-explorer-rinkinys-ziuronai-kompasas-vabzdziu-tinklas-drugeliai-ir-zibintuvelis\/"},"modified":"2026-04-18T18:30:50","modified_gmt":"2026-04-18T15:30:50","slug":"woopie-discovery-little-explorer-rinkinys-ziuronai-kompasas-vabzdziu-tinklas-drugeliai-ir-zibintuvelis","status":"publish","type":"product","link":"https:\/\/kidsplay.lt\/lv\/products\/woopie-discovery-little-explorer-rinkinys-ziuronai-kompasas-vabzdziu-tinklas-drugeliai-ir-zibintuvelis\/","title":{"rendered":"WOOPIE Discovery maz\u0101 p\u0113tnieka komplekts - binoklis, kompass, kukai\u0146u t\u012bkls, tauri\u0146i un luktur\u012btis"},"content":{"rendered":"<p>Pasiruo\u0161kite nepamir\u0161tamai kelionei \u012f gamtos pasaul\u012f su nuostabiu Woopie \u201eLittle Explorer\u201c rinkiniu! \u0160is i\u0161samus rinkinys \u2013 puiki dovana kiekvienam smalsiam ma\u017eyliui, svajojan\u010diam tyrin\u0117ti sod\u0105, mi\u0161k\u0105 ar net savo kiem\u0105. Jis pad\u0117s vaikui tapti tikru tyrin\u0117toju, ugdys smalsum\u0105 pasauliui ir leis praleisti valandas aktyviai bei mokomai \u017eaid\u017eiant lauke. Nuo \u017ei\u016bron\u0173 ir vabzd\u017ei\u0173 tinklo iki liemen\u0117s ir kepur\u0117s \u2013 viskas, ko reikia \u012fdomiai ekspedicijai!<br \/>\nRaksturojums:<\/p>\n<p> \tVaiko am\u017eius: nuo 3 met\u0173<br \/>\n \tPilnas gamtos tyrin\u0117jimo \u012franki\u0173 rinkinys<br \/>\n \tPatrauklios \u017ealios ir sm\u0117lio spalvos su gyv\u016bn\u0173 motyvais<br \/>\n \tPagaminta i\u0161 saugi\u0173 ir patvari\u0173 med\u017eiag\u0173<br \/>\n \tSkatina mokytis apie vabzd\u017ei\u0173 ir augal\u0173 pasaul\u012f<\/p>\n<p>Komplekt\u0101 ietilpst:<\/p>\n<p> \tTyrin\u0117tojo liemen\u0117 su daug ki\u0161eni\u0173<br \/>\n \tPlataus kra\u0161to kepur\u0117<br \/>\n \tKuprin\u0117<br \/>\n \t\u017di\u016bronai<br \/>\n \t\u017dibintuv\u0117lis su kompasu ir \u0161vilpuku<br \/>\n \t\u017dibintuv\u0117lis<br \/>\n \tVabzd\u017ei\u0173 tinklas<br \/>\n \tVabzd\u017ei\u0173 talpykla su rankena ir steb\u0117jimo sistema<br \/>\n \tDidinamasis stiklas<br \/>\n \tVabzd\u017ei\u0173 pincetas<br \/>\n \tVabzd\u017ei\u0173 gaudykl\u0117s \u017enypl\u0117s<br \/>\n \tApsauginiai akiniai<br \/>\n \t8 steb\u0117jimo kortel\u0117s su vabzd\u017ei\u0173 apra\u0161ymais<br \/>\n \tPeriskopas<br \/>\n \tTrumpas pakabukas<br \/>\n \tIlgas pakabukas<br \/>\n \t4 kabinimo \u017eiedai<\/p>\n<p>Rota\u013clietu lav\u012bna:<\/p>\n<p> \tStambi\u0105j\u0105 ir smulki\u0105j\u0105 motorik\u0105<br \/>\n \tRank\u0173 ir aki\u0173 koordinacij\u0105<br \/>\n \tSmalsum\u0105 pasauliui ir susidom\u0117jim\u0105 gamta<br \/>\n \tSteb\u0117jimo ir analitinio m\u0105stymo \u012fg\u016bd\u017eius<br \/>\n \tVaizduot\u0119 ir k\u016brybi\u0161kum\u0105<br \/>\n \tRankinius \u012fg\u016bd\u017eius<br \/>\n \tSavaranki\u0161kum\u0105 ir atsakomyb\u0119<br \/>\n \tSocialinius \u012fg\u016bd\u017eius (\u017eaid\u017eiant kartu)<\/p>\n<p>Produkto matmenys (apie, atskir\u0173 element\u0173):<\/p>\n<p> \tLiemen\u0117: apie 48 cm (ilgis), apie 34\u201338 cm (plotis)<br \/>\n \tVabzd\u017ei\u0173 tinklas: apie 76,8 cm (bendras ilgis), tinklas apie 20,5 cm (skersmuo)<br \/>\n \t\u017di\u016bronai: apie 11 cm x 9 cm x 5,5 cm<br \/>\n \tVabzd\u017ei\u0173 talpykla: apie 15,5 cm x 10 cm x 10 cm<br \/>\n \tDidinamasis stiklas: apie 2,7 cm (stiklo skersmuo), apie 13 cm (ilgis)<br \/>\n \t\u017dibintuv\u0117lis: apie 9 cm x 3 cm<br \/>\n \tKompasas: apie 10 cm x 8 cm<br \/>\n \tKuprin\u0117: apie 41 cm x 19 cm (i\u0161matuota i\u0161tiesta)<\/p>","protected":false},"excerpt":{"rendered":"<p>Pasiruo\u0161kite nepamir\u0161tamai kelionei \u012f gamtos pasaul\u012f su nuostabiu Woopie \u201eLittle Explorer\u201c rinkiniu! \u0160is i\u0161samus rinkinys \u2013 puiki dovana kiekvienam smalsiam<\/p>","protected":false},"featured_media":98522,"template":"","meta":{"_acf_changed":false,"_glsr_average":0,"_glsr_ranking":0,"_glsr_reviews":0},"product_brand":[],"product_cat":[949,399],"product_tag":[],"class_list":{"0":"post-98520","1":"product","2":"type-product","3":"status-publish","4":"has-post-thumbnail","6":"product_cat-kiti-vaidmenys","7":"product_cat-vaidmenu-zaidimai-2","8":"\"style=\"background-color: #2ecc711c;\"","10":"first","11":"instock","12":"purchasable","13":"product-type-simple"},"acf":[],"yoast_head":"<!-- This site is optimized with the Yoast SEO plugin v27.4 - https:\/\/yoast.com\/product\/yoast-seo-wordpress\/ -->\n<title>WOOPIE Discovery \u201eLittle Explorer\u201c rinkinys \u2013 \u017ei\u016bronai, kompasas, vabzd\u017ei\u0173 tinklas, drugeliai ir \u017eibintuv\u0117lis<\/title>\n<meta name=\"description\" content=\"WOOPIE Discovery \u201eLittle Explorer\u201c rinkinys \u2013 \u017ei\u016bronai, kompasas, vabzd\u017ei\u0173 tinklas, drugeliai ir \u017eibintuv\u0117lis - KidsPlay. Did\u017eiausias vaik\u0173 \u017eaisl\u0173 pasirinkimas.\" \/>\n<meta name=\"robots\" content=\"index, follow, max-snippet:-1, max-image-preview:large, max-video-preview:-1\" \/>\n<link rel=\"canonical\" href=\"https:\/\/kidsplay.lt\/lv\/products\/woopie-discovery-little-explorer-rinkinys-ziuronai-kompasas-vabzdziu-tinklas-drugeliai-ir-zibintuvelis\/\" \/>\n<meta property=\"og:locale\" content=\"lv_LV\" \/>\n<meta property=\"og:type\" content=\"article\" \/>\n<meta property=\"og:title\" content=\"WOOPIE Discovery \u201eLittle Explorer\u201c rinkinys \u2013 \u017ei\u016bronai, kompasas, vabzd\u017ei\u0173 tinklas, drugeliai ir \u017eibintuv\u0117lis\" \/>\n<meta property=\"og:description\" content=\"WOOPIE Discovery \u201eLittle Explorer\u201c rinkinys \u2013 \u017ei\u016bronai, kompasas, vabzd\u017ei\u0173 tinklas, drugeliai ir \u017eibintuv\u0117lis - KidsPlay. Did\u017eiausias vaik\u0173 \u017eaisl\u0173 pasirinkimas.\" \/>\n<meta property=\"og:url\" content=\"https:\/\/kidsplay.lt\/lv\/products\/woopie-discovery-little-explorer-rinkinys-ziuronai-kompasas-vabzdziu-tinklas-drugeliai-ir-zibintuvelis\/\" \/>\n<meta property=\"og:site_name\" content=\"KidsPlay\" \/>\n<meta property=\"article:publisher\" content=\"https:\/\/www.facebook.com\/www.kidsplay.lt\" \/>\n<meta property=\"article:modified_time\" content=\"2026-04-18T15:30:50+00:00\" \/>\n<meta property=\"og:image\" content=\"https:\/\/kidsplay.lt\/wp-content\/uploads\/2026\/04\/WOOPIE-Discovery-\u201eLittle-Explorer-rinkinys-\u2013-ziuronai-kompasas-vabzdziu-tinklas-drugeliai-ir-zibintuvelis.jpg\" \/>\n\t<meta property=\"og:image:width\" content=\"1000\" \/>\n\t<meta property=\"og:image:height\" content=\"1000\" \/>\n\t<meta property=\"og:image:type\" content=\"image\/jpeg\" \/>\n<meta name=\"twitter:card\" content=\"summary_large_image\" \/>\n<meta name=\"twitter:label1\" content=\"Est. reading time\" \/>\n\t<meta name=\"twitter:data1\" content=\"1 min\u016bte\" \/>\n<script type=\"application\/ld+json\" class=\"yoast-schema-graph\">{\"@context\":\"https:\\\/\\\/schema.org\",\"@graph\":[{\"@type\":\"WebPage\",\"@id\":\"https:\\\/\\\/kidsplay.lt\\\/produktas\\\/woopie-discovery-little-explorer-rinkinys-ziuronai-kompasas-vabzdziu-tinklas-drugeliai-ir-zibintuvelis\\\/\",\"url\":\"https:\\\/\\\/kidsplay.lt\\\/produktas\\\/woopie-discovery-little-explorer-rinkinys-ziuronai-kompasas-vabzdziu-tinklas-drugeliai-ir-zibintuvelis\\\/\",\"name\":\"WOOPIE Discovery \u201eLittle Explorer\u201c rinkinys \u2013 \u017ei\u016bronai, kompasas, vabzd\u017ei\u0173 tinklas, drugeliai ir \u017eibintuv\u0117lis\",\"isPartOf\":{\"@id\":\"https:\\\/\\\/kidsplay.lt\\\/#website\"},\"primaryImageOfPage\":{\"@id\":\"https:\\\/\\\/kidsplay.lt\\\/produktas\\\/woopie-discovery-little-explorer-rinkinys-ziuronai-kompasas-vabzdziu-tinklas-drugeliai-ir-zibintuvelis\\\/#primaryimage\"},\"image\":{\"@id\":\"https:\\\/\\\/kidsplay.lt\\\/produktas\\\/woopie-discovery-little-explorer-rinkinys-ziuronai-kompasas-vabzdziu-tinklas-drugeliai-ir-zibintuvelis\\\/#primaryimage\"},\"thumbnailUrl\":\"https:\\\/\\\/kidsplay.lt\\\/wp-content\\\/uploads\\\/2026\\\/04\\\/WOOPIE-Discovery-\u201eLittle-Explorer-rinkinys-\u2013-ziuronai-kompasas-vabzdziu-tinklas-drugeliai-ir-zibintuvelis.jpg\",\"datePublished\":\"2026-04-02T05:37:09+00:00\",\"dateModified\":\"2026-04-18T15:30:50+00:00\",\"description\":\"WOOPIE Discovery \u201eLittle Explorer\u201c rinkinys \u2013 \u017ei\u016bronai, kompasas, vabzd\u017ei\u0173 tinklas, drugeliai ir \u017eibintuv\u0117lis - KidsPlay. Did\u017eiausias vaik\u0173 \u017eaisl\u0173 pasirinkimas.\",\"breadcrumb\":{\"@id\":\"https:\\\/\\\/kidsplay.lt\\\/produktas\\\/woopie-discovery-little-explorer-rinkinys-ziuronai-kompasas-vabzdziu-tinklas-drugeliai-ir-zibintuvelis\\\/#breadcrumb\"},\"inLanguage\":\"lv-LV\",\"potentialAction\":[{\"@type\":\"ReadAction\",\"target\":[\"https:\\\/\\\/kidsplay.lt\\\/produktas\\\/woopie-discovery-little-explorer-rinkinys-ziuronai-kompasas-vabzdziu-tinklas-drugeliai-ir-zibintuvelis\\\/\"]}]},{\"@type\":\"ImageObject\",\"inLanguage\":\"lv-LV\",\"@id\":\"https:\\\/\\\/kidsplay.lt\\\/produktas\\\/woopie-discovery-little-explorer-rinkinys-ziuronai-kompasas-vabzdziu-tinklas-drugeliai-ir-zibintuvelis\\\/#primaryimage\",\"url\":\"https:\\\/\\\/kidsplay.lt\\\/wp-content\\\/uploads\\\/2026\\\/04\\\/WOOPIE-Discovery-\u201eLittle-Explorer-rinkinys-\u2013-ziuronai-kompasas-vabzdziu-tinklas-drugeliai-ir-zibintuvelis.jpg\",\"contentUrl\":\"https:\\\/\\\/kidsplay.lt\\\/wp-content\\\/uploads\\\/2026\\\/04\\\/WOOPIE-Discovery-\u201eLittle-Explorer-rinkinys-\u2013-ziuronai-kompasas-vabzdziu-tinklas-drugeliai-ir-zibintuvelis.jpg\",\"width\":1000,\"height\":1000,\"caption\":\"WOOPIE Discovery \u201eLittle Explorer\u201c rinkinys \u2013 \u017ei\u016bronai\"},{\"@type\":\"BreadcrumbList\",\"@id\":\"https:\\\/\\\/kidsplay.lt\\\/produktas\\\/woopie-discovery-little-explorer-rinkinys-ziuronai-kompasas-vabzdziu-tinklas-drugeliai-ir-zibintuvelis\\\/#breadcrumb\",\"itemListElement\":[{\"@type\":\"ListItem\",\"position\":1,\"name\":\"Pagrindinis\",\"item\":\"https:\\\/\\\/kidsplay.lt\\\/\"},{\"@type\":\"ListItem\",\"position\":2,\"name\":\"Parduotuv\u0117\",\"item\":\"https:\\\/\\\/kidsplay.lt\\\/parduotuve\\\/\"},{\"@type\":\"ListItem\",\"position\":3,\"name\":\"WOOPIE Discovery \u201eLittle Explorer\u201c rinkinys \u2013 \u017ei\u016bronai, kompasas, vabzd\u017ei\u0173 tinklas, drugeliai ir \u017eibintuv\u0117lis\"}]},{\"@type\":\"WebSite\",\"@id\":\"https:\\\/\\\/kidsplay.lt\\\/#website\",\"url\":\"https:\\\/\\\/kidsplay.lt\\\/\",\"name\":\"Kidsplay.lt\",\"description\":\"\u012evairios prek\u0117s vaikams\",\"publisher\":{\"@id\":\"https:\\\/\\\/kidsplay.lt\\\/#organization\"},\"alternateName\":\"Kidsplay\",\"potentialAction\":[{\"@type\":\"SearchAction\",\"target\":{\"@type\":\"EntryPoint\",\"urlTemplate\":\"https:\\\/\\\/kidsplay.lt\\\/?s={search_term_string}\"},\"query-input\":{\"@type\":\"PropertyValueSpecification\",\"valueRequired\":true,\"valueName\":\"search_term_string\"}}],\"inLanguage\":\"lv-LV\"},{\"@type\":\"Organization\",\"@id\":\"https:\\\/\\\/kidsplay.lt\\\/#organization\",\"name\":\"KidsPlay\",\"url\":\"https:\\\/\\\/kidsplay.lt\\\/\",\"logo\":{\"@type\":\"ImageObject\",\"inLanguage\":\"lv-LV\",\"@id\":\"https:\\\/\\\/kidsplay.lt\\\/#\\\/schema\\\/logo\\\/image\\\/\",\"url\":\"https:\\\/\\\/kidsplay.lt\\\/wp-content\\\/uploads\\\/2023\\\/07\\\/kidsplay-logo.png\",\"contentUrl\":\"https:\\\/\\\/kidsplay.lt\\\/wp-content\\\/uploads\\\/2023\\\/07\\\/kidsplay-logo.png\",\"width\":451,\"height\":98,\"caption\":\"KidsPlay\"},\"image\":{\"@id\":\"https:\\\/\\\/kidsplay.lt\\\/#\\\/schema\\\/logo\\\/image\\\/\"},\"sameAs\":[\"https:\\\/\\\/www.facebook.com\\\/www.kidsplay.lt\"]}]}<\/script>\n<!-- \/ Yoast SEO plugin. -->","yoast_head_json":{"title":"WOOPIE Discovery maz\u0101 p\u0113tnieka komplekts - binoklis, kompass, kukai\u0146u t\u012bkls, tauri\u0146i un luktur\u012btis","description":"WOOPIE Discovery \u201eLittle Explorer\u201c rinkinys \u2013 \u017ei\u016bronai, kompasas, vabzd\u017ei\u0173 tinklas, drugeliai ir \u017eibintuv\u0117lis - KidsPlay. Did\u017eiausias vaik\u0173 \u017eaisl\u0173 pasirinkimas.","robots":{"index":"index","follow":"follow","max-snippet":"max-snippet:-1","max-image-preview":"max-image-preview:large","max-video-preview":"max-video-preview:-1"},"canonical":"https:\/\/kidsplay.lt\/lv\/products\/woopie-discovery-little-explorer-rinkinys-ziuronai-kompasas-vabzdziu-tinklas-drugeliai-ir-zibintuvelis\/","og_locale":"lv_LV","og_type":"article","og_title":"WOOPIE Discovery \u201eLittle Explorer\u201c rinkinys \u2013 \u017ei\u016bronai, kompasas, vabzd\u017ei\u0173 tinklas, drugeliai ir \u017eibintuv\u0117lis","og_description":"WOOPIE Discovery \u201eLittle Explorer\u201c rinkinys \u2013 \u017ei\u016bronai, kompasas, vabzd\u017ei\u0173 tinklas, drugeliai ir \u017eibintuv\u0117lis - KidsPlay. Did\u017eiausias vaik\u0173 \u017eaisl\u0173 pasirinkimas.","og_url":"https:\/\/kidsplay.lt\/lv\/products\/woopie-discovery-little-explorer-rinkinys-ziuronai-kompasas-vabzdziu-tinklas-drugeliai-ir-zibintuvelis\/","og_site_name":"KidsPlay","article_publisher":"https:\/\/www.facebook.com\/www.kidsplay.lt","article_modified_time":"2026-04-18T15:30:50+00:00","og_image":[{"width":1000,"height":1000,"url":"https:\/\/kidsplay.lt\/wp-content\/uploads\/2026\/04\/WOOPIE-Discovery-\u201eLittle-Explorer-rinkinys-\u2013-ziuronai-kompasas-vabzdziu-tinklas-drugeliai-ir-zibintuvelis.jpg","type":"image\/jpeg"}],"twitter_card":"summary_large_image","twitter_misc":{"Est. reading time":"1 min\u016bte"},"schema":{"@context":"https:\/\/schema.org","@graph":[{"@type":"WebPage","@id":"https:\/\/kidsplay.lt\/produktas\/woopie-discovery-little-explorer-rinkinys-ziuronai-kompasas-vabzdziu-tinklas-drugeliai-ir-zibintuvelis\/","url":"https:\/\/kidsplay.lt\/produktas\/woopie-discovery-little-explorer-rinkinys-ziuronai-kompasas-vabzdziu-tinklas-drugeliai-ir-zibintuvelis\/","name":"WOOPIE Discovery maz\u0101 p\u0113tnieka komplekts - binoklis, kompass, kukai\u0146u t\u012bkls, tauri\u0146i un luktur\u012btis","isPartOf":{"@id":"https:\/\/kidsplay.lt\/#website"},"primaryImageOfPage":{"@id":"https:\/\/kidsplay.lt\/produktas\/woopie-discovery-little-explorer-rinkinys-ziuronai-kompasas-vabzdziu-tinklas-drugeliai-ir-zibintuvelis\/#primaryimage"},"image":{"@id":"https:\/\/kidsplay.lt\/produktas\/woopie-discovery-little-explorer-rinkinys-ziuronai-kompasas-vabzdziu-tinklas-drugeliai-ir-zibintuvelis\/#primaryimage"},"thumbnailUrl":"https:\/\/kidsplay.lt\/wp-content\/uploads\/2026\/04\/WOOPIE-Discovery-\u201eLittle-Explorer-rinkinys-\u2013-ziuronai-kompasas-vabzdziu-tinklas-drugeliai-ir-zibintuvelis.jpg","datePublished":"2026-04-02T05:37:09+00:00","dateModified":"2026-04-18T15:30:50+00:00","description":"WOOPIE Discovery \u201eLittle Explorer\u201c rinkinys \u2013 \u017ei\u016bronai, kompasas, vabzd\u017ei\u0173 tinklas, drugeliai ir \u017eibintuv\u0117lis - KidsPlay. Did\u017eiausias vaik\u0173 \u017eaisl\u0173 pasirinkimas.","breadcrumb":{"@id":"https:\/\/kidsplay.lt\/produktas\/woopie-discovery-little-explorer-rinkinys-ziuronai-kompasas-vabzdziu-tinklas-drugeliai-ir-zibintuvelis\/#breadcrumb"},"inLanguage":"lv-LV","potentialAction":[{"@type":"ReadAction","target":["https:\/\/kidsplay.lt\/produktas\/woopie-discovery-little-explorer-rinkinys-ziuronai-kompasas-vabzdziu-tinklas-drugeliai-ir-zibintuvelis\/"]}]},{"@type":"ImageObject","inLanguage":"lv-LV","@id":"https:\/\/kidsplay.lt\/produktas\/woopie-discovery-little-explorer-rinkinys-ziuronai-kompasas-vabzdziu-tinklas-drugeliai-ir-zibintuvelis\/#primaryimage","url":"https:\/\/kidsplay.lt\/wp-content\/uploads\/2026\/04\/WOOPIE-Discovery-\u201eLittle-Explorer-rinkinys-\u2013-ziuronai-kompasas-vabzdziu-tinklas-drugeliai-ir-zibintuvelis.jpg","contentUrl":"https:\/\/kidsplay.lt\/wp-content\/uploads\/2026\/04\/WOOPIE-Discovery-\u201eLittle-Explorer-rinkinys-\u2013-ziuronai-kompasas-vabzdziu-tinklas-drugeliai-ir-zibintuvelis.jpg","width":1000,"height":1000,"caption":"WOOPIE Discovery \u201eLittle Explorer\u201c rinkinys \u2013 \u017ei\u016bronai"},{"@type":"BreadcrumbList","@id":"https:\/\/kidsplay.lt\/produktas\/woopie-discovery-little-explorer-rinkinys-ziuronai-kompasas-vabzdziu-tinklas-drugeliai-ir-zibintuvelis\/#breadcrumb","itemListElement":[{"@type":"ListItem","position":1,"name":"Pagrindinis","item":"https:\/\/kidsplay.lt\/"},{"@type":"ListItem","position":2,"name":"Parduotuv\u0117","item":"https:\/\/kidsplay.lt\/parduotuve\/"},{"@type":"ListItem","position":3,"name":"WOOPIE Discovery \u201eLittle Explorer\u201c rinkinys \u2013 \u017ei\u016bronai, kompasas, vabzd\u017ei\u0173 tinklas, drugeliai ir \u017eibintuv\u0117lis"}]},{"@type":"WebSite","@id":"https:\/\/kidsplay.lt\/#website","url":"https:\/\/kidsplay.lt\/","name":"B\u0113rnu sp\u0113les.lv","description":"\u012evairios prek\u0117s vaikams","publisher":{"@id":"https:\/\/kidsplay.lt\/#organization"},"alternateName":"Kidsplay","potentialAction":[{"@type":"SearchAction","target":{"@type":"EntryPoint","urlTemplate":"https:\/\/kidsplay.lt\/?s={search_term_string}"},"query-input":{"@type":"PropertyValueSpecification","valueRequired":true,"valueName":"search_term_string"}}],"inLanguage":"lv-LV"},{"@type":"Organization","@id":"https:\/\/kidsplay.lt\/#organization","name":"B\u0113rnu sp\u0113le","url":"https:\/\/kidsplay.lt\/","logo":{"@type":"ImageObject","inLanguage":"lv-LV","@id":"https:\/\/kidsplay.lt\/#\/schema\/logo\/image\/","url":"https:\/\/kidsplay.lt\/wp-content\/uploads\/2023\/07\/kidsplay-logo.png","contentUrl":"https:\/\/kidsplay.lt\/wp-content\/uploads\/2023\/07\/kidsplay-logo.png","width":451,"height":98,"caption":"KidsPlay"},"image":{"@id":"https:\/\/kidsplay.lt\/#\/schema\/logo\/image\/"},"sameAs":["https:\/\/www.facebook.com\/www.kidsplay.lt"]}]}},"_links":{"self":[{"href":"https:\/\/kidsplay.lt\/lv\/wp-json\/wp\/v2\/product\/98520","targetHints":{"allow":["GET"]}}],"collection":[{"href":"https:\/\/kidsplay.lt\/lv\/wp-json\/wp\/v2\/product"}],"about":[{"href":"https:\/\/kidsplay.lt\/lv\/wp-json\/wp\/v2\/types\/product"}],"version-history":[{"count":1,"href":"https:\/\/kidsplay.lt\/lv\/wp-json\/wp\/v2\/product\/98520\/revisions"}],"predecessor-version":[{"id":98521,"href":"https:\/\/kidsplay.lt\/lv\/wp-json\/wp\/v2\/product\/98520\/revisions\/98521"}],"wp:featuredmedia":[{"embeddable":true,"href":"https:\/\/kidsplay.lt\/lv\/wp-json\/wp\/v2\/media\/98522"}],"wp:attachment":[{"href":"https:\/\/kidsplay.lt\/lv\/wp-json\/wp\/v2\/media?parent=98520"}],"wp:term":[{"taxonomy":"product_brand","embeddable":true,"href":"https:\/\/kidsplay.lt\/lv\/wp-json\/wp\/v2\/product_brand?post=98520"},{"taxonomy":"product_cat","embeddable":true,"href":"https:\/\/kidsplay.lt\/lv\/wp-json\/wp\/v2\/product_cat?post=98520"},{"taxonomy":"product_tag","embeddable":true,"href":"https:\/\/kidsplay.lt\/lv\/wp-json\/wp\/v2\/product_tag?post=98520"}],"curies":[{"name":"wp","href":"https:\/\/api.w.org\/{rel}","templated":true}]}}