{"id":98534,"date":"2026-04-02T08:37:46","date_gmt":"2026-04-02T05:37:46","guid":{"rendered":"https:\/\/kidsplay.lt\/produktas\/step2-vaiku-sodo-namelis-hearts\/"},"modified":"2026-04-07T09:29:26","modified_gmt":"2026-04-07T06:29:26","slug":"step2-vaiku-sodo-namelis-hearts","status":"publish","type":"product","link":"https:\/\/kidsplay.lt\/lv\/products\/step2-vaiku-sodo-namelis-hearts\/","title":{"rendered":"Step2 vaik\u0173 sodo namelis \u201eHearts\u201c"},"content":{"rendered":"<p>Prisijunkite prie \u017eaidim\u0173 savo vaiko namelyje! Step2 Sweetheart Playhouse\u2122 \u2013 tai sald\u017eiai dekoruotas lauko \u017eaidim\u0173 namelis, suteikiantis ma\u017eyliui puiki\u0105 viet\u0105 praleisti laik\u0105. Jis jausis kaip namuose d\u0117l mielo ro\u017einio ir balto dizaino, \u0161irdies formos vazon\u0117li\u0173, veikian\u010dio dur\u0173 skambu\u010dio su elektroniniu garsu bei elektroninio \u017eaislinio telefono. Vaikai gali atidaryti \u017ealiuzes, kad draugai \u017einot\u0173, jog jie namuose, ir linksmai \u012fsivaizduoti maisto ruo\u0161im\u0105 bei vai\u0161i\u0173 organizavim\u0105. Su tiek daug smagi\u0173 ir apgalvot\u0173 funkcij\u0173 j\u016bs\u0173 ma\u017eylis m\u0117gausis draug\u0173 lankymu ir bendru \u017eaidimu \u0161iame lauko namelyje.<br \/>\nRaksturojums:<\/p>\n<p> \t\u017daislin\u0117 virtuv\u0117s stotel\u0117 su paspaud\u017eiamais mygtukais atsiver\u010dia \u012f lauko grilio stot\u012f<br \/>\n \tVaikai m\u0117gs paspausti dur\u0173 skambut\u012f ir skambinti \u017eaisliniu telefonu (elektronin\u0117ms funkcijoms reikalingos 4 \u201eAAA\u201c baterijos, ne\u012ftrauktos)<br \/>\n \tDekoratyvinis \u0161irdies formos vazon\u0117lis puikiai tinka \u017eaidimams sodininkyst\u0117s tema<br \/>\n \tLaikrodis su judan\u010diomis rodykl\u0117mis moko vaik\u0105 laikrod\u017eio skaitymo<br \/>\n \tVeidrod\u017eio lipdukas ant sienos \u2013 \u017eavus akcentas, kur\u012f \u012fvertins kiekviena ma\u017ea princes\u0117<br \/>\n \tVaiki\u0161kos \u017eaidimo durys ir \u017ealiuz\u0117s lengvai atidaromos ir u\u017edaromos<br \/>\n \tStoge \u012fmontuotas stoglangis \u012fleid\u017eia daug nat\u016bralios \u0161viesos<\/p>","protected":false},"excerpt":{"rendered":"<p>Prisijunkite prie \u017eaidim\u0173 savo vaiko namelyje! Step2 Sweetheart Playhouse\u2122 \u2013 tai sald\u017eiai dekoruotas lauko \u017eaidim\u0173 namelis, suteikiantis ma\u017eyliui puiki\u0105 viet\u0105<\/p>","protected":false},"featured_media":98536,"template":"","meta":{"_acf_changed":false,"_glsr_average":0,"_glsr_ranking":0,"_glsr_reviews":0},"product_brand":[],"product_cat":[233,234],"product_tag":[],"class_list":{"0":"post-98534","1":"product","2":"type-product","3":"status-publish","4":"has-post-thumbnail","6":"product_cat-lauko-pramogos","7":"product_cat-vaikiski-nameliai","8":"\"style=\"background-color: #2ecc711c;\"","10":"first","11":"instock","12":"purchasable","13":"product-type-simple"},"acf":[],"yoast_head":"<!-- This site is optimized with the Yoast SEO plugin v27.3 - https:\/\/yoast.com\/product\/yoast-seo-wordpress\/ -->\n<title>Step2 vaik\u0173 sodo namelis \u201eHearts\u201c<\/title>\n<meta name=\"description\" content=\"Step2 vaik\u0173 sodo namelis \u201eHearts\u201c - KidsPlay. Did\u017eiausias vaik\u0173 \u017eaisl\u0173 pasirinkimas.\" \/>\n<meta name=\"robots\" content=\"index, follow, max-snippet:-1, max-image-preview:large, max-video-preview:-1\" \/>\n<link rel=\"canonical\" href=\"https:\/\/kidsplay.lt\/lv\/products\/step2-vaiku-sodo-namelis-hearts\/\" \/>\n<meta property=\"og:locale\" content=\"lv_LV\" \/>\n<meta property=\"og:type\" content=\"article\" \/>\n<meta property=\"og:title\" content=\"Step2 vaik\u0173 sodo namelis \u201eHearts\u201c\" \/>\n<meta property=\"og:description\" content=\"Step2 vaik\u0173 sodo namelis \u201eHearts\u201c - KidsPlay. Did\u017eiausias vaik\u0173 \u017eaisl\u0173 pasirinkimas.\" \/>\n<meta property=\"og:url\" content=\"https:\/\/kidsplay.lt\/lv\/products\/step2-vaiku-sodo-namelis-hearts\/\" \/>\n<meta property=\"og:site_name\" content=\"KidsPlay\" \/>\n<meta property=\"article:publisher\" content=\"https:\/\/www.facebook.com\/www.kidsplay.lt\" \/>\n<meta property=\"article:modified_time\" content=\"2026-04-07T06:29:26+00:00\" \/>\n<meta property=\"og:image\" content=\"https:\/\/kidsplay.lt\/wp-content\/uploads\/2026\/04\/Step2-vaiku-sodo-namelis-\u201eHearts.jpg\" \/>\n\t<meta property=\"og:image:width\" content=\"1024\" \/>\n\t<meta property=\"og:image:height\" content=\"768\" \/>\n\t<meta property=\"og:image:type\" content=\"image\/jpeg\" \/>\n<meta name=\"twitter:card\" content=\"summary_large_image\" \/>\n<meta name=\"twitter:label1\" content=\"Est. reading time\" \/>\n\t<meta name=\"twitter:data1\" content=\"1 min\u016bte\" \/>\n<script type=\"application\/ld+json\" class=\"yoast-schema-graph\">{\"@context\":\"https:\\\/\\\/schema.org\",\"@graph\":[{\"@type\":\"WebPage\",\"@id\":\"https:\\\/\\\/kidsplay.lt\\\/produktas\\\/step2-vaiku-sodo-namelis-hearts\\\/\",\"url\":\"https:\\\/\\\/kidsplay.lt\\\/produktas\\\/step2-vaiku-sodo-namelis-hearts\\\/\",\"name\":\"Step2 vaik\u0173 sodo namelis \u201eHearts\u201c\",\"isPartOf\":{\"@id\":\"https:\\\/\\\/kidsplay.lt\\\/#website\"},\"primaryImageOfPage\":{\"@id\":\"https:\\\/\\\/kidsplay.lt\\\/produktas\\\/step2-vaiku-sodo-namelis-hearts\\\/#primaryimage\"},\"image\":{\"@id\":\"https:\\\/\\\/kidsplay.lt\\\/produktas\\\/step2-vaiku-sodo-namelis-hearts\\\/#primaryimage\"},\"thumbnailUrl\":\"https:\\\/\\\/kidsplay.lt\\\/wp-content\\\/uploads\\\/2026\\\/04\\\/Step2-vaiku-sodo-namelis-\u201eHearts.jpg\",\"datePublished\":\"2026-04-02T05:37:46+00:00\",\"dateModified\":\"2026-04-07T06:29:26+00:00\",\"description\":\"Step2 vaik\u0173 sodo namelis \u201eHearts\u201c - KidsPlay. Did\u017eiausias vaik\u0173 \u017eaisl\u0173 pasirinkimas.\",\"breadcrumb\":{\"@id\":\"https:\\\/\\\/kidsplay.lt\\\/produktas\\\/step2-vaiku-sodo-namelis-hearts\\\/#breadcrumb\"},\"inLanguage\":\"lv-LV\",\"potentialAction\":[{\"@type\":\"ReadAction\",\"target\":[\"https:\\\/\\\/kidsplay.lt\\\/produktas\\\/step2-vaiku-sodo-namelis-hearts\\\/\"]}]},{\"@type\":\"ImageObject\",\"inLanguage\":\"lv-LV\",\"@id\":\"https:\\\/\\\/kidsplay.lt\\\/produktas\\\/step2-vaiku-sodo-namelis-hearts\\\/#primaryimage\",\"url\":\"https:\\\/\\\/kidsplay.lt\\\/wp-content\\\/uploads\\\/2026\\\/04\\\/Step2-vaiku-sodo-namelis-\u201eHearts.jpg\",\"contentUrl\":\"https:\\\/\\\/kidsplay.lt\\\/wp-content\\\/uploads\\\/2026\\\/04\\\/Step2-vaiku-sodo-namelis-\u201eHearts.jpg\",\"width\":1024,\"height\":768,\"caption\":\"Step2 vaik\u0173 sodo namelis \u201eHearts\u201c\"},{\"@type\":\"BreadcrumbList\",\"@id\":\"https:\\\/\\\/kidsplay.lt\\\/produktas\\\/step2-vaiku-sodo-namelis-hearts\\\/#breadcrumb\",\"itemListElement\":[{\"@type\":\"ListItem\",\"position\":1,\"name\":\"Pagrindinis\",\"item\":\"https:\\\/\\\/kidsplay.lt\\\/\"},{\"@type\":\"ListItem\",\"position\":2,\"name\":\"Parduotuv\u0117\",\"item\":\"https:\\\/\\\/kidsplay.lt\\\/parduotuve\\\/\"},{\"@type\":\"ListItem\",\"position\":3,\"name\":\"Step2 vaik\u0173 sodo namelis \u201eHearts\u201c\"}]},{\"@type\":\"WebSite\",\"@id\":\"https:\\\/\\\/kidsplay.lt\\\/#website\",\"url\":\"https:\\\/\\\/kidsplay.lt\\\/\",\"name\":\"Kidsplay.lt\",\"description\":\"\u012evairios prek\u0117s vaikams\",\"publisher\":{\"@id\":\"https:\\\/\\\/kidsplay.lt\\\/#organization\"},\"alternateName\":\"Kidsplay\",\"potentialAction\":[{\"@type\":\"SearchAction\",\"target\":{\"@type\":\"EntryPoint\",\"urlTemplate\":\"https:\\\/\\\/kidsplay.lt\\\/?s={search_term_string}\"},\"query-input\":{\"@type\":\"PropertyValueSpecification\",\"valueRequired\":true,\"valueName\":\"search_term_string\"}}],\"inLanguage\":\"lv-LV\"},{\"@type\":\"Organization\",\"@id\":\"https:\\\/\\\/kidsplay.lt\\\/#organization\",\"name\":\"KidsPlay\",\"url\":\"https:\\\/\\\/kidsplay.lt\\\/\",\"logo\":{\"@type\":\"ImageObject\",\"inLanguage\":\"lv-LV\",\"@id\":\"https:\\\/\\\/kidsplay.lt\\\/#\\\/schema\\\/logo\\\/image\\\/\",\"url\":\"https:\\\/\\\/kidsplay.lt\\\/wp-content\\\/uploads\\\/2023\\\/07\\\/kidsplay-logo.png\",\"contentUrl\":\"https:\\\/\\\/kidsplay.lt\\\/wp-content\\\/uploads\\\/2023\\\/07\\\/kidsplay-logo.png\",\"width\":451,\"height\":98,\"caption\":\"KidsPlay\"},\"image\":{\"@id\":\"https:\\\/\\\/kidsplay.lt\\\/#\\\/schema\\\/logo\\\/image\\\/\"},\"sameAs\":[\"https:\\\/\\\/www.facebook.com\\\/www.kidsplay.lt\"]}]}<\/script>\n<!-- \/ Yoast SEO plugin. -->","yoast_head_json":{"title":"Step2 vaik\u0173 sodo namelis \u201eHearts\u201c","description":"Step2 vaik\u0173 sodo namelis \u201eHearts\u201c - KidsPlay. Did\u017eiausias vaik\u0173 \u017eaisl\u0173 pasirinkimas.","robots":{"index":"index","follow":"follow","max-snippet":"max-snippet:-1","max-image-preview":"max-image-preview:large","max-video-preview":"max-video-preview:-1"},"canonical":"https:\/\/kidsplay.lt\/lv\/products\/step2-vaiku-sodo-namelis-hearts\/","og_locale":"lv_LV","og_type":"article","og_title":"Step2 vaik\u0173 sodo namelis \u201eHearts\u201c","og_description":"Step2 vaik\u0173 sodo namelis \u201eHearts\u201c - KidsPlay. Did\u017eiausias vaik\u0173 \u017eaisl\u0173 pasirinkimas.","og_url":"https:\/\/kidsplay.lt\/lv\/products\/step2-vaiku-sodo-namelis-hearts\/","og_site_name":"KidsPlay","article_publisher":"https:\/\/www.facebook.com\/www.kidsplay.lt","article_modified_time":"2026-04-07T06:29:26+00:00","og_image":[{"width":1024,"height":768,"url":"https:\/\/kidsplay.lt\/wp-content\/uploads\/2026\/04\/Step2-vaiku-sodo-namelis-\u201eHearts.jpg","type":"image\/jpeg"}],"twitter_card":"summary_large_image","twitter_misc":{"Est. reading time":"1 min\u016bte"},"schema":{"@context":"https:\/\/schema.org","@graph":[{"@type":"WebPage","@id":"https:\/\/kidsplay.lt\/produktas\/step2-vaiku-sodo-namelis-hearts\/","url":"https:\/\/kidsplay.lt\/produktas\/step2-vaiku-sodo-namelis-hearts\/","name":"Step2 vaik\u0173 sodo namelis \u201eHearts\u201c","isPartOf":{"@id":"https:\/\/kidsplay.lt\/#website"},"primaryImageOfPage":{"@id":"https:\/\/kidsplay.lt\/produktas\/step2-vaiku-sodo-namelis-hearts\/#primaryimage"},"image":{"@id":"https:\/\/kidsplay.lt\/produktas\/step2-vaiku-sodo-namelis-hearts\/#primaryimage"},"thumbnailUrl":"https:\/\/kidsplay.lt\/wp-content\/uploads\/2026\/04\/Step2-vaiku-sodo-namelis-\u201eHearts.jpg","datePublished":"2026-04-02T05:37:46+00:00","dateModified":"2026-04-07T06:29:26+00:00","description":"Step2 vaik\u0173 sodo namelis \u201eHearts\u201c - KidsPlay. Did\u017eiausias vaik\u0173 \u017eaisl\u0173 pasirinkimas.","breadcrumb":{"@id":"https:\/\/kidsplay.lt\/produktas\/step2-vaiku-sodo-namelis-hearts\/#breadcrumb"},"inLanguage":"lv-LV","potentialAction":[{"@type":"ReadAction","target":["https:\/\/kidsplay.lt\/produktas\/step2-vaiku-sodo-namelis-hearts\/"]}]},{"@type":"ImageObject","inLanguage":"lv-LV","@id":"https:\/\/kidsplay.lt\/produktas\/step2-vaiku-sodo-namelis-hearts\/#primaryimage","url":"https:\/\/kidsplay.lt\/wp-content\/uploads\/2026\/04\/Step2-vaiku-sodo-namelis-\u201eHearts.jpg","contentUrl":"https:\/\/kidsplay.lt\/wp-content\/uploads\/2026\/04\/Step2-vaiku-sodo-namelis-\u201eHearts.jpg","width":1024,"height":768,"caption":"Step2 vaik\u0173 sodo namelis \u201eHearts\u201c"},{"@type":"BreadcrumbList","@id":"https:\/\/kidsplay.lt\/produktas\/step2-vaiku-sodo-namelis-hearts\/#breadcrumb","itemListElement":[{"@type":"ListItem","position":1,"name":"Pagrindinis","item":"https:\/\/kidsplay.lt\/"},{"@type":"ListItem","position":2,"name":"Parduotuv\u0117","item":"https:\/\/kidsplay.lt\/parduotuve\/"},{"@type":"ListItem","position":3,"name":"Step2 vaik\u0173 sodo namelis \u201eHearts\u201c"}]},{"@type":"WebSite","@id":"https:\/\/kidsplay.lt\/#website","url":"https:\/\/kidsplay.lt\/","name":"B\u0113rnu sp\u0113les.lv","description":"\u012evairios prek\u0117s vaikams","publisher":{"@id":"https:\/\/kidsplay.lt\/#organization"},"alternateName":"Kidsplay","potentialAction":[{"@type":"SearchAction","target":{"@type":"EntryPoint","urlTemplate":"https:\/\/kidsplay.lt\/?s={search_term_string}"},"query-input":{"@type":"PropertyValueSpecification","valueRequired":true,"valueName":"search_term_string"}}],"inLanguage":"lv-LV"},{"@type":"Organization","@id":"https:\/\/kidsplay.lt\/#organization","name":"B\u0113rnu sp\u0113le","url":"https:\/\/kidsplay.lt\/","logo":{"@type":"ImageObject","inLanguage":"lv-LV","@id":"https:\/\/kidsplay.lt\/#\/schema\/logo\/image\/","url":"https:\/\/kidsplay.lt\/wp-content\/uploads\/2023\/07\/kidsplay-logo.png","contentUrl":"https:\/\/kidsplay.lt\/wp-content\/uploads\/2023\/07\/kidsplay-logo.png","width":451,"height":98,"caption":"KidsPlay"},"image":{"@id":"https:\/\/kidsplay.lt\/#\/schema\/logo\/image\/"},"sameAs":["https:\/\/www.facebook.com\/www.kidsplay.lt"]}]}},"_links":{"self":[{"href":"https:\/\/kidsplay.lt\/lv\/wp-json\/wp\/v2\/product\/98534","targetHints":{"allow":["GET"]}}],"collection":[{"href":"https:\/\/kidsplay.lt\/lv\/wp-json\/wp\/v2\/product"}],"about":[{"href":"https:\/\/kidsplay.lt\/lv\/wp-json\/wp\/v2\/types\/product"}],"version-history":[{"count":1,"href":"https:\/\/kidsplay.lt\/lv\/wp-json\/wp\/v2\/product\/98534\/revisions"}],"predecessor-version":[{"id":98535,"href":"https:\/\/kidsplay.lt\/lv\/wp-json\/wp\/v2\/product\/98534\/revisions\/98535"}],"wp:featuredmedia":[{"embeddable":true,"href":"https:\/\/kidsplay.lt\/lv\/wp-json\/wp\/v2\/media\/98536"}],"wp:attachment":[{"href":"https:\/\/kidsplay.lt\/lv\/wp-json\/wp\/v2\/media?parent=98534"}],"wp:term":[{"taxonomy":"product_brand","embeddable":true,"href":"https:\/\/kidsplay.lt\/lv\/wp-json\/wp\/v2\/product_brand?post=98534"},{"taxonomy":"product_cat","embeddable":true,"href":"https:\/\/kidsplay.lt\/lv\/wp-json\/wp\/v2\/product_cat?post=98534"},{"taxonomy":"product_tag","embeddable":true,"href":"https:\/\/kidsplay.lt\/lv\/wp-json\/wp\/v2\/product_tag?post=98534"}],"curies":[{"name":"wp","href":"https:\/\/api.w.org\/{rel}","templated":true}]}}