{"id":98548,"date":"2026-04-02T08:38:03","date_gmt":"2026-04-02T05:38:03","guid":{"rendered":"https:\/\/kidsplay.lt\/produktas\/step2-vaiku-sodo-namelis-su-suolais\/"},"modified":"2026-04-07T09:29:32","modified_gmt":"2026-04-07T06:29:32","slug":"step2-vaiku-sodo-namelis-su-suolais","status":"publish","type":"product","link":"https:\/\/kidsplay.lt\/lv\/products\/step2-vaiku-sodo-namelis-su-suolais\/","title":{"rendered":"STEP2 b\u0113rnu d\u0101rza m\u0101ji\u0146a ar soli\u0146iem"},"content":{"rendered":"<p>\u017daidim\u0173 namelis \u2013 nepakei\u010diamas elementas bet kuriame \u017eaidim\u0173 aik\u0161tel\u0117je, tiek namuose, tiek vie\u0161ose erdv\u0117se. Step2 gaminiai pagaminti i\u0161 auk\u0161tos kokyb\u0117s med\u017eiag\u0173, atsi\u017evelgiant \u012f smulkiausias detales. Namel\u012f galima derinti su kitais \u017eaidim\u0173 aik\u0161tel\u0117s elementais ar sm\u0117lio d\u0117\u017e\u0117mis, sukuriant unikali\u0105 erdv\u0119 vaik\u0173 \u017eaidimams.<br \/>\nRaksturojums:<\/p>\n<p> \tDidelis, funkcionalus sodo namelis su virtuve ir suolais<br \/>\n \tNamelis turi atidaromas pusines duris ir didelius langus<br \/>\n \tPapildoma pramoga \u2013 elektroninis dur\u0173 skambutis su garsu<br \/>\n \tBe to, namelis turi \u017eidin\u012f, lentyn\u0117les aksesuarams, laikrod\u012f su judan\u010diomis rodykl\u0117mis ir vazon\u0117lius g\u0117l\u0117ms sodinti<br \/>\n \tAnti-UV danga \u2013 nepakei\u010dia spalvos veikiant saul\u0117s spinduliams<\/p>\n<p>Apie Step2:Step2 \u2013 pirmiausia kokyb\u0117, po to \u2013 puik\u016bs \u017eaislai! Jei renkantis \u017eaisl\u0105 j\u016bs\u0173 prioritetas yra saugumas ir kokyb\u0117, visas amerikie\u010di\u0173 kompanijos Step2 \u017eaisl\u0173 asortimentas tikrai atitiks vaik\u0173, t\u0117v\u0173, dar\u017eeli\u0173, ikimokyklini\u0173 \u012fstaig\u0173 ir kit\u0173 edukacini\u0173 institucij\u0173 l\u016bkes\u010dius. Step2 jau de\u0161imtme\u010dius gamina geriausius \u017eaislus JAV, \u012fskaitant sm\u0117lio d\u0117\u017ees, sodo namelius, \u017eaidim\u0173 aik\u0161teles, dirbtuves, va\u017eiavimo \u017eaislus, virtuv\u0117les ir vaik\u0173 baldus.<\/p>","protected":false},"excerpt":{"rendered":"<p>\u017daidim\u0173 namelis \u2013 nepakei\u010diamas elementas bet kuriame \u017eaidim\u0173 aik\u0161tel\u0117je, tiek namuose, tiek vie\u0161ose erdv\u0117se. Step2 gaminiai pagaminti i\u0161 auk\u0161tos kokyb\u0117s<\/p>","protected":false},"featured_media":98550,"template":"","meta":{"_acf_changed":false,"_glsr_average":0,"_glsr_ranking":0,"_glsr_reviews":0},"product_brand":[],"product_cat":[233,234],"product_tag":[],"class_list":{"0":"post-98548","1":"product","2":"type-product","3":"status-publish","4":"has-post-thumbnail","6":"product_cat-lauko-pramogos","7":"product_cat-vaikiski-nameliai","8":"\"style=\"background-color: #2ecc711c;\"","10":"first","11":"instock","12":"purchasable","13":"product-type-simple"},"acf":[],"yoast_head":"<!-- This site is optimized with the Yoast SEO plugin v27.3 - https:\/\/yoast.com\/product\/yoast-seo-wordpress\/ -->\n<title>STEP2 vaik\u0173 sodo namelis su suolais<\/title>\n<meta name=\"description\" content=\"STEP2 vaik\u0173 sodo namelis su suolais - KidsPlay. Did\u017eiausias vaik\u0173 \u017eaisl\u0173 pasirinkimas.\" \/>\n<meta name=\"robots\" content=\"index, follow, max-snippet:-1, max-image-preview:large, max-video-preview:-1\" \/>\n<link rel=\"canonical\" href=\"https:\/\/kidsplay.lt\/lv\/products\/step2-vaiku-sodo-namelis-su-suolais\/\" \/>\n<meta property=\"og:locale\" content=\"lv_LV\" \/>\n<meta property=\"og:type\" content=\"article\" \/>\n<meta property=\"og:title\" content=\"STEP2 vaik\u0173 sodo namelis su suolais\" \/>\n<meta property=\"og:description\" content=\"STEP2 vaik\u0173 sodo namelis su suolais - KidsPlay. Did\u017eiausias vaik\u0173 \u017eaisl\u0173 pasirinkimas.\" \/>\n<meta property=\"og:url\" content=\"https:\/\/kidsplay.lt\/lv\/products\/step2-vaiku-sodo-namelis-su-suolais\/\" \/>\n<meta property=\"og:site_name\" content=\"KidsPlay\" \/>\n<meta property=\"article:publisher\" content=\"https:\/\/www.facebook.com\/www.kidsplay.lt\" \/>\n<meta property=\"article:modified_time\" content=\"2026-04-07T06:29:32+00:00\" \/>\n<meta property=\"og:image\" content=\"https:\/\/kidsplay.lt\/wp-content\/uploads\/2026\/04\/STEP2-vaiku-sodo-namelis-su-suolais.jpg\" \/>\n\t<meta property=\"og:image:width\" content=\"2560\" \/>\n\t<meta property=\"og:image:height\" content=\"2560\" \/>\n\t<meta property=\"og:image:type\" content=\"image\/jpeg\" \/>\n<meta name=\"twitter:card\" content=\"summary_large_image\" \/>\n<meta name=\"twitter:label1\" content=\"Est. reading time\" \/>\n\t<meta name=\"twitter:data1\" content=\"1 min\u016bte\" \/>\n<script type=\"application\/ld+json\" class=\"yoast-schema-graph\">{\"@context\":\"https:\\\/\\\/schema.org\",\"@graph\":[{\"@type\":\"WebPage\",\"@id\":\"https:\\\/\\\/kidsplay.lt\\\/produktas\\\/step2-vaiku-sodo-namelis-su-suolais\\\/\",\"url\":\"https:\\\/\\\/kidsplay.lt\\\/produktas\\\/step2-vaiku-sodo-namelis-su-suolais\\\/\",\"name\":\"STEP2 vaik\u0173 sodo namelis su suolais\",\"isPartOf\":{\"@id\":\"https:\\\/\\\/kidsplay.lt\\\/#website\"},\"primaryImageOfPage\":{\"@id\":\"https:\\\/\\\/kidsplay.lt\\\/produktas\\\/step2-vaiku-sodo-namelis-su-suolais\\\/#primaryimage\"},\"image\":{\"@id\":\"https:\\\/\\\/kidsplay.lt\\\/produktas\\\/step2-vaiku-sodo-namelis-su-suolais\\\/#primaryimage\"},\"thumbnailUrl\":\"https:\\\/\\\/kidsplay.lt\\\/wp-content\\\/uploads\\\/2026\\\/04\\\/STEP2-vaiku-sodo-namelis-su-suolais.jpg\",\"datePublished\":\"2026-04-02T05:38:03+00:00\",\"dateModified\":\"2026-04-07T06:29:32+00:00\",\"description\":\"STEP2 vaik\u0173 sodo namelis su suolais - KidsPlay. Did\u017eiausias vaik\u0173 \u017eaisl\u0173 pasirinkimas.\",\"breadcrumb\":{\"@id\":\"https:\\\/\\\/kidsplay.lt\\\/produktas\\\/step2-vaiku-sodo-namelis-su-suolais\\\/#breadcrumb\"},\"inLanguage\":\"lv-LV\",\"potentialAction\":[{\"@type\":\"ReadAction\",\"target\":[\"https:\\\/\\\/kidsplay.lt\\\/produktas\\\/step2-vaiku-sodo-namelis-su-suolais\\\/\"]}]},{\"@type\":\"ImageObject\",\"inLanguage\":\"lv-LV\",\"@id\":\"https:\\\/\\\/kidsplay.lt\\\/produktas\\\/step2-vaiku-sodo-namelis-su-suolais\\\/#primaryimage\",\"url\":\"https:\\\/\\\/kidsplay.lt\\\/wp-content\\\/uploads\\\/2026\\\/04\\\/STEP2-vaiku-sodo-namelis-su-suolais.jpg\",\"contentUrl\":\"https:\\\/\\\/kidsplay.lt\\\/wp-content\\\/uploads\\\/2026\\\/04\\\/STEP2-vaiku-sodo-namelis-su-suolais.jpg\",\"width\":2560,\"height\":2560,\"caption\":\"STEP2 vaik\u0173 sodo namelis su suolais\"},{\"@type\":\"BreadcrumbList\",\"@id\":\"https:\\\/\\\/kidsplay.lt\\\/produktas\\\/step2-vaiku-sodo-namelis-su-suolais\\\/#breadcrumb\",\"itemListElement\":[{\"@type\":\"ListItem\",\"position\":1,\"name\":\"Pagrindinis\",\"item\":\"https:\\\/\\\/kidsplay.lt\\\/\"},{\"@type\":\"ListItem\",\"position\":2,\"name\":\"Parduotuv\u0117\",\"item\":\"https:\\\/\\\/kidsplay.lt\\\/parduotuve\\\/\"},{\"@type\":\"ListItem\",\"position\":3,\"name\":\"STEP2 vaik\u0173 sodo namelis su suolais\"}]},{\"@type\":\"WebSite\",\"@id\":\"https:\\\/\\\/kidsplay.lt\\\/#website\",\"url\":\"https:\\\/\\\/kidsplay.lt\\\/\",\"name\":\"Kidsplay.lt\",\"description\":\"\u012evairios prek\u0117s vaikams\",\"publisher\":{\"@id\":\"https:\\\/\\\/kidsplay.lt\\\/#organization\"},\"alternateName\":\"Kidsplay\",\"potentialAction\":[{\"@type\":\"SearchAction\",\"target\":{\"@type\":\"EntryPoint\",\"urlTemplate\":\"https:\\\/\\\/kidsplay.lt\\\/?s={search_term_string}\"},\"query-input\":{\"@type\":\"PropertyValueSpecification\",\"valueRequired\":true,\"valueName\":\"search_term_string\"}}],\"inLanguage\":\"lv-LV\"},{\"@type\":\"Organization\",\"@id\":\"https:\\\/\\\/kidsplay.lt\\\/#organization\",\"name\":\"KidsPlay\",\"url\":\"https:\\\/\\\/kidsplay.lt\\\/\",\"logo\":{\"@type\":\"ImageObject\",\"inLanguage\":\"lv-LV\",\"@id\":\"https:\\\/\\\/kidsplay.lt\\\/#\\\/schema\\\/logo\\\/image\\\/\",\"url\":\"https:\\\/\\\/kidsplay.lt\\\/wp-content\\\/uploads\\\/2023\\\/07\\\/kidsplay-logo.png\",\"contentUrl\":\"https:\\\/\\\/kidsplay.lt\\\/wp-content\\\/uploads\\\/2023\\\/07\\\/kidsplay-logo.png\",\"width\":451,\"height\":98,\"caption\":\"KidsPlay\"},\"image\":{\"@id\":\"https:\\\/\\\/kidsplay.lt\\\/#\\\/schema\\\/logo\\\/image\\\/\"},\"sameAs\":[\"https:\\\/\\\/www.facebook.com\\\/www.kidsplay.lt\"]}]}<\/script>\n<!-- \/ Yoast SEO plugin. -->","yoast_head_json":{"title":"STEP2 b\u0113rnu d\u0101rza m\u0101ji\u0146a ar soli\u0146iem","description":"STEP2 vaik\u0173 sodo namelis su suolais - KidsPlay. Did\u017eiausias vaik\u0173 \u017eaisl\u0173 pasirinkimas.","robots":{"index":"index","follow":"follow","max-snippet":"max-snippet:-1","max-image-preview":"max-image-preview:large","max-video-preview":"max-video-preview:-1"},"canonical":"https:\/\/kidsplay.lt\/lv\/products\/step2-vaiku-sodo-namelis-su-suolais\/","og_locale":"lv_LV","og_type":"article","og_title":"STEP2 vaik\u0173 sodo namelis su suolais","og_description":"STEP2 vaik\u0173 sodo namelis su suolais - KidsPlay. Did\u017eiausias vaik\u0173 \u017eaisl\u0173 pasirinkimas.","og_url":"https:\/\/kidsplay.lt\/lv\/products\/step2-vaiku-sodo-namelis-su-suolais\/","og_site_name":"KidsPlay","article_publisher":"https:\/\/www.facebook.com\/www.kidsplay.lt","article_modified_time":"2026-04-07T06:29:32+00:00","og_image":[{"width":2560,"height":2560,"url":"https:\/\/kidsplay.lt\/wp-content\/uploads\/2026\/04\/STEP2-vaiku-sodo-namelis-su-suolais.jpg","type":"image\/jpeg"}],"twitter_card":"summary_large_image","twitter_misc":{"Est. reading time":"1 min\u016bte"},"schema":{"@context":"https:\/\/schema.org","@graph":[{"@type":"WebPage","@id":"https:\/\/kidsplay.lt\/produktas\/step2-vaiku-sodo-namelis-su-suolais\/","url":"https:\/\/kidsplay.lt\/produktas\/step2-vaiku-sodo-namelis-su-suolais\/","name":"STEP2 b\u0113rnu d\u0101rza m\u0101ji\u0146a ar soli\u0146iem","isPartOf":{"@id":"https:\/\/kidsplay.lt\/#website"},"primaryImageOfPage":{"@id":"https:\/\/kidsplay.lt\/produktas\/step2-vaiku-sodo-namelis-su-suolais\/#primaryimage"},"image":{"@id":"https:\/\/kidsplay.lt\/produktas\/step2-vaiku-sodo-namelis-su-suolais\/#primaryimage"},"thumbnailUrl":"https:\/\/kidsplay.lt\/wp-content\/uploads\/2026\/04\/STEP2-vaiku-sodo-namelis-su-suolais.jpg","datePublished":"2026-04-02T05:38:03+00:00","dateModified":"2026-04-07T06:29:32+00:00","description":"STEP2 vaik\u0173 sodo namelis su suolais - KidsPlay. Did\u017eiausias vaik\u0173 \u017eaisl\u0173 pasirinkimas.","breadcrumb":{"@id":"https:\/\/kidsplay.lt\/produktas\/step2-vaiku-sodo-namelis-su-suolais\/#breadcrumb"},"inLanguage":"lv-LV","potentialAction":[{"@type":"ReadAction","target":["https:\/\/kidsplay.lt\/produktas\/step2-vaiku-sodo-namelis-su-suolais\/"]}]},{"@type":"ImageObject","inLanguage":"lv-LV","@id":"https:\/\/kidsplay.lt\/produktas\/step2-vaiku-sodo-namelis-su-suolais\/#primaryimage","url":"https:\/\/kidsplay.lt\/wp-content\/uploads\/2026\/04\/STEP2-vaiku-sodo-namelis-su-suolais.jpg","contentUrl":"https:\/\/kidsplay.lt\/wp-content\/uploads\/2026\/04\/STEP2-vaiku-sodo-namelis-su-suolais.jpg","width":2560,"height":2560,"caption":"STEP2 vaik\u0173 sodo namelis su suolais"},{"@type":"BreadcrumbList","@id":"https:\/\/kidsplay.lt\/produktas\/step2-vaiku-sodo-namelis-su-suolais\/#breadcrumb","itemListElement":[{"@type":"ListItem","position":1,"name":"Pagrindinis","item":"https:\/\/kidsplay.lt\/"},{"@type":"ListItem","position":2,"name":"Parduotuv\u0117","item":"https:\/\/kidsplay.lt\/parduotuve\/"},{"@type":"ListItem","position":3,"name":"STEP2 vaik\u0173 sodo namelis su suolais"}]},{"@type":"WebSite","@id":"https:\/\/kidsplay.lt\/#website","url":"https:\/\/kidsplay.lt\/","name":"B\u0113rnu sp\u0113les.lv","description":"\u012evairios prek\u0117s vaikams","publisher":{"@id":"https:\/\/kidsplay.lt\/#organization"},"alternateName":"Kidsplay","potentialAction":[{"@type":"SearchAction","target":{"@type":"EntryPoint","urlTemplate":"https:\/\/kidsplay.lt\/?s={search_term_string}"},"query-input":{"@type":"PropertyValueSpecification","valueRequired":true,"valueName":"search_term_string"}}],"inLanguage":"lv-LV"},{"@type":"Organization","@id":"https:\/\/kidsplay.lt\/#organization","name":"B\u0113rnu sp\u0113le","url":"https:\/\/kidsplay.lt\/","logo":{"@type":"ImageObject","inLanguage":"lv-LV","@id":"https:\/\/kidsplay.lt\/#\/schema\/logo\/image\/","url":"https:\/\/kidsplay.lt\/wp-content\/uploads\/2023\/07\/kidsplay-logo.png","contentUrl":"https:\/\/kidsplay.lt\/wp-content\/uploads\/2023\/07\/kidsplay-logo.png","width":451,"height":98,"caption":"KidsPlay"},"image":{"@id":"https:\/\/kidsplay.lt\/#\/schema\/logo\/image\/"},"sameAs":["https:\/\/www.facebook.com\/www.kidsplay.lt"]}]}},"_links":{"self":[{"href":"https:\/\/kidsplay.lt\/lv\/wp-json\/wp\/v2\/product\/98548","targetHints":{"allow":["GET"]}}],"collection":[{"href":"https:\/\/kidsplay.lt\/lv\/wp-json\/wp\/v2\/product"}],"about":[{"href":"https:\/\/kidsplay.lt\/lv\/wp-json\/wp\/v2\/types\/product"}],"version-history":[{"count":1,"href":"https:\/\/kidsplay.lt\/lv\/wp-json\/wp\/v2\/product\/98548\/revisions"}],"predecessor-version":[{"id":98549,"href":"https:\/\/kidsplay.lt\/lv\/wp-json\/wp\/v2\/product\/98548\/revisions\/98549"}],"wp:featuredmedia":[{"embeddable":true,"href":"https:\/\/kidsplay.lt\/lv\/wp-json\/wp\/v2\/media\/98550"}],"wp:attachment":[{"href":"https:\/\/kidsplay.lt\/lv\/wp-json\/wp\/v2\/media?parent=98548"}],"wp:term":[{"taxonomy":"product_brand","embeddable":true,"href":"https:\/\/kidsplay.lt\/lv\/wp-json\/wp\/v2\/product_brand?post=98548"},{"taxonomy":"product_cat","embeddable":true,"href":"https:\/\/kidsplay.lt\/lv\/wp-json\/wp\/v2\/product_cat?post=98548"},{"taxonomy":"product_tag","embeddable":true,"href":"https:\/\/kidsplay.lt\/lv\/wp-json\/wp\/v2\/product_tag?post=98548"}],"curies":[{"name":"wp","href":"https:\/\/api.w.org\/{rel}","templated":true}]}}