{"id":98555,"date":"2026-04-02T08:38:26","date_gmt":"2026-04-02T05:38:26","guid":{"rendered":"https:\/\/kidsplay.lt\/produktas\/little-tikes-interaktyvus-vaiku-vejapjoves-stumiamasis-zaislas-sodui\/"},"modified":"2026-04-07T09:29:35","modified_gmt":"2026-04-07T06:29:35","slug":"little-tikes-interaktyvus-vaiku-vejapjoves-stumiamasis-zaislas-sodui","status":"publish","type":"product","link":"https:\/\/kidsplay.lt\/lv\/products\/little-tikes-interaktyvus-vaiku-vejapjoves-stumiamasis-zaislas-sodui\/","title":{"rendered":"Little Tikes interaktyvus vaik\u0173 vejapjov\u0117s stumiamasis \u017eaislas sodui"},"content":{"rendered":"<p>Little Tikes vejapjov\u0117 \u2013 realisti\u0161kas \u017eaislas, leid\u017eiantis ma\u017eiems vaikams saugiai imituoti suaugusi\u0173j\u0173 darb\u0105 sode. Ma\u017eyliai gali jaustis tikrais sodininkais, \u012fjungdami \u017eaisl\u0105 starterio virvele, kuri skleid\u017eia variklio gars\u0105. Lengva konstrukcija padeda vaikams pirmuose \u017eingsniuose ir skatina lauko veiklas. Mechanin\u0117s funkcijos veikia be baterij\u0173, tod\u0117l \u017eaislas visada pasiruo\u0161\u0119s \u017eaidimui. Tvirta konstrukcija u\u017etikrina visi\u0161k\u0105 saugum\u0105 ir valand\u0173 valandas pramog\u0173 vejapjov\u0117s \u017eaidime.<br \/>\nRaksturojums:<\/p>\n<p> \tSkirta vaikams nuo 18 m\u0117n.<br \/>\n \tRealisti\u0161kas vidaus degimo variklio garsas, \u012fjungiamas traukiant virvel\u0119<br \/>\n \tSpalvoti kamuoliukai sukasi va\u017eiuojant, imituodami nupjautos \u017eol\u0117s svyravim\u0105<br \/>\n \tNuimamas kuro bako dangtelis ir judantis raktelis<br \/>\n \tMechaninis \u017eaislas, nereikalaujantis baterij\u0173<br \/>\n \tAtidaromas kuro bakas<br \/>\n \tKuro kanistras smagiam \u201edegimo\u201c \u017eaidimui<br \/>\n \tOriginali gamintojo pakuot\u0117<\/p>","protected":false},"excerpt":{"rendered":"<p>Little Tikes vejapjov\u0117 \u2013 realisti\u0161kas \u017eaislas, leid\u017eiantis ma\u017eiems vaikams saugiai imituoti suaugusi\u0173j\u0173 darb\u0105 sode. Ma\u017eyliai gali jaustis tikrais sodininkais, \u012fjungdami<\/p>","protected":false},"featured_media":98557,"template":"","meta":{"_acf_changed":false,"_glsr_average":0,"_glsr_ranking":0,"_glsr_reviews":0},"product_brand":[],"product_cat":[896,399],"product_tag":[],"class_list":{"0":"post-98555","1":"product","2":"type-product","3":"status-publish","4":"has-post-thumbnail","6":"product_cat-namu-ukis-vaidmenu-zaidimai","7":"product_cat-vaidmenu-zaidimai-2","8":"\"style=\"background-color: #2ecc711c;\"","10":"first","11":"instock","12":"purchasable","13":"product-type-simple"},"acf":[],"yoast_head":"<!-- This site is optimized with the Yoast SEO plugin v27.3 - https:\/\/yoast.com\/product\/yoast-seo-wordpress\/ -->\n<title>Little Tikes interaktyvus vaik\u0173 vejapjov\u0117s stumiamasis \u017eaislas sodui<\/title>\n<meta name=\"description\" content=\"Little Tikes interaktyvus vaik\u0173 vejapjov\u0117s stumiamasis \u017eaislas sodui - KidsPlay. Did\u017eiausias vaik\u0173 \u017eaisl\u0173 pasirinkimas.\" \/>\n<meta name=\"robots\" content=\"index, follow, max-snippet:-1, max-image-preview:large, max-video-preview:-1\" \/>\n<link rel=\"canonical\" href=\"https:\/\/kidsplay.lt\/lv\/products\/little-tikes-interaktyvus-vaiku-vejapjoves-stumiamasis-zaislas-sodui\/\" \/>\n<meta property=\"og:locale\" content=\"lv_LV\" \/>\n<meta property=\"og:type\" content=\"article\" \/>\n<meta property=\"og:title\" content=\"Little Tikes interaktyvus vaik\u0173 vejapjov\u0117s stumiamasis \u017eaislas sodui\" \/>\n<meta property=\"og:description\" content=\"Little Tikes interaktyvus vaik\u0173 vejapjov\u0117s stumiamasis \u017eaislas sodui - KidsPlay. Did\u017eiausias vaik\u0173 \u017eaisl\u0173 pasirinkimas.\" \/>\n<meta property=\"og:url\" content=\"https:\/\/kidsplay.lt\/lv\/products\/little-tikes-interaktyvus-vaiku-vejapjoves-stumiamasis-zaislas-sodui\/\" \/>\n<meta property=\"og:site_name\" content=\"KidsPlay\" \/>\n<meta property=\"article:publisher\" content=\"https:\/\/www.facebook.com\/www.kidsplay.lt\" \/>\n<meta property=\"article:modified_time\" content=\"2026-04-07T06:29:35+00:00\" \/>\n<meta property=\"og:image\" content=\"https:\/\/kidsplay.lt\/wp-content\/uploads\/2026\/04\/Little-Tikes-interaktyvus-vaiku-vejapjoves-stumiamasis-zaislas-sodui.jpg\" \/>\n\t<meta property=\"og:image:width\" content=\"2560\" \/>\n\t<meta property=\"og:image:height\" content=\"2560\" \/>\n\t<meta property=\"og:image:type\" content=\"image\/jpeg\" \/>\n<meta name=\"twitter:card\" content=\"summary_large_image\" \/>\n<meta name=\"twitter:label1\" content=\"Est. reading time\" \/>\n\t<meta name=\"twitter:data1\" content=\"1 min\u016bte\" \/>\n<script type=\"application\/ld+json\" class=\"yoast-schema-graph\">{\"@context\":\"https:\\\/\\\/schema.org\",\"@graph\":[{\"@type\":\"WebPage\",\"@id\":\"https:\\\/\\\/kidsplay.lt\\\/produktas\\\/little-tikes-interaktyvus-vaiku-vejapjoves-stumiamasis-zaislas-sodui\\\/\",\"url\":\"https:\\\/\\\/kidsplay.lt\\\/produktas\\\/little-tikes-interaktyvus-vaiku-vejapjoves-stumiamasis-zaislas-sodui\\\/\",\"name\":\"Little Tikes interaktyvus vaik\u0173 vejapjov\u0117s stumiamasis \u017eaislas sodui\",\"isPartOf\":{\"@id\":\"https:\\\/\\\/kidsplay.lt\\\/#website\"},\"primaryImageOfPage\":{\"@id\":\"https:\\\/\\\/kidsplay.lt\\\/produktas\\\/little-tikes-interaktyvus-vaiku-vejapjoves-stumiamasis-zaislas-sodui\\\/#primaryimage\"},\"image\":{\"@id\":\"https:\\\/\\\/kidsplay.lt\\\/produktas\\\/little-tikes-interaktyvus-vaiku-vejapjoves-stumiamasis-zaislas-sodui\\\/#primaryimage\"},\"thumbnailUrl\":\"https:\\\/\\\/kidsplay.lt\\\/wp-content\\\/uploads\\\/2026\\\/04\\\/Little-Tikes-interaktyvus-vaiku-vejapjoves-stumiamasis-zaislas-sodui.jpg\",\"datePublished\":\"2026-04-02T05:38:26+00:00\",\"dateModified\":\"2026-04-07T06:29:35+00:00\",\"description\":\"Little Tikes interaktyvus vaik\u0173 vejapjov\u0117s stumiamasis \u017eaislas sodui - KidsPlay. Did\u017eiausias vaik\u0173 \u017eaisl\u0173 pasirinkimas.\",\"breadcrumb\":{\"@id\":\"https:\\\/\\\/kidsplay.lt\\\/produktas\\\/little-tikes-interaktyvus-vaiku-vejapjoves-stumiamasis-zaislas-sodui\\\/#breadcrumb\"},\"inLanguage\":\"lv-LV\",\"potentialAction\":[{\"@type\":\"ReadAction\",\"target\":[\"https:\\\/\\\/kidsplay.lt\\\/produktas\\\/little-tikes-interaktyvus-vaiku-vejapjoves-stumiamasis-zaislas-sodui\\\/\"]}]},{\"@type\":\"ImageObject\",\"inLanguage\":\"lv-LV\",\"@id\":\"https:\\\/\\\/kidsplay.lt\\\/produktas\\\/little-tikes-interaktyvus-vaiku-vejapjoves-stumiamasis-zaislas-sodui\\\/#primaryimage\",\"url\":\"https:\\\/\\\/kidsplay.lt\\\/wp-content\\\/uploads\\\/2026\\\/04\\\/Little-Tikes-interaktyvus-vaiku-vejapjoves-stumiamasis-zaislas-sodui.jpg\",\"contentUrl\":\"https:\\\/\\\/kidsplay.lt\\\/wp-content\\\/uploads\\\/2026\\\/04\\\/Little-Tikes-interaktyvus-vaiku-vejapjoves-stumiamasis-zaislas-sodui.jpg\",\"width\":2560,\"height\":2560,\"caption\":\"Little Tikes interaktyvus vaik\u0173 vejapjov\u0117s stumiamasis \u017eaislas sodui\"},{\"@type\":\"BreadcrumbList\",\"@id\":\"https:\\\/\\\/kidsplay.lt\\\/produktas\\\/little-tikes-interaktyvus-vaiku-vejapjoves-stumiamasis-zaislas-sodui\\\/#breadcrumb\",\"itemListElement\":[{\"@type\":\"ListItem\",\"position\":1,\"name\":\"Pagrindinis\",\"item\":\"https:\\\/\\\/kidsplay.lt\\\/\"},{\"@type\":\"ListItem\",\"position\":2,\"name\":\"Parduotuv\u0117\",\"item\":\"https:\\\/\\\/kidsplay.lt\\\/parduotuve\\\/\"},{\"@type\":\"ListItem\",\"position\":3,\"name\":\"Little Tikes interaktyvus vaik\u0173 vejapjov\u0117s stumiamasis \u017eaislas sodui\"}]},{\"@type\":\"WebSite\",\"@id\":\"https:\\\/\\\/kidsplay.lt\\\/#website\",\"url\":\"https:\\\/\\\/kidsplay.lt\\\/\",\"name\":\"Kidsplay.lt\",\"description\":\"\u012evairios prek\u0117s vaikams\",\"publisher\":{\"@id\":\"https:\\\/\\\/kidsplay.lt\\\/#organization\"},\"alternateName\":\"Kidsplay\",\"potentialAction\":[{\"@type\":\"SearchAction\",\"target\":{\"@type\":\"EntryPoint\",\"urlTemplate\":\"https:\\\/\\\/kidsplay.lt\\\/?s={search_term_string}\"},\"query-input\":{\"@type\":\"PropertyValueSpecification\",\"valueRequired\":true,\"valueName\":\"search_term_string\"}}],\"inLanguage\":\"lv-LV\"},{\"@type\":\"Organization\",\"@id\":\"https:\\\/\\\/kidsplay.lt\\\/#organization\",\"name\":\"KidsPlay\",\"url\":\"https:\\\/\\\/kidsplay.lt\\\/\",\"logo\":{\"@type\":\"ImageObject\",\"inLanguage\":\"lv-LV\",\"@id\":\"https:\\\/\\\/kidsplay.lt\\\/#\\\/schema\\\/logo\\\/image\\\/\",\"url\":\"https:\\\/\\\/kidsplay.lt\\\/wp-content\\\/uploads\\\/2023\\\/07\\\/kidsplay-logo.png\",\"contentUrl\":\"https:\\\/\\\/kidsplay.lt\\\/wp-content\\\/uploads\\\/2023\\\/07\\\/kidsplay-logo.png\",\"width\":451,\"height\":98,\"caption\":\"KidsPlay\"},\"image\":{\"@id\":\"https:\\\/\\\/kidsplay.lt\\\/#\\\/schema\\\/logo\\\/image\\\/\"},\"sameAs\":[\"https:\\\/\\\/www.facebook.com\\\/www.kidsplay.lt\"]}]}<\/script>\n<!-- \/ Yoast SEO plugin. -->","yoast_head_json":{"title":"Little Tikes interaktyvus vaik\u0173 vejapjov\u0117s stumiamasis \u017eaislas sodui","description":"Little Tikes interaktyvus vaik\u0173 vejapjov\u0117s stumiamasis \u017eaislas sodui - KidsPlay. Did\u017eiausias vaik\u0173 \u017eaisl\u0173 pasirinkimas.","robots":{"index":"index","follow":"follow","max-snippet":"max-snippet:-1","max-image-preview":"max-image-preview:large","max-video-preview":"max-video-preview:-1"},"canonical":"https:\/\/kidsplay.lt\/lv\/products\/little-tikes-interaktyvus-vaiku-vejapjoves-stumiamasis-zaislas-sodui\/","og_locale":"lv_LV","og_type":"article","og_title":"Little Tikes interaktyvus vaik\u0173 vejapjov\u0117s stumiamasis \u017eaislas sodui","og_description":"Little Tikes interaktyvus vaik\u0173 vejapjov\u0117s stumiamasis \u017eaislas sodui - KidsPlay. Did\u017eiausias vaik\u0173 \u017eaisl\u0173 pasirinkimas.","og_url":"https:\/\/kidsplay.lt\/lv\/products\/little-tikes-interaktyvus-vaiku-vejapjoves-stumiamasis-zaislas-sodui\/","og_site_name":"KidsPlay","article_publisher":"https:\/\/www.facebook.com\/www.kidsplay.lt","article_modified_time":"2026-04-07T06:29:35+00:00","og_image":[{"width":2560,"height":2560,"url":"https:\/\/kidsplay.lt\/wp-content\/uploads\/2026\/04\/Little-Tikes-interaktyvus-vaiku-vejapjoves-stumiamasis-zaislas-sodui.jpg","type":"image\/jpeg"}],"twitter_card":"summary_large_image","twitter_misc":{"Est. reading time":"1 min\u016bte"},"schema":{"@context":"https:\/\/schema.org","@graph":[{"@type":"WebPage","@id":"https:\/\/kidsplay.lt\/produktas\/little-tikes-interaktyvus-vaiku-vejapjoves-stumiamasis-zaislas-sodui\/","url":"https:\/\/kidsplay.lt\/produktas\/little-tikes-interaktyvus-vaiku-vejapjoves-stumiamasis-zaislas-sodui\/","name":"Little Tikes interaktyvus vaik\u0173 vejapjov\u0117s stumiamasis \u017eaislas sodui","isPartOf":{"@id":"https:\/\/kidsplay.lt\/#website"},"primaryImageOfPage":{"@id":"https:\/\/kidsplay.lt\/produktas\/little-tikes-interaktyvus-vaiku-vejapjoves-stumiamasis-zaislas-sodui\/#primaryimage"},"image":{"@id":"https:\/\/kidsplay.lt\/produktas\/little-tikes-interaktyvus-vaiku-vejapjoves-stumiamasis-zaislas-sodui\/#primaryimage"},"thumbnailUrl":"https:\/\/kidsplay.lt\/wp-content\/uploads\/2026\/04\/Little-Tikes-interaktyvus-vaiku-vejapjoves-stumiamasis-zaislas-sodui.jpg","datePublished":"2026-04-02T05:38:26+00:00","dateModified":"2026-04-07T06:29:35+00:00","description":"Little Tikes interaktyvus vaik\u0173 vejapjov\u0117s stumiamasis \u017eaislas sodui - KidsPlay. Did\u017eiausias vaik\u0173 \u017eaisl\u0173 pasirinkimas.","breadcrumb":{"@id":"https:\/\/kidsplay.lt\/produktas\/little-tikes-interaktyvus-vaiku-vejapjoves-stumiamasis-zaislas-sodui\/#breadcrumb"},"inLanguage":"lv-LV","potentialAction":[{"@type":"ReadAction","target":["https:\/\/kidsplay.lt\/produktas\/little-tikes-interaktyvus-vaiku-vejapjoves-stumiamasis-zaislas-sodui\/"]}]},{"@type":"ImageObject","inLanguage":"lv-LV","@id":"https:\/\/kidsplay.lt\/produktas\/little-tikes-interaktyvus-vaiku-vejapjoves-stumiamasis-zaislas-sodui\/#primaryimage","url":"https:\/\/kidsplay.lt\/wp-content\/uploads\/2026\/04\/Little-Tikes-interaktyvus-vaiku-vejapjoves-stumiamasis-zaislas-sodui.jpg","contentUrl":"https:\/\/kidsplay.lt\/wp-content\/uploads\/2026\/04\/Little-Tikes-interaktyvus-vaiku-vejapjoves-stumiamasis-zaislas-sodui.jpg","width":2560,"height":2560,"caption":"Little Tikes interaktyvus vaik\u0173 vejapjov\u0117s stumiamasis \u017eaislas sodui"},{"@type":"BreadcrumbList","@id":"https:\/\/kidsplay.lt\/produktas\/little-tikes-interaktyvus-vaiku-vejapjoves-stumiamasis-zaislas-sodui\/#breadcrumb","itemListElement":[{"@type":"ListItem","position":1,"name":"Pagrindinis","item":"https:\/\/kidsplay.lt\/"},{"@type":"ListItem","position":2,"name":"Parduotuv\u0117","item":"https:\/\/kidsplay.lt\/parduotuve\/"},{"@type":"ListItem","position":3,"name":"Little Tikes interaktyvus vaik\u0173 vejapjov\u0117s stumiamasis \u017eaislas sodui"}]},{"@type":"WebSite","@id":"https:\/\/kidsplay.lt\/#website","url":"https:\/\/kidsplay.lt\/","name":"B\u0113rnu sp\u0113les.lv","description":"\u012evairios prek\u0117s vaikams","publisher":{"@id":"https:\/\/kidsplay.lt\/#organization"},"alternateName":"Kidsplay","potentialAction":[{"@type":"SearchAction","target":{"@type":"EntryPoint","urlTemplate":"https:\/\/kidsplay.lt\/?s={search_term_string}"},"query-input":{"@type":"PropertyValueSpecification","valueRequired":true,"valueName":"search_term_string"}}],"inLanguage":"lv-LV"},{"@type":"Organization","@id":"https:\/\/kidsplay.lt\/#organization","name":"B\u0113rnu sp\u0113le","url":"https:\/\/kidsplay.lt\/","logo":{"@type":"ImageObject","inLanguage":"lv-LV","@id":"https:\/\/kidsplay.lt\/#\/schema\/logo\/image\/","url":"https:\/\/kidsplay.lt\/wp-content\/uploads\/2023\/07\/kidsplay-logo.png","contentUrl":"https:\/\/kidsplay.lt\/wp-content\/uploads\/2023\/07\/kidsplay-logo.png","width":451,"height":98,"caption":"KidsPlay"},"image":{"@id":"https:\/\/kidsplay.lt\/#\/schema\/logo\/image\/"},"sameAs":["https:\/\/www.facebook.com\/www.kidsplay.lt"]}]}},"_links":{"self":[{"href":"https:\/\/kidsplay.lt\/lv\/wp-json\/wp\/v2\/product\/98555","targetHints":{"allow":["GET"]}}],"collection":[{"href":"https:\/\/kidsplay.lt\/lv\/wp-json\/wp\/v2\/product"}],"about":[{"href":"https:\/\/kidsplay.lt\/lv\/wp-json\/wp\/v2\/types\/product"}],"version-history":[{"count":1,"href":"https:\/\/kidsplay.lt\/lv\/wp-json\/wp\/v2\/product\/98555\/revisions"}],"predecessor-version":[{"id":98556,"href":"https:\/\/kidsplay.lt\/lv\/wp-json\/wp\/v2\/product\/98555\/revisions\/98556"}],"wp:featuredmedia":[{"embeddable":true,"href":"https:\/\/kidsplay.lt\/lv\/wp-json\/wp\/v2\/media\/98557"}],"wp:attachment":[{"href":"https:\/\/kidsplay.lt\/lv\/wp-json\/wp\/v2\/media?parent=98555"}],"wp:term":[{"taxonomy":"product_brand","embeddable":true,"href":"https:\/\/kidsplay.lt\/lv\/wp-json\/wp\/v2\/product_brand?post=98555"},{"taxonomy":"product_cat","embeddable":true,"href":"https:\/\/kidsplay.lt\/lv\/wp-json\/wp\/v2\/product_cat?post=98555"},{"taxonomy":"product_tag","embeddable":true,"href":"https:\/\/kidsplay.lt\/lv\/wp-json\/wp\/v2\/product_tag?post=98555"}],"curies":[{"name":"wp","href":"https:\/\/api.w.org\/{rel}","templated":true}]}}