{"id":98597,"date":"2026-04-02T08:40:40","date_gmt":"2026-04-02T05:40:40","guid":{"rendered":"https:\/\/kidsplay.lt\/produktas\/woopie-baby-interaktyvus-vairas-mazojo-vairuotojo-automobilio-rinkiniui\/"},"modified":"2026-04-13T13:48:57","modified_gmt":"2026-04-13T10:48:57","slug":"woopie-baby-interaktyvus-vairas-mazojo-vairuotojo-automobilio-rinkiniui","status":"publish","type":"product","link":"https:\/\/kidsplay.lt\/lv\/products\/woopie-baby-interaktyvus-vairas-mazojo-vairuotojo-automobilio-rinkiniui\/","title":{"rendered":"WOOPIE BABY interaktyvus vairas ma\u017eojo vairuotojo automobilio rinkiniui"},"content":{"rendered":"<p>Paverskite kiekvien\u0105 kelion\u0119 \u012f jaudinant\u012f nuotyk\u012f, kuriame j\u016bs\u0173 ma\u017eylis tampa pagrindiniu vairuotoju! \u0160is interaktyvus \u017eaislas i\u0161 \u201eWoopie!\u201c \u2013 tai puikus pramogos, suaugusi\u0173j\u0173 veiklos imitavimo ir smulkiosios motorikos lavinimo derinys. Jis lengvai tvirtinamas prie priekin\u0117s s\u0117dyn\u0117s atlo\u0161o, tod\u0117l j\u016bs\u0173 vaikas visada tur\u0117s savo \u201ekabina\u0328\u201c lengvai pasiekiamoje vietoje. Realisti\u0161ki variklio ir signalo garsai bei linksmos melodijos visam laikui i\u0161sklaidys nuobodul\u012f galin\u0117je s\u0117dyn\u0117je. Tai saugus ir \u012ftraukiantis b\u016bdas t\u0117vams m\u0117gautis ramesne kelione, o j\u016bs\u0173 ma\u017eajam tyrin\u0117tojui \u2013 begal\u0117 smagumo!<br \/>\nRaksturojums<\/p>\n<p> \tSkirta vaikams nuo 18 m\u0117n.<br \/>\n \tIntuityv\u016bs dir\u017eeliai su \u017eiedais leid\u017eia saugiai pritvirtinti \u017eaisl\u0105 prie priekin\u0117s s\u0117dyn\u0117s galvos atlo\u0161o.<br \/>\n \tVairas sukasi 360\u00b0, suteikdamas vaikui realisti\u0161k\u0105 \u201evairavimo\u201c poj\u016bt\u012f.<br \/>\n \tTuri funkcinius mygtukus, kurie aktyvuoja garso ir \u0161viesos efektus.<br \/>\n \tLankstus pagrindas prisitaiko prie k\u016bdikio pad\u0117ties, o \u017eaisl\u0105 galima naudoti ir ve\u017eim\u0117lyje ar lovyt\u0117je.<\/p>","protected":false},"excerpt":{"rendered":"<p>Paverskite kiekvien\u0105 kelion\u0119 \u012f jaudinant\u012f nuotyk\u012f, kuriame j\u016bs\u0173 ma\u017eylis tampa pagrindiniu vairuotoju! \u0160is interaktyvus \u017eaislas i\u0161 \u201eWoopie!\u201c \u2013 tai puikus<\/p>","protected":false},"featured_media":98599,"template":"","meta":{"_acf_changed":false,"_glsr_average":0,"_glsr_ranking":0,"_glsr_reviews":0},"product_brand":[],"product_cat":[396,229],"product_tag":[],"class_list":{"0":"post-98597","1":"product","2":"type-product","3":"status-publish","4":"has-post-thumbnail","6":"product_cat-kudikiu-zaislai-vaikams2","7":"product_cat-zaislai-vaikams","8":"\"style=\"background-color: #2ecc711c;\"","10":"first","11":"instock","12":"purchasable","13":"product-type-simple"},"acf":[],"yoast_head":"<!-- This site is optimized with the Yoast SEO plugin v27.4 - https:\/\/yoast.com\/product\/yoast-seo-wordpress\/ -->\n<title>WOOPIE BABY interaktyvus vairas ma\u017eojo vairuotojo automobilio rinkiniui<\/title>\n<meta name=\"description\" content=\"WOOPIE BABY interaktyvus vairas ma\u017eojo vairuotojo automobilio rinkiniui - KidsPlay. Did\u017eiausias vaik\u0173 \u017eaisl\u0173 pasirinkimas.\" \/>\n<meta name=\"robots\" content=\"index, follow, max-snippet:-1, max-image-preview:large, max-video-preview:-1\" \/>\n<link rel=\"canonical\" href=\"https:\/\/kidsplay.lt\/lv\/products\/woopie-baby-interaktyvus-vairas-mazojo-vairuotojo-automobilio-rinkiniui\/\" \/>\n<meta property=\"og:locale\" content=\"lv_LV\" \/>\n<meta property=\"og:type\" content=\"article\" \/>\n<meta property=\"og:title\" content=\"WOOPIE BABY interaktyvus vairas ma\u017eojo vairuotojo automobilio rinkiniui\" \/>\n<meta property=\"og:description\" content=\"WOOPIE BABY interaktyvus vairas ma\u017eojo vairuotojo automobilio rinkiniui - KidsPlay. Did\u017eiausias vaik\u0173 \u017eaisl\u0173 pasirinkimas.\" \/>\n<meta property=\"og:url\" content=\"https:\/\/kidsplay.lt\/lv\/products\/woopie-baby-interaktyvus-vairas-mazojo-vairuotojo-automobilio-rinkiniui\/\" \/>\n<meta property=\"og:site_name\" content=\"KidsPlay\" \/>\n<meta property=\"article:publisher\" content=\"https:\/\/www.facebook.com\/www.kidsplay.lt\" \/>\n<meta property=\"article:modified_time\" content=\"2026-04-13T10:48:57+00:00\" \/>\n<meta property=\"og:image\" content=\"https:\/\/kidsplay.lt\/wp-content\/uploads\/2026\/04\/WOOPIE-BABY-interaktyvus-vairas-mazojo-vairuotojo-automobilio-rinkiniui.jpg\" \/>\n\t<meta property=\"og:image:width\" content=\"2560\" \/>\n\t<meta property=\"og:image:height\" content=\"2560\" \/>\n\t<meta property=\"og:image:type\" content=\"image\/jpeg\" \/>\n<meta name=\"twitter:card\" content=\"summary_large_image\" \/>\n<meta name=\"twitter:label1\" content=\"Est. reading time\" \/>\n\t<meta name=\"twitter:data1\" content=\"1 min\u016bte\" \/>\n<script type=\"application\/ld+json\" class=\"yoast-schema-graph\">{\"@context\":\"https:\\\/\\\/schema.org\",\"@graph\":[{\"@type\":\"WebPage\",\"@id\":\"https:\\\/\\\/kidsplay.lt\\\/produktas\\\/woopie-baby-interaktyvus-vairas-mazojo-vairuotojo-automobilio-rinkiniui\\\/\",\"url\":\"https:\\\/\\\/kidsplay.lt\\\/produktas\\\/woopie-baby-interaktyvus-vairas-mazojo-vairuotojo-automobilio-rinkiniui\\\/\",\"name\":\"WOOPIE BABY interaktyvus vairas ma\u017eojo vairuotojo automobilio rinkiniui\",\"isPartOf\":{\"@id\":\"https:\\\/\\\/kidsplay.lt\\\/#website\"},\"primaryImageOfPage\":{\"@id\":\"https:\\\/\\\/kidsplay.lt\\\/produktas\\\/woopie-baby-interaktyvus-vairas-mazojo-vairuotojo-automobilio-rinkiniui\\\/#primaryimage\"},\"image\":{\"@id\":\"https:\\\/\\\/kidsplay.lt\\\/produktas\\\/woopie-baby-interaktyvus-vairas-mazojo-vairuotojo-automobilio-rinkiniui\\\/#primaryimage\"},\"thumbnailUrl\":\"https:\\\/\\\/kidsplay.lt\\\/wp-content\\\/uploads\\\/2026\\\/04\\\/WOOPIE-BABY-interaktyvus-vairas-mazojo-vairuotojo-automobilio-rinkiniui.jpg\",\"datePublished\":\"2026-04-02T05:40:40+00:00\",\"dateModified\":\"2026-04-13T10:48:57+00:00\",\"description\":\"WOOPIE BABY interaktyvus vairas ma\u017eojo vairuotojo automobilio rinkiniui - KidsPlay. Did\u017eiausias vaik\u0173 \u017eaisl\u0173 pasirinkimas.\",\"breadcrumb\":{\"@id\":\"https:\\\/\\\/kidsplay.lt\\\/produktas\\\/woopie-baby-interaktyvus-vairas-mazojo-vairuotojo-automobilio-rinkiniui\\\/#breadcrumb\"},\"inLanguage\":\"lv-LV\",\"potentialAction\":[{\"@type\":\"ReadAction\",\"target\":[\"https:\\\/\\\/kidsplay.lt\\\/produktas\\\/woopie-baby-interaktyvus-vairas-mazojo-vairuotojo-automobilio-rinkiniui\\\/\"]}]},{\"@type\":\"ImageObject\",\"inLanguage\":\"lv-LV\",\"@id\":\"https:\\\/\\\/kidsplay.lt\\\/produktas\\\/woopie-baby-interaktyvus-vairas-mazojo-vairuotojo-automobilio-rinkiniui\\\/#primaryimage\",\"url\":\"https:\\\/\\\/kidsplay.lt\\\/wp-content\\\/uploads\\\/2026\\\/04\\\/WOOPIE-BABY-interaktyvus-vairas-mazojo-vairuotojo-automobilio-rinkiniui.jpg\",\"contentUrl\":\"https:\\\/\\\/kidsplay.lt\\\/wp-content\\\/uploads\\\/2026\\\/04\\\/WOOPIE-BABY-interaktyvus-vairas-mazojo-vairuotojo-automobilio-rinkiniui.jpg\",\"width\":2560,\"height\":2560,\"caption\":\"WOOPIE BABY interaktyvus vairas ma\u017eojo vairuotojo automobilio rinkiniui\"},{\"@type\":\"BreadcrumbList\",\"@id\":\"https:\\\/\\\/kidsplay.lt\\\/produktas\\\/woopie-baby-interaktyvus-vairas-mazojo-vairuotojo-automobilio-rinkiniui\\\/#breadcrumb\",\"itemListElement\":[{\"@type\":\"ListItem\",\"position\":1,\"name\":\"Pagrindinis\",\"item\":\"https:\\\/\\\/kidsplay.lt\\\/\"},{\"@type\":\"ListItem\",\"position\":2,\"name\":\"Parduotuv\u0117\",\"item\":\"https:\\\/\\\/kidsplay.lt\\\/parduotuve\\\/\"},{\"@type\":\"ListItem\",\"position\":3,\"name\":\"WOOPIE BABY interaktyvus vairas ma\u017eojo vairuotojo automobilio rinkiniui\"}]},{\"@type\":\"WebSite\",\"@id\":\"https:\\\/\\\/kidsplay.lt\\\/#website\",\"url\":\"https:\\\/\\\/kidsplay.lt\\\/\",\"name\":\"Kidsplay.lt\",\"description\":\"\u012evairios prek\u0117s vaikams\",\"publisher\":{\"@id\":\"https:\\\/\\\/kidsplay.lt\\\/#organization\"},\"alternateName\":\"Kidsplay\",\"potentialAction\":[{\"@type\":\"SearchAction\",\"target\":{\"@type\":\"EntryPoint\",\"urlTemplate\":\"https:\\\/\\\/kidsplay.lt\\\/?s={search_term_string}\"},\"query-input\":{\"@type\":\"PropertyValueSpecification\",\"valueRequired\":true,\"valueName\":\"search_term_string\"}}],\"inLanguage\":\"lv-LV\"},{\"@type\":\"Organization\",\"@id\":\"https:\\\/\\\/kidsplay.lt\\\/#organization\",\"name\":\"KidsPlay\",\"url\":\"https:\\\/\\\/kidsplay.lt\\\/\",\"logo\":{\"@type\":\"ImageObject\",\"inLanguage\":\"lv-LV\",\"@id\":\"https:\\\/\\\/kidsplay.lt\\\/#\\\/schema\\\/logo\\\/image\\\/\",\"url\":\"https:\\\/\\\/kidsplay.lt\\\/wp-content\\\/uploads\\\/2023\\\/07\\\/kidsplay-logo.png\",\"contentUrl\":\"https:\\\/\\\/kidsplay.lt\\\/wp-content\\\/uploads\\\/2023\\\/07\\\/kidsplay-logo.png\",\"width\":451,\"height\":98,\"caption\":\"KidsPlay\"},\"image\":{\"@id\":\"https:\\\/\\\/kidsplay.lt\\\/#\\\/schema\\\/logo\\\/image\\\/\"},\"sameAs\":[\"https:\\\/\\\/www.facebook.com\\\/www.kidsplay.lt\"]}]}<\/script>\n<!-- \/ Yoast SEO plugin. -->","yoast_head_json":{"title":"WOOPIE BABY interaktyvus vairas ma\u017eojo vairuotojo automobilio rinkiniui","description":"WOOPIE BABY interaktyvus vairas ma\u017eojo vairuotojo automobilio rinkiniui - KidsPlay. Did\u017eiausias vaik\u0173 \u017eaisl\u0173 pasirinkimas.","robots":{"index":"index","follow":"follow","max-snippet":"max-snippet:-1","max-image-preview":"max-image-preview:large","max-video-preview":"max-video-preview:-1"},"canonical":"https:\/\/kidsplay.lt\/lv\/products\/woopie-baby-interaktyvus-vairas-mazojo-vairuotojo-automobilio-rinkiniui\/","og_locale":"lv_LV","og_type":"article","og_title":"WOOPIE BABY interaktyvus vairas ma\u017eojo vairuotojo automobilio rinkiniui","og_description":"WOOPIE BABY interaktyvus vairas ma\u017eojo vairuotojo automobilio rinkiniui - KidsPlay. Did\u017eiausias vaik\u0173 \u017eaisl\u0173 pasirinkimas.","og_url":"https:\/\/kidsplay.lt\/lv\/products\/woopie-baby-interaktyvus-vairas-mazojo-vairuotojo-automobilio-rinkiniui\/","og_site_name":"KidsPlay","article_publisher":"https:\/\/www.facebook.com\/www.kidsplay.lt","article_modified_time":"2026-04-13T10:48:57+00:00","og_image":[{"width":2560,"height":2560,"url":"https:\/\/kidsplay.lt\/wp-content\/uploads\/2026\/04\/WOOPIE-BABY-interaktyvus-vairas-mazojo-vairuotojo-automobilio-rinkiniui.jpg","type":"image\/jpeg"}],"twitter_card":"summary_large_image","twitter_misc":{"Est. reading time":"1 min\u016bte"},"schema":{"@context":"https:\/\/schema.org","@graph":[{"@type":"WebPage","@id":"https:\/\/kidsplay.lt\/produktas\/woopie-baby-interaktyvus-vairas-mazojo-vairuotojo-automobilio-rinkiniui\/","url":"https:\/\/kidsplay.lt\/produktas\/woopie-baby-interaktyvus-vairas-mazojo-vairuotojo-automobilio-rinkiniui\/","name":"WOOPIE BABY interaktyvus vairas ma\u017eojo vairuotojo automobilio rinkiniui","isPartOf":{"@id":"https:\/\/kidsplay.lt\/#website"},"primaryImageOfPage":{"@id":"https:\/\/kidsplay.lt\/produktas\/woopie-baby-interaktyvus-vairas-mazojo-vairuotojo-automobilio-rinkiniui\/#primaryimage"},"image":{"@id":"https:\/\/kidsplay.lt\/produktas\/woopie-baby-interaktyvus-vairas-mazojo-vairuotojo-automobilio-rinkiniui\/#primaryimage"},"thumbnailUrl":"https:\/\/kidsplay.lt\/wp-content\/uploads\/2026\/04\/WOOPIE-BABY-interaktyvus-vairas-mazojo-vairuotojo-automobilio-rinkiniui.jpg","datePublished":"2026-04-02T05:40:40+00:00","dateModified":"2026-04-13T10:48:57+00:00","description":"WOOPIE BABY interaktyvus vairas ma\u017eojo vairuotojo automobilio rinkiniui - KidsPlay. Did\u017eiausias vaik\u0173 \u017eaisl\u0173 pasirinkimas.","breadcrumb":{"@id":"https:\/\/kidsplay.lt\/produktas\/woopie-baby-interaktyvus-vairas-mazojo-vairuotojo-automobilio-rinkiniui\/#breadcrumb"},"inLanguage":"lv-LV","potentialAction":[{"@type":"ReadAction","target":["https:\/\/kidsplay.lt\/produktas\/woopie-baby-interaktyvus-vairas-mazojo-vairuotojo-automobilio-rinkiniui\/"]}]},{"@type":"ImageObject","inLanguage":"lv-LV","@id":"https:\/\/kidsplay.lt\/produktas\/woopie-baby-interaktyvus-vairas-mazojo-vairuotojo-automobilio-rinkiniui\/#primaryimage","url":"https:\/\/kidsplay.lt\/wp-content\/uploads\/2026\/04\/WOOPIE-BABY-interaktyvus-vairas-mazojo-vairuotojo-automobilio-rinkiniui.jpg","contentUrl":"https:\/\/kidsplay.lt\/wp-content\/uploads\/2026\/04\/WOOPIE-BABY-interaktyvus-vairas-mazojo-vairuotojo-automobilio-rinkiniui.jpg","width":2560,"height":2560,"caption":"WOOPIE BABY interaktyvus vairas ma\u017eojo vairuotojo automobilio rinkiniui"},{"@type":"BreadcrumbList","@id":"https:\/\/kidsplay.lt\/produktas\/woopie-baby-interaktyvus-vairas-mazojo-vairuotojo-automobilio-rinkiniui\/#breadcrumb","itemListElement":[{"@type":"ListItem","position":1,"name":"Pagrindinis","item":"https:\/\/kidsplay.lt\/"},{"@type":"ListItem","position":2,"name":"Parduotuv\u0117","item":"https:\/\/kidsplay.lt\/parduotuve\/"},{"@type":"ListItem","position":3,"name":"WOOPIE BABY interaktyvus vairas ma\u017eojo vairuotojo automobilio rinkiniui"}]},{"@type":"WebSite","@id":"https:\/\/kidsplay.lt\/#website","url":"https:\/\/kidsplay.lt\/","name":"B\u0113rnu sp\u0113les.lv","description":"\u012evairios prek\u0117s vaikams","publisher":{"@id":"https:\/\/kidsplay.lt\/#organization"},"alternateName":"Kidsplay","potentialAction":[{"@type":"SearchAction","target":{"@type":"EntryPoint","urlTemplate":"https:\/\/kidsplay.lt\/?s={search_term_string}"},"query-input":{"@type":"PropertyValueSpecification","valueRequired":true,"valueName":"search_term_string"}}],"inLanguage":"lv-LV"},{"@type":"Organization","@id":"https:\/\/kidsplay.lt\/#organization","name":"B\u0113rnu sp\u0113le","url":"https:\/\/kidsplay.lt\/","logo":{"@type":"ImageObject","inLanguage":"lv-LV","@id":"https:\/\/kidsplay.lt\/#\/schema\/logo\/image\/","url":"https:\/\/kidsplay.lt\/wp-content\/uploads\/2023\/07\/kidsplay-logo.png","contentUrl":"https:\/\/kidsplay.lt\/wp-content\/uploads\/2023\/07\/kidsplay-logo.png","width":451,"height":98,"caption":"KidsPlay"},"image":{"@id":"https:\/\/kidsplay.lt\/#\/schema\/logo\/image\/"},"sameAs":["https:\/\/www.facebook.com\/www.kidsplay.lt"]}]}},"_links":{"self":[{"href":"https:\/\/kidsplay.lt\/lv\/wp-json\/wp\/v2\/product\/98597","targetHints":{"allow":["GET"]}}],"collection":[{"href":"https:\/\/kidsplay.lt\/lv\/wp-json\/wp\/v2\/product"}],"about":[{"href":"https:\/\/kidsplay.lt\/lv\/wp-json\/wp\/v2\/types\/product"}],"version-history":[{"count":1,"href":"https:\/\/kidsplay.lt\/lv\/wp-json\/wp\/v2\/product\/98597\/revisions"}],"predecessor-version":[{"id":98598,"href":"https:\/\/kidsplay.lt\/lv\/wp-json\/wp\/v2\/product\/98597\/revisions\/98598"}],"wp:featuredmedia":[{"embeddable":true,"href":"https:\/\/kidsplay.lt\/lv\/wp-json\/wp\/v2\/media\/98599"}],"wp:attachment":[{"href":"https:\/\/kidsplay.lt\/lv\/wp-json\/wp\/v2\/media?parent=98597"}],"wp:term":[{"taxonomy":"product_brand","embeddable":true,"href":"https:\/\/kidsplay.lt\/lv\/wp-json\/wp\/v2\/product_brand?post=98597"},{"taxonomy":"product_cat","embeddable":true,"href":"https:\/\/kidsplay.lt\/lv\/wp-json\/wp\/v2\/product_cat?post=98597"},{"taxonomy":"product_tag","embeddable":true,"href":"https:\/\/kidsplay.lt\/lv\/wp-json\/wp\/v2\/product_tag?post=98597"}],"curies":[{"name":"wp","href":"https:\/\/api.w.org\/{rel}","templated":true}]}}