{"id":98936,"date":"2026-04-03T08:41:59","date_gmt":"2026-04-03T05:41:59","guid":{"rendered":"https:\/\/kidsplay.lt\/produktas\/clementoni-mechanics-laboratory-bekeles-automobilio-konstruktorius-8\/"},"modified":"2026-04-10T08:45:53","modified_gmt":"2026-04-10T05:45:53","slug":"clementoni-mechanics-laboratory-bekeles-automobilio-konstruktorius-8","status":"publish","type":"product","link":"https:\/\/kidsplay.lt\/lv\/products\/clementoni-mechanics-laboratory-bekeles-automobilio-konstruktorius-8\/","title":{"rendered":"Clementoni \u201eMechanics Laboratory\u201c \u2013 bekel\u0117s automobilio konstruktorius (8+)"},"content":{"rendered":"<p>Konstruktori\u0173 rinkinys, skirtas bekel\u0117s automobilio modeliui surinkti, leid\u017eia vaikams prakti\u0161kai tyrin\u0117ti mechanikos ir in\u017einerijos principus.<br \/>\n\ud83e\udde0 Mokymasis konstruojant ir eksperimentuojant<br \/>\nDaugyb\u0117 rinkinyje esan\u010di\u0173 detali\u0173 leid\u017eia vaikams sukurti ne tik pagrindin\u012f model\u012f, bet ir papildomas transporto priemones, apra\u0161ytas instrukcijoje, arba visi\u0161kai naujus k\u016brinius, \u012fkv\u0117ptus neribotos vaizduot\u0117s.<\/p>\n<p>Pagrindinis modelis turi tikrovi\u0161k\u0173 amortizatori\u0173 imitacij\u0105, naudojam\u0105 bekel\u0117s lenktyn\u0117se. Tai padeda vaikams suprasti, kaip veikia pakabos sistemos.<\/p>\n<p>Konstruodami vaikai gali i\u0161bandyti savo id\u0117jas, prakti\u0161kai patikrinti, ar j\u0173 sprendimai veikia, ar juos reikia patobulinti.<br \/>\n\ud83c\uddee\ud83c\uddf9 Itali\u0161ka kokyb\u0117<br \/>\nRinkinys sukurtas, suprojektuotas ir pagamintas Italijoje, ypating\u0105 d\u0117mes\u012f skiriant saugumui, patvarumui ir edukacinei vertei.<\/p>\n<p>\u2699\ufe0f Produkto specifikacijos<\/p>\n<p> \tAm\u017eius: 8+<br \/>\n \tD\u0117\u017eut\u0117s matmenys: 39,6 \u00d7 27,8 \u00d7 6 cm<br \/>\n \tSvoris: 877 g<br \/>\n \tBaterijos: nereikalingos<\/p>\n<p>Mechanikos laboratorija \u2013 bekel\u0117s automobilis yra idealus rinkinys jauniesiems konstruktoriams ir automobili\u0173 entuziastams, norintiems lavinti k\u016brybi\u0161kum\u0105, rankinius \u012fg\u016bd\u017eius ir login\u012f m\u0105stym\u0105.<\/p>","protected":false},"excerpt":{"rendered":"<p>Konstruktori\u0173 rinkinys, skirtas bekel\u0117s automobilio modeliui surinkti, leid\u017eia vaikams prakti\u0161kai tyrin\u0117ti mechanikos ir in\u017einerijos principus. \ud83e\udde0 Mokymasis konstruojant ir eksperimentuojant<\/p>","protected":false},"featured_media":98938,"template":"","meta":{"_acf_changed":false,"_glsr_average":0,"_glsr_ranking":0,"_glsr_reviews":0},"product_brand":[],"product_cat":[446,229],"product_tag":[],"class_list":{"0":"post-98936","1":"product","2":"type-product","3":"status-publish","4":"has-post-thumbnail","6":"product_cat-konstruktoriai","7":"product_cat-zaislai-vaikams","8":"\"style=\"background-color: #2ecc711c;\"","10":"first","11":"instock","12":"purchasable","13":"product-type-simple"},"acf":[],"yoast_head":"<!-- This site is optimized with the Yoast SEO plugin v27.3 - https:\/\/yoast.com\/product\/yoast-seo-wordpress\/ -->\n<title>Clementoni \u201eMechanics Laboratory\u201c \u2013 bekel\u0117s automobilio konstruktorius (8+)<\/title>\n<meta name=\"description\" content=\"Clementoni \u201eMechanics Laboratory\u201c \u2013 bekel\u0117s automobilio konstruktorius (8+) - KidsPlay. Did\u017eiausias vaik\u0173 \u017eaisl\u0173 pasirinkimas.\" \/>\n<meta name=\"robots\" content=\"index, follow, max-snippet:-1, max-image-preview:large, max-video-preview:-1\" \/>\n<link rel=\"canonical\" href=\"https:\/\/kidsplay.lt\/lv\/products\/clementoni-mechanics-laboratory-bekeles-automobilio-konstruktorius-8\/\" \/>\n<meta property=\"og:locale\" content=\"lv_LV\" \/>\n<meta property=\"og:type\" content=\"article\" \/>\n<meta property=\"og:title\" content=\"Clementoni \u201eMechanics Laboratory\u201c \u2013 bekel\u0117s automobilio konstruktorius (8+)\" \/>\n<meta property=\"og:description\" content=\"Clementoni \u201eMechanics Laboratory\u201c \u2013 bekel\u0117s automobilio konstruktorius (8+) - KidsPlay. Did\u017eiausias vaik\u0173 \u017eaisl\u0173 pasirinkimas.\" \/>\n<meta property=\"og:url\" content=\"https:\/\/kidsplay.lt\/lv\/products\/clementoni-mechanics-laboratory-bekeles-automobilio-konstruktorius-8\/\" \/>\n<meta property=\"og:site_name\" content=\"KidsPlay\" \/>\n<meta property=\"article:publisher\" content=\"https:\/\/www.facebook.com\/www.kidsplay.lt\" \/>\n<meta property=\"article:modified_time\" content=\"2026-04-10T05:45:53+00:00\" \/>\n<meta property=\"og:image\" content=\"https:\/\/kidsplay.lt\/wp-content\/uploads\/2026\/04\/Clementoni-\u201eMechanics-Laboratory-\u2013-bekeles-automobilio-konstruktorius-8.png\" \/>\n\t<meta property=\"og:image:width\" content=\"1000\" \/>\n\t<meta property=\"og:image:height\" content=\"1000\" \/>\n\t<meta property=\"og:image:type\" content=\"image\/png\" \/>\n<meta name=\"twitter:card\" content=\"summary_large_image\" \/>\n<meta name=\"twitter:label1\" content=\"Est. reading time\" \/>\n\t<meta name=\"twitter:data1\" content=\"1 min\u016bte\" \/>\n<script type=\"application\/ld+json\" class=\"yoast-schema-graph\">{\"@context\":\"https:\\\/\\\/schema.org\",\"@graph\":[{\"@type\":\"WebPage\",\"@id\":\"https:\\\/\\\/kidsplay.lt\\\/produktas\\\/clementoni-mechanics-laboratory-bekeles-automobilio-konstruktorius-8\\\/\",\"url\":\"https:\\\/\\\/kidsplay.lt\\\/produktas\\\/clementoni-mechanics-laboratory-bekeles-automobilio-konstruktorius-8\\\/\",\"name\":\"Clementoni \u201eMechanics Laboratory\u201c \u2013 bekel\u0117s automobilio konstruktorius (8+)\",\"isPartOf\":{\"@id\":\"https:\\\/\\\/kidsplay.lt\\\/#website\"},\"primaryImageOfPage\":{\"@id\":\"https:\\\/\\\/kidsplay.lt\\\/produktas\\\/clementoni-mechanics-laboratory-bekeles-automobilio-konstruktorius-8\\\/#primaryimage\"},\"image\":{\"@id\":\"https:\\\/\\\/kidsplay.lt\\\/produktas\\\/clementoni-mechanics-laboratory-bekeles-automobilio-konstruktorius-8\\\/#primaryimage\"},\"thumbnailUrl\":\"https:\\\/\\\/kidsplay.lt\\\/wp-content\\\/uploads\\\/2026\\\/04\\\/Clementoni-\u201eMechanics-Laboratory-\u2013-bekeles-automobilio-konstruktorius-8.png\",\"datePublished\":\"2026-04-03T05:41:59+00:00\",\"dateModified\":\"2026-04-10T05:45:53+00:00\",\"description\":\"Clementoni \u201eMechanics Laboratory\u201c \u2013 bekel\u0117s automobilio konstruktorius (8+) - KidsPlay. Did\u017eiausias vaik\u0173 \u017eaisl\u0173 pasirinkimas.\",\"breadcrumb\":{\"@id\":\"https:\\\/\\\/kidsplay.lt\\\/produktas\\\/clementoni-mechanics-laboratory-bekeles-automobilio-konstruktorius-8\\\/#breadcrumb\"},\"inLanguage\":\"lv-LV\",\"potentialAction\":[{\"@type\":\"ReadAction\",\"target\":[\"https:\\\/\\\/kidsplay.lt\\\/produktas\\\/clementoni-mechanics-laboratory-bekeles-automobilio-konstruktorius-8\\\/\"]}]},{\"@type\":\"ImageObject\",\"inLanguage\":\"lv-LV\",\"@id\":\"https:\\\/\\\/kidsplay.lt\\\/produktas\\\/clementoni-mechanics-laboratory-bekeles-automobilio-konstruktorius-8\\\/#primaryimage\",\"url\":\"https:\\\/\\\/kidsplay.lt\\\/wp-content\\\/uploads\\\/2026\\\/04\\\/Clementoni-\u201eMechanics-Laboratory-\u2013-bekeles-automobilio-konstruktorius-8.png\",\"contentUrl\":\"https:\\\/\\\/kidsplay.lt\\\/wp-content\\\/uploads\\\/2026\\\/04\\\/Clementoni-\u201eMechanics-Laboratory-\u2013-bekeles-automobilio-konstruktorius-8.png\",\"width\":1000,\"height\":1000,\"caption\":\"Clementoni \u201eMechanics Laboratory\u201c \u2013 bekel\u0117s automobilio konstruktorius (8+)\"},{\"@type\":\"BreadcrumbList\",\"@id\":\"https:\\\/\\\/kidsplay.lt\\\/produktas\\\/clementoni-mechanics-laboratory-bekeles-automobilio-konstruktorius-8\\\/#breadcrumb\",\"itemListElement\":[{\"@type\":\"ListItem\",\"position\":1,\"name\":\"Pagrindinis\",\"item\":\"https:\\\/\\\/kidsplay.lt\\\/\"},{\"@type\":\"ListItem\",\"position\":2,\"name\":\"Parduotuv\u0117\",\"item\":\"https:\\\/\\\/kidsplay.lt\\\/parduotuve\\\/\"},{\"@type\":\"ListItem\",\"position\":3,\"name\":\"Clementoni \u201eMechanics Laboratory\u201c \u2013 bekel\u0117s automobilio konstruktorius (8+)\"}]},{\"@type\":\"WebSite\",\"@id\":\"https:\\\/\\\/kidsplay.lt\\\/#website\",\"url\":\"https:\\\/\\\/kidsplay.lt\\\/\",\"name\":\"Kidsplay.lt\",\"description\":\"\u012evairios prek\u0117s vaikams\",\"publisher\":{\"@id\":\"https:\\\/\\\/kidsplay.lt\\\/#organization\"},\"alternateName\":\"Kidsplay\",\"potentialAction\":[{\"@type\":\"SearchAction\",\"target\":{\"@type\":\"EntryPoint\",\"urlTemplate\":\"https:\\\/\\\/kidsplay.lt\\\/?s={search_term_string}\"},\"query-input\":{\"@type\":\"PropertyValueSpecification\",\"valueRequired\":true,\"valueName\":\"search_term_string\"}}],\"inLanguage\":\"lv-LV\"},{\"@type\":\"Organization\",\"@id\":\"https:\\\/\\\/kidsplay.lt\\\/#organization\",\"name\":\"KidsPlay\",\"url\":\"https:\\\/\\\/kidsplay.lt\\\/\",\"logo\":{\"@type\":\"ImageObject\",\"inLanguage\":\"lv-LV\",\"@id\":\"https:\\\/\\\/kidsplay.lt\\\/#\\\/schema\\\/logo\\\/image\\\/\",\"url\":\"https:\\\/\\\/kidsplay.lt\\\/wp-content\\\/uploads\\\/2023\\\/07\\\/kidsplay-logo.png\",\"contentUrl\":\"https:\\\/\\\/kidsplay.lt\\\/wp-content\\\/uploads\\\/2023\\\/07\\\/kidsplay-logo.png\",\"width\":451,\"height\":98,\"caption\":\"KidsPlay\"},\"image\":{\"@id\":\"https:\\\/\\\/kidsplay.lt\\\/#\\\/schema\\\/logo\\\/image\\\/\"},\"sameAs\":[\"https:\\\/\\\/www.facebook.com\\\/www.kidsplay.lt\"]}]}<\/script>\n<!-- \/ Yoast SEO plugin. -->","yoast_head_json":{"title":"Clementoni \u201eMechanics Laboratory\u201c \u2013 bekel\u0117s automobilio konstruktorius (8+)","description":"Clementoni \u201eMechanics Laboratory\u201c \u2013 bekel\u0117s automobilio konstruktorius (8+) - KidsPlay. Did\u017eiausias vaik\u0173 \u017eaisl\u0173 pasirinkimas.","robots":{"index":"index","follow":"follow","max-snippet":"max-snippet:-1","max-image-preview":"max-image-preview:large","max-video-preview":"max-video-preview:-1"},"canonical":"https:\/\/kidsplay.lt\/lv\/products\/clementoni-mechanics-laboratory-bekeles-automobilio-konstruktorius-8\/","og_locale":"lv_LV","og_type":"article","og_title":"Clementoni \u201eMechanics Laboratory\u201c \u2013 bekel\u0117s automobilio konstruktorius (8+)","og_description":"Clementoni \u201eMechanics Laboratory\u201c \u2013 bekel\u0117s automobilio konstruktorius (8+) - KidsPlay. Did\u017eiausias vaik\u0173 \u017eaisl\u0173 pasirinkimas.","og_url":"https:\/\/kidsplay.lt\/lv\/products\/clementoni-mechanics-laboratory-bekeles-automobilio-konstruktorius-8\/","og_site_name":"KidsPlay","article_publisher":"https:\/\/www.facebook.com\/www.kidsplay.lt","article_modified_time":"2026-04-10T05:45:53+00:00","og_image":[{"width":1000,"height":1000,"url":"https:\/\/kidsplay.lt\/wp-content\/uploads\/2026\/04\/Clementoni-\u201eMechanics-Laboratory-\u2013-bekeles-automobilio-konstruktorius-8.png","type":"image\/png"}],"twitter_card":"summary_large_image","twitter_misc":{"Est. reading time":"1 min\u016bte"},"schema":{"@context":"https:\/\/schema.org","@graph":[{"@type":"WebPage","@id":"https:\/\/kidsplay.lt\/produktas\/clementoni-mechanics-laboratory-bekeles-automobilio-konstruktorius-8\/","url":"https:\/\/kidsplay.lt\/produktas\/clementoni-mechanics-laboratory-bekeles-automobilio-konstruktorius-8\/","name":"Clementoni \u201eMechanics Laboratory\u201c \u2013 bekel\u0117s automobilio konstruktorius (8+)","isPartOf":{"@id":"https:\/\/kidsplay.lt\/#website"},"primaryImageOfPage":{"@id":"https:\/\/kidsplay.lt\/produktas\/clementoni-mechanics-laboratory-bekeles-automobilio-konstruktorius-8\/#primaryimage"},"image":{"@id":"https:\/\/kidsplay.lt\/produktas\/clementoni-mechanics-laboratory-bekeles-automobilio-konstruktorius-8\/#primaryimage"},"thumbnailUrl":"https:\/\/kidsplay.lt\/wp-content\/uploads\/2026\/04\/Clementoni-\u201eMechanics-Laboratory-\u2013-bekeles-automobilio-konstruktorius-8.png","datePublished":"2026-04-03T05:41:59+00:00","dateModified":"2026-04-10T05:45:53+00:00","description":"Clementoni \u201eMechanics Laboratory\u201c \u2013 bekel\u0117s automobilio konstruktorius (8+) - KidsPlay. Did\u017eiausias vaik\u0173 \u017eaisl\u0173 pasirinkimas.","breadcrumb":{"@id":"https:\/\/kidsplay.lt\/produktas\/clementoni-mechanics-laboratory-bekeles-automobilio-konstruktorius-8\/#breadcrumb"},"inLanguage":"lv-LV","potentialAction":[{"@type":"ReadAction","target":["https:\/\/kidsplay.lt\/produktas\/clementoni-mechanics-laboratory-bekeles-automobilio-konstruktorius-8\/"]}]},{"@type":"ImageObject","inLanguage":"lv-LV","@id":"https:\/\/kidsplay.lt\/produktas\/clementoni-mechanics-laboratory-bekeles-automobilio-konstruktorius-8\/#primaryimage","url":"https:\/\/kidsplay.lt\/wp-content\/uploads\/2026\/04\/Clementoni-\u201eMechanics-Laboratory-\u2013-bekeles-automobilio-konstruktorius-8.png","contentUrl":"https:\/\/kidsplay.lt\/wp-content\/uploads\/2026\/04\/Clementoni-\u201eMechanics-Laboratory-\u2013-bekeles-automobilio-konstruktorius-8.png","width":1000,"height":1000,"caption":"Clementoni \u201eMechanics Laboratory\u201c \u2013 bekel\u0117s automobilio konstruktorius (8+)"},{"@type":"BreadcrumbList","@id":"https:\/\/kidsplay.lt\/produktas\/clementoni-mechanics-laboratory-bekeles-automobilio-konstruktorius-8\/#breadcrumb","itemListElement":[{"@type":"ListItem","position":1,"name":"Pagrindinis","item":"https:\/\/kidsplay.lt\/"},{"@type":"ListItem","position":2,"name":"Parduotuv\u0117","item":"https:\/\/kidsplay.lt\/parduotuve\/"},{"@type":"ListItem","position":3,"name":"Clementoni \u201eMechanics Laboratory\u201c \u2013 bekel\u0117s automobilio konstruktorius (8+)"}]},{"@type":"WebSite","@id":"https:\/\/kidsplay.lt\/#website","url":"https:\/\/kidsplay.lt\/","name":"B\u0113rnu sp\u0113les.lv","description":"\u012evairios prek\u0117s vaikams","publisher":{"@id":"https:\/\/kidsplay.lt\/#organization"},"alternateName":"Kidsplay","potentialAction":[{"@type":"SearchAction","target":{"@type":"EntryPoint","urlTemplate":"https:\/\/kidsplay.lt\/?s={search_term_string}"},"query-input":{"@type":"PropertyValueSpecification","valueRequired":true,"valueName":"search_term_string"}}],"inLanguage":"lv-LV"},{"@type":"Organization","@id":"https:\/\/kidsplay.lt\/#organization","name":"B\u0113rnu sp\u0113le","url":"https:\/\/kidsplay.lt\/","logo":{"@type":"ImageObject","inLanguage":"lv-LV","@id":"https:\/\/kidsplay.lt\/#\/schema\/logo\/image\/","url":"https:\/\/kidsplay.lt\/wp-content\/uploads\/2023\/07\/kidsplay-logo.png","contentUrl":"https:\/\/kidsplay.lt\/wp-content\/uploads\/2023\/07\/kidsplay-logo.png","width":451,"height":98,"caption":"KidsPlay"},"image":{"@id":"https:\/\/kidsplay.lt\/#\/schema\/logo\/image\/"},"sameAs":["https:\/\/www.facebook.com\/www.kidsplay.lt"]}]}},"_links":{"self":[{"href":"https:\/\/kidsplay.lt\/lv\/wp-json\/wp\/v2\/product\/98936","targetHints":{"allow":["GET"]}}],"collection":[{"href":"https:\/\/kidsplay.lt\/lv\/wp-json\/wp\/v2\/product"}],"about":[{"href":"https:\/\/kidsplay.lt\/lv\/wp-json\/wp\/v2\/types\/product"}],"version-history":[{"count":1,"href":"https:\/\/kidsplay.lt\/lv\/wp-json\/wp\/v2\/product\/98936\/revisions"}],"predecessor-version":[{"id":98937,"href":"https:\/\/kidsplay.lt\/lv\/wp-json\/wp\/v2\/product\/98936\/revisions\/98937"}],"wp:featuredmedia":[{"embeddable":true,"href":"https:\/\/kidsplay.lt\/lv\/wp-json\/wp\/v2\/media\/98938"}],"wp:attachment":[{"href":"https:\/\/kidsplay.lt\/lv\/wp-json\/wp\/v2\/media?parent=98936"}],"wp:term":[{"taxonomy":"product_brand","embeddable":true,"href":"https:\/\/kidsplay.lt\/lv\/wp-json\/wp\/v2\/product_brand?post=98936"},{"taxonomy":"product_cat","embeddable":true,"href":"https:\/\/kidsplay.lt\/lv\/wp-json\/wp\/v2\/product_cat?post=98936"},{"taxonomy":"product_tag","embeddable":true,"href":"https:\/\/kidsplay.lt\/lv\/wp-json\/wp\/v2\/product_tag?post=98936"}],"curies":[{"name":"wp","href":"https:\/\/api.w.org\/{rel}","templated":true}]}}