{"id":98999,"date":"2026-04-03T08:43:29","date_gmt":"2026-04-03T05:43:29","guid":{"rendered":"https:\/\/kidsplay.lt\/produktas\/gts1155-vaikiskas-elektrinis-keturratis-6v-raudonas\/"},"modified":"2026-04-15T14:08:26","modified_gmt":"2026-04-15T11:08:26","slug":"gts1155-vaikiskas-elektrinis-keturratis-6v-raudonas","status":"publish","type":"product","link":"https:\/\/kidsplay.lt\/lv\/products\/gts1155-vaikiskas-elektrinis-keturratis-6v-raudonas\/","title":{"rendered":"GTS1155 b\u0113rnu elektriskais kvadracikls 6V - sarkans"},"content":{"rendered":"<p>GTS1155 ir viegls, kompakts un b\u0113rniem draudz\u012bgs elektriskais kvadracikls, kas ir lieliski piem\u0113rots pirmajiem brauk\u0161anas piedz\u012bvojumiem. Spilgti dzelten\u0101 kr\u0101sa, EVA gumijas rite\u0146i un viegli lietojam\u0101s vad\u012bbas ier\u012bces nodro\u0161ina dro\u0161u un jautru brauk\u0161anas pieredzi j\u016bsu b\u0113rnam.<\/p>\n<p>Kvadracikla \u0101trums ir 1,5\u20132 km\/h, t\u0101p\u0113c tas ir ide\u0101li piem\u0113rots mazajiem autovad\u012bt\u0101jiem. Autom\u0101tisk\u0101 bremz\u0113\u0161ana, atlai\u017eot g\u0101zes ped\u0101li, nodro\u0161ina papildu dro\u0161\u012bbu, un priek\u0161puses gaismas un m\u016bzikas panelis pie\u0161\u0137ir sp\u0113lei v\u0113l liel\u0101ku prieku.<\/p>\n<p>\u2b50 Galven\u0101s priek\u0161roc\u012bbas<\/p>\n<p> \tPiem\u0113rots mazajiem \u2013 dro\u0161s un viegli lietojams<br \/>\n \tEVA gumijas rite\u0146i \u2013 klusa un \u0113rta brauk\u0161ana<br \/>\n \tAutom\u0101tiska bremz\u0113\u0161ana, atlai\u017eot akseleratora ped\u0101li<br \/>\n \tPriek\u0161\u0113jie lukturi<br \/>\n \tM\u016bzikas panelis \u2013 papildu jautr\u012bba<br \/>\n \tViegls, kompakts, viegli transport\u0113jams<\/p>\n<p>\u2699\ufe0f Tehniskie dati<\/p>\n<p>Funkcija<br \/>\nNoz\u012bme<\/p>\n<p>Modelis<br \/>\nGTS1155<\/p>\n<p>Kr\u0101sa<br \/>\nSarkans<\/p>\n<p>Dzin\u0113js<br \/>\n1 \u00d7 35 W<\/p>\n<p>Akumulators<br \/>\n1 \u00d7 6 V 4,5 Ah<\/p>\n<p>Transportl\u012bdzek\u013ca izm\u0113ri<br \/>\n69 \u00d7 40 \u00d7 43,5 cm<\/p>\n<p>Svars<br \/>\n5 kg<\/p>\n<p>Maks. slodze<br \/>\n20 kg<\/p>\n<p>Maksim\u0101lais \u0101trums<br \/>\n1,5\u20132 km\/h<\/p>\n<p>Uzl\u0101des laiks<br \/>\n~8 stundas.<\/p>\n<p>Brauk\u0161anas laiks<br \/>\nl\u012bdz 1 stundai.<\/p>\n<p>Bremze<br \/>\nAutom\u0101tiski (atlai\u017eot akseleratora ped\u0101li)<\/p>\n<p>S\u0113deklis<br \/>\nPlastmasa<\/p>\n<p>Rite\u0146i<br \/>\nEVA<\/p>\n<p>T\u0101lvad\u012bbas pults<br \/>\nNeviens<\/p>\n<p>Durvis<br \/>\nNav atverams<\/p>\n<p>Dro\u0161\u012bbas jostas<br \/>\nNeviens<\/p>\n<p>Atsl\u0113gas<br \/>\nNeviens<\/p>\n<p>Apgaismojums<br \/>\nPriek\u0161\u0113jie lukturi<\/p>\n<p>Audio<br \/>\nM\u016bzikas panelis<\/p>\n<p>\ud83d\udce6 Inform\u0101cija par iepakojumu<\/p>\n<p> \tIepakojuma izm\u0113ri: 65 \u00d7 34 \u00d7 30 cm<br \/>\n \tIepakojuma svars: 6 kg<br \/>\n \tRa\u017eot\u0101js: LEAN CARS<br \/>\n \tMode\u013ca simbols: 19945<\/p>","protected":false},"excerpt":{"rendered":"<p>GTS1155 \u2013 tai lengvas, kompakti\u0161kas ir vaikams nuo ankstyvo am\u017eiaus pritaikytas elektrinis keturratis, puikiai tinkantis pirmiesiems va\u017eiavimo nuotykiams. Ry\u0161kiai geltona<\/p>","protected":false},"featured_media":99001,"template":"","meta":{"_acf_changed":false,"_glsr_average":0,"_glsr_ranking":0,"_glsr_reviews":0},"product_brand":[],"product_cat":[237,434],"product_tag":[],"class_list":{"0":"post-98999","1":"product","2":"type-product","3":"status-publish","4":"has-post-thumbnail","6":"product_cat-judejimo-priemones","7":"product_cat-keturraciai","8":"\"style=\"background-color: #2ecc711c;\"","10":"first","11":"instock","12":"purchasable","13":"product-type-simple"},"acf":[],"yoast_head":"<!-- This site is optimized with the Yoast SEO plugin v27.4 - https:\/\/yoast.com\/product\/yoast-seo-wordpress\/ -->\n<title>GTS1155 vaiki\u0161kas elektrinis keturratis 6V \u2013 raudonas<\/title>\n<meta name=\"description\" content=\"GTS1155 vaiki\u0161kas elektrinis keturratis 6V \u2013 raudonas - KidsPlay. Did\u017eiausias vaik\u0173 \u017eaisl\u0173 pasirinkimas.\" \/>\n<meta name=\"robots\" content=\"index, follow, max-snippet:-1, max-image-preview:large, max-video-preview:-1\" \/>\n<link rel=\"canonical\" href=\"https:\/\/kidsplay.lt\/lv\/products\/gts1155-vaikiskas-elektrinis-keturratis-6v-raudonas\/\" \/>\n<meta property=\"og:locale\" content=\"lv_LV\" \/>\n<meta property=\"og:type\" content=\"article\" \/>\n<meta property=\"og:title\" content=\"GTS1155 vaiki\u0161kas elektrinis keturratis 6V \u2013 raudonas\" \/>\n<meta property=\"og:description\" content=\"GTS1155 vaiki\u0161kas elektrinis keturratis 6V \u2013 raudonas - KidsPlay. Did\u017eiausias vaik\u0173 \u017eaisl\u0173 pasirinkimas.\" \/>\n<meta property=\"og:url\" content=\"https:\/\/kidsplay.lt\/lv\/products\/gts1155-vaikiskas-elektrinis-keturratis-6v-raudonas\/\" \/>\n<meta property=\"og:site_name\" content=\"KidsPlay\" \/>\n<meta property=\"article:publisher\" content=\"https:\/\/www.facebook.com\/www.kidsplay.lt\" \/>\n<meta property=\"article:modified_time\" content=\"2026-04-15T11:08:26+00:00\" \/>\n<meta property=\"og:image\" content=\"https:\/\/kidsplay.lt\/wp-content\/uploads\/2026\/04\/GTS1155-vaikiskas-elektrinis-keturratis-6V-\u2013-raudonas.jpg\" \/>\n\t<meta property=\"og:image:width\" content=\"1000\" \/>\n\t<meta property=\"og:image:height\" content=\"707\" \/>\n\t<meta property=\"og:image:type\" content=\"image\/jpeg\" \/>\n<meta name=\"twitter:card\" content=\"summary_large_image\" \/>\n<meta name=\"twitter:label1\" content=\"Est. reading time\" \/>\n\t<meta name=\"twitter:data1\" content=\"1 min\u016bte\" \/>\n<script type=\"application\/ld+json\" class=\"yoast-schema-graph\">{\"@context\":\"https:\\\/\\\/schema.org\",\"@graph\":[{\"@type\":\"WebPage\",\"@id\":\"https:\\\/\\\/kidsplay.lt\\\/produktas\\\/gts1155-vaikiskas-elektrinis-keturratis-6v-raudonas\\\/\",\"url\":\"https:\\\/\\\/kidsplay.lt\\\/produktas\\\/gts1155-vaikiskas-elektrinis-keturratis-6v-raudonas\\\/\",\"name\":\"GTS1155 vaiki\u0161kas elektrinis keturratis 6V \u2013 raudonas\",\"isPartOf\":{\"@id\":\"https:\\\/\\\/kidsplay.lt\\\/#website\"},\"primaryImageOfPage\":{\"@id\":\"https:\\\/\\\/kidsplay.lt\\\/produktas\\\/gts1155-vaikiskas-elektrinis-keturratis-6v-raudonas\\\/#primaryimage\"},\"image\":{\"@id\":\"https:\\\/\\\/kidsplay.lt\\\/produktas\\\/gts1155-vaikiskas-elektrinis-keturratis-6v-raudonas\\\/#primaryimage\"},\"thumbnailUrl\":\"https:\\\/\\\/kidsplay.lt\\\/wp-content\\\/uploads\\\/2026\\\/04\\\/GTS1155-vaikiskas-elektrinis-keturratis-6V-\u2013-raudonas.jpg\",\"datePublished\":\"2026-04-03T05:43:29+00:00\",\"dateModified\":\"2026-04-15T11:08:26+00:00\",\"description\":\"GTS1155 vaiki\u0161kas elektrinis keturratis 6V \u2013 raudonas - KidsPlay. Did\u017eiausias vaik\u0173 \u017eaisl\u0173 pasirinkimas.\",\"breadcrumb\":{\"@id\":\"https:\\\/\\\/kidsplay.lt\\\/produktas\\\/gts1155-vaikiskas-elektrinis-keturratis-6v-raudonas\\\/#breadcrumb\"},\"inLanguage\":\"lv-LV\",\"potentialAction\":[{\"@type\":\"ReadAction\",\"target\":[\"https:\\\/\\\/kidsplay.lt\\\/produktas\\\/gts1155-vaikiskas-elektrinis-keturratis-6v-raudonas\\\/\"]}]},{\"@type\":\"ImageObject\",\"inLanguage\":\"lv-LV\",\"@id\":\"https:\\\/\\\/kidsplay.lt\\\/produktas\\\/gts1155-vaikiskas-elektrinis-keturratis-6v-raudonas\\\/#primaryimage\",\"url\":\"https:\\\/\\\/kidsplay.lt\\\/wp-content\\\/uploads\\\/2026\\\/04\\\/GTS1155-vaikiskas-elektrinis-keturratis-6V-\u2013-raudonas.jpg\",\"contentUrl\":\"https:\\\/\\\/kidsplay.lt\\\/wp-content\\\/uploads\\\/2026\\\/04\\\/GTS1155-vaikiskas-elektrinis-keturratis-6V-\u2013-raudonas.jpg\",\"width\":1000,\"height\":707,\"caption\":\"GTS1155 vaiki\u0161kas elektrinis keturratis 6V \u2013 raudonas\"},{\"@type\":\"BreadcrumbList\",\"@id\":\"https:\\\/\\\/kidsplay.lt\\\/produktas\\\/gts1155-vaikiskas-elektrinis-keturratis-6v-raudonas\\\/#breadcrumb\",\"itemListElement\":[{\"@type\":\"ListItem\",\"position\":1,\"name\":\"Pagrindinis\",\"item\":\"https:\\\/\\\/kidsplay.lt\\\/\"},{\"@type\":\"ListItem\",\"position\":2,\"name\":\"Parduotuv\u0117\",\"item\":\"https:\\\/\\\/kidsplay.lt\\\/parduotuve\\\/\"},{\"@type\":\"ListItem\",\"position\":3,\"name\":\"GTS1155 vaiki\u0161kas elektrinis keturratis 6V \u2013 raudonas\"}]},{\"@type\":\"WebSite\",\"@id\":\"https:\\\/\\\/kidsplay.lt\\\/#website\",\"url\":\"https:\\\/\\\/kidsplay.lt\\\/\",\"name\":\"Kidsplay.lt\",\"description\":\"\u012evairios prek\u0117s vaikams\",\"publisher\":{\"@id\":\"https:\\\/\\\/kidsplay.lt\\\/#organization\"},\"alternateName\":\"Kidsplay\",\"potentialAction\":[{\"@type\":\"SearchAction\",\"target\":{\"@type\":\"EntryPoint\",\"urlTemplate\":\"https:\\\/\\\/kidsplay.lt\\\/?s={search_term_string}\"},\"query-input\":{\"@type\":\"PropertyValueSpecification\",\"valueRequired\":true,\"valueName\":\"search_term_string\"}}],\"inLanguage\":\"lv-LV\"},{\"@type\":\"Organization\",\"@id\":\"https:\\\/\\\/kidsplay.lt\\\/#organization\",\"name\":\"KidsPlay\",\"url\":\"https:\\\/\\\/kidsplay.lt\\\/\",\"logo\":{\"@type\":\"ImageObject\",\"inLanguage\":\"lv-LV\",\"@id\":\"https:\\\/\\\/kidsplay.lt\\\/#\\\/schema\\\/logo\\\/image\\\/\",\"url\":\"https:\\\/\\\/kidsplay.lt\\\/wp-content\\\/uploads\\\/2023\\\/07\\\/kidsplay-logo.png\",\"contentUrl\":\"https:\\\/\\\/kidsplay.lt\\\/wp-content\\\/uploads\\\/2023\\\/07\\\/kidsplay-logo.png\",\"width\":451,\"height\":98,\"caption\":\"KidsPlay\"},\"image\":{\"@id\":\"https:\\\/\\\/kidsplay.lt\\\/#\\\/schema\\\/logo\\\/image\\\/\"},\"sameAs\":[\"https:\\\/\\\/www.facebook.com\\\/www.kidsplay.lt\"]}]}<\/script>\n<!-- \/ Yoast SEO plugin. -->","yoast_head_json":{"title":"GTS1155 b\u0113rnu elektriskais kvadracikls 6V - sarkans","description":"GTS1155 vaiki\u0161kas elektrinis keturratis 6V \u2013 raudonas - KidsPlay. Did\u017eiausias vaik\u0173 \u017eaisl\u0173 pasirinkimas.","robots":{"index":"index","follow":"follow","max-snippet":"max-snippet:-1","max-image-preview":"max-image-preview:large","max-video-preview":"max-video-preview:-1"},"canonical":"https:\/\/kidsplay.lt\/lv\/products\/gts1155-vaikiskas-elektrinis-keturratis-6v-raudonas\/","og_locale":"lv_LV","og_type":"article","og_title":"GTS1155 vaiki\u0161kas elektrinis keturratis 6V \u2013 raudonas","og_description":"GTS1155 vaiki\u0161kas elektrinis keturratis 6V \u2013 raudonas - KidsPlay. Did\u017eiausias vaik\u0173 \u017eaisl\u0173 pasirinkimas.","og_url":"https:\/\/kidsplay.lt\/lv\/products\/gts1155-vaikiskas-elektrinis-keturratis-6v-raudonas\/","og_site_name":"KidsPlay","article_publisher":"https:\/\/www.facebook.com\/www.kidsplay.lt","article_modified_time":"2026-04-15T11:08:26+00:00","og_image":[{"width":1000,"height":707,"url":"https:\/\/kidsplay.lt\/wp-content\/uploads\/2026\/04\/GTS1155-vaikiskas-elektrinis-keturratis-6V-\u2013-raudonas.jpg","type":"image\/jpeg"}],"twitter_card":"summary_large_image","twitter_misc":{"Est. reading time":"1 min\u016bte"},"schema":{"@context":"https:\/\/schema.org","@graph":[{"@type":"WebPage","@id":"https:\/\/kidsplay.lt\/produktas\/gts1155-vaikiskas-elektrinis-keturratis-6v-raudonas\/","url":"https:\/\/kidsplay.lt\/produktas\/gts1155-vaikiskas-elektrinis-keturratis-6v-raudonas\/","name":"GTS1155 b\u0113rnu elektriskais kvadracikls 6V - sarkans","isPartOf":{"@id":"https:\/\/kidsplay.lt\/#website"},"primaryImageOfPage":{"@id":"https:\/\/kidsplay.lt\/produktas\/gts1155-vaikiskas-elektrinis-keturratis-6v-raudonas\/#primaryimage"},"image":{"@id":"https:\/\/kidsplay.lt\/produktas\/gts1155-vaikiskas-elektrinis-keturratis-6v-raudonas\/#primaryimage"},"thumbnailUrl":"https:\/\/kidsplay.lt\/wp-content\/uploads\/2026\/04\/GTS1155-vaikiskas-elektrinis-keturratis-6V-\u2013-raudonas.jpg","datePublished":"2026-04-03T05:43:29+00:00","dateModified":"2026-04-15T11:08:26+00:00","description":"GTS1155 vaiki\u0161kas elektrinis keturratis 6V \u2013 raudonas - KidsPlay. Did\u017eiausias vaik\u0173 \u017eaisl\u0173 pasirinkimas.","breadcrumb":{"@id":"https:\/\/kidsplay.lt\/produktas\/gts1155-vaikiskas-elektrinis-keturratis-6v-raudonas\/#breadcrumb"},"inLanguage":"lv-LV","potentialAction":[{"@type":"ReadAction","target":["https:\/\/kidsplay.lt\/produktas\/gts1155-vaikiskas-elektrinis-keturratis-6v-raudonas\/"]}]},{"@type":"ImageObject","inLanguage":"lv-LV","@id":"https:\/\/kidsplay.lt\/produktas\/gts1155-vaikiskas-elektrinis-keturratis-6v-raudonas\/#primaryimage","url":"https:\/\/kidsplay.lt\/wp-content\/uploads\/2026\/04\/GTS1155-vaikiskas-elektrinis-keturratis-6V-\u2013-raudonas.jpg","contentUrl":"https:\/\/kidsplay.lt\/wp-content\/uploads\/2026\/04\/GTS1155-vaikiskas-elektrinis-keturratis-6V-\u2013-raudonas.jpg","width":1000,"height":707,"caption":"GTS1155 vaiki\u0161kas elektrinis keturratis 6V \u2013 raudonas"},{"@type":"BreadcrumbList","@id":"https:\/\/kidsplay.lt\/produktas\/gts1155-vaikiskas-elektrinis-keturratis-6v-raudonas\/#breadcrumb","itemListElement":[{"@type":"ListItem","position":1,"name":"Pagrindinis","item":"https:\/\/kidsplay.lt\/"},{"@type":"ListItem","position":2,"name":"Parduotuv\u0117","item":"https:\/\/kidsplay.lt\/parduotuve\/"},{"@type":"ListItem","position":3,"name":"GTS1155 vaiki\u0161kas elektrinis keturratis 6V \u2013 raudonas"}]},{"@type":"WebSite","@id":"https:\/\/kidsplay.lt\/#website","url":"https:\/\/kidsplay.lt\/","name":"B\u0113rnu sp\u0113les.lv","description":"\u012evairios prek\u0117s vaikams","publisher":{"@id":"https:\/\/kidsplay.lt\/#organization"},"alternateName":"Kidsplay","potentialAction":[{"@type":"SearchAction","target":{"@type":"EntryPoint","urlTemplate":"https:\/\/kidsplay.lt\/?s={search_term_string}"},"query-input":{"@type":"PropertyValueSpecification","valueRequired":true,"valueName":"search_term_string"}}],"inLanguage":"lv-LV"},{"@type":"Organization","@id":"https:\/\/kidsplay.lt\/#organization","name":"B\u0113rnu sp\u0113le","url":"https:\/\/kidsplay.lt\/","logo":{"@type":"ImageObject","inLanguage":"lv-LV","@id":"https:\/\/kidsplay.lt\/#\/schema\/logo\/image\/","url":"https:\/\/kidsplay.lt\/wp-content\/uploads\/2023\/07\/kidsplay-logo.png","contentUrl":"https:\/\/kidsplay.lt\/wp-content\/uploads\/2023\/07\/kidsplay-logo.png","width":451,"height":98,"caption":"KidsPlay"},"image":{"@id":"https:\/\/kidsplay.lt\/#\/schema\/logo\/image\/"},"sameAs":["https:\/\/www.facebook.com\/www.kidsplay.lt"]}]}},"_links":{"self":[{"href":"https:\/\/kidsplay.lt\/lv\/wp-json\/wp\/v2\/product\/98999","targetHints":{"allow":["GET"]}}],"collection":[{"href":"https:\/\/kidsplay.lt\/lv\/wp-json\/wp\/v2\/product"}],"about":[{"href":"https:\/\/kidsplay.lt\/lv\/wp-json\/wp\/v2\/types\/product"}],"version-history":[{"count":1,"href":"https:\/\/kidsplay.lt\/lv\/wp-json\/wp\/v2\/product\/98999\/revisions"}],"predecessor-version":[{"id":99000,"href":"https:\/\/kidsplay.lt\/lv\/wp-json\/wp\/v2\/product\/98999\/revisions\/99000"}],"wp:featuredmedia":[{"embeddable":true,"href":"https:\/\/kidsplay.lt\/lv\/wp-json\/wp\/v2\/media\/99001"}],"wp:attachment":[{"href":"https:\/\/kidsplay.lt\/lv\/wp-json\/wp\/v2\/media?parent=98999"}],"wp:term":[{"taxonomy":"product_brand","embeddable":true,"href":"https:\/\/kidsplay.lt\/lv\/wp-json\/wp\/v2\/product_brand?post=98999"},{"taxonomy":"product_cat","embeddable":true,"href":"https:\/\/kidsplay.lt\/lv\/wp-json\/wp\/v2\/product_cat?post=98999"},{"taxonomy":"product_tag","embeddable":true,"href":"https:\/\/kidsplay.lt\/lv\/wp-json\/wp\/v2\/product_tag?post=98999"}],"curies":[{"name":"wp","href":"https:\/\/api.w.org\/{rel}","templated":true}]}}