{"id":99388,"date":"2026-04-04T07:54:54","date_gmt":"2026-04-04T04:54:54","guid":{"rendered":"https:\/\/kidsplay.lt\/produktas\/viga-medinis-pavasarinis-arbatos-servizas-15-daliu\/"},"modified":"2026-04-07T09:25:38","modified_gmt":"2026-04-07T06:25:38","slug":"viga-medinis-pavasarinis-arbatos-servizas-15-daliu","status":"publish","type":"product","link":"https:\/\/kidsplay.lt\/lv\/products\/viga-medinis-pavasarinis-arbatos-servizas-15-daliu\/","title":{"rendered":"VIGA koka avota t\u0113jas serv\u012bze \u2013 15 da\u013cas"},"content":{"rendered":"<p>Pakvieskite draugus \u012f popietin\u0119 arbat\u0117l\u0119 su nuostabiu VIGA mediniu arbatos servizu, kuris d\u017eiugina skandinavi\u0161ku dizainu ir d\u0117mesiu detal\u0117ms! \u0160is 15 dali\u0173 rinkinys leis j\u016bs\u0173 vaikui tapti modeli\u0161ku \u0161eimininku, patiekti skanius g\u0117rimus ir sausainius ant eleganti\u0161ko, apvalaus pad\u0117klo. Pastelin\u0117s spalvos su citrinos motyvu ir lygios, saugios kra\u0161tin\u0117s daro \u017eaisl\u0105 ne tik puo\u0161mena kambariui, bet ir saugiu \u012frankiu vaizduotei lavinti. D\u0117l realisti\u0161k\u0173 pried\u0173 vaikas i\u0161moks ger\u0173 manier\u0173, socialini\u0173 vaidmen\u0173 \u017eaidimo ir dalijimosi su kitais men\u0105, smagiai leid\u017eiant laik\u0105 kartu. Tai puiki dovana ikimokyklinukui \u2013 derina klasikin\u012f nam\u0173 \u017eaidim\u0105 su smulki\u0173 rank\u0173 lavinimu k\u016brybingoje ir \u017eaismingoje aplinkoje.<br \/>\nCharakteristika:<\/p>\n<p> \tVisi elementai pagaminti i\u0161 auk\u0161tos kokyb\u0117s med\u017eio ir nuda\u017eyti netoksi\u0161kais da\u017eais<br \/>\n \t\u017daislas vaikams nuo 3 met\u0173<br \/>\n \tUnikalus apvalus pad\u0117klas palengvina viso rinkinio ne\u0161im\u0105, mokant vaiko pusiausvyros ir koordinacijos<br \/>\n \tSubtilios pastelin\u0117s spalvos (dulk\u0117ta \u017ealia, nat\u016brali mediena, balta) su citrinos motyvu \u2013 atitinka naujausias ekologi\u0161k\u0173 \u017eaisl\u0173 tendencijas<\/p>\n<p>Komplekta saturs:<\/p>\n<p> \tDidelis pad\u0117klas vai\u0161\u0117ms<br \/>\n \tArbatinukas su atidaromu dangteliu ir patogia rankena<br \/>\n \tCukrin\u0117 su dangteliu<br \/>\n \tPuodeliai su l\u0117k\u0161tut\u0117mis (2 komplektai)<br \/>\n \t\u0160auk\u0161teliai (2 vnt.)<br \/>\n \tDesertin\u0117 l\u0117k\u0161tut\u0117 saldumynams<br \/>\n \tMediniai sausainiai ir priedai (\u012fskaitant citrinos grie\u017ein\u0117lius) \u2013 \u012fvairina \u017eaidim\u0105<\/p>","protected":false},"excerpt":{"rendered":"<p>Pakvieskite draugus \u012f popietin\u0119 arbat\u0117l\u0119 su nuostabiu VIGA mediniu arbatos servizu, kuris d\u017eiugina skandinavi\u0161ku dizainu ir d\u0117mesiu detal\u0117ms! \u0160is 15<\/p>","protected":false},"featured_media":99390,"template":"","meta":{"_acf_changed":false,"_glsr_average":0,"_glsr_ranking":0,"_glsr_reviews":0},"product_brand":[],"product_cat":[399,229],"product_tag":[],"class_list":{"0":"post-99388","1":"product","2":"type-product","3":"status-publish","4":"has-post-thumbnail","6":"product_cat-vaidmenu-zaidimai-2","7":"product_cat-zaislai-vaikams","8":"\"style=\"background-color: #2ecc711c;\"","10":"first","11":"instock","12":"purchasable","13":"product-type-simple"},"acf":[],"yoast_head":"<!-- This site is optimized with the Yoast SEO plugin v27.3 - https:\/\/yoast.com\/product\/yoast-seo-wordpress\/ -->\n<title>VIGA medinis pavasarinis arbatos servizas \u2013 15 dali\u0173<\/title>\n<meta name=\"description\" content=\"VIGA medinis pavasarinis arbatos servizas \u2013 15 dali\u0173 - KidsPlay. Did\u017eiausias vaik\u0173 \u017eaisl\u0173 pasirinkimas.\" \/>\n<meta name=\"robots\" content=\"index, follow, max-snippet:-1, max-image-preview:large, max-video-preview:-1\" \/>\n<link rel=\"canonical\" href=\"https:\/\/kidsplay.lt\/lv\/products\/viga-medinis-pavasarinis-arbatos-servizas-15-daliu\/\" \/>\n<meta property=\"og:locale\" content=\"lv_LV\" \/>\n<meta property=\"og:type\" content=\"article\" \/>\n<meta property=\"og:title\" content=\"VIGA medinis pavasarinis arbatos servizas \u2013 15 dali\u0173\" \/>\n<meta property=\"og:description\" content=\"VIGA medinis pavasarinis arbatos servizas \u2013 15 dali\u0173 - KidsPlay. Did\u017eiausias vaik\u0173 \u017eaisl\u0173 pasirinkimas.\" \/>\n<meta property=\"og:url\" content=\"https:\/\/kidsplay.lt\/lv\/products\/viga-medinis-pavasarinis-arbatos-servizas-15-daliu\/\" \/>\n<meta property=\"og:site_name\" content=\"KidsPlay\" \/>\n<meta property=\"article:publisher\" content=\"https:\/\/www.facebook.com\/www.kidsplay.lt\" \/>\n<meta property=\"article:modified_time\" content=\"2026-04-07T06:25:38+00:00\" \/>\n<meta property=\"og:image\" content=\"https:\/\/kidsplay.lt\/wp-content\/uploads\/2026\/04\/VIGA-medinis-pavasarinis-arbatos-servizas-\u2013-15-daliu.jpg\" \/>\n\t<meta property=\"og:image:width\" content=\"1000\" \/>\n\t<meta property=\"og:image:height\" content=\"1000\" \/>\n\t<meta property=\"og:image:type\" content=\"image\/jpeg\" \/>\n<meta name=\"twitter:card\" content=\"summary_large_image\" \/>\n<meta name=\"twitter:label1\" content=\"Est. reading time\" \/>\n\t<meta name=\"twitter:data1\" content=\"1 min\u016bte\" \/>\n<script type=\"application\/ld+json\" class=\"yoast-schema-graph\">{\"@context\":\"https:\\\/\\\/schema.org\",\"@graph\":[{\"@type\":\"WebPage\",\"@id\":\"https:\\\/\\\/kidsplay.lt\\\/produktas\\\/viga-medinis-pavasarinis-arbatos-servizas-15-daliu\\\/\",\"url\":\"https:\\\/\\\/kidsplay.lt\\\/produktas\\\/viga-medinis-pavasarinis-arbatos-servizas-15-daliu\\\/\",\"name\":\"VIGA medinis pavasarinis arbatos servizas \u2013 15 dali\u0173\",\"isPartOf\":{\"@id\":\"https:\\\/\\\/kidsplay.lt\\\/#website\"},\"primaryImageOfPage\":{\"@id\":\"https:\\\/\\\/kidsplay.lt\\\/produktas\\\/viga-medinis-pavasarinis-arbatos-servizas-15-daliu\\\/#primaryimage\"},\"image\":{\"@id\":\"https:\\\/\\\/kidsplay.lt\\\/produktas\\\/viga-medinis-pavasarinis-arbatos-servizas-15-daliu\\\/#primaryimage\"},\"thumbnailUrl\":\"https:\\\/\\\/kidsplay.lt\\\/wp-content\\\/uploads\\\/2026\\\/04\\\/VIGA-medinis-pavasarinis-arbatos-servizas-\u2013-15-daliu.jpg\",\"datePublished\":\"2026-04-04T04:54:54+00:00\",\"dateModified\":\"2026-04-07T06:25:38+00:00\",\"description\":\"VIGA medinis pavasarinis arbatos servizas \u2013 15 dali\u0173 - KidsPlay. Did\u017eiausias vaik\u0173 \u017eaisl\u0173 pasirinkimas.\",\"breadcrumb\":{\"@id\":\"https:\\\/\\\/kidsplay.lt\\\/produktas\\\/viga-medinis-pavasarinis-arbatos-servizas-15-daliu\\\/#breadcrumb\"},\"inLanguage\":\"lv-LV\",\"potentialAction\":[{\"@type\":\"ReadAction\",\"target\":[\"https:\\\/\\\/kidsplay.lt\\\/produktas\\\/viga-medinis-pavasarinis-arbatos-servizas-15-daliu\\\/\"]}]},{\"@type\":\"ImageObject\",\"inLanguage\":\"lv-LV\",\"@id\":\"https:\\\/\\\/kidsplay.lt\\\/produktas\\\/viga-medinis-pavasarinis-arbatos-servizas-15-daliu\\\/#primaryimage\",\"url\":\"https:\\\/\\\/kidsplay.lt\\\/wp-content\\\/uploads\\\/2026\\\/04\\\/VIGA-medinis-pavasarinis-arbatos-servizas-\u2013-15-daliu.jpg\",\"contentUrl\":\"https:\\\/\\\/kidsplay.lt\\\/wp-content\\\/uploads\\\/2026\\\/04\\\/VIGA-medinis-pavasarinis-arbatos-servizas-\u2013-15-daliu.jpg\",\"width\":1000,\"height\":1000,\"caption\":\"VIGA medinis pavasarinis arbatos servizas \u2013 15 dali\u0173\"},{\"@type\":\"BreadcrumbList\",\"@id\":\"https:\\\/\\\/kidsplay.lt\\\/produktas\\\/viga-medinis-pavasarinis-arbatos-servizas-15-daliu\\\/#breadcrumb\",\"itemListElement\":[{\"@type\":\"ListItem\",\"position\":1,\"name\":\"Pagrindinis\",\"item\":\"https:\\\/\\\/kidsplay.lt\\\/\"},{\"@type\":\"ListItem\",\"position\":2,\"name\":\"Parduotuv\u0117\",\"item\":\"https:\\\/\\\/kidsplay.lt\\\/parduotuve\\\/\"},{\"@type\":\"ListItem\",\"position\":3,\"name\":\"VIGA medinis pavasarinis arbatos servizas \u2013 15 dali\u0173\"}]},{\"@type\":\"WebSite\",\"@id\":\"https:\\\/\\\/kidsplay.lt\\\/#website\",\"url\":\"https:\\\/\\\/kidsplay.lt\\\/\",\"name\":\"Kidsplay.lt\",\"description\":\"\u012evairios prek\u0117s vaikams\",\"publisher\":{\"@id\":\"https:\\\/\\\/kidsplay.lt\\\/#organization\"},\"alternateName\":\"Kidsplay\",\"potentialAction\":[{\"@type\":\"SearchAction\",\"target\":{\"@type\":\"EntryPoint\",\"urlTemplate\":\"https:\\\/\\\/kidsplay.lt\\\/?s={search_term_string}\"},\"query-input\":{\"@type\":\"PropertyValueSpecification\",\"valueRequired\":true,\"valueName\":\"search_term_string\"}}],\"inLanguage\":\"lv-LV\"},{\"@type\":\"Organization\",\"@id\":\"https:\\\/\\\/kidsplay.lt\\\/#organization\",\"name\":\"KidsPlay\",\"url\":\"https:\\\/\\\/kidsplay.lt\\\/\",\"logo\":{\"@type\":\"ImageObject\",\"inLanguage\":\"lv-LV\",\"@id\":\"https:\\\/\\\/kidsplay.lt\\\/#\\\/schema\\\/logo\\\/image\\\/\",\"url\":\"https:\\\/\\\/kidsplay.lt\\\/wp-content\\\/uploads\\\/2023\\\/07\\\/kidsplay-logo.png\",\"contentUrl\":\"https:\\\/\\\/kidsplay.lt\\\/wp-content\\\/uploads\\\/2023\\\/07\\\/kidsplay-logo.png\",\"width\":451,\"height\":98,\"caption\":\"KidsPlay\"},\"image\":{\"@id\":\"https:\\\/\\\/kidsplay.lt\\\/#\\\/schema\\\/logo\\\/image\\\/\"},\"sameAs\":[\"https:\\\/\\\/www.facebook.com\\\/www.kidsplay.lt\"]}]}<\/script>\n<!-- \/ Yoast SEO plugin. -->","yoast_head_json":{"title":"VIGA koka avota t\u0113jas serv\u012bze \u2013 15 da\u013cas","description":"VIGA medinis pavasarinis arbatos servizas \u2013 15 dali\u0173 - KidsPlay. Did\u017eiausias vaik\u0173 \u017eaisl\u0173 pasirinkimas.","robots":{"index":"index","follow":"follow","max-snippet":"max-snippet:-1","max-image-preview":"max-image-preview:large","max-video-preview":"max-video-preview:-1"},"canonical":"https:\/\/kidsplay.lt\/lv\/products\/viga-medinis-pavasarinis-arbatos-servizas-15-daliu\/","og_locale":"lv_LV","og_type":"article","og_title":"VIGA medinis pavasarinis arbatos servizas \u2013 15 dali\u0173","og_description":"VIGA medinis pavasarinis arbatos servizas \u2013 15 dali\u0173 - KidsPlay. Did\u017eiausias vaik\u0173 \u017eaisl\u0173 pasirinkimas.","og_url":"https:\/\/kidsplay.lt\/lv\/products\/viga-medinis-pavasarinis-arbatos-servizas-15-daliu\/","og_site_name":"KidsPlay","article_publisher":"https:\/\/www.facebook.com\/www.kidsplay.lt","article_modified_time":"2026-04-07T06:25:38+00:00","og_image":[{"width":1000,"height":1000,"url":"https:\/\/kidsplay.lt\/wp-content\/uploads\/2026\/04\/VIGA-medinis-pavasarinis-arbatos-servizas-\u2013-15-daliu.jpg","type":"image\/jpeg"}],"twitter_card":"summary_large_image","twitter_misc":{"Est. reading time":"1 min\u016bte"},"schema":{"@context":"https:\/\/schema.org","@graph":[{"@type":"WebPage","@id":"https:\/\/kidsplay.lt\/produktas\/viga-medinis-pavasarinis-arbatos-servizas-15-daliu\/","url":"https:\/\/kidsplay.lt\/produktas\/viga-medinis-pavasarinis-arbatos-servizas-15-daliu\/","name":"VIGA koka avota t\u0113jas serv\u012bze \u2013 15 da\u013cas","isPartOf":{"@id":"https:\/\/kidsplay.lt\/#website"},"primaryImageOfPage":{"@id":"https:\/\/kidsplay.lt\/produktas\/viga-medinis-pavasarinis-arbatos-servizas-15-daliu\/#primaryimage"},"image":{"@id":"https:\/\/kidsplay.lt\/produktas\/viga-medinis-pavasarinis-arbatos-servizas-15-daliu\/#primaryimage"},"thumbnailUrl":"https:\/\/kidsplay.lt\/wp-content\/uploads\/2026\/04\/VIGA-medinis-pavasarinis-arbatos-servizas-\u2013-15-daliu.jpg","datePublished":"2026-04-04T04:54:54+00:00","dateModified":"2026-04-07T06:25:38+00:00","description":"VIGA medinis pavasarinis arbatos servizas \u2013 15 dali\u0173 - KidsPlay. Did\u017eiausias vaik\u0173 \u017eaisl\u0173 pasirinkimas.","breadcrumb":{"@id":"https:\/\/kidsplay.lt\/produktas\/viga-medinis-pavasarinis-arbatos-servizas-15-daliu\/#breadcrumb"},"inLanguage":"lv-LV","potentialAction":[{"@type":"ReadAction","target":["https:\/\/kidsplay.lt\/produktas\/viga-medinis-pavasarinis-arbatos-servizas-15-daliu\/"]}]},{"@type":"ImageObject","inLanguage":"lv-LV","@id":"https:\/\/kidsplay.lt\/produktas\/viga-medinis-pavasarinis-arbatos-servizas-15-daliu\/#primaryimage","url":"https:\/\/kidsplay.lt\/wp-content\/uploads\/2026\/04\/VIGA-medinis-pavasarinis-arbatos-servizas-\u2013-15-daliu.jpg","contentUrl":"https:\/\/kidsplay.lt\/wp-content\/uploads\/2026\/04\/VIGA-medinis-pavasarinis-arbatos-servizas-\u2013-15-daliu.jpg","width":1000,"height":1000,"caption":"VIGA medinis pavasarinis arbatos servizas \u2013 15 dali\u0173"},{"@type":"BreadcrumbList","@id":"https:\/\/kidsplay.lt\/produktas\/viga-medinis-pavasarinis-arbatos-servizas-15-daliu\/#breadcrumb","itemListElement":[{"@type":"ListItem","position":1,"name":"Pagrindinis","item":"https:\/\/kidsplay.lt\/"},{"@type":"ListItem","position":2,"name":"Parduotuv\u0117","item":"https:\/\/kidsplay.lt\/parduotuve\/"},{"@type":"ListItem","position":3,"name":"VIGA medinis pavasarinis arbatos servizas \u2013 15 dali\u0173"}]},{"@type":"WebSite","@id":"https:\/\/kidsplay.lt\/#website","url":"https:\/\/kidsplay.lt\/","name":"B\u0113rnu sp\u0113les.lv","description":"\u012evairios prek\u0117s vaikams","publisher":{"@id":"https:\/\/kidsplay.lt\/#organization"},"alternateName":"Kidsplay","potentialAction":[{"@type":"SearchAction","target":{"@type":"EntryPoint","urlTemplate":"https:\/\/kidsplay.lt\/?s={search_term_string}"},"query-input":{"@type":"PropertyValueSpecification","valueRequired":true,"valueName":"search_term_string"}}],"inLanguage":"lv-LV"},{"@type":"Organization","@id":"https:\/\/kidsplay.lt\/#organization","name":"B\u0113rnu sp\u0113le","url":"https:\/\/kidsplay.lt\/","logo":{"@type":"ImageObject","inLanguage":"lv-LV","@id":"https:\/\/kidsplay.lt\/#\/schema\/logo\/image\/","url":"https:\/\/kidsplay.lt\/wp-content\/uploads\/2023\/07\/kidsplay-logo.png","contentUrl":"https:\/\/kidsplay.lt\/wp-content\/uploads\/2023\/07\/kidsplay-logo.png","width":451,"height":98,"caption":"KidsPlay"},"image":{"@id":"https:\/\/kidsplay.lt\/#\/schema\/logo\/image\/"},"sameAs":["https:\/\/www.facebook.com\/www.kidsplay.lt"]}]}},"_links":{"self":[{"href":"https:\/\/kidsplay.lt\/lv\/wp-json\/wp\/v2\/product\/99388","targetHints":{"allow":["GET"]}}],"collection":[{"href":"https:\/\/kidsplay.lt\/lv\/wp-json\/wp\/v2\/product"}],"about":[{"href":"https:\/\/kidsplay.lt\/lv\/wp-json\/wp\/v2\/types\/product"}],"version-history":[{"count":1,"href":"https:\/\/kidsplay.lt\/lv\/wp-json\/wp\/v2\/product\/99388\/revisions"}],"predecessor-version":[{"id":99389,"href":"https:\/\/kidsplay.lt\/lv\/wp-json\/wp\/v2\/product\/99388\/revisions\/99389"}],"wp:featuredmedia":[{"embeddable":true,"href":"https:\/\/kidsplay.lt\/lv\/wp-json\/wp\/v2\/media\/99390"}],"wp:attachment":[{"href":"https:\/\/kidsplay.lt\/lv\/wp-json\/wp\/v2\/media?parent=99388"}],"wp:term":[{"taxonomy":"product_brand","embeddable":true,"href":"https:\/\/kidsplay.lt\/lv\/wp-json\/wp\/v2\/product_brand?post=99388"},{"taxonomy":"product_cat","embeddable":true,"href":"https:\/\/kidsplay.lt\/lv\/wp-json\/wp\/v2\/product_cat?post=99388"},{"taxonomy":"product_tag","embeddable":true,"href":"https:\/\/kidsplay.lt\/lv\/wp-json\/wp\/v2\/product_tag?post=99388"}],"curies":[{"name":"wp","href":"https:\/\/api.w.org\/{rel}","templated":true}]}}