{"id":99395,"date":"2026-04-04T07:55:13","date_gmt":"2026-04-04T04:55:13","guid":{"rendered":"https:\/\/kidsplay.lt\/produktas\/viga-mesos-pjaustymo-rinkinys-realistiskas-zaidimas-virtuveje\/"},"modified":"2026-04-18T18:30:22","modified_gmt":"2026-04-18T15:30:22","slug":"viga-mesos-pjaustymo-rinkinys-realistiskas-zaidimas-virtuveje","status":"publish","type":"product","link":"https:\/\/kidsplay.lt\/lv\/products\/viga-mesos-pjaustymo-rinkinys-realistiskas-zaidimas-virtuveje\/","title":{"rendered":"VIGA ga\u013cas grie\u0161anas komplekts \u2013 re\u0101listiska virtuves rota\u013clieta"},"content":{"rendered":"<p>Atraskite rinkin\u012f, kuris leis j\u016bs\u0173 vaikui jaustis kaip tikram ma\u017eajam \u0161efui! M\u0117sos pjaustymas \u2013 puikus \u017eaidimas maisto ruo\u0161imui, puikiai papildantis kitus virtuv\u0117s \u017eaislus. Elementai sujungti Velcro lipdukais, tod\u0117l juos galima begal\u0119 kart\u0173 pjaustyti ir v\u0117l sujungti. Tai padeda lavinti smulki\u0105j\u0105 motorik\u0105, ugdyti login\u012f m\u0105stym\u0105 ir skatinti k\u016brybi\u0161kus vaidmen\u0173 \u017eaidimus virtuv\u0117je. Rinkinys tinka vaikams nuo 18 m\u0117nesi\u0173.<br \/>\nRaksturojums:<\/p>\n<p> \tRinkinys skirtas m\u0117sos pjaustymui ir lankstymui<br \/>\n \tElementai sujungti Velcro \u2013 lengva pjauti ir sujungti<br \/>\n \tRealisti\u0161ka i\u0161vaizda \u2013 puikus priedas prie virtuv\u0117s rinkini\u0173<br \/>\n \tLavina motorik\u0105, koordinacij\u0105 ir k\u016brybi\u0161kum\u0105<br \/>\n \tB\u0113rniem no 18 m\u0113ne\u0161u vecuma<br \/>\n \tSupakuota estetin\u0117je d\u0117\u017eut\u0117je su langeliu<\/p>\n<p>Komplekta saturs:<\/p>\n<p> \tM\u0117sos elementai pjaustymui (su Velcro)<br \/>\n \tMedin\u0117 pjaustymo lenta<br \/>\n \tSaugus vaiki\u0161kas peilis<\/p>","protected":false},"excerpt":{"rendered":"<p>Atraskite rinkin\u012f, kuris leis j\u016bs\u0173 vaikui jaustis kaip tikram ma\u017eajam \u0161efui! M\u0117sos pjaustymas \u2013 puikus \u017eaidimas maisto ruo\u0161imui, puikiai papildantis<\/p>","protected":false},"featured_media":99397,"template":"","meta":{"_acf_changed":false,"_glsr_average":0,"_glsr_ranking":0,"_glsr_reviews":0},"product_brand":[],"product_cat":[399,229],"product_tag":[],"class_list":{"0":"post-99395","1":"product","2":"type-product","3":"status-publish","4":"has-post-thumbnail","6":"product_cat-vaidmenu-zaidimai-2","7":"product_cat-zaislai-vaikams","8":"\"style=\"background-color: #2ecc711c;\"","10":"first","11":"instock","12":"purchasable","13":"product-type-simple"},"acf":[],"yoast_head":"<!-- This site is optimized with the Yoast SEO plugin v27.4 - https:\/\/yoast.com\/product\/yoast-seo-wordpress\/ -->\n<title>VIGA m\u0117sos pjaustymo rinkinys \u2013 realisti\u0161kas \u017eaidimas virtuv\u0117je<\/title>\n<meta name=\"description\" content=\"VIGA m\u0117sos pjaustymo rinkinys \u2013 realisti\u0161kas \u017eaidimas virtuv\u0117je - KidsPlay. Did\u017eiausias vaik\u0173 \u017eaisl\u0173 pasirinkimas.\" \/>\n<meta name=\"robots\" content=\"index, follow, max-snippet:-1, max-image-preview:large, max-video-preview:-1\" \/>\n<link rel=\"canonical\" href=\"https:\/\/kidsplay.lt\/lv\/products\/viga-mesos-pjaustymo-rinkinys-realistiskas-zaidimas-virtuveje\/\" \/>\n<meta property=\"og:locale\" content=\"lv_LV\" \/>\n<meta property=\"og:type\" content=\"article\" \/>\n<meta property=\"og:title\" content=\"VIGA m\u0117sos pjaustymo rinkinys \u2013 realisti\u0161kas \u017eaidimas virtuv\u0117je\" \/>\n<meta property=\"og:description\" content=\"VIGA m\u0117sos pjaustymo rinkinys \u2013 realisti\u0161kas \u017eaidimas virtuv\u0117je - KidsPlay. Did\u017eiausias vaik\u0173 \u017eaisl\u0173 pasirinkimas.\" \/>\n<meta property=\"og:url\" content=\"https:\/\/kidsplay.lt\/lv\/products\/viga-mesos-pjaustymo-rinkinys-realistiskas-zaidimas-virtuveje\/\" \/>\n<meta property=\"og:site_name\" content=\"KidsPlay\" \/>\n<meta property=\"article:publisher\" content=\"https:\/\/www.facebook.com\/www.kidsplay.lt\" \/>\n<meta property=\"article:modified_time\" content=\"2026-04-18T15:30:22+00:00\" \/>\n<meta property=\"og:image\" content=\"https:\/\/kidsplay.lt\/wp-content\/uploads\/2026\/04\/VIGA-mesos-pjaustymo-rinkinys-\u2013-realistiskas-zaidimas-virtuveje.jpg\" \/>\n\t<meta property=\"og:image:width\" content=\"1000\" \/>\n\t<meta property=\"og:image:height\" content=\"1000\" \/>\n\t<meta property=\"og:image:type\" content=\"image\/jpeg\" \/>\n<meta name=\"twitter:card\" content=\"summary_large_image\" \/>\n<meta name=\"twitter:label1\" content=\"Est. reading time\" \/>\n\t<meta name=\"twitter:data1\" content=\"1 min\u016bte\" \/>\n<script type=\"application\/ld+json\" class=\"yoast-schema-graph\">{\"@context\":\"https:\\\/\\\/schema.org\",\"@graph\":[{\"@type\":\"WebPage\",\"@id\":\"https:\\\/\\\/kidsplay.lt\\\/produktas\\\/viga-mesos-pjaustymo-rinkinys-realistiskas-zaidimas-virtuveje\\\/\",\"url\":\"https:\\\/\\\/kidsplay.lt\\\/produktas\\\/viga-mesos-pjaustymo-rinkinys-realistiskas-zaidimas-virtuveje\\\/\",\"name\":\"VIGA m\u0117sos pjaustymo rinkinys \u2013 realisti\u0161kas \u017eaidimas virtuv\u0117je\",\"isPartOf\":{\"@id\":\"https:\\\/\\\/kidsplay.lt\\\/#website\"},\"primaryImageOfPage\":{\"@id\":\"https:\\\/\\\/kidsplay.lt\\\/produktas\\\/viga-mesos-pjaustymo-rinkinys-realistiskas-zaidimas-virtuveje\\\/#primaryimage\"},\"image\":{\"@id\":\"https:\\\/\\\/kidsplay.lt\\\/produktas\\\/viga-mesos-pjaustymo-rinkinys-realistiskas-zaidimas-virtuveje\\\/#primaryimage\"},\"thumbnailUrl\":\"https:\\\/\\\/kidsplay.lt\\\/wp-content\\\/uploads\\\/2026\\\/04\\\/VIGA-mesos-pjaustymo-rinkinys-\u2013-realistiskas-zaidimas-virtuveje.jpg\",\"datePublished\":\"2026-04-04T04:55:13+00:00\",\"dateModified\":\"2026-04-18T15:30:22+00:00\",\"description\":\"VIGA m\u0117sos pjaustymo rinkinys \u2013 realisti\u0161kas \u017eaidimas virtuv\u0117je - KidsPlay. Did\u017eiausias vaik\u0173 \u017eaisl\u0173 pasirinkimas.\",\"breadcrumb\":{\"@id\":\"https:\\\/\\\/kidsplay.lt\\\/produktas\\\/viga-mesos-pjaustymo-rinkinys-realistiskas-zaidimas-virtuveje\\\/#breadcrumb\"},\"inLanguage\":\"lv-LV\",\"potentialAction\":[{\"@type\":\"ReadAction\",\"target\":[\"https:\\\/\\\/kidsplay.lt\\\/produktas\\\/viga-mesos-pjaustymo-rinkinys-realistiskas-zaidimas-virtuveje\\\/\"]}]},{\"@type\":\"ImageObject\",\"inLanguage\":\"lv-LV\",\"@id\":\"https:\\\/\\\/kidsplay.lt\\\/produktas\\\/viga-mesos-pjaustymo-rinkinys-realistiskas-zaidimas-virtuveje\\\/#primaryimage\",\"url\":\"https:\\\/\\\/kidsplay.lt\\\/wp-content\\\/uploads\\\/2026\\\/04\\\/VIGA-mesos-pjaustymo-rinkinys-\u2013-realistiskas-zaidimas-virtuveje.jpg\",\"contentUrl\":\"https:\\\/\\\/kidsplay.lt\\\/wp-content\\\/uploads\\\/2026\\\/04\\\/VIGA-mesos-pjaustymo-rinkinys-\u2013-realistiskas-zaidimas-virtuveje.jpg\",\"width\":1000,\"height\":1000,\"caption\":\"VIGA m\u0117sos pjaustymo rinkinys \u2013 realisti\u0161kas \u017eaidimas virtuv\u0117je\"},{\"@type\":\"BreadcrumbList\",\"@id\":\"https:\\\/\\\/kidsplay.lt\\\/produktas\\\/viga-mesos-pjaustymo-rinkinys-realistiskas-zaidimas-virtuveje\\\/#breadcrumb\",\"itemListElement\":[{\"@type\":\"ListItem\",\"position\":1,\"name\":\"Pagrindinis\",\"item\":\"https:\\\/\\\/kidsplay.lt\\\/\"},{\"@type\":\"ListItem\",\"position\":2,\"name\":\"Parduotuv\u0117\",\"item\":\"https:\\\/\\\/kidsplay.lt\\\/parduotuve\\\/\"},{\"@type\":\"ListItem\",\"position\":3,\"name\":\"VIGA m\u0117sos pjaustymo rinkinys \u2013 realisti\u0161kas \u017eaidimas virtuv\u0117je\"}]},{\"@type\":\"WebSite\",\"@id\":\"https:\\\/\\\/kidsplay.lt\\\/#website\",\"url\":\"https:\\\/\\\/kidsplay.lt\\\/\",\"name\":\"Kidsplay.lt\",\"description\":\"\u012evairios prek\u0117s vaikams\",\"publisher\":{\"@id\":\"https:\\\/\\\/kidsplay.lt\\\/#organization\"},\"alternateName\":\"Kidsplay\",\"potentialAction\":[{\"@type\":\"SearchAction\",\"target\":{\"@type\":\"EntryPoint\",\"urlTemplate\":\"https:\\\/\\\/kidsplay.lt\\\/?s={search_term_string}\"},\"query-input\":{\"@type\":\"PropertyValueSpecification\",\"valueRequired\":true,\"valueName\":\"search_term_string\"}}],\"inLanguage\":\"lv-LV\"},{\"@type\":\"Organization\",\"@id\":\"https:\\\/\\\/kidsplay.lt\\\/#organization\",\"name\":\"KidsPlay\",\"url\":\"https:\\\/\\\/kidsplay.lt\\\/\",\"logo\":{\"@type\":\"ImageObject\",\"inLanguage\":\"lv-LV\",\"@id\":\"https:\\\/\\\/kidsplay.lt\\\/#\\\/schema\\\/logo\\\/image\\\/\",\"url\":\"https:\\\/\\\/kidsplay.lt\\\/wp-content\\\/uploads\\\/2023\\\/07\\\/kidsplay-logo.png\",\"contentUrl\":\"https:\\\/\\\/kidsplay.lt\\\/wp-content\\\/uploads\\\/2023\\\/07\\\/kidsplay-logo.png\",\"width\":451,\"height\":98,\"caption\":\"KidsPlay\"},\"image\":{\"@id\":\"https:\\\/\\\/kidsplay.lt\\\/#\\\/schema\\\/logo\\\/image\\\/\"},\"sameAs\":[\"https:\\\/\\\/www.facebook.com\\\/www.kidsplay.lt\"]}]}<\/script>\n<!-- \/ Yoast SEO plugin. -->","yoast_head_json":{"title":"VIGA ga\u013cas grie\u0161anas komplekts \u2013 re\u0101listiska virtuves rota\u013clieta","description":"VIGA m\u0117sos pjaustymo rinkinys \u2013 realisti\u0161kas \u017eaidimas virtuv\u0117je - KidsPlay. Did\u017eiausias vaik\u0173 \u017eaisl\u0173 pasirinkimas.","robots":{"index":"index","follow":"follow","max-snippet":"max-snippet:-1","max-image-preview":"max-image-preview:large","max-video-preview":"max-video-preview:-1"},"canonical":"https:\/\/kidsplay.lt\/lv\/products\/viga-mesos-pjaustymo-rinkinys-realistiskas-zaidimas-virtuveje\/","og_locale":"lv_LV","og_type":"article","og_title":"VIGA m\u0117sos pjaustymo rinkinys \u2013 realisti\u0161kas \u017eaidimas virtuv\u0117je","og_description":"VIGA m\u0117sos pjaustymo rinkinys \u2013 realisti\u0161kas \u017eaidimas virtuv\u0117je - KidsPlay. Did\u017eiausias vaik\u0173 \u017eaisl\u0173 pasirinkimas.","og_url":"https:\/\/kidsplay.lt\/lv\/products\/viga-mesos-pjaustymo-rinkinys-realistiskas-zaidimas-virtuveje\/","og_site_name":"KidsPlay","article_publisher":"https:\/\/www.facebook.com\/www.kidsplay.lt","article_modified_time":"2026-04-18T15:30:22+00:00","og_image":[{"width":1000,"height":1000,"url":"https:\/\/kidsplay.lt\/wp-content\/uploads\/2026\/04\/VIGA-mesos-pjaustymo-rinkinys-\u2013-realistiskas-zaidimas-virtuveje.jpg","type":"image\/jpeg"}],"twitter_card":"summary_large_image","twitter_misc":{"Est. reading time":"1 min\u016bte"},"schema":{"@context":"https:\/\/schema.org","@graph":[{"@type":"WebPage","@id":"https:\/\/kidsplay.lt\/produktas\/viga-mesos-pjaustymo-rinkinys-realistiskas-zaidimas-virtuveje\/","url":"https:\/\/kidsplay.lt\/produktas\/viga-mesos-pjaustymo-rinkinys-realistiskas-zaidimas-virtuveje\/","name":"VIGA ga\u013cas grie\u0161anas komplekts \u2013 re\u0101listiska virtuves rota\u013clieta","isPartOf":{"@id":"https:\/\/kidsplay.lt\/#website"},"primaryImageOfPage":{"@id":"https:\/\/kidsplay.lt\/produktas\/viga-mesos-pjaustymo-rinkinys-realistiskas-zaidimas-virtuveje\/#primaryimage"},"image":{"@id":"https:\/\/kidsplay.lt\/produktas\/viga-mesos-pjaustymo-rinkinys-realistiskas-zaidimas-virtuveje\/#primaryimage"},"thumbnailUrl":"https:\/\/kidsplay.lt\/wp-content\/uploads\/2026\/04\/VIGA-mesos-pjaustymo-rinkinys-\u2013-realistiskas-zaidimas-virtuveje.jpg","datePublished":"2026-04-04T04:55:13+00:00","dateModified":"2026-04-18T15:30:22+00:00","description":"VIGA m\u0117sos pjaustymo rinkinys \u2013 realisti\u0161kas \u017eaidimas virtuv\u0117je - KidsPlay. Did\u017eiausias vaik\u0173 \u017eaisl\u0173 pasirinkimas.","breadcrumb":{"@id":"https:\/\/kidsplay.lt\/produktas\/viga-mesos-pjaustymo-rinkinys-realistiskas-zaidimas-virtuveje\/#breadcrumb"},"inLanguage":"lv-LV","potentialAction":[{"@type":"ReadAction","target":["https:\/\/kidsplay.lt\/produktas\/viga-mesos-pjaustymo-rinkinys-realistiskas-zaidimas-virtuveje\/"]}]},{"@type":"ImageObject","inLanguage":"lv-LV","@id":"https:\/\/kidsplay.lt\/produktas\/viga-mesos-pjaustymo-rinkinys-realistiskas-zaidimas-virtuveje\/#primaryimage","url":"https:\/\/kidsplay.lt\/wp-content\/uploads\/2026\/04\/VIGA-mesos-pjaustymo-rinkinys-\u2013-realistiskas-zaidimas-virtuveje.jpg","contentUrl":"https:\/\/kidsplay.lt\/wp-content\/uploads\/2026\/04\/VIGA-mesos-pjaustymo-rinkinys-\u2013-realistiskas-zaidimas-virtuveje.jpg","width":1000,"height":1000,"caption":"VIGA m\u0117sos pjaustymo rinkinys \u2013 realisti\u0161kas \u017eaidimas virtuv\u0117je"},{"@type":"BreadcrumbList","@id":"https:\/\/kidsplay.lt\/produktas\/viga-mesos-pjaustymo-rinkinys-realistiskas-zaidimas-virtuveje\/#breadcrumb","itemListElement":[{"@type":"ListItem","position":1,"name":"Pagrindinis","item":"https:\/\/kidsplay.lt\/"},{"@type":"ListItem","position":2,"name":"Parduotuv\u0117","item":"https:\/\/kidsplay.lt\/parduotuve\/"},{"@type":"ListItem","position":3,"name":"VIGA m\u0117sos pjaustymo rinkinys \u2013 realisti\u0161kas \u017eaidimas virtuv\u0117je"}]},{"@type":"WebSite","@id":"https:\/\/kidsplay.lt\/#website","url":"https:\/\/kidsplay.lt\/","name":"B\u0113rnu sp\u0113les.lv","description":"\u012evairios prek\u0117s vaikams","publisher":{"@id":"https:\/\/kidsplay.lt\/#organization"},"alternateName":"Kidsplay","potentialAction":[{"@type":"SearchAction","target":{"@type":"EntryPoint","urlTemplate":"https:\/\/kidsplay.lt\/?s={search_term_string}"},"query-input":{"@type":"PropertyValueSpecification","valueRequired":true,"valueName":"search_term_string"}}],"inLanguage":"lv-LV"},{"@type":"Organization","@id":"https:\/\/kidsplay.lt\/#organization","name":"B\u0113rnu sp\u0113le","url":"https:\/\/kidsplay.lt\/","logo":{"@type":"ImageObject","inLanguage":"lv-LV","@id":"https:\/\/kidsplay.lt\/#\/schema\/logo\/image\/","url":"https:\/\/kidsplay.lt\/wp-content\/uploads\/2023\/07\/kidsplay-logo.png","contentUrl":"https:\/\/kidsplay.lt\/wp-content\/uploads\/2023\/07\/kidsplay-logo.png","width":451,"height":98,"caption":"KidsPlay"},"image":{"@id":"https:\/\/kidsplay.lt\/#\/schema\/logo\/image\/"},"sameAs":["https:\/\/www.facebook.com\/www.kidsplay.lt"]}]}},"_links":{"self":[{"href":"https:\/\/kidsplay.lt\/lv\/wp-json\/wp\/v2\/product\/99395","targetHints":{"allow":["GET"]}}],"collection":[{"href":"https:\/\/kidsplay.lt\/lv\/wp-json\/wp\/v2\/product"}],"about":[{"href":"https:\/\/kidsplay.lt\/lv\/wp-json\/wp\/v2\/types\/product"}],"version-history":[{"count":1,"href":"https:\/\/kidsplay.lt\/lv\/wp-json\/wp\/v2\/product\/99395\/revisions"}],"predecessor-version":[{"id":99396,"href":"https:\/\/kidsplay.lt\/lv\/wp-json\/wp\/v2\/product\/99395\/revisions\/99396"}],"wp:featuredmedia":[{"embeddable":true,"href":"https:\/\/kidsplay.lt\/lv\/wp-json\/wp\/v2\/media\/99397"}],"wp:attachment":[{"href":"https:\/\/kidsplay.lt\/lv\/wp-json\/wp\/v2\/media?parent=99395"}],"wp:term":[{"taxonomy":"product_brand","embeddable":true,"href":"https:\/\/kidsplay.lt\/lv\/wp-json\/wp\/v2\/product_brand?post=99395"},{"taxonomy":"product_cat","embeddable":true,"href":"https:\/\/kidsplay.lt\/lv\/wp-json\/wp\/v2\/product_cat?post=99395"},{"taxonomy":"product_tag","embeddable":true,"href":"https:\/\/kidsplay.lt\/lv\/wp-json\/wp\/v2\/product_tag?post=99395"}],"curies":[{"name":"wp","href":"https:\/\/api.w.org\/{rel}","templated":true}]}}