{"id":99402,"date":"2026-04-04T07:55:31","date_gmt":"2026-04-04T04:55:31","guid":{"rendered":"https:\/\/kidsplay.lt\/produktas\/viga-polarb-medinis-arbatos-servizas-tea-fantasy\/"},"modified":"2026-04-13T13:43:53","modified_gmt":"2026-04-13T10:43:53","slug":"viga-polarb-medinis-arbatos-servizas-tea-fantasy","status":"publish","type":"product","link":"https:\/\/kidsplay.lt\/lv\/products\/viga-polarb-medinis-arbatos-servizas-tea-fantasy\/","title":{"rendered":"VIGA PolarB medinis arbatos servizas \u201eTea Fantasy\u201c"},"content":{"rendered":"<p>PolarB medinis arbatos servizas \u2013 \u017eavingas rinkinys, skatinantis vaikus rengti savo arbatos vakar\u0117lius. Rinkinyje yra medinis arbatinukas, puodeliai su l\u0117k\u0161tut\u0117mis, taip pat \u012fvair\u016bs priedai, tokie kaip arbat\u017eol\u0117s mai\u0161eliai, citrinos grie\u017ein\u0117lis ar bra\u0161k\u0117s. Kiekvienas elementas kruop\u0161\u010diai sukurtas, kad skatint\u0173 vaiko vaizduot\u0119 ir lavint\u0173 socialinius \u012fg\u016bd\u017eius. D\u0117l tvirto konstrukcijos \u0161is eleganti\u0161kas rinkinys suteikia valand\u0173 valandas k\u016brybi\u0161ko \u017eaidimo, imituojant suaugusi\u0173j\u0173 veiklas.<br \/>\nRaksturojums:<\/p>\n<p> \tRinkinyje: arbatinukas, 2 puodeliai su l\u0117k\u0161tut\u0117mis, pieno indelis, arbatos mai\u0161eliai, \u0161auk\u0161teliai, vaisi\u0173 grie\u017ein\u0117liai, sausainiai ir pad\u0117klas<br \/>\n \tPagaminta i\u0161 nat\u016bralaus med\u017eio \u2013 ekologi\u0161ka ir saugu naudoti<br \/>\n \tPuikiai tinka k\u016brybiniams vaidmen\u0173 \u017eaidimams ir kasdieni\u0173 veikl\u0173 imitavimui<br \/>\n \tSkatina socialini\u0173 \u012fg\u016bd\u017ei\u0173 vystym\u0105si ir moko bendradarbiavimo<br \/>\n \tMalonios pastelini\u0173 spalv\u0173 detal\u0117s, atitinkan\u010dios Montessori estetik\u0105<\/p>","protected":false},"excerpt":{"rendered":"<p>PolarB medinis arbatos servizas \u2013 \u017eavingas rinkinys, skatinantis vaikus rengti savo arbatos vakar\u0117lius. Rinkinyje yra medinis arbatinukas, puodeliai su l\u0117k\u0161tut\u0117mis,<\/p>","protected":false},"featured_media":99404,"template":"","meta":{"_acf_changed":false,"_glsr_average":0,"_glsr_ranking":0,"_glsr_reviews":0},"product_brand":[],"product_cat":[399,229],"product_tag":[],"class_list":{"0":"post-99402","1":"product","2":"type-product","3":"status-publish","4":"has-post-thumbnail","6":"product_cat-vaidmenu-zaidimai-2","7":"product_cat-zaislai-vaikams","8":"\"style=\"background-color: #2ecc711c;\"","10":"first","11":"instock","12":"purchasable","13":"product-type-simple"},"acf":[],"yoast_head":"<!-- This site is optimized with the Yoast SEO plugin v27.4 - https:\/\/yoast.com\/product\/yoast-seo-wordpress\/ -->\n<title>VIGA PolarB medinis arbatos servizas \u201eTea Fantasy\u201c<\/title>\n<meta name=\"description\" content=\"VIGA PolarB medinis arbatos servizas \u201eTea Fantasy\u201c - KidsPlay. Did\u017eiausias vaik\u0173 \u017eaisl\u0173 pasirinkimas.\" \/>\n<meta name=\"robots\" content=\"index, follow, max-snippet:-1, max-image-preview:large, max-video-preview:-1\" \/>\n<link rel=\"canonical\" href=\"https:\/\/kidsplay.lt\/lv\/products\/viga-polarb-medinis-arbatos-servizas-tea-fantasy\/\" \/>\n<meta property=\"og:locale\" content=\"lv_LV\" \/>\n<meta property=\"og:type\" content=\"article\" \/>\n<meta property=\"og:title\" content=\"VIGA PolarB medinis arbatos servizas \u201eTea Fantasy\u201c\" \/>\n<meta property=\"og:description\" content=\"VIGA PolarB medinis arbatos servizas \u201eTea Fantasy\u201c - KidsPlay. Did\u017eiausias vaik\u0173 \u017eaisl\u0173 pasirinkimas.\" \/>\n<meta property=\"og:url\" content=\"https:\/\/kidsplay.lt\/lv\/products\/viga-polarb-medinis-arbatos-servizas-tea-fantasy\/\" \/>\n<meta property=\"og:site_name\" content=\"KidsPlay\" \/>\n<meta property=\"article:publisher\" content=\"https:\/\/www.facebook.com\/www.kidsplay.lt\" \/>\n<meta property=\"article:modified_time\" content=\"2026-04-13T10:43:53+00:00\" \/>\n<meta property=\"og:image\" content=\"https:\/\/kidsplay.lt\/wp-content\/uploads\/2026\/04\/VIGA-PolarB-medinis-arbatos-servizas-\u201eTea-Fantasy.jpg\" \/>\n\t<meta property=\"og:image:width\" content=\"2560\" \/>\n\t<meta property=\"og:image:height\" content=\"2560\" \/>\n\t<meta property=\"og:image:type\" content=\"image\/jpeg\" \/>\n<meta name=\"twitter:card\" content=\"summary_large_image\" \/>\n<meta name=\"twitter:label1\" content=\"Est. reading time\" \/>\n\t<meta name=\"twitter:data1\" content=\"1 min\u016bte\" \/>\n<script type=\"application\/ld+json\" class=\"yoast-schema-graph\">{\"@context\":\"https:\\\/\\\/schema.org\",\"@graph\":[{\"@type\":\"WebPage\",\"@id\":\"https:\\\/\\\/kidsplay.lt\\\/produktas\\\/viga-polarb-medinis-arbatos-servizas-tea-fantasy\\\/\",\"url\":\"https:\\\/\\\/kidsplay.lt\\\/produktas\\\/viga-polarb-medinis-arbatos-servizas-tea-fantasy\\\/\",\"name\":\"VIGA PolarB medinis arbatos servizas \u201eTea Fantasy\u201c\",\"isPartOf\":{\"@id\":\"https:\\\/\\\/kidsplay.lt\\\/#website\"},\"primaryImageOfPage\":{\"@id\":\"https:\\\/\\\/kidsplay.lt\\\/produktas\\\/viga-polarb-medinis-arbatos-servizas-tea-fantasy\\\/#primaryimage\"},\"image\":{\"@id\":\"https:\\\/\\\/kidsplay.lt\\\/produktas\\\/viga-polarb-medinis-arbatos-servizas-tea-fantasy\\\/#primaryimage\"},\"thumbnailUrl\":\"https:\\\/\\\/kidsplay.lt\\\/wp-content\\\/uploads\\\/2026\\\/04\\\/VIGA-PolarB-medinis-arbatos-servizas-\u201eTea-Fantasy.jpg\",\"datePublished\":\"2026-04-04T04:55:31+00:00\",\"dateModified\":\"2026-04-13T10:43:53+00:00\",\"description\":\"VIGA PolarB medinis arbatos servizas \u201eTea Fantasy\u201c - KidsPlay. Did\u017eiausias vaik\u0173 \u017eaisl\u0173 pasirinkimas.\",\"breadcrumb\":{\"@id\":\"https:\\\/\\\/kidsplay.lt\\\/produktas\\\/viga-polarb-medinis-arbatos-servizas-tea-fantasy\\\/#breadcrumb\"},\"inLanguage\":\"lv-LV\",\"potentialAction\":[{\"@type\":\"ReadAction\",\"target\":[\"https:\\\/\\\/kidsplay.lt\\\/produktas\\\/viga-polarb-medinis-arbatos-servizas-tea-fantasy\\\/\"]}]},{\"@type\":\"ImageObject\",\"inLanguage\":\"lv-LV\",\"@id\":\"https:\\\/\\\/kidsplay.lt\\\/produktas\\\/viga-polarb-medinis-arbatos-servizas-tea-fantasy\\\/#primaryimage\",\"url\":\"https:\\\/\\\/kidsplay.lt\\\/wp-content\\\/uploads\\\/2026\\\/04\\\/VIGA-PolarB-medinis-arbatos-servizas-\u201eTea-Fantasy.jpg\",\"contentUrl\":\"https:\\\/\\\/kidsplay.lt\\\/wp-content\\\/uploads\\\/2026\\\/04\\\/VIGA-PolarB-medinis-arbatos-servizas-\u201eTea-Fantasy.jpg\",\"width\":2560,\"height\":2560,\"caption\":\"VIGA PolarB medinis arbatos servizas \u201eTea Fantasy\u201c\"},{\"@type\":\"BreadcrumbList\",\"@id\":\"https:\\\/\\\/kidsplay.lt\\\/produktas\\\/viga-polarb-medinis-arbatos-servizas-tea-fantasy\\\/#breadcrumb\",\"itemListElement\":[{\"@type\":\"ListItem\",\"position\":1,\"name\":\"Pagrindinis\",\"item\":\"https:\\\/\\\/kidsplay.lt\\\/\"},{\"@type\":\"ListItem\",\"position\":2,\"name\":\"Parduotuv\u0117\",\"item\":\"https:\\\/\\\/kidsplay.lt\\\/parduotuve\\\/\"},{\"@type\":\"ListItem\",\"position\":3,\"name\":\"VIGA PolarB medinis arbatos servizas \u201eTea Fantasy\u201c\"}]},{\"@type\":\"WebSite\",\"@id\":\"https:\\\/\\\/kidsplay.lt\\\/#website\",\"url\":\"https:\\\/\\\/kidsplay.lt\\\/\",\"name\":\"Kidsplay.lt\",\"description\":\"\u012evairios prek\u0117s vaikams\",\"publisher\":{\"@id\":\"https:\\\/\\\/kidsplay.lt\\\/#organization\"},\"alternateName\":\"Kidsplay\",\"potentialAction\":[{\"@type\":\"SearchAction\",\"target\":{\"@type\":\"EntryPoint\",\"urlTemplate\":\"https:\\\/\\\/kidsplay.lt\\\/?s={search_term_string}\"},\"query-input\":{\"@type\":\"PropertyValueSpecification\",\"valueRequired\":true,\"valueName\":\"search_term_string\"}}],\"inLanguage\":\"lv-LV\"},{\"@type\":\"Organization\",\"@id\":\"https:\\\/\\\/kidsplay.lt\\\/#organization\",\"name\":\"KidsPlay\",\"url\":\"https:\\\/\\\/kidsplay.lt\\\/\",\"logo\":{\"@type\":\"ImageObject\",\"inLanguage\":\"lv-LV\",\"@id\":\"https:\\\/\\\/kidsplay.lt\\\/#\\\/schema\\\/logo\\\/image\\\/\",\"url\":\"https:\\\/\\\/kidsplay.lt\\\/wp-content\\\/uploads\\\/2023\\\/07\\\/kidsplay-logo.png\",\"contentUrl\":\"https:\\\/\\\/kidsplay.lt\\\/wp-content\\\/uploads\\\/2023\\\/07\\\/kidsplay-logo.png\",\"width\":451,\"height\":98,\"caption\":\"KidsPlay\"},\"image\":{\"@id\":\"https:\\\/\\\/kidsplay.lt\\\/#\\\/schema\\\/logo\\\/image\\\/\"},\"sameAs\":[\"https:\\\/\\\/www.facebook.com\\\/www.kidsplay.lt\"]}]}<\/script>\n<!-- \/ Yoast SEO plugin. -->","yoast_head_json":{"title":"VIGA PolarB medinis arbatos servizas \u201eTea Fantasy\u201c","description":"VIGA PolarB medinis arbatos servizas \u201eTea Fantasy\u201c - KidsPlay. Did\u017eiausias vaik\u0173 \u017eaisl\u0173 pasirinkimas.","robots":{"index":"index","follow":"follow","max-snippet":"max-snippet:-1","max-image-preview":"max-image-preview:large","max-video-preview":"max-video-preview:-1"},"canonical":"https:\/\/kidsplay.lt\/lv\/products\/viga-polarb-medinis-arbatos-servizas-tea-fantasy\/","og_locale":"lv_LV","og_type":"article","og_title":"VIGA PolarB medinis arbatos servizas \u201eTea Fantasy\u201c","og_description":"VIGA PolarB medinis arbatos servizas \u201eTea Fantasy\u201c - KidsPlay. Did\u017eiausias vaik\u0173 \u017eaisl\u0173 pasirinkimas.","og_url":"https:\/\/kidsplay.lt\/lv\/products\/viga-polarb-medinis-arbatos-servizas-tea-fantasy\/","og_site_name":"KidsPlay","article_publisher":"https:\/\/www.facebook.com\/www.kidsplay.lt","article_modified_time":"2026-04-13T10:43:53+00:00","og_image":[{"width":2560,"height":2560,"url":"https:\/\/kidsplay.lt\/wp-content\/uploads\/2026\/04\/VIGA-PolarB-medinis-arbatos-servizas-\u201eTea-Fantasy.jpg","type":"image\/jpeg"}],"twitter_card":"summary_large_image","twitter_misc":{"Est. reading time":"1 min\u016bte"},"schema":{"@context":"https:\/\/schema.org","@graph":[{"@type":"WebPage","@id":"https:\/\/kidsplay.lt\/produktas\/viga-polarb-medinis-arbatos-servizas-tea-fantasy\/","url":"https:\/\/kidsplay.lt\/produktas\/viga-polarb-medinis-arbatos-servizas-tea-fantasy\/","name":"VIGA PolarB medinis arbatos servizas \u201eTea Fantasy\u201c","isPartOf":{"@id":"https:\/\/kidsplay.lt\/#website"},"primaryImageOfPage":{"@id":"https:\/\/kidsplay.lt\/produktas\/viga-polarb-medinis-arbatos-servizas-tea-fantasy\/#primaryimage"},"image":{"@id":"https:\/\/kidsplay.lt\/produktas\/viga-polarb-medinis-arbatos-servizas-tea-fantasy\/#primaryimage"},"thumbnailUrl":"https:\/\/kidsplay.lt\/wp-content\/uploads\/2026\/04\/VIGA-PolarB-medinis-arbatos-servizas-\u201eTea-Fantasy.jpg","datePublished":"2026-04-04T04:55:31+00:00","dateModified":"2026-04-13T10:43:53+00:00","description":"VIGA PolarB medinis arbatos servizas \u201eTea Fantasy\u201c - KidsPlay. Did\u017eiausias vaik\u0173 \u017eaisl\u0173 pasirinkimas.","breadcrumb":{"@id":"https:\/\/kidsplay.lt\/produktas\/viga-polarb-medinis-arbatos-servizas-tea-fantasy\/#breadcrumb"},"inLanguage":"lv-LV","potentialAction":[{"@type":"ReadAction","target":["https:\/\/kidsplay.lt\/produktas\/viga-polarb-medinis-arbatos-servizas-tea-fantasy\/"]}]},{"@type":"ImageObject","inLanguage":"lv-LV","@id":"https:\/\/kidsplay.lt\/produktas\/viga-polarb-medinis-arbatos-servizas-tea-fantasy\/#primaryimage","url":"https:\/\/kidsplay.lt\/wp-content\/uploads\/2026\/04\/VIGA-PolarB-medinis-arbatos-servizas-\u201eTea-Fantasy.jpg","contentUrl":"https:\/\/kidsplay.lt\/wp-content\/uploads\/2026\/04\/VIGA-PolarB-medinis-arbatos-servizas-\u201eTea-Fantasy.jpg","width":2560,"height":2560,"caption":"VIGA PolarB medinis arbatos servizas \u201eTea Fantasy\u201c"},{"@type":"BreadcrumbList","@id":"https:\/\/kidsplay.lt\/produktas\/viga-polarb-medinis-arbatos-servizas-tea-fantasy\/#breadcrumb","itemListElement":[{"@type":"ListItem","position":1,"name":"Pagrindinis","item":"https:\/\/kidsplay.lt\/"},{"@type":"ListItem","position":2,"name":"Parduotuv\u0117","item":"https:\/\/kidsplay.lt\/parduotuve\/"},{"@type":"ListItem","position":3,"name":"VIGA PolarB medinis arbatos servizas \u201eTea Fantasy\u201c"}]},{"@type":"WebSite","@id":"https:\/\/kidsplay.lt\/#website","url":"https:\/\/kidsplay.lt\/","name":"B\u0113rnu sp\u0113les.lv","description":"\u012evairios prek\u0117s vaikams","publisher":{"@id":"https:\/\/kidsplay.lt\/#organization"},"alternateName":"Kidsplay","potentialAction":[{"@type":"SearchAction","target":{"@type":"EntryPoint","urlTemplate":"https:\/\/kidsplay.lt\/?s={search_term_string}"},"query-input":{"@type":"PropertyValueSpecification","valueRequired":true,"valueName":"search_term_string"}}],"inLanguage":"lv-LV"},{"@type":"Organization","@id":"https:\/\/kidsplay.lt\/#organization","name":"B\u0113rnu sp\u0113le","url":"https:\/\/kidsplay.lt\/","logo":{"@type":"ImageObject","inLanguage":"lv-LV","@id":"https:\/\/kidsplay.lt\/#\/schema\/logo\/image\/","url":"https:\/\/kidsplay.lt\/wp-content\/uploads\/2023\/07\/kidsplay-logo.png","contentUrl":"https:\/\/kidsplay.lt\/wp-content\/uploads\/2023\/07\/kidsplay-logo.png","width":451,"height":98,"caption":"KidsPlay"},"image":{"@id":"https:\/\/kidsplay.lt\/#\/schema\/logo\/image\/"},"sameAs":["https:\/\/www.facebook.com\/www.kidsplay.lt"]}]}},"_links":{"self":[{"href":"https:\/\/kidsplay.lt\/lv\/wp-json\/wp\/v2\/product\/99402","targetHints":{"allow":["GET"]}}],"collection":[{"href":"https:\/\/kidsplay.lt\/lv\/wp-json\/wp\/v2\/product"}],"about":[{"href":"https:\/\/kidsplay.lt\/lv\/wp-json\/wp\/v2\/types\/product"}],"version-history":[{"count":1,"href":"https:\/\/kidsplay.lt\/lv\/wp-json\/wp\/v2\/product\/99402\/revisions"}],"predecessor-version":[{"id":99403,"href":"https:\/\/kidsplay.lt\/lv\/wp-json\/wp\/v2\/product\/99402\/revisions\/99403"}],"wp:featuredmedia":[{"embeddable":true,"href":"https:\/\/kidsplay.lt\/lv\/wp-json\/wp\/v2\/media\/99404"}],"wp:attachment":[{"href":"https:\/\/kidsplay.lt\/lv\/wp-json\/wp\/v2\/media?parent=99402"}],"wp:term":[{"taxonomy":"product_brand","embeddable":true,"href":"https:\/\/kidsplay.lt\/lv\/wp-json\/wp\/v2\/product_brand?post=99402"},{"taxonomy":"product_cat","embeddable":true,"href":"https:\/\/kidsplay.lt\/lv\/wp-json\/wp\/v2\/product_cat?post=99402"},{"taxonomy":"product_tag","embeddable":true,"href":"https:\/\/kidsplay.lt\/lv\/wp-json\/wp\/v2\/product_tag?post=99402"}],"curies":[{"name":"wp","href":"https:\/\/api.w.org\/{rel}","templated":true}]}}