{"id":99409,"date":"2026-04-04T07:55:50","date_gmt":"2026-04-04T04:55:50","guid":{"rendered":"https:\/\/kidsplay.lt\/produktas\/viga-polarb-medinis-virtuves-maisytuvas-zalias-priedai\/"},"modified":"2026-04-07T09:25:45","modified_gmt":"2026-04-07T06:25:45","slug":"viga-polarb-medinis-virtuves-maisytuvas-zalias-priedai","status":"publish","type":"product","link":"https:\/\/kidsplay.lt\/lv\/products\/viga-polarb-medinis-virtuves-maisytuvas-zalias-priedai\/","title":{"rendered":"VIGA PolarB koka virtuves jauc\u0113jkr\u0101ns, za\u013c\u0161 + aksesu\u0101ri"},"content":{"rendered":"<p>\u017dalias mai\u0161ytuvas bus puikus papildymas \u017eaidim\u0173 virtuv\u0117l\u0117je ar ikimokyklinio ugdymo kampelyje ir leis j\u016bs\u0173 vaikui smagiai tobulinti kulinarinius \u012fg\u016bd\u017eius namuose. \u0160is medinis \u017eaislas taip pat skatina vaidmen\u0173 \u017eaidimus bei stiprina bendravim\u0105 su kitais vaikais per bendr\u0105 \u017eaidim\u0105.<br \/>\nCharakteristika:<\/p>\n<p> \t\u017daislas vaikams nuo 3 met\u0173<br \/>\n \tMedinis mai\u0161ytuvas su pakeliamu svir\u010diu, kad b\u016bt\u0173 lengva \u012fd\u0117ti ir i\u0161imti duben\u012f<br \/>\n \tPatogi rankena vir\u0161uje svir\u010diui pakelti<br \/>\n \tMai\u0161ytuvo \u0161one yra charakteringas ranken\u0117lis<br \/>\n \tMai\u0161ytuvas sukasi, kai sukamas svirties ritinys<br \/>\n \tKomplekte yra dubuo ir \u017eaidimo priedai<\/p>","protected":false},"excerpt":{"rendered":"<p>\u017dalias mai\u0161ytuvas bus puikus papildymas \u017eaidim\u0173 virtuv\u0117l\u0117je ar ikimokyklinio ugdymo kampelyje ir leis j\u016bs\u0173 vaikui smagiai tobulinti kulinarinius \u012fg\u016bd\u017eius namuose.<\/p>","protected":false},"featured_media":99411,"template":"","meta":{"_acf_changed":false,"_glsr_average":0,"_glsr_ranking":0,"_glsr_reviews":0},"product_brand":[],"product_cat":[399,229],"product_tag":[],"class_list":{"0":"post-99409","1":"product","2":"type-product","3":"status-publish","4":"has-post-thumbnail","6":"product_cat-vaidmenu-zaidimai-2","7":"product_cat-zaislai-vaikams","8":"\"style=\"background-color: #2ecc711c;\"","10":"first","11":"instock","12":"purchasable","13":"product-type-simple"},"acf":[],"yoast_head":"<!-- This site is optimized with the Yoast SEO plugin v27.3 - https:\/\/yoast.com\/product\/yoast-seo-wordpress\/ -->\n<title>VIGA PolarB medinis virtuv\u0117s mai\u0161ytuvas \u017ealias + priedai<\/title>\n<meta name=\"description\" content=\"VIGA PolarB medinis virtuv\u0117s mai\u0161ytuvas \u017ealias + priedai - KidsPlay. Did\u017eiausias vaik\u0173 \u017eaisl\u0173 pasirinkimas.\" \/>\n<meta name=\"robots\" content=\"index, follow, max-snippet:-1, max-image-preview:large, max-video-preview:-1\" \/>\n<link rel=\"canonical\" href=\"https:\/\/kidsplay.lt\/lv\/products\/viga-polarb-medinis-virtuves-maisytuvas-zalias-priedai\/\" \/>\n<meta property=\"og:locale\" content=\"lv_LV\" \/>\n<meta property=\"og:type\" content=\"article\" \/>\n<meta property=\"og:title\" content=\"VIGA PolarB medinis virtuv\u0117s mai\u0161ytuvas \u017ealias + priedai\" \/>\n<meta property=\"og:description\" content=\"VIGA PolarB medinis virtuv\u0117s mai\u0161ytuvas \u017ealias + priedai - KidsPlay. Did\u017eiausias vaik\u0173 \u017eaisl\u0173 pasirinkimas.\" \/>\n<meta property=\"og:url\" content=\"https:\/\/kidsplay.lt\/lv\/products\/viga-polarb-medinis-virtuves-maisytuvas-zalias-priedai\/\" \/>\n<meta property=\"og:site_name\" content=\"KidsPlay\" \/>\n<meta property=\"article:publisher\" content=\"https:\/\/www.facebook.com\/www.kidsplay.lt\" \/>\n<meta property=\"article:modified_time\" content=\"2026-04-07T06:25:45+00:00\" \/>\n<meta property=\"og:image\" content=\"https:\/\/kidsplay.lt\/wp-content\/uploads\/2026\/04\/VIGA-PolarB-medinis-virtuves-maisytuvas-zalias-priedai.jpg\" \/>\n\t<meta property=\"og:image:width\" content=\"2560\" \/>\n\t<meta property=\"og:image:height\" content=\"2560\" \/>\n\t<meta property=\"og:image:type\" content=\"image\/jpeg\" \/>\n<meta name=\"twitter:card\" content=\"summary_large_image\" \/>\n<script type=\"application\/ld+json\" class=\"yoast-schema-graph\">{\"@context\":\"https:\\\/\\\/schema.org\",\"@graph\":[{\"@type\":\"WebPage\",\"@id\":\"https:\\\/\\\/kidsplay.lt\\\/produktas\\\/viga-polarb-medinis-virtuves-maisytuvas-zalias-priedai\\\/\",\"url\":\"https:\\\/\\\/kidsplay.lt\\\/produktas\\\/viga-polarb-medinis-virtuves-maisytuvas-zalias-priedai\\\/\",\"name\":\"VIGA PolarB medinis virtuv\u0117s mai\u0161ytuvas \u017ealias + priedai\",\"isPartOf\":{\"@id\":\"https:\\\/\\\/kidsplay.lt\\\/#website\"},\"primaryImageOfPage\":{\"@id\":\"https:\\\/\\\/kidsplay.lt\\\/produktas\\\/viga-polarb-medinis-virtuves-maisytuvas-zalias-priedai\\\/#primaryimage\"},\"image\":{\"@id\":\"https:\\\/\\\/kidsplay.lt\\\/produktas\\\/viga-polarb-medinis-virtuves-maisytuvas-zalias-priedai\\\/#primaryimage\"},\"thumbnailUrl\":\"https:\\\/\\\/kidsplay.lt\\\/wp-content\\\/uploads\\\/2026\\\/04\\\/VIGA-PolarB-medinis-virtuves-maisytuvas-zalias-priedai.jpg\",\"datePublished\":\"2026-04-04T04:55:50+00:00\",\"dateModified\":\"2026-04-07T06:25:45+00:00\",\"description\":\"VIGA PolarB medinis virtuv\u0117s mai\u0161ytuvas \u017ealias + priedai - KidsPlay. Did\u017eiausias vaik\u0173 \u017eaisl\u0173 pasirinkimas.\",\"breadcrumb\":{\"@id\":\"https:\\\/\\\/kidsplay.lt\\\/produktas\\\/viga-polarb-medinis-virtuves-maisytuvas-zalias-priedai\\\/#breadcrumb\"},\"inLanguage\":\"lv-LV\",\"potentialAction\":[{\"@type\":\"ReadAction\",\"target\":[\"https:\\\/\\\/kidsplay.lt\\\/produktas\\\/viga-polarb-medinis-virtuves-maisytuvas-zalias-priedai\\\/\"]}]},{\"@type\":\"ImageObject\",\"inLanguage\":\"lv-LV\",\"@id\":\"https:\\\/\\\/kidsplay.lt\\\/produktas\\\/viga-polarb-medinis-virtuves-maisytuvas-zalias-priedai\\\/#primaryimage\",\"url\":\"https:\\\/\\\/kidsplay.lt\\\/wp-content\\\/uploads\\\/2026\\\/04\\\/VIGA-PolarB-medinis-virtuves-maisytuvas-zalias-priedai.jpg\",\"contentUrl\":\"https:\\\/\\\/kidsplay.lt\\\/wp-content\\\/uploads\\\/2026\\\/04\\\/VIGA-PolarB-medinis-virtuves-maisytuvas-zalias-priedai.jpg\",\"width\":2560,\"height\":2560,\"caption\":\"VIGA PolarB medinis virtuv\u0117s mai\u0161ytuvas \u017ealias + priedai\"},{\"@type\":\"BreadcrumbList\",\"@id\":\"https:\\\/\\\/kidsplay.lt\\\/produktas\\\/viga-polarb-medinis-virtuves-maisytuvas-zalias-priedai\\\/#breadcrumb\",\"itemListElement\":[{\"@type\":\"ListItem\",\"position\":1,\"name\":\"Pagrindinis\",\"item\":\"https:\\\/\\\/kidsplay.lt\\\/\"},{\"@type\":\"ListItem\",\"position\":2,\"name\":\"Parduotuv\u0117\",\"item\":\"https:\\\/\\\/kidsplay.lt\\\/parduotuve\\\/\"},{\"@type\":\"ListItem\",\"position\":3,\"name\":\"VIGA PolarB medinis virtuv\u0117s mai\u0161ytuvas \u017ealias + priedai\"}]},{\"@type\":\"WebSite\",\"@id\":\"https:\\\/\\\/kidsplay.lt\\\/#website\",\"url\":\"https:\\\/\\\/kidsplay.lt\\\/\",\"name\":\"Kidsplay.lt\",\"description\":\"\u012evairios prek\u0117s vaikams\",\"publisher\":{\"@id\":\"https:\\\/\\\/kidsplay.lt\\\/#organization\"},\"alternateName\":\"Kidsplay\",\"potentialAction\":[{\"@type\":\"SearchAction\",\"target\":{\"@type\":\"EntryPoint\",\"urlTemplate\":\"https:\\\/\\\/kidsplay.lt\\\/?s={search_term_string}\"},\"query-input\":{\"@type\":\"PropertyValueSpecification\",\"valueRequired\":true,\"valueName\":\"search_term_string\"}}],\"inLanguage\":\"lv-LV\"},{\"@type\":\"Organization\",\"@id\":\"https:\\\/\\\/kidsplay.lt\\\/#organization\",\"name\":\"KidsPlay\",\"url\":\"https:\\\/\\\/kidsplay.lt\\\/\",\"logo\":{\"@type\":\"ImageObject\",\"inLanguage\":\"lv-LV\",\"@id\":\"https:\\\/\\\/kidsplay.lt\\\/#\\\/schema\\\/logo\\\/image\\\/\",\"url\":\"https:\\\/\\\/kidsplay.lt\\\/wp-content\\\/uploads\\\/2023\\\/07\\\/kidsplay-logo.png\",\"contentUrl\":\"https:\\\/\\\/kidsplay.lt\\\/wp-content\\\/uploads\\\/2023\\\/07\\\/kidsplay-logo.png\",\"width\":451,\"height\":98,\"caption\":\"KidsPlay\"},\"image\":{\"@id\":\"https:\\\/\\\/kidsplay.lt\\\/#\\\/schema\\\/logo\\\/image\\\/\"},\"sameAs\":[\"https:\\\/\\\/www.facebook.com\\\/www.kidsplay.lt\"]}]}<\/script>\n<!-- \/ Yoast SEO plugin. -->","yoast_head_json":{"title":"VIGA PolarB koka virtuves jauc\u0113jkr\u0101ns, za\u013c\u0161 + aksesu\u0101ri","description":"VIGA PolarB medinis virtuv\u0117s mai\u0161ytuvas \u017ealias + priedai - KidsPlay. Did\u017eiausias vaik\u0173 \u017eaisl\u0173 pasirinkimas.","robots":{"index":"index","follow":"follow","max-snippet":"max-snippet:-1","max-image-preview":"max-image-preview:large","max-video-preview":"max-video-preview:-1"},"canonical":"https:\/\/kidsplay.lt\/lv\/products\/viga-polarb-medinis-virtuves-maisytuvas-zalias-priedai\/","og_locale":"lv_LV","og_type":"article","og_title":"VIGA PolarB medinis virtuv\u0117s mai\u0161ytuvas \u017ealias + priedai","og_description":"VIGA PolarB medinis virtuv\u0117s mai\u0161ytuvas \u017ealias + priedai - KidsPlay. Did\u017eiausias vaik\u0173 \u017eaisl\u0173 pasirinkimas.","og_url":"https:\/\/kidsplay.lt\/lv\/products\/viga-polarb-medinis-virtuves-maisytuvas-zalias-priedai\/","og_site_name":"KidsPlay","article_publisher":"https:\/\/www.facebook.com\/www.kidsplay.lt","article_modified_time":"2026-04-07T06:25:45+00:00","og_image":[{"width":2560,"height":2560,"url":"https:\/\/kidsplay.lt\/wp-content\/uploads\/2026\/04\/VIGA-PolarB-medinis-virtuves-maisytuvas-zalias-priedai.jpg","type":"image\/jpeg"}],"twitter_card":"summary_large_image","schema":{"@context":"https:\/\/schema.org","@graph":[{"@type":"WebPage","@id":"https:\/\/kidsplay.lt\/produktas\/viga-polarb-medinis-virtuves-maisytuvas-zalias-priedai\/","url":"https:\/\/kidsplay.lt\/produktas\/viga-polarb-medinis-virtuves-maisytuvas-zalias-priedai\/","name":"VIGA PolarB koka virtuves jauc\u0113jkr\u0101ns, za\u013c\u0161 + aksesu\u0101ri","isPartOf":{"@id":"https:\/\/kidsplay.lt\/#website"},"primaryImageOfPage":{"@id":"https:\/\/kidsplay.lt\/produktas\/viga-polarb-medinis-virtuves-maisytuvas-zalias-priedai\/#primaryimage"},"image":{"@id":"https:\/\/kidsplay.lt\/produktas\/viga-polarb-medinis-virtuves-maisytuvas-zalias-priedai\/#primaryimage"},"thumbnailUrl":"https:\/\/kidsplay.lt\/wp-content\/uploads\/2026\/04\/VIGA-PolarB-medinis-virtuves-maisytuvas-zalias-priedai.jpg","datePublished":"2026-04-04T04:55:50+00:00","dateModified":"2026-04-07T06:25:45+00:00","description":"VIGA PolarB medinis virtuv\u0117s mai\u0161ytuvas \u017ealias + priedai - KidsPlay. Did\u017eiausias vaik\u0173 \u017eaisl\u0173 pasirinkimas.","breadcrumb":{"@id":"https:\/\/kidsplay.lt\/produktas\/viga-polarb-medinis-virtuves-maisytuvas-zalias-priedai\/#breadcrumb"},"inLanguage":"lv-LV","potentialAction":[{"@type":"ReadAction","target":["https:\/\/kidsplay.lt\/produktas\/viga-polarb-medinis-virtuves-maisytuvas-zalias-priedai\/"]}]},{"@type":"ImageObject","inLanguage":"lv-LV","@id":"https:\/\/kidsplay.lt\/produktas\/viga-polarb-medinis-virtuves-maisytuvas-zalias-priedai\/#primaryimage","url":"https:\/\/kidsplay.lt\/wp-content\/uploads\/2026\/04\/VIGA-PolarB-medinis-virtuves-maisytuvas-zalias-priedai.jpg","contentUrl":"https:\/\/kidsplay.lt\/wp-content\/uploads\/2026\/04\/VIGA-PolarB-medinis-virtuves-maisytuvas-zalias-priedai.jpg","width":2560,"height":2560,"caption":"VIGA PolarB medinis virtuv\u0117s mai\u0161ytuvas \u017ealias + priedai"},{"@type":"BreadcrumbList","@id":"https:\/\/kidsplay.lt\/produktas\/viga-polarb-medinis-virtuves-maisytuvas-zalias-priedai\/#breadcrumb","itemListElement":[{"@type":"ListItem","position":1,"name":"Pagrindinis","item":"https:\/\/kidsplay.lt\/"},{"@type":"ListItem","position":2,"name":"Parduotuv\u0117","item":"https:\/\/kidsplay.lt\/parduotuve\/"},{"@type":"ListItem","position":3,"name":"VIGA PolarB medinis virtuv\u0117s mai\u0161ytuvas \u017ealias + priedai"}]},{"@type":"WebSite","@id":"https:\/\/kidsplay.lt\/#website","url":"https:\/\/kidsplay.lt\/","name":"B\u0113rnu sp\u0113les.lv","description":"\u012evairios prek\u0117s vaikams","publisher":{"@id":"https:\/\/kidsplay.lt\/#organization"},"alternateName":"Kidsplay","potentialAction":[{"@type":"SearchAction","target":{"@type":"EntryPoint","urlTemplate":"https:\/\/kidsplay.lt\/?s={search_term_string}"},"query-input":{"@type":"PropertyValueSpecification","valueRequired":true,"valueName":"search_term_string"}}],"inLanguage":"lv-LV"},{"@type":"Organization","@id":"https:\/\/kidsplay.lt\/#organization","name":"B\u0113rnu sp\u0113le","url":"https:\/\/kidsplay.lt\/","logo":{"@type":"ImageObject","inLanguage":"lv-LV","@id":"https:\/\/kidsplay.lt\/#\/schema\/logo\/image\/","url":"https:\/\/kidsplay.lt\/wp-content\/uploads\/2023\/07\/kidsplay-logo.png","contentUrl":"https:\/\/kidsplay.lt\/wp-content\/uploads\/2023\/07\/kidsplay-logo.png","width":451,"height":98,"caption":"KidsPlay"},"image":{"@id":"https:\/\/kidsplay.lt\/#\/schema\/logo\/image\/"},"sameAs":["https:\/\/www.facebook.com\/www.kidsplay.lt"]}]}},"_links":{"self":[{"href":"https:\/\/kidsplay.lt\/lv\/wp-json\/wp\/v2\/product\/99409","targetHints":{"allow":["GET"]}}],"collection":[{"href":"https:\/\/kidsplay.lt\/lv\/wp-json\/wp\/v2\/product"}],"about":[{"href":"https:\/\/kidsplay.lt\/lv\/wp-json\/wp\/v2\/types\/product"}],"version-history":[{"count":1,"href":"https:\/\/kidsplay.lt\/lv\/wp-json\/wp\/v2\/product\/99409\/revisions"}],"predecessor-version":[{"id":99410,"href":"https:\/\/kidsplay.lt\/lv\/wp-json\/wp\/v2\/product\/99409\/revisions\/99410"}],"wp:featuredmedia":[{"embeddable":true,"href":"https:\/\/kidsplay.lt\/lv\/wp-json\/wp\/v2\/media\/99411"}],"wp:attachment":[{"href":"https:\/\/kidsplay.lt\/lv\/wp-json\/wp\/v2\/media?parent=99409"}],"wp:term":[{"taxonomy":"product_brand","embeddable":true,"href":"https:\/\/kidsplay.lt\/lv\/wp-json\/wp\/v2\/product_brand?post=99409"},{"taxonomy":"product_cat","embeddable":true,"href":"https:\/\/kidsplay.lt\/lv\/wp-json\/wp\/v2\/product_cat?post=99409"},{"taxonomy":"product_tag","embeddable":true,"href":"https:\/\/kidsplay.lt\/lv\/wp-json\/wp\/v2\/product_tag?post=99409"}],"curies":[{"name":"wp","href":"https:\/\/api.w.org\/{rel}","templated":true}]}}