{"id":99423,"date":"2026-04-04T07:56:26","date_gmt":"2026-04-04T04:56:26","guid":{"rendered":"https:\/\/kidsplay.lt\/produktas\/viga-polarb-medine-piramide-kalimo-su-plaktuku-rinkinys-montessori-lape\/"},"modified":"2026-04-13T13:44:03","modified_gmt":"2026-04-13T10:44:03","slug":"viga-polarb-medine-piramide-kalimo-su-plaktuku-rinkinys-montessori-lape","status":"publish","type":"product","link":"https:\/\/kidsplay.lt\/lv\/products\/viga-polarb-medine-piramide-kalimo-su-plaktuku-rinkinys-montessori-lape\/","title":{"rendered":"VIGA PolarB koka piram\u012bda + \u0101mura komplekts &quot;Montessori lapsa&quot;\u201e"},"content":{"rendered":"<p>\u0160is PolarB serijos rinkinys i\u0161 Viga apima du pastelini\u0173 spalv\u0173 medinius \u017eaislus: edukacin\u0119 piramid\u0119 ir kalimo su plaktuku \u017eaidim\u0105. Abu \u017eaislai ne tik suteiks vaikui daug d\u017eiaugsmo, bet ir prisid\u0117s prie smulkiosios motorikos, loginio m\u0105stymo bei spalv\u0173 pa\u017einimo ugdymo. \u017daid\u017eiant lavinami tiksl\u016bs rank\u0173 judesiai, kurie v\u0117liau pad\u0117s mokantis ra\u0161yti.<br \/>\nRaksturojums:<\/p>\n<p> \tRinkinys skirtas vaikams nuo 12 m\u0117nesi\u0173<br \/>\n \tAbu \u017eaislai pasi\u017eymi mielu dizainu (su gyv\u016bno motyvu)<br \/>\n \tPiramid\u0117s \u017eaidimas \u2013 spalvot\u0173 detali\u0173 d\u0117liojimas tinkama tvarka<br \/>\n \tPiramid\u0117 i\u0161laiko stabilum\u0105<br \/>\n \tKalimo \u017eaidimas \u2013 spalvot\u0173 kai\u0161tuk\u0173 kalimas plaktuku<br \/>\n \tKalimo lentel\u0119 galima apversti ir t\u0119sti \u017eaidim\u0105<\/p>","protected":false},"excerpt":{"rendered":"<p>\u0160is PolarB serijos rinkinys i\u0161 Viga apima du pastelini\u0173 spalv\u0173 medinius \u017eaislus: edukacin\u0119 piramid\u0119 ir kalimo su plaktuku \u017eaidim\u0105. Abu<\/p>","protected":false},"featured_media":99425,"template":"","meta":{"_acf_changed":false,"_glsr_average":0,"_glsr_ranking":0,"_glsr_reviews":0},"product_brand":[],"product_cat":[884,883],"product_tag":[],"class_list":{"0":"post-99423","1":"product","2":"type-product","3":"status-publish","4":"has-post-thumbnail","6":"product_cat-edukaciniai-lavinamieji-mediniai-zaislai","7":"product_cat-mediniai-zaislai-2","8":"\"style=\"background-color: #2ecc711c;\"","10":"first","11":"instock","12":"purchasable","13":"product-type-simple"},"acf":[],"yoast_head":"<!-- This site is optimized with the Yoast SEO plugin v27.4 - https:\/\/yoast.com\/product\/yoast-seo-wordpress\/ -->\n<title>VIGA PolarB medin\u0117 piramid\u0117 + kalimo su plaktuku rinkinys \u201eMontessori Lap\u0117\u201c<\/title>\n<meta name=\"description\" content=\"VIGA PolarB medin\u0117 piramid\u0117 + kalimo su plaktuku rinkinys \u201eMontessori Lap\u0117\u201c - KidsPlay. Did\u017eiausias vaik\u0173 \u017eaisl\u0173 pasirinkimas.\" \/>\n<meta name=\"robots\" content=\"index, follow, max-snippet:-1, max-image-preview:large, max-video-preview:-1\" \/>\n<link rel=\"canonical\" href=\"https:\/\/kidsplay.lt\/lv\/products\/viga-polarb-medine-piramide-kalimo-su-plaktuku-rinkinys-montessori-lape\/\" \/>\n<meta property=\"og:locale\" content=\"lv_LV\" \/>\n<meta property=\"og:type\" content=\"article\" \/>\n<meta property=\"og:title\" content=\"VIGA PolarB medin\u0117 piramid\u0117 + kalimo su plaktuku rinkinys \u201eMontessori Lap\u0117\u201c\" \/>\n<meta property=\"og:description\" content=\"VIGA PolarB medin\u0117 piramid\u0117 + kalimo su plaktuku rinkinys \u201eMontessori Lap\u0117\u201c - KidsPlay. Did\u017eiausias vaik\u0173 \u017eaisl\u0173 pasirinkimas.\" \/>\n<meta property=\"og:url\" content=\"https:\/\/kidsplay.lt\/lv\/products\/viga-polarb-medine-piramide-kalimo-su-plaktuku-rinkinys-montessori-lape\/\" \/>\n<meta property=\"og:site_name\" content=\"KidsPlay\" \/>\n<meta property=\"article:publisher\" content=\"https:\/\/www.facebook.com\/www.kidsplay.lt\" \/>\n<meta property=\"article:modified_time\" content=\"2026-04-13T10:44:03+00:00\" \/>\n<meta property=\"og:image\" content=\"https:\/\/kidsplay.lt\/wp-content\/uploads\/2026\/04\/VIGA-PolarB-medine-piramide-kalimo-su-plaktuku-rinkinys-\u201eMontessori-Lape.jpg\" \/>\n\t<meta property=\"og:image:width\" content=\"1600\" \/>\n\t<meta property=\"og:image:height\" content=\"1600\" \/>\n\t<meta property=\"og:image:type\" content=\"image\/jpeg\" \/>\n<meta name=\"twitter:card\" content=\"summary_large_image\" \/>\n<meta name=\"twitter:label1\" content=\"Est. reading time\" \/>\n\t<meta name=\"twitter:data1\" content=\"1 min\u016bte\" \/>\n<script type=\"application\/ld+json\" class=\"yoast-schema-graph\">{\"@context\":\"https:\\\/\\\/schema.org\",\"@graph\":[{\"@type\":\"WebPage\",\"@id\":\"https:\\\/\\\/kidsplay.lt\\\/produktas\\\/viga-polarb-medine-piramide-kalimo-su-plaktuku-rinkinys-montessori-lape\\\/\",\"url\":\"https:\\\/\\\/kidsplay.lt\\\/produktas\\\/viga-polarb-medine-piramide-kalimo-su-plaktuku-rinkinys-montessori-lape\\\/\",\"name\":\"VIGA PolarB medin\u0117 piramid\u0117 + kalimo su plaktuku rinkinys \u201eMontessori Lap\u0117\u201c\",\"isPartOf\":{\"@id\":\"https:\\\/\\\/kidsplay.lt\\\/#website\"},\"primaryImageOfPage\":{\"@id\":\"https:\\\/\\\/kidsplay.lt\\\/produktas\\\/viga-polarb-medine-piramide-kalimo-su-plaktuku-rinkinys-montessori-lape\\\/#primaryimage\"},\"image\":{\"@id\":\"https:\\\/\\\/kidsplay.lt\\\/produktas\\\/viga-polarb-medine-piramide-kalimo-su-plaktuku-rinkinys-montessori-lape\\\/#primaryimage\"},\"thumbnailUrl\":\"https:\\\/\\\/kidsplay.lt\\\/wp-content\\\/uploads\\\/2026\\\/04\\\/VIGA-PolarB-medine-piramide-kalimo-su-plaktuku-rinkinys-\u201eMontessori-Lape.jpg\",\"datePublished\":\"2026-04-04T04:56:26+00:00\",\"dateModified\":\"2026-04-13T10:44:03+00:00\",\"description\":\"VIGA PolarB medin\u0117 piramid\u0117 + kalimo su plaktuku rinkinys \u201eMontessori Lap\u0117\u201c - KidsPlay. Did\u017eiausias vaik\u0173 \u017eaisl\u0173 pasirinkimas.\",\"breadcrumb\":{\"@id\":\"https:\\\/\\\/kidsplay.lt\\\/produktas\\\/viga-polarb-medine-piramide-kalimo-su-plaktuku-rinkinys-montessori-lape\\\/#breadcrumb\"},\"inLanguage\":\"lv-LV\",\"potentialAction\":[{\"@type\":\"ReadAction\",\"target\":[\"https:\\\/\\\/kidsplay.lt\\\/produktas\\\/viga-polarb-medine-piramide-kalimo-su-plaktuku-rinkinys-montessori-lape\\\/\"]}]},{\"@type\":\"ImageObject\",\"inLanguage\":\"lv-LV\",\"@id\":\"https:\\\/\\\/kidsplay.lt\\\/produktas\\\/viga-polarb-medine-piramide-kalimo-su-plaktuku-rinkinys-montessori-lape\\\/#primaryimage\",\"url\":\"https:\\\/\\\/kidsplay.lt\\\/wp-content\\\/uploads\\\/2026\\\/04\\\/VIGA-PolarB-medine-piramide-kalimo-su-plaktuku-rinkinys-\u201eMontessori-Lape.jpg\",\"contentUrl\":\"https:\\\/\\\/kidsplay.lt\\\/wp-content\\\/uploads\\\/2026\\\/04\\\/VIGA-PolarB-medine-piramide-kalimo-su-plaktuku-rinkinys-\u201eMontessori-Lape.jpg\",\"width\":1600,\"height\":1600,\"caption\":\"VIGA PolarB medin\u0117 piramid\u0117 + kalimo su plaktuku rinkinys \u201eMontessori Lap\u0117\u201c\"},{\"@type\":\"BreadcrumbList\",\"@id\":\"https:\\\/\\\/kidsplay.lt\\\/produktas\\\/viga-polarb-medine-piramide-kalimo-su-plaktuku-rinkinys-montessori-lape\\\/#breadcrumb\",\"itemListElement\":[{\"@type\":\"ListItem\",\"position\":1,\"name\":\"Pagrindinis\",\"item\":\"https:\\\/\\\/kidsplay.lt\\\/\"},{\"@type\":\"ListItem\",\"position\":2,\"name\":\"Parduotuv\u0117\",\"item\":\"https:\\\/\\\/kidsplay.lt\\\/parduotuve\\\/\"},{\"@type\":\"ListItem\",\"position\":3,\"name\":\"VIGA PolarB medin\u0117 piramid\u0117 + kalimo su plaktuku rinkinys \u201eMontessori Lap\u0117\u201c\"}]},{\"@type\":\"WebSite\",\"@id\":\"https:\\\/\\\/kidsplay.lt\\\/#website\",\"url\":\"https:\\\/\\\/kidsplay.lt\\\/\",\"name\":\"Kidsplay.lt\",\"description\":\"\u012evairios prek\u0117s vaikams\",\"publisher\":{\"@id\":\"https:\\\/\\\/kidsplay.lt\\\/#organization\"},\"alternateName\":\"Kidsplay\",\"potentialAction\":[{\"@type\":\"SearchAction\",\"target\":{\"@type\":\"EntryPoint\",\"urlTemplate\":\"https:\\\/\\\/kidsplay.lt\\\/?s={search_term_string}\"},\"query-input\":{\"@type\":\"PropertyValueSpecification\",\"valueRequired\":true,\"valueName\":\"search_term_string\"}}],\"inLanguage\":\"lv-LV\"},{\"@type\":\"Organization\",\"@id\":\"https:\\\/\\\/kidsplay.lt\\\/#organization\",\"name\":\"KidsPlay\",\"url\":\"https:\\\/\\\/kidsplay.lt\\\/\",\"logo\":{\"@type\":\"ImageObject\",\"inLanguage\":\"lv-LV\",\"@id\":\"https:\\\/\\\/kidsplay.lt\\\/#\\\/schema\\\/logo\\\/image\\\/\",\"url\":\"https:\\\/\\\/kidsplay.lt\\\/wp-content\\\/uploads\\\/2023\\\/07\\\/kidsplay-logo.png\",\"contentUrl\":\"https:\\\/\\\/kidsplay.lt\\\/wp-content\\\/uploads\\\/2023\\\/07\\\/kidsplay-logo.png\",\"width\":451,\"height\":98,\"caption\":\"KidsPlay\"},\"image\":{\"@id\":\"https:\\\/\\\/kidsplay.lt\\\/#\\\/schema\\\/logo\\\/image\\\/\"},\"sameAs\":[\"https:\\\/\\\/www.facebook.com\\\/www.kidsplay.lt\"]}]}<\/script>\n<!-- \/ Yoast SEO plugin. -->","yoast_head_json":{"title":"VIGA PolarB koka piram\u012bda + \u0101mura komplekts &quot;Montessori lapsa&quot;\u201e","description":"VIGA PolarB medin\u0117 piramid\u0117 + kalimo su plaktuku rinkinys \u201eMontessori Lap\u0117\u201c - KidsPlay. Did\u017eiausias vaik\u0173 \u017eaisl\u0173 pasirinkimas.","robots":{"index":"index","follow":"follow","max-snippet":"max-snippet:-1","max-image-preview":"max-image-preview:large","max-video-preview":"max-video-preview:-1"},"canonical":"https:\/\/kidsplay.lt\/lv\/products\/viga-polarb-medine-piramide-kalimo-su-plaktuku-rinkinys-montessori-lape\/","og_locale":"lv_LV","og_type":"article","og_title":"VIGA PolarB medin\u0117 piramid\u0117 + kalimo su plaktuku rinkinys \u201eMontessori Lap\u0117\u201c","og_description":"VIGA PolarB medin\u0117 piramid\u0117 + kalimo su plaktuku rinkinys \u201eMontessori Lap\u0117\u201c - KidsPlay. Did\u017eiausias vaik\u0173 \u017eaisl\u0173 pasirinkimas.","og_url":"https:\/\/kidsplay.lt\/lv\/products\/viga-polarb-medine-piramide-kalimo-su-plaktuku-rinkinys-montessori-lape\/","og_site_name":"KidsPlay","article_publisher":"https:\/\/www.facebook.com\/www.kidsplay.lt","article_modified_time":"2026-04-13T10:44:03+00:00","og_image":[{"width":1600,"height":1600,"url":"https:\/\/kidsplay.lt\/wp-content\/uploads\/2026\/04\/VIGA-PolarB-medine-piramide-kalimo-su-plaktuku-rinkinys-\u201eMontessori-Lape.jpg","type":"image\/jpeg"}],"twitter_card":"summary_large_image","twitter_misc":{"Est. reading time":"1 min\u016bte"},"schema":{"@context":"https:\/\/schema.org","@graph":[{"@type":"WebPage","@id":"https:\/\/kidsplay.lt\/produktas\/viga-polarb-medine-piramide-kalimo-su-plaktuku-rinkinys-montessori-lape\/","url":"https:\/\/kidsplay.lt\/produktas\/viga-polarb-medine-piramide-kalimo-su-plaktuku-rinkinys-montessori-lape\/","name":"VIGA PolarB koka piram\u012bda + \u0101mura komplekts &quot;Montessori lapsa&quot;\u201e","isPartOf":{"@id":"https:\/\/kidsplay.lt\/#website"},"primaryImageOfPage":{"@id":"https:\/\/kidsplay.lt\/produktas\/viga-polarb-medine-piramide-kalimo-su-plaktuku-rinkinys-montessori-lape\/#primaryimage"},"image":{"@id":"https:\/\/kidsplay.lt\/produktas\/viga-polarb-medine-piramide-kalimo-su-plaktuku-rinkinys-montessori-lape\/#primaryimage"},"thumbnailUrl":"https:\/\/kidsplay.lt\/wp-content\/uploads\/2026\/04\/VIGA-PolarB-medine-piramide-kalimo-su-plaktuku-rinkinys-\u201eMontessori-Lape.jpg","datePublished":"2026-04-04T04:56:26+00:00","dateModified":"2026-04-13T10:44:03+00:00","description":"VIGA PolarB medin\u0117 piramid\u0117 + kalimo su plaktuku rinkinys \u201eMontessori Lap\u0117\u201c - KidsPlay. Did\u017eiausias vaik\u0173 \u017eaisl\u0173 pasirinkimas.","breadcrumb":{"@id":"https:\/\/kidsplay.lt\/produktas\/viga-polarb-medine-piramide-kalimo-su-plaktuku-rinkinys-montessori-lape\/#breadcrumb"},"inLanguage":"lv-LV","potentialAction":[{"@type":"ReadAction","target":["https:\/\/kidsplay.lt\/produktas\/viga-polarb-medine-piramide-kalimo-su-plaktuku-rinkinys-montessori-lape\/"]}]},{"@type":"ImageObject","inLanguage":"lv-LV","@id":"https:\/\/kidsplay.lt\/produktas\/viga-polarb-medine-piramide-kalimo-su-plaktuku-rinkinys-montessori-lape\/#primaryimage","url":"https:\/\/kidsplay.lt\/wp-content\/uploads\/2026\/04\/VIGA-PolarB-medine-piramide-kalimo-su-plaktuku-rinkinys-\u201eMontessori-Lape.jpg","contentUrl":"https:\/\/kidsplay.lt\/wp-content\/uploads\/2026\/04\/VIGA-PolarB-medine-piramide-kalimo-su-plaktuku-rinkinys-\u201eMontessori-Lape.jpg","width":1600,"height":1600,"caption":"VIGA PolarB medin\u0117 piramid\u0117 + kalimo su plaktuku rinkinys \u201eMontessori Lap\u0117\u201c"},{"@type":"BreadcrumbList","@id":"https:\/\/kidsplay.lt\/produktas\/viga-polarb-medine-piramide-kalimo-su-plaktuku-rinkinys-montessori-lape\/#breadcrumb","itemListElement":[{"@type":"ListItem","position":1,"name":"Pagrindinis","item":"https:\/\/kidsplay.lt\/"},{"@type":"ListItem","position":2,"name":"Parduotuv\u0117","item":"https:\/\/kidsplay.lt\/parduotuve\/"},{"@type":"ListItem","position":3,"name":"VIGA PolarB medin\u0117 piramid\u0117 + kalimo su plaktuku rinkinys \u201eMontessori Lap\u0117\u201c"}]},{"@type":"WebSite","@id":"https:\/\/kidsplay.lt\/#website","url":"https:\/\/kidsplay.lt\/","name":"B\u0113rnu sp\u0113les.lv","description":"\u012evairios prek\u0117s vaikams","publisher":{"@id":"https:\/\/kidsplay.lt\/#organization"},"alternateName":"Kidsplay","potentialAction":[{"@type":"SearchAction","target":{"@type":"EntryPoint","urlTemplate":"https:\/\/kidsplay.lt\/?s={search_term_string}"},"query-input":{"@type":"PropertyValueSpecification","valueRequired":true,"valueName":"search_term_string"}}],"inLanguage":"lv-LV"},{"@type":"Organization","@id":"https:\/\/kidsplay.lt\/#organization","name":"B\u0113rnu sp\u0113le","url":"https:\/\/kidsplay.lt\/","logo":{"@type":"ImageObject","inLanguage":"lv-LV","@id":"https:\/\/kidsplay.lt\/#\/schema\/logo\/image\/","url":"https:\/\/kidsplay.lt\/wp-content\/uploads\/2023\/07\/kidsplay-logo.png","contentUrl":"https:\/\/kidsplay.lt\/wp-content\/uploads\/2023\/07\/kidsplay-logo.png","width":451,"height":98,"caption":"KidsPlay"},"image":{"@id":"https:\/\/kidsplay.lt\/#\/schema\/logo\/image\/"},"sameAs":["https:\/\/www.facebook.com\/www.kidsplay.lt"]}]}},"_links":{"self":[{"href":"https:\/\/kidsplay.lt\/lv\/wp-json\/wp\/v2\/product\/99423","targetHints":{"allow":["GET"]}}],"collection":[{"href":"https:\/\/kidsplay.lt\/lv\/wp-json\/wp\/v2\/product"}],"about":[{"href":"https:\/\/kidsplay.lt\/lv\/wp-json\/wp\/v2\/types\/product"}],"version-history":[{"count":1,"href":"https:\/\/kidsplay.lt\/lv\/wp-json\/wp\/v2\/product\/99423\/revisions"}],"predecessor-version":[{"id":99424,"href":"https:\/\/kidsplay.lt\/lv\/wp-json\/wp\/v2\/product\/99423\/revisions\/99424"}],"wp:featuredmedia":[{"embeddable":true,"href":"https:\/\/kidsplay.lt\/lv\/wp-json\/wp\/v2\/media\/99425"}],"wp:attachment":[{"href":"https:\/\/kidsplay.lt\/lv\/wp-json\/wp\/v2\/media?parent=99423"}],"wp:term":[{"taxonomy":"product_brand","embeddable":true,"href":"https:\/\/kidsplay.lt\/lv\/wp-json\/wp\/v2\/product_brand?post=99423"},{"taxonomy":"product_cat","embeddable":true,"href":"https:\/\/kidsplay.lt\/lv\/wp-json\/wp\/v2\/product_cat?post=99423"},{"taxonomy":"product_tag","embeddable":true,"href":"https:\/\/kidsplay.lt\/lv\/wp-json\/wp\/v2\/product_tag?post=99423"}],"curies":[{"name":"wp","href":"https:\/\/api.w.org\/{rel}","templated":true}]}}