{"id":99436,"date":"2026-04-04T07:57:01","date_gmt":"2026-04-04T04:57:01","guid":{"rendered":"https:\/\/kidsplay.lt\/produktas\/viga-sluoksniuojama-delione-fermos-gyvunai\/"},"modified":"2026-04-18T18:30:25","modified_gmt":"2026-04-18T15:30:25","slug":"viga-sluoksniuojama-delione-fermos-gyvunai","status":"publish","type":"product","link":"https:\/\/kidsplay.lt\/lv\/products\/viga-sluoksniuojama-delione-fermos-gyvunai\/","title":{"rendered":"VIGA sl\u0101\u0146veida puzle &quot;Lauku dz\u012bvnieki&quot;\u201e"},"content":{"rendered":"<p>Atraskite \u0161i\u0105 \u012fdomi\u0105 balansavimo d\u0117lion\u0119 i\u0161 Viga Toys, kuri nukels j\u016bs\u0173 ma\u017eyl\u012f \u012f spalving\u0105 fermos pasaul\u012f. Tai ne tik smagus \u017eaidimas \u2013 jis moko pusiausvyros ir kantryb\u0117s, nes vaikai deda fig\u016br\u0117les vien\u0105 ant kitos, kurdami bok\u0161tus, kuriems reikia tikslumo ir kruop\u0161tumo. \u017daisl\u0105 sudaro 12 medini\u0173, patogi\u0173 laikyti fig\u016br\u0117li\u0173, o visas rinkinys supakuotas \u012f prakti\u0161k\u0105 medvilnin\u012f mai\u0161el\u012f, puikiai tinkant\u012f laikymui. \u0160is rinkinys padeda lavinti rank\u0173 ir aki\u0173 koordinacij\u0105, smulki\u0105j\u0105 motorik\u0105 bei koncentracij\u0105 \u2013 ir visa tai per smag\u0173 \u017eaidim\u0105 kuriant fermos scenas.<br \/>\nRaksturojums:<\/p>\n<p>B\u0113rniem no 18 m\u0113ne\u0161u vecuma<\/p>\n<p>Med\u017eiaga: mediena<\/p>\n<p>Ry\u0161kios, \u012fvairiaspalv\u0117s spalvos patraukia vaik\u0173 d\u0117mes\u012f<\/p>\n<p>Fig\u016br\u0117les galima d\u0117lioti viena ant kitos arba naudoti atskiram \u017eaidimui<\/p>\n<p>Puiki dovanos id\u0117ja<\/p>\n<p>Komplekt\u0101 ietilpst:<\/p>\n<p>12 medini\u0173 fermos gyv\u016bn\u0173 fig\u016br\u0117li\u0173<\/p>\n<p>Medvilninis mai\u0161elis laikymui<\/p>","protected":false},"excerpt":{"rendered":"<p>Atraskite \u0161i\u0105 \u012fdomi\u0105 balansavimo d\u0117lion\u0119 i\u0161 Viga Toys, kuri nukels j\u016bs\u0173 ma\u017eyl\u012f \u012f spalving\u0105 fermos pasaul\u012f. Tai ne tik smagus<\/p>","protected":false},"featured_media":99438,"template":"","meta":{"_acf_changed":false,"_glsr_average":0,"_glsr_ranking":0,"_glsr_reviews":0},"product_brand":[],"product_cat":[397,883],"product_tag":[],"class_list":{"0":"post-99436","1":"product","2":"type-product","3":"status-publish","4":"has-post-thumbnail","6":"product_cat-medines-deliones-mediniai-zaislai","7":"product_cat-mediniai-zaislai-2","8":"\"style=\"background-color: #2ecc711c;\"","10":"first","11":"instock","12":"purchasable","13":"product-type-simple"},"acf":[],"yoast_head":"<!-- This site is optimized with the Yoast SEO plugin v27.4 - https:\/\/yoast.com\/product\/yoast-seo-wordpress\/ -->\n<title>VIGA sluoksniuojama d\u0117lion\u0117 \u201eFermos gyv\u016bnai\u201c<\/title>\n<meta name=\"description\" content=\"VIGA sluoksniuojama d\u0117lion\u0117 \u201eFermos gyv\u016bnai\u201c - KidsPlay. Did\u017eiausias vaik\u0173 \u017eaisl\u0173 pasirinkimas.\" \/>\n<meta name=\"robots\" content=\"index, follow, max-snippet:-1, max-image-preview:large, max-video-preview:-1\" \/>\n<link rel=\"canonical\" href=\"https:\/\/kidsplay.lt\/lv\/products\/viga-sluoksniuojama-delione-fermos-gyvunai\/\" \/>\n<meta property=\"og:locale\" content=\"lv_LV\" \/>\n<meta property=\"og:type\" content=\"article\" \/>\n<meta property=\"og:title\" content=\"VIGA sluoksniuojama d\u0117lion\u0117 \u201eFermos gyv\u016bnai\u201c\" \/>\n<meta property=\"og:description\" content=\"VIGA sluoksniuojama d\u0117lion\u0117 \u201eFermos gyv\u016bnai\u201c - KidsPlay. Did\u017eiausias vaik\u0173 \u017eaisl\u0173 pasirinkimas.\" \/>\n<meta property=\"og:url\" content=\"https:\/\/kidsplay.lt\/lv\/products\/viga-sluoksniuojama-delione-fermos-gyvunai\/\" \/>\n<meta property=\"og:site_name\" content=\"KidsPlay\" \/>\n<meta property=\"article:publisher\" content=\"https:\/\/www.facebook.com\/www.kidsplay.lt\" \/>\n<meta property=\"article:modified_time\" content=\"2026-04-18T15:30:25+00:00\" \/>\n<meta property=\"og:image\" content=\"https:\/\/kidsplay.lt\/wp-content\/uploads\/2026\/04\/VIGA-sluoksniuojama-delione-\u201eFermos-gyvunai.jpg\" \/>\n\t<meta property=\"og:image:width\" content=\"2560\" \/>\n\t<meta property=\"og:image:height\" content=\"2560\" \/>\n\t<meta property=\"og:image:type\" content=\"image\/jpeg\" \/>\n<meta name=\"twitter:card\" content=\"summary_large_image\" \/>\n<meta name=\"twitter:label1\" content=\"Est. reading time\" \/>\n\t<meta name=\"twitter:data1\" content=\"1 min\u016bte\" \/>\n<script type=\"application\/ld+json\" class=\"yoast-schema-graph\">{\"@context\":\"https:\\\/\\\/schema.org\",\"@graph\":[{\"@type\":\"WebPage\",\"@id\":\"https:\\\/\\\/kidsplay.lt\\\/produktas\\\/viga-sluoksniuojama-delione-fermos-gyvunai\\\/\",\"url\":\"https:\\\/\\\/kidsplay.lt\\\/produktas\\\/viga-sluoksniuojama-delione-fermos-gyvunai\\\/\",\"name\":\"VIGA sluoksniuojama d\u0117lion\u0117 \u201eFermos gyv\u016bnai\u201c\",\"isPartOf\":{\"@id\":\"https:\\\/\\\/kidsplay.lt\\\/#website\"},\"primaryImageOfPage\":{\"@id\":\"https:\\\/\\\/kidsplay.lt\\\/produktas\\\/viga-sluoksniuojama-delione-fermos-gyvunai\\\/#primaryimage\"},\"image\":{\"@id\":\"https:\\\/\\\/kidsplay.lt\\\/produktas\\\/viga-sluoksniuojama-delione-fermos-gyvunai\\\/#primaryimage\"},\"thumbnailUrl\":\"https:\\\/\\\/kidsplay.lt\\\/wp-content\\\/uploads\\\/2026\\\/04\\\/VIGA-sluoksniuojama-delione-\u201eFermos-gyvunai.jpg\",\"datePublished\":\"2026-04-04T04:57:01+00:00\",\"dateModified\":\"2026-04-18T15:30:25+00:00\",\"description\":\"VIGA sluoksniuojama d\u0117lion\u0117 \u201eFermos gyv\u016bnai\u201c - KidsPlay. Did\u017eiausias vaik\u0173 \u017eaisl\u0173 pasirinkimas.\",\"breadcrumb\":{\"@id\":\"https:\\\/\\\/kidsplay.lt\\\/produktas\\\/viga-sluoksniuojama-delione-fermos-gyvunai\\\/#breadcrumb\"},\"inLanguage\":\"lv-LV\",\"potentialAction\":[{\"@type\":\"ReadAction\",\"target\":[\"https:\\\/\\\/kidsplay.lt\\\/produktas\\\/viga-sluoksniuojama-delione-fermos-gyvunai\\\/\"]}]},{\"@type\":\"ImageObject\",\"inLanguage\":\"lv-LV\",\"@id\":\"https:\\\/\\\/kidsplay.lt\\\/produktas\\\/viga-sluoksniuojama-delione-fermos-gyvunai\\\/#primaryimage\",\"url\":\"https:\\\/\\\/kidsplay.lt\\\/wp-content\\\/uploads\\\/2026\\\/04\\\/VIGA-sluoksniuojama-delione-\u201eFermos-gyvunai.jpg\",\"contentUrl\":\"https:\\\/\\\/kidsplay.lt\\\/wp-content\\\/uploads\\\/2026\\\/04\\\/VIGA-sluoksniuojama-delione-\u201eFermos-gyvunai.jpg\",\"width\":2560,\"height\":2560,\"caption\":\"VIGA sluoksniuojama d\u0117lion\u0117 \u201eFermos gyv\u016bnai\u201c\"},{\"@type\":\"BreadcrumbList\",\"@id\":\"https:\\\/\\\/kidsplay.lt\\\/produktas\\\/viga-sluoksniuojama-delione-fermos-gyvunai\\\/#breadcrumb\",\"itemListElement\":[{\"@type\":\"ListItem\",\"position\":1,\"name\":\"Pagrindinis\",\"item\":\"https:\\\/\\\/kidsplay.lt\\\/\"},{\"@type\":\"ListItem\",\"position\":2,\"name\":\"Parduotuv\u0117\",\"item\":\"https:\\\/\\\/kidsplay.lt\\\/parduotuve\\\/\"},{\"@type\":\"ListItem\",\"position\":3,\"name\":\"VIGA sluoksniuojama d\u0117lion\u0117 \u201eFermos gyv\u016bnai\u201c\"}]},{\"@type\":\"WebSite\",\"@id\":\"https:\\\/\\\/kidsplay.lt\\\/#website\",\"url\":\"https:\\\/\\\/kidsplay.lt\\\/\",\"name\":\"Kidsplay.lt\",\"description\":\"\u012evairios prek\u0117s vaikams\",\"publisher\":{\"@id\":\"https:\\\/\\\/kidsplay.lt\\\/#organization\"},\"alternateName\":\"Kidsplay\",\"potentialAction\":[{\"@type\":\"SearchAction\",\"target\":{\"@type\":\"EntryPoint\",\"urlTemplate\":\"https:\\\/\\\/kidsplay.lt\\\/?s={search_term_string}\"},\"query-input\":{\"@type\":\"PropertyValueSpecification\",\"valueRequired\":true,\"valueName\":\"search_term_string\"}}],\"inLanguage\":\"lv-LV\"},{\"@type\":\"Organization\",\"@id\":\"https:\\\/\\\/kidsplay.lt\\\/#organization\",\"name\":\"KidsPlay\",\"url\":\"https:\\\/\\\/kidsplay.lt\\\/\",\"logo\":{\"@type\":\"ImageObject\",\"inLanguage\":\"lv-LV\",\"@id\":\"https:\\\/\\\/kidsplay.lt\\\/#\\\/schema\\\/logo\\\/image\\\/\",\"url\":\"https:\\\/\\\/kidsplay.lt\\\/wp-content\\\/uploads\\\/2023\\\/07\\\/kidsplay-logo.png\",\"contentUrl\":\"https:\\\/\\\/kidsplay.lt\\\/wp-content\\\/uploads\\\/2023\\\/07\\\/kidsplay-logo.png\",\"width\":451,\"height\":98,\"caption\":\"KidsPlay\"},\"image\":{\"@id\":\"https:\\\/\\\/kidsplay.lt\\\/#\\\/schema\\\/logo\\\/image\\\/\"},\"sameAs\":[\"https:\\\/\\\/www.facebook.com\\\/www.kidsplay.lt\"]}]}<\/script>\n<!-- \/ Yoast SEO plugin. -->","yoast_head_json":{"title":"VIGA sl\u0101\u0146veida puzle &quot;Lauku dz\u012bvnieki&quot;\u201e","description":"VIGA sluoksniuojama d\u0117lion\u0117 \u201eFermos gyv\u016bnai\u201c - KidsPlay. Did\u017eiausias vaik\u0173 \u017eaisl\u0173 pasirinkimas.","robots":{"index":"index","follow":"follow","max-snippet":"max-snippet:-1","max-image-preview":"max-image-preview:large","max-video-preview":"max-video-preview:-1"},"canonical":"https:\/\/kidsplay.lt\/lv\/products\/viga-sluoksniuojama-delione-fermos-gyvunai\/","og_locale":"lv_LV","og_type":"article","og_title":"VIGA sluoksniuojama d\u0117lion\u0117 \u201eFermos gyv\u016bnai\u201c","og_description":"VIGA sluoksniuojama d\u0117lion\u0117 \u201eFermos gyv\u016bnai\u201c - KidsPlay. Did\u017eiausias vaik\u0173 \u017eaisl\u0173 pasirinkimas.","og_url":"https:\/\/kidsplay.lt\/lv\/products\/viga-sluoksniuojama-delione-fermos-gyvunai\/","og_site_name":"KidsPlay","article_publisher":"https:\/\/www.facebook.com\/www.kidsplay.lt","article_modified_time":"2026-04-18T15:30:25+00:00","og_image":[{"width":2560,"height":2560,"url":"https:\/\/kidsplay.lt\/wp-content\/uploads\/2026\/04\/VIGA-sluoksniuojama-delione-\u201eFermos-gyvunai.jpg","type":"image\/jpeg"}],"twitter_card":"summary_large_image","twitter_misc":{"Est. reading time":"1 min\u016bte"},"schema":{"@context":"https:\/\/schema.org","@graph":[{"@type":"WebPage","@id":"https:\/\/kidsplay.lt\/produktas\/viga-sluoksniuojama-delione-fermos-gyvunai\/","url":"https:\/\/kidsplay.lt\/produktas\/viga-sluoksniuojama-delione-fermos-gyvunai\/","name":"VIGA sl\u0101\u0146veida puzle &quot;Lauku dz\u012bvnieki&quot;\u201e","isPartOf":{"@id":"https:\/\/kidsplay.lt\/#website"},"primaryImageOfPage":{"@id":"https:\/\/kidsplay.lt\/produktas\/viga-sluoksniuojama-delione-fermos-gyvunai\/#primaryimage"},"image":{"@id":"https:\/\/kidsplay.lt\/produktas\/viga-sluoksniuojama-delione-fermos-gyvunai\/#primaryimage"},"thumbnailUrl":"https:\/\/kidsplay.lt\/wp-content\/uploads\/2026\/04\/VIGA-sluoksniuojama-delione-\u201eFermos-gyvunai.jpg","datePublished":"2026-04-04T04:57:01+00:00","dateModified":"2026-04-18T15:30:25+00:00","description":"VIGA sluoksniuojama d\u0117lion\u0117 \u201eFermos gyv\u016bnai\u201c - KidsPlay. Did\u017eiausias vaik\u0173 \u017eaisl\u0173 pasirinkimas.","breadcrumb":{"@id":"https:\/\/kidsplay.lt\/produktas\/viga-sluoksniuojama-delione-fermos-gyvunai\/#breadcrumb"},"inLanguage":"lv-LV","potentialAction":[{"@type":"ReadAction","target":["https:\/\/kidsplay.lt\/produktas\/viga-sluoksniuojama-delione-fermos-gyvunai\/"]}]},{"@type":"ImageObject","inLanguage":"lv-LV","@id":"https:\/\/kidsplay.lt\/produktas\/viga-sluoksniuojama-delione-fermos-gyvunai\/#primaryimage","url":"https:\/\/kidsplay.lt\/wp-content\/uploads\/2026\/04\/VIGA-sluoksniuojama-delione-\u201eFermos-gyvunai.jpg","contentUrl":"https:\/\/kidsplay.lt\/wp-content\/uploads\/2026\/04\/VIGA-sluoksniuojama-delione-\u201eFermos-gyvunai.jpg","width":2560,"height":2560,"caption":"VIGA sluoksniuojama d\u0117lion\u0117 \u201eFermos gyv\u016bnai\u201c"},{"@type":"BreadcrumbList","@id":"https:\/\/kidsplay.lt\/produktas\/viga-sluoksniuojama-delione-fermos-gyvunai\/#breadcrumb","itemListElement":[{"@type":"ListItem","position":1,"name":"Pagrindinis","item":"https:\/\/kidsplay.lt\/"},{"@type":"ListItem","position":2,"name":"Parduotuv\u0117","item":"https:\/\/kidsplay.lt\/parduotuve\/"},{"@type":"ListItem","position":3,"name":"VIGA sluoksniuojama d\u0117lion\u0117 \u201eFermos gyv\u016bnai\u201c"}]},{"@type":"WebSite","@id":"https:\/\/kidsplay.lt\/#website","url":"https:\/\/kidsplay.lt\/","name":"B\u0113rnu sp\u0113les.lv","description":"\u012evairios prek\u0117s vaikams","publisher":{"@id":"https:\/\/kidsplay.lt\/#organization"},"alternateName":"Kidsplay","potentialAction":[{"@type":"SearchAction","target":{"@type":"EntryPoint","urlTemplate":"https:\/\/kidsplay.lt\/?s={search_term_string}"},"query-input":{"@type":"PropertyValueSpecification","valueRequired":true,"valueName":"search_term_string"}}],"inLanguage":"lv-LV"},{"@type":"Organization","@id":"https:\/\/kidsplay.lt\/#organization","name":"B\u0113rnu sp\u0113le","url":"https:\/\/kidsplay.lt\/","logo":{"@type":"ImageObject","inLanguage":"lv-LV","@id":"https:\/\/kidsplay.lt\/#\/schema\/logo\/image\/","url":"https:\/\/kidsplay.lt\/wp-content\/uploads\/2023\/07\/kidsplay-logo.png","contentUrl":"https:\/\/kidsplay.lt\/wp-content\/uploads\/2023\/07\/kidsplay-logo.png","width":451,"height":98,"caption":"KidsPlay"},"image":{"@id":"https:\/\/kidsplay.lt\/#\/schema\/logo\/image\/"},"sameAs":["https:\/\/www.facebook.com\/www.kidsplay.lt"]}]}},"_links":{"self":[{"href":"https:\/\/kidsplay.lt\/lv\/wp-json\/wp\/v2\/product\/99436","targetHints":{"allow":["GET"]}}],"collection":[{"href":"https:\/\/kidsplay.lt\/lv\/wp-json\/wp\/v2\/product"}],"about":[{"href":"https:\/\/kidsplay.lt\/lv\/wp-json\/wp\/v2\/types\/product"}],"version-history":[{"count":1,"href":"https:\/\/kidsplay.lt\/lv\/wp-json\/wp\/v2\/product\/99436\/revisions"}],"predecessor-version":[{"id":99437,"href":"https:\/\/kidsplay.lt\/lv\/wp-json\/wp\/v2\/product\/99436\/revisions\/99437"}],"wp:featuredmedia":[{"embeddable":true,"href":"https:\/\/kidsplay.lt\/lv\/wp-json\/wp\/v2\/media\/99438"}],"wp:attachment":[{"href":"https:\/\/kidsplay.lt\/lv\/wp-json\/wp\/v2\/media?parent=99436"}],"wp:term":[{"taxonomy":"product_brand","embeddable":true,"href":"https:\/\/kidsplay.lt\/lv\/wp-json\/wp\/v2\/product_brand?post=99436"},{"taxonomy":"product_cat","embeddable":true,"href":"https:\/\/kidsplay.lt\/lv\/wp-json\/wp\/v2\/product_cat?post=99436"},{"taxonomy":"product_tag","embeddable":true,"href":"https:\/\/kidsplay.lt\/lv\/wp-json\/wp\/v2\/product_tag?post=99436"}],"curies":[{"name":"wp","href":"https:\/\/api.w.org\/{rel}","templated":true}]}}