{"id":99450,"date":"2026-04-04T07:58:01","date_gmt":"2026-04-04T04:58:01","guid":{"rendered":"https:\/\/kidsplay.lt\/produktas\/viga-edukacines-medines-gyvunu-deliones\/"},"modified":"2026-04-13T13:44:29","modified_gmt":"2026-04-13T10:44:29","slug":"viga-edukacines-medines-gyvunu-deliones","status":"publish","type":"product","link":"https:\/\/kidsplay.lt\/lv\/products\/viga-edukacines-medines-gyvunu-deliones\/","title":{"rendered":"VIGA izgl\u012btojo\u0161as koka dz\u012bvnieku puzles"},"content":{"rendered":"<p>Edukaciniai blokeliai su paveiksl\u0117liais, vaizduojan\u010diais gyv\u016bnus. Pagaminti visi\u0161kai i\u0161 medienos ir nuda\u017eyti spalvingais da\u017eais, rinkin\u012f sudaro 18 detali\u0173 \u2013 kiekviena padalinta per pus\u0119, o vaiko u\u017eduotis \u2013 jas sujungti ir sud\u0117ti \u012f specialias r\u0117melius. Tokiu b\u016bdu vaikas pirmiausia mokosi spalv\u0173 ir form\u0173 atpa\u017einimo.<br \/>\nVisas rinkinys pagamintas i\u0161 lakuotos medienos ir nuda\u017eytas netoksi\u0161kais, ry\u0161kiomis spalvomis da\u017eais, kurie d\u017eiugins kiekvien\u0105 vaik\u0105 ir suteiks daug smagumo.<\/p>","protected":false},"excerpt":{"rendered":"<p>Edukaciniai blokeliai su paveiksl\u0117liais, vaizduojan\u010diais gyv\u016bnus. Pagaminti visi\u0161kai i\u0161 medienos ir nuda\u017eyti spalvingais da\u017eais, rinkin\u012f sudaro 18 detali\u0173 \u2013 kiekviena<\/p>","protected":false},"featured_media":99452,"template":"","meta":{"_acf_changed":false,"_glsr_average":0,"_glsr_ranking":0,"_glsr_reviews":0},"product_brand":[],"product_cat":[397,883],"product_tag":[],"class_list":{"0":"post-99450","1":"product","2":"type-product","3":"status-publish","4":"has-post-thumbnail","6":"product_cat-medines-deliones-mediniai-zaislai","7":"product_cat-mediniai-zaislai-2","8":"\"style=\"background-color: #2ecc711c;\"","10":"first","11":"instock","12":"purchasable","13":"product-type-simple"},"acf":[],"yoast_head":"<!-- This site is optimized with the Yoast SEO plugin v27.3 - https:\/\/yoast.com\/product\/yoast-seo-wordpress\/ -->\n<title>VIGA edukacin\u0117s medin\u0117s gyv\u016bn\u0173 d\u0117lion\u0117s<\/title>\n<meta name=\"description\" content=\"VIGA edukacin\u0117s medin\u0117s gyv\u016bn\u0173 d\u0117lion\u0117s - KidsPlay. Did\u017eiausias vaik\u0173 \u017eaisl\u0173 pasirinkimas.\" \/>\n<meta name=\"robots\" content=\"index, follow, max-snippet:-1, max-image-preview:large, max-video-preview:-1\" \/>\n<link rel=\"canonical\" href=\"https:\/\/kidsplay.lt\/lv\/products\/viga-edukacines-medines-gyvunu-deliones\/\" \/>\n<meta property=\"og:locale\" content=\"lv_LV\" \/>\n<meta property=\"og:type\" content=\"article\" \/>\n<meta property=\"og:title\" content=\"VIGA edukacin\u0117s medin\u0117s gyv\u016bn\u0173 d\u0117lion\u0117s\" \/>\n<meta property=\"og:description\" content=\"VIGA edukacin\u0117s medin\u0117s gyv\u016bn\u0173 d\u0117lion\u0117s - KidsPlay. Did\u017eiausias vaik\u0173 \u017eaisl\u0173 pasirinkimas.\" \/>\n<meta property=\"og:url\" content=\"https:\/\/kidsplay.lt\/lv\/products\/viga-edukacines-medines-gyvunu-deliones\/\" \/>\n<meta property=\"og:site_name\" content=\"KidsPlay\" \/>\n<meta property=\"article:publisher\" content=\"https:\/\/www.facebook.com\/www.kidsplay.lt\" \/>\n<meta property=\"article:modified_time\" content=\"2026-04-13T10:44:29+00:00\" \/>\n<meta property=\"og:image\" content=\"https:\/\/kidsplay.lt\/wp-content\/uploads\/2026\/04\/VIGA-edukacines-medines-gyvunu-deliones.jpg\" \/>\n\t<meta property=\"og:image:width\" content=\"1200\" \/>\n\t<meta property=\"og:image:height\" content=\"1200\" \/>\n\t<meta property=\"og:image:type\" content=\"image\/jpeg\" \/>\n<meta name=\"twitter:card\" content=\"summary_large_image\" \/>\n<script type=\"application\/ld+json\" class=\"yoast-schema-graph\">{\"@context\":\"https:\\\/\\\/schema.org\",\"@graph\":[{\"@type\":\"WebPage\",\"@id\":\"https:\\\/\\\/kidsplay.lt\\\/produktas\\\/viga-edukacines-medines-gyvunu-deliones\\\/\",\"url\":\"https:\\\/\\\/kidsplay.lt\\\/produktas\\\/viga-edukacines-medines-gyvunu-deliones\\\/\",\"name\":\"VIGA edukacin\u0117s medin\u0117s gyv\u016bn\u0173 d\u0117lion\u0117s\",\"isPartOf\":{\"@id\":\"https:\\\/\\\/kidsplay.lt\\\/#website\"},\"primaryImageOfPage\":{\"@id\":\"https:\\\/\\\/kidsplay.lt\\\/produktas\\\/viga-edukacines-medines-gyvunu-deliones\\\/#primaryimage\"},\"image\":{\"@id\":\"https:\\\/\\\/kidsplay.lt\\\/produktas\\\/viga-edukacines-medines-gyvunu-deliones\\\/#primaryimage\"},\"thumbnailUrl\":\"https:\\\/\\\/kidsplay.lt\\\/wp-content\\\/uploads\\\/2026\\\/04\\\/VIGA-edukacines-medines-gyvunu-deliones.jpg\",\"datePublished\":\"2026-04-04T04:58:01+00:00\",\"dateModified\":\"2026-04-13T10:44:29+00:00\",\"description\":\"VIGA edukacin\u0117s medin\u0117s gyv\u016bn\u0173 d\u0117lion\u0117s - KidsPlay. Did\u017eiausias vaik\u0173 \u017eaisl\u0173 pasirinkimas.\",\"breadcrumb\":{\"@id\":\"https:\\\/\\\/kidsplay.lt\\\/produktas\\\/viga-edukacines-medines-gyvunu-deliones\\\/#breadcrumb\"},\"inLanguage\":\"lv-LV\",\"potentialAction\":[{\"@type\":\"ReadAction\",\"target\":[\"https:\\\/\\\/kidsplay.lt\\\/produktas\\\/viga-edukacines-medines-gyvunu-deliones\\\/\"]}]},{\"@type\":\"ImageObject\",\"inLanguage\":\"lv-LV\",\"@id\":\"https:\\\/\\\/kidsplay.lt\\\/produktas\\\/viga-edukacines-medines-gyvunu-deliones\\\/#primaryimage\",\"url\":\"https:\\\/\\\/kidsplay.lt\\\/wp-content\\\/uploads\\\/2026\\\/04\\\/VIGA-edukacines-medines-gyvunu-deliones.jpg\",\"contentUrl\":\"https:\\\/\\\/kidsplay.lt\\\/wp-content\\\/uploads\\\/2026\\\/04\\\/VIGA-edukacines-medines-gyvunu-deliones.jpg\",\"width\":1200,\"height\":1200,\"caption\":\"VIGA edukacin\u0117s medin\u0117s gyv\u016bn\u0173 d\u0117lion\u0117s\"},{\"@type\":\"BreadcrumbList\",\"@id\":\"https:\\\/\\\/kidsplay.lt\\\/produktas\\\/viga-edukacines-medines-gyvunu-deliones\\\/#breadcrumb\",\"itemListElement\":[{\"@type\":\"ListItem\",\"position\":1,\"name\":\"Pagrindinis\",\"item\":\"https:\\\/\\\/kidsplay.lt\\\/\"},{\"@type\":\"ListItem\",\"position\":2,\"name\":\"Parduotuv\u0117\",\"item\":\"https:\\\/\\\/kidsplay.lt\\\/parduotuve\\\/\"},{\"@type\":\"ListItem\",\"position\":3,\"name\":\"VIGA edukacin\u0117s medin\u0117s gyv\u016bn\u0173 d\u0117lion\u0117s\"}]},{\"@type\":\"WebSite\",\"@id\":\"https:\\\/\\\/kidsplay.lt\\\/#website\",\"url\":\"https:\\\/\\\/kidsplay.lt\\\/\",\"name\":\"Kidsplay.lt\",\"description\":\"\u012evairios prek\u0117s vaikams\",\"publisher\":{\"@id\":\"https:\\\/\\\/kidsplay.lt\\\/#organization\"},\"alternateName\":\"Kidsplay\",\"potentialAction\":[{\"@type\":\"SearchAction\",\"target\":{\"@type\":\"EntryPoint\",\"urlTemplate\":\"https:\\\/\\\/kidsplay.lt\\\/?s={search_term_string}\"},\"query-input\":{\"@type\":\"PropertyValueSpecification\",\"valueRequired\":true,\"valueName\":\"search_term_string\"}}],\"inLanguage\":\"lv-LV\"},{\"@type\":\"Organization\",\"@id\":\"https:\\\/\\\/kidsplay.lt\\\/#organization\",\"name\":\"KidsPlay\",\"url\":\"https:\\\/\\\/kidsplay.lt\\\/\",\"logo\":{\"@type\":\"ImageObject\",\"inLanguage\":\"lv-LV\",\"@id\":\"https:\\\/\\\/kidsplay.lt\\\/#\\\/schema\\\/logo\\\/image\\\/\",\"url\":\"https:\\\/\\\/kidsplay.lt\\\/wp-content\\\/uploads\\\/2023\\\/07\\\/kidsplay-logo.png\",\"contentUrl\":\"https:\\\/\\\/kidsplay.lt\\\/wp-content\\\/uploads\\\/2023\\\/07\\\/kidsplay-logo.png\",\"width\":451,\"height\":98,\"caption\":\"KidsPlay\"},\"image\":{\"@id\":\"https:\\\/\\\/kidsplay.lt\\\/#\\\/schema\\\/logo\\\/image\\\/\"},\"sameAs\":[\"https:\\\/\\\/www.facebook.com\\\/www.kidsplay.lt\"]}]}<\/script>\n<!-- \/ Yoast SEO plugin. -->","yoast_head_json":{"title":"VIGA izgl\u012btojo\u0161as koka dz\u012bvnieku puzles","description":"VIGA edukacin\u0117s medin\u0117s gyv\u016bn\u0173 d\u0117lion\u0117s - KidsPlay. Did\u017eiausias vaik\u0173 \u017eaisl\u0173 pasirinkimas.","robots":{"index":"index","follow":"follow","max-snippet":"max-snippet:-1","max-image-preview":"max-image-preview:large","max-video-preview":"max-video-preview:-1"},"canonical":"https:\/\/kidsplay.lt\/lv\/products\/viga-edukacines-medines-gyvunu-deliones\/","og_locale":"lv_LV","og_type":"article","og_title":"VIGA edukacin\u0117s medin\u0117s gyv\u016bn\u0173 d\u0117lion\u0117s","og_description":"VIGA edukacin\u0117s medin\u0117s gyv\u016bn\u0173 d\u0117lion\u0117s - KidsPlay. Did\u017eiausias vaik\u0173 \u017eaisl\u0173 pasirinkimas.","og_url":"https:\/\/kidsplay.lt\/lv\/products\/viga-edukacines-medines-gyvunu-deliones\/","og_site_name":"KidsPlay","article_publisher":"https:\/\/www.facebook.com\/www.kidsplay.lt","article_modified_time":"2026-04-13T10:44:29+00:00","og_image":[{"width":1200,"height":1200,"url":"https:\/\/kidsplay.lt\/wp-content\/uploads\/2026\/04\/VIGA-edukacines-medines-gyvunu-deliones.jpg","type":"image\/jpeg"}],"twitter_card":"summary_large_image","schema":{"@context":"https:\/\/schema.org","@graph":[{"@type":"WebPage","@id":"https:\/\/kidsplay.lt\/produktas\/viga-edukacines-medines-gyvunu-deliones\/","url":"https:\/\/kidsplay.lt\/produktas\/viga-edukacines-medines-gyvunu-deliones\/","name":"VIGA izgl\u012btojo\u0161as koka dz\u012bvnieku puzles","isPartOf":{"@id":"https:\/\/kidsplay.lt\/#website"},"primaryImageOfPage":{"@id":"https:\/\/kidsplay.lt\/produktas\/viga-edukacines-medines-gyvunu-deliones\/#primaryimage"},"image":{"@id":"https:\/\/kidsplay.lt\/produktas\/viga-edukacines-medines-gyvunu-deliones\/#primaryimage"},"thumbnailUrl":"https:\/\/kidsplay.lt\/wp-content\/uploads\/2026\/04\/VIGA-edukacines-medines-gyvunu-deliones.jpg","datePublished":"2026-04-04T04:58:01+00:00","dateModified":"2026-04-13T10:44:29+00:00","description":"VIGA edukacin\u0117s medin\u0117s gyv\u016bn\u0173 d\u0117lion\u0117s - KidsPlay. Did\u017eiausias vaik\u0173 \u017eaisl\u0173 pasirinkimas.","breadcrumb":{"@id":"https:\/\/kidsplay.lt\/produktas\/viga-edukacines-medines-gyvunu-deliones\/#breadcrumb"},"inLanguage":"lv-LV","potentialAction":[{"@type":"ReadAction","target":["https:\/\/kidsplay.lt\/produktas\/viga-edukacines-medines-gyvunu-deliones\/"]}]},{"@type":"ImageObject","inLanguage":"lv-LV","@id":"https:\/\/kidsplay.lt\/produktas\/viga-edukacines-medines-gyvunu-deliones\/#primaryimage","url":"https:\/\/kidsplay.lt\/wp-content\/uploads\/2026\/04\/VIGA-edukacines-medines-gyvunu-deliones.jpg","contentUrl":"https:\/\/kidsplay.lt\/wp-content\/uploads\/2026\/04\/VIGA-edukacines-medines-gyvunu-deliones.jpg","width":1200,"height":1200,"caption":"VIGA edukacin\u0117s medin\u0117s gyv\u016bn\u0173 d\u0117lion\u0117s"},{"@type":"BreadcrumbList","@id":"https:\/\/kidsplay.lt\/produktas\/viga-edukacines-medines-gyvunu-deliones\/#breadcrumb","itemListElement":[{"@type":"ListItem","position":1,"name":"Pagrindinis","item":"https:\/\/kidsplay.lt\/"},{"@type":"ListItem","position":2,"name":"Parduotuv\u0117","item":"https:\/\/kidsplay.lt\/parduotuve\/"},{"@type":"ListItem","position":3,"name":"VIGA edukacin\u0117s medin\u0117s gyv\u016bn\u0173 d\u0117lion\u0117s"}]},{"@type":"WebSite","@id":"https:\/\/kidsplay.lt\/#website","url":"https:\/\/kidsplay.lt\/","name":"B\u0113rnu sp\u0113les.lv","description":"\u012evairios prek\u0117s vaikams","publisher":{"@id":"https:\/\/kidsplay.lt\/#organization"},"alternateName":"Kidsplay","potentialAction":[{"@type":"SearchAction","target":{"@type":"EntryPoint","urlTemplate":"https:\/\/kidsplay.lt\/?s={search_term_string}"},"query-input":{"@type":"PropertyValueSpecification","valueRequired":true,"valueName":"search_term_string"}}],"inLanguage":"lv-LV"},{"@type":"Organization","@id":"https:\/\/kidsplay.lt\/#organization","name":"B\u0113rnu sp\u0113le","url":"https:\/\/kidsplay.lt\/","logo":{"@type":"ImageObject","inLanguage":"lv-LV","@id":"https:\/\/kidsplay.lt\/#\/schema\/logo\/image\/","url":"https:\/\/kidsplay.lt\/wp-content\/uploads\/2023\/07\/kidsplay-logo.png","contentUrl":"https:\/\/kidsplay.lt\/wp-content\/uploads\/2023\/07\/kidsplay-logo.png","width":451,"height":98,"caption":"KidsPlay"},"image":{"@id":"https:\/\/kidsplay.lt\/#\/schema\/logo\/image\/"},"sameAs":["https:\/\/www.facebook.com\/www.kidsplay.lt"]}]}},"_links":{"self":[{"href":"https:\/\/kidsplay.lt\/lv\/wp-json\/wp\/v2\/product\/99450","targetHints":{"allow":["GET"]}}],"collection":[{"href":"https:\/\/kidsplay.lt\/lv\/wp-json\/wp\/v2\/product"}],"about":[{"href":"https:\/\/kidsplay.lt\/lv\/wp-json\/wp\/v2\/types\/product"}],"version-history":[{"count":1,"href":"https:\/\/kidsplay.lt\/lv\/wp-json\/wp\/v2\/product\/99450\/revisions"}],"predecessor-version":[{"id":99451,"href":"https:\/\/kidsplay.lt\/lv\/wp-json\/wp\/v2\/product\/99450\/revisions\/99451"}],"wp:featuredmedia":[{"embeddable":true,"href":"https:\/\/kidsplay.lt\/lv\/wp-json\/wp\/v2\/media\/99452"}],"wp:attachment":[{"href":"https:\/\/kidsplay.lt\/lv\/wp-json\/wp\/v2\/media?parent=99450"}],"wp:term":[{"taxonomy":"product_brand","embeddable":true,"href":"https:\/\/kidsplay.lt\/lv\/wp-json\/wp\/v2\/product_brand?post=99450"},{"taxonomy":"product_cat","embeddable":true,"href":"https:\/\/kidsplay.lt\/lv\/wp-json\/wp\/v2\/product_cat?post=99450"},{"taxonomy":"product_tag","embeddable":true,"href":"https:\/\/kidsplay.lt\/lv\/wp-json\/wp\/v2\/product_tag?post=99450"}],"curies":[{"name":"wp","href":"https:\/\/api.w.org\/{rel}","templated":true}]}}