{"id":99463,"date":"2026-04-04T07:58:37","date_gmt":"2026-04-04T04:58:37","guid":{"rendered":"https:\/\/kidsplay.lt\/produktas\/viga-verzles-ir-varztai-igudziu-zaidimas\/"},"modified":"2026-04-13T13:44:36","modified_gmt":"2026-04-13T10:44:36","slug":"viga-verzles-ir-varztai-igudziu-zaidimas","status":"publish","type":"product","link":"https:\/\/kidsplay.lt\/lv\/products\/viga-verzles-ir-varztai-igudziu-zaidimas\/","title":{"rendered":"VIGA \u201eVer\u017el\u0117s ir var\u017etai\u201c \u2013 \u012fg\u016bd\u017ei\u0173 \u017eaidimas"},"content":{"rendered":"<p>\u201eVer\u017el\u0117s ir var\u017etai\u201c yra VIGA \u017eaislas, lavinantis smulki\u0105j\u0105 motorik\u0105, kuriame vaikai ver\u017eia ir atsuka spalvingas formas. \u017daidimas suteikia daug smagumo, leid\u017eia mai\u0161yti ir derinti detales, o tuo pa\u010diu moko skai\u010diavimo, spalv\u0173 ir form\u0173 atpa\u017einimo. Var\u017et\u0173 ver\u017eimas ir atsukimas gerina rank\u0173 \u012fg\u016bd\u017eius bei aki\u0173 ir rank\u0173 koordinacij\u0105. Rinkin\u012f sudaro 40 detali\u0173 \u2013 20 ver\u017eli\u0173 ir var\u017et\u0173 por\u0173 penki\u0173 ry\u0161ki\u0173 spalv\u0173 ir form\u0173, taip pat medvilninis mai\u0161elis patogiam laikymui.<br \/>\nRaksturojums:<\/p>\n<p>Skirta vaikams nuo 18 m\u0117nesi\u0173<\/p>\n<p>Rinkinyje yra 20 ver\u017eli\u0173 ir var\u017et\u0173 por\u0173<\/p>\n<p>Medvilninis laikymo mai\u0161elis<\/p>","protected":false},"excerpt":{"rendered":"<p>\u201eVer\u017el\u0117s ir var\u017etai\u201c yra VIGA \u017eaislas, lavinantis smulki\u0105j\u0105 motorik\u0105, kuriame vaikai ver\u017eia ir atsuka spalvingas formas. \u017daidimas suteikia daug smagumo,<\/p>","protected":false},"featured_media":99465,"template":"","meta":{"_acf_changed":false,"_glsr_average":0,"_glsr_ranking":0,"_glsr_reviews":0},"product_brand":[],"product_cat":[884,883],"product_tag":[],"class_list":{"0":"post-99463","1":"product","2":"type-product","3":"status-publish","4":"has-post-thumbnail","6":"product_cat-edukaciniai-lavinamieji-mediniai-zaislai","7":"product_cat-mediniai-zaislai-2","8":"\"style=\"background-color: #2ecc711c;\"","10":"first","11":"instock","12":"purchasable","13":"product-type-simple"},"acf":[],"yoast_head":"<!-- This site is optimized with the Yoast SEO plugin v27.4 - https:\/\/yoast.com\/product\/yoast-seo-wordpress\/ -->\n<title>VIGA \u201eVer\u017el\u0117s ir var\u017etai\u201c \u2013 \u012fg\u016bd\u017ei\u0173 \u017eaidimas<\/title>\n<meta name=\"description\" content=\"VIGA \u201eVer\u017el\u0117s ir var\u017etai\u201c \u2013 \u012fg\u016bd\u017ei\u0173 \u017eaidimas - KidsPlay. Did\u017eiausias vaik\u0173 \u017eaisl\u0173 pasirinkimas.\" \/>\n<meta name=\"robots\" content=\"index, follow, max-snippet:-1, max-image-preview:large, max-video-preview:-1\" \/>\n<link rel=\"canonical\" href=\"https:\/\/kidsplay.lt\/lv\/products\/viga-verzles-ir-varztai-igudziu-zaidimas\/\" \/>\n<meta property=\"og:locale\" content=\"lv_LV\" \/>\n<meta property=\"og:type\" content=\"article\" \/>\n<meta property=\"og:title\" content=\"VIGA \u201eVer\u017el\u0117s ir var\u017etai\u201c \u2013 \u012fg\u016bd\u017ei\u0173 \u017eaidimas\" \/>\n<meta property=\"og:description\" content=\"VIGA \u201eVer\u017el\u0117s ir var\u017etai\u201c \u2013 \u012fg\u016bd\u017ei\u0173 \u017eaidimas - KidsPlay. Did\u017eiausias vaik\u0173 \u017eaisl\u0173 pasirinkimas.\" \/>\n<meta property=\"og:url\" content=\"https:\/\/kidsplay.lt\/lv\/products\/viga-verzles-ir-varztai-igudziu-zaidimas\/\" \/>\n<meta property=\"og:site_name\" content=\"KidsPlay\" \/>\n<meta property=\"article:publisher\" content=\"https:\/\/www.facebook.com\/www.kidsplay.lt\" \/>\n<meta property=\"article:modified_time\" content=\"2026-04-13T10:44:36+00:00\" \/>\n<meta property=\"og:image\" content=\"https:\/\/kidsplay.lt\/wp-content\/uploads\/2026\/04\/VIGA-\u201eVerzles-ir-varztai-\u2013-igudziu-zaidimas-800x800.png\" \/>\n\t<meta property=\"og:image:width\" content=\"800\" \/>\n\t<meta property=\"og:image:height\" content=\"800\" \/>\n\t<meta property=\"og:image:type\" content=\"image\/png\" \/>\n<meta name=\"twitter:card\" content=\"summary_large_image\" \/>\n<meta name=\"twitter:label1\" content=\"Est. reading time\" \/>\n\t<meta name=\"twitter:data1\" content=\"1 min\u016bte\" \/>\n<script type=\"application\/ld+json\" class=\"yoast-schema-graph\">{\"@context\":\"https:\\\/\\\/schema.org\",\"@graph\":[{\"@type\":\"WebPage\",\"@id\":\"https:\\\/\\\/kidsplay.lt\\\/produktas\\\/viga-verzles-ir-varztai-igudziu-zaidimas\\\/\",\"url\":\"https:\\\/\\\/kidsplay.lt\\\/produktas\\\/viga-verzles-ir-varztai-igudziu-zaidimas\\\/\",\"name\":\"VIGA \u201eVer\u017el\u0117s ir var\u017etai\u201c \u2013 \u012fg\u016bd\u017ei\u0173 \u017eaidimas\",\"isPartOf\":{\"@id\":\"https:\\\/\\\/kidsplay.lt\\\/#website\"},\"primaryImageOfPage\":{\"@id\":\"https:\\\/\\\/kidsplay.lt\\\/produktas\\\/viga-verzles-ir-varztai-igudziu-zaidimas\\\/#primaryimage\"},\"image\":{\"@id\":\"https:\\\/\\\/kidsplay.lt\\\/produktas\\\/viga-verzles-ir-varztai-igudziu-zaidimas\\\/#primaryimage\"},\"thumbnailUrl\":\"https:\\\/\\\/kidsplay.lt\\\/wp-content\\\/uploads\\\/2026\\\/04\\\/VIGA-\u201eVerzles-ir-varztai-\u2013-igudziu-zaidimas.png\",\"datePublished\":\"2026-04-04T04:58:37+00:00\",\"dateModified\":\"2026-04-13T10:44:36+00:00\",\"description\":\"VIGA \u201eVer\u017el\u0117s ir var\u017etai\u201c \u2013 \u012fg\u016bd\u017ei\u0173 \u017eaidimas - KidsPlay. Did\u017eiausias vaik\u0173 \u017eaisl\u0173 pasirinkimas.\",\"breadcrumb\":{\"@id\":\"https:\\\/\\\/kidsplay.lt\\\/produktas\\\/viga-verzles-ir-varztai-igudziu-zaidimas\\\/#breadcrumb\"},\"inLanguage\":\"lv-LV\",\"potentialAction\":[{\"@type\":\"ReadAction\",\"target\":[\"https:\\\/\\\/kidsplay.lt\\\/produktas\\\/viga-verzles-ir-varztai-igudziu-zaidimas\\\/\"]}]},{\"@type\":\"ImageObject\",\"inLanguage\":\"lv-LV\",\"@id\":\"https:\\\/\\\/kidsplay.lt\\\/produktas\\\/viga-verzles-ir-varztai-igudziu-zaidimas\\\/#primaryimage\",\"url\":\"https:\\\/\\\/kidsplay.lt\\\/wp-content\\\/uploads\\\/2026\\\/04\\\/VIGA-\u201eVerzles-ir-varztai-\u2013-igudziu-zaidimas.png\",\"contentUrl\":\"https:\\\/\\\/kidsplay.lt\\\/wp-content\\\/uploads\\\/2026\\\/04\\\/VIGA-\u201eVerzles-ir-varztai-\u2013-igudziu-zaidimas.png\",\"width\":2560,\"height\":2560,\"caption\":\"VIGA \u201eVer\u017el\u0117s ir var\u017etai\u201c \u2013 \u012fg\u016bd\u017ei\u0173 \u017eaidimas\"},{\"@type\":\"BreadcrumbList\",\"@id\":\"https:\\\/\\\/kidsplay.lt\\\/produktas\\\/viga-verzles-ir-varztai-igudziu-zaidimas\\\/#breadcrumb\",\"itemListElement\":[{\"@type\":\"ListItem\",\"position\":1,\"name\":\"Pagrindinis\",\"item\":\"https:\\\/\\\/kidsplay.lt\\\/\"},{\"@type\":\"ListItem\",\"position\":2,\"name\":\"Parduotuv\u0117\",\"item\":\"https:\\\/\\\/kidsplay.lt\\\/parduotuve\\\/\"},{\"@type\":\"ListItem\",\"position\":3,\"name\":\"VIGA \u201eVer\u017el\u0117s ir var\u017etai\u201c \u2013 \u012fg\u016bd\u017ei\u0173 \u017eaidimas\"}]},{\"@type\":\"WebSite\",\"@id\":\"https:\\\/\\\/kidsplay.lt\\\/#website\",\"url\":\"https:\\\/\\\/kidsplay.lt\\\/\",\"name\":\"Kidsplay.lt\",\"description\":\"\u012evairios prek\u0117s vaikams\",\"publisher\":{\"@id\":\"https:\\\/\\\/kidsplay.lt\\\/#organization\"},\"alternateName\":\"Kidsplay\",\"potentialAction\":[{\"@type\":\"SearchAction\",\"target\":{\"@type\":\"EntryPoint\",\"urlTemplate\":\"https:\\\/\\\/kidsplay.lt\\\/?s={search_term_string}\"},\"query-input\":{\"@type\":\"PropertyValueSpecification\",\"valueRequired\":true,\"valueName\":\"search_term_string\"}}],\"inLanguage\":\"lv-LV\"},{\"@type\":\"Organization\",\"@id\":\"https:\\\/\\\/kidsplay.lt\\\/#organization\",\"name\":\"KidsPlay\",\"url\":\"https:\\\/\\\/kidsplay.lt\\\/\",\"logo\":{\"@type\":\"ImageObject\",\"inLanguage\":\"lv-LV\",\"@id\":\"https:\\\/\\\/kidsplay.lt\\\/#\\\/schema\\\/logo\\\/image\\\/\",\"url\":\"https:\\\/\\\/kidsplay.lt\\\/wp-content\\\/uploads\\\/2023\\\/07\\\/kidsplay-logo.png\",\"contentUrl\":\"https:\\\/\\\/kidsplay.lt\\\/wp-content\\\/uploads\\\/2023\\\/07\\\/kidsplay-logo.png\",\"width\":451,\"height\":98,\"caption\":\"KidsPlay\"},\"image\":{\"@id\":\"https:\\\/\\\/kidsplay.lt\\\/#\\\/schema\\\/logo\\\/image\\\/\"},\"sameAs\":[\"https:\\\/\\\/www.facebook.com\\\/www.kidsplay.lt\"]}]}<\/script>\n<!-- \/ Yoast SEO plugin. -->","yoast_head_json":{"title":"VIGA \u201eVer\u017el\u0117s ir var\u017etai\u201c \u2013 \u012fg\u016bd\u017ei\u0173 \u017eaidimas","description":"VIGA \u201eVer\u017el\u0117s ir var\u017etai\u201c \u2013 \u012fg\u016bd\u017ei\u0173 \u017eaidimas - KidsPlay. Did\u017eiausias vaik\u0173 \u017eaisl\u0173 pasirinkimas.","robots":{"index":"index","follow":"follow","max-snippet":"max-snippet:-1","max-image-preview":"max-image-preview:large","max-video-preview":"max-video-preview:-1"},"canonical":"https:\/\/kidsplay.lt\/lv\/products\/viga-verzles-ir-varztai-igudziu-zaidimas\/","og_locale":"lv_LV","og_type":"article","og_title":"VIGA \u201eVer\u017el\u0117s ir var\u017etai\u201c \u2013 \u012fg\u016bd\u017ei\u0173 \u017eaidimas","og_description":"VIGA \u201eVer\u017el\u0117s ir var\u017etai\u201c \u2013 \u012fg\u016bd\u017ei\u0173 \u017eaidimas - KidsPlay. Did\u017eiausias vaik\u0173 \u017eaisl\u0173 pasirinkimas.","og_url":"https:\/\/kidsplay.lt\/lv\/products\/viga-verzles-ir-varztai-igudziu-zaidimas\/","og_site_name":"KidsPlay","article_publisher":"https:\/\/www.facebook.com\/www.kidsplay.lt","article_modified_time":"2026-04-13T10:44:36+00:00","og_image":[{"width":800,"height":800,"url":"https:\/\/kidsplay.lt\/wp-content\/uploads\/2026\/04\/VIGA-\u201eVerzles-ir-varztai-\u2013-igudziu-zaidimas-800x800.png","type":"image\/png"}],"twitter_card":"summary_large_image","twitter_misc":{"Est. reading time":"1 min\u016bte"},"schema":{"@context":"https:\/\/schema.org","@graph":[{"@type":"WebPage","@id":"https:\/\/kidsplay.lt\/produktas\/viga-verzles-ir-varztai-igudziu-zaidimas\/","url":"https:\/\/kidsplay.lt\/produktas\/viga-verzles-ir-varztai-igudziu-zaidimas\/","name":"VIGA \u201eVer\u017el\u0117s ir var\u017etai\u201c \u2013 \u012fg\u016bd\u017ei\u0173 \u017eaidimas","isPartOf":{"@id":"https:\/\/kidsplay.lt\/#website"},"primaryImageOfPage":{"@id":"https:\/\/kidsplay.lt\/produktas\/viga-verzles-ir-varztai-igudziu-zaidimas\/#primaryimage"},"image":{"@id":"https:\/\/kidsplay.lt\/produktas\/viga-verzles-ir-varztai-igudziu-zaidimas\/#primaryimage"},"thumbnailUrl":"https:\/\/kidsplay.lt\/wp-content\/uploads\/2026\/04\/VIGA-\u201eVerzles-ir-varztai-\u2013-igudziu-zaidimas.png","datePublished":"2026-04-04T04:58:37+00:00","dateModified":"2026-04-13T10:44:36+00:00","description":"VIGA \u201eVer\u017el\u0117s ir var\u017etai\u201c \u2013 \u012fg\u016bd\u017ei\u0173 \u017eaidimas - KidsPlay. Did\u017eiausias vaik\u0173 \u017eaisl\u0173 pasirinkimas.","breadcrumb":{"@id":"https:\/\/kidsplay.lt\/produktas\/viga-verzles-ir-varztai-igudziu-zaidimas\/#breadcrumb"},"inLanguage":"lv-LV","potentialAction":[{"@type":"ReadAction","target":["https:\/\/kidsplay.lt\/produktas\/viga-verzles-ir-varztai-igudziu-zaidimas\/"]}]},{"@type":"ImageObject","inLanguage":"lv-LV","@id":"https:\/\/kidsplay.lt\/produktas\/viga-verzles-ir-varztai-igudziu-zaidimas\/#primaryimage","url":"https:\/\/kidsplay.lt\/wp-content\/uploads\/2026\/04\/VIGA-\u201eVerzles-ir-varztai-\u2013-igudziu-zaidimas.png","contentUrl":"https:\/\/kidsplay.lt\/wp-content\/uploads\/2026\/04\/VIGA-\u201eVerzles-ir-varztai-\u2013-igudziu-zaidimas.png","width":2560,"height":2560,"caption":"VIGA \u201eVer\u017el\u0117s ir var\u017etai\u201c \u2013 \u012fg\u016bd\u017ei\u0173 \u017eaidimas"},{"@type":"BreadcrumbList","@id":"https:\/\/kidsplay.lt\/produktas\/viga-verzles-ir-varztai-igudziu-zaidimas\/#breadcrumb","itemListElement":[{"@type":"ListItem","position":1,"name":"Pagrindinis","item":"https:\/\/kidsplay.lt\/"},{"@type":"ListItem","position":2,"name":"Parduotuv\u0117","item":"https:\/\/kidsplay.lt\/parduotuve\/"},{"@type":"ListItem","position":3,"name":"VIGA \u201eVer\u017el\u0117s ir var\u017etai\u201c \u2013 \u012fg\u016bd\u017ei\u0173 \u017eaidimas"}]},{"@type":"WebSite","@id":"https:\/\/kidsplay.lt\/#website","url":"https:\/\/kidsplay.lt\/","name":"B\u0113rnu sp\u0113les.lv","description":"\u012evairios prek\u0117s vaikams","publisher":{"@id":"https:\/\/kidsplay.lt\/#organization"},"alternateName":"Kidsplay","potentialAction":[{"@type":"SearchAction","target":{"@type":"EntryPoint","urlTemplate":"https:\/\/kidsplay.lt\/?s={search_term_string}"},"query-input":{"@type":"PropertyValueSpecification","valueRequired":true,"valueName":"search_term_string"}}],"inLanguage":"lv-LV"},{"@type":"Organization","@id":"https:\/\/kidsplay.lt\/#organization","name":"B\u0113rnu sp\u0113le","url":"https:\/\/kidsplay.lt\/","logo":{"@type":"ImageObject","inLanguage":"lv-LV","@id":"https:\/\/kidsplay.lt\/#\/schema\/logo\/image\/","url":"https:\/\/kidsplay.lt\/wp-content\/uploads\/2023\/07\/kidsplay-logo.png","contentUrl":"https:\/\/kidsplay.lt\/wp-content\/uploads\/2023\/07\/kidsplay-logo.png","width":451,"height":98,"caption":"KidsPlay"},"image":{"@id":"https:\/\/kidsplay.lt\/#\/schema\/logo\/image\/"},"sameAs":["https:\/\/www.facebook.com\/www.kidsplay.lt"]}]}},"_links":{"self":[{"href":"https:\/\/kidsplay.lt\/lv\/wp-json\/wp\/v2\/product\/99463","targetHints":{"allow":["GET"]}}],"collection":[{"href":"https:\/\/kidsplay.lt\/lv\/wp-json\/wp\/v2\/product"}],"about":[{"href":"https:\/\/kidsplay.lt\/lv\/wp-json\/wp\/v2\/types\/product"}],"version-history":[{"count":1,"href":"https:\/\/kidsplay.lt\/lv\/wp-json\/wp\/v2\/product\/99463\/revisions"}],"predecessor-version":[{"id":99464,"href":"https:\/\/kidsplay.lt\/lv\/wp-json\/wp\/v2\/product\/99463\/revisions\/99464"}],"wp:featuredmedia":[{"embeddable":true,"href":"https:\/\/kidsplay.lt\/lv\/wp-json\/wp\/v2\/media\/99465"}],"wp:attachment":[{"href":"https:\/\/kidsplay.lt\/lv\/wp-json\/wp\/v2\/media?parent=99463"}],"wp:term":[{"taxonomy":"product_brand","embeddable":true,"href":"https:\/\/kidsplay.lt\/lv\/wp-json\/wp\/v2\/product_brand?post=99463"},{"taxonomy":"product_cat","embeddable":true,"href":"https:\/\/kidsplay.lt\/lv\/wp-json\/wp\/v2\/product_cat?post=99463"},{"taxonomy":"product_tag","embeddable":true,"href":"https:\/\/kidsplay.lt\/lv\/wp-json\/wp\/v2\/product_tag?post=99463"}],"curies":[{"name":"wp","href":"https:\/\/api.w.org\/{rel}","templated":true}]}}